{"id":604,"date":"2025-01-25T15:15:13","date_gmt":"2025-01-25T18:15:13","guid":{"rendered":"https:\/\/bibliapresente.com\/postagens\/?page_id=604"},"modified":"2025-01-26T21:34:54","modified_gmt":"2025-01-27T00:34:54","slug":"exodo-9","status":"publish","type":"page","link":"https:\/\/bibliapresente.com\/postagens\/livros-da-biblia\/exodo\/exodo-9\/","title":{"rendered":"\u00caxodo 9 &#8211; Pragas: Peste, \u00dalceras, Granizo"},"content":{"rendered":"\n<h3 class=\"wp-block-heading\">A praga da peste nos animais<\/h3>\n\n\n\n<p class=\"has-medium-font-size\" style=\"letter-spacing:1px\"><span><span><sup><b>1<\/b><\/sup><\/span> Ent\u00e3o o SENHOR disse a Mois\u00e9s: Entra a Fara\u00f3, e dize-lhe: o SENHOR, o Deus dos hebreus, diz assim: Deixa ir a meu povo, para que me sirvam; <br><span><sup><b>2<\/b><\/sup><\/span> Porque se n\u00e3o o queres deixar ir, e os detiverdes ainda, <br><span><sup><b>3<\/b><\/sup><\/span> Eis que a m\u00e3o do SENHOR ser\u00e1 sobre teus gados que est\u00e3o no campo, cavalos, asnos, camelos, vacas e ovelhas, com pestil\u00eancia grav\u00edssima: <br><span><sup><b>4<\/b><\/sup><\/span> E o SENHOR far\u00e1 separa\u00e7\u00e3o entre os gados de Israel e os do Egito, de modo que nada morra de todo o dos filhos de Israel. <br><span><sup><b>5<\/b><\/sup><\/span> E o SENHOR assinalou tempo, dizendo: Amanh\u00e3 far\u00e1 o SENHOR esta coisa na terra. <br><span><sup><b>6<\/b><\/sup><\/span> E o dia seguinte o SENHOR fez aquilo, e morreu todo o gado do Egito; mas do gado dos filhos de Israel n\u00e3o morreu um. <br><span><sup><b>7<\/b><\/sup><\/span> Ent\u00e3o Fara\u00f3 enviou, e eis que do gado dos filhos de Israel n\u00e3o havia um morto sequer. Mas o cora\u00e7\u00e3o de Fara\u00f3 se agravou, e n\u00e3o deixou ir ao povo. <br><span><sup><b>8<\/b><\/sup><\/span> E o SENHOR disse a Mois\u00e9s e a Ar\u00e3o: Tomai punhados de cinza de um forno, e espalha-a Mois\u00e9s at\u00e9 o c\u00e9u diante de Fara\u00f3: <br><span><sup><b>9<\/b><\/sup><\/span> E vir\u00e1 a ser p\u00f3 sobre toda a terra do Egito, o qual originar\u00e1 sarna que cause feridas com ulcera\u00e7\u00f5es nos homens e nos animais, por todo o pa\u00eds do Egito. <br><span><sup><b>10<\/b><\/sup><\/span> E tomaram a cinza do forno, e puseram-se diante de Fara\u00f3, e espalhou-a Mois\u00e9s at\u00e9 o c\u00e9u; e veio uma sarna que causava feridas com ulcera\u00e7\u00f5es tanto nos homens como nos animais. <br><span><sup><b>11<\/b><\/sup><\/span> E os magos n\u00e3o podiam estar diante de Mois\u00e9s por causa das feridas, porque houve sarna nos magos e em todos os eg\u00edpcios. <br><span><sup><b>12<\/b><\/sup><\/span> E o SENHOR endureceu o cora\u00e7\u00e3o de Fara\u00f3, e n\u00e3o os ouviu; como o SENHOR o disse a Mois\u00e9s. <\/span><\/p>\n\n\n\n<h3 class=\"wp-block-heading\">As amea\u00e7as de Deus<\/h3>\n\n\n\n<p class=\"has-medium-font-size\" style=\"letter-spacing:1px\"><span><span><sup><b>13<\/b><\/sup><\/span> Ent\u00e3o o SENHOR disse a Mois\u00e9s: Levanta-te de manh\u00e3, e p\u00f5e-te diante de Fara\u00f3, e dize-lhe: o SENHOR, o Deus dos hebreus, disse assim: Deixa ir a meu povo, para que me sirva. <br><span><sup><b>14<\/b><\/sup><\/span> Porque eu enviarei esta vez todas minhas pragas a teu cora\u00e7\u00e3o, sobre teus servos, e sobre teu povo, para que entendas que n\u00e3o h\u00e1 outro como eu em toda a terra. <br><span><sup><b>15<\/b><\/sup><\/span> Porque agora eu estenderei minha m\u00e3o para ferir a ti e a teu povo de pestil\u00eancia, e ser\u00e1s tirado da terra. <br><span><sup><b>16<\/b><\/sup><\/span> E \u00e0 verdade eu te pus para declarar em ti meu poder, e que meu Nome seja contado em toda a terra. <br><span><sup><b>17<\/b><\/sup><\/span> Todavia te exaltas tu contra meu povo, para n\u00e3o deix\u00e1-los ir? <br><span><sup><b>18<\/b><\/sup><\/span> Eis que amanh\u00e3 a estas horas eu farei chover granizo muito grave, qual nunca foi em Egito, desde o dia que se fundou at\u00e9 agora. <br><span><sup><b>19<\/b><\/sup><\/span> Envia, pois, a recolher teu gado, e tudo o que tens no campo; porque todo homem ou animal que se achar no campo, e n\u00e3o for recolhido a casa, o granizo descer\u00e1 sobre ele, e morrer\u00e1. <br><span><sup><b>20<\/b><\/sup><\/span> Dos servos de Fara\u00f3 o que temeu a palavra do SENHOR, fez fugir seus criados e seu gado a casa: <br><span><sup><b>21<\/b><\/sup><\/span> Mas o que n\u00e3o p\u00f4s em seu cora\u00e7\u00e3o a palavra do SENHOR, deixou seus criados e seus gados no campo. <\/span><\/p>\n\n\n\n<h3 class=\"wp-block-heading\">A praga do granizo<\/h3>\n\n\n\n<p class=\"has-medium-font-size\" style=\"letter-spacing:1px\"><span><span><sup><b>22<\/b><\/sup><\/span> E o SENHOR disse a Mois\u00e9s: Estende tua m\u00e3o at\u00e9 o c\u00e9u, para que venha granizo em toda a terra do Egito sobre os homens, e sobre os animais, e sobre toda a erva do campo no pa\u00eds do Egito. <br><span><sup><b>23<\/b><\/sup><\/span> E Mois\u00e9s estendeu sua vara at\u00e9 o c\u00e9u, e o SENHOR fez trovejar e cair granizo, e o fogo corria pela terra; e choveu o SENHOR granizo sobre a terra do Egito. <br><span><sup><b>24<\/b><\/sup><\/span> Houve, pois, granizo, e fogo misturado com o granizo, t\u00e3o grande, qual nunca houve em toda a terra do Egito desde que foi habitada. <br><span><sup><b>25<\/b><\/sup><\/span> E aquele granizo feriu em toda a terra do Egito todo o que estava no campo, tanto homens como animais; tamb\u00e9m feriu o granizo toda a erva do campo, e quebrou os galhos de todas as \u00e1rvores do pa\u00eds. <br><span><sup><b>26<\/b><\/sup><\/span> Somente na terra de G\u00f3sen, onde os filhos de Israel estavam, n\u00e3o houve granizo. <br><span><sup><b>27<\/b><\/sup><\/span> Ent\u00e3o Fara\u00f3 mandou chamar a Mois\u00e9s e a Ar\u00e3o, e lhes disse: Pequei esta vez: o SENHOR \u00e9 justo, e eu e meu povo \u00edmpios. <br><span><sup><b>28<\/b><\/sup><\/span> Orai ao SENHOR: e cessem os trov\u00f5es de Deus e o granizo; e eu vos deixarei ir, e n\u00e3o vos detereis mais. <br><span><sup><b>29<\/b><\/sup><\/span> E respondeu-lhe Mois\u00e9s: Em saindo eu da cidade estenderei minhas m\u00e3os ao SENHOR, e os trov\u00f5es cessar\u00e3o, e n\u00e3o haver\u00e1 mais granizo; para que saibas que do SENHOR \u00e9 a terra. <br><span><sup><b>30<\/b><\/sup><\/span> Mas eu sei que nem tu nem teus servos temereis todavia a presen\u00e7a do Deus o SENHOR. <br><span><sup><b>31<\/b><\/sup><\/span> O linho, pois, e a cevada foram feridos; porque a cevada estava j\u00e1 espigada, e o linho em flor. <br><span><sup><b>32<\/b><\/sup><\/span> Mas o trigo e o centeio n\u00e3o foram feridos; porque eram tardios. <br><span><sup><b>33<\/b><\/sup><\/span> E sa\u00eddo Mois\u00e9s da presen\u00e7a de Fara\u00f3 da cidade, estendeu suas m\u00e3os ao SENHOR, e cessaram os trov\u00f5es e o granizo; e a chuva n\u00e3o caiu mais sobre a terra. <br><span><sup><b>34<\/b><\/sup><\/span> E vendo Fara\u00f3 que a chuva havia cessado e o granizo e os trov\u00f5es, perseverou em pecar, e agravou seu cora\u00e7\u00e3o, ele e seus servos. <br><span><sup><b>35<\/b><\/sup><\/span> E o cora\u00e7\u00e3o de Fara\u00f3 se endureceu, e n\u00e3o deixou ir aos filhos de Israel; como o SENHOR o havia dito por meio de Mois\u00e9s.<\/span><\/p>\n\n\n\n<div class=\"wp-block-columns is-layout-flex wp-container-core-columns-is-layout-9d6595d7 wp-block-columns-is-layout-flex\">\n<div class=\"wp-block-column is-layout-flow wp-block-column-is-layout-flow\">\n<p><a href=\"\/exodo-8\">\u00caxodo 8<\/a><\/p>\n<\/div>\n\n\n\n<div class=\"wp-block-column is-layout-flow wp-block-column-is-layout-flow\">\n<p class=\"has-text-align-right\"><a href=\"\/exodo-10\">\u00caxodo 10<\/a><\/p>\n<\/div>\n<\/div>\n\n\n\n<h2 class=\"wp-block-heading\">Descri\u00e7\u00e3o &#8211; \u00caxodo 9<\/h2>\n\n\n\n<p class=\"has-medium-font-size\">\u00caxodo 9 apresenta as pragas do gado morto, das feridas e da chuva de pedras, intensificando o julgamento de Deus sobre o Egito. O gado dos eg\u00edpcios morre, mas o dos israelitas permanece intacto, demonstrando a prote\u00e7\u00e3o divina. Depois, \u00falceras atingem pessoas e animais, deixando o Egito em sofrimento. Finalmente, uma devastadora chuva de pedras destr\u00f3i planta\u00e7\u00f5es e mata aqueles que n\u00e3o buscaram abrigo. Apesar dos avisos e da magnitude das pragas, o fara\u00f3 continua endurecendo o cora\u00e7\u00e3o. Este cap\u00edtulo refor\u00e7a o poder soberano de Deus e avan\u00e7a a narrativa rumo \u00e0 liberta\u00e7\u00e3o de Israel, destacando a justi\u00e7a divina contra a opress\u00e3o.<\/p>\n\n\n\n<h3 class=\"wp-block-heading\">Livro do \u00caxodo:<\/h3>\n\n\n<ul class=\"wp-block-page-list\"><li class=\"wp-block-pages-list__item\"><a class=\"wp-block-pages-list__item__link\" href=\"https:\/\/bibliapresente.com\/postagens\/livros-da-biblia\/exodo\/exodo-1\/\">\u00caxodo 1 &#8211; O Nascimento de Mois\u00e9s<\/a><\/li><li class=\"wp-block-pages-list__item\"><a class=\"wp-block-pages-list__item__link\" href=\"https:\/\/bibliapresente.com\/postagens\/livros-da-biblia\/exodo\/exodo-2\/\">\u00caxodo 2 &#8211; Mois\u00e9s no Pal\u00e1cio do Fara\u00f3<\/a><\/li><li class=\"wp-block-pages-list__item\"><a class=\"wp-block-pages-list__item__link\" href=\"https:\/\/bibliapresente.com\/postagens\/livros-da-biblia\/exodo\/exodo-3\/\">\u00caxodo 3 &#8211; O Chamado de Mois\u00e9s<\/a><\/li><li class=\"wp-block-pages-list__item\"><a class=\"wp-block-pages-list__item__link\" href=\"https:\/\/bibliapresente.com\/postagens\/livros-da-biblia\/exodo\/exodo-4\/\">\u00caxodo 4 &#8211; Deus D\u00e1 Sinais a Mois\u00e9s<\/a><\/li><li class=\"wp-block-pages-list__item\"><a class=\"wp-block-pages-list__item__link\" href=\"https:\/\/bibliapresente.com\/postagens\/livros-da-biblia\/exodo\/exodo-5\/\">\u00caxodo 5 &#8211; Mois\u00e9s e Ar\u00e3o Conrontam Fara\u00f3<\/a><\/li><li class=\"wp-block-pages-list__item\"><a class=\"wp-block-pages-list__item__link\" href=\"https:\/\/bibliapresente.com\/postagens\/livros-da-biblia\/exodo\/exodo-6\/\">\u00caxodo 6 &#8211; Deus promete livramento<\/a><\/li><li class=\"wp-block-pages-list__item\"><a class=\"wp-block-pages-list__item__link\" href=\"https:\/\/bibliapresente.com\/postagens\/livros-da-biblia\/exodo\/exodo-7\/\">\u00caxodo 7 &#8211; A Primeira Praga: Sangue<\/a><\/li><li class=\"wp-block-pages-list__item\"><a class=\"wp-block-pages-list__item__link\" href=\"https:\/\/bibliapresente.com\/postagens\/livros-da-biblia\/exodo\/exodo-8\/\">\u00caxodo 8 &#8211; Pragas: R\u00e3s, Piolhos e Moscas<\/a><\/li><li class=\"wp-block-pages-list__item\"><a class=\"wp-block-pages-list__item__link\" href=\"https:\/\/bibliapresente.com\/postagens\/livros-da-biblia\/exodo\/exodo-9\/\">\u00caxodo 9 &#8211; Pragas: Peste, \u00dalceras, Granizo<\/a><\/li><li class=\"wp-block-pages-list__item\"><a class=\"wp-block-pages-list__item__link\" href=\"https:\/\/bibliapresente.com\/postagens\/livros-da-biblia\/exodo\/exodo-10\/\">\u00caxodo 10 &#8211; Pragas: Gafanhotos e Trevas<\/a><\/li><li class=\"wp-block-pages-list__item\"><a class=\"wp-block-pages-list__item__link\" href=\"https:\/\/bibliapresente.com\/postagens\/livros-da-biblia\/exodo\/exodo-11\/\">\u00caxodo 11 &#8211; Deus anuncia a \u00faltima praga<\/a><\/li><li class=\"wp-block-pages-list__item\"><a class=\"wp-block-pages-list__item__link\" href=\"https:\/\/bibliapresente.com\/postagens\/livros-da-biblia\/exodo\/exodo-12\/\">\u00caxodo 12 &#8211; A P\u00e1scoa e a Liberta\u00e7\u00e3o<\/a><\/li><li class=\"wp-block-pages-list__item\"><a class=\"wp-block-pages-list__item__link\" href=\"https:\/\/bibliapresente.com\/postagens\/livros-da-biblia\/exodo\/exodo-13\/\">\u00caxodo 13 &#8211; A Consagra\u00e7\u00e3o dos Primog\u00eanitos<\/a><\/li><li class=\"wp-block-pages-list__item\"><a class=\"wp-block-pages-list__item__link\" href=\"https:\/\/bibliapresente.com\/postagens\/livros-da-biblia\/exodo\/exodo-14\/\">\u00caxodo 14 &#8211; A Travessia do Mar Vermelho<\/a><\/li><li class=\"wp-block-pages-list__item\"><a class=\"wp-block-pages-list__item__link\" href=\"https:\/\/bibliapresente.com\/postagens\/livros-da-biblia\/exodo\/exodo-15\/\">\u00caxodo 15 &#8211; O C\u00e2ntico de Mois\u00e9s<\/a><\/li><li class=\"wp-block-pages-list__item\"><a class=\"wp-block-pages-list__item__link\" href=\"https:\/\/bibliapresente.com\/postagens\/livros-da-biblia\/exodo\/exodo-16\/\">\u00caxodo 16 &#8211; O Man\u00e1 no Deserto<\/a><\/li><li class=\"wp-block-pages-list__item\"><a class=\"wp-block-pages-list__item__link\" href=\"https:\/\/bibliapresente.com\/postagens\/livros-da-biblia\/exodo\/exodo-17\/\">\u00caxodo 17 &#8211; \u00c1gua Brotando da Rocha<\/a><\/li><li class=\"wp-block-pages-list__item\"><a class=\"wp-block-pages-list__item__link\" href=\"https:\/\/bibliapresente.com\/postagens\/livros-da-biblia\/exodo\/exodo-18\/\">\u00caxodo 18 &#8211; Os Conselhos de Jetro<\/a><\/li><li class=\"wp-block-pages-list__item\"><a class=\"wp-block-pages-list__item__link\" href=\"https:\/\/bibliapresente.com\/postagens\/livros-da-biblia\/exodo\/exodo-19\/\">\u00caxodo 19 &#8211; A Chegada ao Monte Sinai<\/a><\/li><li class=\"wp-block-pages-list__item\"><a class=\"wp-block-pages-list__item__link\" href=\"https:\/\/bibliapresente.com\/postagens\/livros-da-biblia\/exodo\/exodo-20\/\">\u00caxodo 20 &#8211; Os Dez Mandamentos<\/a><\/li><li class=\"wp-block-pages-list__item\"><a class=\"wp-block-pages-list__item__link\" href=\"https:\/\/bibliapresente.com\/postagens\/livros-da-biblia\/exodo\/exodo-21\/\">\u00caxodo 21 &#8211; Leis Sobre Justi\u00e7a Social<\/a><\/li><li class=\"wp-block-pages-list__item\"><a class=\"wp-block-pages-list__item__link\" href=\"https:\/\/bibliapresente.com\/postagens\/livros-da-biblia\/exodo\/exodo-22\/\">\u00caxodo 22 &#8211; Leis Sobre Danos e Repara\u00e7\u00e3o<\/a><\/li><li class=\"wp-block-pages-list__item\"><a class=\"wp-block-pages-list__item__link\" href=\"https:\/\/bibliapresente.com\/postagens\/livros-da-biblia\/exodo\/exodo-23\/\">\u00caxodo 23 &#8211; Leis de Justi\u00e7a e Festividades<\/a><\/li><li class=\"wp-block-pages-list__item\"><a class=\"wp-block-pages-list__item__link\" href=\"https:\/\/bibliapresente.com\/postagens\/livros-da-biblia\/exodo\/exodo-24\/\">\u00caxodo 24 &#8211; A Confirma\u00e7\u00e3o da Alian\u00e7a<\/a><\/li><li class=\"wp-block-pages-list__item\"><a class=\"wp-block-pages-list__item__link\" href=\"https:\/\/bibliapresente.com\/postagens\/livros-da-biblia\/exodo\/exodo-25\/\">\u00caxodo 25 &#8211; Arca da Alian\u00e7a e Tabern\u00e1culo<\/a><\/li><li class=\"wp-block-pages-list__item\"><a class=\"wp-block-pages-list__item__link\" href=\"https:\/\/bibliapresente.com\/postagens\/livros-da-biblia\/exodo\/exodo-26\/\">\u00caxodo 26 &#8211; Construindo o Tabern\u00e1culo<\/a><\/li><li class=\"wp-block-pages-list__item\"><a class=\"wp-block-pages-list__item__link\" href=\"https:\/\/bibliapresente.com\/postagens\/livros-da-biblia\/exodo\/exodo-27\/\">\u00caxodo 27 &#8211; O Altar de Bronze<\/a><\/li><li class=\"wp-block-pages-list__item\"><a class=\"wp-block-pages-list__item__link\" href=\"https:\/\/bibliapresente.com\/postagens\/livros-da-biblia\/exodo\/exodo-28\/\">\u00caxodo 28 &#8211; O Vestu\u00e1rio dos Sacerdotes<\/a><\/li><li class=\"wp-block-pages-list__item\"><a class=\"wp-block-pages-list__item__link\" href=\"https:\/\/bibliapresente.com\/postagens\/livros-da-biblia\/exodo\/exodo-29\/\">\u00caxodo 29 &#8211; Consagra\u00e7\u00e3o de Ar\u00e3o<\/a><\/li><li class=\"wp-block-pages-list__item\"><a class=\"wp-block-pages-list__item__link\" href=\"https:\/\/bibliapresente.com\/postagens\/livros-da-biblia\/exodo\/exodo-30\/\">\u00caxodo 30 &#8211; O Altar do Incenso<\/a><\/li><li class=\"wp-block-pages-list__item\"><a class=\"wp-block-pages-list__item__link\" href=\"https:\/\/bibliapresente.com\/postagens\/livros-da-biblia\/exodo\/exodo-31\/\">\u00caxodo 31 &#8211; O S\u00e1bado<\/a><\/li><li class=\"wp-block-pages-list__item\"><a class=\"wp-block-pages-list__item__link\" href=\"https:\/\/bibliapresente.com\/postagens\/livros-da-biblia\/exodo\/exodo-32\/\">\u00caxodo 32 &#8211; O Bezerro de Ouro<\/a><\/li><li class=\"wp-block-pages-list__item\"><a class=\"wp-block-pages-list__item__link\" href=\"https:\/\/bibliapresente.com\/postagens\/livros-da-biblia\/exodo\/exodo-33\/\">\u00caxodo 33 &#8211; Deus promete a Sua presen\u00e7a<\/a><\/li><li class=\"wp-block-pages-list__item\"><a class=\"wp-block-pages-list__item__link\" href=\"https:\/\/bibliapresente.com\/postagens\/livros-da-biblia\/exodo\/exodo-34\/\">\u00caxodo 34 &#8211; A Renova\u00e7\u00e3o da Alian\u00e7a<\/a><\/li><li class=\"wp-block-pages-list__item\"><a class=\"wp-block-pages-list__item__link\" href=\"https:\/\/bibliapresente.com\/postagens\/livros-da-biblia\/exodo\/exodo-35\/\">\u00caxodo 35 &#8211; A Oferta do Povo<\/a><\/li><li class=\"wp-block-pages-list__item\"><a class=\"wp-block-pages-list__item__link\" href=\"https:\/\/bibliapresente.com\/postagens\/livros-da-biblia\/exodo\/exodo-36\/\">\u00caxodo 36 &#8211; A Constru\u00e7\u00e3o do Tabern\u00e1culo<\/a><\/li><li class=\"wp-block-pages-list__item\"><a class=\"wp-block-pages-list__item__link\" href=\"https:\/\/bibliapresente.com\/postagens\/livros-da-biblia\/exodo\/exodo-37\/\">\u00caxodo 37 &#8211; A Arca, a Mesa e o Candelabro<\/a><\/li><li class=\"wp-block-pages-list__item\"><a class=\"wp-block-pages-list__item__link\" href=\"https:\/\/bibliapresente.com\/postagens\/livros-da-biblia\/exodo\/exodo-38\/\">\u00caxodo 38 &#8211; O Altar de Bronze<\/a><\/li><li class=\"wp-block-pages-list__item\"><a class=\"wp-block-pages-list__item__link\" href=\"https:\/\/bibliapresente.com\/postagens\/livros-da-biblia\/exodo\/exodo-39\/\">\u00caxodo 39 &#8211; A Confec\u00e7\u00e3o das Vestes<\/a><\/li><li class=\"wp-block-pages-list__item\"><a class=\"wp-block-pages-list__item__link\" href=\"https:\/\/bibliapresente.com\/postagens\/livros-da-biblia\/exodo\/exodo-40\/\">\u00caxodo 40 &#8211; A Consagra\u00e7\u00e3o do Tabern\u00e1culo<\/a><\/li><\/ul>\n\n\n<p><\/p>\n","protected":false},"excerpt":{"rendered":"<p>A praga da peste nos animais 1 Ent\u00e3o o SENHOR disse a Mois\u00e9s: Entra a Fara\u00f3, e dize-lhe: o SENHOR, o Deus dos hebreus, diz assim: Deixa ir a meu povo, para que me sirvam; 2 Porque se n\u00e3o o queres deixar ir, e os detiverdes ainda, 3 Eis que a m\u00e3o do SENHOR ser\u00e1 &hellip; <\/p>\n","protected":false},"author":2,"featured_media":583,"parent":581,"menu_order":9,"comment_status":"closed","ping_status":"closed","template":"","meta":{"om_disable_all_campaigns":false,"_monsterinsights_skip_tracking":false,"_monsterinsights_sitenote_active":false,"_monsterinsights_sitenote_note":"","_monsterinsights_sitenote_category":0,"footnotes":""},"class_list":["post-604","page","type-page","status-publish","has-post-thumbnail","hentry"],"aioseo_notices":[],"_links":{"self":[{"href":"https:\/\/bibliapresente.com\/postagens\/wp-json\/wp\/v2\/pages\/604","targetHints":{"allow":["GET"]}}],"collection":[{"href":"https:\/\/bibliapresente.com\/postagens\/wp-json\/wp\/v2\/pages"}],"about":[{"href":"https:\/\/bibliapresente.com\/postagens\/wp-json\/wp\/v2\/types\/page"}],"author":[{"embeddable":true,"href":"https:\/\/bibliapresente.com\/postagens\/wp-json\/wp\/v2\/users\/2"}],"replies":[{"embeddable":true,"href":"https:\/\/bibliapresente.com\/postagens\/wp-json\/wp\/v2\/comments?post=604"}],"version-history":[{"count":5,"href":"https:\/\/bibliapresente.com\/postagens\/wp-json\/wp\/v2\/pages\/604\/revisions"}],"predecessor-version":[{"id":1158,"href":"https:\/\/bibliapresente.com\/postagens\/wp-json\/wp\/v2\/pages\/604\/revisions\/1158"}],"up":[{"embeddable":true,"href":"https:\/\/bibliapresente.com\/postagens\/wp-json\/wp\/v2\/pages\/581"}],"wp:featuredmedia":[{"embeddable":true,"href":"https:\/\/bibliapresente.com\/postagens\/wp-json\/wp\/v2\/media\/583"}],"wp:attachment":[{"href":"https:\/\/bibliapresente.com\/postagens\/wp-json\/wp\/v2\/media?parent=604"}],"curies":[{"name":"wp","href":"https:\/\/api.w.org\/{rel}","templated":true}]}}