{"id":602,"date":"2025-01-25T15:14:25","date_gmt":"2025-01-25T18:14:25","guid":{"rendered":"https:\/\/bibliapresente.com\/postagens\/?page_id=602"},"modified":"2025-01-26T21:31:07","modified_gmt":"2025-01-27T00:31:07","slug":"exodo-8","status":"publish","type":"page","link":"https:\/\/bibliapresente.com\/postagens\/livros-da-biblia\/exodo\/exodo-8\/","title":{"rendered":"\u00caxodo 8 &#8211; Pragas: R\u00e3s, Piolhos e Moscas"},"content":{"rendered":"\n<h3 class=\"wp-block-heading\">A praga das r\u00e3s<\/h3>\n\n\n\n<p class=\"has-medium-font-size\" style=\"letter-spacing:1px\"><span><span><sup><b>1<\/b><\/sup><\/span> Ent\u00e3o o SENHOR disse a Mois\u00e9s: Entra \u00e0 presen\u00e7a de Fara\u00f3, e dize-lhe: O SENHOR disse assim: Deixa ir a meu povo, para que me sirvam. <br><span><sup><b>2<\/b><\/sup><\/span> E se n\u00e3o o quiseres deixar ir, eis que eu ferirei com r\u00e3s todos os teus termos: <br><span><sup><b>3<\/b><\/sup><\/span> E o rio criar\u00e1 r\u00e3s, as quais subir\u00e3o, e entrar\u00e3o em tua casa, e na c\u00e2mara de tua cama, e sobre tua cama, e nas casas de teus servos, e em teu povo, e em teus fornos, e em tuas amassadeiras: <br><span><sup><b>4<\/b><\/sup><\/span> E as r\u00e3s subir\u00e3o sobre ti, e sobre teu povo, e sobre todos os teus servos. <br><span><sup><b>5<\/b><\/sup><\/span> E o SENHOR disse a Mois\u00e9s: Dize a Ar\u00e3o: Estende tua m\u00e3o com tua vara sobre os rios, ribeiros, e tanques, para que fa\u00e7a vir r\u00e3s sobre a terra do Egito. <br><span><sup><b>6<\/b><\/sup><\/span> Ent\u00e3o Ar\u00e3o estendeu sua m\u00e3o sobre as \u00e1guas do Egito, e subiram r\u00e3s que cobriram a terra do Egito. <br><span><sup><b>7<\/b><\/sup><\/span> E os encantadores fizeram o mesmo com seus encantamentos, e fizeram vir r\u00e3s sobre a terra do Egito. <br><span><sup><b>8<\/b><\/sup><\/span> Ent\u00e3o Fara\u00f3 chamou a Mois\u00e9s e a Ar\u00e3o, e disse-lhes: Orai ao SENHOR que tire as r\u00e3s de mim e de meu povo; e deixarei ir ao povo, para que sacrifique ao SENHOR. <br><span><sup><b>9<\/b><\/sup><\/span> E disse Mois\u00e9s a Fara\u00f3: Gloria-te sobre mim: quando orarei por ti, e por teus servos, e por teu povo, para que as r\u00e3s sejam tiradas de ti, e de tuas casas, e que somente se restem no rio? <br><span><sup><b>10<\/b><\/sup><\/span> E ele disse: Amanh\u00e3. E Mois\u00e9s respondeu: Se far\u00e1 conforme tua palavra, para que conhe\u00e7as que n\u00e3o h\u00e1 como o SENHOR nosso Deus: <br><span><sup><b>11<\/b><\/sup><\/span> E as r\u00e3s se ir\u00e3o de ti, e de tuas casas, e de teus servos, e de teu povo, e somente se ficar\u00e3o no rio. <br><span><sup><b>12<\/b><\/sup><\/span> Ent\u00e3o sa\u00edram Mois\u00e9s e Ar\u00e3o da presen\u00e7a de Fara\u00f3, e clamou Mois\u00e9s ao SENHOR sobre o neg\u00f3cio das r\u00e3s que havia posto a Fara\u00f3. <br><span><sup><b>13<\/b><\/sup><\/span> E fez o SENHOR conforme a palavra de Mois\u00e9s, e morreram as r\u00e3s das casas, dos p\u00e1tios, e dos campos. <br><span><sup><b>14<\/b><\/sup><\/span> E as juntaram em amontoados, e faziam cheirar mal a terra. <br><span><sup><b>15<\/b><\/sup><\/span> E vendo Fara\u00f3 que lhe haviam dado repouso, agravou seu cora\u00e7\u00e3o, e n\u00e3o os escutou; como o SENHOR o havia dito. <\/span><\/p>\n\n\n\n<h3 class=\"wp-block-heading\">A praga dos piolhos<\/h3>\n\n\n\n<p class=\"has-medium-font-size\" style=\"letter-spacing:1px\"><span><span><sup><b>16<\/b><\/sup><\/span> Ent\u00e3o o SENHOR disse a Mois\u00e9s: Dize a Ar\u00e3o: Estende tua vara, e fere o p\u00f3 da terra, para que se voltem piolhos por todo o pa\u00eds do Egito. <br><span><sup><b>17<\/b><\/sup><\/span> E eles o fizeram assim; e Ar\u00e3o estendeu sua m\u00e3o com sua vara, e feriu o p\u00f3 da terra, o qual se tornou piolhos, tanto nos homens como nos animais: todo o p\u00f3 da terra se tornou piolhos ao todo o pa\u00eds do Egito. <br><span><sup><b>18<\/b><\/sup><\/span> E os encantadores fizeram assim tamb\u00e9m, para tirar piolhos com seus encantamentos; mas n\u00e3o puderam. E havia piolhos tanto nos homens como nos animais. <br><span><sup><b>19<\/b><\/sup><\/span> Ent\u00e3o os magos disseram a Fara\u00f3: Dedo de Deus \u00e9 este. Mas o cora\u00e7\u00e3o de Fara\u00f3 se endureceu, e n\u00e3o os escutou; como o SENHOR o havia dito. <\/span><\/p>\n\n\n\n<h3 class=\"wp-block-heading\">A praga das moscas<\/h3>\n\n\n\n<p class=\"has-medium-font-size\" style=\"letter-spacing:1px\"><span><span><sup><b>20<\/b><\/sup><\/span> E o SENHOR disse a Mois\u00e9s: Levanta-te de manh\u00e3 e p\u00f5e-te diante de Fara\u00f3, eis que ele sai \u00e0s \u00e1guas; e dize-lhe: o SENHOR disse assim: Deixa ir a meu povo, para que me sirva. <br><span><sup><b>21<\/b><\/sup><\/span> Porque se n\u00e3o deixares ir a meu povo, eis que eu enviarei sobre ti, e sobre teus servos, e sobre teu povo, e sobre tuas casas toda variedade de moscas; e as casas dos eg\u00edpcios se encher\u00e3o de toda variedade de moscas, e tamb\u00e9m a terra onde eles estiverem. <br><span><sup><b>22<\/b><\/sup><\/span> E aquele dia eu separarei a terra de G\u00f3sen, na qual meu povo habita, para que nenhuma variedade de moscas haja nela; a fim de que saibas que eu sou o SENHOR em meio da terra. <br><span><sup><b>23<\/b><\/sup><\/span> E eu porei remiss\u00e3o entre meu povo e o teu. Amanh\u00e3 ser\u00e1 este sinal. <br><span><sup><b>24<\/b><\/sup><\/span> E o SENHOR o fez assim: que veio toda variedade de moscas inc\u00f4modas sobre a casa de Fara\u00f3, e sobre as casas de seus servos, e sobre todo o pa\u00eds do Egito; e a terra foi contaminada por causa delas. <br><span><sup><b>25<\/b><\/sup><\/span> Ent\u00e3o Fara\u00f3 chamou a Mois\u00e9s e a Ar\u00e3o, e disse-lhes: Andai, sacrificai a vosso Deus na terra. <br><span><sup><b>26<\/b><\/sup><\/span> E Mois\u00e9s respondeu: N\u00e3o conv\u00e9m que fa\u00e7amos assim, porque sacrificar\u00edamos ao SENHOR nosso Deus a abomina\u00e7\u00e3o dos eg\u00edpcios. Eis que, se sacrific\u00e1ssemos a abomina\u00e7\u00e3o dos eg\u00edpcios diante deles, n\u00e3o nos apedrejariam? <br><span><sup><b>27<\/b><\/sup><\/span> Caminho de tr\u00eas dias iremos pelo deserto, e sacrificaremos ao SENHOR nosso Deus, como ele nos dir\u00e1. <br><span><sup><b>28<\/b><\/sup><\/span> E disse Fara\u00f3: Eu vos deixarei ir para que sacrifiqueis ao SENHOR vosso Deus no deserto, contanto que n\u00e3o vades mais longe: orai por mim. <br><span><sup><b>29<\/b><\/sup><\/span> E respondeu Mois\u00e9s: Eis que, em saindo eu de tua presen\u00e7a, rogarei ao SENHOR que as diversas variedades de moscas se v\u00e3o de Fara\u00f3, e de seus servos, e de seu povo amanh\u00e3; contanto que Fara\u00f3 n\u00e3o falte mais, n\u00e3o deixando ir ao povo a sacrificar ao SENHOR. <br><span><sup><b>30<\/b><\/sup><\/span> Ent\u00e3o Mois\u00e9s saiu da presen\u00e7a de Fara\u00f3, e orou ao SENHOR. <br><span><sup><b>31<\/b><\/sup><\/span> E o SENHOR fez conforme a palavra de Mois\u00e9s; e tirou todas aquelas moscas de Fara\u00f3, e de seus servos, e de seu povo, sem que restasse uma. <br><span><sup><b>32<\/b><\/sup><\/span> Mas Fara\u00f3 agravou ainda esta vez seu cora\u00e7\u00e3o, e n\u00e3o deixou ir ao povo.<\/span><\/p>\n\n\n\n<div class=\"wp-block-columns is-layout-flex wp-container-core-columns-is-layout-9d6595d7 wp-block-columns-is-layout-flex\">\n<div class=\"wp-block-column is-layout-flow wp-block-column-is-layout-flow\">\n<p><a href=\"\/exodo-7\">\u00caxodo 7<\/a><\/p>\n<\/div>\n\n\n\n<div class=\"wp-block-column is-layout-flow wp-block-column-is-layout-flow\">\n<p class=\"has-text-align-right\"><a href=\"\/exodo-9\">\u00caxodo 9<\/a><\/p>\n<\/div>\n<\/div>\n\n\n\n<h2 class=\"wp-block-heading\">Descri\u00e7\u00e3o &#8211; \u00caxodo 8<\/h2>\n\n\n\n<p class=\"has-medium-font-size\">\u00caxodo 8 descreve as pragas das r\u00e3s, mosquitos e moscas, demonstrando o crescente julgamento de Deus sobre o Egito. Mois\u00e9s e Ar\u00e3o, obedecendo \u00e0s ordens divinas, anunciam cada praga ao fara\u00f3, que continua endurecendo o cora\u00e7\u00e3o mesmo ap\u00f3s prometer libertar os israelitas. Os magos eg\u00edpcios n\u00e3o conseguem replicar as pragas, reconhecendo o dedo de Deus. Este cap\u00edtulo mostra a intensifica\u00e7\u00e3o do conflito entre a vontade de Deus e a teimosia do fara\u00f3, preparando o caminho para os atos definitivos de liberta\u00e7\u00e3o. As pragas revelam a soberania de Deus sobre a cria\u00e7\u00e3o e Sua inten\u00e7\u00e3o de libertar Israel da opress\u00e3o eg\u00edpcia.<\/p>\n\n\n\n<h3 class=\"wp-block-heading\">Livro do \u00caxodo:<\/h3>\n\n\n<ul class=\"wp-block-page-list\"><li class=\"wp-block-pages-list__item\"><a class=\"wp-block-pages-list__item__link\" href=\"https:\/\/bibliapresente.com\/postagens\/livros-da-biblia\/exodo\/exodo-1\/\">\u00caxodo 1 &#8211; O Nascimento de Mois\u00e9s<\/a><\/li><li class=\"wp-block-pages-list__item\"><a class=\"wp-block-pages-list__item__link\" href=\"https:\/\/bibliapresente.com\/postagens\/livros-da-biblia\/exodo\/exodo-2\/\">\u00caxodo 2 &#8211; Mois\u00e9s no Pal\u00e1cio do Fara\u00f3<\/a><\/li><li class=\"wp-block-pages-list__item\"><a class=\"wp-block-pages-list__item__link\" href=\"https:\/\/bibliapresente.com\/postagens\/livros-da-biblia\/exodo\/exodo-3\/\">\u00caxodo 3 &#8211; O Chamado de Mois\u00e9s<\/a><\/li><li class=\"wp-block-pages-list__item\"><a class=\"wp-block-pages-list__item__link\" href=\"https:\/\/bibliapresente.com\/postagens\/livros-da-biblia\/exodo\/exodo-4\/\">\u00caxodo 4 &#8211; Deus D\u00e1 Sinais a Mois\u00e9s<\/a><\/li><li class=\"wp-block-pages-list__item\"><a class=\"wp-block-pages-list__item__link\" href=\"https:\/\/bibliapresente.com\/postagens\/livros-da-biblia\/exodo\/exodo-5\/\">\u00caxodo 5 &#8211; Mois\u00e9s e Ar\u00e3o Conrontam Fara\u00f3<\/a><\/li><li class=\"wp-block-pages-list__item\"><a class=\"wp-block-pages-list__item__link\" href=\"https:\/\/bibliapresente.com\/postagens\/livros-da-biblia\/exodo\/exodo-6\/\">\u00caxodo 6 &#8211; Deus promete livramento<\/a><\/li><li class=\"wp-block-pages-list__item\"><a class=\"wp-block-pages-list__item__link\" href=\"https:\/\/bibliapresente.com\/postagens\/livros-da-biblia\/exodo\/exodo-7\/\">\u00caxodo 7 &#8211; A Primeira Praga: Sangue<\/a><\/li><li class=\"wp-block-pages-list__item\"><a class=\"wp-block-pages-list__item__link\" href=\"https:\/\/bibliapresente.com\/postagens\/livros-da-biblia\/exodo\/exodo-8\/\">\u00caxodo 8 &#8211; Pragas: R\u00e3s, Piolhos e Moscas<\/a><\/li><li class=\"wp-block-pages-list__item\"><a class=\"wp-block-pages-list__item__link\" href=\"https:\/\/bibliapresente.com\/postagens\/livros-da-biblia\/exodo\/exodo-9\/\">\u00caxodo 9 &#8211; Pragas: Peste, \u00dalceras, Granizo<\/a><\/li><li class=\"wp-block-pages-list__item\"><a class=\"wp-block-pages-list__item__link\" href=\"https:\/\/bibliapresente.com\/postagens\/livros-da-biblia\/exodo\/exodo-10\/\">\u00caxodo 10 &#8211; Pragas: Gafanhotos e Trevas<\/a><\/li><li class=\"wp-block-pages-list__item\"><a class=\"wp-block-pages-list__item__link\" href=\"https:\/\/bibliapresente.com\/postagens\/livros-da-biblia\/exodo\/exodo-11\/\">\u00caxodo 11 &#8211; Deus anuncia a \u00faltima praga<\/a><\/li><li class=\"wp-block-pages-list__item\"><a class=\"wp-block-pages-list__item__link\" href=\"https:\/\/bibliapresente.com\/postagens\/livros-da-biblia\/exodo\/exodo-12\/\">\u00caxodo 12 &#8211; A P\u00e1scoa e a Liberta\u00e7\u00e3o<\/a><\/li><li class=\"wp-block-pages-list__item\"><a class=\"wp-block-pages-list__item__link\" href=\"https:\/\/bibliapresente.com\/postagens\/livros-da-biblia\/exodo\/exodo-13\/\">\u00caxodo 13 &#8211; A Consagra\u00e7\u00e3o dos Primog\u00eanitos<\/a><\/li><li class=\"wp-block-pages-list__item\"><a class=\"wp-block-pages-list__item__link\" href=\"https:\/\/bibliapresente.com\/postagens\/livros-da-biblia\/exodo\/exodo-14\/\">\u00caxodo 14 &#8211; A Travessia do Mar Vermelho<\/a><\/li><li class=\"wp-block-pages-list__item\"><a class=\"wp-block-pages-list__item__link\" href=\"https:\/\/bibliapresente.com\/postagens\/livros-da-biblia\/exodo\/exodo-15\/\">\u00caxodo 15 &#8211; O C\u00e2ntico de Mois\u00e9s<\/a><\/li><li class=\"wp-block-pages-list__item\"><a class=\"wp-block-pages-list__item__link\" href=\"https:\/\/bibliapresente.com\/postagens\/livros-da-biblia\/exodo\/exodo-16\/\">\u00caxodo 16 &#8211; O Man\u00e1 no Deserto<\/a><\/li><li class=\"wp-block-pages-list__item\"><a class=\"wp-block-pages-list__item__link\" href=\"https:\/\/bibliapresente.com\/postagens\/livros-da-biblia\/exodo\/exodo-17\/\">\u00caxodo 17 &#8211; \u00c1gua Brotando da Rocha<\/a><\/li><li class=\"wp-block-pages-list__item\"><a class=\"wp-block-pages-list__item__link\" href=\"https:\/\/bibliapresente.com\/postagens\/livros-da-biblia\/exodo\/exodo-18\/\">\u00caxodo 18 &#8211; Os Conselhos de Jetro<\/a><\/li><li class=\"wp-block-pages-list__item\"><a class=\"wp-block-pages-list__item__link\" href=\"https:\/\/bibliapresente.com\/postagens\/livros-da-biblia\/exodo\/exodo-19\/\">\u00caxodo 19 &#8211; A Chegada ao Monte Sinai<\/a><\/li><li class=\"wp-block-pages-list__item\"><a class=\"wp-block-pages-list__item__link\" href=\"https:\/\/bibliapresente.com\/postagens\/livros-da-biblia\/exodo\/exodo-20\/\">\u00caxodo 20 &#8211; Os Dez Mandamentos<\/a><\/li><li class=\"wp-block-pages-list__item\"><a class=\"wp-block-pages-list__item__link\" href=\"https:\/\/bibliapresente.com\/postagens\/livros-da-biblia\/exodo\/exodo-21\/\">\u00caxodo 21 &#8211; Leis Sobre Justi\u00e7a Social<\/a><\/li><li class=\"wp-block-pages-list__item\"><a class=\"wp-block-pages-list__item__link\" href=\"https:\/\/bibliapresente.com\/postagens\/livros-da-biblia\/exodo\/exodo-22\/\">\u00caxodo 22 &#8211; Leis Sobre Danos e Repara\u00e7\u00e3o<\/a><\/li><li class=\"wp-block-pages-list__item\"><a class=\"wp-block-pages-list__item__link\" href=\"https:\/\/bibliapresente.com\/postagens\/livros-da-biblia\/exodo\/exodo-23\/\">\u00caxodo 23 &#8211; Leis de Justi\u00e7a e Festividades<\/a><\/li><li class=\"wp-block-pages-list__item\"><a class=\"wp-block-pages-list__item__link\" href=\"https:\/\/bibliapresente.com\/postagens\/livros-da-biblia\/exodo\/exodo-24\/\">\u00caxodo 24 &#8211; A Confirma\u00e7\u00e3o da Alian\u00e7a<\/a><\/li><li class=\"wp-block-pages-list__item\"><a class=\"wp-block-pages-list__item__link\" href=\"https:\/\/bibliapresente.com\/postagens\/livros-da-biblia\/exodo\/exodo-25\/\">\u00caxodo 25 &#8211; Arca da Alian\u00e7a e Tabern\u00e1culo<\/a><\/li><li class=\"wp-block-pages-list__item\"><a class=\"wp-block-pages-list__item__link\" href=\"https:\/\/bibliapresente.com\/postagens\/livros-da-biblia\/exodo\/exodo-26\/\">\u00caxodo 26 &#8211; Construindo o Tabern\u00e1culo<\/a><\/li><li class=\"wp-block-pages-list__item\"><a class=\"wp-block-pages-list__item__link\" href=\"https:\/\/bibliapresente.com\/postagens\/livros-da-biblia\/exodo\/exodo-27\/\">\u00caxodo 27 &#8211; O Altar de Bronze<\/a><\/li><li class=\"wp-block-pages-list__item\"><a class=\"wp-block-pages-list__item__link\" href=\"https:\/\/bibliapresente.com\/postagens\/livros-da-biblia\/exodo\/exodo-28\/\">\u00caxodo 28 &#8211; O Vestu\u00e1rio dos Sacerdotes<\/a><\/li><li class=\"wp-block-pages-list__item\"><a class=\"wp-block-pages-list__item__link\" href=\"https:\/\/bibliapresente.com\/postagens\/livros-da-biblia\/exodo\/exodo-29\/\">\u00caxodo 29 &#8211; Consagra\u00e7\u00e3o de Ar\u00e3o<\/a><\/li><li class=\"wp-block-pages-list__item\"><a class=\"wp-block-pages-list__item__link\" href=\"https:\/\/bibliapresente.com\/postagens\/livros-da-biblia\/exodo\/exodo-30\/\">\u00caxodo 30 &#8211; O Altar do Incenso<\/a><\/li><li class=\"wp-block-pages-list__item\"><a class=\"wp-block-pages-list__item__link\" href=\"https:\/\/bibliapresente.com\/postagens\/livros-da-biblia\/exodo\/exodo-31\/\">\u00caxodo 31 &#8211; O S\u00e1bado<\/a><\/li><li class=\"wp-block-pages-list__item\"><a class=\"wp-block-pages-list__item__link\" href=\"https:\/\/bibliapresente.com\/postagens\/livros-da-biblia\/exodo\/exodo-32\/\">\u00caxodo 32 &#8211; O Bezerro de Ouro<\/a><\/li><li class=\"wp-block-pages-list__item\"><a class=\"wp-block-pages-list__item__link\" href=\"https:\/\/bibliapresente.com\/postagens\/livros-da-biblia\/exodo\/exodo-33\/\">\u00caxodo 33 &#8211; Deus promete a Sua presen\u00e7a<\/a><\/li><li class=\"wp-block-pages-list__item\"><a class=\"wp-block-pages-list__item__link\" href=\"https:\/\/bibliapresente.com\/postagens\/livros-da-biblia\/exodo\/exodo-34\/\">\u00caxodo 34 &#8211; A Renova\u00e7\u00e3o da Alian\u00e7a<\/a><\/li><li class=\"wp-block-pages-list__item\"><a class=\"wp-block-pages-list__item__link\" href=\"https:\/\/bibliapresente.com\/postagens\/livros-da-biblia\/exodo\/exodo-35\/\">\u00caxodo 35 &#8211; A Oferta do Povo<\/a><\/li><li class=\"wp-block-pages-list__item\"><a class=\"wp-block-pages-list__item__link\" href=\"https:\/\/bibliapresente.com\/postagens\/livros-da-biblia\/exodo\/exodo-36\/\">\u00caxodo 36 &#8211; A Constru\u00e7\u00e3o do Tabern\u00e1culo<\/a><\/li><li class=\"wp-block-pages-list__item\"><a class=\"wp-block-pages-list__item__link\" href=\"https:\/\/bibliapresente.com\/postagens\/livros-da-biblia\/exodo\/exodo-37\/\">\u00caxodo 37 &#8211; A Arca, a Mesa e o Candelabro<\/a><\/li><li class=\"wp-block-pages-list__item\"><a class=\"wp-block-pages-list__item__link\" href=\"https:\/\/bibliapresente.com\/postagens\/livros-da-biblia\/exodo\/exodo-38\/\">\u00caxodo 38 &#8211; O Altar de Bronze<\/a><\/li><li class=\"wp-block-pages-list__item\"><a class=\"wp-block-pages-list__item__link\" href=\"https:\/\/bibliapresente.com\/postagens\/livros-da-biblia\/exodo\/exodo-39\/\">\u00caxodo 39 &#8211; A Confec\u00e7\u00e3o das Vestes<\/a><\/li><li class=\"wp-block-pages-list__item\"><a class=\"wp-block-pages-list__item__link\" href=\"https:\/\/bibliapresente.com\/postagens\/livros-da-biblia\/exodo\/exodo-40\/\">\u00caxodo 40 &#8211; A Consagra\u00e7\u00e3o do Tabern\u00e1culo<\/a><\/li><\/ul>\n\n\n<p><\/p>\n","protected":false},"excerpt":{"rendered":"<p>A praga das r\u00e3s 1 Ent\u00e3o o SENHOR disse a Mois\u00e9s: Entra \u00e0 presen\u00e7a de Fara\u00f3, e dize-lhe: O SENHOR disse assim: Deixa ir a meu povo, para que me sirvam. 2 E se n\u00e3o o quiseres deixar ir, eis que eu ferirei com r\u00e3s todos os teus termos: 3 E o rio criar\u00e1 r\u00e3s, &hellip; <\/p>\n","protected":false},"author":2,"featured_media":583,"parent":581,"menu_order":8,"comment_status":"closed","ping_status":"closed","template":"","meta":{"om_disable_all_campaigns":false,"_monsterinsights_skip_tracking":false,"_monsterinsights_sitenote_active":false,"_monsterinsights_sitenote_note":"","_monsterinsights_sitenote_category":0,"footnotes":""},"class_list":["post-602","page","type-page","status-publish","has-post-thumbnail","hentry"],"aioseo_notices":[],"_links":{"self":[{"href":"https:\/\/bibliapresente.com\/postagens\/wp-json\/wp\/v2\/pages\/602","targetHints":{"allow":["GET"]}}],"collection":[{"href":"https:\/\/bibliapresente.com\/postagens\/wp-json\/wp\/v2\/pages"}],"about":[{"href":"https:\/\/bibliapresente.com\/postagens\/wp-json\/wp\/v2\/types\/page"}],"author":[{"embeddable":true,"href":"https:\/\/bibliapresente.com\/postagens\/wp-json\/wp\/v2\/users\/2"}],"replies":[{"embeddable":true,"href":"https:\/\/bibliapresente.com\/postagens\/wp-json\/wp\/v2\/comments?post=602"}],"version-history":[{"count":5,"href":"https:\/\/bibliapresente.com\/postagens\/wp-json\/wp\/v2\/pages\/602\/revisions"}],"predecessor-version":[{"id":1156,"href":"https:\/\/bibliapresente.com\/postagens\/wp-json\/wp\/v2\/pages\/602\/revisions\/1156"}],"up":[{"embeddable":true,"href":"https:\/\/bibliapresente.com\/postagens\/wp-json\/wp\/v2\/pages\/581"}],"wp:featuredmedia":[{"embeddable":true,"href":"https:\/\/bibliapresente.com\/postagens\/wp-json\/wp\/v2\/media\/583"}],"wp:attachment":[{"href":"https:\/\/bibliapresente.com\/postagens\/wp-json\/wp\/v2\/media?parent=602"}],"curies":[{"name":"wp","href":"https:\/\/api.w.org\/{rel}","templated":true}]}}