{"id":599,"date":"2025-01-25T15:12:53","date_gmt":"2025-01-25T18:12:53","guid":{"rendered":"https:\/\/bibliapresente.com\/postagens\/?page_id=599"},"modified":"2025-01-26T21:27:29","modified_gmt":"2025-01-27T00:27:29","slug":"exodo-7","status":"publish","type":"page","link":"https:\/\/bibliapresente.com\/postagens\/livros-da-biblia\/exodo\/exodo-7\/","title":{"rendered":"\u00caxodo 7 &#8211; A Primeira Praga: Sangue"},"content":{"rendered":"\n<p class=\"has-medium-font-size\" style=\"letter-spacing:1px\"><span><span><sup><b>1<\/b><\/sup><\/span> O SENHOR disse a Mois\u00e9s: Olha, eu te constitu\u00ed como um deus para Fara\u00f3, e teu irm\u00e3o Ar\u00e3o ser\u00e1 teu profeta. <br><span><sup><b>2<\/b><\/sup><\/span> Tu dir\u00e1s todas as coisas que eu te mandarei, e Ar\u00e3o teu irm\u00e3o falar\u00e1 a Fara\u00f3, para que deixe ir de sua terra aos filhos de Israel. <br><span><sup><b>3<\/b><\/sup><\/span> E eu endurecerei o cora\u00e7\u00e3o de Fara\u00f3, e multiplicarei na terra do Egito meus sinais e minhas maravilhas. <br><span><sup><b>4<\/b><\/sup><\/span> E Fara\u00f3 n\u00e3o vos ouvir\u00e1; mas eu porei minha m\u00e3o sobre o Egito, e tirarei a meus ex\u00e9rcitos, meu povo, os filhos de Israel, da terra do Egito, com grandes ju\u00edzos. <br><span><sup><b>5<\/b><\/sup><\/span> E saber\u00e3o os eg\u00edpcios que eu sou o SENHOR, quando estenderei minha m\u00e3o sobre o Egito, e tirarei os filhos de Israel do meio deles. <br><span><sup><b>6<\/b><\/sup><\/span> E fez Mois\u00e9s e Ar\u00e3o como o SENHOR lhes mandou: fizeram-no assim. <br><span><sup><b>7<\/b><\/sup><\/span> E era Mois\u00e9s de idade de oitenta anos, e Ar\u00e3o de idade de oitenta e tr\u00eas, quando falaram a Fara\u00f3. <br><span><sup><b>8<\/b><\/sup><\/span> E falou o SENHOR a Mois\u00e9s e a Ar\u00e3o, dizendo: <br><span><sup><b>9<\/b><\/sup><\/span> Se Fara\u00f3 vos responder dizendo, Mostrai milagre; dir\u00e1s a Ar\u00e3o: Toma tua vara, e lan\u00e7a-a diante de Fara\u00f3, para que se torne cobra. <br><span><sup><b>10<\/b><\/sup><\/span> Vieram, pois, Mois\u00e9s e Ar\u00e3o a Fara\u00f3, e fizeram como o SENHOR o havia mandado: e lan\u00e7ou Ar\u00e3o sua vara diante de Fara\u00f3 e de seus servos, e tornou-se cobra. <br><span><sup><b>11<\/b><\/sup><\/span> Ent\u00e3o chamou tamb\u00e9m Fara\u00f3 s\u00e1bios e encantadores; e fizeram tamb\u00e9m o mesmo os encantadores do Egito com seus encantamentos; <br><span><sup><b>12<\/b><\/sup><\/span> Pois lan\u00e7ou cada um sua vara, as quais se tornaram cobras: mas a vara de Ar\u00e3o devorou as varas deles. <br><span><sup><b>13<\/b><\/sup><\/span> E o cora\u00e7\u00e3o de Fara\u00f3 se endureceu, e n\u00e3o os escutou; como o SENHOR o havia dito. <\/span><\/p>\n\n\n\n<h3 class=\"wp-block-heading\">O cora\u00e7\u00e3o de Fara\u00f3 encontra-se endurecido<\/h3>\n\n\n\n<p class=\"has-medium-font-size\" style=\"letter-spacing:1px\"><span><span><sup><b>14<\/b><\/sup><\/span> Ent\u00e3o o SENHOR disse a Mois\u00e9s: O cora\u00e7\u00e3o de Fara\u00f3 est\u00e1 endurecido, que n\u00e3o quer deixar ir ao povo. <br><span><sup><b>15<\/b><\/sup><\/span> Vai pela manh\u00e3 a Fara\u00f3, eis que ele sai \u00e0s \u00e1guas; e tu p\u00f5e-te \u00e0 beira do rio diante dele, e toma em tua m\u00e3o a vara que se tornou cobra, <br><span><sup><b>16<\/b><\/sup><\/span> E dize-lhe: O SENHOR o Deus dos hebreus me enviou a ti, dizendo: Deixa ir a meu povo, para que me sirvam no deserto; e eis que at\u00e9 agora n\u00e3o quiseste ouvir. <br><span><sup><b>17<\/b><\/sup><\/span> Assim disse o SENHOR: Nisto conhecer\u00e1s que eu sou o SENHOR: eis que eu ferirei com a vara que tenho em minha m\u00e3o a \u00e1gua que est\u00e1 no rio, e se converter\u00e1 em sangue: <br><span><sup><b>18<\/b><\/sup><\/span> E os peixes que h\u00e1 no rio morrer\u00e3o, e feder\u00e1 o rio, e ter\u00e3o asco os eg\u00edpcios de beber a \u00e1gua do rio. <br><span><sup><b>19<\/b><\/sup><\/span> E o SENHOR disse a Mois\u00e9s: Dize a Ar\u00e3o: Toma tua vara, e estende tua m\u00e3o sobre as \u00e1guas do Egito, sobre seus rios, sobre seus ribeiros e sobre seus tanques, e sobre todos os seus dep\u00f3sitos de \u00e1guas, para que se convertam em sangue, e haja sangue por toda a regi\u00e3o do Egito, tanto nos vasos de madeira como nos de pedra. <\/span><\/p>\n\n\n\n<h3 class=\"wp-block-heading\">A primeira praga: as \u00e1guas tornam-se sangue<\/h3>\n\n\n\n<p class=\"has-medium-font-size\" style=\"letter-spacing:1px\"><span><span><sup><b>20<\/b><\/sup><\/span> E Mois\u00e9s e Ar\u00e3o fizeram como o SENHOR havia mandado; e levantando a vara feriu as \u00e1guas que havia no rio, em presen\u00e7a de Fara\u00f3 e de seus servos; e todas as \u00e1guas que havia no rio se converteram em sangue. <br><span><sup><b>21<\/b><\/sup><\/span> Assim os peixes que havia no rio morreram; e o rio se contaminou, que os eg\u00edpcios n\u00e3o podiam beber dele: e houve sangue por toda a terra do Egito. <br><span><sup><b>22<\/b><\/sup><\/span> E os encantadores do Egito fizeram o mesmo com seus encantamentos: e o cora\u00e7\u00e3o de Fara\u00f3 se endureceu, e n\u00e3o os escutou; como o SENHOR o havia dito. <br><span><sup><b>23<\/b><\/sup><\/span> E tornando Fara\u00f3 voltou-se a sua casa, e n\u00e3o p\u00f4s seu cora\u00e7\u00e3o ainda em isto. <br><span><sup><b>24<\/b><\/sup><\/span> E ao todo Egito fizeram po\u00e7os ao redor do rio para beber, porque n\u00e3o podiam beber das \u00e1guas do rio. <br><span><sup><b>25<\/b><\/sup><\/span> E cumpriram-se sete dias depois que o SENHOR feriu o rio.<\/span><\/p>\n\n\n\n<div class=\"wp-block-columns is-layout-flex wp-container-core-columns-is-layout-9d6595d7 wp-block-columns-is-layout-flex\">\n<div class=\"wp-block-column is-layout-flow wp-block-column-is-layout-flow\">\n<p><a href=\"\/exodo-6\">\u00caxodo 6<\/a><\/p>\n<\/div>\n\n\n\n<div class=\"wp-block-column is-layout-flow wp-block-column-is-layout-flow\">\n<p class=\"has-text-align-right\"><a href=\"\/exodo-8\">\u00caxodo 8<\/a><\/p>\n<\/div>\n<\/div>\n\n\n\n<h2 class=\"wp-block-heading\">Descri\u00e7\u00e3o &#8211; \u00caxodo 7<\/h2>\n\n\n\n<p class=\"has-medium-font-size\">\u00caxodo 7 d\u00e1 in\u00edcio \u00e0s pragas que demonstram o poder de Deus sobre o Egito e desafiam a autoridade do fara\u00f3. Deus instrui Mois\u00e9s e Ar\u00e3o a confrontarem o fara\u00f3, mostrando sinais, como o cajado que se transforma em serpente, para provar Seu poder. Quando o fara\u00f3 endurece o cora\u00e7\u00e3o, Deus envia a primeira praga: as \u00e1guas do Nilo se transformam em sangue, matando peixes e deixando o Egito sem \u00e1gua pot\u00e1vel. Este cap\u00edtulo \u00e9 o in\u00edcio da demonstra\u00e7\u00e3o divina de soberania, preparando o cen\u00e1rio para a liberta\u00e7\u00e3o dos israelitas e mostrando que a opress\u00e3o de fara\u00f3 n\u00e3o prevalecer\u00e1.<\/p>\n\n\n\n<h3 class=\"wp-block-heading\">Livro do \u00caxodo:<\/h3>\n\n\n<ul class=\"wp-block-page-list\"><li class=\"wp-block-pages-list__item\"><a class=\"wp-block-pages-list__item__link\" href=\"https:\/\/bibliapresente.com\/postagens\/livros-da-biblia\/exodo\/exodo-1\/\">\u00caxodo 1 &#8211; O Nascimento de Mois\u00e9s<\/a><\/li><li class=\"wp-block-pages-list__item\"><a class=\"wp-block-pages-list__item__link\" href=\"https:\/\/bibliapresente.com\/postagens\/livros-da-biblia\/exodo\/exodo-2\/\">\u00caxodo 2 &#8211; Mois\u00e9s no Pal\u00e1cio do Fara\u00f3<\/a><\/li><li class=\"wp-block-pages-list__item\"><a class=\"wp-block-pages-list__item__link\" href=\"https:\/\/bibliapresente.com\/postagens\/livros-da-biblia\/exodo\/exodo-3\/\">\u00caxodo 3 &#8211; O Chamado de Mois\u00e9s<\/a><\/li><li class=\"wp-block-pages-list__item\"><a class=\"wp-block-pages-list__item__link\" href=\"https:\/\/bibliapresente.com\/postagens\/livros-da-biblia\/exodo\/exodo-4\/\">\u00caxodo 4 &#8211; Deus D\u00e1 Sinais a Mois\u00e9s<\/a><\/li><li class=\"wp-block-pages-list__item\"><a class=\"wp-block-pages-list__item__link\" href=\"https:\/\/bibliapresente.com\/postagens\/livros-da-biblia\/exodo\/exodo-5\/\">\u00caxodo 5 &#8211; Mois\u00e9s e Ar\u00e3o Conrontam Fara\u00f3<\/a><\/li><li class=\"wp-block-pages-list__item\"><a class=\"wp-block-pages-list__item__link\" href=\"https:\/\/bibliapresente.com\/postagens\/livros-da-biblia\/exodo\/exodo-6\/\">\u00caxodo 6 &#8211; Deus promete livramento<\/a><\/li><li class=\"wp-block-pages-list__item\"><a class=\"wp-block-pages-list__item__link\" href=\"https:\/\/bibliapresente.com\/postagens\/livros-da-biblia\/exodo\/exodo-7\/\">\u00caxodo 7 &#8211; A Primeira Praga: Sangue<\/a><\/li><li class=\"wp-block-pages-list__item\"><a class=\"wp-block-pages-list__item__link\" href=\"https:\/\/bibliapresente.com\/postagens\/livros-da-biblia\/exodo\/exodo-8\/\">\u00caxodo 8 &#8211; Pragas: R\u00e3s, Piolhos e Moscas<\/a><\/li><li class=\"wp-block-pages-list__item\"><a class=\"wp-block-pages-list__item__link\" href=\"https:\/\/bibliapresente.com\/postagens\/livros-da-biblia\/exodo\/exodo-9\/\">\u00caxodo 9 &#8211; Pragas: Peste, \u00dalceras, Granizo<\/a><\/li><li class=\"wp-block-pages-list__item\"><a class=\"wp-block-pages-list__item__link\" href=\"https:\/\/bibliapresente.com\/postagens\/livros-da-biblia\/exodo\/exodo-10\/\">\u00caxodo 10 &#8211; Pragas: Gafanhotos e Trevas<\/a><\/li><li class=\"wp-block-pages-list__item\"><a class=\"wp-block-pages-list__item__link\" href=\"https:\/\/bibliapresente.com\/postagens\/livros-da-biblia\/exodo\/exodo-11\/\">\u00caxodo 11 &#8211; Deus anuncia a \u00faltima praga<\/a><\/li><li class=\"wp-block-pages-list__item\"><a class=\"wp-block-pages-list__item__link\" href=\"https:\/\/bibliapresente.com\/postagens\/livros-da-biblia\/exodo\/exodo-12\/\">\u00caxodo 12 &#8211; A P\u00e1scoa e a Liberta\u00e7\u00e3o<\/a><\/li><li class=\"wp-block-pages-list__item\"><a class=\"wp-block-pages-list__item__link\" href=\"https:\/\/bibliapresente.com\/postagens\/livros-da-biblia\/exodo\/exodo-13\/\">\u00caxodo 13 &#8211; A Consagra\u00e7\u00e3o dos Primog\u00eanitos<\/a><\/li><li class=\"wp-block-pages-list__item\"><a class=\"wp-block-pages-list__item__link\" href=\"https:\/\/bibliapresente.com\/postagens\/livros-da-biblia\/exodo\/exodo-14\/\">\u00caxodo 14 &#8211; A Travessia do Mar Vermelho<\/a><\/li><li class=\"wp-block-pages-list__item\"><a class=\"wp-block-pages-list__item__link\" href=\"https:\/\/bibliapresente.com\/postagens\/livros-da-biblia\/exodo\/exodo-15\/\">\u00caxodo 15 &#8211; O C\u00e2ntico de Mois\u00e9s<\/a><\/li><li class=\"wp-block-pages-list__item\"><a class=\"wp-block-pages-list__item__link\" href=\"https:\/\/bibliapresente.com\/postagens\/livros-da-biblia\/exodo\/exodo-16\/\">\u00caxodo 16 &#8211; O Man\u00e1 no Deserto<\/a><\/li><li class=\"wp-block-pages-list__item\"><a class=\"wp-block-pages-list__item__link\" href=\"https:\/\/bibliapresente.com\/postagens\/livros-da-biblia\/exodo\/exodo-17\/\">\u00caxodo 17 &#8211; \u00c1gua Brotando da Rocha<\/a><\/li><li class=\"wp-block-pages-list__item\"><a class=\"wp-block-pages-list__item__link\" href=\"https:\/\/bibliapresente.com\/postagens\/livros-da-biblia\/exodo\/exodo-18\/\">\u00caxodo 18 &#8211; Os Conselhos de Jetro<\/a><\/li><li class=\"wp-block-pages-list__item\"><a class=\"wp-block-pages-list__item__link\" href=\"https:\/\/bibliapresente.com\/postagens\/livros-da-biblia\/exodo\/exodo-19\/\">\u00caxodo 19 &#8211; A Chegada ao Monte Sinai<\/a><\/li><li class=\"wp-block-pages-list__item\"><a class=\"wp-block-pages-list__item__link\" href=\"https:\/\/bibliapresente.com\/postagens\/livros-da-biblia\/exodo\/exodo-20\/\">\u00caxodo 20 &#8211; Os Dez Mandamentos<\/a><\/li><li class=\"wp-block-pages-list__item\"><a class=\"wp-block-pages-list__item__link\" href=\"https:\/\/bibliapresente.com\/postagens\/livros-da-biblia\/exodo\/exodo-21\/\">\u00caxodo 21 &#8211; Leis Sobre Justi\u00e7a Social<\/a><\/li><li class=\"wp-block-pages-list__item\"><a class=\"wp-block-pages-list__item__link\" href=\"https:\/\/bibliapresente.com\/postagens\/livros-da-biblia\/exodo\/exodo-22\/\">\u00caxodo 22 &#8211; Leis Sobre Danos e Repara\u00e7\u00e3o<\/a><\/li><li class=\"wp-block-pages-list__item\"><a class=\"wp-block-pages-list__item__link\" href=\"https:\/\/bibliapresente.com\/postagens\/livros-da-biblia\/exodo\/exodo-23\/\">\u00caxodo 23 &#8211; Leis de Justi\u00e7a e Festividades<\/a><\/li><li class=\"wp-block-pages-list__item\"><a class=\"wp-block-pages-list__item__link\" href=\"https:\/\/bibliapresente.com\/postagens\/livros-da-biblia\/exodo\/exodo-24\/\">\u00caxodo 24 &#8211; A Confirma\u00e7\u00e3o da Alian\u00e7a<\/a><\/li><li class=\"wp-block-pages-list__item\"><a class=\"wp-block-pages-list__item__link\" href=\"https:\/\/bibliapresente.com\/postagens\/livros-da-biblia\/exodo\/exodo-25\/\">\u00caxodo 25 &#8211; Arca da Alian\u00e7a e Tabern\u00e1culo<\/a><\/li><li class=\"wp-block-pages-list__item\"><a class=\"wp-block-pages-list__item__link\" href=\"https:\/\/bibliapresente.com\/postagens\/livros-da-biblia\/exodo\/exodo-26\/\">\u00caxodo 26 &#8211; Construindo o Tabern\u00e1culo<\/a><\/li><li class=\"wp-block-pages-list__item\"><a class=\"wp-block-pages-list__item__link\" href=\"https:\/\/bibliapresente.com\/postagens\/livros-da-biblia\/exodo\/exodo-27\/\">\u00caxodo 27 &#8211; O Altar de Bronze<\/a><\/li><li class=\"wp-block-pages-list__item\"><a class=\"wp-block-pages-list__item__link\" href=\"https:\/\/bibliapresente.com\/postagens\/livros-da-biblia\/exodo\/exodo-28\/\">\u00caxodo 28 &#8211; O Vestu\u00e1rio dos Sacerdotes<\/a><\/li><li class=\"wp-block-pages-list__item\"><a class=\"wp-block-pages-list__item__link\" href=\"https:\/\/bibliapresente.com\/postagens\/livros-da-biblia\/exodo\/exodo-29\/\">\u00caxodo 29 &#8211; Consagra\u00e7\u00e3o de Ar\u00e3o<\/a><\/li><li class=\"wp-block-pages-list__item\"><a class=\"wp-block-pages-list__item__link\" href=\"https:\/\/bibliapresente.com\/postagens\/livros-da-biblia\/exodo\/exodo-30\/\">\u00caxodo 30 &#8211; O Altar do Incenso<\/a><\/li><li class=\"wp-block-pages-list__item\"><a class=\"wp-block-pages-list__item__link\" href=\"https:\/\/bibliapresente.com\/postagens\/livros-da-biblia\/exodo\/exodo-31\/\">\u00caxodo 31 &#8211; O S\u00e1bado<\/a><\/li><li class=\"wp-block-pages-list__item\"><a class=\"wp-block-pages-list__item__link\" href=\"https:\/\/bibliapresente.com\/postagens\/livros-da-biblia\/exodo\/exodo-32\/\">\u00caxodo 32 &#8211; O Bezerro de Ouro<\/a><\/li><li class=\"wp-block-pages-list__item\"><a class=\"wp-block-pages-list__item__link\" href=\"https:\/\/bibliapresente.com\/postagens\/livros-da-biblia\/exodo\/exodo-33\/\">\u00caxodo 33 &#8211; Deus promete a Sua presen\u00e7a<\/a><\/li><li class=\"wp-block-pages-list__item\"><a class=\"wp-block-pages-list__item__link\" href=\"https:\/\/bibliapresente.com\/postagens\/livros-da-biblia\/exodo\/exodo-34\/\">\u00caxodo 34 &#8211; A Renova\u00e7\u00e3o da Alian\u00e7a<\/a><\/li><li class=\"wp-block-pages-list__item\"><a class=\"wp-block-pages-list__item__link\" href=\"https:\/\/bibliapresente.com\/postagens\/livros-da-biblia\/exodo\/exodo-35\/\">\u00caxodo 35 &#8211; A Oferta do Povo<\/a><\/li><li class=\"wp-block-pages-list__item\"><a class=\"wp-block-pages-list__item__link\" href=\"https:\/\/bibliapresente.com\/postagens\/livros-da-biblia\/exodo\/exodo-36\/\">\u00caxodo 36 &#8211; A Constru\u00e7\u00e3o do Tabern\u00e1culo<\/a><\/li><li class=\"wp-block-pages-list__item\"><a class=\"wp-block-pages-list__item__link\" href=\"https:\/\/bibliapresente.com\/postagens\/livros-da-biblia\/exodo\/exodo-37\/\">\u00caxodo 37 &#8211; A Arca, a Mesa e o Candelabro<\/a><\/li><li class=\"wp-block-pages-list__item\"><a class=\"wp-block-pages-list__item__link\" href=\"https:\/\/bibliapresente.com\/postagens\/livros-da-biblia\/exodo\/exodo-38\/\">\u00caxodo 38 &#8211; O Altar de Bronze<\/a><\/li><li class=\"wp-block-pages-list__item\"><a class=\"wp-block-pages-list__item__link\" href=\"https:\/\/bibliapresente.com\/postagens\/livros-da-biblia\/exodo\/exodo-39\/\">\u00caxodo 39 &#8211; A Confec\u00e7\u00e3o das Vestes<\/a><\/li><li class=\"wp-block-pages-list__item\"><a class=\"wp-block-pages-list__item__link\" href=\"https:\/\/bibliapresente.com\/postagens\/livros-da-biblia\/exodo\/exodo-40\/\">\u00caxodo 40 &#8211; A Consagra\u00e7\u00e3o do Tabern\u00e1culo<\/a><\/li><\/ul>\n\n\n<p><\/p>\n","protected":false},"excerpt":{"rendered":"<p>1 O SENHOR disse a Mois\u00e9s: Olha, eu te constitu\u00ed como um deus para Fara\u00f3, e teu irm\u00e3o Ar\u00e3o ser\u00e1 teu profeta. 2 Tu dir\u00e1s todas as coisas que eu te mandarei, e Ar\u00e3o teu irm\u00e3o falar\u00e1 a Fara\u00f3, para que deixe ir de sua terra aos filhos de Israel. 3 E eu endurecerei o &hellip; <\/p>\n","protected":false},"author":2,"featured_media":583,"parent":581,"menu_order":7,"comment_status":"closed","ping_status":"closed","template":"","meta":{"om_disable_all_campaigns":false,"_monsterinsights_skip_tracking":false,"_monsterinsights_sitenote_active":false,"_monsterinsights_sitenote_note":"","_monsterinsights_sitenote_category":0,"footnotes":""},"class_list":["post-599","page","type-page","status-publish","has-post-thumbnail","hentry"],"aioseo_notices":[],"_links":{"self":[{"href":"https:\/\/bibliapresente.com\/postagens\/wp-json\/wp\/v2\/pages\/599","targetHints":{"allow":["GET"]}}],"collection":[{"href":"https:\/\/bibliapresente.com\/postagens\/wp-json\/wp\/v2\/pages"}],"about":[{"href":"https:\/\/bibliapresente.com\/postagens\/wp-json\/wp\/v2\/types\/page"}],"author":[{"embeddable":true,"href":"https:\/\/bibliapresente.com\/postagens\/wp-json\/wp\/v2\/users\/2"}],"replies":[{"embeddable":true,"href":"https:\/\/bibliapresente.com\/postagens\/wp-json\/wp\/v2\/comments?post=599"}],"version-history":[{"count":6,"href":"https:\/\/bibliapresente.com\/postagens\/wp-json\/wp\/v2\/pages\/599\/revisions"}],"predecessor-version":[{"id":1154,"href":"https:\/\/bibliapresente.com\/postagens\/wp-json\/wp\/v2\/pages\/599\/revisions\/1154"}],"up":[{"embeddable":true,"href":"https:\/\/bibliapresente.com\/postagens\/wp-json\/wp\/v2\/pages\/581"}],"wp:featuredmedia":[{"embeddable":true,"href":"https:\/\/bibliapresente.com\/postagens\/wp-json\/wp\/v2\/media\/583"}],"wp:attachment":[{"href":"https:\/\/bibliapresente.com\/postagens\/wp-json\/wp\/v2\/media?parent=599"}],"curies":[{"name":"wp","href":"https:\/\/api.w.org\/{rel}","templated":true}]}}