{"id":595,"date":"2025-01-25T14:36:03","date_gmt":"2025-01-25T17:36:03","guid":{"rendered":"https:\/\/bibliapresente.com\/postagens\/?page_id=595"},"modified":"2025-01-26T21:26:59","modified_gmt":"2025-01-27T00:26:59","slug":"exodo-5","status":"publish","type":"page","link":"https:\/\/bibliapresente.com\/postagens\/livros-da-biblia\/exodo\/exodo-5\/","title":{"rendered":"\u00caxodo 5 &#8211; Mois\u00e9s e Ar\u00e3o Conrontam Fara\u00f3"},"content":{"rendered":"\n<h3 class=\"wp-block-heading\">Mois\u00e9s e Aar\u00e3o falam com Fara\u00f3<\/h3>\n\n\n\n<p class=\"has-medium-font-size\" style=\"letter-spacing:1px\"><span><span><sup><b>1<\/b><\/sup><\/span> Depois entraram Mois\u00e9s e Ar\u00e3o a Fara\u00f3, e lhe disseram: O SENHOR, o Deus de Israel, disse assim: Deixa ir a meu povo a celebrar-me festa no deserto. <br><span><sup><b>2<\/b><\/sup><\/span> E Fara\u00f3 respondeu: Quem \u00e9 o SENHOR, para que eu ou\u00e7a sua voz e deixe ir a Israel? Eu n\u00e3o conhe\u00e7o ao SENHOR, nem tampouco deixarei ir a Israel. <br><span><sup><b>3<\/b><\/sup><\/span> E eles disseram: O Deus dos hebreus nos encontrou: iremos, pois, agora caminho de tr\u00eas dias pelo deserto, e sacrificaremos ao SENHOR nosso Deus; para que n\u00e3o venha sobre n\u00f3s com pestil\u00eancia ou com espada. <br><span><sup><b>4<\/b><\/sup><\/span> Ent\u00e3o o rei do Egito lhes disse: Mois\u00e9s e Ar\u00e3o, por que fazeis cessar ao povo de sua obra? ide a vossas cargas. <br><span><sup><b>5<\/b><\/sup><\/span> Disse tamb\u00e9m Fara\u00f3: Eis que o povo da terra \u00e9 agora muito, e v\u00f3s lhes fazeis cessar de suas cargas. <\/span><\/p>\n\n\n\n<h3 class=\"wp-block-heading\">Fara\u00f3 aflige os israelitas<\/h3>\n\n\n\n<p class=\"has-medium-font-size\" style=\"letter-spacing:1px\"><span><span><sup><b>6<\/b><\/sup><\/span> E mandou Fara\u00f3 aquele mesmo dia aos capatazes do povo que o tinham \u00e0 sua responsabilidade, e a seus governadores, dizendo: <br><span><sup><b>7<\/b><\/sup><\/span> De aqui adiante n\u00e3o dareis palha ao povo para fazer tijolos, como ontem e antes de ontem; v\u00e3o eles e recolham por si mesmos a palha: <br><span><sup><b>8<\/b><\/sup><\/span> E haveis de p\u00f4r-lhes a tarefa dos tijolos que faziam antes, e n\u00e3o lhes diminuireis nada; porque est\u00e3o ociosos, e por isso levantam a voz dizendo: Vamos e sacrificaremos a nosso Deus. <br><span><sup><b>9<\/b><\/sup><\/span> Agrave-se a servid\u00e3o sobre eles, para que se ocupem nela, e n\u00e3o atendam a palavras de mentira. <br><span><sup><b>10<\/b><\/sup><\/span> E saindo os capatazes do povo e seus governadores, falaram ao povo, dizendo: Assim disse Fara\u00f3: Eu n\u00e3o vos dou palha. <br><span><sup><b>11<\/b><\/sup><\/span> Ide v\u00f3s, e recolhei palha de onde a achardes; que nada se diminuir\u00e1 de vossa tarefa. <br><span><sup><b>12<\/b><\/sup><\/span> Ent\u00e3o o povo se espalhou por toda a terra do Egito a colher restolho em lugar de palha. <br><span><sup><b>13<\/b><\/sup><\/span> E os capatazes os apressavam, dizendo: Acabai vossa obra, a tarefa do dia em seu dia, como quando se vos dava palha. <br><span><sup><b>14<\/b><\/sup><\/span> E a\u00e7oitavam aos supervisores dos filhos de Israel, que os capatazes de Fara\u00f3 haviam posto sobre eles, dizendo: Por que n\u00e3o cumpristes vossa tarefa de tijolos nem ontem nem hoje, como antes? <br><span><sup><b>15<\/b><\/sup><\/span> E os supervisores dos filhos de Israel vieram a Fara\u00f3, e se queixaram a ele, dizendo: Por que o fazes assim com teus servos? <br><span><sup><b>16<\/b><\/sup><\/span> N\u00e3o se d\u00e1 palha a teus servos, e, contudo, nos dizem: Fazei os tijolos. E eis que teus servos s\u00e3o a\u00e7oitados, e teu povo cai em falta. <br><span><sup><b>17<\/b><\/sup><\/span> E ele respondeu: Estais ociosos, sim, ociosos, e por isso dizeis: Vamos e sacrifiquemos ao SENHOR. <br><span><sup><b>18<\/b><\/sup><\/span> Ide, pois, agora, e trabalhai. N\u00e3o se vos dar\u00e1 palha, e haveis de dar a tarefa dos tijolos. <br><span><sup><b>19<\/b><\/sup><\/span> Ent\u00e3o os supervisores dos filhos de Israel se viram em afli\u00e7\u00e3o, tendo lhes dito: N\u00e3o se diminuir\u00e1 nada de vossos tijolos, da tarefa de cada dia. <\/span><\/p>\n\n\n\n<h3 class=\"wp-block-heading\">Os israelitas queixam-se de Mois\u00e9s e Aar\u00e3o<\/h3>\n\n\n\n<p class=\"has-medium-font-size\" style=\"letter-spacing:1px\"><span><span><sup><b>20<\/b><\/sup><\/span> E encontrando a Mois\u00e9s e a Ar\u00e3o, que estavam \u00e0 vista deles quando sa\u00edam de Fara\u00f3, <br><span><sup><b>21<\/b><\/sup><\/span> Disseram-lhes: Olhe o SENHOR sobre v\u00f3s, e julgue; pois nos fizestes repulsivos diante de Fara\u00f3 e de seus servos, dando-lhes a espada nas m\u00e3os para que nos matem. <br><span><sup><b>22<\/b><\/sup><\/span> Ent\u00e3o Mois\u00e9s se voltou ao SENHOR, e disse: Senhor, por que afliges a este povo? para que me enviaste? <br><span><sup><b>23<\/b><\/sup><\/span> Porque desde que eu vim a Fara\u00f3 para falar-lhe em teu nome, afligiu a este povo; e tu tampouco livraste a teu povo.<\/span><\/p>\n\n\n\n<div class=\"wp-block-columns is-layout-flex wp-container-core-columns-is-layout-9d6595d7 wp-block-columns-is-layout-flex\">\n<div class=\"wp-block-column is-layout-flow wp-block-column-is-layout-flow\">\n<p><a href=\"\/exodo-4\">\u00caxodo 4<\/a><\/p>\n<\/div>\n\n\n\n<div class=\"wp-block-column is-layout-flow wp-block-column-is-layout-flow\">\n<p class=\"has-text-align-right\"><a href=\"\/exodo-6\">\u00caxodo 6<\/a><\/p>\n<\/div>\n<\/div>\n\n\n\n<h2 class=\"wp-block-heading\">Descri\u00e7\u00e3o &#8211; \u00caxodo 5<\/h2>\n\n\n\n<p class=\"has-medium-font-size\">\u00caxodo 5 narra o primeiro confronto entre Mois\u00e9s, Ar\u00e3o e o fara\u00f3 do Egito. Em obedi\u00eancia ao chamado divino, Mois\u00e9s pede a liberta\u00e7\u00e3o dos israelitas para adorarem a Deus no deserto, mas o fara\u00f3 recusa e aumenta o peso da escravid\u00e3o, exigindo que o povo produza tijolos sem fornecer a palha necess\u00e1ria. Este cap\u00edtulo evidencia a dureza do cora\u00e7\u00e3o do fara\u00f3, que desafia o plano de Deus, e a frustra\u00e7\u00e3o inicial do povo hebreu, que culpa Mois\u00e9s por seu sofrimento. A resist\u00eancia do fara\u00f3 prepara o cen\u00e1rio para as pragas e a interven\u00e7\u00e3o divina que culminar\u00e3o na liberta\u00e7\u00e3o de Israel.<\/p>\n\n\n\n<h3 class=\"wp-block-heading\">Livro do \u00caxodo:<\/h3>\n\n\n<ul class=\"wp-block-page-list\"><li class=\"wp-block-pages-list__item\"><a class=\"wp-block-pages-list__item__link\" href=\"https:\/\/bibliapresente.com\/postagens\/livros-da-biblia\/exodo\/exodo-1\/\">\u00caxodo 1 &#8211; O Nascimento de Mois\u00e9s<\/a><\/li><li class=\"wp-block-pages-list__item\"><a class=\"wp-block-pages-list__item__link\" href=\"https:\/\/bibliapresente.com\/postagens\/livros-da-biblia\/exodo\/exodo-2\/\">\u00caxodo 2 &#8211; Mois\u00e9s no Pal\u00e1cio do Fara\u00f3<\/a><\/li><li class=\"wp-block-pages-list__item\"><a class=\"wp-block-pages-list__item__link\" href=\"https:\/\/bibliapresente.com\/postagens\/livros-da-biblia\/exodo\/exodo-3\/\">\u00caxodo 3 &#8211; O Chamado de Mois\u00e9s<\/a><\/li><li class=\"wp-block-pages-list__item\"><a class=\"wp-block-pages-list__item__link\" href=\"https:\/\/bibliapresente.com\/postagens\/livros-da-biblia\/exodo\/exodo-4\/\">\u00caxodo 4 &#8211; Deus D\u00e1 Sinais a Mois\u00e9s<\/a><\/li><li class=\"wp-block-pages-list__item\"><a class=\"wp-block-pages-list__item__link\" href=\"https:\/\/bibliapresente.com\/postagens\/livros-da-biblia\/exodo\/exodo-5\/\">\u00caxodo 5 &#8211; Mois\u00e9s e Ar\u00e3o Conrontam Fara\u00f3<\/a><\/li><li class=\"wp-block-pages-list__item\"><a class=\"wp-block-pages-list__item__link\" href=\"https:\/\/bibliapresente.com\/postagens\/livros-da-biblia\/exodo\/exodo-6\/\">\u00caxodo 6 &#8211; Deus promete livramento<\/a><\/li><li class=\"wp-block-pages-list__item\"><a class=\"wp-block-pages-list__item__link\" href=\"https:\/\/bibliapresente.com\/postagens\/livros-da-biblia\/exodo\/exodo-7\/\">\u00caxodo 7 &#8211; A Primeira Praga: Sangue<\/a><\/li><li class=\"wp-block-pages-list__item\"><a class=\"wp-block-pages-list__item__link\" href=\"https:\/\/bibliapresente.com\/postagens\/livros-da-biblia\/exodo\/exodo-8\/\">\u00caxodo 8 &#8211; Pragas: R\u00e3s, Piolhos e Moscas<\/a><\/li><li class=\"wp-block-pages-list__item\"><a class=\"wp-block-pages-list__item__link\" href=\"https:\/\/bibliapresente.com\/postagens\/livros-da-biblia\/exodo\/exodo-9\/\">\u00caxodo 9 &#8211; Pragas: Peste, \u00dalceras, Granizo<\/a><\/li><li class=\"wp-block-pages-list__item\"><a class=\"wp-block-pages-list__item__link\" href=\"https:\/\/bibliapresente.com\/postagens\/livros-da-biblia\/exodo\/exodo-10\/\">\u00caxodo 10 &#8211; Pragas: Gafanhotos e Trevas<\/a><\/li><li class=\"wp-block-pages-list__item\"><a class=\"wp-block-pages-list__item__link\" href=\"https:\/\/bibliapresente.com\/postagens\/livros-da-biblia\/exodo\/exodo-11\/\">\u00caxodo 11 &#8211; Deus anuncia a \u00faltima praga<\/a><\/li><li class=\"wp-block-pages-list__item\"><a class=\"wp-block-pages-list__item__link\" href=\"https:\/\/bibliapresente.com\/postagens\/livros-da-biblia\/exodo\/exodo-12\/\">\u00caxodo 12 &#8211; A P\u00e1scoa e a Liberta\u00e7\u00e3o<\/a><\/li><li class=\"wp-block-pages-list__item\"><a class=\"wp-block-pages-list__item__link\" href=\"https:\/\/bibliapresente.com\/postagens\/livros-da-biblia\/exodo\/exodo-13\/\">\u00caxodo 13 &#8211; A Consagra\u00e7\u00e3o dos Primog\u00eanitos<\/a><\/li><li class=\"wp-block-pages-list__item\"><a class=\"wp-block-pages-list__item__link\" href=\"https:\/\/bibliapresente.com\/postagens\/livros-da-biblia\/exodo\/exodo-14\/\">\u00caxodo 14 &#8211; A Travessia do Mar Vermelho<\/a><\/li><li class=\"wp-block-pages-list__item\"><a class=\"wp-block-pages-list__item__link\" href=\"https:\/\/bibliapresente.com\/postagens\/livros-da-biblia\/exodo\/exodo-15\/\">\u00caxodo 15 &#8211; O C\u00e2ntico de Mois\u00e9s<\/a><\/li><li class=\"wp-block-pages-list__item\"><a class=\"wp-block-pages-list__item__link\" href=\"https:\/\/bibliapresente.com\/postagens\/livros-da-biblia\/exodo\/exodo-16\/\">\u00caxodo 16 &#8211; O Man\u00e1 no Deserto<\/a><\/li><li class=\"wp-block-pages-list__item\"><a class=\"wp-block-pages-list__item__link\" href=\"https:\/\/bibliapresente.com\/postagens\/livros-da-biblia\/exodo\/exodo-17\/\">\u00caxodo 17 &#8211; \u00c1gua Brotando da Rocha<\/a><\/li><li class=\"wp-block-pages-list__item\"><a class=\"wp-block-pages-list__item__link\" href=\"https:\/\/bibliapresente.com\/postagens\/livros-da-biblia\/exodo\/exodo-18\/\">\u00caxodo 18 &#8211; Os Conselhos de Jetro<\/a><\/li><li class=\"wp-block-pages-list__item\"><a class=\"wp-block-pages-list__item__link\" href=\"https:\/\/bibliapresente.com\/postagens\/livros-da-biblia\/exodo\/exodo-19\/\">\u00caxodo 19 &#8211; A Chegada ao Monte Sinai<\/a><\/li><li class=\"wp-block-pages-list__item\"><a class=\"wp-block-pages-list__item__link\" href=\"https:\/\/bibliapresente.com\/postagens\/livros-da-biblia\/exodo\/exodo-20\/\">\u00caxodo 20 &#8211; Os Dez Mandamentos<\/a><\/li><li class=\"wp-block-pages-list__item\"><a class=\"wp-block-pages-list__item__link\" href=\"https:\/\/bibliapresente.com\/postagens\/livros-da-biblia\/exodo\/exodo-21\/\">\u00caxodo 21 &#8211; Leis Sobre Justi\u00e7a Social<\/a><\/li><li class=\"wp-block-pages-list__item\"><a class=\"wp-block-pages-list__item__link\" href=\"https:\/\/bibliapresente.com\/postagens\/livros-da-biblia\/exodo\/exodo-22\/\">\u00caxodo 22 &#8211; Leis Sobre Danos e Repara\u00e7\u00e3o<\/a><\/li><li class=\"wp-block-pages-list__item\"><a class=\"wp-block-pages-list__item__link\" href=\"https:\/\/bibliapresente.com\/postagens\/livros-da-biblia\/exodo\/exodo-23\/\">\u00caxodo 23 &#8211; Leis de Justi\u00e7a e Festividades<\/a><\/li><li class=\"wp-block-pages-list__item\"><a class=\"wp-block-pages-list__item__link\" href=\"https:\/\/bibliapresente.com\/postagens\/livros-da-biblia\/exodo\/exodo-24\/\">\u00caxodo 24 &#8211; A Confirma\u00e7\u00e3o da Alian\u00e7a<\/a><\/li><li class=\"wp-block-pages-list__item\"><a class=\"wp-block-pages-list__item__link\" href=\"https:\/\/bibliapresente.com\/postagens\/livros-da-biblia\/exodo\/exodo-25\/\">\u00caxodo 25 &#8211; Arca da Alian\u00e7a e Tabern\u00e1culo<\/a><\/li><li class=\"wp-block-pages-list__item\"><a class=\"wp-block-pages-list__item__link\" href=\"https:\/\/bibliapresente.com\/postagens\/livros-da-biblia\/exodo\/exodo-26\/\">\u00caxodo 26 &#8211; Construindo o Tabern\u00e1culo<\/a><\/li><li class=\"wp-block-pages-list__item\"><a class=\"wp-block-pages-list__item__link\" href=\"https:\/\/bibliapresente.com\/postagens\/livros-da-biblia\/exodo\/exodo-27\/\">\u00caxodo 27 &#8211; O Altar de Bronze<\/a><\/li><li class=\"wp-block-pages-list__item\"><a class=\"wp-block-pages-list__item__link\" href=\"https:\/\/bibliapresente.com\/postagens\/livros-da-biblia\/exodo\/exodo-28\/\">\u00caxodo 28 &#8211; O Vestu\u00e1rio dos Sacerdotes<\/a><\/li><li class=\"wp-block-pages-list__item\"><a class=\"wp-block-pages-list__item__link\" href=\"https:\/\/bibliapresente.com\/postagens\/livros-da-biblia\/exodo\/exodo-29\/\">\u00caxodo 29 &#8211; Consagra\u00e7\u00e3o de Ar\u00e3o<\/a><\/li><li class=\"wp-block-pages-list__item\"><a class=\"wp-block-pages-list__item__link\" href=\"https:\/\/bibliapresente.com\/postagens\/livros-da-biblia\/exodo\/exodo-30\/\">\u00caxodo 30 &#8211; O Altar do Incenso<\/a><\/li><li class=\"wp-block-pages-list__item\"><a class=\"wp-block-pages-list__item__link\" href=\"https:\/\/bibliapresente.com\/postagens\/livros-da-biblia\/exodo\/exodo-31\/\">\u00caxodo 31 &#8211; O S\u00e1bado<\/a><\/li><li class=\"wp-block-pages-list__item\"><a class=\"wp-block-pages-list__item__link\" href=\"https:\/\/bibliapresente.com\/postagens\/livros-da-biblia\/exodo\/exodo-32\/\">\u00caxodo 32 &#8211; O Bezerro de Ouro<\/a><\/li><li class=\"wp-block-pages-list__item\"><a class=\"wp-block-pages-list__item__link\" href=\"https:\/\/bibliapresente.com\/postagens\/livros-da-biblia\/exodo\/exodo-33\/\">\u00caxodo 33 &#8211; Deus promete a Sua presen\u00e7a<\/a><\/li><li class=\"wp-block-pages-list__item\"><a class=\"wp-block-pages-list__item__link\" href=\"https:\/\/bibliapresente.com\/postagens\/livros-da-biblia\/exodo\/exodo-34\/\">\u00caxodo 34 &#8211; A Renova\u00e7\u00e3o da Alian\u00e7a<\/a><\/li><li class=\"wp-block-pages-list__item\"><a class=\"wp-block-pages-list__item__link\" href=\"https:\/\/bibliapresente.com\/postagens\/livros-da-biblia\/exodo\/exodo-35\/\">\u00caxodo 35 &#8211; A Oferta do Povo<\/a><\/li><li class=\"wp-block-pages-list__item\"><a class=\"wp-block-pages-list__item__link\" href=\"https:\/\/bibliapresente.com\/postagens\/livros-da-biblia\/exodo\/exodo-36\/\">\u00caxodo 36 &#8211; A Constru\u00e7\u00e3o do Tabern\u00e1culo<\/a><\/li><li class=\"wp-block-pages-list__item\"><a class=\"wp-block-pages-list__item__link\" href=\"https:\/\/bibliapresente.com\/postagens\/livros-da-biblia\/exodo\/exodo-37\/\">\u00caxodo 37 &#8211; A Arca, a Mesa e o Candelabro<\/a><\/li><li class=\"wp-block-pages-list__item\"><a class=\"wp-block-pages-list__item__link\" href=\"https:\/\/bibliapresente.com\/postagens\/livros-da-biblia\/exodo\/exodo-38\/\">\u00caxodo 38 &#8211; O Altar de Bronze<\/a><\/li><li class=\"wp-block-pages-list__item\"><a class=\"wp-block-pages-list__item__link\" href=\"https:\/\/bibliapresente.com\/postagens\/livros-da-biblia\/exodo\/exodo-39\/\">\u00caxodo 39 &#8211; A Confec\u00e7\u00e3o das Vestes<\/a><\/li><li class=\"wp-block-pages-list__item\"><a class=\"wp-block-pages-list__item__link\" href=\"https:\/\/bibliapresente.com\/postagens\/livros-da-biblia\/exodo\/exodo-40\/\">\u00caxodo 40 &#8211; A Consagra\u00e7\u00e3o do Tabern\u00e1culo<\/a><\/li><\/ul>\n\n\n<p><\/p>\n","protected":false},"excerpt":{"rendered":"<p>Mois\u00e9s e Aar\u00e3o falam com Fara\u00f3 1 Depois entraram Mois\u00e9s e Ar\u00e3o a Fara\u00f3, e lhe disseram: O SENHOR, o Deus de Israel, disse assim: Deixa ir a meu povo a celebrar-me festa no deserto. 2 E Fara\u00f3 respondeu: Quem \u00e9 o SENHOR, para que eu ou\u00e7a sua voz e deixe ir a Israel? Eu &hellip; <\/p>\n","protected":false},"author":2,"featured_media":583,"parent":581,"menu_order":5,"comment_status":"closed","ping_status":"closed","template":"","meta":{"om_disable_all_campaigns":false,"_monsterinsights_skip_tracking":false,"_monsterinsights_sitenote_active":false,"_monsterinsights_sitenote_note":"","_monsterinsights_sitenote_category":0,"footnotes":""},"class_list":["post-595","page","type-page","status-publish","has-post-thumbnail","hentry"],"aioseo_notices":[],"_links":{"self":[{"href":"https:\/\/bibliapresente.com\/postagens\/wp-json\/wp\/v2\/pages\/595","targetHints":{"allow":["GET"]}}],"collection":[{"href":"https:\/\/bibliapresente.com\/postagens\/wp-json\/wp\/v2\/pages"}],"about":[{"href":"https:\/\/bibliapresente.com\/postagens\/wp-json\/wp\/v2\/types\/page"}],"author":[{"embeddable":true,"href":"https:\/\/bibliapresente.com\/postagens\/wp-json\/wp\/v2\/users\/2"}],"replies":[{"embeddable":true,"href":"https:\/\/bibliapresente.com\/postagens\/wp-json\/wp\/v2\/comments?post=595"}],"version-history":[{"count":6,"href":"https:\/\/bibliapresente.com\/postagens\/wp-json\/wp\/v2\/pages\/595\/revisions"}],"predecessor-version":[{"id":1153,"href":"https:\/\/bibliapresente.com\/postagens\/wp-json\/wp\/v2\/pages\/595\/revisions\/1153"}],"up":[{"embeddable":true,"href":"https:\/\/bibliapresente.com\/postagens\/wp-json\/wp\/v2\/pages\/581"}],"wp:featuredmedia":[{"embeddable":true,"href":"https:\/\/bibliapresente.com\/postagens\/wp-json\/wp\/v2\/media\/583"}],"wp:attachment":[{"href":"https:\/\/bibliapresente.com\/postagens\/wp-json\/wp\/v2\/media?parent=595"}],"curies":[{"name":"wp","href":"https:\/\/api.w.org\/{rel}","templated":true}]}}