{"id":593,"date":"2025-01-25T14:32:56","date_gmt":"2025-01-25T17:32:56","guid":{"rendered":"https:\/\/bibliapresente.com\/postagens\/?page_id=593"},"modified":"2025-01-26T21:24:18","modified_gmt":"2025-01-27T00:24:18","slug":"exodo-4","status":"publish","type":"page","link":"https:\/\/bibliapresente.com\/postagens\/livros-da-biblia\/exodo\/exodo-4\/","title":{"rendered":"\u00caxodo 4 &#8211; Deus D\u00e1 Sinais a Mois\u00e9s"},"content":{"rendered":"\n<h3 class=\"wp-block-heading\">A vara de Mois\u00e9s torna-se uma cobra<\/h3>\n\n\n\n<p class=\"has-medium-font-size\" style=\"letter-spacing:1px\"><span><span><sup><b>1<\/b><\/sup><\/span> Ent\u00e3o Mois\u00e9s respondeu, e disse: Eis que eles n\u00e3o crer\u00e3o em mim, nem ouvir\u00e3o minha voz; porque dir\u00e3o: N\u00e3o te apareceu o SENHOR. <br><span><sup><b>2<\/b><\/sup><\/span> E o SENHOR disse: Que \u00e9 isso que tens em tua m\u00e3o? E ele respondeu: Uma vara. <br><span><sup><b>3<\/b><\/sup><\/span> E ele lhe disse: Lan\u00e7a-a em terra. E ele a lan\u00e7ou em terra, e tornou-se uma cobra: e Mois\u00e9s fugia dela. <br><span><sup><b>4<\/b><\/sup><\/span> Ent\u00e3o disse o SENHOR a Mois\u00e9s: Estende tua m\u00e3o, e toma-a pela cauda. E ele estendeu sua m\u00e3o, e tomou-a, e tornou-se vara em sua m\u00e3o. <br><span><sup><b>5<\/b><\/sup><\/span> Por isto crer\u00e3o que se te apareceu o SENHOR, o Deus de teus pais, o Deus de Abra\u00e3o, Deus de Isaque, e Deus de Jac\u00f3. <br><span><sup><b>6<\/b><\/sup><\/span> E disse-lhe mais o SENHOR: Mete agora tua m\u00e3o em teu peito. E ele meteu a m\u00e3o em seu peito; e quando a tirou, eis que sua m\u00e3o estava leprosa como a neve. <br><span><sup><b>7<\/b><\/sup><\/span> E disse: Volta a meter tua m\u00e3o em teu peito: e ele voltou a meter sua m\u00e3o em seu peito; e voltando-a a tirar do peito, eis que se havia voltado como a outra carne. <br><span><sup><b>8<\/b><\/sup><\/span> Se acontecer, que n\u00e3o te crerem, nem obedecerem \u00e0 voz do primeiro sinal, crer\u00e3o \u00e0 voz do \u00faltimo. <br><span><sup><b>9<\/b><\/sup><\/span> E se ainda n\u00e3o crerem a estes dois sinais, nem ouvirem tua voz, tomar\u00e1s das \u00e1guas do rio, e as derramar\u00e1 em terra; e se tornar\u00e3o aquelas \u00e1guas que tomar\u00e1s do rio, se tornar\u00e3o sangue na terra. <br><span><sup><b>10<\/b><\/sup><\/span> Ent\u00e3o disse Mois\u00e9s ao SENHOR: Ai Senhor! Eu n\u00e3o sou homem de palavras de ontem nem de anteontem, nem ainda desde que tu falas a teu servo; porque sou lento no fala e inc\u00f4modo de l\u00edngua. <br><span><sup><b>11<\/b><\/sup><\/span> E o SENHOR lhe respondeu: Quem deu a boca ao homem? Ou quem fez ao mudo e ao surdo, ao que vai e ao cego? n\u00e3o sou eu o SENHOR? <br><span><sup><b>12<\/b><\/sup><\/span> Agora pois, vai, que eu serei em tua boca, e te ensinarei o que tenhas de falar. <br><span><sup><b>13<\/b><\/sup><\/span> E ele disse: Ai Senhor! envia por meio do que h\u00e1s de enviar. <br><span><sup><b>14<\/b><\/sup><\/span> Ent\u00e3o o SENHOR se irou contra Mois\u00e9s, e disse: N\u00e3o conhe\u00e7o eu a tua irm\u00e3o Ar\u00e3o, levita, e que ele falar\u00e1? E ainda eis que ele te sair\u00e1 a receber, e em vendo-te, se alegrar\u00e1 em seu cora\u00e7\u00e3o. <br><span><sup><b>15<\/b><\/sup><\/span> Tu falar\u00e1s a ele, e por\u00e1s em sua boca as palavras, e eu serei em tua boca e na sua, e vos ensinarei o que tenhais de fazer. <br><span><sup><b>16<\/b><\/sup><\/span> E ele falar\u00e1 por ti ao povo; e ele te ser\u00e1 a ti em lugar de boca, e tu ser\u00e1s para ele em lugar de Deus. <br><span><sup><b>17<\/b><\/sup><\/span> E tomar\u00e1s esta vara em tua m\u00e3o, com a qual far\u00e1s os sinais. <\/span><\/p>\n\n\n\n<h3 class=\"wp-block-heading\"><em>Mo<\/em>i<em>s\u00e9s volta para o Egito<\/em><\/h3>\n\n\n\n<p class=\"has-medium-font-size\" style=\"letter-spacing:1px\"><span><span><sup><b>18<\/b><\/sup><\/span> Assim se foi Mois\u00e9s, e voltando a seu sogro Jetro, disse-lhe: Irei agora, e voltarei a meus irm\u00e3os que est\u00e3o em Egito, para ver se ainda vivem. E Jetro disse a Mois\u00e9s: Vai em paz. <br><span><sup><b>19<\/b><\/sup><\/span> Disse tamb\u00e9m o SENHOR a Mois\u00e9s em Midi\u00e3: Vai, e volta-te ao Egito, porque mataram todos os que procuravam tua morte. <br><span><sup><b>20<\/b><\/sup><\/span> Ent\u00e3o Mois\u00e9s tomou sua mulher e seus filhos, e os p\u00f4s sobre um asno, e voltou-se \u00e0 terra do Egito: tomou tamb\u00e9m Mois\u00e9s a vara de Deus em sua m\u00e3o. <br><span><sup><b>21<\/b><\/sup><\/span> E disse o SENHOR a Mois\u00e9s: Quando houverdes voltado ao Egito, olha que fa\u00e7as diante de Fara\u00f3 todas as maravilhas que pus em tua m\u00e3o: eu, por\u00e9m, endurecerei seu cora\u00e7\u00e3o, de modo que n\u00e3o deixar\u00e1 ir ao povo. <br><span><sup><b>22<\/b><\/sup><\/span> E dir\u00e1s a Fara\u00f3: O SENHOR disse assim: Israel \u00e9 meu filho, meu primog\u00eanito. <br><span><sup><b>23<\/b><\/sup><\/span> J\u00e1 te disse que deixes ir a meu filho, para que me sirva, mas n\u00e3o quiseste deix\u00e1-lo ir: eis que eu vou a matar a teu filho, o teu primog\u00eanito. <br><span><sup><b>24<\/b><\/sup><\/span> E aconteceu no caminho, que em uma parada lhe saiu ao encontro o SENHOR, e quis mat\u00e1-lo. <br><span><sup><b>25<\/b><\/sup><\/span> Ent\u00e3o Z\u00edpora agarrou uma pedra afiada, e cortou o prep\u00facio de seu filho, e lan\u00e7ou-o a seus p\u00e9s, dizendo: \u00c0 verdade tu me \u00e9s um esposo de sangue. <br><span><sup><b>26<\/b><\/sup><\/span> Assim lhe deixou logo ir. E ela disse: Esposo de sangue, por causa da circuncis\u00e3o. <br><span><sup><b>27<\/b><\/sup><\/span> E o SENHOR disse a Ar\u00e3o: Vai a receber a Mois\u00e9s ao deserto. E ele foi, e encontrou-o no monte de Deus, e beijou-lhe. <br><span><sup><b>28<\/b><\/sup><\/span> Ent\u00e3o contou Mois\u00e9s a Ar\u00e3o todas as palavras do SENHOR que lhe enviava, e todas o sinais que lhe havia dado. <br><span><sup><b>29<\/b><\/sup><\/span> E foram Mois\u00e9s e Ar\u00e3o, e juntaram todos os anci\u00e3os dos filhos de Israel: <br><span><sup><b>30<\/b><\/sup><\/span> E falou Ar\u00e3o todas as palavras que o SENHOR havia dito a Mois\u00e9s, e fez o sinais diante dos olhos do povo. <br><span><sup><b>31<\/b><\/sup><\/span> E o povo creu: e ouvindo que o SENHOR havia visitado os filhos de Israel, e que havia visto sua afli\u00e7\u00e3o, inclinaram-se e adoraram.<\/span><\/p>\n\n\n\n<div class=\"wp-block-columns is-layout-flex wp-container-core-columns-is-layout-9d6595d7 wp-block-columns-is-layout-flex\">\n<div class=\"wp-block-column is-layout-flow wp-block-column-is-layout-flow\">\n<p><a href=\"\/exodo-3\">\u00caxodo 3<\/a><\/p>\n<\/div>\n\n\n\n<div class=\"wp-block-column is-layout-flow wp-block-column-is-layout-flow\">\n<p class=\"has-text-align-right\"><a href=\"\/exodo-5\">\u00caxodo 5<\/a><\/p>\n<\/div>\n<\/div>\n\n\n\n<h2 class=\"wp-block-heading\">Descri\u00e7\u00e3o &#8211; \u00caxodo 4<\/h2>\n\n\n\n<p class=\"has-medium-font-size\">\u00caxodo 4 destaca os primeiros passos de Mois\u00e9s como l\u00edder escolhido por Deus para libertar Israel. Ainda relutante, Mois\u00e9s recebe de Deus sinais milagrosos, como a transforma\u00e7\u00e3o de um cajado em serpente, para demonstrar Seu poder aos israelitas e ao fara\u00f3. Apesar de suas obje\u00e7\u00f5es, incluindo sua dificuldade de fala, Deus o assegura e designa Ar\u00e3o como porta-voz. Ao retornar ao Egito, Mois\u00e9s come\u00e7a a cumprir sua miss\u00e3o, unindo-se a Ar\u00e3o para enfrentar o fara\u00f3. Este cap\u00edtulo conecta o chamado divino em \u00caxodo 3 \u00e0 a\u00e7\u00e3o concreta, preparando o cen\u00e1rio para as pragas e a reden\u00e7\u00e3o do povo hebreu.<\/p>\n\n\n\n<h3 class=\"wp-block-heading\">Livro do \u00caxodo:<\/h3>\n\n\n<ul class=\"wp-block-page-list\"><li class=\"wp-block-pages-list__item\"><a class=\"wp-block-pages-list__item__link\" href=\"https:\/\/bibliapresente.com\/postagens\/livros-da-biblia\/exodo\/exodo-1\/\">\u00caxodo 1 &#8211; O Nascimento de Mois\u00e9s<\/a><\/li><li class=\"wp-block-pages-list__item\"><a class=\"wp-block-pages-list__item__link\" href=\"https:\/\/bibliapresente.com\/postagens\/livros-da-biblia\/exodo\/exodo-2\/\">\u00caxodo 2 &#8211; Mois\u00e9s no Pal\u00e1cio do Fara\u00f3<\/a><\/li><li class=\"wp-block-pages-list__item\"><a class=\"wp-block-pages-list__item__link\" href=\"https:\/\/bibliapresente.com\/postagens\/livros-da-biblia\/exodo\/exodo-3\/\">\u00caxodo 3 &#8211; O Chamado de Mois\u00e9s<\/a><\/li><li class=\"wp-block-pages-list__item\"><a class=\"wp-block-pages-list__item__link\" href=\"https:\/\/bibliapresente.com\/postagens\/livros-da-biblia\/exodo\/exodo-4\/\">\u00caxodo 4 &#8211; Deus D\u00e1 Sinais a Mois\u00e9s<\/a><\/li><li class=\"wp-block-pages-list__item\"><a class=\"wp-block-pages-list__item__link\" href=\"https:\/\/bibliapresente.com\/postagens\/livros-da-biblia\/exodo\/exodo-5\/\">\u00caxodo 5 &#8211; Mois\u00e9s e Ar\u00e3o Conrontam Fara\u00f3<\/a><\/li><li class=\"wp-block-pages-list__item\"><a class=\"wp-block-pages-list__item__link\" href=\"https:\/\/bibliapresente.com\/postagens\/livros-da-biblia\/exodo\/exodo-6\/\">\u00caxodo 6 &#8211; Deus promete livramento<\/a><\/li><li class=\"wp-block-pages-list__item\"><a class=\"wp-block-pages-list__item__link\" href=\"https:\/\/bibliapresente.com\/postagens\/livros-da-biblia\/exodo\/exodo-7\/\">\u00caxodo 7 &#8211; A Primeira Praga: Sangue<\/a><\/li><li class=\"wp-block-pages-list__item\"><a class=\"wp-block-pages-list__item__link\" href=\"https:\/\/bibliapresente.com\/postagens\/livros-da-biblia\/exodo\/exodo-8\/\">\u00caxodo 8 &#8211; Pragas: R\u00e3s, Piolhos e Moscas<\/a><\/li><li class=\"wp-block-pages-list__item\"><a class=\"wp-block-pages-list__item__link\" href=\"https:\/\/bibliapresente.com\/postagens\/livros-da-biblia\/exodo\/exodo-9\/\">\u00caxodo 9 &#8211; Pragas: Peste, \u00dalceras, Granizo<\/a><\/li><li class=\"wp-block-pages-list__item\"><a class=\"wp-block-pages-list__item__link\" href=\"https:\/\/bibliapresente.com\/postagens\/livros-da-biblia\/exodo\/exodo-10\/\">\u00caxodo 10 &#8211; Pragas: Gafanhotos e Trevas<\/a><\/li><li class=\"wp-block-pages-list__item\"><a class=\"wp-block-pages-list__item__link\" href=\"https:\/\/bibliapresente.com\/postagens\/livros-da-biblia\/exodo\/exodo-11\/\">\u00caxodo 11 &#8211; Deus anuncia a \u00faltima praga<\/a><\/li><li class=\"wp-block-pages-list__item\"><a class=\"wp-block-pages-list__item__link\" href=\"https:\/\/bibliapresente.com\/postagens\/livros-da-biblia\/exodo\/exodo-12\/\">\u00caxodo 12 &#8211; A P\u00e1scoa e a Liberta\u00e7\u00e3o<\/a><\/li><li class=\"wp-block-pages-list__item\"><a class=\"wp-block-pages-list__item__link\" href=\"https:\/\/bibliapresente.com\/postagens\/livros-da-biblia\/exodo\/exodo-13\/\">\u00caxodo 13 &#8211; A Consagra\u00e7\u00e3o dos Primog\u00eanitos<\/a><\/li><li class=\"wp-block-pages-list__item\"><a class=\"wp-block-pages-list__item__link\" href=\"https:\/\/bibliapresente.com\/postagens\/livros-da-biblia\/exodo\/exodo-14\/\">\u00caxodo 14 &#8211; A Travessia do Mar Vermelho<\/a><\/li><li class=\"wp-block-pages-list__item\"><a class=\"wp-block-pages-list__item__link\" href=\"https:\/\/bibliapresente.com\/postagens\/livros-da-biblia\/exodo\/exodo-15\/\">\u00caxodo 15 &#8211; O C\u00e2ntico de Mois\u00e9s<\/a><\/li><li class=\"wp-block-pages-list__item\"><a class=\"wp-block-pages-list__item__link\" href=\"https:\/\/bibliapresente.com\/postagens\/livros-da-biblia\/exodo\/exodo-16\/\">\u00caxodo 16 &#8211; O Man\u00e1 no Deserto<\/a><\/li><li class=\"wp-block-pages-list__item\"><a class=\"wp-block-pages-list__item__link\" href=\"https:\/\/bibliapresente.com\/postagens\/livros-da-biblia\/exodo\/exodo-17\/\">\u00caxodo 17 &#8211; \u00c1gua Brotando da Rocha<\/a><\/li><li class=\"wp-block-pages-list__item\"><a class=\"wp-block-pages-list__item__link\" href=\"https:\/\/bibliapresente.com\/postagens\/livros-da-biblia\/exodo\/exodo-18\/\">\u00caxodo 18 &#8211; Os Conselhos de Jetro<\/a><\/li><li class=\"wp-block-pages-list__item\"><a class=\"wp-block-pages-list__item__link\" href=\"https:\/\/bibliapresente.com\/postagens\/livros-da-biblia\/exodo\/exodo-19\/\">\u00caxodo 19 &#8211; A Chegada ao Monte Sinai<\/a><\/li><li class=\"wp-block-pages-list__item\"><a class=\"wp-block-pages-list__item__link\" href=\"https:\/\/bibliapresente.com\/postagens\/livros-da-biblia\/exodo\/exodo-20\/\">\u00caxodo 20 &#8211; Os Dez Mandamentos<\/a><\/li><li class=\"wp-block-pages-list__item\"><a class=\"wp-block-pages-list__item__link\" href=\"https:\/\/bibliapresente.com\/postagens\/livros-da-biblia\/exodo\/exodo-21\/\">\u00caxodo 21 &#8211; Leis Sobre Justi\u00e7a Social<\/a><\/li><li class=\"wp-block-pages-list__item\"><a class=\"wp-block-pages-list__item__link\" href=\"https:\/\/bibliapresente.com\/postagens\/livros-da-biblia\/exodo\/exodo-22\/\">\u00caxodo 22 &#8211; Leis Sobre Danos e Repara\u00e7\u00e3o<\/a><\/li><li class=\"wp-block-pages-list__item\"><a class=\"wp-block-pages-list__item__link\" href=\"https:\/\/bibliapresente.com\/postagens\/livros-da-biblia\/exodo\/exodo-23\/\">\u00caxodo 23 &#8211; Leis de Justi\u00e7a e Festividades<\/a><\/li><li class=\"wp-block-pages-list__item\"><a class=\"wp-block-pages-list__item__link\" href=\"https:\/\/bibliapresente.com\/postagens\/livros-da-biblia\/exodo\/exodo-24\/\">\u00caxodo 24 &#8211; A Confirma\u00e7\u00e3o da Alian\u00e7a<\/a><\/li><li class=\"wp-block-pages-list__item\"><a class=\"wp-block-pages-list__item__link\" href=\"https:\/\/bibliapresente.com\/postagens\/livros-da-biblia\/exodo\/exodo-25\/\">\u00caxodo 25 &#8211; Arca da Alian\u00e7a e Tabern\u00e1culo<\/a><\/li><li class=\"wp-block-pages-list__item\"><a class=\"wp-block-pages-list__item__link\" href=\"https:\/\/bibliapresente.com\/postagens\/livros-da-biblia\/exodo\/exodo-26\/\">\u00caxodo 26 &#8211; Construindo o Tabern\u00e1culo<\/a><\/li><li class=\"wp-block-pages-list__item\"><a class=\"wp-block-pages-list__item__link\" href=\"https:\/\/bibliapresente.com\/postagens\/livros-da-biblia\/exodo\/exodo-27\/\">\u00caxodo 27 &#8211; O Altar de Bronze<\/a><\/li><li class=\"wp-block-pages-list__item\"><a class=\"wp-block-pages-list__item__link\" href=\"https:\/\/bibliapresente.com\/postagens\/livros-da-biblia\/exodo\/exodo-28\/\">\u00caxodo 28 &#8211; O Vestu\u00e1rio dos Sacerdotes<\/a><\/li><li class=\"wp-block-pages-list__item\"><a class=\"wp-block-pages-list__item__link\" href=\"https:\/\/bibliapresente.com\/postagens\/livros-da-biblia\/exodo\/exodo-29\/\">\u00caxodo 29 &#8211; Consagra\u00e7\u00e3o de Ar\u00e3o<\/a><\/li><li class=\"wp-block-pages-list__item\"><a class=\"wp-block-pages-list__item__link\" href=\"https:\/\/bibliapresente.com\/postagens\/livros-da-biblia\/exodo\/exodo-30\/\">\u00caxodo 30 &#8211; O Altar do Incenso<\/a><\/li><li class=\"wp-block-pages-list__item\"><a class=\"wp-block-pages-list__item__link\" href=\"https:\/\/bibliapresente.com\/postagens\/livros-da-biblia\/exodo\/exodo-31\/\">\u00caxodo 31 &#8211; O S\u00e1bado<\/a><\/li><li class=\"wp-block-pages-list__item\"><a class=\"wp-block-pages-list__item__link\" href=\"https:\/\/bibliapresente.com\/postagens\/livros-da-biblia\/exodo\/exodo-32\/\">\u00caxodo 32 &#8211; O Bezerro de Ouro<\/a><\/li><li class=\"wp-block-pages-list__item\"><a class=\"wp-block-pages-list__item__link\" href=\"https:\/\/bibliapresente.com\/postagens\/livros-da-biblia\/exodo\/exodo-33\/\">\u00caxodo 33 &#8211; Deus promete a Sua presen\u00e7a<\/a><\/li><li class=\"wp-block-pages-list__item\"><a class=\"wp-block-pages-list__item__link\" href=\"https:\/\/bibliapresente.com\/postagens\/livros-da-biblia\/exodo\/exodo-34\/\">\u00caxodo 34 &#8211; A Renova\u00e7\u00e3o da Alian\u00e7a<\/a><\/li><li class=\"wp-block-pages-list__item\"><a class=\"wp-block-pages-list__item__link\" href=\"https:\/\/bibliapresente.com\/postagens\/livros-da-biblia\/exodo\/exodo-35\/\">\u00caxodo 35 &#8211; A Oferta do Povo<\/a><\/li><li class=\"wp-block-pages-list__item\"><a class=\"wp-block-pages-list__item__link\" href=\"https:\/\/bibliapresente.com\/postagens\/livros-da-biblia\/exodo\/exodo-36\/\">\u00caxodo 36 &#8211; A Constru\u00e7\u00e3o do Tabern\u00e1culo<\/a><\/li><li class=\"wp-block-pages-list__item\"><a class=\"wp-block-pages-list__item__link\" href=\"https:\/\/bibliapresente.com\/postagens\/livros-da-biblia\/exodo\/exodo-37\/\">\u00caxodo 37 &#8211; A Arca, a Mesa e o Candelabro<\/a><\/li><li class=\"wp-block-pages-list__item\"><a class=\"wp-block-pages-list__item__link\" href=\"https:\/\/bibliapresente.com\/postagens\/livros-da-biblia\/exodo\/exodo-38\/\">\u00caxodo 38 &#8211; O Altar de Bronze<\/a><\/li><li class=\"wp-block-pages-list__item\"><a class=\"wp-block-pages-list__item__link\" href=\"https:\/\/bibliapresente.com\/postagens\/livros-da-biblia\/exodo\/exodo-39\/\">\u00caxodo 39 &#8211; A Confec\u00e7\u00e3o das Vestes<\/a><\/li><li class=\"wp-block-pages-list__item\"><a class=\"wp-block-pages-list__item__link\" href=\"https:\/\/bibliapresente.com\/postagens\/livros-da-biblia\/exodo\/exodo-40\/\">\u00caxodo 40 &#8211; A Consagra\u00e7\u00e3o do Tabern\u00e1culo<\/a><\/li><\/ul>\n\n\n<p><\/p>\n","protected":false},"excerpt":{"rendered":"<p>A vara de Mois\u00e9s torna-se uma cobra 1 Ent\u00e3o Mois\u00e9s respondeu, e disse: Eis que eles n\u00e3o crer\u00e3o em mim, nem ouvir\u00e3o minha voz; porque dir\u00e3o: N\u00e3o te apareceu o SENHOR. 2 E o SENHOR disse: Que \u00e9 isso que tens em tua m\u00e3o? E ele respondeu: Uma vara. 3 E ele lhe disse: Lan\u00e7a-a &hellip; <\/p>\n","protected":false},"author":2,"featured_media":583,"parent":581,"menu_order":4,"comment_status":"closed","ping_status":"closed","template":"","meta":{"om_disable_all_campaigns":false,"_monsterinsights_skip_tracking":false,"_monsterinsights_sitenote_active":false,"_monsterinsights_sitenote_note":"","_monsterinsights_sitenote_category":0,"footnotes":""},"class_list":["post-593","page","type-page","status-publish","has-post-thumbnail","hentry"],"aioseo_notices":[],"_links":{"self":[{"href":"https:\/\/bibliapresente.com\/postagens\/wp-json\/wp\/v2\/pages\/593","targetHints":{"allow":["GET"]}}],"collection":[{"href":"https:\/\/bibliapresente.com\/postagens\/wp-json\/wp\/v2\/pages"}],"about":[{"href":"https:\/\/bibliapresente.com\/postagens\/wp-json\/wp\/v2\/types\/page"}],"author":[{"embeddable":true,"href":"https:\/\/bibliapresente.com\/postagens\/wp-json\/wp\/v2\/users\/2"}],"replies":[{"embeddable":true,"href":"https:\/\/bibliapresente.com\/postagens\/wp-json\/wp\/v2\/comments?post=593"}],"version-history":[{"count":5,"href":"https:\/\/bibliapresente.com\/postagens\/wp-json\/wp\/v2\/pages\/593\/revisions"}],"predecessor-version":[{"id":1151,"href":"https:\/\/bibliapresente.com\/postagens\/wp-json\/wp\/v2\/pages\/593\/revisions\/1151"}],"up":[{"embeddable":true,"href":"https:\/\/bibliapresente.com\/postagens\/wp-json\/wp\/v2\/pages\/581"}],"wp:featuredmedia":[{"embeddable":true,"href":"https:\/\/bibliapresente.com\/postagens\/wp-json\/wp\/v2\/media\/583"}],"wp:attachment":[{"href":"https:\/\/bibliapresente.com\/postagens\/wp-json\/wp\/v2\/media?parent=593"}],"curies":[{"name":"wp","href":"https:\/\/api.w.org\/{rel}","templated":true}]}}