{"id":591,"date":"2025-01-25T14:28:58","date_gmt":"2025-01-25T17:28:58","guid":{"rendered":"https:\/\/bibliapresente.com\/postagens\/?page_id=591"},"modified":"2025-01-26T21:00:16","modified_gmt":"2025-01-27T00:00:16","slug":"exodo-3","status":"publish","type":"page","link":"https:\/\/bibliapresente.com\/postagens\/livros-da-biblia\/exodo\/exodo-3\/","title":{"rendered":"\u00caxodo 3 &#8211; O Chamado de Mois\u00e9s"},"content":{"rendered":"\n<h3 class=\"wp-block-heading\">Deus fala com Mois\u00e9s do meio da sar\u00e7a ardente<\/h3>\n\n\n\n<p class=\"has-medium-font-size\" style=\"letter-spacing:1px\"><span><span><sup><b>1<\/b><\/sup><\/span> E apascentando Mois\u00e9s as ovelhas de Jetro seu sogro, sacerdote de Midi\u00e3, levou as ovelhas detr\u00e1s do deserto, e veio a Horebe, monte de Deus. <br><span><sup><b>2<\/b><\/sup><\/span> E apareceu-lhe o anjo do SENHOR em uma chama de fogo em meio de uma sar\u00e7a: e ele olhou, e viu que a sar\u00e7a ardia em fogo, e a sar\u00e7a n\u00e3o se consumia. <br><span><sup><b>3<\/b><\/sup><\/span> Ent\u00e3o Mois\u00e9s disse: Irei eu agora, e verei esta grande vis\u00e3o, por que causa a sar\u00e7a n\u00e3o se queima. <br><span><sup><b>4<\/b><\/sup><\/span> E vendo o SENHOR que ia a ver, chamou-o Deus do meio da sar\u00e7a, e disse: Mois\u00e9s, Mois\u00e9s! E ele respondeu: Eis-me aqui. <br><span><sup><b>5<\/b><\/sup><\/span> E disse: N\u00e3o te chegues aqui: tira teus sapatos de teus p\u00e9s, porque o lugar em que tu est\u00e1s, terra santa \u00e9. <br><span><sup><b>6<\/b><\/sup><\/span> E disse: Eu sou o Deus de teu pai, Deus de Abra\u00e3o, Deus de Isaque, Deus de Jac\u00f3. Ent\u00e3o Mois\u00e9s cobriu seu rosto, porque teve medo de olhar a Deus. <br><span><sup><b>7<\/b><\/sup><\/span> E disse o SENHOR: Bem vi a afli\u00e7\u00e3o de meu povo que est\u00e1 em Egito, e ouvi seu clamor por causa de seus opressores; pois conhe\u00e7o suas ang\u00fastias: <br><span><sup><b>8<\/b><\/sup><\/span> E desci para livr\u00e1-los da m\u00e3o dos eg\u00edpcios, e tir\u00e1-los daquela terra a uma terra boa e larga, a terra que flui leite e mel, aos lugares dos cananeus, dos heteus, dos amorreus, dos perizeus, dos heveus, e dos jebuseus. <br><span><sup><b>9<\/b><\/sup><\/span> O clamor, pois, dos filhos de Israel veio diante de mim, e tamb\u00e9m vi a opress\u00e3o com que os eg\u00edpcios os oprimem. <br><span><sup><b>10<\/b><\/sup><\/span> Vem, portanto, agora, e te enviarei a Fara\u00f3, para que tires a meu povo, os filhos de Israel, do Egito. <br><span><sup><b>11<\/b><\/sup><\/span> Ent\u00e3o Mois\u00e9s respondeu a Deus: Quem sou eu, para que v\u00e1 a Fara\u00f3, e tire do Egito aos filhos de Israel? <br><span><sup><b>12<\/b><\/sup><\/span> E ele lhe respondeu: Vai, porque eu serei contigo; e isto te ser\u00e1 por sinal de que eu te enviei: logo que houveres tirado este povo do Egito, servireis a Deus sobre este monte. <br><span><sup><b>13<\/b><\/sup><\/span> E disse Mois\u00e9s a Deus: Eis que chego eu aos filhos de Israel, e lhes digo, O Deus de vossos pais me enviou a v\u00f3s; se eles me perguntarem: Qual \u00e9 seu nome? que lhes responderei? <br><span><sup><b>14<\/b><\/sup><\/span> E respondeu Deus a Mois\u00e9s: EU SOU O QUE SOU. E disse: Assim dir\u00e1s aos filhos de Israel: EU SOU me enviou a v\u00f3s. <br><span><sup><b>15<\/b><\/sup><\/span> E disse mais Deus a Mois\u00e9s: Assim dir\u00e1s aos filhos de Israel: o SENHOR, o Deus de vossos pais, o Deus de Abra\u00e3o, Deus de Isaque e Deus de Jac\u00f3, me enviou a v\u00f3s. Este \u00e9 meu nome para sempre, este \u00e9 meu memorial por todos os s\u00e9culos. <br><span><sup><b>16<\/b><\/sup><\/span> Vai, e junta os anci\u00e3os de Israel, e dize-lhes: O SENHOR, o Deus de vossos pais, o Deus de Abra\u00e3o, de Isaque, e de Jac\u00f3, me apareceu, dizendo: Certamente vos visitei, e vi o que se faz convosco no Egito; <br><span><sup><b>17<\/b><\/sup><\/span> E disse: Eu vos tirarei da afli\u00e7\u00e3o do Egito \u00e0 terra dos cananeus, e dos heteus, e dos amorreus, e dos perizeus, e dos heveus, e dos jebuseus, a uma terra que flui leite e mel. <br><span><sup><b>18<\/b><\/sup><\/span> E ouvir\u00e3o tua voz; e ir\u00e1s tu, e os anci\u00e3os de Israel, ao rei do Egito, e lhe direis: O SENHOR, o Deus dos hebreus, nos encontrou; portanto n\u00f3s iremos agora caminho de tr\u00eas dias pelo deserto, para que sacrifiquemos ao SENHOR nosso Deus. <br><span><sup><b>19<\/b><\/sup><\/span> Mas eu sei que o rei do Egito n\u00e3o vos deixar\u00e1 ir a n\u00e3o ser por m\u00e3o forte. <br><span><sup><b>20<\/b><\/sup><\/span> Por\u00e9m eu estenderei minha m\u00e3o, e ferirei ao Egito com todas minhas maravilhas que farei nele, e ent\u00e3o vos deixar\u00e1 ir. <br><span><sup><b>21<\/b><\/sup><\/span> E eu darei a este povo favor aos olhos dos eg\u00edpcios, para que quando vos partirdes, n\u00e3o saiais vazios: <br><span><sup><b>22<\/b><\/sup><\/span> Em vez disso pedir\u00e1 cada mulher \u00e0 sua vizinha e \u00e0 sua visitante vasos de prata, vasos de ouro, e roupas; os quais poreis sobre vossos filhos e vossas filhas, e despojareis ao Egito.<\/span><\/p>\n\n\n\n<div class=\"wp-block-columns is-layout-flex wp-container-core-columns-is-layout-9d6595d7 wp-block-columns-is-layout-flex\">\n<div class=\"wp-block-column is-layout-flow wp-block-column-is-layout-flow\">\n<p><a href=\"\/exodo-2\">\u00caxodo 2<\/a><\/p>\n<\/div>\n\n\n\n<div class=\"wp-block-column is-layout-flow wp-block-column-is-layout-flow\">\n<p class=\"has-text-align-right\"><a href=\"\/exodo-4\">\u00caxodo 4<\/a><\/p>\n<\/div>\n<\/div>\n\n\n\n<h2 class=\"wp-block-heading\">Descri\u00e7\u00e3o &#8211; \u00caxodo 3<\/h2>\n\n\n\n<p class=\"has-medium-font-size\">\u00caxodo 3 narra o chamado de Mois\u00e9s por Deus, marcando um ponto crucial na hist\u00f3ria de liberta\u00e7\u00e3o de Israel. Enquanto pastoreia em Midi\u00e3, Mois\u00e9s encontra a sar\u00e7a ardente, onde Deus revela Seu nome como &#8220;Eu Sou&#8221; e o convoca para libertar os israelitas da escravid\u00e3o no Egito. Mois\u00e9s hesita, mas Deus promete Sua presen\u00e7a e poder. Este cap\u00edtulo conecta o sofrimento do povo hebreu ao plano divino de reden\u00e7\u00e3o, estabelecendo Mois\u00e9s como o l\u00edder escolhido. Aqui come\u00e7a a miss\u00e3o que culminar\u00e1 na travessia do mar Vermelho e no recebimento da Lei, pilares da narrativa do livro de \u00caxodo.<\/p>\n\n\n\n<h3 class=\"wp-block-heading\">Livro do \u00caxodo:<\/h3>\n\n\n<ul class=\"wp-block-page-list\"><li class=\"wp-block-pages-list__item\"><a class=\"wp-block-pages-list__item__link\" href=\"https:\/\/bibliapresente.com\/postagens\/livros-da-biblia\/exodo\/exodo-1\/\">\u00caxodo 1 &#8211; O Nascimento de Mois\u00e9s<\/a><\/li><li class=\"wp-block-pages-list__item\"><a class=\"wp-block-pages-list__item__link\" href=\"https:\/\/bibliapresente.com\/postagens\/livros-da-biblia\/exodo\/exodo-2\/\">\u00caxodo 2 &#8211; Mois\u00e9s no Pal\u00e1cio do Fara\u00f3<\/a><\/li><li class=\"wp-block-pages-list__item\"><a class=\"wp-block-pages-list__item__link\" href=\"https:\/\/bibliapresente.com\/postagens\/livros-da-biblia\/exodo\/exodo-3\/\">\u00caxodo 3 &#8211; O Chamado de Mois\u00e9s<\/a><\/li><li class=\"wp-block-pages-list__item\"><a class=\"wp-block-pages-list__item__link\" href=\"https:\/\/bibliapresente.com\/postagens\/livros-da-biblia\/exodo\/exodo-4\/\">\u00caxodo 4 &#8211; Deus D\u00e1 Sinais a Mois\u00e9s<\/a><\/li><li class=\"wp-block-pages-list__item\"><a class=\"wp-block-pages-list__item__link\" href=\"https:\/\/bibliapresente.com\/postagens\/livros-da-biblia\/exodo\/exodo-5\/\">\u00caxodo 5 &#8211; Mois\u00e9s e Ar\u00e3o Conrontam Fara\u00f3<\/a><\/li><li class=\"wp-block-pages-list__item\"><a class=\"wp-block-pages-list__item__link\" href=\"https:\/\/bibliapresente.com\/postagens\/livros-da-biblia\/exodo\/exodo-6\/\">\u00caxodo 6 &#8211; Deus promete livramento<\/a><\/li><li class=\"wp-block-pages-list__item\"><a class=\"wp-block-pages-list__item__link\" href=\"https:\/\/bibliapresente.com\/postagens\/livros-da-biblia\/exodo\/exodo-7\/\">\u00caxodo 7 &#8211; A Primeira Praga: Sangue<\/a><\/li><li class=\"wp-block-pages-list__item\"><a class=\"wp-block-pages-list__item__link\" href=\"https:\/\/bibliapresente.com\/postagens\/livros-da-biblia\/exodo\/exodo-8\/\">\u00caxodo 8 &#8211; Pragas: R\u00e3s, Piolhos e Moscas<\/a><\/li><li class=\"wp-block-pages-list__item\"><a class=\"wp-block-pages-list__item__link\" href=\"https:\/\/bibliapresente.com\/postagens\/livros-da-biblia\/exodo\/exodo-9\/\">\u00caxodo 9 &#8211; Pragas: Peste, \u00dalceras, Granizo<\/a><\/li><li class=\"wp-block-pages-list__item\"><a class=\"wp-block-pages-list__item__link\" href=\"https:\/\/bibliapresente.com\/postagens\/livros-da-biblia\/exodo\/exodo-10\/\">\u00caxodo 10 &#8211; Pragas: Gafanhotos e Trevas<\/a><\/li><li class=\"wp-block-pages-list__item\"><a class=\"wp-block-pages-list__item__link\" href=\"https:\/\/bibliapresente.com\/postagens\/livros-da-biblia\/exodo\/exodo-11\/\">\u00caxodo 11 &#8211; Deus anuncia a \u00faltima praga<\/a><\/li><li class=\"wp-block-pages-list__item\"><a class=\"wp-block-pages-list__item__link\" href=\"https:\/\/bibliapresente.com\/postagens\/livros-da-biblia\/exodo\/exodo-12\/\">\u00caxodo 12 &#8211; A P\u00e1scoa e a Liberta\u00e7\u00e3o<\/a><\/li><li class=\"wp-block-pages-list__item\"><a class=\"wp-block-pages-list__item__link\" href=\"https:\/\/bibliapresente.com\/postagens\/livros-da-biblia\/exodo\/exodo-13\/\">\u00caxodo 13 &#8211; A Consagra\u00e7\u00e3o dos Primog\u00eanitos<\/a><\/li><li class=\"wp-block-pages-list__item\"><a class=\"wp-block-pages-list__item__link\" href=\"https:\/\/bibliapresente.com\/postagens\/livros-da-biblia\/exodo\/exodo-14\/\">\u00caxodo 14 &#8211; A Travessia do Mar Vermelho<\/a><\/li><li class=\"wp-block-pages-list__item\"><a class=\"wp-block-pages-list__item__link\" href=\"https:\/\/bibliapresente.com\/postagens\/livros-da-biblia\/exodo\/exodo-15\/\">\u00caxodo 15 &#8211; O C\u00e2ntico de Mois\u00e9s<\/a><\/li><li class=\"wp-block-pages-list__item\"><a class=\"wp-block-pages-list__item__link\" href=\"https:\/\/bibliapresente.com\/postagens\/livros-da-biblia\/exodo\/exodo-16\/\">\u00caxodo 16 &#8211; O Man\u00e1 no Deserto<\/a><\/li><li class=\"wp-block-pages-list__item\"><a class=\"wp-block-pages-list__item__link\" href=\"https:\/\/bibliapresente.com\/postagens\/livros-da-biblia\/exodo\/exodo-17\/\">\u00caxodo 17 &#8211; \u00c1gua Brotando da Rocha<\/a><\/li><li class=\"wp-block-pages-list__item\"><a class=\"wp-block-pages-list__item__link\" href=\"https:\/\/bibliapresente.com\/postagens\/livros-da-biblia\/exodo\/exodo-18\/\">\u00caxodo 18 &#8211; Os Conselhos de Jetro<\/a><\/li><li class=\"wp-block-pages-list__item\"><a class=\"wp-block-pages-list__item__link\" href=\"https:\/\/bibliapresente.com\/postagens\/livros-da-biblia\/exodo\/exodo-19\/\">\u00caxodo 19 &#8211; A Chegada ao Monte Sinai<\/a><\/li><li class=\"wp-block-pages-list__item\"><a class=\"wp-block-pages-list__item__link\" href=\"https:\/\/bibliapresente.com\/postagens\/livros-da-biblia\/exodo\/exodo-20\/\">\u00caxodo 20 &#8211; Os Dez Mandamentos<\/a><\/li><li class=\"wp-block-pages-list__item\"><a class=\"wp-block-pages-list__item__link\" href=\"https:\/\/bibliapresente.com\/postagens\/livros-da-biblia\/exodo\/exodo-21\/\">\u00caxodo 21 &#8211; Leis Sobre Justi\u00e7a Social<\/a><\/li><li class=\"wp-block-pages-list__item\"><a class=\"wp-block-pages-list__item__link\" href=\"https:\/\/bibliapresente.com\/postagens\/livros-da-biblia\/exodo\/exodo-22\/\">\u00caxodo 22 &#8211; Leis Sobre Danos e Repara\u00e7\u00e3o<\/a><\/li><li class=\"wp-block-pages-list__item\"><a class=\"wp-block-pages-list__item__link\" href=\"https:\/\/bibliapresente.com\/postagens\/livros-da-biblia\/exodo\/exodo-23\/\">\u00caxodo 23 &#8211; Leis de Justi\u00e7a e Festividades<\/a><\/li><li class=\"wp-block-pages-list__item\"><a class=\"wp-block-pages-list__item__link\" href=\"https:\/\/bibliapresente.com\/postagens\/livros-da-biblia\/exodo\/exodo-24\/\">\u00caxodo 24 &#8211; A Confirma\u00e7\u00e3o da Alian\u00e7a<\/a><\/li><li class=\"wp-block-pages-list__item\"><a class=\"wp-block-pages-list__item__link\" href=\"https:\/\/bibliapresente.com\/postagens\/livros-da-biblia\/exodo\/exodo-25\/\">\u00caxodo 25 &#8211; Arca da Alian\u00e7a e Tabern\u00e1culo<\/a><\/li><li class=\"wp-block-pages-list__item\"><a class=\"wp-block-pages-list__item__link\" href=\"https:\/\/bibliapresente.com\/postagens\/livros-da-biblia\/exodo\/exodo-26\/\">\u00caxodo 26 &#8211; Construindo o Tabern\u00e1culo<\/a><\/li><li class=\"wp-block-pages-list__item\"><a class=\"wp-block-pages-list__item__link\" href=\"https:\/\/bibliapresente.com\/postagens\/livros-da-biblia\/exodo\/exodo-27\/\">\u00caxodo 27 &#8211; O Altar de Bronze<\/a><\/li><li class=\"wp-block-pages-list__item\"><a class=\"wp-block-pages-list__item__link\" href=\"https:\/\/bibliapresente.com\/postagens\/livros-da-biblia\/exodo\/exodo-28\/\">\u00caxodo 28 &#8211; O Vestu\u00e1rio dos Sacerdotes<\/a><\/li><li class=\"wp-block-pages-list__item\"><a class=\"wp-block-pages-list__item__link\" href=\"https:\/\/bibliapresente.com\/postagens\/livros-da-biblia\/exodo\/exodo-29\/\">\u00caxodo 29 &#8211; Consagra\u00e7\u00e3o de Ar\u00e3o<\/a><\/li><li class=\"wp-block-pages-list__item\"><a class=\"wp-block-pages-list__item__link\" href=\"https:\/\/bibliapresente.com\/postagens\/livros-da-biblia\/exodo\/exodo-30\/\">\u00caxodo 30 &#8211; O Altar do Incenso<\/a><\/li><li class=\"wp-block-pages-list__item\"><a class=\"wp-block-pages-list__item__link\" href=\"https:\/\/bibliapresente.com\/postagens\/livros-da-biblia\/exodo\/exodo-31\/\">\u00caxodo 31 &#8211; O S\u00e1bado<\/a><\/li><li class=\"wp-block-pages-list__item\"><a class=\"wp-block-pages-list__item__link\" href=\"https:\/\/bibliapresente.com\/postagens\/livros-da-biblia\/exodo\/exodo-32\/\">\u00caxodo 32 &#8211; O Bezerro de Ouro<\/a><\/li><li class=\"wp-block-pages-list__item\"><a class=\"wp-block-pages-list__item__link\" href=\"https:\/\/bibliapresente.com\/postagens\/livros-da-biblia\/exodo\/exodo-33\/\">\u00caxodo 33 &#8211; Deus promete a Sua presen\u00e7a<\/a><\/li><li class=\"wp-block-pages-list__item\"><a class=\"wp-block-pages-list__item__link\" href=\"https:\/\/bibliapresente.com\/postagens\/livros-da-biblia\/exodo\/exodo-34\/\">\u00caxodo 34 &#8211; A Renova\u00e7\u00e3o da Alian\u00e7a<\/a><\/li><li class=\"wp-block-pages-list__item\"><a class=\"wp-block-pages-list__item__link\" href=\"https:\/\/bibliapresente.com\/postagens\/livros-da-biblia\/exodo\/exodo-35\/\">\u00caxodo 35 &#8211; A Oferta do Povo<\/a><\/li><li class=\"wp-block-pages-list__item\"><a class=\"wp-block-pages-list__item__link\" href=\"https:\/\/bibliapresente.com\/postagens\/livros-da-biblia\/exodo\/exodo-36\/\">\u00caxodo 36 &#8211; A Constru\u00e7\u00e3o do Tabern\u00e1culo<\/a><\/li><li class=\"wp-block-pages-list__item\"><a class=\"wp-block-pages-list__item__link\" href=\"https:\/\/bibliapresente.com\/postagens\/livros-da-biblia\/exodo\/exodo-37\/\">\u00caxodo 37 &#8211; A Arca, a Mesa e o Candelabro<\/a><\/li><li class=\"wp-block-pages-list__item\"><a class=\"wp-block-pages-list__item__link\" href=\"https:\/\/bibliapresente.com\/postagens\/livros-da-biblia\/exodo\/exodo-38\/\">\u00caxodo 38 &#8211; O Altar de Bronze<\/a><\/li><li class=\"wp-block-pages-list__item\"><a class=\"wp-block-pages-list__item__link\" href=\"https:\/\/bibliapresente.com\/postagens\/livros-da-biblia\/exodo\/exodo-39\/\">\u00caxodo 39 &#8211; A Confec\u00e7\u00e3o das Vestes<\/a><\/li><li class=\"wp-block-pages-list__item\"><a class=\"wp-block-pages-list__item__link\" href=\"https:\/\/bibliapresente.com\/postagens\/livros-da-biblia\/exodo\/exodo-40\/\">\u00caxodo 40 &#8211; A Consagra\u00e7\u00e3o do Tabern\u00e1culo<\/a><\/li><\/ul>\n\n\n<p><\/p>\n","protected":false},"excerpt":{"rendered":"<p>Deus fala com Mois\u00e9s do meio da sar\u00e7a ardente 1 E apascentando Mois\u00e9s as ovelhas de Jetro seu sogro, sacerdote de Midi\u00e3, levou as ovelhas detr\u00e1s do deserto, e veio a Horebe, monte de Deus. 2 E apareceu-lhe o anjo do SENHOR em uma chama de fogo em meio de uma sar\u00e7a: e ele olhou, &hellip; <\/p>\n","protected":false},"author":2,"featured_media":583,"parent":581,"menu_order":3,"comment_status":"closed","ping_status":"closed","template":"","meta":{"om_disable_all_campaigns":false,"_monsterinsights_skip_tracking":false,"_monsterinsights_sitenote_active":false,"_monsterinsights_sitenote_note":"","_monsterinsights_sitenote_category":0,"footnotes":""},"class_list":["post-591","page","type-page","status-publish","has-post-thumbnail","hentry"],"aioseo_notices":[],"_links":{"self":[{"href":"https:\/\/bibliapresente.com\/postagens\/wp-json\/wp\/v2\/pages\/591","targetHints":{"allow":["GET"]}}],"collection":[{"href":"https:\/\/bibliapresente.com\/postagens\/wp-json\/wp\/v2\/pages"}],"about":[{"href":"https:\/\/bibliapresente.com\/postagens\/wp-json\/wp\/v2\/types\/page"}],"author":[{"embeddable":true,"href":"https:\/\/bibliapresente.com\/postagens\/wp-json\/wp\/v2\/users\/2"}],"replies":[{"embeddable":true,"href":"https:\/\/bibliapresente.com\/postagens\/wp-json\/wp\/v2\/comments?post=591"}],"version-history":[{"count":4,"href":"https:\/\/bibliapresente.com\/postagens\/wp-json\/wp\/v2\/pages\/591\/revisions"}],"predecessor-version":[{"id":1141,"href":"https:\/\/bibliapresente.com\/postagens\/wp-json\/wp\/v2\/pages\/591\/revisions\/1141"}],"up":[{"embeddable":true,"href":"https:\/\/bibliapresente.com\/postagens\/wp-json\/wp\/v2\/pages\/581"}],"wp:featuredmedia":[{"embeddable":true,"href":"https:\/\/bibliapresente.com\/postagens\/wp-json\/wp\/v2\/media\/583"}],"wp:attachment":[{"href":"https:\/\/bibliapresente.com\/postagens\/wp-json\/wp\/v2\/media?parent=591"}],"curies":[{"name":"wp","href":"https:\/\/api.w.org\/{rel}","templated":true}]}}