{"id":589,"date":"2025-01-25T14:23:33","date_gmt":"2025-01-25T17:23:33","guid":{"rendered":"https:\/\/bibliapresente.com\/postagens\/?page_id=589"},"modified":"2025-01-26T20:59:00","modified_gmt":"2025-01-26T23:59:00","slug":"exodo-2","status":"publish","type":"page","link":"https:\/\/bibliapresente.com\/postagens\/livros-da-biblia\/exodo\/exodo-2\/","title":{"rendered":"\u00caxodo 2 &#8211; Mois\u00e9s no Pal\u00e1cio do Fara\u00f3"},"content":{"rendered":"\n<h3 class=\"wp-block-heading\">O nascimento de Mois\u00e9s<\/h3>\n\n\n\n<p class=\"has-medium-font-size\" style=\"letter-spacing:1px\"><span><span><sup><b>1<\/b><\/sup><\/span> Um homem da fam\u00edlia de Levi foi, e tomou por mulher uma filha de Levi: <br><span><sup><b>2<\/b><\/sup><\/span> A qual concebeu, e deu \u00e0 luz um filho: e vendo-o que era belo, teve-lhe escondido tr\u00eas meses. <br><span><sup><b>3<\/b><\/sup><\/span> Por\u00e9m n\u00e3o podendo ocultar-lhe mais tempo, tomou uma cesta de juncos, e vedou-a com piche e betume, e colocou nela ao menino, e o p\u00f4s entre os juncos \u00e0 beira do rio: <br><span><sup><b>4<\/b><\/sup><\/span> E ficou parada uma irm\u00e3 sua ao longe, para ver o que lhe aconteceria. <br><span><sup><b>5<\/b><\/sup><\/span> E a filha de Fara\u00f3 desceu a lavar-se ao rio, e passeando suas virgens pela beira do rio, viu ela a cesta entre os juncos, e enviou uma criada sua a que a tomasse. <br><span><sup><b>6<\/b><\/sup><\/span> E quando a abriu, viu ao menino; e eis que o menino chorava. E tendo compaix\u00e3o dele, disse: Dos meninos dos hebreus \u00e9 este. <br><span><sup><b>7<\/b><\/sup><\/span> Ent\u00e3o sua irm\u00e3 disse \u00e0 filha de Fara\u00f3: Irei a chamar-te uma ama das hebreias, para que te crie este menino? <br><span><sup><b>8<\/b><\/sup><\/span> E a filha de Fara\u00f3 respondeu: Vai. Ent\u00e3o foi a virgem, e chamou \u00e0 m\u00e3e do menino; <br><span><sup><b>9<\/b><\/sup><\/span> \u00c0 qual disse a filha de Fara\u00f3: Leva este menino, e cria-o para mim, e eu te o pagarei. E a mulher tomou ao menino, e o criou. <br><span><sup><b>10<\/b><\/sup><\/span> E quando cresceu o menino, ela o trouxe \u00e0 filha de Fara\u00f3, a qual o adotou, e p\u00f4s-lhe por nome Mois\u00e9s, dizendo: Porque das \u00e1guas o tirei. <\/span><\/p>\n\n\n\n<h3 class=\"wp-block-heading\"><em>Mois\u00e9s mata um eg\u00edpcio e foge para Midi\u00e3<\/em><\/h3>\n\n\n\n<p class=\"has-medium-font-size\" style=\"letter-spacing:1px\"><span><span><sup><b>11<\/b><\/sup><\/span> E naqueles dias aconteceu que, crescido j\u00e1 Mois\u00e9s, saiu a seus irm\u00e3os, e viu suas cargas: e observou a um eg\u00edpcio que feria a um dos hebreus, seus irm\u00e3os. <br><span><sup><b>12<\/b><\/sup><\/span> E olhou a todas as partes, e vendo que n\u00e3o parecia ningu\u00e9m, matou ao eg\u00edpcio, e escondeu-o na areia. <br><span><sup><b>13<\/b><\/sup><\/span> E saiu ao dia seguinte, e vendo a dois hebreus que brigavam, disse ao que fazia a inj\u00faria: Por que feres a teu pr\u00f3ximo? <br><span><sup><b>14<\/b><\/sup><\/span> E ele respondeu: Quem te p\u00f4s a ti por pr\u00edncipe e juiz sobre n\u00f3s? Pensas matar-me como mataste ao eg\u00edpcio? Ent\u00e3o Mois\u00e9s teve medo, e disse: Certamente esta coisa \u00e9 descoberta. <br><span><sup><b>15<\/b><\/sup><\/span> E ouvindo Fara\u00f3 este neg\u00f3cio, procurou matar a Mois\u00e9s: mas Mois\u00e9s fugiu de diante de Fara\u00f3, e habitou na terra de Midi\u00e3; e sentou-se junto a um po\u00e7o. <br><span><sup><b>16<\/b><\/sup><\/span> Tinha o sacerdote de Midi\u00e3 sete filhas, as quais vieram a tirar \u00e1gua, para encher os bebedouros e dar de beber as ovelhas de seu pai. <br><span><sup><b>17<\/b><\/sup><\/span> Mas os pastores vieram, e expulsaram-nas: Ent\u00e3o Mois\u00e9s se levantou e defendeu-as, e deu de beber \u00e0s suas ovelhas. <br><span><sup><b>18<\/b><\/sup><\/span> E voltando elas a Reuel seu pai, disse-lhes ele: Por que viestes hoje t\u00e3o cedo? <br><span><sup><b>19<\/b><\/sup><\/span> E elas responderam: Um homem eg\u00edpcio nos defendeu da m\u00e3o dos pastores, e tamb\u00e9m tirou a \u00e1gua, e deu de beber as as ovelhas. <br><span><sup><b>20<\/b><\/sup><\/span> E disse a suas filhas: E onde est\u00e1? Por que deixastes esse homem? Chamai-lhe para que coma p\u00e3o. <br><span><sup><b>21<\/b><\/sup><\/span> E Mois\u00e9s concordou em morar com aquele homem; e ele deu a Mois\u00e9s a sua filha Z\u00edpora: <br><span><sup><b>22<\/b><\/sup><\/span> A qual lhe deu \u00e0 luz um filho, e ele lhe p\u00f4s por nome G\u00e9rson: porque disse: Peregrino sou em terra alheia. <\/span><\/p>\n\n\n\n<h3 class=\"wp-block-heading\">A morte do rei do Egito<\/h3>\n\n\n\n<p class=\"has-medium-font-size\" style=\"letter-spacing:1px\"><span><span><sup><b>23<\/b><\/sup><\/span> E aconteceu que depois de muitos dias morreu o rei do Egito, e os filhos de Israel suspiraram por causa da servid\u00e3o, e clamaram: e subiu a Deus o clamor deles com motivo de sua servid\u00e3o. <br><span><sup><b>24<\/b><\/sup><\/span> E ouviu Deus o gemido deles, e lembrou-se de seu pacto com Abra\u00e3o, Isaque e Jac\u00f3. <br><span><sup><b>25<\/b><\/sup><\/span> E olhou Deus aos filhos de Israel, e reconheceu-os Deus.<\/span><\/p>\n\n\n\n<div class=\"wp-block-columns is-layout-flex wp-container-core-columns-is-layout-9d6595d7 wp-block-columns-is-layout-flex\">\n<div class=\"wp-block-column is-layout-flow wp-block-column-is-layout-flow\">\n<p><a href=\"\/exodo-1\">\u00caxodo 1<\/a><\/p>\n<\/div>\n\n\n\n<div class=\"wp-block-column is-layout-flow wp-block-column-is-layout-flow\">\n<p class=\"has-text-align-right\"><a href=\"\/exodo-3\">\u00caxodo 3<\/a><\/p>\n<\/div>\n<\/div>\n\n\n\n<h2 class=\"wp-block-heading\">Descri\u00e7\u00e3o &#8211; \u00caxodo 2<\/h2>\n\n\n\n<p class=\"has-medium-font-size\">\u00caxodo 2 apresenta o nascimento de Mois\u00e9s, o futuro libertador de Israel. Para proteger o beb\u00ea das ordens cru\u00e9is do fara\u00f3, sua m\u00e3e o coloca em um cesto no rio Nilo, onde \u00e9 encontrado e adotado pela filha do fara\u00f3. J\u00e1 adulto, Mois\u00e9s foge para Midi\u00e3 ap\u00f3s matar um eg\u00edpcio que agredia um hebreu. No ex\u00edlio, casa-se e torna-se pastor, enquanto Deus ouve o clamor de Israel. Este cap\u00edtulo conecta o contexto de opress\u00e3o em \u00caxodo 1 ao in\u00edcio do plano divino de liberta\u00e7\u00e3o, destacando a prepara\u00e7\u00e3o de Mois\u00e9s como instrumento escolhido para guiar o povo \u00e0 liberdade.<\/p>\n\n\n\n<h3 class=\"wp-block-heading\">Livro do \u00caxodo:<\/h3>\n\n\n<ul class=\"wp-block-page-list\"><li class=\"wp-block-pages-list__item\"><a class=\"wp-block-pages-list__item__link\" href=\"https:\/\/bibliapresente.com\/postagens\/livros-da-biblia\/exodo\/exodo-1\/\">\u00caxodo 1 &#8211; O Nascimento de Mois\u00e9s<\/a><\/li><li class=\"wp-block-pages-list__item\"><a class=\"wp-block-pages-list__item__link\" href=\"https:\/\/bibliapresente.com\/postagens\/livros-da-biblia\/exodo\/exodo-2\/\">\u00caxodo 2 &#8211; Mois\u00e9s no Pal\u00e1cio do Fara\u00f3<\/a><\/li><li class=\"wp-block-pages-list__item\"><a class=\"wp-block-pages-list__item__link\" href=\"https:\/\/bibliapresente.com\/postagens\/livros-da-biblia\/exodo\/exodo-3\/\">\u00caxodo 3 &#8211; O Chamado de Mois\u00e9s<\/a><\/li><li class=\"wp-block-pages-list__item\"><a class=\"wp-block-pages-list__item__link\" href=\"https:\/\/bibliapresente.com\/postagens\/livros-da-biblia\/exodo\/exodo-4\/\">\u00caxodo 4 &#8211; Deus D\u00e1 Sinais a Mois\u00e9s<\/a><\/li><li class=\"wp-block-pages-list__item\"><a class=\"wp-block-pages-list__item__link\" href=\"https:\/\/bibliapresente.com\/postagens\/livros-da-biblia\/exodo\/exodo-5\/\">\u00caxodo 5 &#8211; Mois\u00e9s e Ar\u00e3o Conrontam Fara\u00f3<\/a><\/li><li class=\"wp-block-pages-list__item\"><a class=\"wp-block-pages-list__item__link\" href=\"https:\/\/bibliapresente.com\/postagens\/livros-da-biblia\/exodo\/exodo-6\/\">\u00caxodo 6 &#8211; Deus promete livramento<\/a><\/li><li class=\"wp-block-pages-list__item\"><a class=\"wp-block-pages-list__item__link\" href=\"https:\/\/bibliapresente.com\/postagens\/livros-da-biblia\/exodo\/exodo-7\/\">\u00caxodo 7 &#8211; A Primeira Praga: Sangue<\/a><\/li><li class=\"wp-block-pages-list__item\"><a class=\"wp-block-pages-list__item__link\" href=\"https:\/\/bibliapresente.com\/postagens\/livros-da-biblia\/exodo\/exodo-8\/\">\u00caxodo 8 &#8211; Pragas: R\u00e3s, Piolhos e Moscas<\/a><\/li><li class=\"wp-block-pages-list__item\"><a class=\"wp-block-pages-list__item__link\" href=\"https:\/\/bibliapresente.com\/postagens\/livros-da-biblia\/exodo\/exodo-9\/\">\u00caxodo 9 &#8211; Pragas: Peste, \u00dalceras, Granizo<\/a><\/li><li class=\"wp-block-pages-list__item\"><a class=\"wp-block-pages-list__item__link\" href=\"https:\/\/bibliapresente.com\/postagens\/livros-da-biblia\/exodo\/exodo-10\/\">\u00caxodo 10 &#8211; Pragas: Gafanhotos e Trevas<\/a><\/li><li class=\"wp-block-pages-list__item\"><a class=\"wp-block-pages-list__item__link\" href=\"https:\/\/bibliapresente.com\/postagens\/livros-da-biblia\/exodo\/exodo-11\/\">\u00caxodo 11 &#8211; Deus anuncia a \u00faltima praga<\/a><\/li><li class=\"wp-block-pages-list__item\"><a class=\"wp-block-pages-list__item__link\" href=\"https:\/\/bibliapresente.com\/postagens\/livros-da-biblia\/exodo\/exodo-12\/\">\u00caxodo 12 &#8211; A P\u00e1scoa e a Liberta\u00e7\u00e3o<\/a><\/li><li class=\"wp-block-pages-list__item\"><a class=\"wp-block-pages-list__item__link\" href=\"https:\/\/bibliapresente.com\/postagens\/livros-da-biblia\/exodo\/exodo-13\/\">\u00caxodo 13 &#8211; A Consagra\u00e7\u00e3o dos Primog\u00eanitos<\/a><\/li><li class=\"wp-block-pages-list__item\"><a class=\"wp-block-pages-list__item__link\" href=\"https:\/\/bibliapresente.com\/postagens\/livros-da-biblia\/exodo\/exodo-14\/\">\u00caxodo 14 &#8211; A Travessia do Mar Vermelho<\/a><\/li><li class=\"wp-block-pages-list__item\"><a class=\"wp-block-pages-list__item__link\" href=\"https:\/\/bibliapresente.com\/postagens\/livros-da-biblia\/exodo\/exodo-15\/\">\u00caxodo 15 &#8211; O C\u00e2ntico de Mois\u00e9s<\/a><\/li><li class=\"wp-block-pages-list__item\"><a class=\"wp-block-pages-list__item__link\" href=\"https:\/\/bibliapresente.com\/postagens\/livros-da-biblia\/exodo\/exodo-16\/\">\u00caxodo 16 &#8211; O Man\u00e1 no Deserto<\/a><\/li><li class=\"wp-block-pages-list__item\"><a class=\"wp-block-pages-list__item__link\" href=\"https:\/\/bibliapresente.com\/postagens\/livros-da-biblia\/exodo\/exodo-17\/\">\u00caxodo 17 &#8211; \u00c1gua Brotando da Rocha<\/a><\/li><li class=\"wp-block-pages-list__item\"><a class=\"wp-block-pages-list__item__link\" href=\"https:\/\/bibliapresente.com\/postagens\/livros-da-biblia\/exodo\/exodo-18\/\">\u00caxodo 18 &#8211; Os Conselhos de Jetro<\/a><\/li><li class=\"wp-block-pages-list__item\"><a class=\"wp-block-pages-list__item__link\" href=\"https:\/\/bibliapresente.com\/postagens\/livros-da-biblia\/exodo\/exodo-19\/\">\u00caxodo 19 &#8211; A Chegada ao Monte Sinai<\/a><\/li><li class=\"wp-block-pages-list__item\"><a class=\"wp-block-pages-list__item__link\" href=\"https:\/\/bibliapresente.com\/postagens\/livros-da-biblia\/exodo\/exodo-20\/\">\u00caxodo 20 &#8211; Os Dez Mandamentos<\/a><\/li><li class=\"wp-block-pages-list__item\"><a class=\"wp-block-pages-list__item__link\" href=\"https:\/\/bibliapresente.com\/postagens\/livros-da-biblia\/exodo\/exodo-21\/\">\u00caxodo 21 &#8211; Leis Sobre Justi\u00e7a Social<\/a><\/li><li class=\"wp-block-pages-list__item\"><a class=\"wp-block-pages-list__item__link\" href=\"https:\/\/bibliapresente.com\/postagens\/livros-da-biblia\/exodo\/exodo-22\/\">\u00caxodo 22 &#8211; Leis Sobre Danos e Repara\u00e7\u00e3o<\/a><\/li><li class=\"wp-block-pages-list__item\"><a class=\"wp-block-pages-list__item__link\" href=\"https:\/\/bibliapresente.com\/postagens\/livros-da-biblia\/exodo\/exodo-23\/\">\u00caxodo 23 &#8211; Leis de Justi\u00e7a e Festividades<\/a><\/li><li class=\"wp-block-pages-list__item\"><a class=\"wp-block-pages-list__item__link\" href=\"https:\/\/bibliapresente.com\/postagens\/livros-da-biblia\/exodo\/exodo-24\/\">\u00caxodo 24 &#8211; A Confirma\u00e7\u00e3o da Alian\u00e7a<\/a><\/li><li class=\"wp-block-pages-list__item\"><a class=\"wp-block-pages-list__item__link\" href=\"https:\/\/bibliapresente.com\/postagens\/livros-da-biblia\/exodo\/exodo-25\/\">\u00caxodo 25 &#8211; Arca da Alian\u00e7a e Tabern\u00e1culo<\/a><\/li><li class=\"wp-block-pages-list__item\"><a class=\"wp-block-pages-list__item__link\" href=\"https:\/\/bibliapresente.com\/postagens\/livros-da-biblia\/exodo\/exodo-26\/\">\u00caxodo 26 &#8211; Construindo o Tabern\u00e1culo<\/a><\/li><li class=\"wp-block-pages-list__item\"><a class=\"wp-block-pages-list__item__link\" href=\"https:\/\/bibliapresente.com\/postagens\/livros-da-biblia\/exodo\/exodo-27\/\">\u00caxodo 27 &#8211; O Altar de Bronze<\/a><\/li><li class=\"wp-block-pages-list__item\"><a class=\"wp-block-pages-list__item__link\" href=\"https:\/\/bibliapresente.com\/postagens\/livros-da-biblia\/exodo\/exodo-28\/\">\u00caxodo 28 &#8211; O Vestu\u00e1rio dos Sacerdotes<\/a><\/li><li class=\"wp-block-pages-list__item\"><a class=\"wp-block-pages-list__item__link\" href=\"https:\/\/bibliapresente.com\/postagens\/livros-da-biblia\/exodo\/exodo-29\/\">\u00caxodo 29 &#8211; Consagra\u00e7\u00e3o de Ar\u00e3o<\/a><\/li><li class=\"wp-block-pages-list__item\"><a class=\"wp-block-pages-list__item__link\" href=\"https:\/\/bibliapresente.com\/postagens\/livros-da-biblia\/exodo\/exodo-30\/\">\u00caxodo 30 &#8211; O Altar do Incenso<\/a><\/li><li class=\"wp-block-pages-list__item\"><a class=\"wp-block-pages-list__item__link\" href=\"https:\/\/bibliapresente.com\/postagens\/livros-da-biblia\/exodo\/exodo-31\/\">\u00caxodo 31 &#8211; O S\u00e1bado<\/a><\/li><li class=\"wp-block-pages-list__item\"><a class=\"wp-block-pages-list__item__link\" href=\"https:\/\/bibliapresente.com\/postagens\/livros-da-biblia\/exodo\/exodo-32\/\">\u00caxodo 32 &#8211; O Bezerro de Ouro<\/a><\/li><li class=\"wp-block-pages-list__item\"><a class=\"wp-block-pages-list__item__link\" href=\"https:\/\/bibliapresente.com\/postagens\/livros-da-biblia\/exodo\/exodo-33\/\">\u00caxodo 33 &#8211; Deus promete a Sua presen\u00e7a<\/a><\/li><li class=\"wp-block-pages-list__item\"><a class=\"wp-block-pages-list__item__link\" href=\"https:\/\/bibliapresente.com\/postagens\/livros-da-biblia\/exodo\/exodo-34\/\">\u00caxodo 34 &#8211; A Renova\u00e7\u00e3o da Alian\u00e7a<\/a><\/li><li class=\"wp-block-pages-list__item\"><a class=\"wp-block-pages-list__item__link\" href=\"https:\/\/bibliapresente.com\/postagens\/livros-da-biblia\/exodo\/exodo-35\/\">\u00caxodo 35 &#8211; A Oferta do Povo<\/a><\/li><li class=\"wp-block-pages-list__item\"><a class=\"wp-block-pages-list__item__link\" href=\"https:\/\/bibliapresente.com\/postagens\/livros-da-biblia\/exodo\/exodo-36\/\">\u00caxodo 36 &#8211; A Constru\u00e7\u00e3o do Tabern\u00e1culo<\/a><\/li><li class=\"wp-block-pages-list__item\"><a class=\"wp-block-pages-list__item__link\" href=\"https:\/\/bibliapresente.com\/postagens\/livros-da-biblia\/exodo\/exodo-37\/\">\u00caxodo 37 &#8211; A Arca, a Mesa e o Candelabro<\/a><\/li><li class=\"wp-block-pages-list__item\"><a class=\"wp-block-pages-list__item__link\" href=\"https:\/\/bibliapresente.com\/postagens\/livros-da-biblia\/exodo\/exodo-38\/\">\u00caxodo 38 &#8211; O Altar de Bronze<\/a><\/li><li class=\"wp-block-pages-list__item\"><a class=\"wp-block-pages-list__item__link\" href=\"https:\/\/bibliapresente.com\/postagens\/livros-da-biblia\/exodo\/exodo-39\/\">\u00caxodo 39 &#8211; A Confec\u00e7\u00e3o das Vestes<\/a><\/li><li class=\"wp-block-pages-list__item\"><a class=\"wp-block-pages-list__item__link\" href=\"https:\/\/bibliapresente.com\/postagens\/livros-da-biblia\/exodo\/exodo-40\/\">\u00caxodo 40 &#8211; A Consagra\u00e7\u00e3o do Tabern\u00e1culo<\/a><\/li><\/ul>\n\n\n<p><\/p>\n","protected":false},"excerpt":{"rendered":"<p>O nascimento de Mois\u00e9s 1 Um homem da fam\u00edlia de Levi foi, e tomou por mulher uma filha de Levi: 2 A qual concebeu, e deu \u00e0 luz um filho: e vendo-o que era belo, teve-lhe escondido tr\u00eas meses. 3 Por\u00e9m n\u00e3o podendo ocultar-lhe mais tempo, tomou uma cesta de juncos, e vedou-a com piche &hellip; <\/p>\n","protected":false},"author":2,"featured_media":583,"parent":581,"menu_order":2,"comment_status":"closed","ping_status":"closed","template":"","meta":{"om_disable_all_campaigns":false,"_monsterinsights_skip_tracking":false,"_monsterinsights_sitenote_active":false,"_monsterinsights_sitenote_note":"","_monsterinsights_sitenote_category":0,"footnotes":""},"class_list":["post-589","page","type-page","status-publish","has-post-thumbnail","hentry"],"aioseo_notices":[],"_links":{"self":[{"href":"https:\/\/bibliapresente.com\/postagens\/wp-json\/wp\/v2\/pages\/589","targetHints":{"allow":["GET"]}}],"collection":[{"href":"https:\/\/bibliapresente.com\/postagens\/wp-json\/wp\/v2\/pages"}],"about":[{"href":"https:\/\/bibliapresente.com\/postagens\/wp-json\/wp\/v2\/types\/page"}],"author":[{"embeddable":true,"href":"https:\/\/bibliapresente.com\/postagens\/wp-json\/wp\/v2\/users\/2"}],"replies":[{"embeddable":true,"href":"https:\/\/bibliapresente.com\/postagens\/wp-json\/wp\/v2\/comments?post=589"}],"version-history":[{"count":5,"href":"https:\/\/bibliapresente.com\/postagens\/wp-json\/wp\/v2\/pages\/589\/revisions"}],"predecessor-version":[{"id":1139,"href":"https:\/\/bibliapresente.com\/postagens\/wp-json\/wp\/v2\/pages\/589\/revisions\/1139"}],"up":[{"embeddable":true,"href":"https:\/\/bibliapresente.com\/postagens\/wp-json\/wp\/v2\/pages\/581"}],"wp:featuredmedia":[{"embeddable":true,"href":"https:\/\/bibliapresente.com\/postagens\/wp-json\/wp\/v2\/media\/583"}],"wp:attachment":[{"href":"https:\/\/bibliapresente.com\/postagens\/wp-json\/wp\/v2\/media?parent=589"}],"curies":[{"name":"wp","href":"https:\/\/api.w.org\/{rel}","templated":true}]}}