{"id":586,"date":"2025-01-25T14:15:03","date_gmt":"2025-01-25T17:15:03","guid":{"rendered":"https:\/\/bibliapresente.com\/postagens\/?page_id=586"},"modified":"2025-01-26T20:56:16","modified_gmt":"2025-01-26T23:56:16","slug":"exodo-1","status":"publish","type":"page","link":"https:\/\/bibliapresente.com\/postagens\/livros-da-biblia\/exodo\/exodo-1\/","title":{"rendered":"\u00caxodo 1 &#8211; O Nascimento de Mois\u00e9s"},"content":{"rendered":"\n<h3 class=\"wp-block-heading\">Os descendentes de Jac\u00f3 no Egito<\/h3>\n\n\n\n<p class=\"has-medium-font-size\" style=\"letter-spacing:1px\"><span><span><sup><b>1<\/b><\/sup><\/span> Estes s\u00e3o os nomes dos filhos de Israel que entraram em Egito com Jac\u00f3; cada um entrou com sua fam\u00edlia: <br><span><sup><b>2<\/b><\/sup><\/span> R\u00faben, Sime\u00e3o, Levi e Jud\u00e1; <br><span><sup><b>3<\/b><\/sup><\/span> Issacar, Zebulom e Benjamim; <br><span><sup><b>4<\/b><\/sup><\/span> D\u00e3 e Naftali, Gade e Aser. <br><span><sup><b>5<\/b><\/sup><\/span> Assim, todas as pessoas que descenderam do corpo de Jac\u00f3 foram setenta. Por\u00e9m Jos\u00e9 estava no Egito. <br><span><sup><b>6<\/b><\/sup><\/span> Depois que morreram Jos\u00e9, todos os seus irm\u00e3os, e toda aquela gera\u00e7\u00e3o, <br><span><sup><b>7<\/b><\/sup><\/span> os filhos de Israel cresceram e multiplicaram, e foram aumentados e fortalecidos grandemente; de maneira que a terra encheu-se deles. <br><span><sup><b>8<\/b><\/sup><\/span> Levantou-se, entretanto, um novo rei sobre o Egito, que n\u00e3o conhecia Jos\u00e9. <br><span><sup><b>9<\/b><\/sup><\/span> Ele disse ao seu povo: Eis que o povo dos filhos de Israel \u00e9 maior e mais forte que n\u00f3s; <br><span><sup><b>10<\/b><\/sup><\/span> Agora, pois, sejamos astutos para com ele, a fim de que n\u00e3o se multiplique, e aconte\u00e7a que caso venha guerra, ele se alie com nossos inimigos, lute contra n\u00f3s, e saia do pa\u00eds. <br><span><sup><b>11<\/b><\/sup><\/span> Ent\u00e3o puseram sobre [o povo de Israel] capatazes para os oprimirem com trabalhos for\u00e7ados; e edificaram a Fara\u00f3 as cidades de armazenamento, Pitom e Ramess\u00e9s. <br><span><sup><b>12<\/b><\/sup><\/span> Por\u00e9m, quanto mais os oprimiam, mais se multiplicavam e cresciam. Por isso eles detestavam os filhos de Israel. <br><span><sup><b>13<\/b><\/sup><\/span> Assim os eg\u00edpcios fizeram os filhos de Israel servirem duramente, <br><span><sup><b>14<\/b><\/sup><\/span> e amargaram a vida deles com dura servid\u00e3o, em fazerem barro e tijolos, em todo trabalho do campo, e em todo o seu servi\u00e7o, ao qual os obrigavam com rigor. <\/span><\/p>\n\n\n\n<h3 class=\"wp-block-heading\">As parteiras poupam as vidas dos rec\u00e9m nascidos<\/h3>\n\n\n\n<p class=\"has-medium-font-size\" style=\"letter-spacing:1px\"><span><span><sup><b>15<\/b><\/sup><\/span> E o rei do Egito falou \u00e0s parteiras das hebreias, uma das quais se chamava Sifr\u00e1, e outra Pu\u00e1, e disse-lhes: <br><span><sup><b>16<\/b><\/sup><\/span> Quando fizerdes o parto das hebreias, e olhardes os assentos, se for filho, matai-o; e se for filha, ent\u00e3o viva. <br><span><sup><b>17<\/b><\/sup><\/span> Mas as parteiras temeram a Deus, e n\u00e3o fizeram como o rei do Egito lhes mandara; em vez disso, preservaram a vida dos meninos. <br><span><sup><b>18<\/b><\/sup><\/span> E o rei do Egito mandou chamar \u00e0s parteiras e lhes perguntou: Por que fizestes isto, que preservastes a vida dos meninos? <br><span><sup><b>19<\/b><\/sup><\/span> As parteiras responderam a Fara\u00f3: As mulheres hebreias n\u00e3o s\u00e3o como as eg\u00edpcias; pois s\u00e3o fortes, de maneira que d\u00e3o \u00e0 luz antes que a parteira chegue a elas. <br><span><sup><b>20<\/b><\/sup><\/span> E Deus fez bem \u00e0s parteiras. E o povo se multiplicou, e se fortaleceu muito. <br><span><sup><b>21<\/b><\/sup><\/span> E por as parteiras terem temido a Deus, ele constituiu fam\u00edlias a elas. <br><span><sup><b>22<\/b><\/sup><\/span> Ent\u00e3o Fara\u00f3 deu a todo o seu povo a seguinte ordem: Lan\u00e7ai no rio todo filho que nascer, e a toda filha preservai a vida.<\/span><\/p>\n\n\n\n<div class=\"wp-block-columns is-layout-flex wp-container-core-columns-is-layout-9d6595d7 wp-block-columns-is-layout-flex\">\n<div class=\"wp-block-column is-layout-flow wp-block-column-is-layout-flow\">\n<p><a href=\"\/exodo\">\u00caxodo<\/a><\/p>\n<\/div>\n\n\n\n<div class=\"wp-block-column is-layout-flow wp-block-column-is-layout-flow\">\n<p class=\"has-text-align-right\"><a href=\"\/exodo-2\">\u00caxodo 2<\/a><\/p>\n<\/div>\n<\/div>\n\n\n\n<h2 class=\"wp-block-heading\">Descri\u00e7\u00e3o &#8211; \u00caxodo 1<\/h2>\n\n\n\n<p class=\"has-medium-font-size\">\u00caxodo 1 narra o in\u00edcio da opress\u00e3o do povo de Israel no Egito, preparando o cen\u00e1rio para a liberta\u00e7\u00e3o liderada por Mois\u00e9s. Muitos anos ap\u00f3s a morte de Jos\u00e9, um novo fara\u00f3, que n\u00e3o conhecia sua hist\u00f3ria, teme o crescimento dos hebreus e os submete \u00e0 escravid\u00e3o brutal. Ele ordena tamb\u00e9m a morte dos rec\u00e9m-nascidos do sexo masculino, visando reduzir sua popula\u00e7\u00e3o. Esse cap\u00edtulo \u00e9 crucial para entender o pano de fundo da reden\u00e7\u00e3o divina que ocorre posteriormente no livro. Descubra como a provid\u00eancia de Deus come\u00e7a a agir em meio \u00e0 adversidade, marcando o in\u00edcio da jornada do \u00caxodo.<\/p>\n\n\n\n<h3 class=\"wp-block-heading\">Livro do \u00caxodo:<\/h3>\n\n\n<ul class=\"wp-block-page-list\"><li class=\"wp-block-pages-list__item\"><a class=\"wp-block-pages-list__item__link\" href=\"https:\/\/bibliapresente.com\/postagens\/livros-da-biblia\/exodo\/exodo-1\/\">\u00caxodo 1 &#8211; O Nascimento de Mois\u00e9s<\/a><\/li><li class=\"wp-block-pages-list__item\"><a class=\"wp-block-pages-list__item__link\" href=\"https:\/\/bibliapresente.com\/postagens\/livros-da-biblia\/exodo\/exodo-2\/\">\u00caxodo 2 &#8211; Mois\u00e9s no Pal\u00e1cio do Fara\u00f3<\/a><\/li><li class=\"wp-block-pages-list__item\"><a class=\"wp-block-pages-list__item__link\" href=\"https:\/\/bibliapresente.com\/postagens\/livros-da-biblia\/exodo\/exodo-3\/\">\u00caxodo 3 &#8211; O Chamado de Mois\u00e9s<\/a><\/li><li class=\"wp-block-pages-list__item\"><a class=\"wp-block-pages-list__item__link\" href=\"https:\/\/bibliapresente.com\/postagens\/livros-da-biblia\/exodo\/exodo-4\/\">\u00caxodo 4 &#8211; Deus D\u00e1 Sinais a Mois\u00e9s<\/a><\/li><li class=\"wp-block-pages-list__item\"><a class=\"wp-block-pages-list__item__link\" href=\"https:\/\/bibliapresente.com\/postagens\/livros-da-biblia\/exodo\/exodo-5\/\">\u00caxodo 5 &#8211; Mois\u00e9s e Ar\u00e3o Conrontam Fara\u00f3<\/a><\/li><li class=\"wp-block-pages-list__item\"><a class=\"wp-block-pages-list__item__link\" href=\"https:\/\/bibliapresente.com\/postagens\/livros-da-biblia\/exodo\/exodo-6\/\">\u00caxodo 6 &#8211; Deus promete livramento<\/a><\/li><li class=\"wp-block-pages-list__item\"><a class=\"wp-block-pages-list__item__link\" href=\"https:\/\/bibliapresente.com\/postagens\/livros-da-biblia\/exodo\/exodo-7\/\">\u00caxodo 7 &#8211; A Primeira Praga: Sangue<\/a><\/li><li class=\"wp-block-pages-list__item\"><a class=\"wp-block-pages-list__item__link\" href=\"https:\/\/bibliapresente.com\/postagens\/livros-da-biblia\/exodo\/exodo-8\/\">\u00caxodo 8 &#8211; Pragas: R\u00e3s, Piolhos e Moscas<\/a><\/li><li class=\"wp-block-pages-list__item\"><a class=\"wp-block-pages-list__item__link\" href=\"https:\/\/bibliapresente.com\/postagens\/livros-da-biblia\/exodo\/exodo-9\/\">\u00caxodo 9 &#8211; Pragas: Peste, \u00dalceras, Granizo<\/a><\/li><li class=\"wp-block-pages-list__item\"><a class=\"wp-block-pages-list__item__link\" href=\"https:\/\/bibliapresente.com\/postagens\/livros-da-biblia\/exodo\/exodo-10\/\">\u00caxodo 10 &#8211; Pragas: Gafanhotos e Trevas<\/a><\/li><li class=\"wp-block-pages-list__item\"><a class=\"wp-block-pages-list__item__link\" href=\"https:\/\/bibliapresente.com\/postagens\/livros-da-biblia\/exodo\/exodo-11\/\">\u00caxodo 11 &#8211; Deus anuncia a \u00faltima praga<\/a><\/li><li class=\"wp-block-pages-list__item\"><a class=\"wp-block-pages-list__item__link\" href=\"https:\/\/bibliapresente.com\/postagens\/livros-da-biblia\/exodo\/exodo-12\/\">\u00caxodo 12 &#8211; A P\u00e1scoa e a Liberta\u00e7\u00e3o<\/a><\/li><li class=\"wp-block-pages-list__item\"><a class=\"wp-block-pages-list__item__link\" href=\"https:\/\/bibliapresente.com\/postagens\/livros-da-biblia\/exodo\/exodo-13\/\">\u00caxodo 13 &#8211; A Consagra\u00e7\u00e3o dos Primog\u00eanitos<\/a><\/li><li class=\"wp-block-pages-list__item\"><a class=\"wp-block-pages-list__item__link\" href=\"https:\/\/bibliapresente.com\/postagens\/livros-da-biblia\/exodo\/exodo-14\/\">\u00caxodo 14 &#8211; A Travessia do Mar Vermelho<\/a><\/li><li class=\"wp-block-pages-list__item\"><a class=\"wp-block-pages-list__item__link\" href=\"https:\/\/bibliapresente.com\/postagens\/livros-da-biblia\/exodo\/exodo-15\/\">\u00caxodo 15 &#8211; O C\u00e2ntico de Mois\u00e9s<\/a><\/li><li class=\"wp-block-pages-list__item\"><a class=\"wp-block-pages-list__item__link\" href=\"https:\/\/bibliapresente.com\/postagens\/livros-da-biblia\/exodo\/exodo-16\/\">\u00caxodo 16 &#8211; O Man\u00e1 no Deserto<\/a><\/li><li class=\"wp-block-pages-list__item\"><a class=\"wp-block-pages-list__item__link\" href=\"https:\/\/bibliapresente.com\/postagens\/livros-da-biblia\/exodo\/exodo-17\/\">\u00caxodo 17 &#8211; \u00c1gua Brotando da Rocha<\/a><\/li><li class=\"wp-block-pages-list__item\"><a class=\"wp-block-pages-list__item__link\" href=\"https:\/\/bibliapresente.com\/postagens\/livros-da-biblia\/exodo\/exodo-18\/\">\u00caxodo 18 &#8211; Os Conselhos de Jetro<\/a><\/li><li class=\"wp-block-pages-list__item\"><a class=\"wp-block-pages-list__item__link\" href=\"https:\/\/bibliapresente.com\/postagens\/livros-da-biblia\/exodo\/exodo-19\/\">\u00caxodo 19 &#8211; A Chegada ao Monte Sinai<\/a><\/li><li class=\"wp-block-pages-list__item\"><a class=\"wp-block-pages-list__item__link\" href=\"https:\/\/bibliapresente.com\/postagens\/livros-da-biblia\/exodo\/exodo-20\/\">\u00caxodo 20 &#8211; Os Dez Mandamentos<\/a><\/li><li class=\"wp-block-pages-list__item\"><a class=\"wp-block-pages-list__item__link\" href=\"https:\/\/bibliapresente.com\/postagens\/livros-da-biblia\/exodo\/exodo-21\/\">\u00caxodo 21 &#8211; Leis Sobre Justi\u00e7a Social<\/a><\/li><li class=\"wp-block-pages-list__item\"><a class=\"wp-block-pages-list__item__link\" href=\"https:\/\/bibliapresente.com\/postagens\/livros-da-biblia\/exodo\/exodo-22\/\">\u00caxodo 22 &#8211; Leis Sobre Danos e Repara\u00e7\u00e3o<\/a><\/li><li class=\"wp-block-pages-list__item\"><a class=\"wp-block-pages-list__item__link\" href=\"https:\/\/bibliapresente.com\/postagens\/livros-da-biblia\/exodo\/exodo-23\/\">\u00caxodo 23 &#8211; Leis de Justi\u00e7a e Festividades<\/a><\/li><li class=\"wp-block-pages-list__item\"><a class=\"wp-block-pages-list__item__link\" href=\"https:\/\/bibliapresente.com\/postagens\/livros-da-biblia\/exodo\/exodo-24\/\">\u00caxodo 24 &#8211; A Confirma\u00e7\u00e3o da Alian\u00e7a<\/a><\/li><li class=\"wp-block-pages-list__item\"><a class=\"wp-block-pages-list__item__link\" href=\"https:\/\/bibliapresente.com\/postagens\/livros-da-biblia\/exodo\/exodo-25\/\">\u00caxodo 25 &#8211; Arca da Alian\u00e7a e Tabern\u00e1culo<\/a><\/li><li class=\"wp-block-pages-list__item\"><a class=\"wp-block-pages-list__item__link\" href=\"https:\/\/bibliapresente.com\/postagens\/livros-da-biblia\/exodo\/exodo-26\/\">\u00caxodo 26 &#8211; Construindo o Tabern\u00e1culo<\/a><\/li><li class=\"wp-block-pages-list__item\"><a class=\"wp-block-pages-list__item__link\" href=\"https:\/\/bibliapresente.com\/postagens\/livros-da-biblia\/exodo\/exodo-27\/\">\u00caxodo 27 &#8211; O Altar de Bronze<\/a><\/li><li class=\"wp-block-pages-list__item\"><a class=\"wp-block-pages-list__item__link\" href=\"https:\/\/bibliapresente.com\/postagens\/livros-da-biblia\/exodo\/exodo-28\/\">\u00caxodo 28 &#8211; O Vestu\u00e1rio dos Sacerdotes<\/a><\/li><li class=\"wp-block-pages-list__item\"><a class=\"wp-block-pages-list__item__link\" href=\"https:\/\/bibliapresente.com\/postagens\/livros-da-biblia\/exodo\/exodo-29\/\">\u00caxodo 29 &#8211; Consagra\u00e7\u00e3o de Ar\u00e3o<\/a><\/li><li class=\"wp-block-pages-list__item\"><a class=\"wp-block-pages-list__item__link\" href=\"https:\/\/bibliapresente.com\/postagens\/livros-da-biblia\/exodo\/exodo-30\/\">\u00caxodo 30 &#8211; O Altar do Incenso<\/a><\/li><li class=\"wp-block-pages-list__item\"><a class=\"wp-block-pages-list__item__link\" href=\"https:\/\/bibliapresente.com\/postagens\/livros-da-biblia\/exodo\/exodo-31\/\">\u00caxodo 31 &#8211; O S\u00e1bado<\/a><\/li><li class=\"wp-block-pages-list__item\"><a class=\"wp-block-pages-list__item__link\" href=\"https:\/\/bibliapresente.com\/postagens\/livros-da-biblia\/exodo\/exodo-32\/\">\u00caxodo 32 &#8211; O Bezerro de Ouro<\/a><\/li><li class=\"wp-block-pages-list__item\"><a class=\"wp-block-pages-list__item__link\" href=\"https:\/\/bibliapresente.com\/postagens\/livros-da-biblia\/exodo\/exodo-33\/\">\u00caxodo 33 &#8211; Deus promete a Sua presen\u00e7a<\/a><\/li><li class=\"wp-block-pages-list__item\"><a class=\"wp-block-pages-list__item__link\" href=\"https:\/\/bibliapresente.com\/postagens\/livros-da-biblia\/exodo\/exodo-34\/\">\u00caxodo 34 &#8211; A Renova\u00e7\u00e3o da Alian\u00e7a<\/a><\/li><li class=\"wp-block-pages-list__item\"><a class=\"wp-block-pages-list__item__link\" href=\"https:\/\/bibliapresente.com\/postagens\/livros-da-biblia\/exodo\/exodo-35\/\">\u00caxodo 35 &#8211; A Oferta do Povo<\/a><\/li><li class=\"wp-block-pages-list__item\"><a class=\"wp-block-pages-list__item__link\" href=\"https:\/\/bibliapresente.com\/postagens\/livros-da-biblia\/exodo\/exodo-36\/\">\u00caxodo 36 &#8211; A Constru\u00e7\u00e3o do Tabern\u00e1culo<\/a><\/li><li class=\"wp-block-pages-list__item\"><a class=\"wp-block-pages-list__item__link\" href=\"https:\/\/bibliapresente.com\/postagens\/livros-da-biblia\/exodo\/exodo-37\/\">\u00caxodo 37 &#8211; A Arca, a Mesa e o Candelabro<\/a><\/li><li class=\"wp-block-pages-list__item\"><a class=\"wp-block-pages-list__item__link\" href=\"https:\/\/bibliapresente.com\/postagens\/livros-da-biblia\/exodo\/exodo-38\/\">\u00caxodo 38 &#8211; O Altar de Bronze<\/a><\/li><li class=\"wp-block-pages-list__item\"><a class=\"wp-block-pages-list__item__link\" href=\"https:\/\/bibliapresente.com\/postagens\/livros-da-biblia\/exodo\/exodo-39\/\">\u00caxodo 39 &#8211; A Confec\u00e7\u00e3o das Vestes<\/a><\/li><li class=\"wp-block-pages-list__item\"><a class=\"wp-block-pages-list__item__link\" href=\"https:\/\/bibliapresente.com\/postagens\/livros-da-biblia\/exodo\/exodo-40\/\">\u00caxodo 40 &#8211; A Consagra\u00e7\u00e3o do Tabern\u00e1culo<\/a><\/li><\/ul>\n\n\n<p><\/p>\n","protected":false},"excerpt":{"rendered":"<p>Os descendentes de Jac\u00f3 no Egito 1 Estes s\u00e3o os nomes dos filhos de Israel que entraram em Egito com Jac\u00f3; cada um entrou com sua fam\u00edlia: 2 R\u00faben, Sime\u00e3o, Levi e Jud\u00e1; 3 Issacar, Zebulom e Benjamim; 4 D\u00e3 e Naftali, Gade e Aser. 5 Assim, todas as pessoas que descenderam do corpo de &hellip; <\/p>\n","protected":false},"author":2,"featured_media":583,"parent":581,"menu_order":1,"comment_status":"closed","ping_status":"closed","template":"","meta":{"om_disable_all_campaigns":false,"_monsterinsights_skip_tracking":false,"_monsterinsights_sitenote_active":false,"_monsterinsights_sitenote_note":"","_monsterinsights_sitenote_category":0,"footnotes":""},"class_list":["post-586","page","type-page","status-publish","has-post-thumbnail","hentry"],"aioseo_notices":[],"_links":{"self":[{"href":"https:\/\/bibliapresente.com\/postagens\/wp-json\/wp\/v2\/pages\/586","targetHints":{"allow":["GET"]}}],"collection":[{"href":"https:\/\/bibliapresente.com\/postagens\/wp-json\/wp\/v2\/pages"}],"about":[{"href":"https:\/\/bibliapresente.com\/postagens\/wp-json\/wp\/v2\/types\/page"}],"author":[{"embeddable":true,"href":"https:\/\/bibliapresente.com\/postagens\/wp-json\/wp\/v2\/users\/2"}],"replies":[{"embeddable":true,"href":"https:\/\/bibliapresente.com\/postagens\/wp-json\/wp\/v2\/comments?post=586"}],"version-history":[{"count":7,"href":"https:\/\/bibliapresente.com\/postagens\/wp-json\/wp\/v2\/pages\/586\/revisions"}],"predecessor-version":[{"id":1136,"href":"https:\/\/bibliapresente.com\/postagens\/wp-json\/wp\/v2\/pages\/586\/revisions\/1136"}],"up":[{"embeddable":true,"href":"https:\/\/bibliapresente.com\/postagens\/wp-json\/wp\/v2\/pages\/581"}],"wp:featuredmedia":[{"embeddable":true,"href":"https:\/\/bibliapresente.com\/postagens\/wp-json\/wp\/v2\/media\/583"}],"wp:attachment":[{"href":"https:\/\/bibliapresente.com\/postagens\/wp-json\/wp\/v2\/media?parent=586"}],"curies":[{"name":"wp","href":"https:\/\/api.w.org\/{rel}","templated":true}]}}