{"id":386,"date":"2025-01-04T22:47:43","date_gmt":"2025-01-05T01:47:43","guid":{"rendered":"https:\/\/bibliapresente.com\/postagens\/?page_id=386"},"modified":"2025-01-04T22:47:44","modified_gmt":"2025-01-05T01:47:44","slug":"genesis-49","status":"publish","type":"page","link":"https:\/\/bibliapresente.com\/postagens\/livros-da-biblia\/genesis\/genesis-49\/","title":{"rendered":"G\u00eanesis 49 &#8211; B\u00ean\u00e7\u00e3os de Jac\u00f3 a Seus Filhos"},"content":{"rendered":"\n<p><span><span><sup><b>1<\/b><\/sup><\/span> E chamou Jac\u00f3 a seus filhos, e disse: Juntai-vos, e vos declararei o que vos h\u00e1 de acontecer nos \u00faltimos dias. <\/span><br><span><span><sup><b>2<\/b><\/sup><\/span> Juntai-vos e ouvi, filhos de Jac\u00f3; E escutai a vosso pai Israel. <\/span><br><span><span><sup><b>3<\/b><\/sup><\/span> R\u00faben, tu \u00e9s meu primog\u00eanito, minha for\u00e7a, e o princ\u00edpio do meu vigor; Principal em dignidade, principal em poder. <\/span><br><span><span><sup><b>4<\/b><\/sup><\/span> Corrente como as \u00e1guas, n\u00e3o sejas o principal; Porquanto subiste ao leito de teu pai: Ent\u00e3o te contaminaste, subindo a meu estrado. <\/span><br><span><span><sup><b>5<\/b><\/sup><\/span> Sime\u00e3o e Levi, irm\u00e3os: Armas de viol\u00eancia s\u00e3o suas armas. <\/span><br><span><span><sup><b>6<\/b><\/sup><\/span> Em seu secreto n\u00e3o entre minha alma, nem minha honra se junte em sua companhia; Que em seu furor mataram homem, E em sua vontade aleijaram bois. <\/span><br><span><span><sup><b>7<\/b><\/sup><\/span> Maldito seu furor, que foi bravio; E sua ira, que foi dura: Eu os dividirei em Jac\u00f3, E os espalharei em Israel. <\/span><br><span><span><sup><b>8<\/b><\/sup><\/span> Jud\u00e1, teus irm\u00e3os te louvar\u00e3o: Tua m\u00e3o ester\u00e1 sobre o pesco\u00e7o de teus inimigos: Os filhos de teu pai se inclinar\u00e3o a ti. <\/span><br><span><span><sup><b>9<\/b><\/sup><\/span> Jovem le\u00e3o \u00e9 Jud\u00e1: Da presa subiste, filho meu: Encurvou-se, lan\u00e7ou-se como le\u00e3o, Assim como le\u00e3o velho; quem o despertar\u00e1? <\/span><br><span><span><sup><b>10<\/b><\/sup><\/span> N\u00e3o ser\u00e1 tirado o cetro de Jud\u00e1, E o legislador dentre seus p\u00e9s, At\u00e9 que venha Sil\u00f3; E a ele se congregar\u00e3o os povos. <\/span><br><span><span><sup><b>11<\/b><\/sup><\/span> Atando \u00e0 vide seu jumentinho, E \u00e0 videira o filho de sua jumenta, Lavou no veio sua roupa, E no sangue de uvas seu manto: <\/span><br><span><span><sup><b>12<\/b><\/sup><\/span> Seus olhos mais vermelhos que o vinho, E os dentes mais brancos que o leite. <\/span><br><span><span><sup><b>13<\/b><\/sup><\/span> Zebulom em portos de mar habitar\u00e1, E ser\u00e1 para porto de navios; E seu termo at\u00e9 S\u00eddon. <\/span><br><span><span><sup><b>14<\/b><\/sup><\/span> Issacar, asno de forte estrutura Deitado entre dois apriscos: <\/span><br><span><span><sup><b>15<\/b><\/sup><\/span> E viu que o descanso era bom, E que a terra era deleitosa; E baixou seu ombro para levar, E serviu em tributo. <\/span><br><span><span><sup><b>16<\/b><\/sup><\/span> D\u00e3 julgar\u00e1 a seu povo, Como uma das tribos de Israel. <\/span><br><span><span><sup><b>17<\/b><\/sup><\/span> Ser\u00e1 D\u00e3 serpente junto ao caminho, V\u00edbora junto \u00e0 vereda, Que morde os calcanhares dos cavalos, E faz cair por detr\u00e1s ao cavaleiro deles. <\/span><br><span><span><sup><b>18<\/b><\/sup><\/span> Tua salva\u00e7\u00e3o espero, \u00f3 SENHOR. <\/span><br><span><span><sup><b>19<\/b><\/sup><\/span> Gade, ex\u00e9rcito o atacar\u00e1; Mas ele atacar\u00e1 ao fim. <\/span><br><span><span><sup><b>20<\/b><\/sup><\/span> O p\u00e3o de Aser ser\u00e1 espesso, E ele dar\u00e1 deleites ao rei. <\/span><br><span><span><sup><b>21<\/b><\/sup><\/span> Naftali, serva solta, Que diz belas coisas. <\/span><br><span><span><sup><b>22<\/b><\/sup><\/span> Ramo frut\u00edfero \u00e9 Jos\u00e9, Ramo frut\u00edfero \u00e9 junto \u00e0 fonte, cujos ramos se estendem sobre o muro. <\/span><br><span><span><sup><b>23<\/b><\/sup><\/span> E causaram-lhe amargura, E flecharam-lhe, E odiaram-no os arqueiros: <\/span><br><span><span><sup><b>24<\/b><\/sup><\/span> Mas seu arco manteve-se forte, E os bra\u00e7os de suas m\u00e3os se fortaleceram pelas m\u00e3os do Forte de Jac\u00f3, (Dali \u00e9 o Pastor, e a Pedra de Israel,) <\/span><br><span><span><sup><b>25<\/b><\/sup><\/span> Do Deus de teu pai, o qual te ajudar\u00e1, E do Todo-Poderoso, o qual te aben\u00e7oar\u00e1 Com b\u00ean\u00e7\u00e3os dos c\u00e9us de acima, Com b\u00ean\u00e7\u00e3os do abismo que est\u00e1 abaixo, Com b\u00ean\u00e7\u00e3os do seio e da madre. <\/span><br><span><span><sup><b>26<\/b><\/sup><\/span> As b\u00ean\u00e7\u00e3os de teu pai Foram maiores que as b\u00ean\u00e7\u00e3os de meus progenitores: At\u00e9 o termo das colinas eternas ser\u00e3o sobre a cabe\u00e7a de Jos\u00e9, E sobre o topo da cabe\u00e7a do que foi separado de seus irm\u00e3os. <\/span><br><span><span><sup><b>27<\/b><\/sup><\/span> Benjamim, lobo arrebatador: \u00c0 manh\u00e3 comer\u00e1 a presa, E \u00e0 tarde repartir\u00e1 os despojos. <\/span><br><span><span><sup><b>28<\/b><\/sup><\/span> Todos estes foram as doze tribos de Israel: e isto foi o que seu pai lhes disse, e os aben\u00e7oou; a cada um por sua b\u00ean\u00e7\u00e3o os aben\u00e7oou. <\/span><br><span><span><sup><b>29<\/b><\/sup><\/span> Mandou-lhes logo, e disse-lhes: Eu vou a ser reunido com meu povo: sepultai-me com meus pais na caverna que est\u00e1 no campo de Efrom os heteus; <\/span><br><span><span><sup><b>30<\/b><\/sup><\/span> Na caverna que est\u00e1 no campo de Macpela, que est\u00e1 diante de Manre na terra de Cana\u00e3, a qual comprou Abra\u00e3o com o mesmo campo de Efrom os heteus, para heran\u00e7a de sepultura. <\/span><br><span><span><sup><b>31<\/b><\/sup><\/span> Ali sepultaram a Abra\u00e3o e a Sara sua mulher; ali sepultaram a Isaque e a Rebeca sua mulher; ali tamb\u00e9m sepultei Lia. <\/span><br><span><span><sup><b>32<\/b><\/sup><\/span> O campo e a cova que nele est\u00e1 foram comprados dos filhos de Hete. <\/span><br><span><span><sup><b>33<\/b><\/sup><\/span> E quando acabou Jac\u00f3 de dar ordens a seus filhos, encolheu seus p\u00e9s na cama, e expirou: e foi reunido com seus pais.<\/span><\/p>\n\n\n\n<div class=\"wp-block-columns is-layout-flex wp-container-core-columns-is-layout-9d6595d7 wp-block-columns-is-layout-flex\">\n<div class=\"wp-block-column is-layout-flow wp-block-column-is-layout-flow\">\n<p><a href=\"\/genesis-48\">G\u00eanesis 48<\/a><\/p>\n<\/div>\n\n\n\n<div class=\"wp-block-column is-layout-flow wp-block-column-is-layout-flow\">\n<p class=\"has-text-align-right\"><a href=\"\/genesis-50\">G\u00eanesis 50<\/a><\/p>\n<\/div>\n<\/div>\n\n\n\n<h2 class=\"wp-block-heading\">Descri\u00e7\u00e3o &#8211; G\u00eanesis 49<\/h2>\n\n\n\n<p class=\"has-medium-font-size\">G\u00eanesis 49 narra as \u00faltimas palavras de Jac\u00f3 antes de sua morte, onde ele profetiza sobre o futuro de cada um de seus filhos, as tribos de Israel. Jac\u00f3 aben\u00e7oa e d\u00e1 instru\u00e7\u00f5es, detalhando as caracter\u00edsticas e destinos de cada um, destacando a lideran\u00e7a de Jud\u00e1 e a promessa de um rei vindouro, que seria cumprida em Jesus Cristo. Este cap\u00edtulo \u00e9 crucial para entender a forma\u00e7\u00e3o das doze tribos e as promessas de Deus para Israel.<\/p>\n\n\n\n<h3 class=\"wp-block-heading\">Livro do G\u00eanesis:<\/h3>\n\n\n<ul class=\"wp-block-page-list\"><li class=\"wp-block-pages-list__item\"><a class=\"wp-block-pages-list__item__link\" href=\"https:\/\/bibliapresente.com\/postagens\/livros-da-biblia\/genesis\/genesis-1\/\">G\u00eanesis 1 &#8211; A Cria\u00e7\u00e3o do Universo<\/a><\/li><li class=\"wp-block-pages-list__item\"><a class=\"wp-block-pages-list__item__link\" href=\"https:\/\/bibliapresente.com\/postagens\/livros-da-biblia\/genesis\/genesis-2\/\">G\u00eanesis 2 &#8211; O Jardim do \u00c9den<\/a><\/li><li class=\"wp-block-pages-list__item\"><a class=\"wp-block-pages-list__item__link\" href=\"https:\/\/bibliapresente.com\/postagens\/livros-da-biblia\/genesis\/genesis-3\/\">G\u00eanesis 3 &#8211; O Pecado Original<\/a><\/li><li class=\"wp-block-pages-list__item\"><a class=\"wp-block-pages-list__item__link\" href=\"https:\/\/bibliapresente.com\/postagens\/livros-da-biblia\/genesis\/genesis-4\/\">G\u00eanesis 4 &#8211; Caim e Abel<\/a><\/li><li class=\"wp-block-pages-list__item\"><a class=\"wp-block-pages-list__item__link\" href=\"https:\/\/bibliapresente.com\/postagens\/livros-da-biblia\/genesis\/genesis-5\/\">G\u00eanesis 5 &#8211; Genealogia de Ad\u00e3o a No\u00e9<\/a><\/li><li class=\"wp-block-pages-list__item\"><a class=\"wp-block-pages-list__item__link\" href=\"https:\/\/bibliapresente.com\/postagens\/livros-da-biblia\/genesis\/genesis-6-a-corrupcao-e-o-chamado-de-noe\/\">G\u00eanesis 6 &#8211; A Corrup\u00e7\u00e3o e o Chamado de No\u00e9<\/a><\/li><li class=\"wp-block-pages-list__item\"><a class=\"wp-block-pages-list__item__link\" href=\"https:\/\/bibliapresente.com\/postagens\/livros-da-biblia\/genesis\/genesis-7\/\">G\u00eanesis 7 &#8211; O Grande Dil\u00favio<\/a><\/li><li class=\"wp-block-pages-list__item\"><a class=\"wp-block-pages-list__item__link\" href=\"https:\/\/bibliapresente.com\/postagens\/livros-da-biblia\/genesis\/genesis-8\/\">G\u00eanesis 8 &#8211; As \u00c1guas do Dil\u00favio Recuam<\/a><\/li><li class=\"wp-block-pages-list__item\"><a class=\"wp-block-pages-list__item__link\" href=\"https:\/\/bibliapresente.com\/postagens\/livros-da-biblia\/genesis\/genesis-9\/\">G\u00eanesis 9 &#8211; A Grande Alian\u00e7a do Arco-\u00cdris<\/a><\/li><li class=\"wp-block-pages-list__item\"><a class=\"wp-block-pages-list__item__link\" href=\"https:\/\/bibliapresente.com\/postagens\/livros-da-biblia\/genesis\/genesis-10-as-nacoes-descendentes-de-noe\/\">G\u00eanesis 10 &#8211; As Na\u00e7\u00f5es Descendentes de No\u00e9<\/a><\/li><li class=\"wp-block-pages-list__item\"><a class=\"wp-block-pages-list__item__link\" href=\"https:\/\/bibliapresente.com\/postagens\/livros-da-biblia\/genesis\/genesis-11-a-torre-de-babel\/\">G\u00eanesis 11 &#8211; A Torre de Babel<\/a><\/li><li class=\"wp-block-pages-list__item\"><a class=\"wp-block-pages-list__item__link\" href=\"https:\/\/bibliapresente.com\/postagens\/livros-da-biblia\/genesis\/genesis-12-o-chamado-de-abraao\/\">G\u00eanesis 12 &#8211; O Chamado de Abra\u00e3o<\/a><\/li><li class=\"wp-block-pages-list__item\"><a class=\"wp-block-pages-list__item__link\" href=\"https:\/\/bibliapresente.com\/postagens\/livros-da-biblia\/genesis\/genesis-13-a-separacao-de-abrao-e-lo\/\">G\u00eanesis 13 &#8211; A Separa\u00e7\u00e3o de Abr\u00e3o e L\u00f3<\/a><\/li><li class=\"wp-block-pages-list__item\"><a class=\"wp-block-pages-list__item__link\" href=\"https:\/\/bibliapresente.com\/postagens\/livros-da-biblia\/genesis\/genesis-14\/\">G\u00eanesis 14 &#8211; A B\u00ean\u00e7\u00e3o de Melquisedeque<\/a><\/li><li class=\"wp-block-pages-list__item\"><a class=\"wp-block-pages-list__item__link\" href=\"https:\/\/bibliapresente.com\/postagens\/livros-da-biblia\/genesis\/genesis-15\/\">G\u00eanesis 15 &#8211; A Alian\u00e7a de Deus com Abr\u00e3o<\/a><\/li><li class=\"wp-block-pages-list__item\"><a class=\"wp-block-pages-list__item__link\" href=\"https:\/\/bibliapresente.com\/postagens\/livros-da-biblia\/genesis\/genesis-16\/\">G\u00eanesis 16 &#8211; O Nascimento de Ismael<\/a><\/li><li class=\"wp-block-pages-list__item\"><a class=\"wp-block-pages-list__item__link\" href=\"https:\/\/bibliapresente.com\/postagens\/livros-da-biblia\/genesis\/genesis-17\/\">G\u00eanesis 17 &#8211; A Institui\u00e7\u00e3o da Circuncis\u00e3o<\/a><\/li><li class=\"wp-block-pages-list__item\"><a class=\"wp-block-pages-list__item__link\" href=\"https:\/\/bibliapresente.com\/postagens\/livros-da-biblia\/genesis\/genesis-18\/\">G\u00eanesis 18 &#8211; A Visita dos Tr\u00eas Anjos<\/a><\/li><li class=\"wp-block-pages-list__item\"><a class=\"wp-block-pages-list__item__link\" href=\"https:\/\/bibliapresente.com\/postagens\/livros-da-biblia\/genesis\/genesis-19\/\">G\u00eanesis 19 &#8211; Sodoma e Gomorra<\/a><\/li><li class=\"wp-block-pages-list__item\"><a class=\"wp-block-pages-list__item__link\" href=\"https:\/\/bibliapresente.com\/postagens\/livros-da-biblia\/genesis\/genesis-20\/\">G\u00eanesis 20 &#8211; Abra\u00e3o e Abimeleque<\/a><\/li><li class=\"wp-block-pages-list__item\"><a class=\"wp-block-pages-list__item__link\" href=\"https:\/\/bibliapresente.com\/postagens\/livros-da-biblia\/genesis\/genesis-21\/\">G\u00eanesis 21 &#8211; O Nascimento de Isaque<\/a><\/li><li class=\"wp-block-pages-list__item\"><a class=\"wp-block-pages-list__item__link\" href=\"https:\/\/bibliapresente.com\/postagens\/livros-da-biblia\/genesis\/genesis-22\/\">G\u00eanesis 22 &#8211; O Sacrif\u00edcio de Isaque<\/a><\/li><li class=\"wp-block-pages-list__item\"><a class=\"wp-block-pages-list__item__link\" href=\"https:\/\/bibliapresente.com\/postagens\/livros-da-biblia\/genesis\/genesis-23\/\">G\u00eanesis 23 &#8211; A Morte de Sara<\/a><\/li><li class=\"wp-block-pages-list__item\"><a class=\"wp-block-pages-list__item__link\" href=\"https:\/\/bibliapresente.com\/postagens\/livros-da-biblia\/genesis\/genesis-24\/\">G\u00eanesis 24 &#8211; O Casamento de Isaque<\/a><\/li><li class=\"wp-block-pages-list__item\"><a class=\"wp-block-pages-list__item__link\" href=\"https:\/\/bibliapresente.com\/postagens\/livros-da-biblia\/genesis\/genesis-25\/\">G\u00eanesis 25 &#8211; O Nascimento de Esa\u00fa e Jac\u00f3<\/a><\/li><li class=\"wp-block-pages-list__item\"><a class=\"wp-block-pages-list__item__link\" href=\"https:\/\/bibliapresente.com\/postagens\/livros-da-biblia\/genesis\/genesis-26\/\">G\u00eanesis 26 &#8211; As Promessas de Deus a Isaque<\/a><\/li><li class=\"wp-block-pages-list__item\"><a class=\"wp-block-pages-list__item__link\" href=\"https:\/\/bibliapresente.com\/postagens\/livros-da-biblia\/genesis\/genesis-27\/\">G\u00eanesis 27 &#8211; Jac\u00f3 Engana Isaque<\/a><\/li><li class=\"wp-block-pages-list__item\"><a class=\"wp-block-pages-list__item__link\" href=\"https:\/\/bibliapresente.com\/postagens\/livros-da-biblia\/genesis\/genesis-28\/\">G\u00eanesis 28 &#8211; O Sonho de Jac\u00f3 em Betel<\/a><\/li><li class=\"wp-block-pages-list__item\"><a class=\"wp-block-pages-list__item__link\" href=\"https:\/\/bibliapresente.com\/postagens\/livros-da-biblia\/genesis\/genesis-29\/\">G\u00eanesis 29 &#8211; Jac\u00f3 e as Filhas de Lab\u00e3o<\/a><\/li><li class=\"wp-block-pages-list__item\"><a class=\"wp-block-pages-list__item__link\" href=\"https:\/\/bibliapresente.com\/postagens\/livros-da-biblia\/genesis\/genesis-30\/\">G\u00eanesis 30 &#8211; O Acordo de Jac\u00f3 com Lab\u00e3o<\/a><\/li><li class=\"wp-block-pages-list__item\"><a class=\"wp-block-pages-list__item__link\" href=\"https:\/\/bibliapresente.com\/postagens\/livros-da-biblia\/genesis\/genesis-31\/\">G\u00eanesis 31 &#8211; A Fuga de Jac\u00f3<\/a><\/li><li class=\"wp-block-pages-list__item\"><a class=\"wp-block-pages-list__item__link\" href=\"https:\/\/bibliapresente.com\/postagens\/livros-da-biblia\/genesis\/genesis-32\/\">G\u00eanesis 32 &#8211; A Luta de Jac\u00f3 com O Anjo<\/a><\/li><li class=\"wp-block-pages-list__item\"><a class=\"wp-block-pages-list__item__link\" href=\"https:\/\/bibliapresente.com\/postagens\/livros-da-biblia\/genesis\/genesis-33\/\">G\u00eanesis 33 &#8211; A Reconcilia\u00e7\u00e3o de Jac\u00f3 e Esa\u00fa<\/a><\/li><li class=\"wp-block-pages-list__item\"><a class=\"wp-block-pages-list__item__link\" href=\"https:\/\/bibliapresente.com\/postagens\/livros-da-biblia\/genesis\/genesis-34\/\">G\u00eanesis 34 &#8211; O Caso de Din\u00e1<\/a><\/li><li class=\"wp-block-pages-list__item\"><a class=\"wp-block-pages-list__item__link\" href=\"https:\/\/bibliapresente.com\/postagens\/livros-da-biblia\/genesis\/genesis-35\/\">G\u00eanesis 35 &#8211; A Consagra\u00e7\u00e3o de Jac\u00f3 em Betel<\/a><\/li><li class=\"wp-block-pages-list__item\"><a class=\"wp-block-pages-list__item__link\" href=\"https:\/\/bibliapresente.com\/postagens\/livros-da-biblia\/genesis\/genesis-36\/\">G\u00eanesis 36 &#8211; Os Descendentes de Esa\u00fa<\/a><\/li><li class=\"wp-block-pages-list__item\"><a class=\"wp-block-pages-list__item__link\" href=\"https:\/\/bibliapresente.com\/postagens\/livros-da-biblia\/genesis\/genesis-37\/\">G\u00eanesis 37 &#8211; Jos\u00e9 Vendido como Escravo<\/a><\/li><li class=\"wp-block-pages-list__item\"><a class=\"wp-block-pages-list__item__link\" href=\"https:\/\/bibliapresente.com\/postagens\/livros-da-biblia\/genesis\/genesis-38\/\">G\u00eanesis 38 &#8211; Jud\u00e1 e Tamar<\/a><\/li><li class=\"wp-block-pages-list__item\"><a class=\"wp-block-pages-list__item__link\" href=\"https:\/\/bibliapresente.com\/postagens\/livros-da-biblia\/genesis\/genesis-39\/\">G\u00eanesis 39 &#8211; Jos\u00e9 na Casa de Potifar<\/a><\/li><li class=\"wp-block-pages-list__item\"><a class=\"wp-block-pages-list__item__link\" href=\"https:\/\/bibliapresente.com\/postagens\/livros-da-biblia\/genesis\/genesis-40\/\">G\u00eanesis 40 &#8211; Jos\u00e9 Interpreta Sonhos<\/a><\/li><li class=\"wp-block-pages-list__item\"><a class=\"wp-block-pages-list__item__link\" href=\"https:\/\/bibliapresente.com\/postagens\/livros-da-biblia\/genesis\/genesis-41\/\">G\u00eanesis 41 &#8211; O Sonho do Fara\u00f3<\/a><\/li><li class=\"wp-block-pages-list__item\"><a class=\"wp-block-pages-list__item__link\" href=\"https:\/\/bibliapresente.com\/postagens\/livros-da-biblia\/genesis\/genesis-42\/\">G\u00eanesis 42 &#8211; Os Irm\u00e3os de Jos\u00e9 no Egito<\/a><\/li><li class=\"wp-block-pages-list__item\"><a class=\"wp-block-pages-list__item__link\" href=\"https:\/\/bibliapresente.com\/postagens\/livros-da-biblia\/genesis\/genesis-43\/\">G\u00eanesis 43 &#8211; Benjamim Vai ao Egito<\/a><\/li><li class=\"wp-block-pages-list__item\"><a class=\"wp-block-pages-list__item__link\" href=\"https:\/\/bibliapresente.com\/postagens\/livros-da-biblia\/genesis\/genesis-44\/\">G\u00eanesis 44 &#8211; O Sacrif\u00edcio de Jud\u00e1<\/a><\/li><li class=\"wp-block-pages-list__item\"><a class=\"wp-block-pages-list__item__link\" href=\"https:\/\/bibliapresente.com\/postagens\/livros-da-biblia\/genesis\/genesis-45\/\">G\u00eanesis 45 &#8211; Jos\u00e9 se Revela a seus Irm\u00e3os<\/a><\/li><li class=\"wp-block-pages-list__item\"><a class=\"wp-block-pages-list__item__link\" href=\"https:\/\/bibliapresente.com\/postagens\/livros-da-biblia\/genesis\/genesis-46\/\">G\u00eanesis 46 &#8211; A Viagem de Jac\u00f3 ao Egito<\/a><\/li><li class=\"wp-block-pages-list__item\"><a class=\"wp-block-pages-list__item__link\" href=\"https:\/\/bibliapresente.com\/postagens\/livros-da-biblia\/genesis\/genesis-47\/\">G\u00eanesis 47 &#8211; Jac\u00f3 Aben\u00e7oa o Fara\u00f3<\/a><\/li><li class=\"wp-block-pages-list__item\"><a class=\"wp-block-pages-list__item__link\" href=\"https:\/\/bibliapresente.com\/postagens\/livros-da-biblia\/genesis\/genesis-48\/\">G\u00eanesis 48 &#8211; Jac\u00f3 Aben\u00e7oa os Filhos de Jos\u00e9<\/a><\/li><li class=\"wp-block-pages-list__item\"><a class=\"wp-block-pages-list__item__link\" href=\"https:\/\/bibliapresente.com\/postagens\/livros-da-biblia\/genesis\/genesis-49\/\">G\u00eanesis 49 &#8211; B\u00ean\u00e7\u00e3os de Jac\u00f3 a Seus Filhos<\/a><\/li><li class=\"wp-block-pages-list__item\"><a class=\"wp-block-pages-list__item__link\" href=\"https:\/\/bibliapresente.com\/postagens\/livros-da-biblia\/genesis\/genesis-50\/\">G\u00eanesis 50 &#8211; A Morte de Jac\u00f3<\/a><\/li><\/ul>","protected":false},"excerpt":{"rendered":"<p>1 E chamou Jac\u00f3 a seus filhos, e disse: Juntai-vos, e vos declararei o que vos h\u00e1 de acontecer nos \u00faltimos dias. 2 Juntai-vos e ouvi, filhos de Jac\u00f3; E escutai a vosso pai Israel. 3 R\u00faben, tu \u00e9s meu primog\u00eanito, minha for\u00e7a, e o princ\u00edpio do meu vigor; Principal em dignidade, principal em poder. &hellip; <\/p>\n","protected":false},"author":2,"featured_media":263,"parent":233,"menu_order":49,"comment_status":"closed","ping_status":"closed","template":"","meta":{"om_disable_all_campaigns":false,"_monsterinsights_skip_tracking":false,"_monsterinsights_sitenote_active":false,"_monsterinsights_sitenote_note":"","_monsterinsights_sitenote_category":0,"footnotes":""},"class_list":["post-386","page","type-page","status-publish","has-post-thumbnail","hentry"],"aioseo_notices":[],"_links":{"self":[{"href":"https:\/\/bibliapresente.com\/postagens\/wp-json\/wp\/v2\/pages\/386","targetHints":{"allow":["GET"]}}],"collection":[{"href":"https:\/\/bibliapresente.com\/postagens\/wp-json\/wp\/v2\/pages"}],"about":[{"href":"https:\/\/bibliapresente.com\/postagens\/wp-json\/wp\/v2\/types\/page"}],"author":[{"embeddable":true,"href":"https:\/\/bibliapresente.com\/postagens\/wp-json\/wp\/v2\/users\/2"}],"replies":[{"embeddable":true,"href":"https:\/\/bibliapresente.com\/postagens\/wp-json\/wp\/v2\/comments?post=386"}],"version-history":[{"count":5,"href":"https:\/\/bibliapresente.com\/postagens\/wp-json\/wp\/v2\/pages\/386\/revisions"}],"predecessor-version":[{"id":572,"href":"https:\/\/bibliapresente.com\/postagens\/wp-json\/wp\/v2\/pages\/386\/revisions\/572"}],"up":[{"embeddable":true,"href":"https:\/\/bibliapresente.com\/postagens\/wp-json\/wp\/v2\/pages\/233"}],"wp:featuredmedia":[{"embeddable":true,"href":"https:\/\/bibliapresente.com\/postagens\/wp-json\/wp\/v2\/media\/263"}],"wp:attachment":[{"href":"https:\/\/bibliapresente.com\/postagens\/wp-json\/wp\/v2\/media?parent=386"}],"curies":[{"name":"wp","href":"https:\/\/api.w.org\/{rel}","templated":true}]}}