{"id":382,"date":"2025-01-04T22:44:55","date_gmt":"2025-01-05T01:44:55","guid":{"rendered":"https:\/\/bibliapresente.com\/postagens\/?page_id=382"},"modified":"2025-01-04T22:44:55","modified_gmt":"2025-01-05T01:44:55","slug":"genesis-47","status":"publish","type":"page","link":"https:\/\/bibliapresente.com\/postagens\/livros-da-biblia\/genesis\/genesis-47\/","title":{"rendered":"G\u00eanesis 47 &#8211; Jac\u00f3 Aben\u00e7oa o Fara\u00f3"},"content":{"rendered":"\n<p class=\"has-medium-font-size\" style=\"letter-spacing:1px\"><span><span><sup><b>1<\/b><\/sup><\/span> E Jos\u00e9 veio, e fez saber a Fara\u00f3, e disse: Meu pai e meus irm\u00e3os, e suas ovelhas e suas vacas, com tudo o que t\u00eam, vieram da terra de Cana\u00e3, e eis que, est\u00e3o na terra de G\u00f3sen. <\/span><br><span><span><sup><b>2<\/b><\/sup><\/span> E dentre seus irm\u00e3os tomou cinco homens, e os apresentou diante de Fara\u00f3. <\/span><br><span><span><sup><b>3<\/b><\/sup><\/span> E Fara\u00f3 disse a seus irm\u00e3os: Qual \u00e9 vosso of\u00edcio? E eles responderam a Fara\u00f3: Pastores de ovelhas s\u00e3o teus servos, tanto n\u00f3s como nossos pais. <\/span><br><span><span><sup><b>4<\/b><\/sup><\/span> Disseram ademais a Fara\u00f3: Por morar nesta terra viemos; porque n\u00e3o h\u00e1 pasto para as ovelhas de teus servos, pois a fome \u00e9 grave na terra de Cana\u00e3: portanto, te rogamos agora que habitem teus servos na terra de G\u00f3sen. <\/span><br><span><span><sup><b>5<\/b><\/sup><\/span> Ent\u00e3o Fara\u00f3 falou a Jos\u00e9, dizendo: Teu pai e teus irm\u00e3os vieram a ti; <\/span><br><span><span><sup><b>6<\/b><\/sup><\/span> A terra do Egito diante de ti est\u00e1; no melhor da terra faze habitar a teu pai e a teus irm\u00e3os; habitem na terra de G\u00f3sen; e se entendes que h\u00e1 entre eles homens competentes, p\u00f5e-os por administradores do meu gado. <\/span><br><span><span><sup><b>7<\/b><\/sup><\/span> E Jos\u00e9 introduziu a seu pai, e apresentou-o diante de Fara\u00f3; e Jac\u00f3 aben\u00e7oou a Fara\u00f3. <\/span><br><span><span><sup><b>8<\/b><\/sup><\/span> E disse Fara\u00f3 a Jac\u00f3: Quantos s\u00e3o os dias dos anos de tua vida? <\/span><br><span><span><sup><b>9<\/b><\/sup><\/span> E Jac\u00f3 respondeu a Fara\u00f3: Os dias dos anos de minha peregrina\u00e7\u00e3o s\u00e3o cento e trinta anos; poucos e maus foram os dias dos anos de minha vida, e n\u00e3o chegaram aos dias dos anos da vida de meus pais nos dias de sua peregrina\u00e7\u00e3o. <\/span><br><span><span><sup><b>10<\/b><\/sup><\/span> E Jac\u00f3 aben\u00e7oou a Fara\u00f3, e saiu-se de diante de Fara\u00f3. <\/span><br><span><span><sup><b>11<\/b><\/sup><\/span> Assim Jos\u00e9 fez habitar a seu pai e a seus irm\u00e3os, e deu-lhes possess\u00e3o na terra do Egito, no melhor da terra, na terra de Ramess\u00e9s como mandou Fara\u00f3. <\/span><br><span><span><sup><b>12<\/b><\/sup><\/span> E alimentava Jos\u00e9 a seu pai e a seus irm\u00e3os, e a toda a casa de seu pai, de p\u00e3o, segundo o n\u00famero de seus filhos. <\/span><br><span><span><sup><b>13<\/b><\/sup><\/span> E n\u00e3o havia p\u00e3o toda a terra, e a fome era muito grave; pelo que desfaleceu de fome a terra do Egito e a terra de Cana\u00e3. <\/span><br><span><span><sup><b>14<\/b><\/sup><\/span> E recolheu Jos\u00e9 todo o dinheiro que se achou na terra do Egito e na terra de Cana\u00e3, pelos alimentos que dele compravam; e meteu Jos\u00e9 o dinheiro na casa de Fara\u00f3. <\/span><br><span><span><sup><b>15<\/b><\/sup><\/span> E acabado o dinheiro da terra do Egito e da terra de Cana\u00e3, veio todo Egito a Jos\u00e9 dizendo: D\u00e1-nos p\u00e3o: por que morreremos diante de ti, por haver-se acabado o dinheiro? <\/span><br><span><span><sup><b>16<\/b><\/sup><\/span> E Jos\u00e9 disse: Dai vossos gados, e eu vos darei por vossos gados, se se acabou o dinheiro. <\/span><br><span><span><sup><b>17<\/b><\/sup><\/span> E eles trouxeram seus gados a Jos\u00e9; e Jos\u00e9 lhes deu alimentos por cavalos, e pelo rebanho das ovelhas, e pelo rebanho das vacas, e por asnos: e sustentou-os de p\u00e3o por todos os seus gados aquele ano. <\/span><br><span><span><sup><b>18<\/b><\/sup><\/span> E acabado aquele ano, vieram a ele o segundo ano, e lhe disseram: N\u00e3o encobriremos a nosso senhor que o dinheiro certamente se acabou; tamb\u00e9m o gado \u00e9 j\u00e1 de nosso senhor; nada restou diante de nosso senhor a n\u00e3o ser nossos corpos e nossa terra. <\/span><br><span><span><sup><b>19<\/b><\/sup><\/span> Por que morreremos diante de teus olhos, tanto n\u00f3s como nossa terra? Compra a n\u00f3s e a nossa terra por p\u00e3o, e seremos n\u00f3s e nossa terra servos de Fara\u00f3; e d\u00e1-nos semente para que vivamos e n\u00e3o morramos, e n\u00e3o seja assolada a terra. <\/span><br><span><span><sup><b>20<\/b><\/sup><\/span> Ent\u00e3o comprou Jos\u00e9 toda a terra do Egito para Fara\u00f3; pois os eg\u00edpcios venderam cada um suas terras, porque se agravou a fome sobre eles: e a terra veio a ser de Fara\u00f3. <\/span><br><span><span><sup><b>21<\/b><\/sup><\/span> E ao povo o fez passar \u00e0s cidades desde um fim do termo do Egito at\u00e9 o outro fim. <\/span><br><span><span><sup><b>22<\/b><\/sup><\/span> Somente a terra dos sacerdotes n\u00e3o comprou, porquanto os sacerdotes tinham ra\u00e7\u00e3o de Fara\u00f3, e eles comiam sua ra\u00e7\u00e3o que Fara\u00f3 lhes dava: por isso n\u00e3o venderam sua terra. <\/span><br><span><span><sup><b>23<\/b><\/sup><\/span> E Jos\u00e9 disse ao povo: Eis que comprei hoje v\u00f3s e vossa terra para Fara\u00f3: vede aqui semente, e semeareis a terra. <\/span><br><span><span><sup><b>24<\/b><\/sup><\/span> E ser\u00e1 que dos frutos dareis o quinto a Fara\u00f3, e as quatro partes ser\u00e3o vossas para semear as terras, e para vosso mantimento, e dos que est\u00e3o em vossas casas, e para que comam vossos meninos. <\/span><br><span><span><sup><b>25<\/b><\/sup><\/span> E eles responderam: A vida nos deste: achemos favor aos olhos de meu senhor, e sejamos servos de Fara\u00f3. <\/span><br><span><span><sup><b>26<\/b><\/sup><\/span> Ent\u00e3o Jos\u00e9 o p\u00f4s por estatuto at\u00e9 hoje sobre a terra do Egito, assinalando para Fara\u00f3 o quinto; exceto somente a terra dos sacerdotes, que n\u00e3o foi de Fara\u00f3. <\/span><br><span><span><sup><b>27<\/b><\/sup><\/span> Assim habitou Israel na terra do Egito, na terra de G\u00f3sen; e apossaram-se nela, y se aumentaram, e multiplicaram em grande maneira. <\/span><br><span><span><sup><b>28<\/b><\/sup><\/span> E viveu Jac\u00f3 na terra do Egito dezessete anos: e foram os dias de Jac\u00f3, os anos de sua vida, cento quarenta e sete anos. <\/span><br><span><span><sup><b>29<\/b><\/sup><\/span> E achegaram-se os dias de Israel para morrer, e chamou a Jos\u00e9 seu filho, e lhe disse: Se achei agora favor em teus olhos, rogo-te que ponhas tua m\u00e3o debaixo de minha coxa, e far\u00e1s comigo miseric\u00f3rdia e verdade; rogo-te que n\u00e3o me enterres no Egito; <\/span><br><span><span><sup><b>30<\/b><\/sup><\/span> Mas quando dormir com meus pais, me levar\u00e1s de Egito, e me sepultar\u00e1s no sepulcro deles. E ele respondeu: Eu farei como tu dizes. <\/span><br><span><span><sup><b>31<\/b><\/sup><\/span> E ele disse: Jura-me isso. E ele lhe jurou. Ent\u00e3o Israel se inclinou sobre a cabeceira da cama.<\/span><\/p>\n\n\n\n<div class=\"wp-block-columns is-layout-flex wp-container-core-columns-is-layout-9d6595d7 wp-block-columns-is-layout-flex\">\n<div class=\"wp-block-column is-layout-flow wp-block-column-is-layout-flow\">\n<p><a href=\"\/genesis-46\">G\u00eanesis 46<\/a><\/p>\n<\/div>\n\n\n\n<div class=\"wp-block-column is-layout-flow wp-block-column-is-layout-flow\">\n<p class=\"has-text-align-right\"><a href=\"\/genesis-48\">G\u00eanesis 48<\/a><\/p>\n<\/div>\n<\/div>\n\n\n\n<h2 class=\"wp-block-heading\">Descri\u00e7\u00e3o &#8211; G\u00eanesis 47<\/h2>\n\n\n\n<p class=\"has-medium-font-size\">G\u00eanesis 47 relata a chegada de Jac\u00f3 e sua fam\u00edlia ao Egito, onde Jos\u00e9 recebe seu pai e irm\u00e3os com grande honra. Jac\u00f3 \u00e9 apresentado ao fara\u00f3 e aben\u00e7oa o rei. Jos\u00e9 organiza a distribui\u00e7\u00e3o de alimentos durante a fome, comprando terras para o fara\u00f3 e tornando o Egito uma na\u00e7\u00e3o centralizada. O cap\u00edtulo tamb\u00e9m destaca a prosperidade de Israel na terra de G\u00f3sen, enquanto a popula\u00e7\u00e3o eg\u00edpcia se submete \u00e0 autoridade do fara\u00f3. G\u00eanesis 47 \u00e9 fundamental para a concretiza\u00e7\u00e3o da promessa de Deus a Abra\u00e3o sobre o futuro de seus descendentes.<\/p>\n\n\n\n<h3 class=\"wp-block-heading\">Livro do G\u00eanesis:<\/h3>\n\n\n<ul class=\"wp-block-page-list\"><li class=\"wp-block-pages-list__item\"><a class=\"wp-block-pages-list__item__link\" href=\"https:\/\/bibliapresente.com\/postagens\/livros-da-biblia\/genesis\/genesis-1\/\">G\u00eanesis 1 &#8211; A Cria\u00e7\u00e3o do Universo<\/a><\/li><li class=\"wp-block-pages-list__item\"><a class=\"wp-block-pages-list__item__link\" href=\"https:\/\/bibliapresente.com\/postagens\/livros-da-biblia\/genesis\/genesis-2\/\">G\u00eanesis 2 &#8211; O Jardim do \u00c9den<\/a><\/li><li class=\"wp-block-pages-list__item\"><a class=\"wp-block-pages-list__item__link\" href=\"https:\/\/bibliapresente.com\/postagens\/livros-da-biblia\/genesis\/genesis-3\/\">G\u00eanesis 3 &#8211; O Pecado Original<\/a><\/li><li class=\"wp-block-pages-list__item\"><a class=\"wp-block-pages-list__item__link\" href=\"https:\/\/bibliapresente.com\/postagens\/livros-da-biblia\/genesis\/genesis-4\/\">G\u00eanesis 4 &#8211; Caim e Abel<\/a><\/li><li class=\"wp-block-pages-list__item\"><a class=\"wp-block-pages-list__item__link\" href=\"https:\/\/bibliapresente.com\/postagens\/livros-da-biblia\/genesis\/genesis-5\/\">G\u00eanesis 5 &#8211; Genealogia de Ad\u00e3o a No\u00e9<\/a><\/li><li class=\"wp-block-pages-list__item\"><a class=\"wp-block-pages-list__item__link\" href=\"https:\/\/bibliapresente.com\/postagens\/livros-da-biblia\/genesis\/genesis-6-a-corrupcao-e-o-chamado-de-noe\/\">G\u00eanesis 6 &#8211; A Corrup\u00e7\u00e3o e o Chamado de No\u00e9<\/a><\/li><li class=\"wp-block-pages-list__item\"><a class=\"wp-block-pages-list__item__link\" href=\"https:\/\/bibliapresente.com\/postagens\/livros-da-biblia\/genesis\/genesis-7\/\">G\u00eanesis 7 &#8211; O Grande Dil\u00favio<\/a><\/li><li class=\"wp-block-pages-list__item\"><a class=\"wp-block-pages-list__item__link\" href=\"https:\/\/bibliapresente.com\/postagens\/livros-da-biblia\/genesis\/genesis-8\/\">G\u00eanesis 8 &#8211; As \u00c1guas do Dil\u00favio Recuam<\/a><\/li><li class=\"wp-block-pages-list__item\"><a class=\"wp-block-pages-list__item__link\" href=\"https:\/\/bibliapresente.com\/postagens\/livros-da-biblia\/genesis\/genesis-9\/\">G\u00eanesis 9 &#8211; A Grande Alian\u00e7a do Arco-\u00cdris<\/a><\/li><li class=\"wp-block-pages-list__item\"><a class=\"wp-block-pages-list__item__link\" href=\"https:\/\/bibliapresente.com\/postagens\/livros-da-biblia\/genesis\/genesis-10-as-nacoes-descendentes-de-noe\/\">G\u00eanesis 10 &#8211; As Na\u00e7\u00f5es Descendentes de No\u00e9<\/a><\/li><li class=\"wp-block-pages-list__item\"><a class=\"wp-block-pages-list__item__link\" href=\"https:\/\/bibliapresente.com\/postagens\/livros-da-biblia\/genesis\/genesis-11-a-torre-de-babel\/\">G\u00eanesis 11 &#8211; A Torre de Babel<\/a><\/li><li class=\"wp-block-pages-list__item\"><a class=\"wp-block-pages-list__item__link\" href=\"https:\/\/bibliapresente.com\/postagens\/livros-da-biblia\/genesis\/genesis-12-o-chamado-de-abraao\/\">G\u00eanesis 12 &#8211; O Chamado de Abra\u00e3o<\/a><\/li><li class=\"wp-block-pages-list__item\"><a class=\"wp-block-pages-list__item__link\" href=\"https:\/\/bibliapresente.com\/postagens\/livros-da-biblia\/genesis\/genesis-13-a-separacao-de-abrao-e-lo\/\">G\u00eanesis 13 &#8211; A Separa\u00e7\u00e3o de Abr\u00e3o e L\u00f3<\/a><\/li><li class=\"wp-block-pages-list__item\"><a class=\"wp-block-pages-list__item__link\" href=\"https:\/\/bibliapresente.com\/postagens\/livros-da-biblia\/genesis\/genesis-14\/\">G\u00eanesis 14 &#8211; A B\u00ean\u00e7\u00e3o de Melquisedeque<\/a><\/li><li class=\"wp-block-pages-list__item\"><a class=\"wp-block-pages-list__item__link\" href=\"https:\/\/bibliapresente.com\/postagens\/livros-da-biblia\/genesis\/genesis-15\/\">G\u00eanesis 15 &#8211; A Alian\u00e7a de Deus com Abr\u00e3o<\/a><\/li><li class=\"wp-block-pages-list__item\"><a class=\"wp-block-pages-list__item__link\" href=\"https:\/\/bibliapresente.com\/postagens\/livros-da-biblia\/genesis\/genesis-16\/\">G\u00eanesis 16 &#8211; O Nascimento de Ismael<\/a><\/li><li class=\"wp-block-pages-list__item\"><a class=\"wp-block-pages-list__item__link\" href=\"https:\/\/bibliapresente.com\/postagens\/livros-da-biblia\/genesis\/genesis-17\/\">G\u00eanesis 17 &#8211; A Institui\u00e7\u00e3o da Circuncis\u00e3o<\/a><\/li><li class=\"wp-block-pages-list__item\"><a class=\"wp-block-pages-list__item__link\" href=\"https:\/\/bibliapresente.com\/postagens\/livros-da-biblia\/genesis\/genesis-18\/\">G\u00eanesis 18 &#8211; A Visita dos Tr\u00eas Anjos<\/a><\/li><li class=\"wp-block-pages-list__item\"><a class=\"wp-block-pages-list__item__link\" href=\"https:\/\/bibliapresente.com\/postagens\/livros-da-biblia\/genesis\/genesis-19\/\">G\u00eanesis 19 &#8211; Sodoma e Gomorra<\/a><\/li><li class=\"wp-block-pages-list__item\"><a class=\"wp-block-pages-list__item__link\" href=\"https:\/\/bibliapresente.com\/postagens\/livros-da-biblia\/genesis\/genesis-20\/\">G\u00eanesis 20 &#8211; Abra\u00e3o e Abimeleque<\/a><\/li><li class=\"wp-block-pages-list__item\"><a class=\"wp-block-pages-list__item__link\" href=\"https:\/\/bibliapresente.com\/postagens\/livros-da-biblia\/genesis\/genesis-21\/\">G\u00eanesis 21 &#8211; O Nascimento de Isaque<\/a><\/li><li class=\"wp-block-pages-list__item\"><a class=\"wp-block-pages-list__item__link\" href=\"https:\/\/bibliapresente.com\/postagens\/livros-da-biblia\/genesis\/genesis-22\/\">G\u00eanesis 22 &#8211; O Sacrif\u00edcio de Isaque<\/a><\/li><li class=\"wp-block-pages-list__item\"><a class=\"wp-block-pages-list__item__link\" href=\"https:\/\/bibliapresente.com\/postagens\/livros-da-biblia\/genesis\/genesis-23\/\">G\u00eanesis 23 &#8211; A Morte de Sara<\/a><\/li><li class=\"wp-block-pages-list__item\"><a class=\"wp-block-pages-list__item__link\" href=\"https:\/\/bibliapresente.com\/postagens\/livros-da-biblia\/genesis\/genesis-24\/\">G\u00eanesis 24 &#8211; O Casamento de Isaque<\/a><\/li><li class=\"wp-block-pages-list__item\"><a class=\"wp-block-pages-list__item__link\" href=\"https:\/\/bibliapresente.com\/postagens\/livros-da-biblia\/genesis\/genesis-25\/\">G\u00eanesis 25 &#8211; O Nascimento de Esa\u00fa e Jac\u00f3<\/a><\/li><li class=\"wp-block-pages-list__item\"><a class=\"wp-block-pages-list__item__link\" href=\"https:\/\/bibliapresente.com\/postagens\/livros-da-biblia\/genesis\/genesis-26\/\">G\u00eanesis 26 &#8211; As Promessas de Deus a Isaque<\/a><\/li><li class=\"wp-block-pages-list__item\"><a class=\"wp-block-pages-list__item__link\" href=\"https:\/\/bibliapresente.com\/postagens\/livros-da-biblia\/genesis\/genesis-27\/\">G\u00eanesis 27 &#8211; Jac\u00f3 Engana Isaque<\/a><\/li><li class=\"wp-block-pages-list__item\"><a class=\"wp-block-pages-list__item__link\" href=\"https:\/\/bibliapresente.com\/postagens\/livros-da-biblia\/genesis\/genesis-28\/\">G\u00eanesis 28 &#8211; O Sonho de Jac\u00f3 em Betel<\/a><\/li><li class=\"wp-block-pages-list__item\"><a class=\"wp-block-pages-list__item__link\" href=\"https:\/\/bibliapresente.com\/postagens\/livros-da-biblia\/genesis\/genesis-29\/\">G\u00eanesis 29 &#8211; Jac\u00f3 e as Filhas de Lab\u00e3o<\/a><\/li><li class=\"wp-block-pages-list__item\"><a class=\"wp-block-pages-list__item__link\" href=\"https:\/\/bibliapresente.com\/postagens\/livros-da-biblia\/genesis\/genesis-30\/\">G\u00eanesis 30 &#8211; O Acordo de Jac\u00f3 com Lab\u00e3o<\/a><\/li><li class=\"wp-block-pages-list__item\"><a class=\"wp-block-pages-list__item__link\" href=\"https:\/\/bibliapresente.com\/postagens\/livros-da-biblia\/genesis\/genesis-31\/\">G\u00eanesis 31 &#8211; A Fuga de Jac\u00f3<\/a><\/li><li class=\"wp-block-pages-list__item\"><a class=\"wp-block-pages-list__item__link\" href=\"https:\/\/bibliapresente.com\/postagens\/livros-da-biblia\/genesis\/genesis-32\/\">G\u00eanesis 32 &#8211; A Luta de Jac\u00f3 com O Anjo<\/a><\/li><li class=\"wp-block-pages-list__item\"><a class=\"wp-block-pages-list__item__link\" href=\"https:\/\/bibliapresente.com\/postagens\/livros-da-biblia\/genesis\/genesis-33\/\">G\u00eanesis 33 &#8211; A Reconcilia\u00e7\u00e3o de Jac\u00f3 e Esa\u00fa<\/a><\/li><li class=\"wp-block-pages-list__item\"><a class=\"wp-block-pages-list__item__link\" href=\"https:\/\/bibliapresente.com\/postagens\/livros-da-biblia\/genesis\/genesis-34\/\">G\u00eanesis 34 &#8211; O Caso de Din\u00e1<\/a><\/li><li class=\"wp-block-pages-list__item\"><a class=\"wp-block-pages-list__item__link\" href=\"https:\/\/bibliapresente.com\/postagens\/livros-da-biblia\/genesis\/genesis-35\/\">G\u00eanesis 35 &#8211; A Consagra\u00e7\u00e3o de Jac\u00f3 em Betel<\/a><\/li><li class=\"wp-block-pages-list__item\"><a class=\"wp-block-pages-list__item__link\" href=\"https:\/\/bibliapresente.com\/postagens\/livros-da-biblia\/genesis\/genesis-36\/\">G\u00eanesis 36 &#8211; Os Descendentes de Esa\u00fa<\/a><\/li><li class=\"wp-block-pages-list__item\"><a class=\"wp-block-pages-list__item__link\" href=\"https:\/\/bibliapresente.com\/postagens\/livros-da-biblia\/genesis\/genesis-37\/\">G\u00eanesis 37 &#8211; Jos\u00e9 Vendido como Escravo<\/a><\/li><li class=\"wp-block-pages-list__item\"><a class=\"wp-block-pages-list__item__link\" href=\"https:\/\/bibliapresente.com\/postagens\/livros-da-biblia\/genesis\/genesis-38\/\">G\u00eanesis 38 &#8211; Jud\u00e1 e Tamar<\/a><\/li><li class=\"wp-block-pages-list__item\"><a class=\"wp-block-pages-list__item__link\" href=\"https:\/\/bibliapresente.com\/postagens\/livros-da-biblia\/genesis\/genesis-39\/\">G\u00eanesis 39 &#8211; Jos\u00e9 na Casa de Potifar<\/a><\/li><li class=\"wp-block-pages-list__item\"><a class=\"wp-block-pages-list__item__link\" href=\"https:\/\/bibliapresente.com\/postagens\/livros-da-biblia\/genesis\/genesis-40\/\">G\u00eanesis 40 &#8211; Jos\u00e9 Interpreta Sonhos<\/a><\/li><li class=\"wp-block-pages-list__item\"><a class=\"wp-block-pages-list__item__link\" href=\"https:\/\/bibliapresente.com\/postagens\/livros-da-biblia\/genesis\/genesis-41\/\">G\u00eanesis 41 &#8211; O Sonho do Fara\u00f3<\/a><\/li><li class=\"wp-block-pages-list__item\"><a class=\"wp-block-pages-list__item__link\" href=\"https:\/\/bibliapresente.com\/postagens\/livros-da-biblia\/genesis\/genesis-42\/\">G\u00eanesis 42 &#8211; Os Irm\u00e3os de Jos\u00e9 no Egito<\/a><\/li><li class=\"wp-block-pages-list__item\"><a class=\"wp-block-pages-list__item__link\" href=\"https:\/\/bibliapresente.com\/postagens\/livros-da-biblia\/genesis\/genesis-43\/\">G\u00eanesis 43 &#8211; Benjamim Vai ao Egito<\/a><\/li><li class=\"wp-block-pages-list__item\"><a class=\"wp-block-pages-list__item__link\" href=\"https:\/\/bibliapresente.com\/postagens\/livros-da-biblia\/genesis\/genesis-44\/\">G\u00eanesis 44 &#8211; O Sacrif\u00edcio de Jud\u00e1<\/a><\/li><li class=\"wp-block-pages-list__item\"><a class=\"wp-block-pages-list__item__link\" href=\"https:\/\/bibliapresente.com\/postagens\/livros-da-biblia\/genesis\/genesis-45\/\">G\u00eanesis 45 &#8211; Jos\u00e9 se Revela a seus Irm\u00e3os<\/a><\/li><li class=\"wp-block-pages-list__item\"><a class=\"wp-block-pages-list__item__link\" href=\"https:\/\/bibliapresente.com\/postagens\/livros-da-biblia\/genesis\/genesis-46\/\">G\u00eanesis 46 &#8211; A Viagem de Jac\u00f3 ao Egito<\/a><\/li><li class=\"wp-block-pages-list__item\"><a class=\"wp-block-pages-list__item__link\" href=\"https:\/\/bibliapresente.com\/postagens\/livros-da-biblia\/genesis\/genesis-47\/\">G\u00eanesis 47 &#8211; Jac\u00f3 Aben\u00e7oa o Fara\u00f3<\/a><\/li><li class=\"wp-block-pages-list__item\"><a class=\"wp-block-pages-list__item__link\" href=\"https:\/\/bibliapresente.com\/postagens\/livros-da-biblia\/genesis\/genesis-48\/\">G\u00eanesis 48 &#8211; Jac\u00f3 Aben\u00e7oa os Filhos de Jos\u00e9<\/a><\/li><li class=\"wp-block-pages-list__item\"><a class=\"wp-block-pages-list__item__link\" href=\"https:\/\/bibliapresente.com\/postagens\/livros-da-biblia\/genesis\/genesis-49\/\">G\u00eanesis 49 &#8211; B\u00ean\u00e7\u00e3os de Jac\u00f3 a Seus Filhos<\/a><\/li><li class=\"wp-block-pages-list__item\"><a class=\"wp-block-pages-list__item__link\" href=\"https:\/\/bibliapresente.com\/postagens\/livros-da-biblia\/genesis\/genesis-50\/\">G\u00eanesis 50 &#8211; A Morte de Jac\u00f3<\/a><\/li><\/ul>","protected":false},"excerpt":{"rendered":"<p>1 E Jos\u00e9 veio, e fez saber a Fara\u00f3, e disse: Meu pai e meus irm\u00e3os, e suas ovelhas e suas vacas, com tudo o que t\u00eam, vieram da terra de Cana\u00e3, e eis que, est\u00e3o na terra de G\u00f3sen. 2 E dentre seus irm\u00e3os tomou cinco homens, e os apresentou diante de Fara\u00f3. 3 &hellip; <\/p>\n","protected":false},"author":2,"featured_media":263,"parent":233,"menu_order":47,"comment_status":"closed","ping_status":"closed","template":"","meta":{"om_disable_all_campaigns":false,"_monsterinsights_skip_tracking":false,"_monsterinsights_sitenote_active":false,"_monsterinsights_sitenote_note":"","_monsterinsights_sitenote_category":0,"footnotes":""},"class_list":["post-382","page","type-page","status-publish","has-post-thumbnail","hentry"],"aioseo_notices":[],"_links":{"self":[{"href":"https:\/\/bibliapresente.com\/postagens\/wp-json\/wp\/v2\/pages\/382","targetHints":{"allow":["GET"]}}],"collection":[{"href":"https:\/\/bibliapresente.com\/postagens\/wp-json\/wp\/v2\/pages"}],"about":[{"href":"https:\/\/bibliapresente.com\/postagens\/wp-json\/wp\/v2\/types\/page"}],"author":[{"embeddable":true,"href":"https:\/\/bibliapresente.com\/postagens\/wp-json\/wp\/v2\/users\/2"}],"replies":[{"embeddable":true,"href":"https:\/\/bibliapresente.com\/postagens\/wp-json\/wp\/v2\/comments?post=382"}],"version-history":[{"count":5,"href":"https:\/\/bibliapresente.com\/postagens\/wp-json\/wp\/v2\/pages\/382\/revisions"}],"predecessor-version":[{"id":570,"href":"https:\/\/bibliapresente.com\/postagens\/wp-json\/wp\/v2\/pages\/382\/revisions\/570"}],"up":[{"embeddable":true,"href":"https:\/\/bibliapresente.com\/postagens\/wp-json\/wp\/v2\/pages\/233"}],"wp:featuredmedia":[{"embeddable":true,"href":"https:\/\/bibliapresente.com\/postagens\/wp-json\/wp\/v2\/media\/263"}],"wp:attachment":[{"href":"https:\/\/bibliapresente.com\/postagens\/wp-json\/wp\/v2\/media?parent=382"}],"curies":[{"name":"wp","href":"https:\/\/api.w.org\/{rel}","templated":true}]}}