{"id":380,"date":"2025-01-04T22:43:50","date_gmt":"2025-01-05T01:43:50","guid":{"rendered":"https:\/\/bibliapresente.com\/postagens\/?page_id=380"},"modified":"2025-01-04T22:43:50","modified_gmt":"2025-01-05T01:43:50","slug":"genesis-46","status":"publish","type":"page","link":"https:\/\/bibliapresente.com\/postagens\/livros-da-biblia\/genesis\/genesis-46\/","title":{"rendered":"G\u00eanesis 46 &#8211; A Viagem de Jac\u00f3 ao Egito"},"content":{"rendered":"\n<p class=\"has-medium-font-size\" style=\"letter-spacing:1px\"><span><span><sup><b>1<\/b><\/sup><\/span> E partiu-se Israel com tudo o que tinha, e veio a Berseba, e ofereceu sacrif\u00edcios ao Deus de seu pai Isaque. <\/span><br><span><span><sup><b>2<\/b><\/sup><\/span> E falou Deus a Israel em vis\u00f5es de noite, e disse: Jac\u00f3, Jac\u00f3. E ele respondeu: Eis-me aqui. <\/span><br><span><span><sup><b>3<\/b><\/sup><\/span> E disse: Eu sou Deus, o Deus de teu pai; n\u00e3o temas de descer ao Egito, porque eu te farei ali em grande na\u00e7\u00e3o. <\/span><br><span><span><sup><b>4<\/b><\/sup><\/span> Eu descerei contigo ao Egito, e eu tamb\u00e9m te farei voltar; e Jos\u00e9 por\u00e1 sua m\u00e3o sobre teus olhos. <\/span><br><span><span><sup><b>5<\/b><\/sup><\/span> E levantou-se Jac\u00f3 de Berseba; e tomaram os filhos de Israel a seu pai Jac\u00f3, e a seus filhos, e a suas mulheres, nos carros que Fara\u00f3 havia enviado para lev\u00e1-lo. <\/span><br><span><span><sup><b>6<\/b><\/sup><\/span> E tomaram seus gados, e sua riqueza que havia adquirido na terra de Cana\u00e3, e vieram-se ao Egito, Jac\u00f3, e toda sua descend\u00eancia consigo; <\/span><br><span><span><sup><b>7<\/b><\/sup><\/span> Seus filhos, e os filhos de seus filhos consigo; suas filhas, e as filhas de seus filhos, e a toda sua descend\u00eancia trouxe consigo ao Egito. <\/span><br><span><span><sup><b>8<\/b><\/sup><\/span> E estes s\u00e3o os nomes dos filhos de Israel, que entraram no Egito, Jac\u00f3 e seus filhos: R\u00faben, o primog\u00eanito de Jac\u00f3. <\/span><br><span><span><sup><b>9<\/b><\/sup><\/span> E os filhos de R\u00faben: Enoque, e Palu, e Hezrom, e Carmi. <\/span><br><span><span><sup><b>10<\/b><\/sup><\/span> E os filhos de Sime\u00e3o: Jemuel, e Jamim, e Oade, e Jaquim, e Zoar, e Saul, filho da cananeia. <\/span><br><span><span><sup><b>11<\/b><\/sup><\/span> E os filhos de Levi: G\u00e9rson, Coate, e Merari. <\/span><br><span><span><sup><b>12<\/b><\/sup><\/span> E os filhos de Jud\u00e1: Er, e On\u00e3, e Sel\u00e1, e Perez, e Zer\u00e1: mas Er e On\u00e3, morreram na terra de Cana\u00e3. E os filhos de Perez foram Hezrom e Hamul. <\/span><br><span><span><sup><b>13<\/b><\/sup><\/span> E os filhos de Issacar: Tola, e Puva, e J\u00f3, e Sinrom. <\/span><br><span><span><sup><b>14<\/b><\/sup><\/span> E os filhos de Zebulom: Serede e Elom, e Jaleel. <\/span><br><span><span><sup><b>15<\/b><\/sup><\/span> Estes foram os filhos de Lia, os que deu a Jac\u00f3 em Pad\u00e3-Ar\u00e3, e al\u00e9m de sua filha Din\u00e1: trinta e tr\u00eas as almas todas de seus filhos e filhas. <\/span><br><span><span><sup><b>16<\/b><\/sup><\/span> E os filhos de Gade: Zifiom, e Hagi, e Suni, e Ezbom, e Eri, e Arodi, e Areli. <\/span><br><span><span><sup><b>17<\/b><\/sup><\/span> E os filhos de Aser: Imna, e Isva, e Isvi y Berias, e Sera, irm\u00e3 deles. Os filhos de Berias: H\u00e9ber, e Malquiel. <\/span><br><span><span><sup><b>18<\/b><\/sup><\/span> Estes foram os filhos de Zilpa, a que Lab\u00e3o deu a sua filha Lia, e deu estes a Jac\u00f3; todas dezesseis almas. <\/span><br><span><span><sup><b>19<\/b><\/sup><\/span> E os filhos de Raquel, mulher de Jac\u00f3: Jos\u00e9 e Benjamim. <\/span><br><span><span><sup><b>20<\/b><\/sup><\/span> E nasceram a Jos\u00e9 na terra do Egito Manass\u00e9s e Efraim, os que lhe deu Azenate, filha Pot\u00edfera, sacerdote de Om. <\/span><br><span><span><sup><b>21<\/b><\/sup><\/span> E os filhos de Benjamim foram Bel\u00e1, e Bequer e Asbel, e Gera, e Naam\u00e3, e E\u00ed, e R\u00f4s e Mupim, e Hupim, e Arde. <\/span><br><span><span><sup><b>22<\/b><\/sup><\/span> Estes foram os filhos de Raquel, que nasceram a Jac\u00f3: ao todo, catorze almas. <\/span><br><span><span><sup><b>23<\/b><\/sup><\/span> E os filhos de D\u00e3: Husim. <\/span><br><span><span><sup><b>24<\/b><\/sup><\/span> E os filhos de Naftali: Jazeel, e Guni, e Jezer, e Sil\u00e9m. <\/span><br><span><span><sup><b>25<\/b><\/sup><\/span> Estes foram os filhos de Bila, a que deu Lab\u00e3o a Raquel sua filha, e ela deu \u00e0 luz estes a Jac\u00f3; todas sete almas. <\/span><br><span><span><sup><b>26<\/b><\/sup><\/span> Todas as pessoas que vieram com Jac\u00f3 ao Egito, procedentes de seus lombos, sem as mulheres dos filhos de Jac\u00f3, todas as pessoas foram sessenta e seis. <\/span><br><span><span><sup><b>27<\/b><\/sup><\/span> E os filhos de Jos\u00e9, que lhe nasceram no Egito, duas pessoas. Todas as almas da casa de Jac\u00f3, que entraram no Egito, foram setenta. <\/span><br><span><span><sup><b>28<\/b><\/sup><\/span> E enviou a Jud\u00e1 adiante de si a Jos\u00e9, para que lhe viesse a ver a G\u00f3sen; e chegaram \u00e0 terra de G\u00f3sen. <\/span><br><span><span><sup><b>29<\/b><\/sup><\/span> E Jos\u00e9 preparou seu carro e veio a receber a Israel seu pai a G\u00f3sen; e se manifestou a ele, e lan\u00e7ou-se sobre seu pesco\u00e7o, e chorou sobre seu pesco\u00e7o bastante. <\/span><br><span><span><sup><b>30<\/b><\/sup><\/span> Ent\u00e3o Israel disse a Jos\u00e9: Morra eu agora, j\u00e1 que vi teu rosto, pois ainda vives. <\/span><br><span><span><sup><b>31<\/b><\/sup><\/span> E Jos\u00e9 disse a seus irm\u00e3os, e \u00e0 casa de seu pai: Subirei e farei saber a Fara\u00f3, e lhe direi: Meus irm\u00e3os e a casa de meu pai, que estavam na terra de Cana\u00e3, vieram a mim; <\/span><br><span><span><sup><b>32<\/b><\/sup><\/span> E os homens s\u00e3o pastores de ovelhas, porque s\u00e3o homens criadores de gado: e trouxeram suas ovelhas e suas vacas, e tudo o que tinham. <\/span><br><span><span><sup><b>33<\/b><\/sup><\/span> E quando Fara\u00f3 vos chamar e disser: qual \u00e9 vosso of\u00edcio? <\/span><br><span><span><sup><b>34<\/b><\/sup><\/span> Ent\u00e3o direis: Homens de cria\u00e7\u00e3o de gado foram teus servos desde nossa juventude at\u00e9 agora, n\u00f3s e nossos pais; a fim que moreis na terra de G\u00f3sen, porque os eg\u00edpcios abominam todo pastor de ovelhas.<\/span><\/p>\n\n\n\n<div class=\"wp-block-columns is-layout-flex wp-container-core-columns-is-layout-9d6595d7 wp-block-columns-is-layout-flex\">\n<div class=\"wp-block-column is-layout-flow wp-block-column-is-layout-flow\">\n<p><a href=\"\/genesis-45\">G\u00eanesis 45<\/a><\/p>\n<\/div>\n\n\n\n<div class=\"wp-block-column is-layout-flow wp-block-column-is-layout-flow\">\n<p class=\"has-text-align-right\"><a href=\"\/genesis-47\">G\u00eanesis 47<\/a><\/p>\n<\/div>\n<\/div>\n\n\n\n<h2 class=\"wp-block-heading\">Descri\u00e7\u00e3o &#8211; G\u00eanesis 46<\/h2>\n\n\n\n<p class=\"has-medium-font-size\">G\u00eanesis 46 descreve a jornada de Jac\u00f3 e sua fam\u00edlia para o Egito, ap\u00f3s a revela\u00e7\u00e3o de que Jos\u00e9 ainda est\u00e1 vivo e ocupando uma posi\u00e7\u00e3o de poder. O cap\u00edtulo detalha a migra\u00e7\u00e3o dos descendentes de Abra\u00e3o, que inclui 70 pessoas, para se estabelecer na terra de G\u00f3sen. Deus conforta Jac\u00f3 em uma vis\u00e3o, confirmando que Ele estar\u00e1 com ele e seus descendentes. O cap\u00edtulo refor\u00e7a a continuidade da promessa divina feita a Abra\u00e3o e seus filhos.<\/p>\n\n\n\n<h3 class=\"wp-block-heading\">Livro do G\u00eanesis:<\/h3>\n\n\n<ul class=\"wp-block-page-list\"><li class=\"wp-block-pages-list__item\"><a class=\"wp-block-pages-list__item__link\" href=\"https:\/\/bibliapresente.com\/postagens\/livros-da-biblia\/genesis\/genesis-1\/\">G\u00eanesis 1 &#8211; A Cria\u00e7\u00e3o do Universo<\/a><\/li><li class=\"wp-block-pages-list__item\"><a class=\"wp-block-pages-list__item__link\" href=\"https:\/\/bibliapresente.com\/postagens\/livros-da-biblia\/genesis\/genesis-2\/\">G\u00eanesis 2 &#8211; O Jardim do \u00c9den<\/a><\/li><li class=\"wp-block-pages-list__item\"><a class=\"wp-block-pages-list__item__link\" href=\"https:\/\/bibliapresente.com\/postagens\/livros-da-biblia\/genesis\/genesis-3\/\">G\u00eanesis 3 &#8211; O Pecado Original<\/a><\/li><li class=\"wp-block-pages-list__item\"><a class=\"wp-block-pages-list__item__link\" href=\"https:\/\/bibliapresente.com\/postagens\/livros-da-biblia\/genesis\/genesis-4\/\">G\u00eanesis 4 &#8211; Caim e Abel<\/a><\/li><li class=\"wp-block-pages-list__item\"><a class=\"wp-block-pages-list__item__link\" href=\"https:\/\/bibliapresente.com\/postagens\/livros-da-biblia\/genesis\/genesis-5\/\">G\u00eanesis 5 &#8211; Genealogia de Ad\u00e3o a No\u00e9<\/a><\/li><li class=\"wp-block-pages-list__item\"><a class=\"wp-block-pages-list__item__link\" href=\"https:\/\/bibliapresente.com\/postagens\/livros-da-biblia\/genesis\/genesis-6-a-corrupcao-e-o-chamado-de-noe\/\">G\u00eanesis 6 &#8211; A Corrup\u00e7\u00e3o e o Chamado de No\u00e9<\/a><\/li><li class=\"wp-block-pages-list__item\"><a class=\"wp-block-pages-list__item__link\" href=\"https:\/\/bibliapresente.com\/postagens\/livros-da-biblia\/genesis\/genesis-7\/\">G\u00eanesis 7 &#8211; O Grande Dil\u00favio<\/a><\/li><li class=\"wp-block-pages-list__item\"><a class=\"wp-block-pages-list__item__link\" href=\"https:\/\/bibliapresente.com\/postagens\/livros-da-biblia\/genesis\/genesis-8\/\">G\u00eanesis 8 &#8211; As \u00c1guas do Dil\u00favio Recuam<\/a><\/li><li class=\"wp-block-pages-list__item\"><a class=\"wp-block-pages-list__item__link\" href=\"https:\/\/bibliapresente.com\/postagens\/livros-da-biblia\/genesis\/genesis-9\/\">G\u00eanesis 9 &#8211; A Grande Alian\u00e7a do Arco-\u00cdris<\/a><\/li><li class=\"wp-block-pages-list__item\"><a class=\"wp-block-pages-list__item__link\" href=\"https:\/\/bibliapresente.com\/postagens\/livros-da-biblia\/genesis\/genesis-10-as-nacoes-descendentes-de-noe\/\">G\u00eanesis 10 &#8211; As Na\u00e7\u00f5es Descendentes de No\u00e9<\/a><\/li><li class=\"wp-block-pages-list__item\"><a class=\"wp-block-pages-list__item__link\" href=\"https:\/\/bibliapresente.com\/postagens\/livros-da-biblia\/genesis\/genesis-11-a-torre-de-babel\/\">G\u00eanesis 11 &#8211; A Torre de Babel<\/a><\/li><li class=\"wp-block-pages-list__item\"><a class=\"wp-block-pages-list__item__link\" href=\"https:\/\/bibliapresente.com\/postagens\/livros-da-biblia\/genesis\/genesis-12-o-chamado-de-abraao\/\">G\u00eanesis 12 &#8211; O Chamado de Abra\u00e3o<\/a><\/li><li class=\"wp-block-pages-list__item\"><a class=\"wp-block-pages-list__item__link\" href=\"https:\/\/bibliapresente.com\/postagens\/livros-da-biblia\/genesis\/genesis-13-a-separacao-de-abrao-e-lo\/\">G\u00eanesis 13 &#8211; A Separa\u00e7\u00e3o de Abr\u00e3o e L\u00f3<\/a><\/li><li class=\"wp-block-pages-list__item\"><a class=\"wp-block-pages-list__item__link\" href=\"https:\/\/bibliapresente.com\/postagens\/livros-da-biblia\/genesis\/genesis-14\/\">G\u00eanesis 14 &#8211; A B\u00ean\u00e7\u00e3o de Melquisedeque<\/a><\/li><li class=\"wp-block-pages-list__item\"><a class=\"wp-block-pages-list__item__link\" href=\"https:\/\/bibliapresente.com\/postagens\/livros-da-biblia\/genesis\/genesis-15\/\">G\u00eanesis 15 &#8211; A Alian\u00e7a de Deus com Abr\u00e3o<\/a><\/li><li class=\"wp-block-pages-list__item\"><a class=\"wp-block-pages-list__item__link\" href=\"https:\/\/bibliapresente.com\/postagens\/livros-da-biblia\/genesis\/genesis-16\/\">G\u00eanesis 16 &#8211; O Nascimento de Ismael<\/a><\/li><li class=\"wp-block-pages-list__item\"><a class=\"wp-block-pages-list__item__link\" href=\"https:\/\/bibliapresente.com\/postagens\/livros-da-biblia\/genesis\/genesis-17\/\">G\u00eanesis 17 &#8211; A Institui\u00e7\u00e3o da Circuncis\u00e3o<\/a><\/li><li class=\"wp-block-pages-list__item\"><a class=\"wp-block-pages-list__item__link\" href=\"https:\/\/bibliapresente.com\/postagens\/livros-da-biblia\/genesis\/genesis-18\/\">G\u00eanesis 18 &#8211; A Visita dos Tr\u00eas Anjos<\/a><\/li><li class=\"wp-block-pages-list__item\"><a class=\"wp-block-pages-list__item__link\" href=\"https:\/\/bibliapresente.com\/postagens\/livros-da-biblia\/genesis\/genesis-19\/\">G\u00eanesis 19 &#8211; Sodoma e Gomorra<\/a><\/li><li class=\"wp-block-pages-list__item\"><a class=\"wp-block-pages-list__item__link\" href=\"https:\/\/bibliapresente.com\/postagens\/livros-da-biblia\/genesis\/genesis-20\/\">G\u00eanesis 20 &#8211; Abra\u00e3o e Abimeleque<\/a><\/li><li class=\"wp-block-pages-list__item\"><a class=\"wp-block-pages-list__item__link\" href=\"https:\/\/bibliapresente.com\/postagens\/livros-da-biblia\/genesis\/genesis-21\/\">G\u00eanesis 21 &#8211; O Nascimento de Isaque<\/a><\/li><li class=\"wp-block-pages-list__item\"><a class=\"wp-block-pages-list__item__link\" href=\"https:\/\/bibliapresente.com\/postagens\/livros-da-biblia\/genesis\/genesis-22\/\">G\u00eanesis 22 &#8211; O Sacrif\u00edcio de Isaque<\/a><\/li><li class=\"wp-block-pages-list__item\"><a class=\"wp-block-pages-list__item__link\" href=\"https:\/\/bibliapresente.com\/postagens\/livros-da-biblia\/genesis\/genesis-23\/\">G\u00eanesis 23 &#8211; A Morte de Sara<\/a><\/li><li class=\"wp-block-pages-list__item\"><a class=\"wp-block-pages-list__item__link\" href=\"https:\/\/bibliapresente.com\/postagens\/livros-da-biblia\/genesis\/genesis-24\/\">G\u00eanesis 24 &#8211; O Casamento de Isaque<\/a><\/li><li class=\"wp-block-pages-list__item\"><a class=\"wp-block-pages-list__item__link\" href=\"https:\/\/bibliapresente.com\/postagens\/livros-da-biblia\/genesis\/genesis-25\/\">G\u00eanesis 25 &#8211; O Nascimento de Esa\u00fa e Jac\u00f3<\/a><\/li><li class=\"wp-block-pages-list__item\"><a class=\"wp-block-pages-list__item__link\" href=\"https:\/\/bibliapresente.com\/postagens\/livros-da-biblia\/genesis\/genesis-26\/\">G\u00eanesis 26 &#8211; As Promessas de Deus a Isaque<\/a><\/li><li class=\"wp-block-pages-list__item\"><a class=\"wp-block-pages-list__item__link\" href=\"https:\/\/bibliapresente.com\/postagens\/livros-da-biblia\/genesis\/genesis-27\/\">G\u00eanesis 27 &#8211; Jac\u00f3 Engana Isaque<\/a><\/li><li class=\"wp-block-pages-list__item\"><a class=\"wp-block-pages-list__item__link\" href=\"https:\/\/bibliapresente.com\/postagens\/livros-da-biblia\/genesis\/genesis-28\/\">G\u00eanesis 28 &#8211; O Sonho de Jac\u00f3 em Betel<\/a><\/li><li class=\"wp-block-pages-list__item\"><a class=\"wp-block-pages-list__item__link\" href=\"https:\/\/bibliapresente.com\/postagens\/livros-da-biblia\/genesis\/genesis-29\/\">G\u00eanesis 29 &#8211; Jac\u00f3 e as Filhas de Lab\u00e3o<\/a><\/li><li class=\"wp-block-pages-list__item\"><a class=\"wp-block-pages-list__item__link\" href=\"https:\/\/bibliapresente.com\/postagens\/livros-da-biblia\/genesis\/genesis-30\/\">G\u00eanesis 30 &#8211; O Acordo de Jac\u00f3 com Lab\u00e3o<\/a><\/li><li class=\"wp-block-pages-list__item\"><a class=\"wp-block-pages-list__item__link\" href=\"https:\/\/bibliapresente.com\/postagens\/livros-da-biblia\/genesis\/genesis-31\/\">G\u00eanesis 31 &#8211; A Fuga de Jac\u00f3<\/a><\/li><li class=\"wp-block-pages-list__item\"><a class=\"wp-block-pages-list__item__link\" href=\"https:\/\/bibliapresente.com\/postagens\/livros-da-biblia\/genesis\/genesis-32\/\">G\u00eanesis 32 &#8211; A Luta de Jac\u00f3 com O Anjo<\/a><\/li><li class=\"wp-block-pages-list__item\"><a class=\"wp-block-pages-list__item__link\" href=\"https:\/\/bibliapresente.com\/postagens\/livros-da-biblia\/genesis\/genesis-33\/\">G\u00eanesis 33 &#8211; A Reconcilia\u00e7\u00e3o de Jac\u00f3 e Esa\u00fa<\/a><\/li><li class=\"wp-block-pages-list__item\"><a class=\"wp-block-pages-list__item__link\" href=\"https:\/\/bibliapresente.com\/postagens\/livros-da-biblia\/genesis\/genesis-34\/\">G\u00eanesis 34 &#8211; O Caso de Din\u00e1<\/a><\/li><li class=\"wp-block-pages-list__item\"><a class=\"wp-block-pages-list__item__link\" href=\"https:\/\/bibliapresente.com\/postagens\/livros-da-biblia\/genesis\/genesis-35\/\">G\u00eanesis 35 &#8211; A Consagra\u00e7\u00e3o de Jac\u00f3 em Betel<\/a><\/li><li class=\"wp-block-pages-list__item\"><a class=\"wp-block-pages-list__item__link\" href=\"https:\/\/bibliapresente.com\/postagens\/livros-da-biblia\/genesis\/genesis-36\/\">G\u00eanesis 36 &#8211; Os Descendentes de Esa\u00fa<\/a><\/li><li class=\"wp-block-pages-list__item\"><a class=\"wp-block-pages-list__item__link\" href=\"https:\/\/bibliapresente.com\/postagens\/livros-da-biblia\/genesis\/genesis-37\/\">G\u00eanesis 37 &#8211; Jos\u00e9 Vendido como Escravo<\/a><\/li><li class=\"wp-block-pages-list__item\"><a class=\"wp-block-pages-list__item__link\" href=\"https:\/\/bibliapresente.com\/postagens\/livros-da-biblia\/genesis\/genesis-38\/\">G\u00eanesis 38 &#8211; Jud\u00e1 e Tamar<\/a><\/li><li class=\"wp-block-pages-list__item\"><a class=\"wp-block-pages-list__item__link\" href=\"https:\/\/bibliapresente.com\/postagens\/livros-da-biblia\/genesis\/genesis-39\/\">G\u00eanesis 39 &#8211; Jos\u00e9 na Casa de Potifar<\/a><\/li><li class=\"wp-block-pages-list__item\"><a class=\"wp-block-pages-list__item__link\" href=\"https:\/\/bibliapresente.com\/postagens\/livros-da-biblia\/genesis\/genesis-40\/\">G\u00eanesis 40 &#8211; Jos\u00e9 Interpreta Sonhos<\/a><\/li><li class=\"wp-block-pages-list__item\"><a class=\"wp-block-pages-list__item__link\" href=\"https:\/\/bibliapresente.com\/postagens\/livros-da-biblia\/genesis\/genesis-41\/\">G\u00eanesis 41 &#8211; O Sonho do Fara\u00f3<\/a><\/li><li class=\"wp-block-pages-list__item\"><a class=\"wp-block-pages-list__item__link\" href=\"https:\/\/bibliapresente.com\/postagens\/livros-da-biblia\/genesis\/genesis-42\/\">G\u00eanesis 42 &#8211; Os Irm\u00e3os de Jos\u00e9 no Egito<\/a><\/li><li class=\"wp-block-pages-list__item\"><a class=\"wp-block-pages-list__item__link\" href=\"https:\/\/bibliapresente.com\/postagens\/livros-da-biblia\/genesis\/genesis-43\/\">G\u00eanesis 43 &#8211; Benjamim Vai ao Egito<\/a><\/li><li class=\"wp-block-pages-list__item\"><a class=\"wp-block-pages-list__item__link\" href=\"https:\/\/bibliapresente.com\/postagens\/livros-da-biblia\/genesis\/genesis-44\/\">G\u00eanesis 44 &#8211; O Sacrif\u00edcio de Jud\u00e1<\/a><\/li><li class=\"wp-block-pages-list__item\"><a class=\"wp-block-pages-list__item__link\" href=\"https:\/\/bibliapresente.com\/postagens\/livros-da-biblia\/genesis\/genesis-45\/\">G\u00eanesis 45 &#8211; Jos\u00e9 se Revela a seus Irm\u00e3os<\/a><\/li><li class=\"wp-block-pages-list__item\"><a class=\"wp-block-pages-list__item__link\" href=\"https:\/\/bibliapresente.com\/postagens\/livros-da-biblia\/genesis\/genesis-46\/\">G\u00eanesis 46 &#8211; A Viagem de Jac\u00f3 ao Egito<\/a><\/li><li class=\"wp-block-pages-list__item\"><a class=\"wp-block-pages-list__item__link\" href=\"https:\/\/bibliapresente.com\/postagens\/livros-da-biblia\/genesis\/genesis-47\/\">G\u00eanesis 47 &#8211; Jac\u00f3 Aben\u00e7oa o Fara\u00f3<\/a><\/li><li class=\"wp-block-pages-list__item\"><a class=\"wp-block-pages-list__item__link\" href=\"https:\/\/bibliapresente.com\/postagens\/livros-da-biblia\/genesis\/genesis-48\/\">G\u00eanesis 48 &#8211; Jac\u00f3 Aben\u00e7oa os Filhos de Jos\u00e9<\/a><\/li><li class=\"wp-block-pages-list__item\"><a class=\"wp-block-pages-list__item__link\" href=\"https:\/\/bibliapresente.com\/postagens\/livros-da-biblia\/genesis\/genesis-49\/\">G\u00eanesis 49 &#8211; B\u00ean\u00e7\u00e3os de Jac\u00f3 a Seus Filhos<\/a><\/li><li class=\"wp-block-pages-list__item\"><a class=\"wp-block-pages-list__item__link\" href=\"https:\/\/bibliapresente.com\/postagens\/livros-da-biblia\/genesis\/genesis-50\/\">G\u00eanesis 50 &#8211; A Morte de Jac\u00f3<\/a><\/li><\/ul>","protected":false},"excerpt":{"rendered":"<p>1 E partiu-se Israel com tudo o que tinha, e veio a Berseba, e ofereceu sacrif\u00edcios ao Deus de seu pai Isaque. 2 E falou Deus a Israel em vis\u00f5es de noite, e disse: Jac\u00f3, Jac\u00f3. E ele respondeu: Eis-me aqui. 3 E disse: Eu sou Deus, o Deus de teu pai; n\u00e3o temas de &hellip; <\/p>\n","protected":false},"author":2,"featured_media":263,"parent":233,"menu_order":46,"comment_status":"closed","ping_status":"closed","template":"","meta":{"om_disable_all_campaigns":false,"_monsterinsights_skip_tracking":false,"_monsterinsights_sitenote_active":false,"_monsterinsights_sitenote_note":"","_monsterinsights_sitenote_category":0,"footnotes":""},"class_list":["post-380","page","type-page","status-publish","has-post-thumbnail","hentry"],"aioseo_notices":[],"_links":{"self":[{"href":"https:\/\/bibliapresente.com\/postagens\/wp-json\/wp\/v2\/pages\/380","targetHints":{"allow":["GET"]}}],"collection":[{"href":"https:\/\/bibliapresente.com\/postagens\/wp-json\/wp\/v2\/pages"}],"about":[{"href":"https:\/\/bibliapresente.com\/postagens\/wp-json\/wp\/v2\/types\/page"}],"author":[{"embeddable":true,"href":"https:\/\/bibliapresente.com\/postagens\/wp-json\/wp\/v2\/users\/2"}],"replies":[{"embeddable":true,"href":"https:\/\/bibliapresente.com\/postagens\/wp-json\/wp\/v2\/comments?post=380"}],"version-history":[{"count":5,"href":"https:\/\/bibliapresente.com\/postagens\/wp-json\/wp\/v2\/pages\/380\/revisions"}],"predecessor-version":[{"id":569,"href":"https:\/\/bibliapresente.com\/postagens\/wp-json\/wp\/v2\/pages\/380\/revisions\/569"}],"up":[{"embeddable":true,"href":"https:\/\/bibliapresente.com\/postagens\/wp-json\/wp\/v2\/pages\/233"}],"wp:featuredmedia":[{"embeddable":true,"href":"https:\/\/bibliapresente.com\/postagens\/wp-json\/wp\/v2\/media\/263"}],"wp:attachment":[{"href":"https:\/\/bibliapresente.com\/postagens\/wp-json\/wp\/v2\/media?parent=380"}],"curies":[{"name":"wp","href":"https:\/\/api.w.org\/{rel}","templated":true}]}}