{"id":378,"date":"2025-01-04T22:41:49","date_gmt":"2025-01-05T01:41:49","guid":{"rendered":"https:\/\/bibliapresente.com\/postagens\/?page_id=378"},"modified":"2025-01-04T22:41:50","modified_gmt":"2025-01-05T01:41:50","slug":"genesis-45","status":"publish","type":"page","link":"https:\/\/bibliapresente.com\/postagens\/livros-da-biblia\/genesis\/genesis-45\/","title":{"rendered":"G\u00eanesis 45 &#8211; Jos\u00e9 se Revela a seus Irm\u00e3os"},"content":{"rendered":"\n<p class=\"has-medium-font-size\" style=\"letter-spacing:1px\"><span><span><sup><b>1<\/b><\/sup><\/span> N\u00e3o podia j\u00e1 Jos\u00e9 se conter diante de todos os que estavam ao seu lado, e clamou: Fazei sair de minha presen\u00e7a a todos. E n\u00e3o ficou ningu\u00e9m com ele, ao dar-se a conhecer Jos\u00e9 a seus irm\u00e3os. <\/span><br><span><span><sup><b>2<\/b><\/sup><\/span> Ent\u00e3o se deu a chorar por voz em grito; e ouviram os eg\u00edpcios, e ouviu tamb\u00e9m a casa de Fara\u00f3. <\/span><br><span><span><sup><b>3<\/b><\/sup><\/span> E disse Jos\u00e9 a seus irm\u00e3os: Eu sou Jos\u00e9: vive ainda meu pai? E seus irm\u00e3os n\u00e3o puderam lhe responder, porque estavam perturbados diante dele. <\/span><br><span><span><sup><b>4<\/b><\/sup><\/span> Ent\u00e3o disse Jos\u00e9 a seus irm\u00e3os: Achegai-vos agora a mim. E eles se achegaram. E ele disse: Eu sou Jos\u00e9 vosso irm\u00e3o o que vendestes para o Egito. <\/span><br><span><span><sup><b>5<\/b><\/sup><\/span> Agora, pois, n\u00e3o vos entriste\u00e7ais, nem vos pese de haver me vendido aqui; que para preserva\u00e7\u00e3o de vida me enviou Deus diante de v\u00f3s: <\/span><br><span><span><sup><b>6<\/b><\/sup><\/span> Que j\u00e1 houve dois anos de fome em meio da terra, e ainda restam cinco anos em que nem haver\u00e1 arada nem colheita. <\/span><br><span><span><sup><b>7<\/b><\/sup><\/span> E Deus me enviou adiante de v\u00f3s, para que v\u00f3s rest\u00e1sseis na terra, e para vos dar vida por meio de grande salvamento. <\/span><br><span><span><sup><b>8<\/b><\/sup><\/span> Assim, pois, n\u00e3o me enviastes v\u00f3s aqui, mas sim Deus, que me p\u00f4s por pai de Fara\u00f3, e por senhor de toda sua casa, e por governador de toda a terra do Egito. <\/span><br><span><span><sup><b>9<\/b><\/sup><\/span> Apressai-vos, ide a meu pai e dizei-lhe: Assim diz teu filho Jos\u00e9: Deus me p\u00f4s por senhor de todo Egito; vem a mim, n\u00e3o te detenhas: <\/span><br><span><span><sup><b>10<\/b><\/sup><\/span> E habitar\u00e1s na terra de G\u00f3sen, e estar\u00e1s perto de mim, tu e teus filhos, e os filhos de teus filhos, teus gados e tuas vacas, e tudo o que tens. <\/span><br><span><span><sup><b>11<\/b><\/sup><\/span> E ali te alimentarei, pois ainda restam cinco anos de fome, para que n\u00e3o pere\u00e7as de pobreza tu e tua casa, e tudo o que tens: <\/span><br><span><span><sup><b>12<\/b><\/sup><\/span> E eis que, vossos olhos veem, e os olhos de meu irm\u00e3o Benjamim, que meu boca vos fala. <\/span><br><span><span><sup><b>13<\/b><\/sup><\/span> Fareis pois saber a meu pai toda minha gl\u00f3ria no Egito, e tudo o que vistes: e apressai-vos, e trazei a meu pai aqui. <\/span><br><span><span><sup><b>14<\/b><\/sup><\/span> E lan\u00e7ou-se sobre o pesco\u00e7o de Benjamim seu irm\u00e3o, e chorou; e tamb\u00e9m Benjamim chorou sobre seu pesco\u00e7o. <\/span><br><span><span><sup><b>15<\/b><\/sup><\/span> E beijou a todos os seus irm\u00e3os, e chorou sobre eles: e depois seus irm\u00e3os falaram com ele. <\/span><br><span><span><sup><b>16<\/b><\/sup><\/span> E ouviu-se a not\u00edcia na casa de Fara\u00f3, dizendo: Os irm\u00e3os de Jos\u00e9 vieram. E pareceu bem aos olhos de Fara\u00f3 e de seus servos. <\/span><br><span><span><sup><b>17<\/b><\/sup><\/span> E disse Fara\u00f3 a Jos\u00e9: Dize a teus irm\u00e3os: Fazei isto: carregai vossos animais, e ide, voltai \u00e0 terra de Cana\u00e3; <\/span><br><span><span><sup><b>18<\/b><\/sup><\/span> E tomai a vosso pai e vossas fam\u00edlias, e vinde a mim, que eu vos darei o bom da terra do Egito e comereis a gordura da terra. <\/span><br><span><span><sup><b>19<\/b><\/sup><\/span> E tu manda: Fazei isto: tomai para v\u00f3s da terra do Egito carros para vossos filhos e vossas mulheres; e tomai a vosso pai, e vinde. <\/span><br><span><span><sup><b>20<\/b><\/sup><\/span> E n\u00e3o se vos d\u00ea nada de vossos pertences, porque o bem da terra do Egito ser\u00e1 vosso. <\/span><br><span><span><sup><b>21<\/b><\/sup><\/span> E fizeram-no assim os filhos de Israel: e deu-lhes Jos\u00e9 carros conforme a ordem de Fara\u00f3, e deu alimentos para o caminho. <\/span><br><span><span><sup><b>22<\/b><\/sup><\/span> A cada um de todos eles deu mudas de roupas, e a Benjamim deu trezentas pe\u00e7as de prata, e cinco mudas de roupas. <\/span><br><span><span><sup><b>23<\/b><\/sup><\/span> E a seu pai enviou isto: dez asnos carregados do melhor do Egito, e dez asnas carregadas de trigo, e p\u00e3o e comida, para seu pai no caminho. <\/span><br><span><span><sup><b>24<\/b><\/sup><\/span> E despediu a seus irm\u00e3os, e foram-se. E ele lhes disse: N\u00e3o brigais pelo caminho. <\/span><br><span><span><sup><b>25<\/b><\/sup><\/span> E subiram do Egito, e chegaram \u00e0 terra de Cana\u00e3 a Jac\u00f3 seu pai. <\/span><br><span><span><sup><b>26<\/b><\/sup><\/span> E deram-lhe as novas, dizendo: Jos\u00e9 vive ainda; e ele \u00e9 senhor toda a terra do Egito. E seu cora\u00e7\u00e3o se desmaiou; pois n\u00e3o cria neles. <\/span><br><span><span><sup><b>27<\/b><\/sup><\/span> E eles lhe contaram todas as palavras de Jos\u00e9, que ele lhes havia falado; e vendo ele os carros que Jos\u00e9 enviava para lev\u00e1-lo, o esp\u00edrito de Jac\u00f3 seu pai reviveu. <\/span><br><span><span><sup><b>28<\/b><\/sup><\/span> Ent\u00e3o disse Israel: Basta; Jos\u00e9 meu filho vive ainda: irei, e lhe verei antes que eu morra.<\/span><\/p>\n\n\n\n<div class=\"wp-block-columns is-layout-flex wp-container-core-columns-is-layout-9d6595d7 wp-block-columns-is-layout-flex\">\n<div class=\"wp-block-column is-layout-flow wp-block-column-is-layout-flow\">\n<p><a href=\"\/genesis-44\">G\u00eanesis 44<\/a><\/p>\n<\/div>\n\n\n\n<div class=\"wp-block-column is-layout-flow wp-block-column-is-layout-flow\">\n<p class=\"has-text-align-right\"><a href=\"\/genesis-46\">G\u00eanesis 46<\/a><\/p>\n<\/div>\n<\/div>\n\n\n\n<h2 class=\"wp-block-heading\">Descri\u00e7\u00e3o &#8211; G\u00eanesis 45<\/h2>\n\n\n\n<p class=\"has-medium-font-size\">G\u00eanesis 45 marca o momento emocionante em que Jos\u00e9 revela sua identidade aos irm\u00e3os, ap\u00f3s testar sua lealdade e arrependimento. Ele explica que sua venda como escravo foi parte do plano divino para salvar a fam\u00edlia da fome. Jos\u00e9 perdoa seus irm\u00e3os, destacando a provid\u00eancia de Deus em sua vida. Este cap\u00edtulo simboliza a reconcilia\u00e7\u00e3o e o perd\u00e3o, elementos essenciais na narrativa de Jos\u00e9. Com o convite para sua fam\u00edlia se reunir no Egito, o cap\u00edtulo culmina na restaura\u00e7\u00e3o dos la\u00e7os familiares.<\/p>\n\n\n\n<h3 class=\"wp-block-heading\">Livro do G\u00eanesis:<\/h3>\n\n\n<ul class=\"wp-block-page-list\"><li class=\"wp-block-pages-list__item\"><a class=\"wp-block-pages-list__item__link\" href=\"https:\/\/bibliapresente.com\/postagens\/livros-da-biblia\/genesis\/genesis-1\/\">G\u00eanesis 1 &#8211; A Cria\u00e7\u00e3o do Universo<\/a><\/li><li class=\"wp-block-pages-list__item\"><a class=\"wp-block-pages-list__item__link\" href=\"https:\/\/bibliapresente.com\/postagens\/livros-da-biblia\/genesis\/genesis-2\/\">G\u00eanesis 2 &#8211; O Jardim do \u00c9den<\/a><\/li><li class=\"wp-block-pages-list__item\"><a class=\"wp-block-pages-list__item__link\" href=\"https:\/\/bibliapresente.com\/postagens\/livros-da-biblia\/genesis\/genesis-3\/\">G\u00eanesis 3 &#8211; O Pecado Original<\/a><\/li><li class=\"wp-block-pages-list__item\"><a class=\"wp-block-pages-list__item__link\" href=\"https:\/\/bibliapresente.com\/postagens\/livros-da-biblia\/genesis\/genesis-4\/\">G\u00eanesis 4 &#8211; Caim e Abel<\/a><\/li><li class=\"wp-block-pages-list__item\"><a class=\"wp-block-pages-list__item__link\" href=\"https:\/\/bibliapresente.com\/postagens\/livros-da-biblia\/genesis\/genesis-5\/\">G\u00eanesis 5 &#8211; Genealogia de Ad\u00e3o a No\u00e9<\/a><\/li><li class=\"wp-block-pages-list__item\"><a class=\"wp-block-pages-list__item__link\" href=\"https:\/\/bibliapresente.com\/postagens\/livros-da-biblia\/genesis\/genesis-6-a-corrupcao-e-o-chamado-de-noe\/\">G\u00eanesis 6 &#8211; A Corrup\u00e7\u00e3o e o Chamado de No\u00e9<\/a><\/li><li class=\"wp-block-pages-list__item\"><a class=\"wp-block-pages-list__item__link\" href=\"https:\/\/bibliapresente.com\/postagens\/livros-da-biblia\/genesis\/genesis-7\/\">G\u00eanesis 7 &#8211; O Grande Dil\u00favio<\/a><\/li><li class=\"wp-block-pages-list__item\"><a class=\"wp-block-pages-list__item__link\" href=\"https:\/\/bibliapresente.com\/postagens\/livros-da-biblia\/genesis\/genesis-8\/\">G\u00eanesis 8 &#8211; As \u00c1guas do Dil\u00favio Recuam<\/a><\/li><li class=\"wp-block-pages-list__item\"><a class=\"wp-block-pages-list__item__link\" href=\"https:\/\/bibliapresente.com\/postagens\/livros-da-biblia\/genesis\/genesis-9\/\">G\u00eanesis 9 &#8211; A Grande Alian\u00e7a do Arco-\u00cdris<\/a><\/li><li class=\"wp-block-pages-list__item\"><a class=\"wp-block-pages-list__item__link\" href=\"https:\/\/bibliapresente.com\/postagens\/livros-da-biblia\/genesis\/genesis-10-as-nacoes-descendentes-de-noe\/\">G\u00eanesis 10 &#8211; As Na\u00e7\u00f5es Descendentes de No\u00e9<\/a><\/li><li class=\"wp-block-pages-list__item\"><a class=\"wp-block-pages-list__item__link\" href=\"https:\/\/bibliapresente.com\/postagens\/livros-da-biblia\/genesis\/genesis-11-a-torre-de-babel\/\">G\u00eanesis 11 &#8211; A Torre de Babel<\/a><\/li><li class=\"wp-block-pages-list__item\"><a class=\"wp-block-pages-list__item__link\" href=\"https:\/\/bibliapresente.com\/postagens\/livros-da-biblia\/genesis\/genesis-12-o-chamado-de-abraao\/\">G\u00eanesis 12 &#8211; O Chamado de Abra\u00e3o<\/a><\/li><li class=\"wp-block-pages-list__item\"><a class=\"wp-block-pages-list__item__link\" href=\"https:\/\/bibliapresente.com\/postagens\/livros-da-biblia\/genesis\/genesis-13-a-separacao-de-abrao-e-lo\/\">G\u00eanesis 13 &#8211; A Separa\u00e7\u00e3o de Abr\u00e3o e L\u00f3<\/a><\/li><li class=\"wp-block-pages-list__item\"><a class=\"wp-block-pages-list__item__link\" href=\"https:\/\/bibliapresente.com\/postagens\/livros-da-biblia\/genesis\/genesis-14\/\">G\u00eanesis 14 &#8211; A B\u00ean\u00e7\u00e3o de Melquisedeque<\/a><\/li><li class=\"wp-block-pages-list__item\"><a class=\"wp-block-pages-list__item__link\" href=\"https:\/\/bibliapresente.com\/postagens\/livros-da-biblia\/genesis\/genesis-15\/\">G\u00eanesis 15 &#8211; A Alian\u00e7a de Deus com Abr\u00e3o<\/a><\/li><li class=\"wp-block-pages-list__item\"><a class=\"wp-block-pages-list__item__link\" href=\"https:\/\/bibliapresente.com\/postagens\/livros-da-biblia\/genesis\/genesis-16\/\">G\u00eanesis 16 &#8211; O Nascimento de Ismael<\/a><\/li><li class=\"wp-block-pages-list__item\"><a class=\"wp-block-pages-list__item__link\" href=\"https:\/\/bibliapresente.com\/postagens\/livros-da-biblia\/genesis\/genesis-17\/\">G\u00eanesis 17 &#8211; A Institui\u00e7\u00e3o da Circuncis\u00e3o<\/a><\/li><li class=\"wp-block-pages-list__item\"><a class=\"wp-block-pages-list__item__link\" href=\"https:\/\/bibliapresente.com\/postagens\/livros-da-biblia\/genesis\/genesis-18\/\">G\u00eanesis 18 &#8211; A Visita dos Tr\u00eas Anjos<\/a><\/li><li class=\"wp-block-pages-list__item\"><a class=\"wp-block-pages-list__item__link\" href=\"https:\/\/bibliapresente.com\/postagens\/livros-da-biblia\/genesis\/genesis-19\/\">G\u00eanesis 19 &#8211; Sodoma e Gomorra<\/a><\/li><li class=\"wp-block-pages-list__item\"><a class=\"wp-block-pages-list__item__link\" href=\"https:\/\/bibliapresente.com\/postagens\/livros-da-biblia\/genesis\/genesis-20\/\">G\u00eanesis 20 &#8211; Abra\u00e3o e Abimeleque<\/a><\/li><li class=\"wp-block-pages-list__item\"><a class=\"wp-block-pages-list__item__link\" href=\"https:\/\/bibliapresente.com\/postagens\/livros-da-biblia\/genesis\/genesis-21\/\">G\u00eanesis 21 &#8211; O Nascimento de Isaque<\/a><\/li><li class=\"wp-block-pages-list__item\"><a class=\"wp-block-pages-list__item__link\" href=\"https:\/\/bibliapresente.com\/postagens\/livros-da-biblia\/genesis\/genesis-22\/\">G\u00eanesis 22 &#8211; O Sacrif\u00edcio de Isaque<\/a><\/li><li class=\"wp-block-pages-list__item\"><a class=\"wp-block-pages-list__item__link\" href=\"https:\/\/bibliapresente.com\/postagens\/livros-da-biblia\/genesis\/genesis-23\/\">G\u00eanesis 23 &#8211; A Morte de Sara<\/a><\/li><li class=\"wp-block-pages-list__item\"><a class=\"wp-block-pages-list__item__link\" href=\"https:\/\/bibliapresente.com\/postagens\/livros-da-biblia\/genesis\/genesis-24\/\">G\u00eanesis 24 &#8211; O Casamento de Isaque<\/a><\/li><li class=\"wp-block-pages-list__item\"><a class=\"wp-block-pages-list__item__link\" href=\"https:\/\/bibliapresente.com\/postagens\/livros-da-biblia\/genesis\/genesis-25\/\">G\u00eanesis 25 &#8211; O Nascimento de Esa\u00fa e Jac\u00f3<\/a><\/li><li class=\"wp-block-pages-list__item\"><a class=\"wp-block-pages-list__item__link\" href=\"https:\/\/bibliapresente.com\/postagens\/livros-da-biblia\/genesis\/genesis-26\/\">G\u00eanesis 26 &#8211; As Promessas de Deus a Isaque<\/a><\/li><li class=\"wp-block-pages-list__item\"><a class=\"wp-block-pages-list__item__link\" href=\"https:\/\/bibliapresente.com\/postagens\/livros-da-biblia\/genesis\/genesis-27\/\">G\u00eanesis 27 &#8211; Jac\u00f3 Engana Isaque<\/a><\/li><li class=\"wp-block-pages-list__item\"><a class=\"wp-block-pages-list__item__link\" href=\"https:\/\/bibliapresente.com\/postagens\/livros-da-biblia\/genesis\/genesis-28\/\">G\u00eanesis 28 &#8211; O Sonho de Jac\u00f3 em Betel<\/a><\/li><li class=\"wp-block-pages-list__item\"><a class=\"wp-block-pages-list__item__link\" href=\"https:\/\/bibliapresente.com\/postagens\/livros-da-biblia\/genesis\/genesis-29\/\">G\u00eanesis 29 &#8211; Jac\u00f3 e as Filhas de Lab\u00e3o<\/a><\/li><li class=\"wp-block-pages-list__item\"><a class=\"wp-block-pages-list__item__link\" href=\"https:\/\/bibliapresente.com\/postagens\/livros-da-biblia\/genesis\/genesis-30\/\">G\u00eanesis 30 &#8211; O Acordo de Jac\u00f3 com Lab\u00e3o<\/a><\/li><li class=\"wp-block-pages-list__item\"><a class=\"wp-block-pages-list__item__link\" href=\"https:\/\/bibliapresente.com\/postagens\/livros-da-biblia\/genesis\/genesis-31\/\">G\u00eanesis 31 &#8211; A Fuga de Jac\u00f3<\/a><\/li><li class=\"wp-block-pages-list__item\"><a class=\"wp-block-pages-list__item__link\" href=\"https:\/\/bibliapresente.com\/postagens\/livros-da-biblia\/genesis\/genesis-32\/\">G\u00eanesis 32 &#8211; A Luta de Jac\u00f3 com O Anjo<\/a><\/li><li class=\"wp-block-pages-list__item\"><a class=\"wp-block-pages-list__item__link\" href=\"https:\/\/bibliapresente.com\/postagens\/livros-da-biblia\/genesis\/genesis-33\/\">G\u00eanesis 33 &#8211; A Reconcilia\u00e7\u00e3o de Jac\u00f3 e Esa\u00fa<\/a><\/li><li class=\"wp-block-pages-list__item\"><a class=\"wp-block-pages-list__item__link\" href=\"https:\/\/bibliapresente.com\/postagens\/livros-da-biblia\/genesis\/genesis-34\/\">G\u00eanesis 34 &#8211; O Caso de Din\u00e1<\/a><\/li><li class=\"wp-block-pages-list__item\"><a class=\"wp-block-pages-list__item__link\" href=\"https:\/\/bibliapresente.com\/postagens\/livros-da-biblia\/genesis\/genesis-35\/\">G\u00eanesis 35 &#8211; A Consagra\u00e7\u00e3o de Jac\u00f3 em Betel<\/a><\/li><li class=\"wp-block-pages-list__item\"><a class=\"wp-block-pages-list__item__link\" href=\"https:\/\/bibliapresente.com\/postagens\/livros-da-biblia\/genesis\/genesis-36\/\">G\u00eanesis 36 &#8211; Os Descendentes de Esa\u00fa<\/a><\/li><li class=\"wp-block-pages-list__item\"><a class=\"wp-block-pages-list__item__link\" href=\"https:\/\/bibliapresente.com\/postagens\/livros-da-biblia\/genesis\/genesis-37\/\">G\u00eanesis 37 &#8211; Jos\u00e9 Vendido como Escravo<\/a><\/li><li class=\"wp-block-pages-list__item\"><a class=\"wp-block-pages-list__item__link\" href=\"https:\/\/bibliapresente.com\/postagens\/livros-da-biblia\/genesis\/genesis-38\/\">G\u00eanesis 38 &#8211; Jud\u00e1 e Tamar<\/a><\/li><li class=\"wp-block-pages-list__item\"><a class=\"wp-block-pages-list__item__link\" href=\"https:\/\/bibliapresente.com\/postagens\/livros-da-biblia\/genesis\/genesis-39\/\">G\u00eanesis 39 &#8211; Jos\u00e9 na Casa de Potifar<\/a><\/li><li class=\"wp-block-pages-list__item\"><a class=\"wp-block-pages-list__item__link\" href=\"https:\/\/bibliapresente.com\/postagens\/livros-da-biblia\/genesis\/genesis-40\/\">G\u00eanesis 40 &#8211; Jos\u00e9 Interpreta Sonhos<\/a><\/li><li class=\"wp-block-pages-list__item\"><a class=\"wp-block-pages-list__item__link\" href=\"https:\/\/bibliapresente.com\/postagens\/livros-da-biblia\/genesis\/genesis-41\/\">G\u00eanesis 41 &#8211; O Sonho do Fara\u00f3<\/a><\/li><li class=\"wp-block-pages-list__item\"><a class=\"wp-block-pages-list__item__link\" href=\"https:\/\/bibliapresente.com\/postagens\/livros-da-biblia\/genesis\/genesis-42\/\">G\u00eanesis 42 &#8211; Os Irm\u00e3os de Jos\u00e9 no Egito<\/a><\/li><li class=\"wp-block-pages-list__item\"><a class=\"wp-block-pages-list__item__link\" href=\"https:\/\/bibliapresente.com\/postagens\/livros-da-biblia\/genesis\/genesis-43\/\">G\u00eanesis 43 &#8211; Benjamim Vai ao Egito<\/a><\/li><li class=\"wp-block-pages-list__item\"><a class=\"wp-block-pages-list__item__link\" href=\"https:\/\/bibliapresente.com\/postagens\/livros-da-biblia\/genesis\/genesis-44\/\">G\u00eanesis 44 &#8211; O Sacrif\u00edcio de Jud\u00e1<\/a><\/li><li class=\"wp-block-pages-list__item\"><a class=\"wp-block-pages-list__item__link\" href=\"https:\/\/bibliapresente.com\/postagens\/livros-da-biblia\/genesis\/genesis-45\/\">G\u00eanesis 45 &#8211; Jos\u00e9 se Revela a seus Irm\u00e3os<\/a><\/li><li class=\"wp-block-pages-list__item\"><a class=\"wp-block-pages-list__item__link\" href=\"https:\/\/bibliapresente.com\/postagens\/livros-da-biblia\/genesis\/genesis-46\/\">G\u00eanesis 46 &#8211; A Viagem de Jac\u00f3 ao Egito<\/a><\/li><li class=\"wp-block-pages-list__item\"><a class=\"wp-block-pages-list__item__link\" href=\"https:\/\/bibliapresente.com\/postagens\/livros-da-biblia\/genesis\/genesis-47\/\">G\u00eanesis 47 &#8211; Jac\u00f3 Aben\u00e7oa o Fara\u00f3<\/a><\/li><li class=\"wp-block-pages-list__item\"><a class=\"wp-block-pages-list__item__link\" href=\"https:\/\/bibliapresente.com\/postagens\/livros-da-biblia\/genesis\/genesis-48\/\">G\u00eanesis 48 &#8211; Jac\u00f3 Aben\u00e7oa os Filhos de Jos\u00e9<\/a><\/li><li class=\"wp-block-pages-list__item\"><a class=\"wp-block-pages-list__item__link\" href=\"https:\/\/bibliapresente.com\/postagens\/livros-da-biblia\/genesis\/genesis-49\/\">G\u00eanesis 49 &#8211; B\u00ean\u00e7\u00e3os de Jac\u00f3 a Seus Filhos<\/a><\/li><li class=\"wp-block-pages-list__item\"><a class=\"wp-block-pages-list__item__link\" href=\"https:\/\/bibliapresente.com\/postagens\/livros-da-biblia\/genesis\/genesis-50\/\">G\u00eanesis 50 &#8211; A Morte de Jac\u00f3<\/a><\/li><\/ul>","protected":false},"excerpt":{"rendered":"<p>1 N\u00e3o podia j\u00e1 Jos\u00e9 se conter diante de todos os que estavam ao seu lado, e clamou: Fazei sair de minha presen\u00e7a a todos. E n\u00e3o ficou ningu\u00e9m com ele, ao dar-se a conhecer Jos\u00e9 a seus irm\u00e3os. 2 Ent\u00e3o se deu a chorar por voz em grito; e ouviram os eg\u00edpcios, e ouviu &hellip; <\/p>\n","protected":false},"author":2,"featured_media":263,"parent":233,"menu_order":45,"comment_status":"closed","ping_status":"closed","template":"","meta":{"om_disable_all_campaigns":false,"_monsterinsights_skip_tracking":false,"_monsterinsights_sitenote_active":false,"_monsterinsights_sitenote_note":"","_monsterinsights_sitenote_category":0,"footnotes":""},"class_list":["post-378","page","type-page","status-publish","has-post-thumbnail","hentry"],"aioseo_notices":[],"_links":{"self":[{"href":"https:\/\/bibliapresente.com\/postagens\/wp-json\/wp\/v2\/pages\/378","targetHints":{"allow":["GET"]}}],"collection":[{"href":"https:\/\/bibliapresente.com\/postagens\/wp-json\/wp\/v2\/pages"}],"about":[{"href":"https:\/\/bibliapresente.com\/postagens\/wp-json\/wp\/v2\/types\/page"}],"author":[{"embeddable":true,"href":"https:\/\/bibliapresente.com\/postagens\/wp-json\/wp\/v2\/users\/2"}],"replies":[{"embeddable":true,"href":"https:\/\/bibliapresente.com\/postagens\/wp-json\/wp\/v2\/comments?post=378"}],"version-history":[{"count":5,"href":"https:\/\/bibliapresente.com\/postagens\/wp-json\/wp\/v2\/pages\/378\/revisions"}],"predecessor-version":[{"id":568,"href":"https:\/\/bibliapresente.com\/postagens\/wp-json\/wp\/v2\/pages\/378\/revisions\/568"}],"up":[{"embeddable":true,"href":"https:\/\/bibliapresente.com\/postagens\/wp-json\/wp\/v2\/pages\/233"}],"wp:featuredmedia":[{"embeddable":true,"href":"https:\/\/bibliapresente.com\/postagens\/wp-json\/wp\/v2\/media\/263"}],"wp:attachment":[{"href":"https:\/\/bibliapresente.com\/postagens\/wp-json\/wp\/v2\/media?parent=378"}],"curies":[{"name":"wp","href":"https:\/\/api.w.org\/{rel}","templated":true}]}}