{"id":376,"date":"2025-01-04T22:37:58","date_gmt":"2025-01-05T01:37:58","guid":{"rendered":"https:\/\/bibliapresente.com\/postagens\/?page_id=376"},"modified":"2025-01-04T22:42:46","modified_gmt":"2025-01-05T01:42:46","slug":"genesis-44","status":"publish","type":"page","link":"https:\/\/bibliapresente.com\/postagens\/livros-da-biblia\/genesis\/genesis-44\/","title":{"rendered":"G\u00eanesis 44 &#8211; O Sacrif\u00edcio de Jud\u00e1"},"content":{"rendered":"\n<p class=\"has-medium-font-size\" style=\"letter-spacing:1px\"><span><span><sup><b>1<\/b><\/sup><\/span> E mandou Jos\u00e9 ao mordomo de sua casa, dizendo: Enche os sacos destes homens de alimentos, quanto puderem levar, e p\u00f5e o dinheiro de cada um na boca de seu saco: <\/span><br><span><span><sup><b>2<\/b><\/sup><\/span> E por\u00e1s meu copo, o copo de prata, na boca do saco do mais novo, com o dinheiro de seu trigo. E ele fez como disse Jos\u00e9. <\/span><br><span><span><sup><b>3<\/b><\/sup><\/span> Vinda a manh\u00e3, os homens foram despedidos com seus asnos. <\/span><br><span><span><sup><b>4<\/b><\/sup><\/span> Havendo eles sa\u00eddo da cidade, da qual ainda n\u00e3o haviam se afastado, disse Jos\u00e9 a seu mordomo: Levanta-te, e segue a esses homens; e quando os alcan\u00e7ares, dize-lhes: Por que retribu\u00edstes com o mal pelo bem? <\/span><br><span><span><sup><b>5<\/b><\/sup><\/span> N\u00e3o \u00e9 isto no que bebe meu senhor, e pelo que costuma adivinhar? Fizestes mal no que fizestes. <\/span><br><span><span><sup><b>6<\/b><\/sup><\/span> E quando ele os alcan\u00e7ou, disse-lhes estas palavras. <\/span><br><span><span><sup><b>7<\/b><\/sup><\/span> E eles lhe responderam: Por que diz meu senhor tais coisas? Nunca tal fa\u00e7am teus servos. <\/span><br><span><span><sup><b>8<\/b><\/sup><\/span> Eis que, o dinheiro que achamos na boca de nossos sacos, o voltamos a trazer a ti desde a terra de Cana\u00e3; como, pois, hav\u00edamos de furtar da casa de teu senhor prata nem ouro? <\/span><br><span><span><sup><b>9<\/b><\/sup><\/span> Aquele de teus servos em quem for achado o copo, que morra, e ainda n\u00f3s seremos servos de meu senhor. <\/span><br><span><span><sup><b>10<\/b><\/sup><\/span> E ele disse: Tamb\u00e9m agora seja conforme vossas palavras; aquele em quem se achar, ser\u00e1 meu servo, e v\u00f3s sereis sem culpa. <\/span><br><span><span><sup><b>11<\/b><\/sup><\/span> Eles ent\u00e3o se deram pressa, e derrubando cada um seu saco em terra, abriu cada qual o seu saco. <\/span><br><span><span><sup><b>12<\/b><\/sup><\/span> E buscou; desde o mais velho come\u00e7ou, e acabou no mais novo; e o copo foi achado no saco de Benjamim. <\/span><br><span><span><sup><b>13<\/b><\/sup><\/span> Ent\u00e3o eles rasgaram suas roupas, e carregou cada um seu asno, e voltaram \u00e0 cidade. <\/span><br><span><span><sup><b>14<\/b><\/sup><\/span> E chegou Jud\u00e1 com seus irm\u00e3os \u00e0 casa de Jos\u00e9, que ainda estava ali, e prostraram-se diante dele em terra. <\/span><br><span><span><sup><b>15<\/b><\/sup><\/span> E disse-lhes Jos\u00e9: Que obra \u00e9 esta que fizestes? N\u00e3o sabeis que um homem como eu sabe adivinhar? <\/span><br><span><span><sup><b>16<\/b><\/sup><\/span> Ent\u00e3o disse Jud\u00e1: Que diremos a meu senhor? Que falaremos? Ou com que nos justificaremos? Deus achou a maldade de teus servos: eis que, n\u00f3s somos servos de meu senhor, n\u00f3s, e tamb\u00e9m aquele em cujo poder foi achado o copo. <\/span><br><span><span><sup><b>17<\/b><\/sup><\/span> E ele respondeu: Nunca eu tal fa\u00e7a: o homem em cujo poder foi achado o copo, ele ser\u00e1 meu servo; v\u00f3s ide em paz a vosso pai. <\/span><br><span><span><sup><b>18<\/b><\/sup><\/span> Ent\u00e3o Jud\u00e1 se chegou a ele, e disse: Ai senhor meu, rogo-te que fale teu servo uma palavra aos ouvidos de meu senhor, e n\u00e3o se acenda tua ira contra teu servo, pois que tu \u00e9s como Fara\u00f3. <\/span><br><span><span><sup><b>19<\/b><\/sup><\/span> Meu senhor perguntou a seus servos, dizendo: Tendes pai ou irm\u00e3o? <\/span><br><span><span><sup><b>20<\/b><\/sup><\/span> E n\u00f3s respondemos a meu senhor: Temos um pai anci\u00e3o, e um jovem que lhe nasceu em sua velhice, pequeno ainda; e um irm\u00e3o seu morreu, e ele restou sozinho de sua m\u00e3e, e seu pai o ama. <\/span><br><span><span><sup><b>21<\/b><\/sup><\/span> E tu disseste a teus servos: Trazei-o a mim, e porei meus olhos sobre ele. <\/span><br><span><span><sup><b>22<\/b><\/sup><\/span> E n\u00f3s dissemos a meu senhor: O jovem n\u00e3o pode deixar a seu pai, porque se o deixar, seu pai morrer\u00e1. <\/span><br><span><span><sup><b>23<\/b><\/sup><\/span> E disseste a teus servos: Se vosso irm\u00e3o mais novo n\u00e3o descer convosco, n\u00e3o vejais mais meu rosto. <\/span><br><span><span><sup><b>24<\/b><\/sup><\/span> Aconteceu, pois, que quando chegamos a meu pai teu servo, n\u00f3s lhe contamos as palavras de meu senhor. <\/span><br><span><span><sup><b>25<\/b><\/sup><\/span> E disse nosso pai: Voltai a comprar-nos um pouco de alimento. <\/span><br><span><span><sup><b>26<\/b><\/sup><\/span> E n\u00f3s respondemos: N\u00e3o podemos ir: se nosso irm\u00e3o for conosco, iremos; porque n\u00e3o podemos ver o rosto do homem, n\u00e3o estando conosco nosso irm\u00e3o o mais novo. <\/span><br><span><span><sup><b>27<\/b><\/sup><\/span> Ent\u00e3o teu servo meu pai nos disse: V\u00f3s sabeis que dois me deu minha mulher; <\/span><br><span><span><sup><b>28<\/b><\/sup><\/span> E um saiu de minha presen\u00e7a, e penso certamente que foi despeda\u00e7ado, e at\u00e9 agora n\u00e3o o vi; <\/span><br><span><span><sup><b>29<\/b><\/sup><\/span> E se tomardes tamb\u00e9m este de diante de mim, e lhe acontecer algum desastre, fareis descer minhas c\u00e3s com dor ao mundo dos mortos. <\/span><br><span><span><sup><b>30<\/b><\/sup><\/span> Agora, pois, quando chegar eu a teu servo meu pai, e o jovem n\u00e3o for comigo, como sua alma est\u00e1 ligada \u00e0 alma dele, <\/span><br><span><span><sup><b>31<\/b><\/sup><\/span> Suceder\u00e1 que quando perceber a aus\u00eancia do jovem, morrer\u00e1; e teus servos far\u00e3o descer as c\u00e3s de teu servo nosso pai com dor ao mundo dos mortos. <\/span><br><span><span><sup><b>32<\/b><\/sup><\/span> Como teu servo saiu por fiador do jovem com meu pai, dizendo: Se eu n\u00e3o o devolver a ti, ent\u00e3o eu serei culp\u00e1vel para meu pai todos os dias; <\/span><br><span><span><sup><b>33<\/b><\/sup><\/span> Rogo-te, portanto, que fique agora teu servo pelo jovem por servo de meu senhor, e que o jovem v\u00e1 com seus irm\u00e3os. <\/span><br><span><span><sup><b>34<\/b><\/sup><\/span> Porque como irei eu a meu pai sem o jovem? N\u00e3o poderei, por n\u00e3o ver o mal que sobrevir\u00e1 a meu pai.<\/span><\/p>\n\n\n\n<div class=\"wp-block-columns is-layout-flex wp-container-core-columns-is-layout-9d6595d7 wp-block-columns-is-layout-flex\">\n<div class=\"wp-block-column is-layout-flow wp-block-column-is-layout-flow\">\n<p><a href=\"\/genesis-43\">G\u00eanesis 43<\/a><\/p>\n<\/div>\n\n\n\n<div class=\"wp-block-column is-layout-flow wp-block-column-is-layout-flow\">\n<p class=\"has-text-align-right\"><a href=\"\/genesis-45\">G\u00eanesis 45<\/a><\/p>\n<\/div>\n<\/div>\n\n\n\n<h2 class=\"wp-block-heading\">Descri\u00e7\u00e3o &#8211; G\u00eanesis 44<\/h2>\n\n\n\n<p class=\"has-medium-font-size\">G\u00eanesis 44 descreve a tens\u00e3o crescente entre Jos\u00e9 e seus irm\u00e3os durante sua segunda visita ao Egito. Jos\u00e9 coloca um c\u00e1lice de prata na bagagem de Benjamim, acusando-o de roubo. Quando os irm\u00e3os s\u00e3o confrontados, eles demonstram arrependimento e lealdade, oferecendo-se para ser escravos no lugar de Benjamim. Esse cap\u00edtulo destaca temas como lealdade, arrependimento e o desejo de reconcilia\u00e7\u00e3o. A hist\u00f3ria avan\u00e7a para a iminente revela\u00e7\u00e3o de Jos\u00e9 e a restaura\u00e7\u00e3o dos la\u00e7os familiares.<\/p>\n\n\n\n<h3 class=\"wp-block-heading\">Livro do G\u00eanesis:<\/h3>\n\n\n<ul class=\"wp-block-page-list\"><li class=\"wp-block-pages-list__item\"><a class=\"wp-block-pages-list__item__link\" href=\"https:\/\/bibliapresente.com\/postagens\/livros-da-biblia\/genesis\/genesis-1\/\">G\u00eanesis 1 &#8211; A Cria\u00e7\u00e3o do Universo<\/a><\/li><li class=\"wp-block-pages-list__item\"><a class=\"wp-block-pages-list__item__link\" href=\"https:\/\/bibliapresente.com\/postagens\/livros-da-biblia\/genesis\/genesis-2\/\">G\u00eanesis 2 &#8211; O Jardim do \u00c9den<\/a><\/li><li class=\"wp-block-pages-list__item\"><a class=\"wp-block-pages-list__item__link\" href=\"https:\/\/bibliapresente.com\/postagens\/livros-da-biblia\/genesis\/genesis-3\/\">G\u00eanesis 3 &#8211; O Pecado Original<\/a><\/li><li class=\"wp-block-pages-list__item\"><a class=\"wp-block-pages-list__item__link\" href=\"https:\/\/bibliapresente.com\/postagens\/livros-da-biblia\/genesis\/genesis-4\/\">G\u00eanesis 4 &#8211; Caim e Abel<\/a><\/li><li class=\"wp-block-pages-list__item\"><a class=\"wp-block-pages-list__item__link\" href=\"https:\/\/bibliapresente.com\/postagens\/livros-da-biblia\/genesis\/genesis-5\/\">G\u00eanesis 5 &#8211; Genealogia de Ad\u00e3o a No\u00e9<\/a><\/li><li class=\"wp-block-pages-list__item\"><a class=\"wp-block-pages-list__item__link\" href=\"https:\/\/bibliapresente.com\/postagens\/livros-da-biblia\/genesis\/genesis-6-a-corrupcao-e-o-chamado-de-noe\/\">G\u00eanesis 6 &#8211; A Corrup\u00e7\u00e3o e o Chamado de No\u00e9<\/a><\/li><li class=\"wp-block-pages-list__item\"><a class=\"wp-block-pages-list__item__link\" href=\"https:\/\/bibliapresente.com\/postagens\/livros-da-biblia\/genesis\/genesis-7\/\">G\u00eanesis 7 &#8211; O Grande Dil\u00favio<\/a><\/li><li class=\"wp-block-pages-list__item\"><a class=\"wp-block-pages-list__item__link\" href=\"https:\/\/bibliapresente.com\/postagens\/livros-da-biblia\/genesis\/genesis-8\/\">G\u00eanesis 8 &#8211; As \u00c1guas do Dil\u00favio Recuam<\/a><\/li><li class=\"wp-block-pages-list__item\"><a class=\"wp-block-pages-list__item__link\" href=\"https:\/\/bibliapresente.com\/postagens\/livros-da-biblia\/genesis\/genesis-9\/\">G\u00eanesis 9 &#8211; A Grande Alian\u00e7a do Arco-\u00cdris<\/a><\/li><li class=\"wp-block-pages-list__item\"><a class=\"wp-block-pages-list__item__link\" href=\"https:\/\/bibliapresente.com\/postagens\/livros-da-biblia\/genesis\/genesis-10-as-nacoes-descendentes-de-noe\/\">G\u00eanesis 10 &#8211; As Na\u00e7\u00f5es Descendentes de No\u00e9<\/a><\/li><li class=\"wp-block-pages-list__item\"><a class=\"wp-block-pages-list__item__link\" href=\"https:\/\/bibliapresente.com\/postagens\/livros-da-biblia\/genesis\/genesis-11-a-torre-de-babel\/\">G\u00eanesis 11 &#8211; A Torre de Babel<\/a><\/li><li class=\"wp-block-pages-list__item\"><a class=\"wp-block-pages-list__item__link\" href=\"https:\/\/bibliapresente.com\/postagens\/livros-da-biblia\/genesis\/genesis-12-o-chamado-de-abraao\/\">G\u00eanesis 12 &#8211; O Chamado de Abra\u00e3o<\/a><\/li><li class=\"wp-block-pages-list__item\"><a class=\"wp-block-pages-list__item__link\" href=\"https:\/\/bibliapresente.com\/postagens\/livros-da-biblia\/genesis\/genesis-13-a-separacao-de-abrao-e-lo\/\">G\u00eanesis 13 &#8211; A Separa\u00e7\u00e3o de Abr\u00e3o e L\u00f3<\/a><\/li><li class=\"wp-block-pages-list__item\"><a class=\"wp-block-pages-list__item__link\" href=\"https:\/\/bibliapresente.com\/postagens\/livros-da-biblia\/genesis\/genesis-14\/\">G\u00eanesis 14 &#8211; A B\u00ean\u00e7\u00e3o de Melquisedeque<\/a><\/li><li class=\"wp-block-pages-list__item\"><a class=\"wp-block-pages-list__item__link\" href=\"https:\/\/bibliapresente.com\/postagens\/livros-da-biblia\/genesis\/genesis-15\/\">G\u00eanesis 15 &#8211; A Alian\u00e7a de Deus com Abr\u00e3o<\/a><\/li><li class=\"wp-block-pages-list__item\"><a class=\"wp-block-pages-list__item__link\" href=\"https:\/\/bibliapresente.com\/postagens\/livros-da-biblia\/genesis\/genesis-16\/\">G\u00eanesis 16 &#8211; O Nascimento de Ismael<\/a><\/li><li class=\"wp-block-pages-list__item\"><a class=\"wp-block-pages-list__item__link\" href=\"https:\/\/bibliapresente.com\/postagens\/livros-da-biblia\/genesis\/genesis-17\/\">G\u00eanesis 17 &#8211; A Institui\u00e7\u00e3o da Circuncis\u00e3o<\/a><\/li><li class=\"wp-block-pages-list__item\"><a class=\"wp-block-pages-list__item__link\" href=\"https:\/\/bibliapresente.com\/postagens\/livros-da-biblia\/genesis\/genesis-18\/\">G\u00eanesis 18 &#8211; A Visita dos Tr\u00eas Anjos<\/a><\/li><li class=\"wp-block-pages-list__item\"><a class=\"wp-block-pages-list__item__link\" href=\"https:\/\/bibliapresente.com\/postagens\/livros-da-biblia\/genesis\/genesis-19\/\">G\u00eanesis 19 &#8211; Sodoma e Gomorra<\/a><\/li><li class=\"wp-block-pages-list__item\"><a class=\"wp-block-pages-list__item__link\" href=\"https:\/\/bibliapresente.com\/postagens\/livros-da-biblia\/genesis\/genesis-20\/\">G\u00eanesis 20 &#8211; Abra\u00e3o e Abimeleque<\/a><\/li><li class=\"wp-block-pages-list__item\"><a class=\"wp-block-pages-list__item__link\" href=\"https:\/\/bibliapresente.com\/postagens\/livros-da-biblia\/genesis\/genesis-21\/\">G\u00eanesis 21 &#8211; O Nascimento de Isaque<\/a><\/li><li class=\"wp-block-pages-list__item\"><a class=\"wp-block-pages-list__item__link\" href=\"https:\/\/bibliapresente.com\/postagens\/livros-da-biblia\/genesis\/genesis-22\/\">G\u00eanesis 22 &#8211; O Sacrif\u00edcio de Isaque<\/a><\/li><li class=\"wp-block-pages-list__item\"><a class=\"wp-block-pages-list__item__link\" href=\"https:\/\/bibliapresente.com\/postagens\/livros-da-biblia\/genesis\/genesis-23\/\">G\u00eanesis 23 &#8211; A Morte de Sara<\/a><\/li><li class=\"wp-block-pages-list__item\"><a class=\"wp-block-pages-list__item__link\" href=\"https:\/\/bibliapresente.com\/postagens\/livros-da-biblia\/genesis\/genesis-24\/\">G\u00eanesis 24 &#8211; O Casamento de Isaque<\/a><\/li><li class=\"wp-block-pages-list__item\"><a class=\"wp-block-pages-list__item__link\" href=\"https:\/\/bibliapresente.com\/postagens\/livros-da-biblia\/genesis\/genesis-25\/\">G\u00eanesis 25 &#8211; O Nascimento de Esa\u00fa e Jac\u00f3<\/a><\/li><li class=\"wp-block-pages-list__item\"><a class=\"wp-block-pages-list__item__link\" href=\"https:\/\/bibliapresente.com\/postagens\/livros-da-biblia\/genesis\/genesis-26\/\">G\u00eanesis 26 &#8211; As Promessas de Deus a Isaque<\/a><\/li><li class=\"wp-block-pages-list__item\"><a class=\"wp-block-pages-list__item__link\" href=\"https:\/\/bibliapresente.com\/postagens\/livros-da-biblia\/genesis\/genesis-27\/\">G\u00eanesis 27 &#8211; Jac\u00f3 Engana Isaque<\/a><\/li><li class=\"wp-block-pages-list__item\"><a class=\"wp-block-pages-list__item__link\" href=\"https:\/\/bibliapresente.com\/postagens\/livros-da-biblia\/genesis\/genesis-28\/\">G\u00eanesis 28 &#8211; O Sonho de Jac\u00f3 em Betel<\/a><\/li><li class=\"wp-block-pages-list__item\"><a class=\"wp-block-pages-list__item__link\" href=\"https:\/\/bibliapresente.com\/postagens\/livros-da-biblia\/genesis\/genesis-29\/\">G\u00eanesis 29 &#8211; Jac\u00f3 e as Filhas de Lab\u00e3o<\/a><\/li><li class=\"wp-block-pages-list__item\"><a class=\"wp-block-pages-list__item__link\" href=\"https:\/\/bibliapresente.com\/postagens\/livros-da-biblia\/genesis\/genesis-30\/\">G\u00eanesis 30 &#8211; O Acordo de Jac\u00f3 com Lab\u00e3o<\/a><\/li><li class=\"wp-block-pages-list__item\"><a class=\"wp-block-pages-list__item__link\" href=\"https:\/\/bibliapresente.com\/postagens\/livros-da-biblia\/genesis\/genesis-31\/\">G\u00eanesis 31 &#8211; A Fuga de Jac\u00f3<\/a><\/li><li class=\"wp-block-pages-list__item\"><a class=\"wp-block-pages-list__item__link\" href=\"https:\/\/bibliapresente.com\/postagens\/livros-da-biblia\/genesis\/genesis-32\/\">G\u00eanesis 32 &#8211; A Luta de Jac\u00f3 com O Anjo<\/a><\/li><li class=\"wp-block-pages-list__item\"><a class=\"wp-block-pages-list__item__link\" href=\"https:\/\/bibliapresente.com\/postagens\/livros-da-biblia\/genesis\/genesis-33\/\">G\u00eanesis 33 &#8211; A Reconcilia\u00e7\u00e3o de Jac\u00f3 e Esa\u00fa<\/a><\/li><li class=\"wp-block-pages-list__item\"><a class=\"wp-block-pages-list__item__link\" href=\"https:\/\/bibliapresente.com\/postagens\/livros-da-biblia\/genesis\/genesis-34\/\">G\u00eanesis 34 &#8211; O Caso de Din\u00e1<\/a><\/li><li class=\"wp-block-pages-list__item\"><a class=\"wp-block-pages-list__item__link\" href=\"https:\/\/bibliapresente.com\/postagens\/livros-da-biblia\/genesis\/genesis-35\/\">G\u00eanesis 35 &#8211; A Consagra\u00e7\u00e3o de Jac\u00f3 em Betel<\/a><\/li><li class=\"wp-block-pages-list__item\"><a class=\"wp-block-pages-list__item__link\" href=\"https:\/\/bibliapresente.com\/postagens\/livros-da-biblia\/genesis\/genesis-36\/\">G\u00eanesis 36 &#8211; Os Descendentes de Esa\u00fa<\/a><\/li><li class=\"wp-block-pages-list__item\"><a class=\"wp-block-pages-list__item__link\" href=\"https:\/\/bibliapresente.com\/postagens\/livros-da-biblia\/genesis\/genesis-37\/\">G\u00eanesis 37 &#8211; Jos\u00e9 Vendido como Escravo<\/a><\/li><li class=\"wp-block-pages-list__item\"><a class=\"wp-block-pages-list__item__link\" href=\"https:\/\/bibliapresente.com\/postagens\/livros-da-biblia\/genesis\/genesis-38\/\">G\u00eanesis 38 &#8211; Jud\u00e1 e Tamar<\/a><\/li><li class=\"wp-block-pages-list__item\"><a class=\"wp-block-pages-list__item__link\" href=\"https:\/\/bibliapresente.com\/postagens\/livros-da-biblia\/genesis\/genesis-39\/\">G\u00eanesis 39 &#8211; Jos\u00e9 na Casa de Potifar<\/a><\/li><li class=\"wp-block-pages-list__item\"><a class=\"wp-block-pages-list__item__link\" href=\"https:\/\/bibliapresente.com\/postagens\/livros-da-biblia\/genesis\/genesis-40\/\">G\u00eanesis 40 &#8211; Jos\u00e9 Interpreta Sonhos<\/a><\/li><li class=\"wp-block-pages-list__item\"><a class=\"wp-block-pages-list__item__link\" href=\"https:\/\/bibliapresente.com\/postagens\/livros-da-biblia\/genesis\/genesis-41\/\">G\u00eanesis 41 &#8211; O Sonho do Fara\u00f3<\/a><\/li><li class=\"wp-block-pages-list__item\"><a class=\"wp-block-pages-list__item__link\" href=\"https:\/\/bibliapresente.com\/postagens\/livros-da-biblia\/genesis\/genesis-42\/\">G\u00eanesis 42 &#8211; Os Irm\u00e3os de Jos\u00e9 no Egito<\/a><\/li><li class=\"wp-block-pages-list__item\"><a class=\"wp-block-pages-list__item__link\" href=\"https:\/\/bibliapresente.com\/postagens\/livros-da-biblia\/genesis\/genesis-43\/\">G\u00eanesis 43 &#8211; Benjamim Vai ao Egito<\/a><\/li><li class=\"wp-block-pages-list__item\"><a class=\"wp-block-pages-list__item__link\" href=\"https:\/\/bibliapresente.com\/postagens\/livros-da-biblia\/genesis\/genesis-44\/\">G\u00eanesis 44 &#8211; O Sacrif\u00edcio de Jud\u00e1<\/a><\/li><li class=\"wp-block-pages-list__item\"><a class=\"wp-block-pages-list__item__link\" href=\"https:\/\/bibliapresente.com\/postagens\/livros-da-biblia\/genesis\/genesis-45\/\">G\u00eanesis 45 &#8211; Jos\u00e9 se Revela a seus Irm\u00e3os<\/a><\/li><li class=\"wp-block-pages-list__item\"><a class=\"wp-block-pages-list__item__link\" href=\"https:\/\/bibliapresente.com\/postagens\/livros-da-biblia\/genesis\/genesis-46\/\">G\u00eanesis 46 &#8211; A Viagem de Jac\u00f3 ao Egito<\/a><\/li><li class=\"wp-block-pages-list__item\"><a class=\"wp-block-pages-list__item__link\" href=\"https:\/\/bibliapresente.com\/postagens\/livros-da-biblia\/genesis\/genesis-47\/\">G\u00eanesis 47 &#8211; Jac\u00f3 Aben\u00e7oa o Fara\u00f3<\/a><\/li><li class=\"wp-block-pages-list__item\"><a class=\"wp-block-pages-list__item__link\" href=\"https:\/\/bibliapresente.com\/postagens\/livros-da-biblia\/genesis\/genesis-48\/\">G\u00eanesis 48 &#8211; Jac\u00f3 Aben\u00e7oa os Filhos de Jos\u00e9<\/a><\/li><li class=\"wp-block-pages-list__item\"><a class=\"wp-block-pages-list__item__link\" href=\"https:\/\/bibliapresente.com\/postagens\/livros-da-biblia\/genesis\/genesis-49\/\">G\u00eanesis 49 &#8211; B\u00ean\u00e7\u00e3os de Jac\u00f3 a Seus Filhos<\/a><\/li><li class=\"wp-block-pages-list__item\"><a class=\"wp-block-pages-list__item__link\" href=\"https:\/\/bibliapresente.com\/postagens\/livros-da-biblia\/genesis\/genesis-50\/\">G\u00eanesis 50 &#8211; A Morte de Jac\u00f3<\/a><\/li><\/ul>","protected":false},"excerpt":{"rendered":"<p>1 E mandou Jos\u00e9 ao mordomo de sua casa, dizendo: Enche os sacos destes homens de alimentos, quanto puderem levar, e p\u00f5e o dinheiro de cada um na boca de seu saco: 2 E por\u00e1s meu copo, o copo de prata, na boca do saco do mais novo, com o dinheiro de seu trigo. E &hellip; <\/p>\n","protected":false},"author":2,"featured_media":263,"parent":233,"menu_order":44,"comment_status":"closed","ping_status":"closed","template":"","meta":{"om_disable_all_campaigns":false,"_monsterinsights_skip_tracking":false,"_monsterinsights_sitenote_active":false,"_monsterinsights_sitenote_note":"","_monsterinsights_sitenote_category":0,"footnotes":""},"class_list":["post-376","page","type-page","status-publish","has-post-thumbnail","hentry"],"aioseo_notices":[],"_links":{"self":[{"href":"https:\/\/bibliapresente.com\/postagens\/wp-json\/wp\/v2\/pages\/376","targetHints":{"allow":["GET"]}}],"collection":[{"href":"https:\/\/bibliapresente.com\/postagens\/wp-json\/wp\/v2\/pages"}],"about":[{"href":"https:\/\/bibliapresente.com\/postagens\/wp-json\/wp\/v2\/types\/page"}],"author":[{"embeddable":true,"href":"https:\/\/bibliapresente.com\/postagens\/wp-json\/wp\/v2\/users\/2"}],"replies":[{"embeddable":true,"href":"https:\/\/bibliapresente.com\/postagens\/wp-json\/wp\/v2\/comments?post=376"}],"version-history":[{"count":5,"href":"https:\/\/bibliapresente.com\/postagens\/wp-json\/wp\/v2\/pages\/376\/revisions"}],"predecessor-version":[{"id":567,"href":"https:\/\/bibliapresente.com\/postagens\/wp-json\/wp\/v2\/pages\/376\/revisions\/567"}],"up":[{"embeddable":true,"href":"https:\/\/bibliapresente.com\/postagens\/wp-json\/wp\/v2\/pages\/233"}],"wp:featuredmedia":[{"embeddable":true,"href":"https:\/\/bibliapresente.com\/postagens\/wp-json\/wp\/v2\/media\/263"}],"wp:attachment":[{"href":"https:\/\/bibliapresente.com\/postagens\/wp-json\/wp\/v2\/media?parent=376"}],"curies":[{"name":"wp","href":"https:\/\/api.w.org\/{rel}","templated":true}]}}