{"id":374,"date":"2025-01-04T19:58:52","date_gmt":"2025-01-04T22:58:52","guid":{"rendered":"https:\/\/bibliapresente.com\/postagens\/?page_id=374"},"modified":"2025-01-04T19:58:53","modified_gmt":"2025-01-04T22:58:53","slug":"genesis-43","status":"publish","type":"page","link":"https:\/\/bibliapresente.com\/postagens\/livros-da-biblia\/genesis\/genesis-43\/","title":{"rendered":"G\u00eanesis 43 &#8211; Benjamim Vai ao Egito"},"content":{"rendered":"\n<p class=\"has-medium-font-size\" style=\"letter-spacing:1px\"><span><span><sup><b>1<\/b><\/sup><\/span> E a fome era grande na terra. <\/span><br><span><span><sup><b>2<\/b><\/sup><\/span> E aconteceu que quando acabaram de comer o trigo que trouxeram do Egito, disse-lhes seu pai: Voltai, e comprai para n\u00f3s um pouco de alimento. <\/span><br><span><span><sup><b>3<\/b><\/sup><\/span> E respondeu Jud\u00e1, dizendo: Aquele homem nos advertiu com \u00e2nimo decidido, dizendo: N\u00e3o vereis meu rosto sem vosso irm\u00e3o convosco. <\/span><br><span><span><sup><b>4<\/b><\/sup><\/span> Se enviares a nosso irm\u00e3o conosco, desceremos e te compraremos alimento: <\/span><br><span><span><sup><b>5<\/b><\/sup><\/span> Por\u00e9m se n\u00e3o lhe enviares, n\u00e3o desceremos: porque aquele homem nos disse: N\u00e3o vereis meu rosto sem vosso irm\u00e3o convosco. <\/span><br><span><span><sup><b>6<\/b><\/sup><\/span> E disse Israel: Por que me fizestes tanto mal, declarando ao homem que t\u00ednheis mais irm\u00e3o? <\/span><br><span><span><sup><b>7<\/b><\/sup><\/span> E eles responderam: Aquele homem nos perguntou expressamente por n\u00f3s, e por nossa parentela, dizendo: Vive ainda vosso pai? Tendes outro irm\u00e3o? E lhe declaramos conforme estas palavras. Pod\u00edamos n\u00f3s saber que havia de dizer: Fazei vir a vosso irm\u00e3o? <\/span><br><span><span><sup><b>8<\/b><\/sup><\/span> Ent\u00e3o Jud\u00e1 disse a Israel seu pai: Envia ao jovem comigo, e nos levantaremos e iremos, a fim que vivamos e n\u00e3o morramos n\u00f3s, e tu, e nossos filhos. <\/span><br><span><span><sup><b>9<\/b><\/sup><\/span> Eu sou fiador dele; a mim me pedir\u00e1s conta dele; se eu n\u00e3o o devolver a ti e o puser diante de ti, serei para ti o culpado todos os dias: <\/span><br><span><span><sup><b>10<\/b><\/sup><\/span> Que se n\u00e3o nos tiv\u00e9ssemos detido, certo agora ter\u00edamos j\u00e1 voltado duas vezes. <\/span><br><span><span><sup><b>11<\/b><\/sup><\/span> Ent\u00e3o Israel seu pai lhes respondeu: Pois que assim \u00e9, fazei-o; tomai do melhor da terra em vossos vasos, e levai \u00e0quele homem um presente, um pouco de b\u00e1lsamo, e um pouco de mel, aromas e mirra, nozes e am\u00eandoas. <\/span><br><span><span><sup><b>12<\/b><\/sup><\/span> E tomai em vossas m\u00e3os dobrado dinheiro, e levai em vossa m\u00e3o o dinheiro que voltou nas bocas de vossos sacos; talvez tenha sido erro. <\/span><br><span><span><sup><b>13<\/b><\/sup><\/span> Tomai tamb\u00e9m a vosso irm\u00e3o, e levantai-vos, e voltai \u00e0quele homem. <\/span><br><span><span><sup><b>14<\/b><\/sup><\/span> E o Deus Todo-Poderoso vos d\u00ea miseric\u00f3rdias diante daquele homem, e vos solte ao outro vosso irm\u00e3o, e a este Benjamim. E se eu tiver de ser privado de meus filhos, assim seja. <\/span><br><span><span><sup><b>15<\/b><\/sup><\/span> Ent\u00e3o tomaram aqueles homens o presente, e tomaram em sua m\u00e3o dobrado dinheiro, e a Benjamim; e se levantaram, e desceram ao Egito, e apresentaram-se diante de Jos\u00e9. <\/span><br><span><span><sup><b>16<\/b><\/sup><\/span> E viu Jos\u00e9 a Benjamim com eles, e disse ao mordomo de sua casa: Mete em casa a esses homens, e degola um animal, e prepara-o; porque estes homens comer\u00e3o comigo ao meio-dia. <\/span><br><span><span><sup><b>17<\/b><\/sup><\/span> E fez o homem como Jos\u00e9 disse; e meteu aquele homem aos homens em casa de Jos\u00e9. <\/span><br><span><span><sup><b>18<\/b><\/sup><\/span> E aqueles homens tiveram temor, quando foram metidos na casa de Jos\u00e9, e diziam: Pelo dinheiro que voltou em nossos sacos a primeira vez nos trouxeram aqui, para virem contra n\u00f3s, e nos atacar, e tomar por servos a n\u00f3s, e a nossos asnos. <\/span><br><span><span><sup><b>19<\/b><\/sup><\/span> E aproximaram-se do mordomo da casa de Jos\u00e9, e lhe falaram \u00e0 entrada da casa. <\/span><br><span><span><sup><b>20<\/b><\/sup><\/span> E disseram: Ai, senhor meu, n\u00f3s em realidade de verdade descemos ao princ\u00edpio a comprar alimentos: <\/span><br><span><span><sup><b>21<\/b><\/sup><\/span> E aconteceu que quando viemos ao lugar de parada e abrimos nossos sacos, eis que o dinheiro de cada um estava na boca de seu saco, nosso dinheiro em seu justo peso; e o devolvemos em nossas m\u00e3os. <\/span><br><span><span><sup><b>22<\/b><\/sup><\/span> Trouxemos tamb\u00e9m em nossas m\u00e3os outro dinheiro para comprar alimentos: n\u00f3s n\u00e3o sabemos quem p\u00f4s nosso dinheiro em nossos sacos. <\/span><br><span><span><sup><b>23<\/b><\/sup><\/span> E ele respondeu: Paz a v\u00f3s, n\u00e3o temais; vosso Deus e o Deus de vosso pai vos deu o tesouro em vossos sacos: vosso dinheiro veio a mim. E tirou a Sime\u00e3o a eles. <\/span><br><span><span><sup><b>24<\/b><\/sup><\/span> E aquele homem levou \u00e0queles homens na casa de Jos\u00e9: e deu-lhes \u00e1gua, e lavaram seus p\u00e9s: e deu de comer a seus asnos. <\/span><br><span><span><sup><b>25<\/b><\/sup><\/span> E eles prepararam o presente antes que viesse Jos\u00e9 ao meio-dia, porque haviam ouvido que ali haviam de comer p\u00e3o. <\/span><br><span><span><sup><b>26<\/b><\/sup><\/span> E veio Jos\u00e9 a casa, e eles lhe trouxeram o presente que tinham em sua m\u00e3o dentro de casa, e inclinaram-se a ele em terra. <\/span><br><span><span><sup><b>27<\/b><\/sup><\/span> Ent\u00e3o ele lhes perguntou como estavam, e disse: Vosso pai, o anci\u00e3o que dissestes, passa bem? Vive ainda? <\/span><br><span><span><sup><b>28<\/b><\/sup><\/span> E eles responderam: Bem vai a teu servo nosso pai; ainda vive. E se inclinaram, e fizeram rever\u00eancia. <\/span><br><span><span><sup><b>29<\/b><\/sup><\/span> E levantando ele seus olhos viu Benjamim seu irm\u00e3o, filho de sua m\u00e3e, e disse: \u00c9 este vosso irm\u00e3o mais novo, de quem me falastes? E disse: Deus tenha miseric\u00f3rdia de ti, filho meu. <\/span><br><span><span><sup><b>30<\/b><\/sup><\/span> Ent\u00e3o Jos\u00e9 se apressou, porque se comoveram suas entranhas por causa de seu irm\u00e3o, e procurou onde chorar: e entrou-se em sua c\u00e2mara, e chorou ali. <\/span><br><span><span><sup><b>31<\/b><\/sup><\/span> E lavou seu rosto, e saiu fora, e controlou-se, e disse: Ponde p\u00e3o. <\/span><br><span><span><sup><b>32<\/b><\/sup><\/span> E puseram para ele \u00e0 parte, e separadamente para eles, e \u00e0 parte para os eg\u00edpcios que com ele comiam: porque os eg\u00edpcios n\u00e3o podem comer p\u00e3o com os hebreus, o qual \u00e9 abomina\u00e7\u00e3o aos eg\u00edpcios. <\/span><br><span><span><sup><b>33<\/b><\/sup><\/span> E sentaram-se diante dele, o mais velho conforme sua primogenitura, e o mais novo conforme sua idade menor; e estavam aqueles homens at\u00f4nitos olhando-se um ao outro. <\/span><br><span><span><sup><b>34<\/b><\/sup><\/span> E ele tomou iguarias de diante de si para eles; mas a por\u00e7\u00e3o de Benjamim era cinco vezes como qualquer uma das deles. E beberam, e alegraram-se com ele.<\/span><\/p>\n\n\n\n<div class=\"wp-block-columns is-layout-flex wp-container-core-columns-is-layout-9d6595d7 wp-block-columns-is-layout-flex\">\n<div class=\"wp-block-column is-layout-flow wp-block-column-is-layout-flow\">\n<p><a href=\"\/genesis-42\">G\u00eanesis 42<\/a><\/p>\n<\/div>\n\n\n\n<div class=\"wp-block-column is-layout-flow wp-block-column-is-layout-flow\">\n<p class=\"has-text-align-right\"><a href=\"\/genesis-44\">G\u00eanesis 44<\/a><\/p>\n<\/div>\n<\/div>\n\n\n\n<h2 class=\"wp-block-heading\">Descri\u00e7\u00e3o &#8211; G\u00eanesis 43<\/h2>\n\n\n\n<p class=\"has-medium-font-size\">G\u00eanesis 43 descreve a segunda viagem dos irm\u00e3os de Jos\u00e9 ao Egito, ap\u00f3s a exig\u00eancia de que Benjamim fosse levado para comprovar sua honestidade. Jac\u00f3, inicialmente relutante, cede diante da necessidade e envia Benjamim com seus irm\u00e3os. Ao chegarem, Jos\u00e9 os recebe e, em um gesto inesperado, os convida para um banquete em sua casa. Esse cap\u00edtulo continua a jornada de reconcilia\u00e7\u00e3o e traz um novo encontro emocional entre Jos\u00e9 e seus irm\u00e3os.<\/p>\n\n\n\n<h3 class=\"wp-block-heading\">Livro do G\u00eanesis:<\/h3>\n\n\n<ul class=\"wp-block-page-list\"><li class=\"wp-block-pages-list__item\"><a class=\"wp-block-pages-list__item__link\" href=\"https:\/\/bibliapresente.com\/postagens\/livros-da-biblia\/genesis\/genesis-1\/\">G\u00eanesis 1 &#8211; A Cria\u00e7\u00e3o do Universo<\/a><\/li><li class=\"wp-block-pages-list__item\"><a class=\"wp-block-pages-list__item__link\" href=\"https:\/\/bibliapresente.com\/postagens\/livros-da-biblia\/genesis\/genesis-2\/\">G\u00eanesis 2 &#8211; O Jardim do \u00c9den<\/a><\/li><li class=\"wp-block-pages-list__item\"><a class=\"wp-block-pages-list__item__link\" href=\"https:\/\/bibliapresente.com\/postagens\/livros-da-biblia\/genesis\/genesis-3\/\">G\u00eanesis 3 &#8211; O Pecado Original<\/a><\/li><li class=\"wp-block-pages-list__item\"><a class=\"wp-block-pages-list__item__link\" href=\"https:\/\/bibliapresente.com\/postagens\/livros-da-biblia\/genesis\/genesis-4\/\">G\u00eanesis 4 &#8211; Caim e Abel<\/a><\/li><li class=\"wp-block-pages-list__item\"><a class=\"wp-block-pages-list__item__link\" href=\"https:\/\/bibliapresente.com\/postagens\/livros-da-biblia\/genesis\/genesis-5\/\">G\u00eanesis 5 &#8211; Genealogia de Ad\u00e3o a No\u00e9<\/a><\/li><li class=\"wp-block-pages-list__item\"><a class=\"wp-block-pages-list__item__link\" href=\"https:\/\/bibliapresente.com\/postagens\/livros-da-biblia\/genesis\/genesis-6-a-corrupcao-e-o-chamado-de-noe\/\">G\u00eanesis 6 &#8211; A Corrup\u00e7\u00e3o e o Chamado de No\u00e9<\/a><\/li><li class=\"wp-block-pages-list__item\"><a class=\"wp-block-pages-list__item__link\" href=\"https:\/\/bibliapresente.com\/postagens\/livros-da-biblia\/genesis\/genesis-7\/\">G\u00eanesis 7 &#8211; O Grande Dil\u00favio<\/a><\/li><li class=\"wp-block-pages-list__item\"><a class=\"wp-block-pages-list__item__link\" href=\"https:\/\/bibliapresente.com\/postagens\/livros-da-biblia\/genesis\/genesis-8\/\">G\u00eanesis 8 &#8211; As \u00c1guas do Dil\u00favio Recuam<\/a><\/li><li class=\"wp-block-pages-list__item\"><a class=\"wp-block-pages-list__item__link\" href=\"https:\/\/bibliapresente.com\/postagens\/livros-da-biblia\/genesis\/genesis-9\/\">G\u00eanesis 9 &#8211; A Grande Alian\u00e7a do Arco-\u00cdris<\/a><\/li><li class=\"wp-block-pages-list__item\"><a class=\"wp-block-pages-list__item__link\" href=\"https:\/\/bibliapresente.com\/postagens\/livros-da-biblia\/genesis\/genesis-10-as-nacoes-descendentes-de-noe\/\">G\u00eanesis 10 &#8211; As Na\u00e7\u00f5es Descendentes de No\u00e9<\/a><\/li><li class=\"wp-block-pages-list__item\"><a class=\"wp-block-pages-list__item__link\" href=\"https:\/\/bibliapresente.com\/postagens\/livros-da-biblia\/genesis\/genesis-11-a-torre-de-babel\/\">G\u00eanesis 11 &#8211; A Torre de Babel<\/a><\/li><li class=\"wp-block-pages-list__item\"><a class=\"wp-block-pages-list__item__link\" href=\"https:\/\/bibliapresente.com\/postagens\/livros-da-biblia\/genesis\/genesis-12-o-chamado-de-abraao\/\">G\u00eanesis 12 &#8211; O Chamado de Abra\u00e3o<\/a><\/li><li class=\"wp-block-pages-list__item\"><a class=\"wp-block-pages-list__item__link\" href=\"https:\/\/bibliapresente.com\/postagens\/livros-da-biblia\/genesis\/genesis-13-a-separacao-de-abrao-e-lo\/\">G\u00eanesis 13 &#8211; A Separa\u00e7\u00e3o de Abr\u00e3o e L\u00f3<\/a><\/li><li class=\"wp-block-pages-list__item\"><a class=\"wp-block-pages-list__item__link\" href=\"https:\/\/bibliapresente.com\/postagens\/livros-da-biblia\/genesis\/genesis-14\/\">G\u00eanesis 14 &#8211; A B\u00ean\u00e7\u00e3o de Melquisedeque<\/a><\/li><li class=\"wp-block-pages-list__item\"><a class=\"wp-block-pages-list__item__link\" href=\"https:\/\/bibliapresente.com\/postagens\/livros-da-biblia\/genesis\/genesis-15\/\">G\u00eanesis 15 &#8211; A Alian\u00e7a de Deus com Abr\u00e3o<\/a><\/li><li class=\"wp-block-pages-list__item\"><a class=\"wp-block-pages-list__item__link\" href=\"https:\/\/bibliapresente.com\/postagens\/livros-da-biblia\/genesis\/genesis-16\/\">G\u00eanesis 16 &#8211; O Nascimento de Ismael<\/a><\/li><li class=\"wp-block-pages-list__item\"><a class=\"wp-block-pages-list__item__link\" href=\"https:\/\/bibliapresente.com\/postagens\/livros-da-biblia\/genesis\/genesis-17\/\">G\u00eanesis 17 &#8211; A Institui\u00e7\u00e3o da Circuncis\u00e3o<\/a><\/li><li class=\"wp-block-pages-list__item\"><a class=\"wp-block-pages-list__item__link\" href=\"https:\/\/bibliapresente.com\/postagens\/livros-da-biblia\/genesis\/genesis-18\/\">G\u00eanesis 18 &#8211; A Visita dos Tr\u00eas Anjos<\/a><\/li><li class=\"wp-block-pages-list__item\"><a class=\"wp-block-pages-list__item__link\" href=\"https:\/\/bibliapresente.com\/postagens\/livros-da-biblia\/genesis\/genesis-19\/\">G\u00eanesis 19 &#8211; Sodoma e Gomorra<\/a><\/li><li class=\"wp-block-pages-list__item\"><a class=\"wp-block-pages-list__item__link\" href=\"https:\/\/bibliapresente.com\/postagens\/livros-da-biblia\/genesis\/genesis-20\/\">G\u00eanesis 20 &#8211; Abra\u00e3o e Abimeleque<\/a><\/li><li class=\"wp-block-pages-list__item\"><a class=\"wp-block-pages-list__item__link\" href=\"https:\/\/bibliapresente.com\/postagens\/livros-da-biblia\/genesis\/genesis-21\/\">G\u00eanesis 21 &#8211; O Nascimento de Isaque<\/a><\/li><li class=\"wp-block-pages-list__item\"><a class=\"wp-block-pages-list__item__link\" href=\"https:\/\/bibliapresente.com\/postagens\/livros-da-biblia\/genesis\/genesis-22\/\">G\u00eanesis 22 &#8211; O Sacrif\u00edcio de Isaque<\/a><\/li><li class=\"wp-block-pages-list__item\"><a class=\"wp-block-pages-list__item__link\" href=\"https:\/\/bibliapresente.com\/postagens\/livros-da-biblia\/genesis\/genesis-23\/\">G\u00eanesis 23 &#8211; A Morte de Sara<\/a><\/li><li class=\"wp-block-pages-list__item\"><a class=\"wp-block-pages-list__item__link\" href=\"https:\/\/bibliapresente.com\/postagens\/livros-da-biblia\/genesis\/genesis-24\/\">G\u00eanesis 24 &#8211; O Casamento de Isaque<\/a><\/li><li class=\"wp-block-pages-list__item\"><a class=\"wp-block-pages-list__item__link\" href=\"https:\/\/bibliapresente.com\/postagens\/livros-da-biblia\/genesis\/genesis-25\/\">G\u00eanesis 25 &#8211; O Nascimento de Esa\u00fa e Jac\u00f3<\/a><\/li><li class=\"wp-block-pages-list__item\"><a class=\"wp-block-pages-list__item__link\" href=\"https:\/\/bibliapresente.com\/postagens\/livros-da-biblia\/genesis\/genesis-26\/\">G\u00eanesis 26 &#8211; As Promessas de Deus a Isaque<\/a><\/li><li class=\"wp-block-pages-list__item\"><a class=\"wp-block-pages-list__item__link\" href=\"https:\/\/bibliapresente.com\/postagens\/livros-da-biblia\/genesis\/genesis-27\/\">G\u00eanesis 27 &#8211; Jac\u00f3 Engana Isaque<\/a><\/li><li class=\"wp-block-pages-list__item\"><a class=\"wp-block-pages-list__item__link\" href=\"https:\/\/bibliapresente.com\/postagens\/livros-da-biblia\/genesis\/genesis-28\/\">G\u00eanesis 28 &#8211; O Sonho de Jac\u00f3 em Betel<\/a><\/li><li class=\"wp-block-pages-list__item\"><a class=\"wp-block-pages-list__item__link\" href=\"https:\/\/bibliapresente.com\/postagens\/livros-da-biblia\/genesis\/genesis-29\/\">G\u00eanesis 29 &#8211; Jac\u00f3 e as Filhas de Lab\u00e3o<\/a><\/li><li class=\"wp-block-pages-list__item\"><a class=\"wp-block-pages-list__item__link\" href=\"https:\/\/bibliapresente.com\/postagens\/livros-da-biblia\/genesis\/genesis-30\/\">G\u00eanesis 30 &#8211; O Acordo de Jac\u00f3 com Lab\u00e3o<\/a><\/li><li class=\"wp-block-pages-list__item\"><a class=\"wp-block-pages-list__item__link\" href=\"https:\/\/bibliapresente.com\/postagens\/livros-da-biblia\/genesis\/genesis-31\/\">G\u00eanesis 31 &#8211; A Fuga de Jac\u00f3<\/a><\/li><li class=\"wp-block-pages-list__item\"><a class=\"wp-block-pages-list__item__link\" href=\"https:\/\/bibliapresente.com\/postagens\/livros-da-biblia\/genesis\/genesis-32\/\">G\u00eanesis 32 &#8211; A Luta de Jac\u00f3 com O Anjo<\/a><\/li><li class=\"wp-block-pages-list__item\"><a class=\"wp-block-pages-list__item__link\" href=\"https:\/\/bibliapresente.com\/postagens\/livros-da-biblia\/genesis\/genesis-33\/\">G\u00eanesis 33 &#8211; A Reconcilia\u00e7\u00e3o de Jac\u00f3 e Esa\u00fa<\/a><\/li><li class=\"wp-block-pages-list__item\"><a class=\"wp-block-pages-list__item__link\" href=\"https:\/\/bibliapresente.com\/postagens\/livros-da-biblia\/genesis\/genesis-34\/\">G\u00eanesis 34 &#8211; O Caso de Din\u00e1<\/a><\/li><li class=\"wp-block-pages-list__item\"><a class=\"wp-block-pages-list__item__link\" href=\"https:\/\/bibliapresente.com\/postagens\/livros-da-biblia\/genesis\/genesis-35\/\">G\u00eanesis 35 &#8211; A Consagra\u00e7\u00e3o de Jac\u00f3 em Betel<\/a><\/li><li class=\"wp-block-pages-list__item\"><a class=\"wp-block-pages-list__item__link\" href=\"https:\/\/bibliapresente.com\/postagens\/livros-da-biblia\/genesis\/genesis-36\/\">G\u00eanesis 36 &#8211; Os Descendentes de Esa\u00fa<\/a><\/li><li class=\"wp-block-pages-list__item\"><a class=\"wp-block-pages-list__item__link\" href=\"https:\/\/bibliapresente.com\/postagens\/livros-da-biblia\/genesis\/genesis-37\/\">G\u00eanesis 37 &#8211; Jos\u00e9 Vendido como Escravo<\/a><\/li><li class=\"wp-block-pages-list__item\"><a class=\"wp-block-pages-list__item__link\" href=\"https:\/\/bibliapresente.com\/postagens\/livros-da-biblia\/genesis\/genesis-38\/\">G\u00eanesis 38 &#8211; Jud\u00e1 e Tamar<\/a><\/li><li class=\"wp-block-pages-list__item\"><a class=\"wp-block-pages-list__item__link\" href=\"https:\/\/bibliapresente.com\/postagens\/livros-da-biblia\/genesis\/genesis-39\/\">G\u00eanesis 39 &#8211; Jos\u00e9 na Casa de Potifar<\/a><\/li><li class=\"wp-block-pages-list__item\"><a class=\"wp-block-pages-list__item__link\" href=\"https:\/\/bibliapresente.com\/postagens\/livros-da-biblia\/genesis\/genesis-40\/\">G\u00eanesis 40 &#8211; Jos\u00e9 Interpreta Sonhos<\/a><\/li><li class=\"wp-block-pages-list__item\"><a class=\"wp-block-pages-list__item__link\" href=\"https:\/\/bibliapresente.com\/postagens\/livros-da-biblia\/genesis\/genesis-41\/\">G\u00eanesis 41 &#8211; O Sonho do Fara\u00f3<\/a><\/li><li class=\"wp-block-pages-list__item\"><a class=\"wp-block-pages-list__item__link\" href=\"https:\/\/bibliapresente.com\/postagens\/livros-da-biblia\/genesis\/genesis-42\/\">G\u00eanesis 42 &#8211; Os Irm\u00e3os de Jos\u00e9 no Egito<\/a><\/li><li class=\"wp-block-pages-list__item\"><a class=\"wp-block-pages-list__item__link\" href=\"https:\/\/bibliapresente.com\/postagens\/livros-da-biblia\/genesis\/genesis-43\/\">G\u00eanesis 43 &#8211; Benjamim Vai ao Egito<\/a><\/li><li class=\"wp-block-pages-list__item\"><a class=\"wp-block-pages-list__item__link\" href=\"https:\/\/bibliapresente.com\/postagens\/livros-da-biblia\/genesis\/genesis-44\/\">G\u00eanesis 44 &#8211; O Sacrif\u00edcio de Jud\u00e1<\/a><\/li><li class=\"wp-block-pages-list__item\"><a class=\"wp-block-pages-list__item__link\" href=\"https:\/\/bibliapresente.com\/postagens\/livros-da-biblia\/genesis\/genesis-45\/\">G\u00eanesis 45 &#8211; Jos\u00e9 se Revela a seus Irm\u00e3os<\/a><\/li><li class=\"wp-block-pages-list__item\"><a class=\"wp-block-pages-list__item__link\" href=\"https:\/\/bibliapresente.com\/postagens\/livros-da-biblia\/genesis\/genesis-46\/\">G\u00eanesis 46 &#8211; A Viagem de Jac\u00f3 ao Egito<\/a><\/li><li class=\"wp-block-pages-list__item\"><a class=\"wp-block-pages-list__item__link\" href=\"https:\/\/bibliapresente.com\/postagens\/livros-da-biblia\/genesis\/genesis-47\/\">G\u00eanesis 47 &#8211; Jac\u00f3 Aben\u00e7oa o Fara\u00f3<\/a><\/li><li class=\"wp-block-pages-list__item\"><a class=\"wp-block-pages-list__item__link\" href=\"https:\/\/bibliapresente.com\/postagens\/livros-da-biblia\/genesis\/genesis-48\/\">G\u00eanesis 48 &#8211; Jac\u00f3 Aben\u00e7oa os Filhos de Jos\u00e9<\/a><\/li><li class=\"wp-block-pages-list__item\"><a class=\"wp-block-pages-list__item__link\" href=\"https:\/\/bibliapresente.com\/postagens\/livros-da-biblia\/genesis\/genesis-49\/\">G\u00eanesis 49 &#8211; B\u00ean\u00e7\u00e3os de Jac\u00f3 a Seus Filhos<\/a><\/li><li class=\"wp-block-pages-list__item\"><a class=\"wp-block-pages-list__item__link\" href=\"https:\/\/bibliapresente.com\/postagens\/livros-da-biblia\/genesis\/genesis-50\/\">G\u00eanesis 50 &#8211; A Morte de Jac\u00f3<\/a><\/li><\/ul>","protected":false},"excerpt":{"rendered":"<p>1 E a fome era grande na terra. 2 E aconteceu que quando acabaram de comer o trigo que trouxeram do Egito, disse-lhes seu pai: Voltai, e comprai para n\u00f3s um pouco de alimento. 3 E respondeu Jud\u00e1, dizendo: Aquele homem nos advertiu com \u00e2nimo decidido, dizendo: N\u00e3o vereis meu rosto sem vosso irm\u00e3o convosco. &hellip; <\/p>\n","protected":false},"author":2,"featured_media":263,"parent":233,"menu_order":43,"comment_status":"closed","ping_status":"closed","template":"","meta":{"om_disable_all_campaigns":false,"_monsterinsights_skip_tracking":false,"_monsterinsights_sitenote_active":false,"_monsterinsights_sitenote_note":"","_monsterinsights_sitenote_category":0,"footnotes":""},"class_list":["post-374","page","type-page","status-publish","has-post-thumbnail","hentry"],"aioseo_notices":[],"_links":{"self":[{"href":"https:\/\/bibliapresente.com\/postagens\/wp-json\/wp\/v2\/pages\/374","targetHints":{"allow":["GET"]}}],"collection":[{"href":"https:\/\/bibliapresente.com\/postagens\/wp-json\/wp\/v2\/pages"}],"about":[{"href":"https:\/\/bibliapresente.com\/postagens\/wp-json\/wp\/v2\/types\/page"}],"author":[{"embeddable":true,"href":"https:\/\/bibliapresente.com\/postagens\/wp-json\/wp\/v2\/users\/2"}],"replies":[{"embeddable":true,"href":"https:\/\/bibliapresente.com\/postagens\/wp-json\/wp\/v2\/comments?post=374"}],"version-history":[{"count":5,"href":"https:\/\/bibliapresente.com\/postagens\/wp-json\/wp\/v2\/pages\/374\/revisions"}],"predecessor-version":[{"id":566,"href":"https:\/\/bibliapresente.com\/postagens\/wp-json\/wp\/v2\/pages\/374\/revisions\/566"}],"up":[{"embeddable":true,"href":"https:\/\/bibliapresente.com\/postagens\/wp-json\/wp\/v2\/pages\/233"}],"wp:featuredmedia":[{"embeddable":true,"href":"https:\/\/bibliapresente.com\/postagens\/wp-json\/wp\/v2\/media\/263"}],"wp:attachment":[{"href":"https:\/\/bibliapresente.com\/postagens\/wp-json\/wp\/v2\/media?parent=374"}],"curies":[{"name":"wp","href":"https:\/\/api.w.org\/{rel}","templated":true}]}}