{"id":368,"date":"2025-01-04T19:53:52","date_gmt":"2025-01-04T22:53:52","guid":{"rendered":"https:\/\/bibliapresente.com\/postagens\/?page_id=368"},"modified":"2025-01-04T19:53:52","modified_gmt":"2025-01-04T22:53:52","slug":"genesis-40","status":"publish","type":"page","link":"https:\/\/bibliapresente.com\/postagens\/livros-da-biblia\/genesis\/genesis-40\/","title":{"rendered":"G\u00eanesis 40 &#8211; Jos\u00e9 Interpreta Sonhos"},"content":{"rendered":"\n<p class=\"has-medium-font-size\"><span><span><sup><b>1<\/b><\/sup><\/span> E aconteceu depois destas coisas, que o copeiro do rei do Egito e o padeiro transgrediram contra seu senhor o rei do Egito. <\/span><br><span><span><sup><b>2<\/b><\/sup><\/span> E irou-se Fara\u00f3 contra seus dois eunucos, contra o principal dos copeiros, e contra o principal dos padeiros: <\/span><br><span><span><sup><b>3<\/b><\/sup><\/span> E os p\u00f4s em pris\u00e3o na casa do capit\u00e3o dos da guarda, na casa do c\u00e1rcere onde Jos\u00e9 estava preso. <\/span><br><span><span><sup><b>4<\/b><\/sup><\/span> E o capit\u00e3o dos da guarda deu responsabilidade deles a Jos\u00e9, e ele lhes servia: e estiveram dias na pris\u00e3o. <\/span><br><span><span><sup><b>5<\/b><\/sup><\/span> E ambos, o copeiro e o padeiro do rei do Egito, que estavam detidos na pris\u00e3o, viram um sonho, cada um seu sonho em uma mesma noite, cada um conforme a declara\u00e7\u00e3o de seu sonho. <\/span><br><span><span><sup><b>6<\/b><\/sup><\/span> E veio a eles Jos\u00e9 pela manh\u00e3, e olhou-os, e eis que estavam tristes. <\/span><br><span><span><sup><b>7<\/b><\/sup><\/span> E ele perguntou \u00e0queles oficiais de Fara\u00f3, que estavam com ele na pris\u00e3o da casa de seu senhor, dizendo: Por que parecem hoje mal vossos semblantes? <\/span><br><span><span><sup><b>8<\/b><\/sup><\/span> E eles lhe disseram: Tivemos um sonho, e n\u00e3o h\u00e1 quem o declare. Ent\u00e3o lhes disse Jos\u00e9: N\u00e3o s\u00e3o de Deus as interpreta\u00e7\u00f5es? Contai-o a mim agora. <\/span><br><span><span><sup><b>9<\/b><\/sup><\/span> Ent\u00e3o o chefe dos copeiros contou seu sonho a Jos\u00e9, e disse-lhe: Eu sonhava que via uma vide diante de mim, <\/span><br><span><span><sup><b>10<\/b><\/sup><\/span> E na vide tr\u00eas sarmentos; e ela como que brotava, e surgia sua flor, vindo a amadurecer seus cachos de uvas: <\/span><br><span><span><sup><b>11<\/b><\/sup><\/span> E que o copo de Fara\u00f3 estava em minha m\u00e3o, e tomava eu as uvas, e as espremia no copo de Fara\u00f3, e dava eu o copo em m\u00e3o de Fara\u00f3. <\/span><br><span><span><sup><b>12<\/b><\/sup><\/span> E disse-lhe Jos\u00e9: Esta \u00e9 sua declara\u00e7\u00e3o: Os tr\u00eas sarmentos s\u00e3o tr\u00eas dias: <\/span><br><span><span><sup><b>13<\/b><\/sup><\/span> Ao fim de tr\u00eas dias Fara\u00f3 te far\u00e1 levantar a cabe\u00e7a, e te restituir\u00e1 a teu posto: e dar\u00e1s o copo a Fara\u00f3 em sua m\u00e3o, como costumavas quando eras seu copeiro. <\/span><br><span><span><sup><b>14<\/b><\/sup><\/span> Lembra-te, pois, de mim para contigo quando tiveres esse bem, e rogo-te que uses comigo de miseric\u00f3rdia, e fa\u00e7as men\u00e7\u00e3o de mim a Fara\u00f3, e me tires desta pris\u00e3o: <\/span><br><span><span><sup><b>15<\/b><\/sup><\/span> Porque furtado fui da terra dos hebreus; e tampouco fiz aqui para que me houvessem de p\u00f4r no c\u00e1rcere. <\/span><br><span><span><sup><b>16<\/b><\/sup><\/span> E vendo o chefe dos padeiros que havia interpretado para o bem, disse a Jos\u00e9: Tamb\u00e9m eu sonhava que via tr\u00eas cestos brancos sobre minha cabe\u00e7a; <\/span><br><span><span><sup><b>17<\/b><\/sup><\/span> E no cesto mais alto havia de todos os alimentos de Fara\u00f3, obra de padeiro; e que as aves as comiam do cesto de sobre minha cabe\u00e7a. <\/span><br><span><span><sup><b>18<\/b><\/sup><\/span> Ent\u00e3o respondeu Jos\u00e9, e disse: Esta \u00e9 sua declara\u00e7\u00e3o: Os tr\u00eas cestos tr\u00eas dias s\u00e3o; <\/span><br><span><span><sup><b>19<\/b><\/sup><\/span> Ao fim de tr\u00eas dias tirar\u00e1 Fara\u00f3 tua cabe\u00e7a de sobre ti, e te far\u00e1 enforcar na forca, e as aves comer\u00e3o tua carne de sobre ti. <\/span><br><span><span><sup><b>20<\/b><\/sup><\/span> E foi o terceiro dia o dia do anivers\u00e1rio de Fara\u00f3, e fez banquete a todos os seus servos: e levantou a cabe\u00e7a do chefe dos copeiros, e a cabe\u00e7a do chefe de los padeiros, entre seus servos. <\/span><br><span><span><sup><b>21<\/b><\/sup><\/span> E fez voltar a seu of\u00edcio ao chefe dos copeiros; e deu ele o copo em m\u00e3o de Fara\u00f3. <\/span><br><span><span><sup><b>22<\/b><\/sup><\/span> Mas fez enforcar ao principal dos padeiros, como lhe havia declarado Jos\u00e9. <\/span><br><span><span><sup><b>23<\/b><\/sup><\/span> E o chefe dos copeiros n\u00e3o se lembrou de Jos\u00e9, ao inv\u00e9s disso que lhe esqueceu.<\/span><\/p>\n\n\n\n<div class=\"wp-block-columns is-layout-flex wp-container-core-columns-is-layout-9d6595d7 wp-block-columns-is-layout-flex\">\n<div class=\"wp-block-column is-layout-flow wp-block-column-is-layout-flow\">\n<p><a href=\"\/genesis-39\">G\u00eanesis 39<\/a><\/p>\n<\/div>\n\n\n\n<div class=\"wp-block-column is-layout-flow wp-block-column-is-layout-flow\">\n<p class=\"has-text-align-right\"><a href=\"\/genesis-41\">G\u00eanesis 41<\/a><\/p>\n<\/div>\n<\/div>\n\n\n\n<h2 class=\"wp-block-heading\">Descri\u00e7\u00e3o &#8211; G\u00eanesis 40<\/h2>\n\n\n\n<p class=\"has-medium-font-size\">G\u00eanesis 40 narra a experi\u00eancia de Jos\u00e9 na pris\u00e3o, onde interpreta os sonhos do copeiro e do padeiro do fara\u00f3. O copeiro sonha com sua restaura\u00e7\u00e3o ao cargo, enquanto o padeiro tem um sonho que prev\u00ea sua execu\u00e7\u00e3o, e ambos os desfechos se concretizam exatamente como Jos\u00e9 previu. Apesar de ajudar o copeiro, Jos\u00e9 \u00e9 esquecido e permanece preso, ressaltando a import\u00e2ncia da paci\u00eancia e confian\u00e7a no plano divino. Este cap\u00edtulo faz parte da narrativa de prepara\u00e7\u00e3o de Jos\u00e9 para se tornar um instrumento de salva\u00e7\u00e3o no Egito.<\/p>\n\n\n\n<h3 class=\"wp-block-heading\">Livro do G\u00eanesis:<\/h3>\n\n\n<ul class=\"wp-block-page-list\"><li class=\"wp-block-pages-list__item\"><a class=\"wp-block-pages-list__item__link\" href=\"https:\/\/bibliapresente.com\/postagens\/livros-da-biblia\/genesis\/genesis-1\/\">G\u00eanesis 1 &#8211; A Cria\u00e7\u00e3o do Universo<\/a><\/li><li class=\"wp-block-pages-list__item\"><a class=\"wp-block-pages-list__item__link\" href=\"https:\/\/bibliapresente.com\/postagens\/livros-da-biblia\/genesis\/genesis-2\/\">G\u00eanesis 2 &#8211; O Jardim do \u00c9den<\/a><\/li><li class=\"wp-block-pages-list__item\"><a class=\"wp-block-pages-list__item__link\" href=\"https:\/\/bibliapresente.com\/postagens\/livros-da-biblia\/genesis\/genesis-3\/\">G\u00eanesis 3 &#8211; O Pecado Original<\/a><\/li><li class=\"wp-block-pages-list__item\"><a class=\"wp-block-pages-list__item__link\" href=\"https:\/\/bibliapresente.com\/postagens\/livros-da-biblia\/genesis\/genesis-4\/\">G\u00eanesis 4 &#8211; Caim e Abel<\/a><\/li><li class=\"wp-block-pages-list__item\"><a class=\"wp-block-pages-list__item__link\" href=\"https:\/\/bibliapresente.com\/postagens\/livros-da-biblia\/genesis\/genesis-5\/\">G\u00eanesis 5 &#8211; Genealogia de Ad\u00e3o a No\u00e9<\/a><\/li><li class=\"wp-block-pages-list__item\"><a class=\"wp-block-pages-list__item__link\" href=\"https:\/\/bibliapresente.com\/postagens\/livros-da-biblia\/genesis\/genesis-6-a-corrupcao-e-o-chamado-de-noe\/\">G\u00eanesis 6 &#8211; A Corrup\u00e7\u00e3o e o Chamado de No\u00e9<\/a><\/li><li class=\"wp-block-pages-list__item\"><a class=\"wp-block-pages-list__item__link\" href=\"https:\/\/bibliapresente.com\/postagens\/livros-da-biblia\/genesis\/genesis-7\/\">G\u00eanesis 7 &#8211; O Grande Dil\u00favio<\/a><\/li><li class=\"wp-block-pages-list__item\"><a class=\"wp-block-pages-list__item__link\" href=\"https:\/\/bibliapresente.com\/postagens\/livros-da-biblia\/genesis\/genesis-8\/\">G\u00eanesis 8 &#8211; As \u00c1guas do Dil\u00favio Recuam<\/a><\/li><li class=\"wp-block-pages-list__item\"><a class=\"wp-block-pages-list__item__link\" href=\"https:\/\/bibliapresente.com\/postagens\/livros-da-biblia\/genesis\/genesis-9\/\">G\u00eanesis 9 &#8211; A Grande Alian\u00e7a do Arco-\u00cdris<\/a><\/li><li class=\"wp-block-pages-list__item\"><a class=\"wp-block-pages-list__item__link\" href=\"https:\/\/bibliapresente.com\/postagens\/livros-da-biblia\/genesis\/genesis-10-as-nacoes-descendentes-de-noe\/\">G\u00eanesis 10 &#8211; As Na\u00e7\u00f5es Descendentes de No\u00e9<\/a><\/li><li class=\"wp-block-pages-list__item\"><a class=\"wp-block-pages-list__item__link\" href=\"https:\/\/bibliapresente.com\/postagens\/livros-da-biblia\/genesis\/genesis-11-a-torre-de-babel\/\">G\u00eanesis 11 &#8211; A Torre de Babel<\/a><\/li><li class=\"wp-block-pages-list__item\"><a class=\"wp-block-pages-list__item__link\" href=\"https:\/\/bibliapresente.com\/postagens\/livros-da-biblia\/genesis\/genesis-12-o-chamado-de-abraao\/\">G\u00eanesis 12 &#8211; O Chamado de Abra\u00e3o<\/a><\/li><li class=\"wp-block-pages-list__item\"><a class=\"wp-block-pages-list__item__link\" href=\"https:\/\/bibliapresente.com\/postagens\/livros-da-biblia\/genesis\/genesis-13-a-separacao-de-abrao-e-lo\/\">G\u00eanesis 13 &#8211; A Separa\u00e7\u00e3o de Abr\u00e3o e L\u00f3<\/a><\/li><li class=\"wp-block-pages-list__item\"><a class=\"wp-block-pages-list__item__link\" href=\"https:\/\/bibliapresente.com\/postagens\/livros-da-biblia\/genesis\/genesis-14\/\">G\u00eanesis 14 &#8211; A B\u00ean\u00e7\u00e3o de Melquisedeque<\/a><\/li><li class=\"wp-block-pages-list__item\"><a class=\"wp-block-pages-list__item__link\" href=\"https:\/\/bibliapresente.com\/postagens\/livros-da-biblia\/genesis\/genesis-15\/\">G\u00eanesis 15 &#8211; A Alian\u00e7a de Deus com Abr\u00e3o<\/a><\/li><li class=\"wp-block-pages-list__item\"><a class=\"wp-block-pages-list__item__link\" href=\"https:\/\/bibliapresente.com\/postagens\/livros-da-biblia\/genesis\/genesis-16\/\">G\u00eanesis 16 &#8211; O Nascimento de Ismael<\/a><\/li><li class=\"wp-block-pages-list__item\"><a class=\"wp-block-pages-list__item__link\" href=\"https:\/\/bibliapresente.com\/postagens\/livros-da-biblia\/genesis\/genesis-17\/\">G\u00eanesis 17 &#8211; A Institui\u00e7\u00e3o da Circuncis\u00e3o<\/a><\/li><li class=\"wp-block-pages-list__item\"><a class=\"wp-block-pages-list__item__link\" href=\"https:\/\/bibliapresente.com\/postagens\/livros-da-biblia\/genesis\/genesis-18\/\">G\u00eanesis 18 &#8211; A Visita dos Tr\u00eas Anjos<\/a><\/li><li class=\"wp-block-pages-list__item\"><a class=\"wp-block-pages-list__item__link\" href=\"https:\/\/bibliapresente.com\/postagens\/livros-da-biblia\/genesis\/genesis-19\/\">G\u00eanesis 19 &#8211; Sodoma e Gomorra<\/a><\/li><li class=\"wp-block-pages-list__item\"><a class=\"wp-block-pages-list__item__link\" href=\"https:\/\/bibliapresente.com\/postagens\/livros-da-biblia\/genesis\/genesis-20\/\">G\u00eanesis 20 &#8211; Abra\u00e3o e Abimeleque<\/a><\/li><li class=\"wp-block-pages-list__item\"><a class=\"wp-block-pages-list__item__link\" href=\"https:\/\/bibliapresente.com\/postagens\/livros-da-biblia\/genesis\/genesis-21\/\">G\u00eanesis 21 &#8211; O Nascimento de Isaque<\/a><\/li><li class=\"wp-block-pages-list__item\"><a class=\"wp-block-pages-list__item__link\" href=\"https:\/\/bibliapresente.com\/postagens\/livros-da-biblia\/genesis\/genesis-22\/\">G\u00eanesis 22 &#8211; O Sacrif\u00edcio de Isaque<\/a><\/li><li class=\"wp-block-pages-list__item\"><a class=\"wp-block-pages-list__item__link\" href=\"https:\/\/bibliapresente.com\/postagens\/livros-da-biblia\/genesis\/genesis-23\/\">G\u00eanesis 23 &#8211; A Morte de Sara<\/a><\/li><li class=\"wp-block-pages-list__item\"><a class=\"wp-block-pages-list__item__link\" href=\"https:\/\/bibliapresente.com\/postagens\/livros-da-biblia\/genesis\/genesis-24\/\">G\u00eanesis 24 &#8211; O Casamento de Isaque<\/a><\/li><li class=\"wp-block-pages-list__item\"><a class=\"wp-block-pages-list__item__link\" href=\"https:\/\/bibliapresente.com\/postagens\/livros-da-biblia\/genesis\/genesis-25\/\">G\u00eanesis 25 &#8211; O Nascimento de Esa\u00fa e Jac\u00f3<\/a><\/li><li class=\"wp-block-pages-list__item\"><a class=\"wp-block-pages-list__item__link\" href=\"https:\/\/bibliapresente.com\/postagens\/livros-da-biblia\/genesis\/genesis-26\/\">G\u00eanesis 26 &#8211; As Promessas de Deus a Isaque<\/a><\/li><li class=\"wp-block-pages-list__item\"><a class=\"wp-block-pages-list__item__link\" href=\"https:\/\/bibliapresente.com\/postagens\/livros-da-biblia\/genesis\/genesis-27\/\">G\u00eanesis 27 &#8211; Jac\u00f3 Engana Isaque<\/a><\/li><li class=\"wp-block-pages-list__item\"><a class=\"wp-block-pages-list__item__link\" href=\"https:\/\/bibliapresente.com\/postagens\/livros-da-biblia\/genesis\/genesis-28\/\">G\u00eanesis 28 &#8211; O Sonho de Jac\u00f3 em Betel<\/a><\/li><li class=\"wp-block-pages-list__item\"><a class=\"wp-block-pages-list__item__link\" href=\"https:\/\/bibliapresente.com\/postagens\/livros-da-biblia\/genesis\/genesis-29\/\">G\u00eanesis 29 &#8211; Jac\u00f3 e as Filhas de Lab\u00e3o<\/a><\/li><li class=\"wp-block-pages-list__item\"><a class=\"wp-block-pages-list__item__link\" href=\"https:\/\/bibliapresente.com\/postagens\/livros-da-biblia\/genesis\/genesis-30\/\">G\u00eanesis 30 &#8211; O Acordo de Jac\u00f3 com Lab\u00e3o<\/a><\/li><li class=\"wp-block-pages-list__item\"><a class=\"wp-block-pages-list__item__link\" href=\"https:\/\/bibliapresente.com\/postagens\/livros-da-biblia\/genesis\/genesis-31\/\">G\u00eanesis 31 &#8211; A Fuga de Jac\u00f3<\/a><\/li><li class=\"wp-block-pages-list__item\"><a class=\"wp-block-pages-list__item__link\" href=\"https:\/\/bibliapresente.com\/postagens\/livros-da-biblia\/genesis\/genesis-32\/\">G\u00eanesis 32 &#8211; A Luta de Jac\u00f3 com O Anjo<\/a><\/li><li class=\"wp-block-pages-list__item\"><a class=\"wp-block-pages-list__item__link\" href=\"https:\/\/bibliapresente.com\/postagens\/livros-da-biblia\/genesis\/genesis-33\/\">G\u00eanesis 33 &#8211; A Reconcilia\u00e7\u00e3o de Jac\u00f3 e Esa\u00fa<\/a><\/li><li class=\"wp-block-pages-list__item\"><a class=\"wp-block-pages-list__item__link\" href=\"https:\/\/bibliapresente.com\/postagens\/livros-da-biblia\/genesis\/genesis-34\/\">G\u00eanesis 34 &#8211; O Caso de Din\u00e1<\/a><\/li><li class=\"wp-block-pages-list__item\"><a class=\"wp-block-pages-list__item__link\" href=\"https:\/\/bibliapresente.com\/postagens\/livros-da-biblia\/genesis\/genesis-35\/\">G\u00eanesis 35 &#8211; A Consagra\u00e7\u00e3o de Jac\u00f3 em Betel<\/a><\/li><li class=\"wp-block-pages-list__item\"><a class=\"wp-block-pages-list__item__link\" href=\"https:\/\/bibliapresente.com\/postagens\/livros-da-biblia\/genesis\/genesis-36\/\">G\u00eanesis 36 &#8211; Os Descendentes de Esa\u00fa<\/a><\/li><li class=\"wp-block-pages-list__item\"><a class=\"wp-block-pages-list__item__link\" href=\"https:\/\/bibliapresente.com\/postagens\/livros-da-biblia\/genesis\/genesis-37\/\">G\u00eanesis 37 &#8211; Jos\u00e9 Vendido como Escravo<\/a><\/li><li class=\"wp-block-pages-list__item\"><a class=\"wp-block-pages-list__item__link\" href=\"https:\/\/bibliapresente.com\/postagens\/livros-da-biblia\/genesis\/genesis-38\/\">G\u00eanesis 38 &#8211; Jud\u00e1 e Tamar<\/a><\/li><li class=\"wp-block-pages-list__item\"><a class=\"wp-block-pages-list__item__link\" href=\"https:\/\/bibliapresente.com\/postagens\/livros-da-biblia\/genesis\/genesis-39\/\">G\u00eanesis 39 &#8211; Jos\u00e9 na Casa de Potifar<\/a><\/li><li class=\"wp-block-pages-list__item\"><a class=\"wp-block-pages-list__item__link\" href=\"https:\/\/bibliapresente.com\/postagens\/livros-da-biblia\/genesis\/genesis-40\/\">G\u00eanesis 40 &#8211; Jos\u00e9 Interpreta Sonhos<\/a><\/li><li class=\"wp-block-pages-list__item\"><a class=\"wp-block-pages-list__item__link\" href=\"https:\/\/bibliapresente.com\/postagens\/livros-da-biblia\/genesis\/genesis-41\/\">G\u00eanesis 41 &#8211; O Sonho do Fara\u00f3<\/a><\/li><li class=\"wp-block-pages-list__item\"><a class=\"wp-block-pages-list__item__link\" href=\"https:\/\/bibliapresente.com\/postagens\/livros-da-biblia\/genesis\/genesis-42\/\">G\u00eanesis 42 &#8211; Os Irm\u00e3os de Jos\u00e9 no Egito<\/a><\/li><li class=\"wp-block-pages-list__item\"><a class=\"wp-block-pages-list__item__link\" href=\"https:\/\/bibliapresente.com\/postagens\/livros-da-biblia\/genesis\/genesis-43\/\">G\u00eanesis 43 &#8211; Benjamim Vai ao Egito<\/a><\/li><li class=\"wp-block-pages-list__item\"><a class=\"wp-block-pages-list__item__link\" href=\"https:\/\/bibliapresente.com\/postagens\/livros-da-biblia\/genesis\/genesis-44\/\">G\u00eanesis 44 &#8211; O Sacrif\u00edcio de Jud\u00e1<\/a><\/li><li class=\"wp-block-pages-list__item\"><a class=\"wp-block-pages-list__item__link\" href=\"https:\/\/bibliapresente.com\/postagens\/livros-da-biblia\/genesis\/genesis-45\/\">G\u00eanesis 45 &#8211; Jos\u00e9 se Revela a seus Irm\u00e3os<\/a><\/li><li class=\"wp-block-pages-list__item\"><a class=\"wp-block-pages-list__item__link\" href=\"https:\/\/bibliapresente.com\/postagens\/livros-da-biblia\/genesis\/genesis-46\/\">G\u00eanesis 46 &#8211; A Viagem de Jac\u00f3 ao Egito<\/a><\/li><li class=\"wp-block-pages-list__item\"><a class=\"wp-block-pages-list__item__link\" href=\"https:\/\/bibliapresente.com\/postagens\/livros-da-biblia\/genesis\/genesis-47\/\">G\u00eanesis 47 &#8211; Jac\u00f3 Aben\u00e7oa o Fara\u00f3<\/a><\/li><li class=\"wp-block-pages-list__item\"><a class=\"wp-block-pages-list__item__link\" href=\"https:\/\/bibliapresente.com\/postagens\/livros-da-biblia\/genesis\/genesis-48\/\">G\u00eanesis 48 &#8211; Jac\u00f3 Aben\u00e7oa os Filhos de Jos\u00e9<\/a><\/li><li class=\"wp-block-pages-list__item\"><a class=\"wp-block-pages-list__item__link\" href=\"https:\/\/bibliapresente.com\/postagens\/livros-da-biblia\/genesis\/genesis-49\/\">G\u00eanesis 49 &#8211; B\u00ean\u00e7\u00e3os de Jac\u00f3 a Seus Filhos<\/a><\/li><li class=\"wp-block-pages-list__item\"><a class=\"wp-block-pages-list__item__link\" href=\"https:\/\/bibliapresente.com\/postagens\/livros-da-biblia\/genesis\/genesis-50\/\">G\u00eanesis 50 &#8211; A Morte de Jac\u00f3<\/a><\/li><\/ul>","protected":false},"excerpt":{"rendered":"<p>1 E aconteceu depois destas coisas, que o copeiro do rei do Egito e o padeiro transgrediram contra seu senhor o rei do Egito. 2 E irou-se Fara\u00f3 contra seus dois eunucos, contra o principal dos copeiros, e contra o principal dos padeiros: 3 E os p\u00f4s em pris\u00e3o na casa do capit\u00e3o dos da &hellip; <\/p>\n","protected":false},"author":2,"featured_media":263,"parent":233,"menu_order":40,"comment_status":"closed","ping_status":"closed","template":"","meta":{"om_disable_all_campaigns":false,"_monsterinsights_skip_tracking":false,"_monsterinsights_sitenote_active":false,"_monsterinsights_sitenote_note":"","_monsterinsights_sitenote_category":0,"footnotes":""},"class_list":["post-368","page","type-page","status-publish","has-post-thumbnail","hentry"],"aioseo_notices":[],"_links":{"self":[{"href":"https:\/\/bibliapresente.com\/postagens\/wp-json\/wp\/v2\/pages\/368","targetHints":{"allow":["GET"]}}],"collection":[{"href":"https:\/\/bibliapresente.com\/postagens\/wp-json\/wp\/v2\/pages"}],"about":[{"href":"https:\/\/bibliapresente.com\/postagens\/wp-json\/wp\/v2\/types\/page"}],"author":[{"embeddable":true,"href":"https:\/\/bibliapresente.com\/postagens\/wp-json\/wp\/v2\/users\/2"}],"replies":[{"embeddable":true,"href":"https:\/\/bibliapresente.com\/postagens\/wp-json\/wp\/v2\/comments?post=368"}],"version-history":[{"count":5,"href":"https:\/\/bibliapresente.com\/postagens\/wp-json\/wp\/v2\/pages\/368\/revisions"}],"predecessor-version":[{"id":563,"href":"https:\/\/bibliapresente.com\/postagens\/wp-json\/wp\/v2\/pages\/368\/revisions\/563"}],"up":[{"embeddable":true,"href":"https:\/\/bibliapresente.com\/postagens\/wp-json\/wp\/v2\/pages\/233"}],"wp:featuredmedia":[{"embeddable":true,"href":"https:\/\/bibliapresente.com\/postagens\/wp-json\/wp\/v2\/media\/263"}],"wp:attachment":[{"href":"https:\/\/bibliapresente.com\/postagens\/wp-json\/wp\/v2\/media?parent=368"}],"curies":[{"name":"wp","href":"https:\/\/api.w.org\/{rel}","templated":true}]}}