{"id":364,"date":"2025-01-04T19:45:20","date_gmt":"2025-01-04T22:45:20","guid":{"rendered":"https:\/\/bibliapresente.com\/postagens\/?page_id=364"},"modified":"2025-01-04T19:45:21","modified_gmt":"2025-01-04T22:45:21","slug":"genesis-38","status":"publish","type":"page","link":"https:\/\/bibliapresente.com\/postagens\/livros-da-biblia\/genesis\/genesis-38\/","title":{"rendered":"G\u00eanesis 38 &#8211; Jud\u00e1 e Tamar"},"content":{"rendered":"\n<p class=\"has-medium-font-size\" style=\"letter-spacing:1px\"><span><span><sup><b>1<\/b><\/sup><\/span> E aconteceu naquele tempo, que Jud\u00e1 desceu da presen\u00e7a de seus irm\u00e3os, e foi-se a um homem adulamita, que se chamava Hira. <\/span><br><span><span><sup><b>2<\/b><\/sup><\/span> E viu ali Jud\u00e1 a filha de um homem cananeu, o qual se chamava Sua; e tomou-a, e se deitou com ela: <\/span><br><span><span><sup><b>3<\/b><\/sup><\/span> A qual concebeu, e deu \u00e0 luz um filho; e chamou seu nome Er. <\/span><br><span><span><sup><b>4<\/b><\/sup><\/span> E concebeu outra vez, e deu \u00e0 luz um filho, e chamou seu nome On\u00e3. <\/span><br><span><span><sup><b>5<\/b><\/sup><\/span> E voltou a conceber, e deu \u00e0 luz um filho, e chamou seu nome Sel\u00e1. E estava em Quezibe quando o deu \u00e0 luz. <\/span><br><span><span><sup><b>6<\/b><\/sup><\/span> E Jud\u00e1 tomou mulher para seu primog\u00eanito Er, a qual se chamava Tamar. <\/span><br><span><span><sup><b>7<\/b><\/sup><\/span> E Er, o primog\u00eanito de Jud\u00e1, foi mau aos olhos do SENHOR, e tirou-lhe o SENHOR a vida. <\/span><br><span><span><sup><b>8<\/b><\/sup><\/span> Ent\u00e3o Jud\u00e1 disse a On\u00e3: Deita-te com mulher de teu irm\u00e3o, e casa-te com ela, e suscita descend\u00eancia a teu irm\u00e3o. <\/span><br><span><span><sup><b>9<\/b><\/sup><\/span> E sabendo On\u00e3 que a descend\u00eancia n\u00e3o havia de ser sua, sucedia que quando se deitava com mulher de seu irm\u00e3o derramava em terra, para n\u00e3o dar descend\u00eancia a seu irm\u00e3o. <\/span><br><span><span><sup><b>10<\/b><\/sup><\/span> E desagradou aos olhos do SENHOR o que fazia, e tamb\u00e9m tirou a ele a vida. <\/span><br><span><span><sup><b>11<\/b><\/sup><\/span> E Jud\u00e1 disse a Tamar sua nora: Fica-te vi\u00fava em casa de teu pai, at\u00e9 que cres\u00e7a Sel\u00e1 meu filho; porque disse: Para que n\u00e3o aconte\u00e7a que morra ele tamb\u00e9m como seus irm\u00e3os. E foi-se Tamar, e ficou em casa de seu pai. <\/span><br><span><span><sup><b>12<\/b><\/sup><\/span> E passaram muitos dias, e morreu a filha de Sua, mulher de Jud\u00e1; e Jud\u00e1 se consolou, e subia aos tosquiadores de suas ovelhas a Timna, ele e seu amigo Hira o adulamita. <\/span><br><span><span><sup><b>13<\/b><\/sup><\/span> E foi dado aviso a Tamar, dizendo: Eis que teu sogro sobe a Timna a tosquiar suas ovelhas. <\/span><br><span><span><sup><b>14<\/b><\/sup><\/span> Ent\u00e3o tirou ela de sobre si as roupas de sua viuvez, e cobriu-se com um v\u00e9u, e envolveu-se, e se p\u00f4s \u00e0 porta das \u00e1guas que est\u00e3o junto ao caminho de Timna; porque via que havia crescido Sel\u00e1, e ela n\u00e3o era dada a ele por mulher. <\/span><br><span><span><sup><b>15<\/b><\/sup><\/span> E viu-a Jud\u00e1, e teve-a por prostituta, porque havia ela coberto seu rosto. <\/span><br><span><span><sup><b>16<\/b><\/sup><\/span> E desviou-se do caminho at\u00e9 ela, e disse-lhe: Eia, pois, agora deitarei contigo; porque n\u00e3o sabia que era sua nora; e ela disse: Que me dar\u00e1s, se deitares comigo? <\/span><br><span><span><sup><b>17<\/b><\/sup><\/span> Ele respondeu: Eu te enviarei do gado um cabrito das cabras. E ela disse: Ter\u00e1s de me dar penhor at\u00e9 que o envies. <\/span><br><span><span><sup><b>18<\/b><\/sup><\/span> Ent\u00e3o ele disse: Que penhor te darei? Ela respondeu: Teu anel, e teu manto, e teu bord\u00e3o que tens em tua m\u00e3o. E ele lhe deu, e se deitou com ela, a qual concebeu dele. <\/span><br><span><span><sup><b>19<\/b><\/sup><\/span> E levantou-se, e foi-se: e tirou o v\u00e9u de sobre si, e vestiu-se das roupas de sua viuvez. <\/span><br><span><span><sup><b>20<\/b><\/sup><\/span> E Jud\u00e1 enviou o cabrito das cabras por meio de seu amigo o adulamita, para que tomasse o penhor da m\u00e3o da mulher; mas n\u00e3o a achou. <\/span><br><span><span><sup><b>21<\/b><\/sup><\/span> E perguntou aos homens daquele lugar, dizendo: Onde est\u00e1 a prostituta das \u00e1guas junto ao caminho? E eles lhe disseram: N\u00e3o esteve aqui prostituta. <\/span><br><span><span><sup><b>22<\/b><\/sup><\/span> Ent\u00e3o ele se voltou a Jud\u00e1, e disse: N\u00e3o a achei; e tamb\u00e9m os homens do lugar disseram: Aqui n\u00e3o esteve prostituta. <\/span><br><span><span><sup><b>23<\/b><\/sup><\/span> E Jud\u00e1 disse: Tome ela dessas coisas para si, para que n\u00e3o sejamos menosprezados: eis que eu enviei este cabrito, e tu n\u00e3o a achaste. <\/span><br><span><span><sup><b>24<\/b><\/sup><\/span> E aconteceu que ao fim de uns tr\u00eas meses foi dado aviso a Jud\u00e1, dizendo: Tamar tua nora cometeu imoralidade sexual, e al\u00e9m disso est\u00e1 gr\u00e1vida das promiscuidades. E Jud\u00e1 disse: Tirai-a, e seja queimada. <\/span><br><span><span><sup><b>25<\/b><\/sup><\/span> E ela quando a tiravam, enviou a dizer a seu sogro: Do homem a quem pertence estas coisas, estou gr\u00e1vida: e disse mais: Olha agora a quem pertence estas coisas, o anel, e o manto, e o bord\u00e3o. <\/span><br><span><span><sup><b>26<\/b><\/sup><\/span> Ent\u00e3o Jud\u00e1 os reconheceu, e disse: Mais justa \u00e9 que eu, porquanto n\u00e3o a dei a Sel\u00e1 meu filho. E nunca mais a conheceu. <\/span><br><span><span><sup><b>27<\/b><\/sup><\/span> E aconteceu que ao tempo de dar \u00e0 luz, eis que havia dois em seu ventre. <\/span><br><span><span><sup><b>28<\/b><\/sup><\/span> E sucedeu, quando dava \u00e0 luz, que tirou a m\u00e3o um, e a parteira tomou e amarrou \u00e0 sua m\u00e3o um fio de escarlate, dizendo: Este saiu primeiro. <\/span><br><span><span><sup><b>29<\/b><\/sup><\/span> Por\u00e9m foi que voltando ele a recolher a m\u00e3o, eis que seu irm\u00e3o saiu; e ela disse: Como fizeste sobre ti rompimento? E chamou seu nome Perez. <\/span><br><span><span><sup><b>30<\/b><\/sup><\/span> E depois saiu seu irm\u00e3o, o que tinha em sua m\u00e3o o fio de escarlate, e chamou seu nome Zer\u00e1.<\/span><\/p>\n\n\n\n<div class=\"wp-block-columns is-layout-flex wp-container-core-columns-is-layout-9d6595d7 wp-block-columns-is-layout-flex\">\n<div class=\"wp-block-column is-layout-flow wp-block-column-is-layout-flow\">\n<p><a href=\"\/genesis-37\">G\u00eanesis 37<\/a><\/p>\n<\/div>\n\n\n\n<div class=\"wp-block-column is-layout-flow wp-block-column-is-layout-flow\">\n<p class=\"has-text-align-right\"><a href=\"\/genesis-39\">G\u00eanesis 39<\/a><\/p>\n<\/div>\n<\/div>\n\n\n\n<h2 class=\"wp-block-heading\">Descri\u00e7\u00e3o &#8211; G\u00eanesis 38<\/h2>\n\n\n\n<p class=\"has-medium-font-size\">G\u00eanesis 38 narra a hist\u00f3ria de Jud\u00e1 e Tamar, um relato importante dentro do livro de G\u00eanesis. Tamar, ap\u00f3s ser privada de um herdeiro conforme a lei do levirato, engana Jud\u00e1 para garantir sua descend\u00eancia. Este cap\u00edtulo destaca temas de justi\u00e7a, honra e a linha de descend\u00eancia que levaria ao nascimento do rei Davi e, posteriormente, de Jesus Cristo. A narrativa contrasta com a hist\u00f3ria de Jos\u00e9, evidenciando as complexas din\u00e2micas familiares dos filhos de Jac\u00f3.<\/p>\n\n\n\n<h3 class=\"wp-block-heading\">Livro do G\u00eanesis:<\/h3>\n\n\n<ul class=\"wp-block-page-list\"><li class=\"wp-block-pages-list__item\"><a class=\"wp-block-pages-list__item__link\" href=\"https:\/\/bibliapresente.com\/postagens\/livros-da-biblia\/genesis\/genesis-1\/\">G\u00eanesis 1 &#8211; A Cria\u00e7\u00e3o do Universo<\/a><\/li><li class=\"wp-block-pages-list__item\"><a class=\"wp-block-pages-list__item__link\" href=\"https:\/\/bibliapresente.com\/postagens\/livros-da-biblia\/genesis\/genesis-2\/\">G\u00eanesis 2 &#8211; O Jardim do \u00c9den<\/a><\/li><li class=\"wp-block-pages-list__item\"><a class=\"wp-block-pages-list__item__link\" href=\"https:\/\/bibliapresente.com\/postagens\/livros-da-biblia\/genesis\/genesis-3\/\">G\u00eanesis 3 &#8211; O Pecado Original<\/a><\/li><li class=\"wp-block-pages-list__item\"><a class=\"wp-block-pages-list__item__link\" href=\"https:\/\/bibliapresente.com\/postagens\/livros-da-biblia\/genesis\/genesis-4\/\">G\u00eanesis 4 &#8211; Caim e Abel<\/a><\/li><li class=\"wp-block-pages-list__item\"><a class=\"wp-block-pages-list__item__link\" href=\"https:\/\/bibliapresente.com\/postagens\/livros-da-biblia\/genesis\/genesis-5\/\">G\u00eanesis 5 &#8211; Genealogia de Ad\u00e3o a No\u00e9<\/a><\/li><li class=\"wp-block-pages-list__item\"><a class=\"wp-block-pages-list__item__link\" href=\"https:\/\/bibliapresente.com\/postagens\/livros-da-biblia\/genesis\/genesis-6-a-corrupcao-e-o-chamado-de-noe\/\">G\u00eanesis 6 &#8211; A Corrup\u00e7\u00e3o e o Chamado de No\u00e9<\/a><\/li><li class=\"wp-block-pages-list__item\"><a class=\"wp-block-pages-list__item__link\" href=\"https:\/\/bibliapresente.com\/postagens\/livros-da-biblia\/genesis\/genesis-7\/\">G\u00eanesis 7 &#8211; O Grande Dil\u00favio<\/a><\/li><li class=\"wp-block-pages-list__item\"><a class=\"wp-block-pages-list__item__link\" href=\"https:\/\/bibliapresente.com\/postagens\/livros-da-biblia\/genesis\/genesis-8\/\">G\u00eanesis 8 &#8211; As \u00c1guas do Dil\u00favio Recuam<\/a><\/li><li class=\"wp-block-pages-list__item\"><a class=\"wp-block-pages-list__item__link\" href=\"https:\/\/bibliapresente.com\/postagens\/livros-da-biblia\/genesis\/genesis-9\/\">G\u00eanesis 9 &#8211; A Grande Alian\u00e7a do Arco-\u00cdris<\/a><\/li><li class=\"wp-block-pages-list__item\"><a class=\"wp-block-pages-list__item__link\" href=\"https:\/\/bibliapresente.com\/postagens\/livros-da-biblia\/genesis\/genesis-10-as-nacoes-descendentes-de-noe\/\">G\u00eanesis 10 &#8211; As Na\u00e7\u00f5es Descendentes de No\u00e9<\/a><\/li><li class=\"wp-block-pages-list__item\"><a class=\"wp-block-pages-list__item__link\" href=\"https:\/\/bibliapresente.com\/postagens\/livros-da-biblia\/genesis\/genesis-11-a-torre-de-babel\/\">G\u00eanesis 11 &#8211; A Torre de Babel<\/a><\/li><li class=\"wp-block-pages-list__item\"><a class=\"wp-block-pages-list__item__link\" href=\"https:\/\/bibliapresente.com\/postagens\/livros-da-biblia\/genesis\/genesis-12-o-chamado-de-abraao\/\">G\u00eanesis 12 &#8211; O Chamado de Abra\u00e3o<\/a><\/li><li class=\"wp-block-pages-list__item\"><a class=\"wp-block-pages-list__item__link\" href=\"https:\/\/bibliapresente.com\/postagens\/livros-da-biblia\/genesis\/genesis-13-a-separacao-de-abrao-e-lo\/\">G\u00eanesis 13 &#8211; A Separa\u00e7\u00e3o de Abr\u00e3o e L\u00f3<\/a><\/li><li class=\"wp-block-pages-list__item\"><a class=\"wp-block-pages-list__item__link\" href=\"https:\/\/bibliapresente.com\/postagens\/livros-da-biblia\/genesis\/genesis-14\/\">G\u00eanesis 14 &#8211; A B\u00ean\u00e7\u00e3o de Melquisedeque<\/a><\/li><li class=\"wp-block-pages-list__item\"><a class=\"wp-block-pages-list__item__link\" href=\"https:\/\/bibliapresente.com\/postagens\/livros-da-biblia\/genesis\/genesis-15\/\">G\u00eanesis 15 &#8211; A Alian\u00e7a de Deus com Abr\u00e3o<\/a><\/li><li class=\"wp-block-pages-list__item\"><a class=\"wp-block-pages-list__item__link\" href=\"https:\/\/bibliapresente.com\/postagens\/livros-da-biblia\/genesis\/genesis-16\/\">G\u00eanesis 16 &#8211; O Nascimento de Ismael<\/a><\/li><li class=\"wp-block-pages-list__item\"><a class=\"wp-block-pages-list__item__link\" href=\"https:\/\/bibliapresente.com\/postagens\/livros-da-biblia\/genesis\/genesis-17\/\">G\u00eanesis 17 &#8211; A Institui\u00e7\u00e3o da Circuncis\u00e3o<\/a><\/li><li class=\"wp-block-pages-list__item\"><a class=\"wp-block-pages-list__item__link\" href=\"https:\/\/bibliapresente.com\/postagens\/livros-da-biblia\/genesis\/genesis-18\/\">G\u00eanesis 18 &#8211; A Visita dos Tr\u00eas Anjos<\/a><\/li><li class=\"wp-block-pages-list__item\"><a class=\"wp-block-pages-list__item__link\" href=\"https:\/\/bibliapresente.com\/postagens\/livros-da-biblia\/genesis\/genesis-19\/\">G\u00eanesis 19 &#8211; Sodoma e Gomorra<\/a><\/li><li class=\"wp-block-pages-list__item\"><a class=\"wp-block-pages-list__item__link\" href=\"https:\/\/bibliapresente.com\/postagens\/livros-da-biblia\/genesis\/genesis-20\/\">G\u00eanesis 20 &#8211; Abra\u00e3o e Abimeleque<\/a><\/li><li class=\"wp-block-pages-list__item\"><a class=\"wp-block-pages-list__item__link\" href=\"https:\/\/bibliapresente.com\/postagens\/livros-da-biblia\/genesis\/genesis-21\/\">G\u00eanesis 21 &#8211; O Nascimento de Isaque<\/a><\/li><li class=\"wp-block-pages-list__item\"><a class=\"wp-block-pages-list__item__link\" href=\"https:\/\/bibliapresente.com\/postagens\/livros-da-biblia\/genesis\/genesis-22\/\">G\u00eanesis 22 &#8211; O Sacrif\u00edcio de Isaque<\/a><\/li><li class=\"wp-block-pages-list__item\"><a class=\"wp-block-pages-list__item__link\" href=\"https:\/\/bibliapresente.com\/postagens\/livros-da-biblia\/genesis\/genesis-23\/\">G\u00eanesis 23 &#8211; A Morte de Sara<\/a><\/li><li class=\"wp-block-pages-list__item\"><a class=\"wp-block-pages-list__item__link\" href=\"https:\/\/bibliapresente.com\/postagens\/livros-da-biblia\/genesis\/genesis-24\/\">G\u00eanesis 24 &#8211; O Casamento de Isaque<\/a><\/li><li class=\"wp-block-pages-list__item\"><a class=\"wp-block-pages-list__item__link\" href=\"https:\/\/bibliapresente.com\/postagens\/livros-da-biblia\/genesis\/genesis-25\/\">G\u00eanesis 25 &#8211; O Nascimento de Esa\u00fa e Jac\u00f3<\/a><\/li><li class=\"wp-block-pages-list__item\"><a class=\"wp-block-pages-list__item__link\" href=\"https:\/\/bibliapresente.com\/postagens\/livros-da-biblia\/genesis\/genesis-26\/\">G\u00eanesis 26 &#8211; As Promessas de Deus a Isaque<\/a><\/li><li class=\"wp-block-pages-list__item\"><a class=\"wp-block-pages-list__item__link\" href=\"https:\/\/bibliapresente.com\/postagens\/livros-da-biblia\/genesis\/genesis-27\/\">G\u00eanesis 27 &#8211; Jac\u00f3 Engana Isaque<\/a><\/li><li class=\"wp-block-pages-list__item\"><a class=\"wp-block-pages-list__item__link\" href=\"https:\/\/bibliapresente.com\/postagens\/livros-da-biblia\/genesis\/genesis-28\/\">G\u00eanesis 28 &#8211; O Sonho de Jac\u00f3 em Betel<\/a><\/li><li class=\"wp-block-pages-list__item\"><a class=\"wp-block-pages-list__item__link\" href=\"https:\/\/bibliapresente.com\/postagens\/livros-da-biblia\/genesis\/genesis-29\/\">G\u00eanesis 29 &#8211; Jac\u00f3 e as Filhas de Lab\u00e3o<\/a><\/li><li class=\"wp-block-pages-list__item\"><a class=\"wp-block-pages-list__item__link\" href=\"https:\/\/bibliapresente.com\/postagens\/livros-da-biblia\/genesis\/genesis-30\/\">G\u00eanesis 30 &#8211; O Acordo de Jac\u00f3 com Lab\u00e3o<\/a><\/li><li class=\"wp-block-pages-list__item\"><a class=\"wp-block-pages-list__item__link\" href=\"https:\/\/bibliapresente.com\/postagens\/livros-da-biblia\/genesis\/genesis-31\/\">G\u00eanesis 31 &#8211; A Fuga de Jac\u00f3<\/a><\/li><li class=\"wp-block-pages-list__item\"><a class=\"wp-block-pages-list__item__link\" href=\"https:\/\/bibliapresente.com\/postagens\/livros-da-biblia\/genesis\/genesis-32\/\">G\u00eanesis 32 &#8211; A Luta de Jac\u00f3 com O Anjo<\/a><\/li><li class=\"wp-block-pages-list__item\"><a class=\"wp-block-pages-list__item__link\" href=\"https:\/\/bibliapresente.com\/postagens\/livros-da-biblia\/genesis\/genesis-33\/\">G\u00eanesis 33 &#8211; A Reconcilia\u00e7\u00e3o de Jac\u00f3 e Esa\u00fa<\/a><\/li><li class=\"wp-block-pages-list__item\"><a class=\"wp-block-pages-list__item__link\" href=\"https:\/\/bibliapresente.com\/postagens\/livros-da-biblia\/genesis\/genesis-34\/\">G\u00eanesis 34 &#8211; O Caso de Din\u00e1<\/a><\/li><li class=\"wp-block-pages-list__item\"><a class=\"wp-block-pages-list__item__link\" href=\"https:\/\/bibliapresente.com\/postagens\/livros-da-biblia\/genesis\/genesis-35\/\">G\u00eanesis 35 &#8211; A Consagra\u00e7\u00e3o de Jac\u00f3 em Betel<\/a><\/li><li class=\"wp-block-pages-list__item\"><a class=\"wp-block-pages-list__item__link\" href=\"https:\/\/bibliapresente.com\/postagens\/livros-da-biblia\/genesis\/genesis-36\/\">G\u00eanesis 36 &#8211; Os Descendentes de Esa\u00fa<\/a><\/li><li class=\"wp-block-pages-list__item\"><a class=\"wp-block-pages-list__item__link\" href=\"https:\/\/bibliapresente.com\/postagens\/livros-da-biblia\/genesis\/genesis-37\/\">G\u00eanesis 37 &#8211; Jos\u00e9 Vendido como Escravo<\/a><\/li><li class=\"wp-block-pages-list__item\"><a class=\"wp-block-pages-list__item__link\" href=\"https:\/\/bibliapresente.com\/postagens\/livros-da-biblia\/genesis\/genesis-38\/\">G\u00eanesis 38 &#8211; Jud\u00e1 e Tamar<\/a><\/li><li class=\"wp-block-pages-list__item\"><a class=\"wp-block-pages-list__item__link\" href=\"https:\/\/bibliapresente.com\/postagens\/livros-da-biblia\/genesis\/genesis-39\/\">G\u00eanesis 39 &#8211; Jos\u00e9 na Casa de Potifar<\/a><\/li><li class=\"wp-block-pages-list__item\"><a class=\"wp-block-pages-list__item__link\" href=\"https:\/\/bibliapresente.com\/postagens\/livros-da-biblia\/genesis\/genesis-40\/\">G\u00eanesis 40 &#8211; Jos\u00e9 Interpreta Sonhos<\/a><\/li><li class=\"wp-block-pages-list__item\"><a class=\"wp-block-pages-list__item__link\" href=\"https:\/\/bibliapresente.com\/postagens\/livros-da-biblia\/genesis\/genesis-41\/\">G\u00eanesis 41 &#8211; O Sonho do Fara\u00f3<\/a><\/li><li class=\"wp-block-pages-list__item\"><a class=\"wp-block-pages-list__item__link\" href=\"https:\/\/bibliapresente.com\/postagens\/livros-da-biblia\/genesis\/genesis-42\/\">G\u00eanesis 42 &#8211; Os Irm\u00e3os de Jos\u00e9 no Egito<\/a><\/li><li class=\"wp-block-pages-list__item\"><a class=\"wp-block-pages-list__item__link\" href=\"https:\/\/bibliapresente.com\/postagens\/livros-da-biblia\/genesis\/genesis-43\/\">G\u00eanesis 43 &#8211; Benjamim Vai ao Egito<\/a><\/li><li class=\"wp-block-pages-list__item\"><a class=\"wp-block-pages-list__item__link\" href=\"https:\/\/bibliapresente.com\/postagens\/livros-da-biblia\/genesis\/genesis-44\/\">G\u00eanesis 44 &#8211; O Sacrif\u00edcio de Jud\u00e1<\/a><\/li><li class=\"wp-block-pages-list__item\"><a class=\"wp-block-pages-list__item__link\" href=\"https:\/\/bibliapresente.com\/postagens\/livros-da-biblia\/genesis\/genesis-45\/\">G\u00eanesis 45 &#8211; Jos\u00e9 se Revela a seus Irm\u00e3os<\/a><\/li><li class=\"wp-block-pages-list__item\"><a class=\"wp-block-pages-list__item__link\" href=\"https:\/\/bibliapresente.com\/postagens\/livros-da-biblia\/genesis\/genesis-46\/\">G\u00eanesis 46 &#8211; A Viagem de Jac\u00f3 ao Egito<\/a><\/li><li class=\"wp-block-pages-list__item\"><a class=\"wp-block-pages-list__item__link\" href=\"https:\/\/bibliapresente.com\/postagens\/livros-da-biblia\/genesis\/genesis-47\/\">G\u00eanesis 47 &#8211; Jac\u00f3 Aben\u00e7oa o Fara\u00f3<\/a><\/li><li class=\"wp-block-pages-list__item\"><a class=\"wp-block-pages-list__item__link\" href=\"https:\/\/bibliapresente.com\/postagens\/livros-da-biblia\/genesis\/genesis-48\/\">G\u00eanesis 48 &#8211; Jac\u00f3 Aben\u00e7oa os Filhos de Jos\u00e9<\/a><\/li><li class=\"wp-block-pages-list__item\"><a class=\"wp-block-pages-list__item__link\" href=\"https:\/\/bibliapresente.com\/postagens\/livros-da-biblia\/genesis\/genesis-49\/\">G\u00eanesis 49 &#8211; B\u00ean\u00e7\u00e3os de Jac\u00f3 a Seus Filhos<\/a><\/li><li class=\"wp-block-pages-list__item\"><a class=\"wp-block-pages-list__item__link\" href=\"https:\/\/bibliapresente.com\/postagens\/livros-da-biblia\/genesis\/genesis-50\/\">G\u00eanesis 50 &#8211; A Morte de Jac\u00f3<\/a><\/li><\/ul>","protected":false},"excerpt":{"rendered":"<p>1 E aconteceu naquele tempo, que Jud\u00e1 desceu da presen\u00e7a de seus irm\u00e3os, e foi-se a um homem adulamita, que se chamava Hira. 2 E viu ali Jud\u00e1 a filha de um homem cananeu, o qual se chamava Sua; e tomou-a, e se deitou com ela: 3 A qual concebeu, e deu \u00e0 luz um &hellip; <\/p>\n","protected":false},"author":2,"featured_media":263,"parent":233,"menu_order":38,"comment_status":"closed","ping_status":"closed","template":"","meta":{"om_disable_all_campaigns":false,"_monsterinsights_skip_tracking":false,"_monsterinsights_sitenote_active":false,"_monsterinsights_sitenote_note":"","_monsterinsights_sitenote_category":0,"footnotes":""},"class_list":["post-364","page","type-page","status-publish","has-post-thumbnail","hentry"],"aioseo_notices":[],"_links":{"self":[{"href":"https:\/\/bibliapresente.com\/postagens\/wp-json\/wp\/v2\/pages\/364","targetHints":{"allow":["GET"]}}],"collection":[{"href":"https:\/\/bibliapresente.com\/postagens\/wp-json\/wp\/v2\/pages"}],"about":[{"href":"https:\/\/bibliapresente.com\/postagens\/wp-json\/wp\/v2\/types\/page"}],"author":[{"embeddable":true,"href":"https:\/\/bibliapresente.com\/postagens\/wp-json\/wp\/v2\/users\/2"}],"replies":[{"embeddable":true,"href":"https:\/\/bibliapresente.com\/postagens\/wp-json\/wp\/v2\/comments?post=364"}],"version-history":[{"count":5,"href":"https:\/\/bibliapresente.com\/postagens\/wp-json\/wp\/v2\/pages\/364\/revisions"}],"predecessor-version":[{"id":561,"href":"https:\/\/bibliapresente.com\/postagens\/wp-json\/wp\/v2\/pages\/364\/revisions\/561"}],"up":[{"embeddable":true,"href":"https:\/\/bibliapresente.com\/postagens\/wp-json\/wp\/v2\/pages\/233"}],"wp:featuredmedia":[{"embeddable":true,"href":"https:\/\/bibliapresente.com\/postagens\/wp-json\/wp\/v2\/media\/263"}],"wp:attachment":[{"href":"https:\/\/bibliapresente.com\/postagens\/wp-json\/wp\/v2\/media?parent=364"}],"curies":[{"name":"wp","href":"https:\/\/api.w.org\/{rel}","templated":true}]}}