{"id":362,"date":"2025-01-04T19:42:47","date_gmt":"2025-01-04T22:42:47","guid":{"rendered":"https:\/\/bibliapresente.com\/postagens\/?page_id=362"},"modified":"2025-01-04T19:42:48","modified_gmt":"2025-01-04T22:42:48","slug":"genesis-37","status":"publish","type":"page","link":"https:\/\/bibliapresente.com\/postagens\/livros-da-biblia\/genesis\/genesis-37\/","title":{"rendered":"G\u00eanesis 37 &#8211; Jos\u00e9 Vendido como Escravo"},"content":{"rendered":"\n<p class=\"has-medium-font-size\"><span><span><sup><b>1<\/b><\/sup><\/span> E habitou Jac\u00f3 na terra onde peregrinou seu pai, na terra de Cana\u00e3. <\/span><br><span><span><sup><b>2<\/b><\/sup><\/span> Estas foram as gera\u00e7\u00f5es de Jac\u00f3. Jos\u00e9, sendo de idade de dezessete anos apascentava as ovelhas com seus irm\u00e3os; e o jovem estava com os filhos de Bila, e com os filhos de Zilpa, mulheres de seu pai: e contava Jos\u00e9 a seu pai as m\u00e1s not\u00edcias acerca deles. <\/span><br><span><span><sup><b>3<\/b><\/sup><\/span> E amava Israel a Jos\u00e9 mais que a todos os seus filhos, porque lhe havia tido em sua velhice: e lhe fez uma roupa de diversas cores. <\/span><br><span><span><sup><b>4<\/b><\/sup><\/span> E vendo seus irm\u00e3os que seu pai o amava mais que a todos os seus irm\u00e3os, odiavam-lhe, e n\u00e3o lhe podiam falar pacificamente. <\/span><br><span><span><sup><b>5<\/b><\/sup><\/span> E sonhou Jos\u00e9 um sonho e contou-o a seus irm\u00e3os; e eles vieram a odiar-lhe mais ainda. <\/span><br><span><span><sup><b>6<\/b><\/sup><\/span> E ele lhes disse: Ouvi agora este sonho que sonhei: <\/span><br><span><span><sup><b>7<\/b><\/sup><\/span> Eis que at\u00e1vamos feixes no meio do campo, e eis que meu feixe se levantava, e estava em p\u00e9, e que vossos feixes estavam ao redor, e se inclinavam ao meu. <\/span><br><span><span><sup><b>8<\/b><\/sup><\/span> E responderam-lhe seus irm\u00e3os: Reinar\u00e1s tu sobre n\u00f3s, ou ser\u00e1s tu senhor sobre n\u00f3s? E o odiaram ainda mais por causa de seus sonhos e de suas palavras. <\/span><br><span><span><sup><b>9<\/b><\/sup><\/span> E sonhou ainda outro sonho, e contou-o a seus irm\u00e3os, dizendo: Eis que sonhei outro sonho, e eis que o sol e a lua e onze estrelas se inclinavam a mim. <\/span><br><span><span><sup><b>10<\/b><\/sup><\/span> E contou-o a seu pai e a seus irm\u00e3os: e seu pai lhe repreendeu, e disse-lhe: Que sonho \u00e9 este que sonhaste? Viremos eu e tua m\u00e3e, e teus irm\u00e3os, a nos inclinarmos a ti em terra? <\/span><br><span><span><sup><b>11<\/b><\/sup><\/span> E seus irm\u00e3os lhe tinham inveja, mas seu pai guardava isso em mente. <\/span><br><span><span><sup><b>12<\/b><\/sup><\/span> E foram seus irm\u00e3os a apascentar as ovelhas de seu pai em Siqu\u00e9m. <\/span><br><span><span><sup><b>13<\/b><\/sup><\/span> E disse Israel a Jos\u00e9: Teus irm\u00e3os apascentam as ovelhas em Siqu\u00e9m: vem, e te enviarei a eles. E ele respondeu: Eis-me aqui. <\/span><br><span><span><sup><b>14<\/b><\/sup><\/span> E ele lhe disse: Vai agora, olha como est\u00e3o teus irm\u00e3os e como est\u00e3o as ovelhas, e traze-me a resposta. E enviou-o do vale de Hebrom, e chegou a Siqu\u00e9m. <\/span><br><span><span><sup><b>15<\/b><\/sup><\/span> E achou-o um homem, andando ele perdido pelo campo, e perguntou-lhe aquele homem, dizendo: Que buscas? <\/span><br><span><span><sup><b>16<\/b><\/sup><\/span> E ele respondeu: Busco a meus irm\u00e3os: rogo-te que me mostres onde apascentam. <\/span><br><span><span><sup><b>17<\/b><\/sup><\/span> E aquele homem respondeu: J\u00e1 se foram daqui; eu lhes ouvi dizer: Vamos a Dot\u00e3. Ent\u00e3o Jos\u00e9 foi atr\u00e1s de seus irm\u00e3os, e achou-os em Dot\u00e3. <\/span><br><span><span><sup><b>18<\/b><\/sup><\/span> E quando eles o viram de longe, antes que perto deles chegasse, tramaram contra ele para matar-lhe. <\/span><br><span><span><sup><b>19<\/b><\/sup><\/span> E disseram um ao outro: Eis que vem o sonhador; <\/span><br><span><span><sup><b>20<\/b><\/sup><\/span> Agora, pois, vinde, e o matemos e o lancemos em uma cisterna, e diremos: Alguma fera selvagem o devorou: e veremos que ser\u00e3o seus sonhos. <\/span><br><span><span><sup><b>21<\/b><\/sup><\/span> E quando R\u00faben ouviu isto, livrou-o de suas m\u00e3os e disse: N\u00e3o o matemos. <\/span><br><span><span><sup><b>22<\/b><\/sup><\/span> E disse-lhes R\u00faben: N\u00e3o derrameis sangue; lan\u00e7ai-o nesta cisterna que est\u00e1 no deserto, e n\u00e3o ponhais m\u00e3o nele; para livr\u00e1-lo assim de suas m\u00e3os, para faz\u00ea-lo virar a seu pai. <\/span><br><span><span><sup><b>23<\/b><\/sup><\/span> E sucedeu que, quando chegou Jos\u00e9 a seus irm\u00e3os, eles fizeram desnudar a Jos\u00e9 sua roupa, a roupa de cores que tinha sobre si; <\/span><br><span><span><sup><b>24<\/b><\/sup><\/span> E tomaram-no, e lan\u00e7aram-lhe na cisterna; mas a cova estava vazia, n\u00e3o havia nela \u00e1gua. <\/span><br><span><span><sup><b>25<\/b><\/sup><\/span> E sentaram-se a comer p\u00e3o: e levantando os olhos olharam, e eis uma companhia de ismaelitas que vinha de Gileade, e seus camelos traziam aromas e b\u00e1lsamo e mirra, e iam a lev\u00e1-lo ao Egito. <\/span><br><span><span><sup><b>26<\/b><\/sup><\/span> Ent\u00e3o Jud\u00e1 disse a seus irm\u00e3os: Que proveito h\u00e1 em que matemos a nosso irm\u00e3o e encubramos sua morte? <\/span><br><span><span><sup><b>27<\/b><\/sup><\/span> Vinde, e o vendamos aos ismaelitas, e n\u00e3o seja nossa m\u00e3o sobre ele; que nosso irm\u00e3o \u00e9 nossa carne. E seus irm\u00e3os concordaram com ele. <\/span><br><span><span><sup><b>28<\/b><\/sup><\/span> E quando passavam os midianitas mercadores, tiraram eles a Jos\u00e9 da cisterna, e trouxeram-lhe acima, e o venderam aos ismaelitas por vinte pe\u00e7as de prata. E levaram a Jos\u00e9 ao Egito. <\/span><br><span><span><sup><b>29<\/b><\/sup><\/span> E R\u00faben voltou \u00e0 cisterna, e n\u00e3o achou a Jos\u00e9 dentro, e rasgou suas roupas. <\/span><br><span><span><sup><b>30<\/b><\/sup><\/span> E voltou a seus irm\u00e3os e disse: O jovem n\u00e3o aparece; e eu, aonde irei eu? <\/span><br><span><span><sup><b>31<\/b><\/sup><\/span> Ent\u00e3o eles tomaram a roupa de Jos\u00e9, e degolaram um cabrito das cabras, e tingiram a roupa com o sangue; <\/span><br><span><span><sup><b>32<\/b><\/sup><\/span> E enviaram a roupa de cores e trouxeram-na a seu pai, e disseram: Achamos isto, reconhece agora se \u00e9 ou n\u00e3o a roupa de teu filho. <\/span><br><span><span><sup><b>33<\/b><\/sup><\/span> E ele a reconheceu, e disse: A roupa de meu filho \u00e9; alguma fera selvagem o devorou; Jos\u00e9 foi despeda\u00e7ado. <\/span><br><span><span><sup><b>34<\/b><\/sup><\/span> Ent\u00e3o Jac\u00f3 rasgou suas roupas, e p\u00f4s saco sobre seus lombos, e fez luto por seu filho muitos dias. <\/span><br><span><span><sup><b>35<\/b><\/sup><\/span> E levantaram-se todos os seus filhos e todas as suas filhas para consol\u00e1-lo; mas ele n\u00e3o quis tomar consola\u00e7\u00e3o, e disse: Porque eu tenho de descer a meu filho com luto at\u00e9 \u00e0 sepultura. E chorou por ele seu pai. <\/span><br><span><span><sup><b>36<\/b><\/sup><\/span> E os midianitas o venderam no Egito a Potifar, oficial de Fara\u00f3, capit\u00e3o dos da guarda.<\/span><\/p>\n\n\n\n<div class=\"wp-block-columns is-layout-flex wp-container-core-columns-is-layout-9d6595d7 wp-block-columns-is-layout-flex\">\n<div class=\"wp-block-column is-layout-flow wp-block-column-is-layout-flow\">\n<p><a href=\"\/genesis-36\">G\u00eanesis 36<\/a><\/p>\n<\/div>\n\n\n\n<div class=\"wp-block-column is-layout-flow wp-block-column-is-layout-flow\">\n<p class=\"has-text-align-right\"><a href=\"\/genesis-38\">G\u00eanesis 38<\/a><\/p>\n<\/div>\n<\/div>\n\n\n\n<h2 class=\"wp-block-heading\">Descri\u00e7\u00e3o &#8211; G\u00eanesis 37<\/h2>\n\n\n\n<p class=\"has-medium-font-size\">G\u00eanesis 37 narra o in\u00edcio da hist\u00f3ria de Jos\u00e9, filho de Jac\u00f3, destacando a tens\u00e3o familiar devido ao favoritismo paterno e aos sonhos prof\u00e9ticos de Jos\u00e9. Seus irm\u00e3os, movidos por inveja, conspiram contra ele, lan\u00e7ando-o em uma cisterna e posteriormente vendendo-o como escravo para o Egito. Esse cap\u00edtulo marca o in\u00edcio do plano soberano de Deus para a preserva\u00e7\u00e3o da fam\u00edlia de Jac\u00f3 durante uma futura fome, preparando o cen\u00e1rio para a reden\u00e7\u00e3o e reconcilia\u00e7\u00e3o familiar.<\/p>\n\n\n\n<h3 class=\"wp-block-heading\">Livro do G\u00eanesis:<\/h3>\n\n\n<ul class=\"wp-block-page-list\"><li class=\"wp-block-pages-list__item\"><a class=\"wp-block-pages-list__item__link\" href=\"https:\/\/bibliapresente.com\/postagens\/livros-da-biblia\/genesis\/genesis-1\/\">G\u00eanesis 1 &#8211; A Cria\u00e7\u00e3o do Universo<\/a><\/li><li class=\"wp-block-pages-list__item\"><a class=\"wp-block-pages-list__item__link\" href=\"https:\/\/bibliapresente.com\/postagens\/livros-da-biblia\/genesis\/genesis-2\/\">G\u00eanesis 2 &#8211; O Jardim do \u00c9den<\/a><\/li><li class=\"wp-block-pages-list__item\"><a class=\"wp-block-pages-list__item__link\" href=\"https:\/\/bibliapresente.com\/postagens\/livros-da-biblia\/genesis\/genesis-3\/\">G\u00eanesis 3 &#8211; O Pecado Original<\/a><\/li><li class=\"wp-block-pages-list__item\"><a class=\"wp-block-pages-list__item__link\" href=\"https:\/\/bibliapresente.com\/postagens\/livros-da-biblia\/genesis\/genesis-4\/\">G\u00eanesis 4 &#8211; Caim e Abel<\/a><\/li><li class=\"wp-block-pages-list__item\"><a class=\"wp-block-pages-list__item__link\" href=\"https:\/\/bibliapresente.com\/postagens\/livros-da-biblia\/genesis\/genesis-5\/\">G\u00eanesis 5 &#8211; Genealogia de Ad\u00e3o a No\u00e9<\/a><\/li><li class=\"wp-block-pages-list__item\"><a class=\"wp-block-pages-list__item__link\" href=\"https:\/\/bibliapresente.com\/postagens\/livros-da-biblia\/genesis\/genesis-6-a-corrupcao-e-o-chamado-de-noe\/\">G\u00eanesis 6 &#8211; A Corrup\u00e7\u00e3o e o Chamado de No\u00e9<\/a><\/li><li class=\"wp-block-pages-list__item\"><a class=\"wp-block-pages-list__item__link\" href=\"https:\/\/bibliapresente.com\/postagens\/livros-da-biblia\/genesis\/genesis-7\/\">G\u00eanesis 7 &#8211; O Grande Dil\u00favio<\/a><\/li><li class=\"wp-block-pages-list__item\"><a class=\"wp-block-pages-list__item__link\" href=\"https:\/\/bibliapresente.com\/postagens\/livros-da-biblia\/genesis\/genesis-8\/\">G\u00eanesis 8 &#8211; As \u00c1guas do Dil\u00favio Recuam<\/a><\/li><li class=\"wp-block-pages-list__item\"><a class=\"wp-block-pages-list__item__link\" href=\"https:\/\/bibliapresente.com\/postagens\/livros-da-biblia\/genesis\/genesis-9\/\">G\u00eanesis 9 &#8211; A Grande Alian\u00e7a do Arco-\u00cdris<\/a><\/li><li class=\"wp-block-pages-list__item\"><a class=\"wp-block-pages-list__item__link\" href=\"https:\/\/bibliapresente.com\/postagens\/livros-da-biblia\/genesis\/genesis-10-as-nacoes-descendentes-de-noe\/\">G\u00eanesis 10 &#8211; As Na\u00e7\u00f5es Descendentes de No\u00e9<\/a><\/li><li class=\"wp-block-pages-list__item\"><a class=\"wp-block-pages-list__item__link\" href=\"https:\/\/bibliapresente.com\/postagens\/livros-da-biblia\/genesis\/genesis-11-a-torre-de-babel\/\">G\u00eanesis 11 &#8211; A Torre de Babel<\/a><\/li><li class=\"wp-block-pages-list__item\"><a class=\"wp-block-pages-list__item__link\" href=\"https:\/\/bibliapresente.com\/postagens\/livros-da-biblia\/genesis\/genesis-12-o-chamado-de-abraao\/\">G\u00eanesis 12 &#8211; O Chamado de Abra\u00e3o<\/a><\/li><li class=\"wp-block-pages-list__item\"><a class=\"wp-block-pages-list__item__link\" href=\"https:\/\/bibliapresente.com\/postagens\/livros-da-biblia\/genesis\/genesis-13-a-separacao-de-abrao-e-lo\/\">G\u00eanesis 13 &#8211; A Separa\u00e7\u00e3o de Abr\u00e3o e L\u00f3<\/a><\/li><li class=\"wp-block-pages-list__item\"><a class=\"wp-block-pages-list__item__link\" href=\"https:\/\/bibliapresente.com\/postagens\/livros-da-biblia\/genesis\/genesis-14\/\">G\u00eanesis 14 &#8211; A B\u00ean\u00e7\u00e3o de Melquisedeque<\/a><\/li><li class=\"wp-block-pages-list__item\"><a class=\"wp-block-pages-list__item__link\" href=\"https:\/\/bibliapresente.com\/postagens\/livros-da-biblia\/genesis\/genesis-15\/\">G\u00eanesis 15 &#8211; A Alian\u00e7a de Deus com Abr\u00e3o<\/a><\/li><li class=\"wp-block-pages-list__item\"><a class=\"wp-block-pages-list__item__link\" href=\"https:\/\/bibliapresente.com\/postagens\/livros-da-biblia\/genesis\/genesis-16\/\">G\u00eanesis 16 &#8211; O Nascimento de Ismael<\/a><\/li><li class=\"wp-block-pages-list__item\"><a class=\"wp-block-pages-list__item__link\" href=\"https:\/\/bibliapresente.com\/postagens\/livros-da-biblia\/genesis\/genesis-17\/\">G\u00eanesis 17 &#8211; A Institui\u00e7\u00e3o da Circuncis\u00e3o<\/a><\/li><li class=\"wp-block-pages-list__item\"><a class=\"wp-block-pages-list__item__link\" href=\"https:\/\/bibliapresente.com\/postagens\/livros-da-biblia\/genesis\/genesis-18\/\">G\u00eanesis 18 &#8211; A Visita dos Tr\u00eas Anjos<\/a><\/li><li class=\"wp-block-pages-list__item\"><a class=\"wp-block-pages-list__item__link\" href=\"https:\/\/bibliapresente.com\/postagens\/livros-da-biblia\/genesis\/genesis-19\/\">G\u00eanesis 19 &#8211; Sodoma e Gomorra<\/a><\/li><li class=\"wp-block-pages-list__item\"><a class=\"wp-block-pages-list__item__link\" href=\"https:\/\/bibliapresente.com\/postagens\/livros-da-biblia\/genesis\/genesis-20\/\">G\u00eanesis 20 &#8211; Abra\u00e3o e Abimeleque<\/a><\/li><li class=\"wp-block-pages-list__item\"><a class=\"wp-block-pages-list__item__link\" href=\"https:\/\/bibliapresente.com\/postagens\/livros-da-biblia\/genesis\/genesis-21\/\">G\u00eanesis 21 &#8211; O Nascimento de Isaque<\/a><\/li><li class=\"wp-block-pages-list__item\"><a class=\"wp-block-pages-list__item__link\" href=\"https:\/\/bibliapresente.com\/postagens\/livros-da-biblia\/genesis\/genesis-22\/\">G\u00eanesis 22 &#8211; O Sacrif\u00edcio de Isaque<\/a><\/li><li class=\"wp-block-pages-list__item\"><a class=\"wp-block-pages-list__item__link\" href=\"https:\/\/bibliapresente.com\/postagens\/livros-da-biblia\/genesis\/genesis-23\/\">G\u00eanesis 23 &#8211; A Morte de Sara<\/a><\/li><li class=\"wp-block-pages-list__item\"><a class=\"wp-block-pages-list__item__link\" href=\"https:\/\/bibliapresente.com\/postagens\/livros-da-biblia\/genesis\/genesis-24\/\">G\u00eanesis 24 &#8211; O Casamento de Isaque<\/a><\/li><li class=\"wp-block-pages-list__item\"><a class=\"wp-block-pages-list__item__link\" href=\"https:\/\/bibliapresente.com\/postagens\/livros-da-biblia\/genesis\/genesis-25\/\">G\u00eanesis 25 &#8211; O Nascimento de Esa\u00fa e Jac\u00f3<\/a><\/li><li class=\"wp-block-pages-list__item\"><a class=\"wp-block-pages-list__item__link\" href=\"https:\/\/bibliapresente.com\/postagens\/livros-da-biblia\/genesis\/genesis-26\/\">G\u00eanesis 26 &#8211; As Promessas de Deus a Isaque<\/a><\/li><li class=\"wp-block-pages-list__item\"><a class=\"wp-block-pages-list__item__link\" href=\"https:\/\/bibliapresente.com\/postagens\/livros-da-biblia\/genesis\/genesis-27\/\">G\u00eanesis 27 &#8211; Jac\u00f3 Engana Isaque<\/a><\/li><li class=\"wp-block-pages-list__item\"><a class=\"wp-block-pages-list__item__link\" href=\"https:\/\/bibliapresente.com\/postagens\/livros-da-biblia\/genesis\/genesis-28\/\">G\u00eanesis 28 &#8211; O Sonho de Jac\u00f3 em Betel<\/a><\/li><li class=\"wp-block-pages-list__item\"><a class=\"wp-block-pages-list__item__link\" href=\"https:\/\/bibliapresente.com\/postagens\/livros-da-biblia\/genesis\/genesis-29\/\">G\u00eanesis 29 &#8211; Jac\u00f3 e as Filhas de Lab\u00e3o<\/a><\/li><li class=\"wp-block-pages-list__item\"><a class=\"wp-block-pages-list__item__link\" href=\"https:\/\/bibliapresente.com\/postagens\/livros-da-biblia\/genesis\/genesis-30\/\">G\u00eanesis 30 &#8211; O Acordo de Jac\u00f3 com Lab\u00e3o<\/a><\/li><li class=\"wp-block-pages-list__item\"><a class=\"wp-block-pages-list__item__link\" href=\"https:\/\/bibliapresente.com\/postagens\/livros-da-biblia\/genesis\/genesis-31\/\">G\u00eanesis 31 &#8211; A Fuga de Jac\u00f3<\/a><\/li><li class=\"wp-block-pages-list__item\"><a class=\"wp-block-pages-list__item__link\" href=\"https:\/\/bibliapresente.com\/postagens\/livros-da-biblia\/genesis\/genesis-32\/\">G\u00eanesis 32 &#8211; A Luta de Jac\u00f3 com O Anjo<\/a><\/li><li class=\"wp-block-pages-list__item\"><a class=\"wp-block-pages-list__item__link\" href=\"https:\/\/bibliapresente.com\/postagens\/livros-da-biblia\/genesis\/genesis-33\/\">G\u00eanesis 33 &#8211; A Reconcilia\u00e7\u00e3o de Jac\u00f3 e Esa\u00fa<\/a><\/li><li class=\"wp-block-pages-list__item\"><a class=\"wp-block-pages-list__item__link\" href=\"https:\/\/bibliapresente.com\/postagens\/livros-da-biblia\/genesis\/genesis-34\/\">G\u00eanesis 34 &#8211; O Caso de Din\u00e1<\/a><\/li><li class=\"wp-block-pages-list__item\"><a class=\"wp-block-pages-list__item__link\" href=\"https:\/\/bibliapresente.com\/postagens\/livros-da-biblia\/genesis\/genesis-35\/\">G\u00eanesis 35 &#8211; A Consagra\u00e7\u00e3o de Jac\u00f3 em Betel<\/a><\/li><li class=\"wp-block-pages-list__item\"><a class=\"wp-block-pages-list__item__link\" href=\"https:\/\/bibliapresente.com\/postagens\/livros-da-biblia\/genesis\/genesis-36\/\">G\u00eanesis 36 &#8211; Os Descendentes de Esa\u00fa<\/a><\/li><li class=\"wp-block-pages-list__item\"><a class=\"wp-block-pages-list__item__link\" href=\"https:\/\/bibliapresente.com\/postagens\/livros-da-biblia\/genesis\/genesis-37\/\">G\u00eanesis 37 &#8211; Jos\u00e9 Vendido como Escravo<\/a><\/li><li class=\"wp-block-pages-list__item\"><a class=\"wp-block-pages-list__item__link\" href=\"https:\/\/bibliapresente.com\/postagens\/livros-da-biblia\/genesis\/genesis-38\/\">G\u00eanesis 38 &#8211; Jud\u00e1 e Tamar<\/a><\/li><li class=\"wp-block-pages-list__item\"><a class=\"wp-block-pages-list__item__link\" href=\"https:\/\/bibliapresente.com\/postagens\/livros-da-biblia\/genesis\/genesis-39\/\">G\u00eanesis 39 &#8211; Jos\u00e9 na Casa de Potifar<\/a><\/li><li class=\"wp-block-pages-list__item\"><a class=\"wp-block-pages-list__item__link\" href=\"https:\/\/bibliapresente.com\/postagens\/livros-da-biblia\/genesis\/genesis-40\/\">G\u00eanesis 40 &#8211; Jos\u00e9 Interpreta Sonhos<\/a><\/li><li class=\"wp-block-pages-list__item\"><a class=\"wp-block-pages-list__item__link\" href=\"https:\/\/bibliapresente.com\/postagens\/livros-da-biblia\/genesis\/genesis-41\/\">G\u00eanesis 41 &#8211; O Sonho do Fara\u00f3<\/a><\/li><li class=\"wp-block-pages-list__item\"><a class=\"wp-block-pages-list__item__link\" href=\"https:\/\/bibliapresente.com\/postagens\/livros-da-biblia\/genesis\/genesis-42\/\">G\u00eanesis 42 &#8211; Os Irm\u00e3os de Jos\u00e9 no Egito<\/a><\/li><li class=\"wp-block-pages-list__item\"><a class=\"wp-block-pages-list__item__link\" href=\"https:\/\/bibliapresente.com\/postagens\/livros-da-biblia\/genesis\/genesis-43\/\">G\u00eanesis 43 &#8211; Benjamim Vai ao Egito<\/a><\/li><li class=\"wp-block-pages-list__item\"><a class=\"wp-block-pages-list__item__link\" href=\"https:\/\/bibliapresente.com\/postagens\/livros-da-biblia\/genesis\/genesis-44\/\">G\u00eanesis 44 &#8211; O Sacrif\u00edcio de Jud\u00e1<\/a><\/li><li class=\"wp-block-pages-list__item\"><a class=\"wp-block-pages-list__item__link\" href=\"https:\/\/bibliapresente.com\/postagens\/livros-da-biblia\/genesis\/genesis-45\/\">G\u00eanesis 45 &#8211; Jos\u00e9 se Revela a seus Irm\u00e3os<\/a><\/li><li class=\"wp-block-pages-list__item\"><a class=\"wp-block-pages-list__item__link\" href=\"https:\/\/bibliapresente.com\/postagens\/livros-da-biblia\/genesis\/genesis-46\/\">G\u00eanesis 46 &#8211; A Viagem de Jac\u00f3 ao Egito<\/a><\/li><li class=\"wp-block-pages-list__item\"><a class=\"wp-block-pages-list__item__link\" href=\"https:\/\/bibliapresente.com\/postagens\/livros-da-biblia\/genesis\/genesis-47\/\">G\u00eanesis 47 &#8211; Jac\u00f3 Aben\u00e7oa o Fara\u00f3<\/a><\/li><li class=\"wp-block-pages-list__item\"><a class=\"wp-block-pages-list__item__link\" href=\"https:\/\/bibliapresente.com\/postagens\/livros-da-biblia\/genesis\/genesis-48\/\">G\u00eanesis 48 &#8211; Jac\u00f3 Aben\u00e7oa os Filhos de Jos\u00e9<\/a><\/li><li class=\"wp-block-pages-list__item\"><a class=\"wp-block-pages-list__item__link\" href=\"https:\/\/bibliapresente.com\/postagens\/livros-da-biblia\/genesis\/genesis-49\/\">G\u00eanesis 49 &#8211; B\u00ean\u00e7\u00e3os de Jac\u00f3 a Seus Filhos<\/a><\/li><li class=\"wp-block-pages-list__item\"><a class=\"wp-block-pages-list__item__link\" href=\"https:\/\/bibliapresente.com\/postagens\/livros-da-biblia\/genesis\/genesis-50\/\">G\u00eanesis 50 &#8211; A Morte de Jac\u00f3<\/a><\/li><\/ul>","protected":false},"excerpt":{"rendered":"<p>1 E habitou Jac\u00f3 na terra onde peregrinou seu pai, na terra de Cana\u00e3. 2 Estas foram as gera\u00e7\u00f5es de Jac\u00f3. Jos\u00e9, sendo de idade de dezessete anos apascentava as ovelhas com seus irm\u00e3os; e o jovem estava com os filhos de Bila, e com os filhos de Zilpa, mulheres de seu pai: e contava &hellip; <\/p>\n","protected":false},"author":2,"featured_media":263,"parent":233,"menu_order":37,"comment_status":"closed","ping_status":"closed","template":"","meta":{"om_disable_all_campaigns":false,"_monsterinsights_skip_tracking":false,"_monsterinsights_sitenote_active":false,"_monsterinsights_sitenote_note":"","_monsterinsights_sitenote_category":0,"footnotes":""},"class_list":["post-362","page","type-page","status-publish","has-post-thumbnail","hentry"],"aioseo_notices":[],"_links":{"self":[{"href":"https:\/\/bibliapresente.com\/postagens\/wp-json\/wp\/v2\/pages\/362","targetHints":{"allow":["GET"]}}],"collection":[{"href":"https:\/\/bibliapresente.com\/postagens\/wp-json\/wp\/v2\/pages"}],"about":[{"href":"https:\/\/bibliapresente.com\/postagens\/wp-json\/wp\/v2\/types\/page"}],"author":[{"embeddable":true,"href":"https:\/\/bibliapresente.com\/postagens\/wp-json\/wp\/v2\/users\/2"}],"replies":[{"embeddable":true,"href":"https:\/\/bibliapresente.com\/postagens\/wp-json\/wp\/v2\/comments?post=362"}],"version-history":[{"count":5,"href":"https:\/\/bibliapresente.com\/postagens\/wp-json\/wp\/v2\/pages\/362\/revisions"}],"predecessor-version":[{"id":560,"href":"https:\/\/bibliapresente.com\/postagens\/wp-json\/wp\/v2\/pages\/362\/revisions\/560"}],"up":[{"embeddable":true,"href":"https:\/\/bibliapresente.com\/postagens\/wp-json\/wp\/v2\/pages\/233"}],"wp:featuredmedia":[{"embeddable":true,"href":"https:\/\/bibliapresente.com\/postagens\/wp-json\/wp\/v2\/media\/263"}],"wp:attachment":[{"href":"https:\/\/bibliapresente.com\/postagens\/wp-json\/wp\/v2\/media?parent=362"}],"curies":[{"name":"wp","href":"https:\/\/api.w.org\/{rel}","templated":true}]}}