{"id":360,"date":"2025-01-04T19:36:18","date_gmt":"2025-01-04T22:36:18","guid":{"rendered":"https:\/\/bibliapresente.com\/postagens\/?page_id=360"},"modified":"2025-01-04T19:36:19","modified_gmt":"2025-01-04T22:36:19","slug":"genesis-36","status":"publish","type":"page","link":"https:\/\/bibliapresente.com\/postagens\/livros-da-biblia\/genesis\/genesis-36\/","title":{"rendered":"G\u00eanesis 36 &#8211; Os Descendentes de Esa\u00fa"},"content":{"rendered":"\n<p class=\"has-medium-font-size\"><span><span><sup><b>1<\/b><\/sup><\/span> E estas s\u00e3o as gera\u00e7\u00f5es de Esa\u00fa, o qual \u00e9 Edom. <\/span><br><span><span><sup><b>2<\/b><\/sup><\/span> Esa\u00fa tomou suas mulheres das filhas de Cana\u00e3: a Ada, filha de Elom heteu, e a Oolibama, filha de An\u00e1, filha de Zibe\u00e3o os heveus; <\/span><br><span><span><sup><b>3<\/b><\/sup><\/span> E a Basemate, filha de Ismael, irm\u00e3 de Nebaiote. <\/span><br><span><span><sup><b>4<\/b><\/sup><\/span> E Ada deu \u00e0 luz de Esa\u00fa a Elifaz; e Basemate deu \u00e0 luz a Reuel. <\/span><br><span><span><sup><b>5<\/b><\/sup><\/span> E Oolibama deu \u00e0 luz a Je\u00fas, e a Jal\u00e3o, e a Cor\u00e1: estes s\u00e3o os filhos de Esa\u00fa, que lhe nasceram na terra de Cana\u00e3. <\/span><br><span><span><sup><b>6<\/b><\/sup><\/span> E Esa\u00fa tomou suas mulheres, e seus filhos, e suas filhas, e todas as pessoas de sua casa, e seus gados, e todos seus animais, e todos os seus pertences que havia adquirido na terra de Cana\u00e3, e foi-se a outra terra de diante de Jac\u00f3 seu irm\u00e3o. <\/span><br><span><span><sup><b>7<\/b><\/sup><\/span> Porque a riqueza deles era grande, e n\u00e3o podiam habitar juntos, nem a terra de sua peregrina\u00e7\u00e3o os podia sustentar por causa de seus gados. <\/span><br><span><span><sup><b>8<\/b><\/sup><\/span> E Esa\u00fa habitou no monte de Seir: Esa\u00fa \u00e9 Edom. <\/span><br><span><span><sup><b>9<\/b><\/sup><\/span> Estas s\u00e3o as linhagens de Esa\u00fa, pai de Edom, no monte de Seir. <\/span><br><span><span><sup><b>10<\/b><\/sup><\/span> Estes s\u00e3o os nomes dos filhos de Esa\u00fa: Elifaz, filho de Ada, mulher de Esa\u00fa; Reuel, filho de Basemate, mulher de Esa\u00fa. <\/span><br><span><span><sup><b>11<\/b><\/sup><\/span> E os filhos de Elifaz foram Tem\u00e3, Omar, Zef\u00f4, Gat\u00e3, e Quenaz. <\/span><br><span><span><sup><b>12<\/b><\/sup><\/span> E Timna foi concubina de Elifaz, filho de Esa\u00fa, a qual lhe deu \u00e0 luz a Amaleque: estes s\u00e3o os filhos de Ada, mulher de Esa\u00fa. <\/span><br><span><span><sup><b>13<\/b><\/sup><\/span> E os filhos de Reuel foram Naate, Zer\u00e1, Sam\u00e1, e Miz\u00e1: estes s\u00e3o os filhos de Basemate, mulher de Esa\u00fa. <\/span><br><span><span><sup><b>14<\/b><\/sup><\/span> Estes foram os filhos de Oolibama, mulher de Esa\u00fa, filha de An\u00e1, que foi filha de Zibe\u00e3o: ela deu \u00e0 luz de Esa\u00fa a Je\u00fas, Jal\u00e3o, e Cor\u00e1. <\/span><br><span><span><sup><b>15<\/b><\/sup><\/span> Estes s\u00e3o os duques dos filhos de Esa\u00fa. Filhos de Elifaz, primog\u00eanito de Esa\u00fa: o duque Tem\u00e3, o duque Omar, o duque Zef\u00f4, o duque Quenaz, <\/span><br><span><span><sup><b>16<\/b><\/sup><\/span> O duque Cor\u00e1, o duque Gat\u00e3, e o duque Amaleque: estes s\u00e3o os duques de Elifaz na terra de Edom; estes foram os filhos de Ada. <\/span><br><span><span><sup><b>17<\/b><\/sup><\/span> E estes s\u00e3o os filhos de Reuel, filho de Esa\u00fa: o duque Naate, o duque Zer\u00e1, o duque Sam\u00e1, e o duque Miz\u00e1: estes s\u00e3o os duques da linha de Reuel na terra de Edom; estes filhos v\u00eam de Basemate, mulher de Esa\u00fa. <\/span><br><span><span><sup><b>18<\/b><\/sup><\/span> E estes s\u00e3o os filhos de Oolibama, mulher de Esa\u00fa: o duque Je\u00fas, o duque Jal\u00e3o, e o duque Cor\u00e1: estes foram os duques que sa\u00edram de Oolibama, mulher de Esa\u00fa, filha de An\u00e1. <\/span><br><span><span><sup><b>19<\/b><\/sup><\/span> Estes, pois, s\u00e3o os filhos de Esa\u00fa, e seus duques: ele \u00e9 Edom. <\/span><br><span><span><sup><b>20<\/b><\/sup><\/span> E estes s\u00e3o os filhos de Seir horeu, moradores daquela terra: Lot\u00e3, Sobal, Zibe\u00e3o, An\u00e1, <\/span><br><span><span><sup><b>21<\/b><\/sup><\/span> Disom, Eser, e Dis\u00e3: estes s\u00e3o os duques dos horeus, filhos de Seir na terra de Edom. <\/span><br><span><span><sup><b>22<\/b><\/sup><\/span> Os filhos de Lot\u00e3 foram Hori e Hem\u00e3; e Timna foi irm\u00e3 de Lot\u00e3. <\/span><br><span><span><sup><b>23<\/b><\/sup><\/span> E os filhos de Sobal foram Alv\u00e3, Manaate, Ebal, Sef\u00f4, e On\u00e3. <\/span><br><span><span><sup><b>24<\/b><\/sup><\/span> E os filhos de Zibe\u00e3o foram Ai\u00e1, e An\u00e1. Este An\u00e1 \u00e9 o que descobriu as fontes termais no deserto, quando apascentava os asnos de Zibe\u00e3o seu pai. <\/span><br><span><span><sup><b>25<\/b><\/sup><\/span> Os filhos de An\u00e1 foram Disom, e Oolibama, filha de An\u00e1. <\/span><br><span><span><sup><b>26<\/b><\/sup><\/span> E estes foram os filhos de Disom: Hend\u00e3, Esb\u00e3, Itr\u00e3, e Quer\u00e3. <\/span><br><span><span><sup><b>27<\/b><\/sup><\/span> E estes foram os filhos de Eser: Bil\u00e3, Zaav\u00e3, e Ac\u00e3. <\/span><br><span><span><sup><b>28<\/b><\/sup><\/span> Estes foram os filhos de Dis\u00e3: Uz, e Har\u00e3. <\/span><br><span><span><sup><b>29<\/b><\/sup><\/span> E estes foram os duques dos horeus: o duque Lot\u00e3, o duque Sobal, o duque Zibe\u00e3o, o duque An\u00e1. <\/span><br><span><span><sup><b>30<\/b><\/sup><\/span> O duque Disom, o duque Eser, o duque Dis\u00e3: estes foram os duques dos horeus: por seus ducados na terra de Seir. <\/span><br><span><span><sup><b>31<\/b><\/sup><\/span> E os reis que reinaram na terra de Edom, antes que reinasse rei sobre os filhos de Israel, foram estes: <\/span><br><span><span><sup><b>32<\/b><\/sup><\/span> Bel\u00e1, filho de Beor, reinou em Edom: e o nome de sua cidade foi Dinab\u00e1. <\/span><br><span><span><sup><b>33<\/b><\/sup><\/span> E morreu Bel\u00e1, e reinou em seu lugar Jobabe, filho de Zer\u00e1, de Bozra. <\/span><br><span><span><sup><b>34<\/b><\/sup><\/span> E morreu Jobabe, e em seu lugar reinou Hus\u00e3o, da terra de Tem\u00e3. <\/span><br><span><span><sup><b>35<\/b><\/sup><\/span> E morreu Hus\u00e3o, e reinou em seu lugar Hadade, filho de Bedade, o que feriu a Midi\u00e3 no campo de Moabe: e o nome de sua cidade foi Avite. <\/span><br><span><span><sup><b>36<\/b><\/sup><\/span> E morreu Hadade, e em seu lugar reinou Saml\u00e1, de Masreca. <\/span><br><span><span><sup><b>37<\/b><\/sup><\/span> E morreu Saml\u00e1, e reinou em seu lugar Saul, de Reobote do rio. <\/span><br><span><span><sup><b>38<\/b><\/sup><\/span> E morreu Saul, e em seu lugar reinou Baal-Han\u00e3, filho de Acbor. <\/span><br><span><span><sup><b>39<\/b><\/sup><\/span> E morreu Baal-Han\u00e3, filho de Acbor, e reinou Hadar em seu lugar: e o nome de sua cidade foi Pa\u00fa; e o nome de sua mulher Meetabel, filha de Matrede, filha de Mezaabe. <\/span><br><span><span><sup><b>40<\/b><\/sup><\/span> Estes, pois, s\u00e3o os nomes dos duques de Esa\u00fa por suas linhagens, por seus lugares, e seus nomes: o duque Timna, o duque Alva, o duque Jetete, <\/span><br><span><span><sup><b>41<\/b><\/sup><\/span> O duque Oolibama, o duque El\u00e1, o duque Pinom, <\/span><br><span><span><sup><b>42<\/b><\/sup><\/span> O duque Quenaz, o duque Tem\u00e3, o duque Mibzar, <\/span><br><span><span><sup><b>43<\/b><\/sup><\/span> O duque Magdiel, e o duque Hir\u00e3o. Estes foram os duques de Edom por suas habita\u00e7\u00f5es na terra de sua possess\u00e3o. Edom \u00e9 o mesmo Esa\u00fa, pai dos edomitas.<\/span><\/p>\n\n\n\n<div class=\"wp-block-columns is-layout-flex wp-container-core-columns-is-layout-9d6595d7 wp-block-columns-is-layout-flex\">\n<div class=\"wp-block-column is-layout-flow wp-block-column-is-layout-flow\">\n<p><a href=\"\/genesis-35\">G\u00eanesis 35<\/a><\/p>\n<\/div>\n\n\n\n<div class=\"wp-block-column is-layout-flow wp-block-column-is-layout-flow\">\n<p class=\"has-text-align-right\"><a href=\"\/genesis-37\">G\u00eanesis 37<\/a><\/p>\n<\/div>\n<\/div>\n\n\n\n<h2 class=\"wp-block-heading\">Descri\u00e7\u00e3o &#8211; G\u00eanesis 36<\/h2>\n\n\n\n<p class=\"has-medium-font-size\">G\u00eanesis 36 registra a genealogia de Esa\u00fa, irm\u00e3o de Jac\u00f3, destacando seus descendentes e a forma\u00e7\u00e3o dos edomitas, um povo que se estabeleceu na regi\u00e3o montanhosa de Seir. O cap\u00edtulo detalha os cl\u00e3s e reis de Edom, evidenciando o cumprimento das promessas divinas de multiplica\u00e7\u00e3o feitas a Esa\u00fa, apesar de ele n\u00e3o ser o herdeiro da alian\u00e7a. Essa lista geneal\u00f3gica serve como transi\u00e7\u00e3o para o foco em Jac\u00f3 e seus filhos nos cap\u00edtulos seguintes.<\/p>\n\n\n\n<h3 class=\"wp-block-heading\">Livro do G\u00eanesis:<\/h3>\n\n\n<ul class=\"wp-block-page-list\"><li class=\"wp-block-pages-list__item\"><a class=\"wp-block-pages-list__item__link\" href=\"https:\/\/bibliapresente.com\/postagens\/livros-da-biblia\/genesis\/genesis-1\/\">G\u00eanesis 1 &#8211; A Cria\u00e7\u00e3o do Universo<\/a><\/li><li class=\"wp-block-pages-list__item\"><a class=\"wp-block-pages-list__item__link\" href=\"https:\/\/bibliapresente.com\/postagens\/livros-da-biblia\/genesis\/genesis-2\/\">G\u00eanesis 2 &#8211; O Jardim do \u00c9den<\/a><\/li><li class=\"wp-block-pages-list__item\"><a class=\"wp-block-pages-list__item__link\" href=\"https:\/\/bibliapresente.com\/postagens\/livros-da-biblia\/genesis\/genesis-3\/\">G\u00eanesis 3 &#8211; O Pecado Original<\/a><\/li><li class=\"wp-block-pages-list__item\"><a class=\"wp-block-pages-list__item__link\" href=\"https:\/\/bibliapresente.com\/postagens\/livros-da-biblia\/genesis\/genesis-4\/\">G\u00eanesis 4 &#8211; Caim e Abel<\/a><\/li><li class=\"wp-block-pages-list__item\"><a class=\"wp-block-pages-list__item__link\" href=\"https:\/\/bibliapresente.com\/postagens\/livros-da-biblia\/genesis\/genesis-5\/\">G\u00eanesis 5 &#8211; Genealogia de Ad\u00e3o a No\u00e9<\/a><\/li><li class=\"wp-block-pages-list__item\"><a class=\"wp-block-pages-list__item__link\" href=\"https:\/\/bibliapresente.com\/postagens\/livros-da-biblia\/genesis\/genesis-6-a-corrupcao-e-o-chamado-de-noe\/\">G\u00eanesis 6 &#8211; A Corrup\u00e7\u00e3o e o Chamado de No\u00e9<\/a><\/li><li class=\"wp-block-pages-list__item\"><a class=\"wp-block-pages-list__item__link\" href=\"https:\/\/bibliapresente.com\/postagens\/livros-da-biblia\/genesis\/genesis-7\/\">G\u00eanesis 7 &#8211; O Grande Dil\u00favio<\/a><\/li><li class=\"wp-block-pages-list__item\"><a class=\"wp-block-pages-list__item__link\" href=\"https:\/\/bibliapresente.com\/postagens\/livros-da-biblia\/genesis\/genesis-8\/\">G\u00eanesis 8 &#8211; As \u00c1guas do Dil\u00favio Recuam<\/a><\/li><li class=\"wp-block-pages-list__item\"><a class=\"wp-block-pages-list__item__link\" href=\"https:\/\/bibliapresente.com\/postagens\/livros-da-biblia\/genesis\/genesis-9\/\">G\u00eanesis 9 &#8211; A Grande Alian\u00e7a do Arco-\u00cdris<\/a><\/li><li class=\"wp-block-pages-list__item\"><a class=\"wp-block-pages-list__item__link\" href=\"https:\/\/bibliapresente.com\/postagens\/livros-da-biblia\/genesis\/genesis-10-as-nacoes-descendentes-de-noe\/\">G\u00eanesis 10 &#8211; As Na\u00e7\u00f5es Descendentes de No\u00e9<\/a><\/li><li class=\"wp-block-pages-list__item\"><a class=\"wp-block-pages-list__item__link\" href=\"https:\/\/bibliapresente.com\/postagens\/livros-da-biblia\/genesis\/genesis-11-a-torre-de-babel\/\">G\u00eanesis 11 &#8211; A Torre de Babel<\/a><\/li><li class=\"wp-block-pages-list__item\"><a class=\"wp-block-pages-list__item__link\" href=\"https:\/\/bibliapresente.com\/postagens\/livros-da-biblia\/genesis\/genesis-12-o-chamado-de-abraao\/\">G\u00eanesis 12 &#8211; O Chamado de Abra\u00e3o<\/a><\/li><li class=\"wp-block-pages-list__item\"><a class=\"wp-block-pages-list__item__link\" href=\"https:\/\/bibliapresente.com\/postagens\/livros-da-biblia\/genesis\/genesis-13-a-separacao-de-abrao-e-lo\/\">G\u00eanesis 13 &#8211; A Separa\u00e7\u00e3o de Abr\u00e3o e L\u00f3<\/a><\/li><li class=\"wp-block-pages-list__item\"><a class=\"wp-block-pages-list__item__link\" href=\"https:\/\/bibliapresente.com\/postagens\/livros-da-biblia\/genesis\/genesis-14\/\">G\u00eanesis 14 &#8211; A B\u00ean\u00e7\u00e3o de Melquisedeque<\/a><\/li><li class=\"wp-block-pages-list__item\"><a class=\"wp-block-pages-list__item__link\" href=\"https:\/\/bibliapresente.com\/postagens\/livros-da-biblia\/genesis\/genesis-15\/\">G\u00eanesis 15 &#8211; A Alian\u00e7a de Deus com Abr\u00e3o<\/a><\/li><li class=\"wp-block-pages-list__item\"><a class=\"wp-block-pages-list__item__link\" href=\"https:\/\/bibliapresente.com\/postagens\/livros-da-biblia\/genesis\/genesis-16\/\">G\u00eanesis 16 &#8211; O Nascimento de Ismael<\/a><\/li><li class=\"wp-block-pages-list__item\"><a class=\"wp-block-pages-list__item__link\" href=\"https:\/\/bibliapresente.com\/postagens\/livros-da-biblia\/genesis\/genesis-17\/\">G\u00eanesis 17 &#8211; A Institui\u00e7\u00e3o da Circuncis\u00e3o<\/a><\/li><li class=\"wp-block-pages-list__item\"><a class=\"wp-block-pages-list__item__link\" href=\"https:\/\/bibliapresente.com\/postagens\/livros-da-biblia\/genesis\/genesis-18\/\">G\u00eanesis 18 &#8211; A Visita dos Tr\u00eas Anjos<\/a><\/li><li class=\"wp-block-pages-list__item\"><a class=\"wp-block-pages-list__item__link\" href=\"https:\/\/bibliapresente.com\/postagens\/livros-da-biblia\/genesis\/genesis-19\/\">G\u00eanesis 19 &#8211; Sodoma e Gomorra<\/a><\/li><li class=\"wp-block-pages-list__item\"><a class=\"wp-block-pages-list__item__link\" href=\"https:\/\/bibliapresente.com\/postagens\/livros-da-biblia\/genesis\/genesis-20\/\">G\u00eanesis 20 &#8211; Abra\u00e3o e Abimeleque<\/a><\/li><li class=\"wp-block-pages-list__item\"><a class=\"wp-block-pages-list__item__link\" href=\"https:\/\/bibliapresente.com\/postagens\/livros-da-biblia\/genesis\/genesis-21\/\">G\u00eanesis 21 &#8211; O Nascimento de Isaque<\/a><\/li><li class=\"wp-block-pages-list__item\"><a class=\"wp-block-pages-list__item__link\" href=\"https:\/\/bibliapresente.com\/postagens\/livros-da-biblia\/genesis\/genesis-22\/\">G\u00eanesis 22 &#8211; O Sacrif\u00edcio de Isaque<\/a><\/li><li class=\"wp-block-pages-list__item\"><a class=\"wp-block-pages-list__item__link\" href=\"https:\/\/bibliapresente.com\/postagens\/livros-da-biblia\/genesis\/genesis-23\/\">G\u00eanesis 23 &#8211; A Morte de Sara<\/a><\/li><li class=\"wp-block-pages-list__item\"><a class=\"wp-block-pages-list__item__link\" href=\"https:\/\/bibliapresente.com\/postagens\/livros-da-biblia\/genesis\/genesis-24\/\">G\u00eanesis 24 &#8211; O Casamento de Isaque<\/a><\/li><li class=\"wp-block-pages-list__item\"><a class=\"wp-block-pages-list__item__link\" href=\"https:\/\/bibliapresente.com\/postagens\/livros-da-biblia\/genesis\/genesis-25\/\">G\u00eanesis 25 &#8211; O Nascimento de Esa\u00fa e Jac\u00f3<\/a><\/li><li class=\"wp-block-pages-list__item\"><a class=\"wp-block-pages-list__item__link\" href=\"https:\/\/bibliapresente.com\/postagens\/livros-da-biblia\/genesis\/genesis-26\/\">G\u00eanesis 26 &#8211; As Promessas de Deus a Isaque<\/a><\/li><li class=\"wp-block-pages-list__item\"><a class=\"wp-block-pages-list__item__link\" href=\"https:\/\/bibliapresente.com\/postagens\/livros-da-biblia\/genesis\/genesis-27\/\">G\u00eanesis 27 &#8211; Jac\u00f3 Engana Isaque<\/a><\/li><li class=\"wp-block-pages-list__item\"><a class=\"wp-block-pages-list__item__link\" href=\"https:\/\/bibliapresente.com\/postagens\/livros-da-biblia\/genesis\/genesis-28\/\">G\u00eanesis 28 &#8211; O Sonho de Jac\u00f3 em Betel<\/a><\/li><li class=\"wp-block-pages-list__item\"><a class=\"wp-block-pages-list__item__link\" href=\"https:\/\/bibliapresente.com\/postagens\/livros-da-biblia\/genesis\/genesis-29\/\">G\u00eanesis 29 &#8211; Jac\u00f3 e as Filhas de Lab\u00e3o<\/a><\/li><li class=\"wp-block-pages-list__item\"><a class=\"wp-block-pages-list__item__link\" href=\"https:\/\/bibliapresente.com\/postagens\/livros-da-biblia\/genesis\/genesis-30\/\">G\u00eanesis 30 &#8211; O Acordo de Jac\u00f3 com Lab\u00e3o<\/a><\/li><li class=\"wp-block-pages-list__item\"><a class=\"wp-block-pages-list__item__link\" href=\"https:\/\/bibliapresente.com\/postagens\/livros-da-biblia\/genesis\/genesis-31\/\">G\u00eanesis 31 &#8211; A Fuga de Jac\u00f3<\/a><\/li><li class=\"wp-block-pages-list__item\"><a class=\"wp-block-pages-list__item__link\" href=\"https:\/\/bibliapresente.com\/postagens\/livros-da-biblia\/genesis\/genesis-32\/\">G\u00eanesis 32 &#8211; A Luta de Jac\u00f3 com O Anjo<\/a><\/li><li class=\"wp-block-pages-list__item\"><a class=\"wp-block-pages-list__item__link\" href=\"https:\/\/bibliapresente.com\/postagens\/livros-da-biblia\/genesis\/genesis-33\/\">G\u00eanesis 33 &#8211; A Reconcilia\u00e7\u00e3o de Jac\u00f3 e Esa\u00fa<\/a><\/li><li class=\"wp-block-pages-list__item\"><a class=\"wp-block-pages-list__item__link\" href=\"https:\/\/bibliapresente.com\/postagens\/livros-da-biblia\/genesis\/genesis-34\/\">G\u00eanesis 34 &#8211; O Caso de Din\u00e1<\/a><\/li><li class=\"wp-block-pages-list__item\"><a class=\"wp-block-pages-list__item__link\" href=\"https:\/\/bibliapresente.com\/postagens\/livros-da-biblia\/genesis\/genesis-35\/\">G\u00eanesis 35 &#8211; A Consagra\u00e7\u00e3o de Jac\u00f3 em Betel<\/a><\/li><li class=\"wp-block-pages-list__item\"><a class=\"wp-block-pages-list__item__link\" href=\"https:\/\/bibliapresente.com\/postagens\/livros-da-biblia\/genesis\/genesis-36\/\">G\u00eanesis 36 &#8211; Os Descendentes de Esa\u00fa<\/a><\/li><li class=\"wp-block-pages-list__item\"><a class=\"wp-block-pages-list__item__link\" href=\"https:\/\/bibliapresente.com\/postagens\/livros-da-biblia\/genesis\/genesis-37\/\">G\u00eanesis 37 &#8211; Jos\u00e9 Vendido como Escravo<\/a><\/li><li class=\"wp-block-pages-list__item\"><a class=\"wp-block-pages-list__item__link\" href=\"https:\/\/bibliapresente.com\/postagens\/livros-da-biblia\/genesis\/genesis-38\/\">G\u00eanesis 38 &#8211; Jud\u00e1 e Tamar<\/a><\/li><li class=\"wp-block-pages-list__item\"><a class=\"wp-block-pages-list__item__link\" href=\"https:\/\/bibliapresente.com\/postagens\/livros-da-biblia\/genesis\/genesis-39\/\">G\u00eanesis 39 &#8211; Jos\u00e9 na Casa de Potifar<\/a><\/li><li class=\"wp-block-pages-list__item\"><a class=\"wp-block-pages-list__item__link\" href=\"https:\/\/bibliapresente.com\/postagens\/livros-da-biblia\/genesis\/genesis-40\/\">G\u00eanesis 40 &#8211; Jos\u00e9 Interpreta Sonhos<\/a><\/li><li class=\"wp-block-pages-list__item\"><a class=\"wp-block-pages-list__item__link\" href=\"https:\/\/bibliapresente.com\/postagens\/livros-da-biblia\/genesis\/genesis-41\/\">G\u00eanesis 41 &#8211; O Sonho do Fara\u00f3<\/a><\/li><li class=\"wp-block-pages-list__item\"><a class=\"wp-block-pages-list__item__link\" href=\"https:\/\/bibliapresente.com\/postagens\/livros-da-biblia\/genesis\/genesis-42\/\">G\u00eanesis 42 &#8211; Os Irm\u00e3os de Jos\u00e9 no Egito<\/a><\/li><li class=\"wp-block-pages-list__item\"><a class=\"wp-block-pages-list__item__link\" href=\"https:\/\/bibliapresente.com\/postagens\/livros-da-biblia\/genesis\/genesis-43\/\">G\u00eanesis 43 &#8211; Benjamim Vai ao Egito<\/a><\/li><li class=\"wp-block-pages-list__item\"><a class=\"wp-block-pages-list__item__link\" href=\"https:\/\/bibliapresente.com\/postagens\/livros-da-biblia\/genesis\/genesis-44\/\">G\u00eanesis 44 &#8211; O Sacrif\u00edcio de Jud\u00e1<\/a><\/li><li class=\"wp-block-pages-list__item\"><a class=\"wp-block-pages-list__item__link\" href=\"https:\/\/bibliapresente.com\/postagens\/livros-da-biblia\/genesis\/genesis-45\/\">G\u00eanesis 45 &#8211; Jos\u00e9 se Revela a seus Irm\u00e3os<\/a><\/li><li class=\"wp-block-pages-list__item\"><a class=\"wp-block-pages-list__item__link\" href=\"https:\/\/bibliapresente.com\/postagens\/livros-da-biblia\/genesis\/genesis-46\/\">G\u00eanesis 46 &#8211; A Viagem de Jac\u00f3 ao Egito<\/a><\/li><li class=\"wp-block-pages-list__item\"><a class=\"wp-block-pages-list__item__link\" href=\"https:\/\/bibliapresente.com\/postagens\/livros-da-biblia\/genesis\/genesis-47\/\">G\u00eanesis 47 &#8211; Jac\u00f3 Aben\u00e7oa o Fara\u00f3<\/a><\/li><li class=\"wp-block-pages-list__item\"><a class=\"wp-block-pages-list__item__link\" href=\"https:\/\/bibliapresente.com\/postagens\/livros-da-biblia\/genesis\/genesis-48\/\">G\u00eanesis 48 &#8211; Jac\u00f3 Aben\u00e7oa os Filhos de Jos\u00e9<\/a><\/li><li class=\"wp-block-pages-list__item\"><a class=\"wp-block-pages-list__item__link\" href=\"https:\/\/bibliapresente.com\/postagens\/livros-da-biblia\/genesis\/genesis-49\/\">G\u00eanesis 49 &#8211; B\u00ean\u00e7\u00e3os de Jac\u00f3 a Seus Filhos<\/a><\/li><li class=\"wp-block-pages-list__item\"><a class=\"wp-block-pages-list__item__link\" href=\"https:\/\/bibliapresente.com\/postagens\/livros-da-biblia\/genesis\/genesis-50\/\">G\u00eanesis 50 &#8211; A Morte de Jac\u00f3<\/a><\/li><\/ul>","protected":false},"excerpt":{"rendered":"<p>1 E estas s\u00e3o as gera\u00e7\u00f5es de Esa\u00fa, o qual \u00e9 Edom. 2 Esa\u00fa tomou suas mulheres das filhas de Cana\u00e3: a Ada, filha de Elom heteu, e a Oolibama, filha de An\u00e1, filha de Zibe\u00e3o os heveus; 3 E a Basemate, filha de Ismael, irm\u00e3 de Nebaiote. 4 E Ada deu \u00e0 luz de &hellip; <\/p>\n","protected":false},"author":2,"featured_media":263,"parent":233,"menu_order":36,"comment_status":"closed","ping_status":"closed","template":"","meta":{"om_disable_all_campaigns":false,"_monsterinsights_skip_tracking":false,"_monsterinsights_sitenote_active":false,"_monsterinsights_sitenote_note":"","_monsterinsights_sitenote_category":0,"footnotes":""},"class_list":["post-360","page","type-page","status-publish","has-post-thumbnail","hentry"],"aioseo_notices":[],"_links":{"self":[{"href":"https:\/\/bibliapresente.com\/postagens\/wp-json\/wp\/v2\/pages\/360","targetHints":{"allow":["GET"]}}],"collection":[{"href":"https:\/\/bibliapresente.com\/postagens\/wp-json\/wp\/v2\/pages"}],"about":[{"href":"https:\/\/bibliapresente.com\/postagens\/wp-json\/wp\/v2\/types\/page"}],"author":[{"embeddable":true,"href":"https:\/\/bibliapresente.com\/postagens\/wp-json\/wp\/v2\/users\/2"}],"replies":[{"embeddable":true,"href":"https:\/\/bibliapresente.com\/postagens\/wp-json\/wp\/v2\/comments?post=360"}],"version-history":[{"count":6,"href":"https:\/\/bibliapresente.com\/postagens\/wp-json\/wp\/v2\/pages\/360\/revisions"}],"predecessor-version":[{"id":669,"href":"https:\/\/bibliapresente.com\/postagens\/wp-json\/wp\/v2\/pages\/360\/revisions\/669"}],"up":[{"embeddable":true,"href":"https:\/\/bibliapresente.com\/postagens\/wp-json\/wp\/v2\/pages\/233"}],"wp:featuredmedia":[{"embeddable":true,"href":"https:\/\/bibliapresente.com\/postagens\/wp-json\/wp\/v2\/media\/263"}],"wp:attachment":[{"href":"https:\/\/bibliapresente.com\/postagens\/wp-json\/wp\/v2\/media?parent=360"}],"curies":[{"name":"wp","href":"https:\/\/api.w.org\/{rel}","templated":true}]}}