{"id":358,"date":"2025-01-04T19:34:38","date_gmt":"2025-01-04T22:34:38","guid":{"rendered":"https:\/\/bibliapresente.com\/postagens\/?page_id=358"},"modified":"2025-01-04T19:34:39","modified_gmt":"2025-01-04T22:34:39","slug":"genesis-35","status":"publish","type":"page","link":"https:\/\/bibliapresente.com\/postagens\/livros-da-biblia\/genesis\/genesis-35\/","title":{"rendered":"G\u00eanesis 35 &#8211; A Consagra\u00e7\u00e3o de Jac\u00f3 em Betel"},"content":{"rendered":"\n<p class=\"has-medium-font-size\"><span><span><sup><b>1<\/b><\/sup><\/span> E disse Deus a Jac\u00f3: Levanta-te, sobe a Betel, e fica ali; e faze ali um altar ao Deus que te apareceu quando fugias de teu irm\u00e3o Esa\u00fa. <\/span><br><span><span><sup><b>2<\/b><\/sup><\/span> Ent\u00e3o Jac\u00f3 disse \u00e0 sua fam\u00edlia e a todos os que com ele estavam: Tirai os deuses alheios que h\u00e1 entre v\u00f3s, e limpai-vos, e mudai vossas roupas. <\/span><br><span><span><sup><b>3<\/b><\/sup><\/span> E levantemo-nos, e subamos a Betel; e farei ali altar ao Deus que me respondeu no dia de minha ang\u00fastia, e foi comigo no caminho que andei. <\/span><br><span><span><sup><b>4<\/b><\/sup><\/span> Assim deram a Jac\u00f3 todos os deuses alheios que havia em poder deles, e os brincos que estavam em suas orelhas; e Jac\u00f3 os escondeu debaixo de um carvalho, que estava junto a Siqu\u00e9m. <\/span><br><span><span><sup><b>5<\/b><\/sup><\/span> E partiram-se, e o terror de Deus foi sobre as cidades que havia em seus arredores, e n\u00e3o seguiram atr\u00e1s dos filhos de Jac\u00f3. <\/span><br><span><span><sup><b>6<\/b><\/sup><\/span> E chegou Jac\u00f3 a Luz, que est\u00e1 em terra de Cana\u00e3, (esta \u00e9 Betel) ele e todo o povo que com ele estava; <\/span><br><span><span><sup><b>7<\/b><\/sup><\/span> E edificou ali um altar, e chamou o lugar El-Betel, porque ali lhe havia aparecido Deus, quando fugia de seu irm\u00e3o. <\/span><br><span><span><sup><b>8<\/b><\/sup><\/span> Ent\u00e3o morreu D\u00e9bora, ama de Rebeca, e foi sepultada \u00e0s ra\u00edzes de Betel, debaixo de um carvalho: e chamou-se seu nome Alom-Bacute. <\/span><br><span><span><sup><b>9<\/b><\/sup><\/span> E apareceu-se outra vez Deus a Jac\u00f3, quando se havia voltado de Pad\u00e3-Ar\u00e3, e aben\u00e7oou-lhe. <\/span><br><span><span><sup><b>10<\/b><\/sup><\/span> E disse-lhe Deus: Teu nome \u00e9 Jac\u00f3; n\u00e3o se chamar\u00e1 mais teu nome Jac\u00f3, mas sim Israel ser\u00e1 teu nome: e chamou seu nome Israel. <\/span><br><span><span><sup><b>11<\/b><\/sup><\/span> E disse-lhe Deus: Eu sou o Deus Todo-Poderoso: cresce e multiplica-te; uma na\u00e7\u00e3o e conjunto de na\u00e7\u00f5es proceder\u00e1 de ti, e reis sair\u00e3o de teus lombos: <\/span><br><span><span><sup><b>12<\/b><\/sup><\/span> E a terra que eu dei a Abra\u00e3o e a Isaque, a darei a ti: e \u00e0 tua descend\u00eancia depois de ti darei a terra. <\/span><br><span><span><sup><b>13<\/b><\/sup><\/span> E foi-se dele Deus, do lugar onde com ele havia falado. <\/span><br><span><span><sup><b>14<\/b><\/sup><\/span> E Jac\u00f3 erigiu uma coluna no lugar onde havia falado com ele, uma coluna de pedra, e derramou sobre ela liba\u00e7\u00e3o, e deitou sobre ela azeite. <\/span><br><span><span><sup><b>15<\/b><\/sup><\/span> E chamou Jac\u00f3 o nome daquele lugar onde Deus havia falado com ele, Betel. <\/span><br><span><span><sup><b>16<\/b><\/sup><\/span> E partiram de Betel, e havia ainda como alguma dist\u00e2ncia para chegar a Efrata, quando deu \u00e0 luz Raquel, e houve trabalho em seu parto. <\/span><br><span><span><sup><b>17<\/b><\/sup><\/span> E aconteceu, que quando havia trabalho em seu parto, disse-lhe a parteira: N\u00e3o temas, que tamb\u00e9m ter\u00e1s este filho. <\/span><br><span><span><sup><b>18<\/b><\/sup><\/span> E aconteceu que ao sair dela a alma, (pois morreu) chamou seu nome Benoni; mas seu pai o chamou Benjamim. <\/span><br><span><span><sup><b>19<\/b><\/sup><\/span> Assim morreu Raquel, e foi sepultada no caminho de Efrata, a qual \u00e9 Bel\u00e9m. <\/span><br><span><span><sup><b>20<\/b><\/sup><\/span> E p\u00f4s Jac\u00f3 uma coluna sobre sua sepultura: esta \u00e9 a coluna da sepultura de Raquel at\u00e9 hoje. <\/span><br><span><span><sup><b>21<\/b><\/sup><\/span> E partiu Israel, e estendeu sua tenda da outra parte de Migdal-Eder. <\/span><br><span><span><sup><b>22<\/b><\/sup><\/span> E aconteceu, morando Israel naquela terra, que foi R\u00faben e dormiu com Bila a concubina de seu pai; o qual chegou a entender Israel. Agora bem, os filhos de Israel foram doze: <\/span><br><span><span><sup><b>23<\/b><\/sup><\/span> Os filhos de Lia: R\u00faben o primog\u00eanito de Jac\u00f3, e Sime\u00e3o, e Levi, e Jud\u00e1, e Issacar, e Zebulom. <\/span><br><span><span><sup><b>24<\/b><\/sup><\/span> Os filhos de Raquel: Jos\u00e9, e Benjamim. <\/span><br><span><span><sup><b>25<\/b><\/sup><\/span> E os filhos de Bila, serva de Raquel: D\u00e3, e Naftali. <\/span><br><span><span><sup><b>26<\/b><\/sup><\/span> E os filhos de Zilpa, serva de Lia: Gade, e Aser. Estes foram os filhos de Jac\u00f3, que lhe nasceram em Pad\u00e3-Ar\u00e3. <\/span><br><span><span><sup><b>27<\/b><\/sup><\/span> E veio Jac\u00f3 a Isaque seu pai a Manre, \u00e0 cidade de Arba, que \u00e9 Hebrom, onde habitaram Abra\u00e3o e Isaque. <\/span><br><span><span><sup><b>28<\/b><\/sup><\/span> E foram os dias de Isaque cento e oitenta anos. <\/span><br><span><span><sup><b>29<\/b><\/sup><\/span> E expirou Isaque, e morreu, e foi recolhido a seus povos, velho e farto de dias; e sepultaram-no Esa\u00fa e Jac\u00f3 seus filhos.<\/span><\/p>\n\n\n\n<div class=\"wp-block-columns is-layout-flex wp-container-core-columns-is-layout-9d6595d7 wp-block-columns-is-layout-flex\">\n<div class=\"wp-block-column is-layout-flow wp-block-column-is-layout-flow\">\n<p><a href=\"\/genesis-34\">G\u00eanesis 34<\/a><\/p>\n<\/div>\n\n\n\n<div class=\"wp-block-column is-layout-flow wp-block-column-is-layout-flow\">\n<p class=\"has-text-align-right\"><a href=\"\/genesis-36\">G\u00eanesis 36<\/a><\/p>\n<\/div>\n<\/div>\n\n\n\n<h2 class=\"wp-block-heading\">Descri\u00e7\u00e3o &#8211; G\u00eanesis 35<\/h2>\n\n\n\n<p class=\"has-medium-font-size\">G\u00eanesis 35 relata a jornada de Jac\u00f3 a Betel, onde ele recebe a ordem de Deus para purificar sua casa e construir um altar em adora\u00e7\u00e3o. Jac\u00f3 obedece, enterrando os \u00eddolos de sua fam\u00edlia, reafirmando sua alian\u00e7a com o Senhor. Nesse cap\u00edtulo, Deus renova as promessas feitas a Abra\u00e3o e reafirma o nome de Jac\u00f3 como Israel. O texto tamb\u00e9m menciona a morte de Raquel ao dar \u00e0 luz Benjamim e o falecimento de Isaque. Esse cap\u00edtulo marca um ponto crucial de renova\u00e7\u00e3o espiritual e continuidade da alian\u00e7a divina.<\/p>\n\n\n\n<h3 class=\"wp-block-heading\">Livro do G\u00eanesis:<\/h3>\n\n\n<ul class=\"wp-block-page-list\"><li class=\"wp-block-pages-list__item\"><a class=\"wp-block-pages-list__item__link\" href=\"https:\/\/bibliapresente.com\/postagens\/livros-da-biblia\/genesis\/genesis-1\/\">G\u00eanesis 1 &#8211; A Cria\u00e7\u00e3o do Universo<\/a><\/li><li class=\"wp-block-pages-list__item\"><a class=\"wp-block-pages-list__item__link\" href=\"https:\/\/bibliapresente.com\/postagens\/livros-da-biblia\/genesis\/genesis-2\/\">G\u00eanesis 2 &#8211; O Jardim do \u00c9den<\/a><\/li><li class=\"wp-block-pages-list__item\"><a class=\"wp-block-pages-list__item__link\" href=\"https:\/\/bibliapresente.com\/postagens\/livros-da-biblia\/genesis\/genesis-3\/\">G\u00eanesis 3 &#8211; O Pecado Original<\/a><\/li><li class=\"wp-block-pages-list__item\"><a class=\"wp-block-pages-list__item__link\" href=\"https:\/\/bibliapresente.com\/postagens\/livros-da-biblia\/genesis\/genesis-4\/\">G\u00eanesis 4 &#8211; Caim e Abel<\/a><\/li><li class=\"wp-block-pages-list__item\"><a class=\"wp-block-pages-list__item__link\" href=\"https:\/\/bibliapresente.com\/postagens\/livros-da-biblia\/genesis\/genesis-5\/\">G\u00eanesis 5 &#8211; Genealogia de Ad\u00e3o a No\u00e9<\/a><\/li><li class=\"wp-block-pages-list__item\"><a class=\"wp-block-pages-list__item__link\" href=\"https:\/\/bibliapresente.com\/postagens\/livros-da-biblia\/genesis\/genesis-6-a-corrupcao-e-o-chamado-de-noe\/\">G\u00eanesis 6 &#8211; A Corrup\u00e7\u00e3o e o Chamado de No\u00e9<\/a><\/li><li class=\"wp-block-pages-list__item\"><a class=\"wp-block-pages-list__item__link\" href=\"https:\/\/bibliapresente.com\/postagens\/livros-da-biblia\/genesis\/genesis-7\/\">G\u00eanesis 7 &#8211; O Grande Dil\u00favio<\/a><\/li><li class=\"wp-block-pages-list__item\"><a class=\"wp-block-pages-list__item__link\" href=\"https:\/\/bibliapresente.com\/postagens\/livros-da-biblia\/genesis\/genesis-8\/\">G\u00eanesis 8 &#8211; As \u00c1guas do Dil\u00favio Recuam<\/a><\/li><li class=\"wp-block-pages-list__item\"><a class=\"wp-block-pages-list__item__link\" href=\"https:\/\/bibliapresente.com\/postagens\/livros-da-biblia\/genesis\/genesis-9\/\">G\u00eanesis 9 &#8211; A Grande Alian\u00e7a do Arco-\u00cdris<\/a><\/li><li class=\"wp-block-pages-list__item\"><a class=\"wp-block-pages-list__item__link\" href=\"https:\/\/bibliapresente.com\/postagens\/livros-da-biblia\/genesis\/genesis-10-as-nacoes-descendentes-de-noe\/\">G\u00eanesis 10 &#8211; As Na\u00e7\u00f5es Descendentes de No\u00e9<\/a><\/li><li class=\"wp-block-pages-list__item\"><a class=\"wp-block-pages-list__item__link\" href=\"https:\/\/bibliapresente.com\/postagens\/livros-da-biblia\/genesis\/genesis-11-a-torre-de-babel\/\">G\u00eanesis 11 &#8211; A Torre de Babel<\/a><\/li><li class=\"wp-block-pages-list__item\"><a class=\"wp-block-pages-list__item__link\" href=\"https:\/\/bibliapresente.com\/postagens\/livros-da-biblia\/genesis\/genesis-12-o-chamado-de-abraao\/\">G\u00eanesis 12 &#8211; O Chamado de Abra\u00e3o<\/a><\/li><li class=\"wp-block-pages-list__item\"><a class=\"wp-block-pages-list__item__link\" href=\"https:\/\/bibliapresente.com\/postagens\/livros-da-biblia\/genesis\/genesis-13-a-separacao-de-abrao-e-lo\/\">G\u00eanesis 13 &#8211; A Separa\u00e7\u00e3o de Abr\u00e3o e L\u00f3<\/a><\/li><li class=\"wp-block-pages-list__item\"><a class=\"wp-block-pages-list__item__link\" href=\"https:\/\/bibliapresente.com\/postagens\/livros-da-biblia\/genesis\/genesis-14\/\">G\u00eanesis 14 &#8211; A B\u00ean\u00e7\u00e3o de Melquisedeque<\/a><\/li><li class=\"wp-block-pages-list__item\"><a class=\"wp-block-pages-list__item__link\" href=\"https:\/\/bibliapresente.com\/postagens\/livros-da-biblia\/genesis\/genesis-15\/\">G\u00eanesis 15 &#8211; A Alian\u00e7a de Deus com Abr\u00e3o<\/a><\/li><li class=\"wp-block-pages-list__item\"><a class=\"wp-block-pages-list__item__link\" href=\"https:\/\/bibliapresente.com\/postagens\/livros-da-biblia\/genesis\/genesis-16\/\">G\u00eanesis 16 &#8211; O Nascimento de Ismael<\/a><\/li><li class=\"wp-block-pages-list__item\"><a class=\"wp-block-pages-list__item__link\" href=\"https:\/\/bibliapresente.com\/postagens\/livros-da-biblia\/genesis\/genesis-17\/\">G\u00eanesis 17 &#8211; A Institui\u00e7\u00e3o da Circuncis\u00e3o<\/a><\/li><li class=\"wp-block-pages-list__item\"><a class=\"wp-block-pages-list__item__link\" href=\"https:\/\/bibliapresente.com\/postagens\/livros-da-biblia\/genesis\/genesis-18\/\">G\u00eanesis 18 &#8211; A Visita dos Tr\u00eas Anjos<\/a><\/li><li class=\"wp-block-pages-list__item\"><a class=\"wp-block-pages-list__item__link\" href=\"https:\/\/bibliapresente.com\/postagens\/livros-da-biblia\/genesis\/genesis-19\/\">G\u00eanesis 19 &#8211; Sodoma e Gomorra<\/a><\/li><li class=\"wp-block-pages-list__item\"><a class=\"wp-block-pages-list__item__link\" href=\"https:\/\/bibliapresente.com\/postagens\/livros-da-biblia\/genesis\/genesis-20\/\">G\u00eanesis 20 &#8211; Abra\u00e3o e Abimeleque<\/a><\/li><li class=\"wp-block-pages-list__item\"><a class=\"wp-block-pages-list__item__link\" href=\"https:\/\/bibliapresente.com\/postagens\/livros-da-biblia\/genesis\/genesis-21\/\">G\u00eanesis 21 &#8211; O Nascimento de Isaque<\/a><\/li><li class=\"wp-block-pages-list__item\"><a class=\"wp-block-pages-list__item__link\" href=\"https:\/\/bibliapresente.com\/postagens\/livros-da-biblia\/genesis\/genesis-22\/\">G\u00eanesis 22 &#8211; O Sacrif\u00edcio de Isaque<\/a><\/li><li class=\"wp-block-pages-list__item\"><a class=\"wp-block-pages-list__item__link\" href=\"https:\/\/bibliapresente.com\/postagens\/livros-da-biblia\/genesis\/genesis-23\/\">G\u00eanesis 23 &#8211; A Morte de Sara<\/a><\/li><li class=\"wp-block-pages-list__item\"><a class=\"wp-block-pages-list__item__link\" href=\"https:\/\/bibliapresente.com\/postagens\/livros-da-biblia\/genesis\/genesis-24\/\">G\u00eanesis 24 &#8211; O Casamento de Isaque<\/a><\/li><li class=\"wp-block-pages-list__item\"><a class=\"wp-block-pages-list__item__link\" href=\"https:\/\/bibliapresente.com\/postagens\/livros-da-biblia\/genesis\/genesis-25\/\">G\u00eanesis 25 &#8211; O Nascimento de Esa\u00fa e Jac\u00f3<\/a><\/li><li class=\"wp-block-pages-list__item\"><a class=\"wp-block-pages-list__item__link\" href=\"https:\/\/bibliapresente.com\/postagens\/livros-da-biblia\/genesis\/genesis-26\/\">G\u00eanesis 26 &#8211; As Promessas de Deus a Isaque<\/a><\/li><li class=\"wp-block-pages-list__item\"><a class=\"wp-block-pages-list__item__link\" href=\"https:\/\/bibliapresente.com\/postagens\/livros-da-biblia\/genesis\/genesis-27\/\">G\u00eanesis 27 &#8211; Jac\u00f3 Engana Isaque<\/a><\/li><li class=\"wp-block-pages-list__item\"><a class=\"wp-block-pages-list__item__link\" href=\"https:\/\/bibliapresente.com\/postagens\/livros-da-biblia\/genesis\/genesis-28\/\">G\u00eanesis 28 &#8211; O Sonho de Jac\u00f3 em Betel<\/a><\/li><li class=\"wp-block-pages-list__item\"><a class=\"wp-block-pages-list__item__link\" href=\"https:\/\/bibliapresente.com\/postagens\/livros-da-biblia\/genesis\/genesis-29\/\">G\u00eanesis 29 &#8211; Jac\u00f3 e as Filhas de Lab\u00e3o<\/a><\/li><li class=\"wp-block-pages-list__item\"><a class=\"wp-block-pages-list__item__link\" href=\"https:\/\/bibliapresente.com\/postagens\/livros-da-biblia\/genesis\/genesis-30\/\">G\u00eanesis 30 &#8211; O Acordo de Jac\u00f3 com Lab\u00e3o<\/a><\/li><li class=\"wp-block-pages-list__item\"><a class=\"wp-block-pages-list__item__link\" href=\"https:\/\/bibliapresente.com\/postagens\/livros-da-biblia\/genesis\/genesis-31\/\">G\u00eanesis 31 &#8211; A Fuga de Jac\u00f3<\/a><\/li><li class=\"wp-block-pages-list__item\"><a class=\"wp-block-pages-list__item__link\" href=\"https:\/\/bibliapresente.com\/postagens\/livros-da-biblia\/genesis\/genesis-32\/\">G\u00eanesis 32 &#8211; A Luta de Jac\u00f3 com O Anjo<\/a><\/li><li class=\"wp-block-pages-list__item\"><a class=\"wp-block-pages-list__item__link\" href=\"https:\/\/bibliapresente.com\/postagens\/livros-da-biblia\/genesis\/genesis-33\/\">G\u00eanesis 33 &#8211; A Reconcilia\u00e7\u00e3o de Jac\u00f3 e Esa\u00fa<\/a><\/li><li class=\"wp-block-pages-list__item\"><a class=\"wp-block-pages-list__item__link\" href=\"https:\/\/bibliapresente.com\/postagens\/livros-da-biblia\/genesis\/genesis-34\/\">G\u00eanesis 34 &#8211; O Caso de Din\u00e1<\/a><\/li><li class=\"wp-block-pages-list__item\"><a class=\"wp-block-pages-list__item__link\" href=\"https:\/\/bibliapresente.com\/postagens\/livros-da-biblia\/genesis\/genesis-35\/\">G\u00eanesis 35 &#8211; A Consagra\u00e7\u00e3o de Jac\u00f3 em Betel<\/a><\/li><li class=\"wp-block-pages-list__item\"><a class=\"wp-block-pages-list__item__link\" href=\"https:\/\/bibliapresente.com\/postagens\/livros-da-biblia\/genesis\/genesis-36\/\">G\u00eanesis 36 &#8211; Os Descendentes de Esa\u00fa<\/a><\/li><li class=\"wp-block-pages-list__item\"><a class=\"wp-block-pages-list__item__link\" href=\"https:\/\/bibliapresente.com\/postagens\/livros-da-biblia\/genesis\/genesis-37\/\">G\u00eanesis 37 &#8211; Jos\u00e9 Vendido como Escravo<\/a><\/li><li class=\"wp-block-pages-list__item\"><a class=\"wp-block-pages-list__item__link\" href=\"https:\/\/bibliapresente.com\/postagens\/livros-da-biblia\/genesis\/genesis-38\/\">G\u00eanesis 38 &#8211; Jud\u00e1 e Tamar<\/a><\/li><li class=\"wp-block-pages-list__item\"><a class=\"wp-block-pages-list__item__link\" href=\"https:\/\/bibliapresente.com\/postagens\/livros-da-biblia\/genesis\/genesis-39\/\">G\u00eanesis 39 &#8211; Jos\u00e9 na Casa de Potifar<\/a><\/li><li class=\"wp-block-pages-list__item\"><a class=\"wp-block-pages-list__item__link\" href=\"https:\/\/bibliapresente.com\/postagens\/livros-da-biblia\/genesis\/genesis-40\/\">G\u00eanesis 40 &#8211; Jos\u00e9 Interpreta Sonhos<\/a><\/li><li class=\"wp-block-pages-list__item\"><a class=\"wp-block-pages-list__item__link\" href=\"https:\/\/bibliapresente.com\/postagens\/livros-da-biblia\/genesis\/genesis-41\/\">G\u00eanesis 41 &#8211; O Sonho do Fara\u00f3<\/a><\/li><li class=\"wp-block-pages-list__item\"><a class=\"wp-block-pages-list__item__link\" href=\"https:\/\/bibliapresente.com\/postagens\/livros-da-biblia\/genesis\/genesis-42\/\">G\u00eanesis 42 &#8211; Os Irm\u00e3os de Jos\u00e9 no Egito<\/a><\/li><li class=\"wp-block-pages-list__item\"><a class=\"wp-block-pages-list__item__link\" href=\"https:\/\/bibliapresente.com\/postagens\/livros-da-biblia\/genesis\/genesis-43\/\">G\u00eanesis 43 &#8211; Benjamim Vai ao Egito<\/a><\/li><li class=\"wp-block-pages-list__item\"><a class=\"wp-block-pages-list__item__link\" href=\"https:\/\/bibliapresente.com\/postagens\/livros-da-biblia\/genesis\/genesis-44\/\">G\u00eanesis 44 &#8211; O Sacrif\u00edcio de Jud\u00e1<\/a><\/li><li class=\"wp-block-pages-list__item\"><a class=\"wp-block-pages-list__item__link\" href=\"https:\/\/bibliapresente.com\/postagens\/livros-da-biblia\/genesis\/genesis-45\/\">G\u00eanesis 45 &#8211; Jos\u00e9 se Revela a seus Irm\u00e3os<\/a><\/li><li class=\"wp-block-pages-list__item\"><a class=\"wp-block-pages-list__item__link\" href=\"https:\/\/bibliapresente.com\/postagens\/livros-da-biblia\/genesis\/genesis-46\/\">G\u00eanesis 46 &#8211; A Viagem de Jac\u00f3 ao Egito<\/a><\/li><li class=\"wp-block-pages-list__item\"><a class=\"wp-block-pages-list__item__link\" href=\"https:\/\/bibliapresente.com\/postagens\/livros-da-biblia\/genesis\/genesis-47\/\">G\u00eanesis 47 &#8211; Jac\u00f3 Aben\u00e7oa o Fara\u00f3<\/a><\/li><li class=\"wp-block-pages-list__item\"><a class=\"wp-block-pages-list__item__link\" href=\"https:\/\/bibliapresente.com\/postagens\/livros-da-biblia\/genesis\/genesis-48\/\">G\u00eanesis 48 &#8211; Jac\u00f3 Aben\u00e7oa os Filhos de Jos\u00e9<\/a><\/li><li class=\"wp-block-pages-list__item\"><a class=\"wp-block-pages-list__item__link\" href=\"https:\/\/bibliapresente.com\/postagens\/livros-da-biblia\/genesis\/genesis-49\/\">G\u00eanesis 49 &#8211; B\u00ean\u00e7\u00e3os de Jac\u00f3 a Seus Filhos<\/a><\/li><li class=\"wp-block-pages-list__item\"><a class=\"wp-block-pages-list__item__link\" href=\"https:\/\/bibliapresente.com\/postagens\/livros-da-biblia\/genesis\/genesis-50\/\">G\u00eanesis 50 &#8211; A Morte de Jac\u00f3<\/a><\/li><\/ul>","protected":false},"excerpt":{"rendered":"<p>1 E disse Deus a Jac\u00f3: Levanta-te, sobe a Betel, e fica ali; e faze ali um altar ao Deus que te apareceu quando fugias de teu irm\u00e3o Esa\u00fa. 2 Ent\u00e3o Jac\u00f3 disse \u00e0 sua fam\u00edlia e a todos os que com ele estavam: Tirai os deuses alheios que h\u00e1 entre v\u00f3s, e limpai-vos, e &hellip; <\/p>\n","protected":false},"author":2,"featured_media":263,"parent":233,"menu_order":35,"comment_status":"closed","ping_status":"closed","template":"","meta":{"om_disable_all_campaigns":false,"_monsterinsights_skip_tracking":false,"_monsterinsights_sitenote_active":false,"_monsterinsights_sitenote_note":"","_monsterinsights_sitenote_category":0,"footnotes":""},"class_list":["post-358","page","type-page","status-publish","has-post-thumbnail","hentry"],"aioseo_notices":[],"_links":{"self":[{"href":"https:\/\/bibliapresente.com\/postagens\/wp-json\/wp\/v2\/pages\/358","targetHints":{"allow":["GET"]}}],"collection":[{"href":"https:\/\/bibliapresente.com\/postagens\/wp-json\/wp\/v2\/pages"}],"about":[{"href":"https:\/\/bibliapresente.com\/postagens\/wp-json\/wp\/v2\/types\/page"}],"author":[{"embeddable":true,"href":"https:\/\/bibliapresente.com\/postagens\/wp-json\/wp\/v2\/users\/2"}],"replies":[{"embeddable":true,"href":"https:\/\/bibliapresente.com\/postagens\/wp-json\/wp\/v2\/comments?post=358"}],"version-history":[{"count":5,"href":"https:\/\/bibliapresente.com\/postagens\/wp-json\/wp\/v2\/pages\/358\/revisions"}],"predecessor-version":[{"id":558,"href":"https:\/\/bibliapresente.com\/postagens\/wp-json\/wp\/v2\/pages\/358\/revisions\/558"}],"up":[{"embeddable":true,"href":"https:\/\/bibliapresente.com\/postagens\/wp-json\/wp\/v2\/pages\/233"}],"wp:featuredmedia":[{"embeddable":true,"href":"https:\/\/bibliapresente.com\/postagens\/wp-json\/wp\/v2\/media\/263"}],"wp:attachment":[{"href":"https:\/\/bibliapresente.com\/postagens\/wp-json\/wp\/v2\/media?parent=358"}],"curies":[{"name":"wp","href":"https:\/\/api.w.org\/{rel}","templated":true}]}}