{"id":352,"date":"2025-01-04T19:16:25","date_gmt":"2025-01-04T22:16:25","guid":{"rendered":"https:\/\/bibliapresente.com\/postagens\/?page_id=352"},"modified":"2025-01-04T19:16:26","modified_gmt":"2025-01-04T22:16:26","slug":"genesis-32","status":"publish","type":"page","link":"https:\/\/bibliapresente.com\/postagens\/livros-da-biblia\/genesis\/genesis-32\/","title":{"rendered":"G\u00eanesis 32 &#8211; A Luta de Jac\u00f3 com O Anjo"},"content":{"rendered":"\n<p class=\"has-medium-font-size\" style=\"letter-spacing:1px\"><span><span><sup><b>1<\/b><\/sup><\/span> E Jac\u00f3 se foi seu caminho, e sa\u00edram-lhe ao encontro anjos de Deus. <\/span><br><span><span><sup><b>2<\/b><\/sup><\/span> E disse Jac\u00f3 quando os viu: O campo de Deus \u00e9 este: e chamou o nome daquele lugar Maanaim. <\/span><br><span><span><sup><b>3<\/b><\/sup><\/span> E enviou Jac\u00f3 mensageiros diante de si a Esa\u00fa seu irm\u00e3o, \u00e0 terra de Seir, campo de Edom. <\/span><br><span><span><sup><b>4<\/b><\/sup><\/span> E mandou-lhes dizendo: Assim direis a mim senhor Esa\u00fa: Assim diz teu servo Jac\u00f3: Com Lab\u00e3o morei, e detive-me at\u00e9 agora; <\/span><br><span><span><sup><b>5<\/b><\/sup><\/span> E tenho vacas, e asnos, e ovelhas, e servos, e servas; e envio a diz\u00ea-lo a meu senhor, para achar favor em teus olhos. <\/span><br><span><span><sup><b>6<\/b><\/sup><\/span> E os mensageiros voltaram a Jac\u00f3, dizendo: Viemos a teu irm\u00e3o Esa\u00fa, e ele tamb\u00e9m veio a receber-te, e quatrocentos homens com ele. <\/span><br><span><span><sup><b>7<\/b><\/sup><\/span> Ent\u00e3o Jac\u00f3 teve grande temor, e angustiou-se; e partiu o povo que tinha consigo, e as ovelhas e as vacas e os camelos, em dois grupos; <\/span><br><span><span><sup><b>8<\/b><\/sup><\/span> E disse: Se vier Esa\u00fa a um grupo e o ferir, o outro grupo escapar\u00e1. <\/span><br><span><span><sup><b>9<\/b><\/sup><\/span> E disse Jac\u00f3: Deus de meu pai Abra\u00e3o, e Deus de meu pai Isaque, o SENHOR, que me disseste: Volta-te \u00e0 tua terra e \u00e0 tua parentela, e eu te farei bem. <\/span><br><span><span><sup><b>10<\/b><\/sup><\/span> Menor sou que todas as miseric\u00f3rdias, e que toda a verdade que usaste para com teu servo; que com meu bord\u00e3o passei este Jord\u00e3o, e agora estou sobre dois grupos. <\/span><br><span><span><sup><b>11<\/b><\/sup><\/span> Livra-me agora da m\u00e3o de meu irm\u00e3o, da m\u00e3o de Esa\u00fa, porque o temo; n\u00e3o venha talvez, e me fira a m\u00e3e com os filhos. <\/span><br><span><span><sup><b>12<\/b><\/sup><\/span> E tu disseste: Eu te farei bem, e porei tua descend\u00eancia como a areia do mar, que n\u00e3o se pode contar pela multid\u00e3o. <\/span><br><span><span><sup><b>13<\/b><\/sup><\/span> E dormiu ali aquela noite, e tomou do que lhe veio \u00e0 m\u00e3o um presente para seu irm\u00e3o Esa\u00fa. <\/span><br><span><span><sup><b>14<\/b><\/sup><\/span> Duzentas cabras e vinte machos de bode, duzentas ovelhas e vinte carneiros, <\/span><br><span><span><sup><b>15<\/b><\/sup><\/span> Trinta camelas de cria, com seus filhotes, quarenta vacas e dez novilhos, vinte asnas e dez jumentos. <\/span><br><span><span><sup><b>16<\/b><\/sup><\/span> E entregou-o em m\u00e3o de seus servos, cada manada \u00e0 parte; e disse a seus servos: Passai diante de mim, e ponde espa\u00e7o entre manada e manada. <\/span><br><span><span><sup><b>17<\/b><\/sup><\/span> E mandou ao primeiro, dizendo: Se Esa\u00fa meu irm\u00e3o te encontrar, e te perguntar, dizendo De quem \u00e9s? e aonde vais? e para quem \u00e9 isto que levas diante de ti? <\/span><br><span><span><sup><b>18<\/b><\/sup><\/span> Ent\u00e3o dir\u00e1s: Presente \u00e9 de teu servo Jac\u00f3, que envia a meu senhor Esa\u00fa; e eis que tamb\u00e9m ele vem atr\u00e1s de n\u00f3s. <\/span><br><span><span><sup><b>19<\/b><\/sup><\/span> E mandou tamb\u00e9m ao segundo, e ao terceiro, e a todos os que iam atr\u00e1s aquelas manadas, dizendo: Conforme isto falareis a Esa\u00fa, quando o achardes. <\/span><br><span><span><sup><b>20<\/b><\/sup><\/span> E direis tamb\u00e9m: Eis que teu servo Jac\u00f3 vem atr\u00e1s de n\u00f3s. Porque disse: Apaziguarei sua ira com o presente que vai adiante de mim, e depois verei seu rosto; talvez lhe serei aceito. <\/span><br><span><span><sup><b>21<\/b><\/sup><\/span> E passou o presente adiante dele; e ele dormiu aquela noite no acampamento. <\/span><br><span><span><sup><b>22<\/b><\/sup><\/span> E levantou-se aquela noite, e tomou suas duas mulheres, e suas duas servas, e seus onze filhos, e passou o vau de Jaboque. <\/span><br><span><span><sup><b>23<\/b><\/sup><\/span> Tomou-os, pois, e passou-os o ribeiro, e fez passar o que tinha. <\/span><br><span><span><sup><b>24<\/b><\/sup><\/span> E ficou Jac\u00f3 sozinho, e lutou com ele um homem at\u00e9 que raiava a alva. <\/span><br><span><span><sup><b>25<\/b><\/sup><\/span> E quando viu que n\u00e3o podia com ele, tocou no lugar da juntura de sua coxa, e desconjuntou-se a coxa de Jac\u00f3 enquanto com ele lutava. <\/span><br><span><span><sup><b>26<\/b><\/sup><\/span> E disse: Deixa-me, que raia a alva. E ele disse: N\u00e3o te deixarei, se n\u00e3o me aben\u00e7oares. <\/span><br><span><span><sup><b>27<\/b><\/sup><\/span> E ele lhe disse: Qual \u00e9 teu nome? E ele respondeu: Jac\u00f3. <\/span><br><span><span><sup><b>28<\/b><\/sup><\/span> E ele disse: N\u00e3o se dir\u00e1 mais teu nome Jac\u00f3, mas sim Israel: porque lutaste com Deus e com os homens, e venceste. <\/span><br><span><span><sup><b>29<\/b><\/sup><\/span> Ent\u00e3o Jac\u00f3 lhe perguntou, e disse: Declara-me agora teu nome. E ele respondeu: Por que perguntas por meu nome? E aben\u00e7oou-o ali. <\/span><br><span><span><sup><b>30<\/b><\/sup><\/span> E chamou Jac\u00f3 o nome daquele lugar Peniel: porque vi a Deus face a face, e foi livrada minha alma. <\/span><br><span><span><sup><b>31<\/b><\/sup><\/span> E saiu-lhe o sol quando passou a Peniel; e andava mancando de sua coxa. <\/span><br><span><span><sup><b>32<\/b><\/sup><\/span> Por isto at\u00e9 o dia de hoje os filhos de Israel n\u00e3o comem do tend\u00e3o que se contrai, o qual est\u00e1 na juntura da coxa; porque o homem tocou a Jac\u00f3 este lugar de sua coxa no tend\u00e3o que se contrai.<\/span><\/p>\n\n\n\n<div class=\"wp-block-columns is-layout-flex wp-container-core-columns-is-layout-9d6595d7 wp-block-columns-is-layout-flex\">\n<div class=\"wp-block-column is-layout-flow wp-block-column-is-layout-flow\">\n<p><a href=\"\/genesis-31\">G\u00eanesis 31<\/a><\/p>\n<\/div>\n\n\n\n<div class=\"wp-block-column is-layout-flow wp-block-column-is-layout-flow\">\n<p class=\"has-text-align-right\"><a href=\"\/genesis-33\">G\u00eanesis 33<\/a><\/p>\n<\/div>\n<\/div>\n\n\n\n<h2 class=\"wp-block-heading\">Descri\u00e7\u00e3o &#8211; G\u00eanesis 32<\/h2>\n\n\n\n<p class=\"has-medium-font-size\">G\u00eanesis 32 narra o retorno de Jac\u00f3 \u00e0 terra prometida e seu encontro com Esa\u00fa, de quem havia se separado ap\u00f3s conflitos. Temendo a rea\u00e7\u00e3o do irm\u00e3o, Jac\u00f3 ora a Deus e envia presentes como sinal de paz. Durante a noite, ele luta com um anjo, um evento transformador que simboliza sua mudan\u00e7a espiritual e recebe o nome Israel. Esse cap\u00edtulo destaca a import\u00e2ncia da ora\u00e7\u00e3o, reconcilia\u00e7\u00e3o e confian\u00e7a em Deus.<\/p>\n\n\n\n<h3 class=\"wp-block-heading\">Livro do G\u00eanesis:<\/h3>\n\n\n<ul class=\"wp-block-page-list\"><li class=\"wp-block-pages-list__item\"><a class=\"wp-block-pages-list__item__link\" href=\"https:\/\/bibliapresente.com\/postagens\/livros-da-biblia\/genesis\/genesis-1\/\">G\u00eanesis 1 &#8211; A Cria\u00e7\u00e3o do Universo<\/a><\/li><li class=\"wp-block-pages-list__item\"><a class=\"wp-block-pages-list__item__link\" href=\"https:\/\/bibliapresente.com\/postagens\/livros-da-biblia\/genesis\/genesis-2\/\">G\u00eanesis 2 &#8211; O Jardim do \u00c9den<\/a><\/li><li class=\"wp-block-pages-list__item\"><a class=\"wp-block-pages-list__item__link\" href=\"https:\/\/bibliapresente.com\/postagens\/livros-da-biblia\/genesis\/genesis-3\/\">G\u00eanesis 3 &#8211; O Pecado Original<\/a><\/li><li class=\"wp-block-pages-list__item\"><a class=\"wp-block-pages-list__item__link\" href=\"https:\/\/bibliapresente.com\/postagens\/livros-da-biblia\/genesis\/genesis-4\/\">G\u00eanesis 4 &#8211; Caim e Abel<\/a><\/li><li class=\"wp-block-pages-list__item\"><a class=\"wp-block-pages-list__item__link\" href=\"https:\/\/bibliapresente.com\/postagens\/livros-da-biblia\/genesis\/genesis-5\/\">G\u00eanesis 5 &#8211; Genealogia de Ad\u00e3o a No\u00e9<\/a><\/li><li class=\"wp-block-pages-list__item\"><a class=\"wp-block-pages-list__item__link\" href=\"https:\/\/bibliapresente.com\/postagens\/livros-da-biblia\/genesis\/genesis-6-a-corrupcao-e-o-chamado-de-noe\/\">G\u00eanesis 6 &#8211; A Corrup\u00e7\u00e3o e o Chamado de No\u00e9<\/a><\/li><li class=\"wp-block-pages-list__item\"><a class=\"wp-block-pages-list__item__link\" href=\"https:\/\/bibliapresente.com\/postagens\/livros-da-biblia\/genesis\/genesis-7\/\">G\u00eanesis 7 &#8211; O Grande Dil\u00favio<\/a><\/li><li class=\"wp-block-pages-list__item\"><a class=\"wp-block-pages-list__item__link\" href=\"https:\/\/bibliapresente.com\/postagens\/livros-da-biblia\/genesis\/genesis-8\/\">G\u00eanesis 8 &#8211; As \u00c1guas do Dil\u00favio Recuam<\/a><\/li><li class=\"wp-block-pages-list__item\"><a class=\"wp-block-pages-list__item__link\" href=\"https:\/\/bibliapresente.com\/postagens\/livros-da-biblia\/genesis\/genesis-9\/\">G\u00eanesis 9 &#8211; A Grande Alian\u00e7a do Arco-\u00cdris<\/a><\/li><li class=\"wp-block-pages-list__item\"><a class=\"wp-block-pages-list__item__link\" href=\"https:\/\/bibliapresente.com\/postagens\/livros-da-biblia\/genesis\/genesis-10-as-nacoes-descendentes-de-noe\/\">G\u00eanesis 10 &#8211; As Na\u00e7\u00f5es Descendentes de No\u00e9<\/a><\/li><li class=\"wp-block-pages-list__item\"><a class=\"wp-block-pages-list__item__link\" href=\"https:\/\/bibliapresente.com\/postagens\/livros-da-biblia\/genesis\/genesis-11-a-torre-de-babel\/\">G\u00eanesis 11 &#8211; A Torre de Babel<\/a><\/li><li class=\"wp-block-pages-list__item\"><a class=\"wp-block-pages-list__item__link\" href=\"https:\/\/bibliapresente.com\/postagens\/livros-da-biblia\/genesis\/genesis-12-o-chamado-de-abraao\/\">G\u00eanesis 12 &#8211; O Chamado de Abra\u00e3o<\/a><\/li><li class=\"wp-block-pages-list__item\"><a class=\"wp-block-pages-list__item__link\" href=\"https:\/\/bibliapresente.com\/postagens\/livros-da-biblia\/genesis\/genesis-13-a-separacao-de-abrao-e-lo\/\">G\u00eanesis 13 &#8211; A Separa\u00e7\u00e3o de Abr\u00e3o e L\u00f3<\/a><\/li><li class=\"wp-block-pages-list__item\"><a class=\"wp-block-pages-list__item__link\" href=\"https:\/\/bibliapresente.com\/postagens\/livros-da-biblia\/genesis\/genesis-14\/\">G\u00eanesis 14 &#8211; A B\u00ean\u00e7\u00e3o de Melquisedeque<\/a><\/li><li class=\"wp-block-pages-list__item\"><a class=\"wp-block-pages-list__item__link\" href=\"https:\/\/bibliapresente.com\/postagens\/livros-da-biblia\/genesis\/genesis-15\/\">G\u00eanesis 15 &#8211; A Alian\u00e7a de Deus com Abr\u00e3o<\/a><\/li><li class=\"wp-block-pages-list__item\"><a class=\"wp-block-pages-list__item__link\" href=\"https:\/\/bibliapresente.com\/postagens\/livros-da-biblia\/genesis\/genesis-16\/\">G\u00eanesis 16 &#8211; O Nascimento de Ismael<\/a><\/li><li class=\"wp-block-pages-list__item\"><a class=\"wp-block-pages-list__item__link\" href=\"https:\/\/bibliapresente.com\/postagens\/livros-da-biblia\/genesis\/genesis-17\/\">G\u00eanesis 17 &#8211; A Institui\u00e7\u00e3o da Circuncis\u00e3o<\/a><\/li><li class=\"wp-block-pages-list__item\"><a class=\"wp-block-pages-list__item__link\" href=\"https:\/\/bibliapresente.com\/postagens\/livros-da-biblia\/genesis\/genesis-18\/\">G\u00eanesis 18 &#8211; A Visita dos Tr\u00eas Anjos<\/a><\/li><li class=\"wp-block-pages-list__item\"><a class=\"wp-block-pages-list__item__link\" href=\"https:\/\/bibliapresente.com\/postagens\/livros-da-biblia\/genesis\/genesis-19\/\">G\u00eanesis 19 &#8211; Sodoma e Gomorra<\/a><\/li><li class=\"wp-block-pages-list__item\"><a class=\"wp-block-pages-list__item__link\" href=\"https:\/\/bibliapresente.com\/postagens\/livros-da-biblia\/genesis\/genesis-20\/\">G\u00eanesis 20 &#8211; Abra\u00e3o e Abimeleque<\/a><\/li><li class=\"wp-block-pages-list__item\"><a class=\"wp-block-pages-list__item__link\" href=\"https:\/\/bibliapresente.com\/postagens\/livros-da-biblia\/genesis\/genesis-21\/\">G\u00eanesis 21 &#8211; O Nascimento de Isaque<\/a><\/li><li class=\"wp-block-pages-list__item\"><a class=\"wp-block-pages-list__item__link\" href=\"https:\/\/bibliapresente.com\/postagens\/livros-da-biblia\/genesis\/genesis-22\/\">G\u00eanesis 22 &#8211; O Sacrif\u00edcio de Isaque<\/a><\/li><li class=\"wp-block-pages-list__item\"><a class=\"wp-block-pages-list__item__link\" href=\"https:\/\/bibliapresente.com\/postagens\/livros-da-biblia\/genesis\/genesis-23\/\">G\u00eanesis 23 &#8211; A Morte de Sara<\/a><\/li><li class=\"wp-block-pages-list__item\"><a class=\"wp-block-pages-list__item__link\" href=\"https:\/\/bibliapresente.com\/postagens\/livros-da-biblia\/genesis\/genesis-24\/\">G\u00eanesis 24 &#8211; O Casamento de Isaque<\/a><\/li><li class=\"wp-block-pages-list__item\"><a class=\"wp-block-pages-list__item__link\" href=\"https:\/\/bibliapresente.com\/postagens\/livros-da-biblia\/genesis\/genesis-25\/\">G\u00eanesis 25 &#8211; O Nascimento de Esa\u00fa e Jac\u00f3<\/a><\/li><li class=\"wp-block-pages-list__item\"><a class=\"wp-block-pages-list__item__link\" href=\"https:\/\/bibliapresente.com\/postagens\/livros-da-biblia\/genesis\/genesis-26\/\">G\u00eanesis 26 &#8211; As Promessas de Deus a Isaque<\/a><\/li><li class=\"wp-block-pages-list__item\"><a class=\"wp-block-pages-list__item__link\" href=\"https:\/\/bibliapresente.com\/postagens\/livros-da-biblia\/genesis\/genesis-27\/\">G\u00eanesis 27 &#8211; Jac\u00f3 Engana Isaque<\/a><\/li><li class=\"wp-block-pages-list__item\"><a class=\"wp-block-pages-list__item__link\" href=\"https:\/\/bibliapresente.com\/postagens\/livros-da-biblia\/genesis\/genesis-28\/\">G\u00eanesis 28 &#8211; O Sonho de Jac\u00f3 em Betel<\/a><\/li><li class=\"wp-block-pages-list__item\"><a class=\"wp-block-pages-list__item__link\" href=\"https:\/\/bibliapresente.com\/postagens\/livros-da-biblia\/genesis\/genesis-29\/\">G\u00eanesis 29 &#8211; Jac\u00f3 e as Filhas de Lab\u00e3o<\/a><\/li><li class=\"wp-block-pages-list__item\"><a class=\"wp-block-pages-list__item__link\" href=\"https:\/\/bibliapresente.com\/postagens\/livros-da-biblia\/genesis\/genesis-30\/\">G\u00eanesis 30 &#8211; O Acordo de Jac\u00f3 com Lab\u00e3o<\/a><\/li><li class=\"wp-block-pages-list__item\"><a class=\"wp-block-pages-list__item__link\" href=\"https:\/\/bibliapresente.com\/postagens\/livros-da-biblia\/genesis\/genesis-31\/\">G\u00eanesis 31 &#8211; A Fuga de Jac\u00f3<\/a><\/li><li class=\"wp-block-pages-list__item\"><a class=\"wp-block-pages-list__item__link\" href=\"https:\/\/bibliapresente.com\/postagens\/livros-da-biblia\/genesis\/genesis-32\/\">G\u00eanesis 32 &#8211; A Luta de Jac\u00f3 com O Anjo<\/a><\/li><li class=\"wp-block-pages-list__item\"><a class=\"wp-block-pages-list__item__link\" href=\"https:\/\/bibliapresente.com\/postagens\/livros-da-biblia\/genesis\/genesis-33\/\">G\u00eanesis 33 &#8211; A Reconcilia\u00e7\u00e3o de Jac\u00f3 e Esa\u00fa<\/a><\/li><li class=\"wp-block-pages-list__item\"><a class=\"wp-block-pages-list__item__link\" href=\"https:\/\/bibliapresente.com\/postagens\/livros-da-biblia\/genesis\/genesis-34\/\">G\u00eanesis 34 &#8211; O Caso de Din\u00e1<\/a><\/li><li class=\"wp-block-pages-list__item\"><a class=\"wp-block-pages-list__item__link\" href=\"https:\/\/bibliapresente.com\/postagens\/livros-da-biblia\/genesis\/genesis-35\/\">G\u00eanesis 35 &#8211; A Consagra\u00e7\u00e3o de Jac\u00f3 em Betel<\/a><\/li><li class=\"wp-block-pages-list__item\"><a class=\"wp-block-pages-list__item__link\" href=\"https:\/\/bibliapresente.com\/postagens\/livros-da-biblia\/genesis\/genesis-36\/\">G\u00eanesis 36 &#8211; Os Descendentes de Esa\u00fa<\/a><\/li><li class=\"wp-block-pages-list__item\"><a class=\"wp-block-pages-list__item__link\" href=\"https:\/\/bibliapresente.com\/postagens\/livros-da-biblia\/genesis\/genesis-37\/\">G\u00eanesis 37 &#8211; Jos\u00e9 Vendido como Escravo<\/a><\/li><li class=\"wp-block-pages-list__item\"><a class=\"wp-block-pages-list__item__link\" href=\"https:\/\/bibliapresente.com\/postagens\/livros-da-biblia\/genesis\/genesis-38\/\">G\u00eanesis 38 &#8211; Jud\u00e1 e Tamar<\/a><\/li><li class=\"wp-block-pages-list__item\"><a class=\"wp-block-pages-list__item__link\" href=\"https:\/\/bibliapresente.com\/postagens\/livros-da-biblia\/genesis\/genesis-39\/\">G\u00eanesis 39 &#8211; Jos\u00e9 na Casa de Potifar<\/a><\/li><li class=\"wp-block-pages-list__item\"><a class=\"wp-block-pages-list__item__link\" href=\"https:\/\/bibliapresente.com\/postagens\/livros-da-biblia\/genesis\/genesis-40\/\">G\u00eanesis 40 &#8211; Jos\u00e9 Interpreta Sonhos<\/a><\/li><li class=\"wp-block-pages-list__item\"><a class=\"wp-block-pages-list__item__link\" href=\"https:\/\/bibliapresente.com\/postagens\/livros-da-biblia\/genesis\/genesis-41\/\">G\u00eanesis 41 &#8211; O Sonho do Fara\u00f3<\/a><\/li><li class=\"wp-block-pages-list__item\"><a class=\"wp-block-pages-list__item__link\" href=\"https:\/\/bibliapresente.com\/postagens\/livros-da-biblia\/genesis\/genesis-42\/\">G\u00eanesis 42 &#8211; Os Irm\u00e3os de Jos\u00e9 no Egito<\/a><\/li><li class=\"wp-block-pages-list__item\"><a class=\"wp-block-pages-list__item__link\" href=\"https:\/\/bibliapresente.com\/postagens\/livros-da-biblia\/genesis\/genesis-43\/\">G\u00eanesis 43 &#8211; Benjamim Vai ao Egito<\/a><\/li><li class=\"wp-block-pages-list__item\"><a class=\"wp-block-pages-list__item__link\" href=\"https:\/\/bibliapresente.com\/postagens\/livros-da-biblia\/genesis\/genesis-44\/\">G\u00eanesis 44 &#8211; O Sacrif\u00edcio de Jud\u00e1<\/a><\/li><li class=\"wp-block-pages-list__item\"><a class=\"wp-block-pages-list__item__link\" href=\"https:\/\/bibliapresente.com\/postagens\/livros-da-biblia\/genesis\/genesis-45\/\">G\u00eanesis 45 &#8211; Jos\u00e9 se Revela a seus Irm\u00e3os<\/a><\/li><li class=\"wp-block-pages-list__item\"><a class=\"wp-block-pages-list__item__link\" href=\"https:\/\/bibliapresente.com\/postagens\/livros-da-biblia\/genesis\/genesis-46\/\">G\u00eanesis 46 &#8211; A Viagem de Jac\u00f3 ao Egito<\/a><\/li><li class=\"wp-block-pages-list__item\"><a class=\"wp-block-pages-list__item__link\" href=\"https:\/\/bibliapresente.com\/postagens\/livros-da-biblia\/genesis\/genesis-47\/\">G\u00eanesis 47 &#8211; Jac\u00f3 Aben\u00e7oa o Fara\u00f3<\/a><\/li><li class=\"wp-block-pages-list__item\"><a class=\"wp-block-pages-list__item__link\" href=\"https:\/\/bibliapresente.com\/postagens\/livros-da-biblia\/genesis\/genesis-48\/\">G\u00eanesis 48 &#8211; Jac\u00f3 Aben\u00e7oa os Filhos de Jos\u00e9<\/a><\/li><li class=\"wp-block-pages-list__item\"><a class=\"wp-block-pages-list__item__link\" href=\"https:\/\/bibliapresente.com\/postagens\/livros-da-biblia\/genesis\/genesis-49\/\">G\u00eanesis 49 &#8211; B\u00ean\u00e7\u00e3os de Jac\u00f3 a Seus Filhos<\/a><\/li><li class=\"wp-block-pages-list__item\"><a class=\"wp-block-pages-list__item__link\" href=\"https:\/\/bibliapresente.com\/postagens\/livros-da-biblia\/genesis\/genesis-50\/\">G\u00eanesis 50 &#8211; A Morte de Jac\u00f3<\/a><\/li><\/ul>","protected":false},"excerpt":{"rendered":"<p>1 E Jac\u00f3 se foi seu caminho, e sa\u00edram-lhe ao encontro anjos de Deus. 2 E disse Jac\u00f3 quando os viu: O campo de Deus \u00e9 este: e chamou o nome daquele lugar Maanaim. 3 E enviou Jac\u00f3 mensageiros diante de si a Esa\u00fa seu irm\u00e3o, \u00e0 terra de Seir, campo de Edom. 4 E &hellip; <\/p>\n","protected":false},"author":2,"featured_media":263,"parent":233,"menu_order":32,"comment_status":"closed","ping_status":"closed","template":"","meta":{"om_disable_all_campaigns":false,"_monsterinsights_skip_tracking":false,"_monsterinsights_sitenote_active":false,"_monsterinsights_sitenote_note":"","_monsterinsights_sitenote_category":0,"footnotes":""},"class_list":["post-352","page","type-page","status-publish","has-post-thumbnail","hentry"],"aioseo_notices":[],"_links":{"self":[{"href":"https:\/\/bibliapresente.com\/postagens\/wp-json\/wp\/v2\/pages\/352","targetHints":{"allow":["GET"]}}],"collection":[{"href":"https:\/\/bibliapresente.com\/postagens\/wp-json\/wp\/v2\/pages"}],"about":[{"href":"https:\/\/bibliapresente.com\/postagens\/wp-json\/wp\/v2\/types\/page"}],"author":[{"embeddable":true,"href":"https:\/\/bibliapresente.com\/postagens\/wp-json\/wp\/v2\/users\/2"}],"replies":[{"embeddable":true,"href":"https:\/\/bibliapresente.com\/postagens\/wp-json\/wp\/v2\/comments?post=352"}],"version-history":[{"count":5,"href":"https:\/\/bibliapresente.com\/postagens\/wp-json\/wp\/v2\/pages\/352\/revisions"}],"predecessor-version":[{"id":555,"href":"https:\/\/bibliapresente.com\/postagens\/wp-json\/wp\/v2\/pages\/352\/revisions\/555"}],"up":[{"embeddable":true,"href":"https:\/\/bibliapresente.com\/postagens\/wp-json\/wp\/v2\/pages\/233"}],"wp:featuredmedia":[{"embeddable":true,"href":"https:\/\/bibliapresente.com\/postagens\/wp-json\/wp\/v2\/media\/263"}],"wp:attachment":[{"href":"https:\/\/bibliapresente.com\/postagens\/wp-json\/wp\/v2\/media?parent=352"}],"curies":[{"name":"wp","href":"https:\/\/api.w.org\/{rel}","templated":true}]}}