{"id":350,"date":"2025-01-04T19:13:48","date_gmt":"2025-01-04T22:13:48","guid":{"rendered":"https:\/\/bibliapresente.com\/postagens\/?page_id=350"},"modified":"2025-01-04T19:16:54","modified_gmt":"2025-01-04T22:16:54","slug":"genesis-31","status":"publish","type":"page","link":"https:\/\/bibliapresente.com\/postagens\/livros-da-biblia\/genesis\/genesis-31\/","title":{"rendered":"G\u00eanesis 31 &#8211; A Fuga de Jac\u00f3"},"content":{"rendered":"\n<p class=\"has-medium-font-size\" style=\"letter-spacing:1px\"><span><span><sup><b>1<\/b><\/sup><\/span> E ouvia ele as palavras dos filhos de Lab\u00e3o que diziam: Jac\u00f3 tomou tudo o que era de nosso pai; e do que era de nosso pai adquiriu toda esta grandeza. <\/span><br><span><span><sup><b>2<\/b><\/sup><\/span> Olhava tamb\u00e9m Jac\u00f3 o semblante de Lab\u00e3o, e via que n\u00e3o era para com ele como antes. <\/span><br><span><span><sup><b>3<\/b><\/sup><\/span> Tamb\u00e9m o SENHOR disse a Jac\u00f3: Volta-te \u00e0 terra de teus pais, e \u00e0 tua parentela; que eu serei contigo. <\/span><br><span><span><sup><b>4<\/b><\/sup><\/span> E enviou Jac\u00f3, e chamou a Raquel e a Lia ao campo a suas ovelhas, <\/span><br><span><span><sup><b>5<\/b><\/sup><\/span> E disse-lhes: Vejo que o semblante de vosso pai n\u00e3o \u00e9 para comigo como antes: mas o Deus de meu pai tem sido comigo. <\/span><br><span><span><sup><b>6<\/b><\/sup><\/span> E v\u00f3s sabeis que com todas minhas for\u00e7as servi a vosso pai: <\/span><br><span><span><sup><b>7<\/b><\/sup><\/span> E vosso pai me enganou, e me mudou o sal\u00e1rio dez vezes: mas Deus n\u00e3o lhe permitiu que me fizesse mal. <\/span><br><span><span><sup><b>8<\/b><\/sup><\/span> Se ele dizia assim: Os pintados ser\u00e3o teu sal\u00e1rio; ent\u00e3o todas as ovelhas geravam pintados: e se dizia assim: Os listrados ser\u00e3o teu sal\u00e1rio; ent\u00e3o todas as ovelhas geravam listrados. <\/span><br><span><span><sup><b>9<\/b><\/sup><\/span> Assim tirou Deus o gado de vosso pai, e deu-o a mim. <\/span><br><span><span><sup><b>10<\/b><\/sup><\/span> E sucedeu que ao tempo que as ovelhas se aqueciam, levantei eu meus olhos e vi em sonhos, e eis que os machos que cobriam \u00e0s f\u00eameas eram listrados, pintados e malhados. <\/span><br><span><span><sup><b>11<\/b><\/sup><\/span> E disse-me o anjo de Deus em sonhos: Jac\u00f3. E eu disse: Eis-me aqui. <\/span><br><span><span><sup><b>12<\/b><\/sup><\/span> E ele disse: Levanta agora teus olhos, e ver\u00e1s todos os machos que cobrem \u00e0s ovelhas listradas, pintados e malhados; porque eu vi tudo o que Lab\u00e3o te fez. <\/span><br><span><span><sup><b>13<\/b><\/sup><\/span> Eu sou o Deus de Betel, onde tu ungiste a coluna, e onde me fizeste um voto. Levanta-te agora, e sai desta terra, e volta-te \u00e0 terra de teu nascimento. <\/span><br><span><span><sup><b>14<\/b><\/sup><\/span> E respondeu Raquel e Lia, e disseram-lhe: Temos ainda parte ou heran\u00e7a na casa de nosso pai? <\/span><br><span><span><sup><b>15<\/b><\/sup><\/span> N\u00e3o nos tem j\u00e1 como por estranhas, pois que nos vendeu, e ainda consumiu de todo nosso valor? <\/span><br><span><span><sup><b>16<\/b><\/sup><\/span> Porque toda a riqueza que Deus tirou a nosso pai, nossa \u00e9 e de nossos filhos: agora, pois, faze tudo o que Deus te disse. <\/span><br><span><span><sup><b>17<\/b><\/sup><\/span> Ent\u00e3o se levantou Jac\u00f3, e subiu seus filhos e suas mulheres sobre os camelos. <\/span><br><span><span><sup><b>18<\/b><\/sup><\/span> E p\u00f4s em caminho todo seu gado, e todos os seus pertences que havia adquirido, o gado de seu ganho que havia obtido em Pad\u00e3-Ar\u00e3, para voltar-se a Isaque seu pai na terra de Cana\u00e3. <\/span><br><span><span><sup><b>19<\/b><\/sup><\/span> E Lab\u00e3o havia ido a tosquiar suas ovelhas: e Raquel furtou os \u00eddolos de seu pai. <\/span><br><span><span><sup><b>20<\/b><\/sup><\/span> E enganou Jac\u00f3 o cora\u00e7\u00e3o de Lab\u00e3o arameu, em n\u00e3o fazer-lhe saber que se fugia. <\/span><br><span><span><sup><b>21<\/b><\/sup><\/span> Fugiu, pois, com tudo o que tinha; e levantou-se, e passou o rio, e p\u00f4s seu rosto ao monte de Gileade. <\/span><br><span><span><sup><b>22<\/b><\/sup><\/span> E foi dito a Lab\u00e3o ao terceiro dia como Jac\u00f3 se havia fugido. <\/span><br><span><span><sup><b>23<\/b><\/sup><\/span> Ent\u00e3o tomou a seus irm\u00e3os consigo, e foi atr\u00e1s dele caminho de sete dias, e alcan\u00e7ou-lhe no monte de Gileade. <\/span><br><span><span><sup><b>24<\/b><\/sup><\/span> E veio Deus a Lab\u00e3o arameu em sonhos aquela noite, e lhe disse: Guarda-te que n\u00e3o fales a Jac\u00f3 descomedidamente. <\/span><br><span><span><sup><b>25<\/b><\/sup><\/span> Alcan\u00e7ou, pois, Lab\u00e3o a Jac\u00f3, e este havia fixado sua tenda no monte: e Lab\u00e3o p\u00f4s a sua com seus irm\u00e3os no monte de Gileade. <\/span><br><span><span><sup><b>26<\/b><\/sup><\/span> E disse Lab\u00e3o a Jac\u00f3: Que fizeste, que me furtaste o cora\u00e7\u00e3o, e trouxeste a minhas filhas como prisioneiras de guerra? <\/span><br><span><span><sup><b>27<\/b><\/sup><\/span> Por que te escondeste para fugir, e me furtaste, e n\u00e3o me deste not\u00edcia, para que eu te enviasse com alegria e com cantares, com tamborim e harpa? <\/span><br><span><span><sup><b>28<\/b><\/sup><\/span> Que ainda n\u00e3o me deixaste beijar meus filhos e minhas filhas. Agora loucamente fizeste. <\/span><br><span><span><sup><b>29<\/b><\/sup><\/span> Poder h\u00e1 em minha m\u00e3o para fazer-vos mal: mas o Deus de vosso pai me falou de noite dizendo: Guarda-te que n\u00e3o fales a Jac\u00f3 descomedidamente. <\/span><br><span><span><sup><b>30<\/b><\/sup><\/span> E j\u00e1 que te ias, porque tinhas saudade da casa de teu pai, por que me furtaste meus deuses? <\/span><br><span><span><sup><b>31<\/b><\/sup><\/span> E Jac\u00f3 respondeu, e disse a Lab\u00e3o: Fui porque tive medo; pois disse, que talvez me tirasse por for\u00e7a tuas filhas. <\/span><br><span><span><sup><b>32<\/b><\/sup><\/span> Em quem achares teus deuses, n\u00e3o viva: diante de nossos irm\u00e3os reconhece o que eu tiver teu, e leva-o. Jac\u00f3 n\u00e3o sabia que Raquel havia os furtado. <\/span><br><span><span><sup><b>33<\/b><\/sup><\/span> E entrou Lab\u00e3o na tenda de Jac\u00f3, e na tenda de Lia, e na tenda das duas servas, e n\u00e3o os achou, e saiu da tenda de Lia, e veio \u00e0 tenda de Raquel. <\/span><br><span><span><sup><b>34<\/b><\/sup><\/span> E tomou Raquel os \u00eddolos, e os p\u00f4s em uma albarda de um camelo, e sentou-se sobre eles: e provou Lab\u00e3o toda a tenda e n\u00e3o os achou. <\/span><br><span><span><sup><b>35<\/b><\/sup><\/span> E ela disse a seu pai: N\u00e3o se ire meu senhor, porque n\u00e3o me posso levantar diante de ti; pois estou com o costume das mulheres. E ele buscou, mas n\u00e3o achou os \u00eddolos. <\/span><br><span><span><sup><b>36<\/b><\/sup><\/span> Ent\u00e3o Jac\u00f3 se irou, e brigou com Lab\u00e3o; e respondeu Jac\u00f3 e disse a Lab\u00e3o: Que transgress\u00e3o \u00e9 a minha? Qual \u00e9 meu pecado, que com tanto ardor vieste em persegui\u00e7\u00e3o meu? <\/span><br><span><span><sup><b>37<\/b><\/sup><\/span> Pois que apalpaste todos meus m\u00f3veis, que achaste de todos os m\u00f3veis de tua casa? P\u00f5e-o aqui diante de meus irm\u00e3os e teus, e julguem entre n\u00f3s ambos. <\/span><br><span><span><sup><b>38<\/b><\/sup><\/span> Estes vinte anos ei estado contigo: tuas ovelhas e tuas cabras nunca abortaram, nem eu comi carneiro de tuas ovelhas. <\/span><br><span><span><sup><b>39<\/b><\/sup><\/span> Nunca te trouxe o arrebatado pelas feras; eu pagava o dano; o furtado tanto de dia como de noite, de minha m\u00e3o o requerias. <\/span><br><span><span><sup><b>40<\/b><\/sup><\/span> De dia me consumia o calor, e de noite a geada, e o sono se fugia de meus olhos. <\/span><br><span><span><sup><b>41<\/b><\/sup><\/span> Assim estive vinte anos em tua casa: catorze anos te servi por tuas duas filhas, e seis anos por teu gado; e mudaste meu sal\u00e1rio dez vezes. <\/span><br><span><span><sup><b>42<\/b><\/sup><\/span> Se o Deus de meu pai, o Deus de Abra\u00e3o, e o temor de Isaque, n\u00e3o fossem comigo, certamente me enviarias agora vazio: viu Deus minha afli\u00e7\u00e3o e o trabalho de minhas m\u00e3os, e repreendeu-te de noite. <\/span><br><span><span><sup><b>43<\/b><\/sup><\/span> E respondeu Lab\u00e3o, e disse a Jac\u00f3: As filhas s\u00e3o filhas minhas, e os filhos, filhos meus s\u00e3o, e as ovelhas s\u00e3o minhas ovelhas, e tudo o que tu v\u00eas \u00e9 meu: e que posso eu fazer hoje a estas minhas filhas, ou a seus filhos que elas geraram? <\/span><br><span><span><sup><b>44<\/b><\/sup><\/span> Vem, pois, agora, fa\u00e7amos alian\u00e7a eu e tu; e seja em testemunho entre mim e entre ti. <\/span><br><span><span><sup><b>45<\/b><\/sup><\/span> Ent\u00e3o Jac\u00f3 tomou uma pedra, e levantou-a por coluna. <\/span><br><span><span><sup><b>46<\/b><\/sup><\/span> E disse Jac\u00f3 a seus irm\u00e3os: Recolhei pedras. E tomaram pedras e fizeram um amontoado; e comeram ali sobre aquele amontoado. <\/span><br><span><span><sup><b>47<\/b><\/sup><\/span> E Lab\u00e3o o chamou Jegar-Saaduta; e Jac\u00f3 o chamou Galeede. <\/span><br><span><span><sup><b>48<\/b><\/sup><\/span> Porque Lab\u00e3o disse: Este amontoado \u00e9 testemunha hoje entre mim e entre ti; por isso foi chamado seu nome Galeede. <\/span><br><span><span><sup><b>49<\/b><\/sup><\/span> E Misp\u00e1, porquanto disse: Vigie o SENHOR entre mim e entre ti, quando nos separarmos um do outro. <\/span><br><span><span><sup><b>50<\/b><\/sup><\/span> Se afligires minhas filhas, ou se tomares outras mulheres al\u00e9m de minhas filhas, ningu\u00e9m est\u00e1 conosco; olha, Deus \u00e9 testemunha entre mim e entre ti. <\/span><br><span><span><sup><b>51<\/b><\/sup><\/span> Disse mais Lab\u00e3o a Jac\u00f3: Eis que este amontoado, e eis que esta coluna, que erigi entre mim e ti. <\/span><br><span><span><sup><b>52<\/b><\/sup><\/span> Testemunha seja este amontoado, e testemunha seja esta coluna, que nem eu passarei contra ti este amontoado, nem tu passar\u00e1s contra mim este amontoado nem esta coluna, para o mal. <\/span><br><span><span><sup><b>53<\/b><\/sup><\/span> O Deus de Abra\u00e3o, e o Deus de Naor julgue entre n\u00f3s, o Deus de seus pais. E Jac\u00f3 jurou pelo temor de Isaque seu pai. <\/span><br><span><span><sup><b>54<\/b><\/sup><\/span> Ent\u00e3o Jac\u00f3 imolou sacrif\u00edcios no monte, e chamou a seus irm\u00e3os a comer p\u00e3o: e comeram p\u00e3o, e dormiram aquela noite no monte. <\/span><br><span><span><sup><b>55<\/b><\/sup><\/span> E levantou-se Lab\u00e3o de manh\u00e3, e beijou seus filhos e suas filhas, e os aben\u00e7oou; e retrocedeu e voltou a seu lugar.<\/span><\/p>\n\n\n\n<div class=\"wp-block-columns is-layout-flex wp-container-core-columns-is-layout-9d6595d7 wp-block-columns-is-layout-flex\">\n<div class=\"wp-block-column is-layout-flow wp-block-column-is-layout-flow\">\n<p><a href=\"\/genesis\/genesis-30\">G\u00eanesis 30<\/a><\/p>\n<\/div>\n\n\n\n<div class=\"wp-block-column is-layout-flow wp-block-column-is-layout-flow\">\n<p class=\"has-text-align-right\"><a href=\"\/genesis-32\">G\u00eanesis 32<\/a><\/p>\n<\/div>\n<\/div>\n\n\n\n<h2 class=\"wp-block-heading\">Descri\u00e7\u00e3o &#8211; G\u00eanesis 31<\/h2>\n\n\n\n<p class=\"has-medium-font-size\">G\u00eanesis 31 relata a fuga de Jac\u00f3 da casa de Lab\u00e3o ap\u00f3s anos de servi\u00e7o. Sentindo-se injusti\u00e7ado, Jac\u00f3 parte com sua fam\u00edlia e bens. Mas Lab\u00e3o o persegue, resultando em um confronto onde fazem um pacto de paz. Esse cap\u00edtulo destaca temas como justi\u00e7a divina, liberta\u00e7\u00e3o e fidelidade de Deus. Pois protege Jac\u00f3 e cumpre Suas promessas. O epis\u00f3dio marca a transi\u00e7\u00e3o de Jac\u00f3 para retornar \u00e0 terra prometida, preparando o cen\u00e1rio para os pr\u00f3ximos eventos em sua jornada espiritual.<\/p>\n\n\n\n<h3 class=\"wp-block-heading\">Livro do G\u00eanesis:<\/h3>\n\n\n<ul class=\"wp-block-page-list\"><li class=\"wp-block-pages-list__item\"><a class=\"wp-block-pages-list__item__link\" href=\"https:\/\/bibliapresente.com\/postagens\/livros-da-biblia\/genesis\/genesis-1\/\">G\u00eanesis 1 &#8211; A Cria\u00e7\u00e3o do Universo<\/a><\/li><li class=\"wp-block-pages-list__item\"><a class=\"wp-block-pages-list__item__link\" href=\"https:\/\/bibliapresente.com\/postagens\/livros-da-biblia\/genesis\/genesis-2\/\">G\u00eanesis 2 &#8211; O Jardim do \u00c9den<\/a><\/li><li class=\"wp-block-pages-list__item\"><a class=\"wp-block-pages-list__item__link\" href=\"https:\/\/bibliapresente.com\/postagens\/livros-da-biblia\/genesis\/genesis-3\/\">G\u00eanesis 3 &#8211; O Pecado Original<\/a><\/li><li class=\"wp-block-pages-list__item\"><a class=\"wp-block-pages-list__item__link\" href=\"https:\/\/bibliapresente.com\/postagens\/livros-da-biblia\/genesis\/genesis-4\/\">G\u00eanesis 4 &#8211; Caim e Abel<\/a><\/li><li class=\"wp-block-pages-list__item\"><a class=\"wp-block-pages-list__item__link\" href=\"https:\/\/bibliapresente.com\/postagens\/livros-da-biblia\/genesis\/genesis-5\/\">G\u00eanesis 5 &#8211; Genealogia de Ad\u00e3o a No\u00e9<\/a><\/li><li class=\"wp-block-pages-list__item\"><a class=\"wp-block-pages-list__item__link\" href=\"https:\/\/bibliapresente.com\/postagens\/livros-da-biblia\/genesis\/genesis-6-a-corrupcao-e-o-chamado-de-noe\/\">G\u00eanesis 6 &#8211; A Corrup\u00e7\u00e3o e o Chamado de No\u00e9<\/a><\/li><li class=\"wp-block-pages-list__item\"><a class=\"wp-block-pages-list__item__link\" href=\"https:\/\/bibliapresente.com\/postagens\/livros-da-biblia\/genesis\/genesis-7\/\">G\u00eanesis 7 &#8211; O Grande Dil\u00favio<\/a><\/li><li class=\"wp-block-pages-list__item\"><a class=\"wp-block-pages-list__item__link\" href=\"https:\/\/bibliapresente.com\/postagens\/livros-da-biblia\/genesis\/genesis-8\/\">G\u00eanesis 8 &#8211; As \u00c1guas do Dil\u00favio Recuam<\/a><\/li><li class=\"wp-block-pages-list__item\"><a class=\"wp-block-pages-list__item__link\" href=\"https:\/\/bibliapresente.com\/postagens\/livros-da-biblia\/genesis\/genesis-9\/\">G\u00eanesis 9 &#8211; A Grande Alian\u00e7a do Arco-\u00cdris<\/a><\/li><li class=\"wp-block-pages-list__item\"><a class=\"wp-block-pages-list__item__link\" href=\"https:\/\/bibliapresente.com\/postagens\/livros-da-biblia\/genesis\/genesis-10-as-nacoes-descendentes-de-noe\/\">G\u00eanesis 10 &#8211; As Na\u00e7\u00f5es Descendentes de No\u00e9<\/a><\/li><li class=\"wp-block-pages-list__item\"><a class=\"wp-block-pages-list__item__link\" href=\"https:\/\/bibliapresente.com\/postagens\/livros-da-biblia\/genesis\/genesis-11-a-torre-de-babel\/\">G\u00eanesis 11 &#8211; A Torre de Babel<\/a><\/li><li class=\"wp-block-pages-list__item\"><a class=\"wp-block-pages-list__item__link\" href=\"https:\/\/bibliapresente.com\/postagens\/livros-da-biblia\/genesis\/genesis-12-o-chamado-de-abraao\/\">G\u00eanesis 12 &#8211; O Chamado de Abra\u00e3o<\/a><\/li><li class=\"wp-block-pages-list__item\"><a class=\"wp-block-pages-list__item__link\" href=\"https:\/\/bibliapresente.com\/postagens\/livros-da-biblia\/genesis\/genesis-13-a-separacao-de-abrao-e-lo\/\">G\u00eanesis 13 &#8211; A Separa\u00e7\u00e3o de Abr\u00e3o e L\u00f3<\/a><\/li><li class=\"wp-block-pages-list__item\"><a class=\"wp-block-pages-list__item__link\" href=\"https:\/\/bibliapresente.com\/postagens\/livros-da-biblia\/genesis\/genesis-14\/\">G\u00eanesis 14 &#8211; A B\u00ean\u00e7\u00e3o de Melquisedeque<\/a><\/li><li class=\"wp-block-pages-list__item\"><a class=\"wp-block-pages-list__item__link\" href=\"https:\/\/bibliapresente.com\/postagens\/livros-da-biblia\/genesis\/genesis-15\/\">G\u00eanesis 15 &#8211; A Alian\u00e7a de Deus com Abr\u00e3o<\/a><\/li><li class=\"wp-block-pages-list__item\"><a class=\"wp-block-pages-list__item__link\" href=\"https:\/\/bibliapresente.com\/postagens\/livros-da-biblia\/genesis\/genesis-16\/\">G\u00eanesis 16 &#8211; O Nascimento de Ismael<\/a><\/li><li class=\"wp-block-pages-list__item\"><a class=\"wp-block-pages-list__item__link\" href=\"https:\/\/bibliapresente.com\/postagens\/livros-da-biblia\/genesis\/genesis-17\/\">G\u00eanesis 17 &#8211; A Institui\u00e7\u00e3o da Circuncis\u00e3o<\/a><\/li><li class=\"wp-block-pages-list__item\"><a class=\"wp-block-pages-list__item__link\" href=\"https:\/\/bibliapresente.com\/postagens\/livros-da-biblia\/genesis\/genesis-18\/\">G\u00eanesis 18 &#8211; A Visita dos Tr\u00eas Anjos<\/a><\/li><li class=\"wp-block-pages-list__item\"><a class=\"wp-block-pages-list__item__link\" href=\"https:\/\/bibliapresente.com\/postagens\/livros-da-biblia\/genesis\/genesis-19\/\">G\u00eanesis 19 &#8211; Sodoma e Gomorra<\/a><\/li><li class=\"wp-block-pages-list__item\"><a class=\"wp-block-pages-list__item__link\" href=\"https:\/\/bibliapresente.com\/postagens\/livros-da-biblia\/genesis\/genesis-20\/\">G\u00eanesis 20 &#8211; Abra\u00e3o e Abimeleque<\/a><\/li><li class=\"wp-block-pages-list__item\"><a class=\"wp-block-pages-list__item__link\" href=\"https:\/\/bibliapresente.com\/postagens\/livros-da-biblia\/genesis\/genesis-21\/\">G\u00eanesis 21 &#8211; O Nascimento de Isaque<\/a><\/li><li class=\"wp-block-pages-list__item\"><a class=\"wp-block-pages-list__item__link\" href=\"https:\/\/bibliapresente.com\/postagens\/livros-da-biblia\/genesis\/genesis-22\/\">G\u00eanesis 22 &#8211; O Sacrif\u00edcio de Isaque<\/a><\/li><li class=\"wp-block-pages-list__item\"><a class=\"wp-block-pages-list__item__link\" href=\"https:\/\/bibliapresente.com\/postagens\/livros-da-biblia\/genesis\/genesis-23\/\">G\u00eanesis 23 &#8211; A Morte de Sara<\/a><\/li><li class=\"wp-block-pages-list__item\"><a class=\"wp-block-pages-list__item__link\" href=\"https:\/\/bibliapresente.com\/postagens\/livros-da-biblia\/genesis\/genesis-24\/\">G\u00eanesis 24 &#8211; O Casamento de Isaque<\/a><\/li><li class=\"wp-block-pages-list__item\"><a class=\"wp-block-pages-list__item__link\" href=\"https:\/\/bibliapresente.com\/postagens\/livros-da-biblia\/genesis\/genesis-25\/\">G\u00eanesis 25 &#8211; O Nascimento de Esa\u00fa e Jac\u00f3<\/a><\/li><li class=\"wp-block-pages-list__item\"><a class=\"wp-block-pages-list__item__link\" href=\"https:\/\/bibliapresente.com\/postagens\/livros-da-biblia\/genesis\/genesis-26\/\">G\u00eanesis 26 &#8211; As Promessas de Deus a Isaque<\/a><\/li><li class=\"wp-block-pages-list__item\"><a class=\"wp-block-pages-list__item__link\" href=\"https:\/\/bibliapresente.com\/postagens\/livros-da-biblia\/genesis\/genesis-27\/\">G\u00eanesis 27 &#8211; Jac\u00f3 Engana Isaque<\/a><\/li><li class=\"wp-block-pages-list__item\"><a class=\"wp-block-pages-list__item__link\" href=\"https:\/\/bibliapresente.com\/postagens\/livros-da-biblia\/genesis\/genesis-28\/\">G\u00eanesis 28 &#8211; O Sonho de Jac\u00f3 em Betel<\/a><\/li><li class=\"wp-block-pages-list__item\"><a class=\"wp-block-pages-list__item__link\" href=\"https:\/\/bibliapresente.com\/postagens\/livros-da-biblia\/genesis\/genesis-29\/\">G\u00eanesis 29 &#8211; Jac\u00f3 e as Filhas de Lab\u00e3o<\/a><\/li><li class=\"wp-block-pages-list__item\"><a class=\"wp-block-pages-list__item__link\" href=\"https:\/\/bibliapresente.com\/postagens\/livros-da-biblia\/genesis\/genesis-30\/\">G\u00eanesis 30 &#8211; O Acordo de Jac\u00f3 com Lab\u00e3o<\/a><\/li><li class=\"wp-block-pages-list__item\"><a class=\"wp-block-pages-list__item__link\" href=\"https:\/\/bibliapresente.com\/postagens\/livros-da-biblia\/genesis\/genesis-31\/\">G\u00eanesis 31 &#8211; A Fuga de Jac\u00f3<\/a><\/li><li class=\"wp-block-pages-list__item\"><a class=\"wp-block-pages-list__item__link\" href=\"https:\/\/bibliapresente.com\/postagens\/livros-da-biblia\/genesis\/genesis-32\/\">G\u00eanesis 32 &#8211; A Luta de Jac\u00f3 com O Anjo<\/a><\/li><li class=\"wp-block-pages-list__item\"><a class=\"wp-block-pages-list__item__link\" href=\"https:\/\/bibliapresente.com\/postagens\/livros-da-biblia\/genesis\/genesis-33\/\">G\u00eanesis 33 &#8211; A Reconcilia\u00e7\u00e3o de Jac\u00f3 e Esa\u00fa<\/a><\/li><li class=\"wp-block-pages-list__item\"><a class=\"wp-block-pages-list__item__link\" href=\"https:\/\/bibliapresente.com\/postagens\/livros-da-biblia\/genesis\/genesis-34\/\">G\u00eanesis 34 &#8211; O Caso de Din\u00e1<\/a><\/li><li class=\"wp-block-pages-list__item\"><a class=\"wp-block-pages-list__item__link\" href=\"https:\/\/bibliapresente.com\/postagens\/livros-da-biblia\/genesis\/genesis-35\/\">G\u00eanesis 35 &#8211; A Consagra\u00e7\u00e3o de Jac\u00f3 em Betel<\/a><\/li><li class=\"wp-block-pages-list__item\"><a class=\"wp-block-pages-list__item__link\" href=\"https:\/\/bibliapresente.com\/postagens\/livros-da-biblia\/genesis\/genesis-36\/\">G\u00eanesis 36 &#8211; Os Descendentes de Esa\u00fa<\/a><\/li><li class=\"wp-block-pages-list__item\"><a class=\"wp-block-pages-list__item__link\" href=\"https:\/\/bibliapresente.com\/postagens\/livros-da-biblia\/genesis\/genesis-37\/\">G\u00eanesis 37 &#8211; Jos\u00e9 Vendido como Escravo<\/a><\/li><li class=\"wp-block-pages-list__item\"><a class=\"wp-block-pages-list__item__link\" href=\"https:\/\/bibliapresente.com\/postagens\/livros-da-biblia\/genesis\/genesis-38\/\">G\u00eanesis 38 &#8211; Jud\u00e1 e Tamar<\/a><\/li><li class=\"wp-block-pages-list__item\"><a class=\"wp-block-pages-list__item__link\" href=\"https:\/\/bibliapresente.com\/postagens\/livros-da-biblia\/genesis\/genesis-39\/\">G\u00eanesis 39 &#8211; Jos\u00e9 na Casa de Potifar<\/a><\/li><li class=\"wp-block-pages-list__item\"><a class=\"wp-block-pages-list__item__link\" href=\"https:\/\/bibliapresente.com\/postagens\/livros-da-biblia\/genesis\/genesis-40\/\">G\u00eanesis 40 &#8211; Jos\u00e9 Interpreta Sonhos<\/a><\/li><li class=\"wp-block-pages-list__item\"><a class=\"wp-block-pages-list__item__link\" href=\"https:\/\/bibliapresente.com\/postagens\/livros-da-biblia\/genesis\/genesis-41\/\">G\u00eanesis 41 &#8211; O Sonho do Fara\u00f3<\/a><\/li><li class=\"wp-block-pages-list__item\"><a class=\"wp-block-pages-list__item__link\" href=\"https:\/\/bibliapresente.com\/postagens\/livros-da-biblia\/genesis\/genesis-42\/\">G\u00eanesis 42 &#8211; Os Irm\u00e3os de Jos\u00e9 no Egito<\/a><\/li><li class=\"wp-block-pages-list__item\"><a class=\"wp-block-pages-list__item__link\" href=\"https:\/\/bibliapresente.com\/postagens\/livros-da-biblia\/genesis\/genesis-43\/\">G\u00eanesis 43 &#8211; Benjamim Vai ao Egito<\/a><\/li><li class=\"wp-block-pages-list__item\"><a class=\"wp-block-pages-list__item__link\" href=\"https:\/\/bibliapresente.com\/postagens\/livros-da-biblia\/genesis\/genesis-44\/\">G\u00eanesis 44 &#8211; O Sacrif\u00edcio de Jud\u00e1<\/a><\/li><li class=\"wp-block-pages-list__item\"><a class=\"wp-block-pages-list__item__link\" href=\"https:\/\/bibliapresente.com\/postagens\/livros-da-biblia\/genesis\/genesis-45\/\">G\u00eanesis 45 &#8211; Jos\u00e9 se Revela a seus Irm\u00e3os<\/a><\/li><li class=\"wp-block-pages-list__item\"><a class=\"wp-block-pages-list__item__link\" href=\"https:\/\/bibliapresente.com\/postagens\/livros-da-biblia\/genesis\/genesis-46\/\">G\u00eanesis 46 &#8211; A Viagem de Jac\u00f3 ao Egito<\/a><\/li><li class=\"wp-block-pages-list__item\"><a class=\"wp-block-pages-list__item__link\" href=\"https:\/\/bibliapresente.com\/postagens\/livros-da-biblia\/genesis\/genesis-47\/\">G\u00eanesis 47 &#8211; Jac\u00f3 Aben\u00e7oa o Fara\u00f3<\/a><\/li><li class=\"wp-block-pages-list__item\"><a class=\"wp-block-pages-list__item__link\" href=\"https:\/\/bibliapresente.com\/postagens\/livros-da-biblia\/genesis\/genesis-48\/\">G\u00eanesis 48 &#8211; Jac\u00f3 Aben\u00e7oa os Filhos de Jos\u00e9<\/a><\/li><li class=\"wp-block-pages-list__item\"><a class=\"wp-block-pages-list__item__link\" href=\"https:\/\/bibliapresente.com\/postagens\/livros-da-biblia\/genesis\/genesis-49\/\">G\u00eanesis 49 &#8211; B\u00ean\u00e7\u00e3os de Jac\u00f3 a Seus Filhos<\/a><\/li><li class=\"wp-block-pages-list__item\"><a class=\"wp-block-pages-list__item__link\" href=\"https:\/\/bibliapresente.com\/postagens\/livros-da-biblia\/genesis\/genesis-50\/\">G\u00eanesis 50 &#8211; A Morte de Jac\u00f3<\/a><\/li><\/ul>","protected":false},"excerpt":{"rendered":"<p>1 E ouvia ele as palavras dos filhos de Lab\u00e3o que diziam: Jac\u00f3 tomou tudo o que era de nosso pai; e do que era de nosso pai adquiriu toda esta grandeza. 2 Olhava tamb\u00e9m Jac\u00f3 o semblante de Lab\u00e3o, e via que n\u00e3o era para com ele como antes. 3 Tamb\u00e9m o SENHOR disse &hellip; <\/p>\n","protected":false},"author":2,"featured_media":263,"parent":233,"menu_order":31,"comment_status":"closed","ping_status":"closed","template":"","meta":{"om_disable_all_campaigns":false,"_monsterinsights_skip_tracking":false,"_monsterinsights_sitenote_active":false,"_monsterinsights_sitenote_note":"","_monsterinsights_sitenote_category":0,"footnotes":""},"class_list":["post-350","page","type-page","status-publish","has-post-thumbnail","hentry"],"aioseo_notices":[],"_links":{"self":[{"href":"https:\/\/bibliapresente.com\/postagens\/wp-json\/wp\/v2\/pages\/350","targetHints":{"allow":["GET"]}}],"collection":[{"href":"https:\/\/bibliapresente.com\/postagens\/wp-json\/wp\/v2\/pages"}],"about":[{"href":"https:\/\/bibliapresente.com\/postagens\/wp-json\/wp\/v2\/types\/page"}],"author":[{"embeddable":true,"href":"https:\/\/bibliapresente.com\/postagens\/wp-json\/wp\/v2\/users\/2"}],"replies":[{"embeddable":true,"href":"https:\/\/bibliapresente.com\/postagens\/wp-json\/wp\/v2\/comments?post=350"}],"version-history":[{"count":6,"href":"https:\/\/bibliapresente.com\/postagens\/wp-json\/wp\/v2\/pages\/350\/revisions"}],"predecessor-version":[{"id":554,"href":"https:\/\/bibliapresente.com\/postagens\/wp-json\/wp\/v2\/pages\/350\/revisions\/554"}],"up":[{"embeddable":true,"href":"https:\/\/bibliapresente.com\/postagens\/wp-json\/wp\/v2\/pages\/233"}],"wp:featuredmedia":[{"embeddable":true,"href":"https:\/\/bibliapresente.com\/postagens\/wp-json\/wp\/v2\/media\/263"}],"wp:attachment":[{"href":"https:\/\/bibliapresente.com\/postagens\/wp-json\/wp\/v2\/media?parent=350"}],"curies":[{"name":"wp","href":"https:\/\/api.w.org\/{rel}","templated":true}]}}