{"id":348,"date":"2025-01-04T13:58:51","date_gmt":"2025-01-04T16:58:51","guid":{"rendered":"https:\/\/bibliapresente.com\/postagens\/?page_id=348"},"modified":"2025-01-04T13:58:52","modified_gmt":"2025-01-04T16:58:52","slug":"genesis-30","status":"publish","type":"page","link":"https:\/\/bibliapresente.com\/postagens\/livros-da-biblia\/genesis\/genesis-30\/","title":{"rendered":"G\u00eanesis 30 &#8211; O Acordo de Jac\u00f3 com Lab\u00e3o"},"content":{"rendered":"\n<h3 class=\"wp-block-heading\">Jac\u00f3 tem filhos com Bila e Zilpa<\/h3>\n\n\n\n<p class=\"has-medium-font-size\" style=\"letter-spacing:1px\"><span><span><sup><b>1<\/b><\/sup><\/span> E vendo Raquel que n\u00e3o dava filhos a Jac\u00f3, teve inveja de sua irm\u00e3, e dizia a Jac\u00f3: D\u00e1-me filhos, ou sen\u00e3o, me morro. <\/span><br><span><span><sup><b>2<\/b><\/sup><\/span> E Jac\u00f3 se irritava contra Raquel, e dizia: Sou eu em lugar de Deus, que te impediu o fruto de teu ventre? <\/span><br><span><span><sup><b>3<\/b><\/sup><\/span> E ela disse: Eis aqui minha serva Bila; entra a ela, e dar\u00e1 \u00e0 luz sobre meus joelhos, e eu tamb\u00e9m terei filhos dela. <\/span><br><span><span><sup><b>4<\/b><\/sup><\/span> Assim lhe deu a Bila sua serva por mulher; e Jac\u00f3 se deitou com ela. <\/span><br><span><span><sup><b>5<\/b><\/sup><\/span> E concebeu Bila, e deu \u00e0 luz a Jac\u00f3 um filho.<\/span><br><span><span><sup><b>6<\/b><\/sup><\/span> E disse Raquel: Julgou-me Deus, e tamb\u00e9m ouviu minha voz, e deu-me um filho. Portanto chamou seu nome D\u00e3. <\/span><br><span><span><sup><b>7<\/b><\/sup><\/span> E concebeu outra vez Bila, a serva de Raquel, e deu \u00e0 luz o segundo filho a Jac\u00f3. <\/span><br><span><span><sup><b>8<\/b><\/sup><\/span> E disse Raquel: Com lutas de Deus disputei com minha irm\u00e3, e venci. E chamou seu nome Naftali. <\/span><br><span><span><sup><b>9<\/b><\/sup><\/span> E vendo Lia que havia deixado de dar \u00e0 luz, tomou a Zilpa sua serva, e deu-a a Jac\u00f3 por mulher. <\/span><br><span><span><sup><b>10<\/b><\/sup><\/span> E Zilpa, serva de Lia, deu \u00e0 luz a Jac\u00f3 um filho. <\/span><br><span><span><sup><b>11<\/b><\/sup><\/span> E disse Lia: Veio a boa sorte. E chamou seu nome Gade. <\/span><br><span><span><sup><b>12<\/b><\/sup><\/span> E Zilpa, a sirva de Lia, deu \u00e0 luz outro filho a Jac\u00f3. <\/span><br><span><span><sup><b>13<\/b><\/sup><\/span> E disse Lia: Para alegria minha; porque as mulheres me dir\u00e3o bem-aventurada: e chamou seu nome Aser. <\/span><br><span><span><sup><b>14<\/b><\/sup><\/span> E foi R\u00faben em tempo da colheita dos trigos, e achou mandr\u00e1goras no campo, e trouxe-as a Lia sua m\u00e3e: e disse Raquel a Lia: Rogo-te que me d\u00eas das mandr\u00e1goras de teu filho. <\/span><br><span><span><sup><b>15<\/b><\/sup><\/span> E ela respondeu: \u00c9 pouco que tenhas tomado meu marido, mas sim que tamb\u00e9m te h\u00e1s de levar as mandr\u00e1goras de meu filho? E disse Raquel: Pois dormir\u00e1 contigo esta noite pelas mandr\u00e1goras de teu filho. <\/span><br><span><span><sup><b>16<\/b><\/sup><\/span> E quando Jac\u00f3 voltava do campo \u00e0 tarde, saiu Lia a ele, e lhe disse: A mim h\u00e1s de deitar, porque \u00e0 verdade te aluguei pelas mandr\u00e1goras de meu filho. E dormiu com ela aquela noite. <\/span><br><span><span><sup><b>17<\/b><\/sup><\/span> E ouviu Deus a Lia: e concebeu, e deu \u00e0 luz a Jac\u00f3 o quinto filho. <\/span><br><span><span><sup><b>18<\/b><\/sup><\/span> E disse Lia: Deus me deu minha recompensa, porquanto dei minha serva a meu marido: por isso chamou seu nome Issacar. <\/span><br><span><span><sup><b>19<\/b><\/sup><\/span> E concebeu Lia outra vez, e deu \u00e0 luz o sexto filho a Jac\u00f3. <\/span><br><span><span><sup><b>20<\/b><\/sup><\/span> E disse Lia: Deus me deu uma boa d\u00e1diva: agora morar\u00e1 comigo meu marido, porque lhe dei seis filhos: e chamou seu nome Zebulom. <\/span><br><span><span><sup><b>21<\/b><\/sup><\/span> E depois deu \u00e0 luz uma filha, e chamou seu nome Din\u00e1.<\/span><br><span><span><sup><b>22<\/b><\/sup><\/span> E lembrou-se Deus de Raquel, e ouviu-a Deus, e abriu sua madre.<\/span><br><span><span><sup><b>23<\/b><\/sup><\/span> E concebeu, e deu \u00e0 luz um filho: e disse: Tirou Deus minha humilha\u00e7\u00e3o:<\/span><br><span><span><sup><b>24<\/b><\/sup><\/span> E chamou seu nome Jos\u00e9, dizendo: Acrescente-me o SENHOR outro filho.<\/span><br><span><span><sup><b>25<\/b><\/sup><\/span> E aconteceu, quando Raquel havia dado \u00e0 luz a Jos\u00e9, que Jac\u00f3 disse a Lab\u00e3o: Envia-me, e irei a meu lugar, e \u00e0 minha terra. <\/span><br><span><span><sup><b>26<\/b><\/sup><\/span> D\u00e1-me minhas mulheres e meus filhos, pelas quais servi contigo, e deixa-me ir; pois tu sabes os servi\u00e7os que te fiz. <\/span><\/p>\n\n\n\n<h3 class=\"wp-block-heading\">Lab\u00e3o faz um novo pacto com Jac\u00f3<\/h3>\n\n\n\n<p class=\"has-medium-font-size\" style=\"letter-spacing:1px\"><span><span><sup><b>27<\/b><\/sup><\/span> E Lab\u00e3o lhe respondeu: Ache eu agora favor em teus olhos, e fica-te; experimentei que o SENHOR me aben\u00e7oou por tua causa. <\/span><br><span><span><sup><b>28<\/b><\/sup><\/span> E disse: Define-me teu sal\u00e1rio, que eu o darei. <\/span><br><span><span><sup><b>29<\/b><\/sup><\/span> E ele respondeu: Tu sabes como te servi, e como esteve teu gado comigo; <\/span><br><span><span><sup><b>30<\/b><\/sup><\/span> Porque pouco tinhas antes de minha vinda, e cresceu em grande n\u00famero; e o SENHOR te aben\u00e7oou com minha chegada: e agora quando tenho de fazer eu tamb\u00e9m por minha pr\u00f3pria casa? <\/span><br><span><span><sup><b>31<\/b><\/sup><\/span> E ele disse: Que te darei? E respondeu Jac\u00f3: N\u00e3o me d\u00eas nada: se fizeres por mim isto, voltarei a apascentar tuas ovelhas. <\/span><br><span><span><sup><b>32<\/b><\/sup><\/span> Eu passarei hoje por todas tuas ovelhas, pondo \u00e0 parte todas as reses manchadas e de cor variada, e todas as reses de cor escura entre as ovelhas, e as manchadas e de cor variada entre as cabras; e isto ser\u00e1 meu sal\u00e1rio. <\/span><br><span><span><sup><b>33<\/b><\/sup><\/span> Assim responder\u00e1 por mim minha justi\u00e7a amanh\u00e3 quando me vier meu sal\u00e1rio diante de ti: toda a que n\u00e3o for pintada nem manchada nas cabras e de cor escura nas ovelhas minhas, se me h\u00e1 de ter para furto. <\/span><br><span><span><sup><b>34<\/b><\/sup><\/span> E disse Lab\u00e3o: Eis que seja como tu dizes. <\/span><br><span><span><sup><b>35<\/b><\/sup><\/span> Por\u00e9m ele separou naquele mesmo dia os machos de bode rajados e manchados; e todas as cabras manchadas e de cor variada, e toda r\u00eas que tinha em si algo de branco, e todas as de cor escura entre as ovelhas, e as p\u00f4s em m\u00e3os de seus filhos;<\/span><br><span><span><sup><b>36<\/b><\/sup><\/span> E p\u00f4s tr\u00eas dias de caminho entre si e Jac\u00f3: e Jac\u00f3 apascentava as outras ovelhas de Lab\u00e3o.<\/span><\/p>\n\n\n\n<h3 class=\"wp-block-heading\">A maneira como Jac\u00f3 enganou Lab\u00e3o<\/h3>\n\n\n\n<p class=\"has-medium-font-size\" style=\"letter-spacing:1px\"><span><span><sup><b>37<\/b><\/sup><\/span> E tomou para si Jac\u00f3 varas de \u00e1lamo verdes, e de aveleira, e de pl\u00e1tano, e descascou nelas mondaduras brancas, descobrindo assim o branco das varas. <\/span><br><span><span><sup><b>38<\/b><\/sup><\/span> E p\u00f4s as varas que havia riscado nos bebedouros, diante do gado, nos bebedouros da \u00e1gua aonde vinham a beber as ovelhas, as quais se aqueciam vindo a beber. <\/span><br><span><span><sup><b>39<\/b><\/sup><\/span> E concebiam as ovelhas diante das varas, e geravam crias listradas, pintadas e salpicadas de diversas cores. <\/span><br><span><span><sup><b>40<\/b><\/sup><\/span> E separava Jac\u00f3 os cordeiros, e os punha com seu rebanho, os listradas, e tudo o que era escuro no rebanho de Lab\u00e3o. E punha seu rebanho \u00e0 parte, e n\u00e3o o punha com as ovelhas de Lab\u00e3o. <\/span><br><span><span><sup><b>41<\/b><\/sup><\/span> E sucedia que quantas vezes se aqueciam as fortes, Jac\u00f3 punha as varas diante das ovelhas nos bebedouros, para que concebessem \u00e0 vista das varas. <\/span><br><span><span><sup><b>42<\/b><\/sup><\/span> E quando vinham as ovelhas fracas, n\u00e3o as punha: assim eram as fracas para Lab\u00e3o, e as fortes para Jac\u00f3. <\/span><br><span><span><sup><b>43<\/b><\/sup><\/span> E cresceu o homem muito, e teve muitas ovelhas, e servas, servos, camelos, e asnos.<\/span><\/p>\n\n\n\n<div class=\"wp-block-columns is-layout-flex wp-container-core-columns-is-layout-9d6595d7 wp-block-columns-is-layout-flex\">\n<div class=\"wp-block-column is-layout-flow wp-block-column-is-layout-flow\">\n<p><a title=\"O Livro do G\u00eanesis\" href=\"\/genesis\">G\u00eane<\/a><a href=\"https:\/\/bibliapresente.com\/postagens\/livros-da-biblia\/genesis\/genesis-29\/\">s<\/a><a title=\"O Livro do G\u00eanesis\" href=\"\/genesis\">is 29<\/a><\/p>\n<\/div>\n\n\n\n<div class=\"wp-block-column is-layout-flow wp-block-column-is-layout-flow\">\n<p class=\"has-text-align-right\"><a href=\"\/genesis-31\">G\u00eanesis 31<\/a><\/p>\n<\/div>\n<\/div>\n\n\n\n<h2 class=\"wp-block-heading\">Descri\u00e7\u00e3o &#8211; G\u00eanesis 30<\/h2>\n\n\n\n<p class=\"has-medium-font-size\">G\u00eanesis 30 narra o crescimento da fam\u00edlia de Jac\u00f3, destacando o nascimento de seus filhos. Mais tarde estes dariam origem \u00e0s doze tribos de Israel. O cap\u00edtulo aborda a rivalidade entre Lia e Raquel. Elas recorrem a estrat\u00e9gias como o uso das servas Bila e Zilpa para terem filhos. Tamb\u00e9m \u00e9 descrita a prosperidade de Jac\u00f3. Cuidando dos rebanhos de Lab\u00e3o, evidencia-se que Jac\u00f3 tem a b\u00ean\u00e7\u00e3o divina. Essa passagem enfatiza a fidelidade de Deus em cumprir Suas promessas.<\/p>\n\n\n\n<h3 class=\"wp-block-heading\">Livro do G\u00eanesis:<\/h3>\n\n\n<ul class=\"wp-block-page-list\"><li class=\"wp-block-pages-list__item\"><a class=\"wp-block-pages-list__item__link\" href=\"https:\/\/bibliapresente.com\/postagens\/livros-da-biblia\/genesis\/genesis-1\/\">G\u00eanesis 1 &#8211; A Cria\u00e7\u00e3o do Universo<\/a><\/li><li class=\"wp-block-pages-list__item\"><a class=\"wp-block-pages-list__item__link\" href=\"https:\/\/bibliapresente.com\/postagens\/livros-da-biblia\/genesis\/genesis-2\/\">G\u00eanesis 2 &#8211; O Jardim do \u00c9den<\/a><\/li><li class=\"wp-block-pages-list__item\"><a class=\"wp-block-pages-list__item__link\" href=\"https:\/\/bibliapresente.com\/postagens\/livros-da-biblia\/genesis\/genesis-3\/\">G\u00eanesis 3 &#8211; O Pecado Original<\/a><\/li><li class=\"wp-block-pages-list__item\"><a class=\"wp-block-pages-list__item__link\" href=\"https:\/\/bibliapresente.com\/postagens\/livros-da-biblia\/genesis\/genesis-4\/\">G\u00eanesis 4 &#8211; Caim e Abel<\/a><\/li><li class=\"wp-block-pages-list__item\"><a class=\"wp-block-pages-list__item__link\" href=\"https:\/\/bibliapresente.com\/postagens\/livros-da-biblia\/genesis\/genesis-5\/\">G\u00eanesis 5 &#8211; Genealogia de Ad\u00e3o a No\u00e9<\/a><\/li><li class=\"wp-block-pages-list__item\"><a class=\"wp-block-pages-list__item__link\" href=\"https:\/\/bibliapresente.com\/postagens\/livros-da-biblia\/genesis\/genesis-6-a-corrupcao-e-o-chamado-de-noe\/\">G\u00eanesis 6 &#8211; A Corrup\u00e7\u00e3o e o Chamado de No\u00e9<\/a><\/li><li class=\"wp-block-pages-list__item\"><a class=\"wp-block-pages-list__item__link\" href=\"https:\/\/bibliapresente.com\/postagens\/livros-da-biblia\/genesis\/genesis-7\/\">G\u00eanesis 7 &#8211; O Grande Dil\u00favio<\/a><\/li><li class=\"wp-block-pages-list__item\"><a class=\"wp-block-pages-list__item__link\" href=\"https:\/\/bibliapresente.com\/postagens\/livros-da-biblia\/genesis\/genesis-8\/\">G\u00eanesis 8 &#8211; As \u00c1guas do Dil\u00favio Recuam<\/a><\/li><li class=\"wp-block-pages-list__item\"><a class=\"wp-block-pages-list__item__link\" href=\"https:\/\/bibliapresente.com\/postagens\/livros-da-biblia\/genesis\/genesis-9\/\">G\u00eanesis 9 &#8211; A Grande Alian\u00e7a do Arco-\u00cdris<\/a><\/li><li class=\"wp-block-pages-list__item\"><a class=\"wp-block-pages-list__item__link\" href=\"https:\/\/bibliapresente.com\/postagens\/livros-da-biblia\/genesis\/genesis-10-as-nacoes-descendentes-de-noe\/\">G\u00eanesis 10 &#8211; As Na\u00e7\u00f5es Descendentes de No\u00e9<\/a><\/li><li class=\"wp-block-pages-list__item\"><a class=\"wp-block-pages-list__item__link\" href=\"https:\/\/bibliapresente.com\/postagens\/livros-da-biblia\/genesis\/genesis-11-a-torre-de-babel\/\">G\u00eanesis 11 &#8211; A Torre de Babel<\/a><\/li><li class=\"wp-block-pages-list__item\"><a class=\"wp-block-pages-list__item__link\" href=\"https:\/\/bibliapresente.com\/postagens\/livros-da-biblia\/genesis\/genesis-12-o-chamado-de-abraao\/\">G\u00eanesis 12 &#8211; O Chamado de Abra\u00e3o<\/a><\/li><li class=\"wp-block-pages-list__item\"><a class=\"wp-block-pages-list__item__link\" href=\"https:\/\/bibliapresente.com\/postagens\/livros-da-biblia\/genesis\/genesis-13-a-separacao-de-abrao-e-lo\/\">G\u00eanesis 13 &#8211; A Separa\u00e7\u00e3o de Abr\u00e3o e L\u00f3<\/a><\/li><li class=\"wp-block-pages-list__item\"><a class=\"wp-block-pages-list__item__link\" href=\"https:\/\/bibliapresente.com\/postagens\/livros-da-biblia\/genesis\/genesis-14\/\">G\u00eanesis 14 &#8211; A B\u00ean\u00e7\u00e3o de Melquisedeque<\/a><\/li><li class=\"wp-block-pages-list__item\"><a class=\"wp-block-pages-list__item__link\" href=\"https:\/\/bibliapresente.com\/postagens\/livros-da-biblia\/genesis\/genesis-15\/\">G\u00eanesis 15 &#8211; A Alian\u00e7a de Deus com Abr\u00e3o<\/a><\/li><li class=\"wp-block-pages-list__item\"><a class=\"wp-block-pages-list__item__link\" href=\"https:\/\/bibliapresente.com\/postagens\/livros-da-biblia\/genesis\/genesis-16\/\">G\u00eanesis 16 &#8211; O Nascimento de Ismael<\/a><\/li><li class=\"wp-block-pages-list__item\"><a class=\"wp-block-pages-list__item__link\" href=\"https:\/\/bibliapresente.com\/postagens\/livros-da-biblia\/genesis\/genesis-17\/\">G\u00eanesis 17 &#8211; A Institui\u00e7\u00e3o da Circuncis\u00e3o<\/a><\/li><li class=\"wp-block-pages-list__item\"><a class=\"wp-block-pages-list__item__link\" href=\"https:\/\/bibliapresente.com\/postagens\/livros-da-biblia\/genesis\/genesis-18\/\">G\u00eanesis 18 &#8211; A Visita dos Tr\u00eas Anjos<\/a><\/li><li class=\"wp-block-pages-list__item\"><a class=\"wp-block-pages-list__item__link\" href=\"https:\/\/bibliapresente.com\/postagens\/livros-da-biblia\/genesis\/genesis-19\/\">G\u00eanesis 19 &#8211; Sodoma e Gomorra<\/a><\/li><li class=\"wp-block-pages-list__item\"><a class=\"wp-block-pages-list__item__link\" href=\"https:\/\/bibliapresente.com\/postagens\/livros-da-biblia\/genesis\/genesis-20\/\">G\u00eanesis 20 &#8211; Abra\u00e3o e Abimeleque<\/a><\/li><li class=\"wp-block-pages-list__item\"><a class=\"wp-block-pages-list__item__link\" href=\"https:\/\/bibliapresente.com\/postagens\/livros-da-biblia\/genesis\/genesis-21\/\">G\u00eanesis 21 &#8211; O Nascimento de Isaque<\/a><\/li><li class=\"wp-block-pages-list__item\"><a class=\"wp-block-pages-list__item__link\" href=\"https:\/\/bibliapresente.com\/postagens\/livros-da-biblia\/genesis\/genesis-22\/\">G\u00eanesis 22 &#8211; O Sacrif\u00edcio de Isaque<\/a><\/li><li class=\"wp-block-pages-list__item\"><a class=\"wp-block-pages-list__item__link\" href=\"https:\/\/bibliapresente.com\/postagens\/livros-da-biblia\/genesis\/genesis-23\/\">G\u00eanesis 23 &#8211; A Morte de Sara<\/a><\/li><li class=\"wp-block-pages-list__item\"><a class=\"wp-block-pages-list__item__link\" href=\"https:\/\/bibliapresente.com\/postagens\/livros-da-biblia\/genesis\/genesis-24\/\">G\u00eanesis 24 &#8211; O Casamento de Isaque<\/a><\/li><li class=\"wp-block-pages-list__item\"><a class=\"wp-block-pages-list__item__link\" href=\"https:\/\/bibliapresente.com\/postagens\/livros-da-biblia\/genesis\/genesis-25\/\">G\u00eanesis 25 &#8211; O Nascimento de Esa\u00fa e Jac\u00f3<\/a><\/li><li class=\"wp-block-pages-list__item\"><a class=\"wp-block-pages-list__item__link\" href=\"https:\/\/bibliapresente.com\/postagens\/livros-da-biblia\/genesis\/genesis-26\/\">G\u00eanesis 26 &#8211; As Promessas de Deus a Isaque<\/a><\/li><li class=\"wp-block-pages-list__item\"><a class=\"wp-block-pages-list__item__link\" href=\"https:\/\/bibliapresente.com\/postagens\/livros-da-biblia\/genesis\/genesis-27\/\">G\u00eanesis 27 &#8211; Jac\u00f3 Engana Isaque<\/a><\/li><li class=\"wp-block-pages-list__item\"><a class=\"wp-block-pages-list__item__link\" href=\"https:\/\/bibliapresente.com\/postagens\/livros-da-biblia\/genesis\/genesis-28\/\">G\u00eanesis 28 &#8211; O Sonho de Jac\u00f3 em Betel<\/a><\/li><li class=\"wp-block-pages-list__item\"><a class=\"wp-block-pages-list__item__link\" href=\"https:\/\/bibliapresente.com\/postagens\/livros-da-biblia\/genesis\/genesis-29\/\">G\u00eanesis 29 &#8211; Jac\u00f3 e as Filhas de Lab\u00e3o<\/a><\/li><li class=\"wp-block-pages-list__item\"><a class=\"wp-block-pages-list__item__link\" href=\"https:\/\/bibliapresente.com\/postagens\/livros-da-biblia\/genesis\/genesis-30\/\">G\u00eanesis 30 &#8211; O Acordo de Jac\u00f3 com Lab\u00e3o<\/a><\/li><li class=\"wp-block-pages-list__item\"><a class=\"wp-block-pages-list__item__link\" href=\"https:\/\/bibliapresente.com\/postagens\/livros-da-biblia\/genesis\/genesis-31\/\">G\u00eanesis 31 &#8211; A Fuga de Jac\u00f3<\/a><\/li><li class=\"wp-block-pages-list__item\"><a class=\"wp-block-pages-list__item__link\" href=\"https:\/\/bibliapresente.com\/postagens\/livros-da-biblia\/genesis\/genesis-32\/\">G\u00eanesis 32 &#8211; A Luta de Jac\u00f3 com O Anjo<\/a><\/li><li class=\"wp-block-pages-list__item\"><a class=\"wp-block-pages-list__item__link\" href=\"https:\/\/bibliapresente.com\/postagens\/livros-da-biblia\/genesis\/genesis-33\/\">G\u00eanesis 33 &#8211; A Reconcilia\u00e7\u00e3o de Jac\u00f3 e Esa\u00fa<\/a><\/li><li class=\"wp-block-pages-list__item\"><a class=\"wp-block-pages-list__item__link\" href=\"https:\/\/bibliapresente.com\/postagens\/livros-da-biblia\/genesis\/genesis-34\/\">G\u00eanesis 34 &#8211; O Caso de Din\u00e1<\/a><\/li><li class=\"wp-block-pages-list__item\"><a class=\"wp-block-pages-list__item__link\" href=\"https:\/\/bibliapresente.com\/postagens\/livros-da-biblia\/genesis\/genesis-35\/\">G\u00eanesis 35 &#8211; A Consagra\u00e7\u00e3o de Jac\u00f3 em Betel<\/a><\/li><li class=\"wp-block-pages-list__item\"><a class=\"wp-block-pages-list__item__link\" href=\"https:\/\/bibliapresente.com\/postagens\/livros-da-biblia\/genesis\/genesis-36\/\">G\u00eanesis 36 &#8211; Os Descendentes de Esa\u00fa<\/a><\/li><li class=\"wp-block-pages-list__item\"><a class=\"wp-block-pages-list__item__link\" href=\"https:\/\/bibliapresente.com\/postagens\/livros-da-biblia\/genesis\/genesis-37\/\">G\u00eanesis 37 &#8211; Jos\u00e9 Vendido como Escravo<\/a><\/li><li class=\"wp-block-pages-list__item\"><a class=\"wp-block-pages-list__item__link\" href=\"https:\/\/bibliapresente.com\/postagens\/livros-da-biblia\/genesis\/genesis-38\/\">G\u00eanesis 38 &#8211; Jud\u00e1 e Tamar<\/a><\/li><li class=\"wp-block-pages-list__item\"><a class=\"wp-block-pages-list__item__link\" href=\"https:\/\/bibliapresente.com\/postagens\/livros-da-biblia\/genesis\/genesis-39\/\">G\u00eanesis 39 &#8211; Jos\u00e9 na Casa de Potifar<\/a><\/li><li class=\"wp-block-pages-list__item\"><a class=\"wp-block-pages-list__item__link\" href=\"https:\/\/bibliapresente.com\/postagens\/livros-da-biblia\/genesis\/genesis-40\/\">G\u00eanesis 40 &#8211; Jos\u00e9 Interpreta Sonhos<\/a><\/li><li class=\"wp-block-pages-list__item\"><a class=\"wp-block-pages-list__item__link\" href=\"https:\/\/bibliapresente.com\/postagens\/livros-da-biblia\/genesis\/genesis-41\/\">G\u00eanesis 41 &#8211; O Sonho do Fara\u00f3<\/a><\/li><li class=\"wp-block-pages-list__item\"><a class=\"wp-block-pages-list__item__link\" href=\"https:\/\/bibliapresente.com\/postagens\/livros-da-biblia\/genesis\/genesis-42\/\">G\u00eanesis 42 &#8211; Os Irm\u00e3os de Jos\u00e9 no Egito<\/a><\/li><li class=\"wp-block-pages-list__item\"><a class=\"wp-block-pages-list__item__link\" href=\"https:\/\/bibliapresente.com\/postagens\/livros-da-biblia\/genesis\/genesis-43\/\">G\u00eanesis 43 &#8211; Benjamim Vai ao Egito<\/a><\/li><li class=\"wp-block-pages-list__item\"><a class=\"wp-block-pages-list__item__link\" href=\"https:\/\/bibliapresente.com\/postagens\/livros-da-biblia\/genesis\/genesis-44\/\">G\u00eanesis 44 &#8211; O Sacrif\u00edcio de Jud\u00e1<\/a><\/li><li class=\"wp-block-pages-list__item\"><a class=\"wp-block-pages-list__item__link\" href=\"https:\/\/bibliapresente.com\/postagens\/livros-da-biblia\/genesis\/genesis-45\/\">G\u00eanesis 45 &#8211; Jos\u00e9 se Revela a seus Irm\u00e3os<\/a><\/li><li class=\"wp-block-pages-list__item\"><a class=\"wp-block-pages-list__item__link\" href=\"https:\/\/bibliapresente.com\/postagens\/livros-da-biblia\/genesis\/genesis-46\/\">G\u00eanesis 46 &#8211; A Viagem de Jac\u00f3 ao Egito<\/a><\/li><li class=\"wp-block-pages-list__item\"><a class=\"wp-block-pages-list__item__link\" href=\"https:\/\/bibliapresente.com\/postagens\/livros-da-biblia\/genesis\/genesis-47\/\">G\u00eanesis 47 &#8211; Jac\u00f3 Aben\u00e7oa o Fara\u00f3<\/a><\/li><li class=\"wp-block-pages-list__item\"><a class=\"wp-block-pages-list__item__link\" href=\"https:\/\/bibliapresente.com\/postagens\/livros-da-biblia\/genesis\/genesis-48\/\">G\u00eanesis 48 &#8211; Jac\u00f3 Aben\u00e7oa os Filhos de Jos\u00e9<\/a><\/li><li class=\"wp-block-pages-list__item\"><a class=\"wp-block-pages-list__item__link\" href=\"https:\/\/bibliapresente.com\/postagens\/livros-da-biblia\/genesis\/genesis-49\/\">G\u00eanesis 49 &#8211; B\u00ean\u00e7\u00e3os de Jac\u00f3 a Seus Filhos<\/a><\/li><li class=\"wp-block-pages-list__item\"><a class=\"wp-block-pages-list__item__link\" href=\"https:\/\/bibliapresente.com\/postagens\/livros-da-biblia\/genesis\/genesis-50\/\">G\u00eanesis 50 &#8211; A Morte de Jac\u00f3<\/a><\/li><\/ul>","protected":false},"excerpt":{"rendered":"<p>Jac\u00f3 tem filhos com Bila e Zilpa 1 E vendo Raquel que n\u00e3o dava filhos a Jac\u00f3, teve inveja de sua irm\u00e3, e dizia a Jac\u00f3: D\u00e1-me filhos, ou sen\u00e3o, me morro. 2 E Jac\u00f3 se irritava contra Raquel, e dizia: Sou eu em lugar de Deus, que te impediu o fruto de teu ventre? &hellip; <\/p>\n","protected":false},"author":2,"featured_media":263,"parent":233,"menu_order":30,"comment_status":"closed","ping_status":"closed","template":"","meta":{"om_disable_all_campaigns":false,"_monsterinsights_skip_tracking":false,"_monsterinsights_sitenote_active":false,"_monsterinsights_sitenote_note":"","_monsterinsights_sitenote_category":0,"footnotes":""},"class_list":["post-348","page","type-page","status-publish","has-post-thumbnail","hentry"],"aioseo_notices":[],"_links":{"self":[{"href":"https:\/\/bibliapresente.com\/postagens\/wp-json\/wp\/v2\/pages\/348","targetHints":{"allow":["GET"]}}],"collection":[{"href":"https:\/\/bibliapresente.com\/postagens\/wp-json\/wp\/v2\/pages"}],"about":[{"href":"https:\/\/bibliapresente.com\/postagens\/wp-json\/wp\/v2\/types\/page"}],"author":[{"embeddable":true,"href":"https:\/\/bibliapresente.com\/postagens\/wp-json\/wp\/v2\/users\/2"}],"replies":[{"embeddable":true,"href":"https:\/\/bibliapresente.com\/postagens\/wp-json\/wp\/v2\/comments?post=348"}],"version-history":[{"count":3,"href":"https:\/\/bibliapresente.com\/postagens\/wp-json\/wp\/v2\/pages\/348\/revisions"}],"predecessor-version":[{"id":512,"href":"https:\/\/bibliapresente.com\/postagens\/wp-json\/wp\/v2\/pages\/348\/revisions\/512"}],"up":[{"embeddable":true,"href":"https:\/\/bibliapresente.com\/postagens\/wp-json\/wp\/v2\/pages\/233"}],"wp:featuredmedia":[{"embeddable":true,"href":"https:\/\/bibliapresente.com\/postagens\/wp-json\/wp\/v2\/media\/263"}],"wp:attachment":[{"href":"https:\/\/bibliapresente.com\/postagens\/wp-json\/wp\/v2\/media?parent=348"}],"curies":[{"name":"wp","href":"https:\/\/api.w.org\/{rel}","templated":true}]}}