{"id":346,"date":"2025-01-04T13:49:39","date_gmt":"2025-01-04T16:49:39","guid":{"rendered":"https:\/\/bibliapresente.com\/postagens\/?page_id=346"},"modified":"2025-01-04T13:49:40","modified_gmt":"2025-01-04T16:49:40","slug":"genesis-29","status":"publish","type":"page","link":"https:\/\/bibliapresente.com\/postagens\/livros-da-biblia\/genesis\/genesis-29\/","title":{"rendered":"G\u00eanesis 29 &#8211; Jac\u00f3 e as Filhas de Lab\u00e3o"},"content":{"rendered":"\n<h3 class=\"wp-block-heading\">Jac\u00f3 chega ao po\u00e7o de Har\u00e3<\/h3>\n\n\n\n<p class=\"has-medium-font-size\" style=\"letter-spacing:1px\"><span><span><sup><b>1<\/b><\/sup><\/span> E seguiu Jac\u00f3 seu caminho, e foi \u00e0 terra dos orientais. <span><br><span><span><sup><b>2<\/b><\/sup><\/span> E olhou, e viu um po\u00e7o no campo: e eis tr\u00eas rebanhos de ovelhas que jaziam pr\u00f3ximo dele; porque daquele po\u00e7o davam de beber aos gados: e havia uma grande pedra sobre a boca do po\u00e7o. <span><br><span><span><sup><b>3<\/b><\/sup><\/span> E juntavam-se ali todos os rebanhos; e revolviam a pedra de sobre a boca do po\u00e7o, e davam de beber \u00e0s ovelhas; e voltavam a pedra sobre a boca do po\u00e7o a seu lugar. <span><br><span><span><sup><b>4<\/b><\/sup><\/span> E disse-lhes Jac\u00f3: Irm\u00e3os meus, de onde sois? E eles responderam: De Har\u00e3 somos. <span><br><span><span><sup><b>5<\/b><\/sup><\/span> E ele lhes disse: Conheceis a Lab\u00e3o, filho de Naor? E eles disseram: Sim, n\u00f3s o conhecemos. <span><br><span><span><sup><b>6<\/b><\/sup><\/span> E ele lhes disse: Tem paz? E eles disseram: Paz; e eis que Raquel sua filha vem com o gado. <span><br><span><span><sup><b>7<\/b><\/sup><\/span> E ele disse: Eis que o dia \u00e9 ainda cheio; n\u00e3o \u00e9 tempo, todavia, de recolher o gado; dai de beber \u00e0s ovelhas, e ide a apascent\u00e1-las. <span><br><span><span><sup><b>8<\/b><\/sup><\/span> E eles responderam: N\u00e3o podemos, at\u00e9 que se juntem todos os gados, e removam a pedra de sobre a boca do po\u00e7o, para que demos de beber \u00e0s ovelhas. <\/span><\/span><\/span><\/span><\/span><\/span><\/span><\/span><\/span><\/span><\/span><\/span><\/span><\/span><\/span><\/p>\n\n\n\n<h3 class=\"wp-block-heading\">Jac\u00f3 encontra Raquel.<\/h3>\n\n\n\n<p class=\"has-medium-font-size\" style=\"letter-spacing:1px\"><span><span><span><span><span><span><span><span><span><span><span><span><span><span><span><span><span><span><sup><b>9<\/b><\/sup><\/span> Estando ainda ele falando com eles Raquel veio com o gado de seu pai, porque ela era a pastora. <span><br><span><span><sup><b>10<\/b><\/sup><\/span> E sucedeu que, quando Jac\u00f3 viu Raquel, filha de Lab\u00e3o irm\u00e3o de sua m\u00e3e, e as ovelhas de Lab\u00e3o, o irm\u00e3o de sua m\u00e3e, chegou-se Jac\u00f3, e removeu a pedra de sobre a boca do po\u00e7o, e deu de beber ao gado de Lab\u00e3o irm\u00e3o de sua m\u00e3e. <span><br><span><span><sup><b>11<\/b><\/sup><\/span> E Jac\u00f3 beijou a Raquel, e levantou sua voz, e chorou. <span><br><span><span><sup><b>12<\/b><\/sup><\/span> E Jac\u00f3 disse a Raquel como ele era irm\u00e3o de seu pai, e como era filho de Rebeca: e ela correu, e deu as novas a seu pai. <span><br><span><span><sup><b>13<\/b><\/sup><\/span> E assim que ouviu Lab\u00e3o as novas de Jac\u00f3, filho de sua irm\u00e3, correu a receb\u00ea-lo, e abra\u00e7ou-o, e beijou-o, e trouxe-lhe \u00e0 sua casa: e ele contou a Lab\u00e3o todas estas coisas. <span><br><span><span><sup><b>14<\/b><\/sup><\/span> E Lab\u00e3o lhe disse: Certamente osso meu e carne minha \u00e9s. E esteve com ele o tempo de um m\u00eas. <span><br><span><span><sup><b>15<\/b><\/sup><\/span> Ent\u00e3o disse Lab\u00e3o a Jac\u00f3: Por ser tu meu irm\u00e3o, me h\u00e1s de servir de gra\u00e7a? Declara-me o que ser\u00e1 teu sal\u00e1rio. <span><br><span><span><sup><b>16<\/b><\/sup><\/span> E Lab\u00e3o tinha duas filhas: o nome da mais velha era Lia, e o nome da mais nova, Raquel. <span><br><span><span><sup><b>17<\/b><\/sup><\/span> E os olhos de Lia eram tenros, mas Raquel era de lindo semblante e de bela apar\u00eancia. <span><br><span><span><sup><b>18<\/b><\/sup><\/span> E Jac\u00f3 amou a Raquel, e disse: Eu te servirei sete anos por Raquel tua filha mais nova. <span><br><span><span><sup><b>19<\/b><\/sup><\/span> E Lab\u00e3o respondeu: Melhor \u00e9 que a d\u00ea a ti, que n\u00e3o que a d\u00ea a outro homem: fica-te comigo. <span><br><span><span><sup><b>20<\/b><\/sup><\/span> Assim serviu Jac\u00f3 por Raquel sete anos: e pareceram-lhe como poucos dias, porque a amava.<\/span><\/span><\/span><\/span><\/span><\/span><\/span><\/span><\/span><\/span><\/span><\/span><\/span><\/span><\/span><\/span><\/span><\/span><\/span><\/span><\/span><\/span><\/span><\/span><\/span><\/span><\/span><\/span><\/span><\/span><\/span><\/span><\/span><\/span><\/span><\/span><\/span><\/span><\/span><\/p>\n\n\n\n<h3 class=\"wp-block-heading\">Lab\u00e3o engana Jac\u00f3<\/h3>\n\n\n\n<p class=\"has-medium-font-size\" style=\"letter-spacing:1px\"><span><span><span><span><span><span><span><span><span><span><span><span><span><span><span><span><span><span><span><span><span><span><span><span><span><span><span><span><span><span><span><span><span><span><span><span><span><span><span> <span><span><span><sup><b>21<\/b><\/sup><\/span> E disse Jac\u00f3 a Lab\u00e3o: D\u00e1-me minha mulher, porque meu tempo \u00e9 cumprido para que me deite com ela. <span><br><span><span><sup><b>22<\/b><\/sup><\/span> Ent\u00e3o Lab\u00e3o juntou a todos os homens daquele lugar, e fez banquete. <span><br><span><span><sup><b>23<\/b><\/sup><\/span> E sucedeu que \u00e0 noite tomou a Lia sua filha, e a trouxe: e ele se deitou com ela. <span><br><span><span><sup><b>24<\/b><\/sup><\/span> E deu Lab\u00e3o sua serva Zilpa \u00e0 sua filha Lia por criada. <span><br><span><span><sup><b>25<\/b><\/sup><\/span> E vinda a manh\u00e3, eis que era Lia: e ele disse a Lab\u00e3o: Que \u00e9 isto que me fizeste? N\u00e3o te servi por Raquel? Por que, pois, me enganaste? <span><br><span><span><sup><b>26<\/b><\/sup><\/span> E Lab\u00e3o respondeu: N\u00e3o se faz assim em nosso lugar, que se d\u00ea a mais nova antes da mais velha. <span><br><span><span><sup><b>27<\/b><\/sup><\/span> Cumpre a semana desta, e se te dar\u00e1 tamb\u00e9m a outra, pelo servi\u00e7o que fizeres comigo outros sete anos. <\/span><\/span><\/span><\/span><\/span><\/span><\/span><\/span><\/span><\/span><\/span><\/span><\/span><\/span><\/span><\/span><\/span><\/span><\/span><\/span><\/span><\/span><\/span><\/span><\/span><\/span><\/span><\/span><\/span><\/span><\/span><\/span><\/span><\/span><\/span><\/span><\/span><\/span><\/span><\/span><\/span><\/span><\/span><\/span><\/span><\/span><\/span><\/span><\/span><\/span><\/span><\/span><\/span><\/p>\n\n\n\n<h3 class=\"wp-block-heading\">Jac\u00f3 casa com Raquel<\/h3>\n\n\n\n<p class=\"has-medium-font-size\" style=\"letter-spacing:1px\"><span><span><span><span><span><span><span><span><span><span><span><span><span><span><span><span><span><span><span><span><span><span><span><span><span><span><span><span><span><span><span><span><span><span><span><span><span><span><span><span><span><span><span><span><span><span><span><span><span><span><span><span><span><span><span><span><sup><b>28<\/b><\/sup><\/span> E fez Jac\u00f3 assim, e cumpriu a semana daquela: e ele lhe deu a Raquel sua filha por mulher. <span><br><span><span><sup><b>29<\/b><\/sup><\/span> E deu Lab\u00e3o a Raquel sua filha por criada a sua serva Bila. <span><br><span><span><sup><b>30<\/b><\/sup><\/span> E entrou tamb\u00e9m a Raquel: e amou-a tamb\u00e9m mais que a Lia: e serviu com ele ainda outros sete anos. <span><br><span><span><sup><b>31<\/b><\/sup><\/span> E viu o SENHOR que Lia era mal-amada, e abriu sua madre; mas Raquel era est\u00e9ril. <\/span><\/span><\/span><\/span><\/span><\/span><\/span><\/span><\/span><\/span><\/span><\/span><\/span><\/span><\/span><\/span><\/span><\/span><\/span><\/span><\/span><\/span><\/span><\/span><\/span><\/span><\/span><\/span><\/span><\/span><\/span><\/span><\/span><\/span><\/span><\/span><\/span><\/span><\/span><\/span><\/span><\/span><\/span><\/span><\/span><\/span><\/span><\/span><\/span><\/span><\/span><\/span><\/span><\/span><\/span><\/span><\/span><\/span><\/span><\/span><\/span><\/p>\n\n\n\n<h3 class=\"wp-block-heading\">O nascimento dos doze filhos e de uma filha de Jac\u00f3<\/h3>\n\n\n\n<p class=\"has-medium-font-size\" style=\"letter-spacing:1px\"><span><span><span><span><span><span><span><span><span><span><span><span><span><span><span><span><span><span><span><span><span><span><span><span><span><span><span><span><span><span><span><span><span><span><span><span><span><span><span><span><span><span><span><span><span><span><span><span><span><span><span><span><span><span><span><span><span><span><span><span><span><span><span><span><sup><b>32<\/b><\/sup><\/span> E concebeu Lia, e deu \u00e0 luz um filho, e chamou seu nome R\u00faben, porque disse: J\u00e1 que olhou o SENHOR minha afli\u00e7\u00e3o; agora, portanto, me amar\u00e1 meu marido. <span><br><span><span><sup><b>33<\/b><\/sup><\/span> E concebeu outra vez, e deu \u00e0 luz um filho, e disse: Porquanto ouviu o SENHOR que eu era mal-amada, me deu tamb\u00e9m este. E chamou seu nome Sime\u00e3o. <span><br><span><span><sup><b>34<\/b><\/sup><\/span> E concebeu outra vez, e deu \u00e0 luz um filho, e disse: Agora esta vez se unir\u00e1 meu marido comigo, porque lhe dei tr\u00eas filhos: portanto, chamou seu nome Levi. <span><br><span><span><sup><b>35<\/b><\/sup><\/span> E concebeu outra vez, e deu \u00e0 luz um filho, e disse: Esta vez louvarei ao SENHOR: por isto chamou seu nome Jud\u00e1: e deixou de dar \u00e0 luz.<\/span><\/span><\/span><\/span><\/span><\/span><\/span><\/span><\/span><\/span><\/span><\/span><\/span><\/span><\/span><\/span><\/span><\/span><\/span><\/span><\/span><\/span><\/span><\/span><\/span><\/span><\/span><\/span><\/span><\/span><\/span><\/span><\/span><\/span><\/span><\/span><\/span><\/span><\/span><\/span><\/span><\/span><\/span><\/span><\/span><\/span><\/span><\/span><\/span><\/span><\/span><\/span><\/span><\/span><\/span><\/span><\/span><\/span><\/span><\/span><\/span><\/span><\/span><\/span><\/span><\/span><\/span><\/span><\/span><\/p>\n\n\n\n<div class=\"wp-block-columns is-layout-flex wp-container-core-columns-is-layout-9d6595d7 wp-block-columns-is-layout-flex\">\n<div class=\"wp-block-column is-layout-flow wp-block-column-is-layout-flow\">\n<p><a href=\"https:\/\/bibliapresente.com\/postagens\/livros-da-biblia\/genesis\/genesis-28\/\">G\u00eanesis 28<\/a><\/p>\n<\/div>\n\n\n\n<div class=\"wp-block-column is-layout-flow wp-block-column-is-layout-flow\">\n<p class=\"has-text-align-right\"><a href=\"\/genesis-30\">G\u00eanesis 30<\/a><\/p>\n<\/div>\n<\/div>\n\n\n\n<h2 class=\"wp-block-heading\">Descri\u00e7\u00e3o &#8211; G\u00eanesis 29<\/h2>\n\n\n\n<p class=\"has-medium-font-size\">Em G\u00eanesis 29 Jac\u00f3 chega a Pad\u00e3-Ar\u00e3, onde encontra Raquel junto ao po\u00e7o e se apaixona por ela. Jac\u00f3 trabalha sete anos para se casar com Raquel, mas Lab\u00e3o o engana, entregando Lia em seu lugar. Ele ent\u00e3o trabalha mais sete anos por Raquel. Destacam-se assim temas como amor, perseveran\u00e7a e engano. Esse cap\u00edtulo mostra o desenrolar do plano divino na forma\u00e7\u00e3o da linhagem de Israel, mesmo em meio a desafios familiares.<\/p>\n\n\n\n<h3 class=\"wp-block-heading\">Livro do G\u00eanesis:<\/h3>\n\n\n<ul class=\"wp-block-page-list\"><li class=\"wp-block-pages-list__item\"><a class=\"wp-block-pages-list__item__link\" href=\"https:\/\/bibliapresente.com\/postagens\/livros-da-biblia\/genesis\/genesis-1\/\">G\u00eanesis 1 &#8211; A Cria\u00e7\u00e3o do Universo<\/a><\/li><li class=\"wp-block-pages-list__item\"><a class=\"wp-block-pages-list__item__link\" href=\"https:\/\/bibliapresente.com\/postagens\/livros-da-biblia\/genesis\/genesis-2\/\">G\u00eanesis 2 &#8211; O Jardim do \u00c9den<\/a><\/li><li class=\"wp-block-pages-list__item\"><a class=\"wp-block-pages-list__item__link\" href=\"https:\/\/bibliapresente.com\/postagens\/livros-da-biblia\/genesis\/genesis-3\/\">G\u00eanesis 3 &#8211; O Pecado Original<\/a><\/li><li class=\"wp-block-pages-list__item\"><a class=\"wp-block-pages-list__item__link\" href=\"https:\/\/bibliapresente.com\/postagens\/livros-da-biblia\/genesis\/genesis-4\/\">G\u00eanesis 4 &#8211; Caim e Abel<\/a><\/li><li class=\"wp-block-pages-list__item\"><a class=\"wp-block-pages-list__item__link\" href=\"https:\/\/bibliapresente.com\/postagens\/livros-da-biblia\/genesis\/genesis-5\/\">G\u00eanesis 5 &#8211; Genealogia de Ad\u00e3o a No\u00e9<\/a><\/li><li class=\"wp-block-pages-list__item\"><a class=\"wp-block-pages-list__item__link\" href=\"https:\/\/bibliapresente.com\/postagens\/livros-da-biblia\/genesis\/genesis-6-a-corrupcao-e-o-chamado-de-noe\/\">G\u00eanesis 6 &#8211; A Corrup\u00e7\u00e3o e o Chamado de No\u00e9<\/a><\/li><li class=\"wp-block-pages-list__item\"><a class=\"wp-block-pages-list__item__link\" href=\"https:\/\/bibliapresente.com\/postagens\/livros-da-biblia\/genesis\/genesis-7\/\">G\u00eanesis 7 &#8211; O Grande Dil\u00favio<\/a><\/li><li class=\"wp-block-pages-list__item\"><a class=\"wp-block-pages-list__item__link\" href=\"https:\/\/bibliapresente.com\/postagens\/livros-da-biblia\/genesis\/genesis-8\/\">G\u00eanesis 8 &#8211; As \u00c1guas do Dil\u00favio Recuam<\/a><\/li><li class=\"wp-block-pages-list__item\"><a class=\"wp-block-pages-list__item__link\" href=\"https:\/\/bibliapresente.com\/postagens\/livros-da-biblia\/genesis\/genesis-9\/\">G\u00eanesis 9 &#8211; A Grande Alian\u00e7a do Arco-\u00cdris<\/a><\/li><li class=\"wp-block-pages-list__item\"><a class=\"wp-block-pages-list__item__link\" href=\"https:\/\/bibliapresente.com\/postagens\/livros-da-biblia\/genesis\/genesis-10-as-nacoes-descendentes-de-noe\/\">G\u00eanesis 10 &#8211; As Na\u00e7\u00f5es Descendentes de No\u00e9<\/a><\/li><li class=\"wp-block-pages-list__item\"><a class=\"wp-block-pages-list__item__link\" href=\"https:\/\/bibliapresente.com\/postagens\/livros-da-biblia\/genesis\/genesis-11-a-torre-de-babel\/\">G\u00eanesis 11 &#8211; A Torre de Babel<\/a><\/li><li class=\"wp-block-pages-list__item\"><a class=\"wp-block-pages-list__item__link\" href=\"https:\/\/bibliapresente.com\/postagens\/livros-da-biblia\/genesis\/genesis-12-o-chamado-de-abraao\/\">G\u00eanesis 12 &#8211; O Chamado de Abra\u00e3o<\/a><\/li><li class=\"wp-block-pages-list__item\"><a class=\"wp-block-pages-list__item__link\" href=\"https:\/\/bibliapresente.com\/postagens\/livros-da-biblia\/genesis\/genesis-13-a-separacao-de-abrao-e-lo\/\">G\u00eanesis 13 &#8211; A Separa\u00e7\u00e3o de Abr\u00e3o e L\u00f3<\/a><\/li><li class=\"wp-block-pages-list__item\"><a class=\"wp-block-pages-list__item__link\" href=\"https:\/\/bibliapresente.com\/postagens\/livros-da-biblia\/genesis\/genesis-14\/\">G\u00eanesis 14 &#8211; A B\u00ean\u00e7\u00e3o de Melquisedeque<\/a><\/li><li class=\"wp-block-pages-list__item\"><a class=\"wp-block-pages-list__item__link\" href=\"https:\/\/bibliapresente.com\/postagens\/livros-da-biblia\/genesis\/genesis-15\/\">G\u00eanesis 15 &#8211; A Alian\u00e7a de Deus com Abr\u00e3o<\/a><\/li><li class=\"wp-block-pages-list__item\"><a class=\"wp-block-pages-list__item__link\" href=\"https:\/\/bibliapresente.com\/postagens\/livros-da-biblia\/genesis\/genesis-16\/\">G\u00eanesis 16 &#8211; O Nascimento de Ismael<\/a><\/li><li class=\"wp-block-pages-list__item\"><a class=\"wp-block-pages-list__item__link\" href=\"https:\/\/bibliapresente.com\/postagens\/livros-da-biblia\/genesis\/genesis-17\/\">G\u00eanesis 17 &#8211; A Institui\u00e7\u00e3o da Circuncis\u00e3o<\/a><\/li><li class=\"wp-block-pages-list__item\"><a class=\"wp-block-pages-list__item__link\" href=\"https:\/\/bibliapresente.com\/postagens\/livros-da-biblia\/genesis\/genesis-18\/\">G\u00eanesis 18 &#8211; A Visita dos Tr\u00eas Anjos<\/a><\/li><li class=\"wp-block-pages-list__item\"><a class=\"wp-block-pages-list__item__link\" href=\"https:\/\/bibliapresente.com\/postagens\/livros-da-biblia\/genesis\/genesis-19\/\">G\u00eanesis 19 &#8211; Sodoma e Gomorra<\/a><\/li><li class=\"wp-block-pages-list__item\"><a class=\"wp-block-pages-list__item__link\" href=\"https:\/\/bibliapresente.com\/postagens\/livros-da-biblia\/genesis\/genesis-20\/\">G\u00eanesis 20 &#8211; Abra\u00e3o e Abimeleque<\/a><\/li><li class=\"wp-block-pages-list__item\"><a class=\"wp-block-pages-list__item__link\" href=\"https:\/\/bibliapresente.com\/postagens\/livros-da-biblia\/genesis\/genesis-21\/\">G\u00eanesis 21 &#8211; O Nascimento de Isaque<\/a><\/li><li class=\"wp-block-pages-list__item\"><a class=\"wp-block-pages-list__item__link\" href=\"https:\/\/bibliapresente.com\/postagens\/livros-da-biblia\/genesis\/genesis-22\/\">G\u00eanesis 22 &#8211; O Sacrif\u00edcio de Isaque<\/a><\/li><li class=\"wp-block-pages-list__item\"><a class=\"wp-block-pages-list__item__link\" href=\"https:\/\/bibliapresente.com\/postagens\/livros-da-biblia\/genesis\/genesis-23\/\">G\u00eanesis 23 &#8211; A Morte de Sara<\/a><\/li><li class=\"wp-block-pages-list__item\"><a class=\"wp-block-pages-list__item__link\" href=\"https:\/\/bibliapresente.com\/postagens\/livros-da-biblia\/genesis\/genesis-24\/\">G\u00eanesis 24 &#8211; O Casamento de Isaque<\/a><\/li><li class=\"wp-block-pages-list__item\"><a class=\"wp-block-pages-list__item__link\" href=\"https:\/\/bibliapresente.com\/postagens\/livros-da-biblia\/genesis\/genesis-25\/\">G\u00eanesis 25 &#8211; O Nascimento de Esa\u00fa e Jac\u00f3<\/a><\/li><li class=\"wp-block-pages-list__item\"><a class=\"wp-block-pages-list__item__link\" href=\"https:\/\/bibliapresente.com\/postagens\/livros-da-biblia\/genesis\/genesis-26\/\">G\u00eanesis 26 &#8211; As Promessas de Deus a Isaque<\/a><\/li><li class=\"wp-block-pages-list__item\"><a class=\"wp-block-pages-list__item__link\" href=\"https:\/\/bibliapresente.com\/postagens\/livros-da-biblia\/genesis\/genesis-27\/\">G\u00eanesis 27 &#8211; Jac\u00f3 Engana Isaque<\/a><\/li><li class=\"wp-block-pages-list__item\"><a class=\"wp-block-pages-list__item__link\" href=\"https:\/\/bibliapresente.com\/postagens\/livros-da-biblia\/genesis\/genesis-28\/\">G\u00eanesis 28 &#8211; O Sonho de Jac\u00f3 em Betel<\/a><\/li><li class=\"wp-block-pages-list__item\"><a class=\"wp-block-pages-list__item__link\" href=\"https:\/\/bibliapresente.com\/postagens\/livros-da-biblia\/genesis\/genesis-29\/\">G\u00eanesis 29 &#8211; Jac\u00f3 e as Filhas de Lab\u00e3o<\/a><\/li><li class=\"wp-block-pages-list__item\"><a class=\"wp-block-pages-list__item__link\" href=\"https:\/\/bibliapresente.com\/postagens\/livros-da-biblia\/genesis\/genesis-30\/\">G\u00eanesis 30 &#8211; O Acordo de Jac\u00f3 com Lab\u00e3o<\/a><\/li><li class=\"wp-block-pages-list__item\"><a class=\"wp-block-pages-list__item__link\" href=\"https:\/\/bibliapresente.com\/postagens\/livros-da-biblia\/genesis\/genesis-31\/\">G\u00eanesis 31 &#8211; A Fuga de Jac\u00f3<\/a><\/li><li class=\"wp-block-pages-list__item\"><a class=\"wp-block-pages-list__item__link\" href=\"https:\/\/bibliapresente.com\/postagens\/livros-da-biblia\/genesis\/genesis-32\/\">G\u00eanesis 32 &#8211; A Luta de Jac\u00f3 com O Anjo<\/a><\/li><li class=\"wp-block-pages-list__item\"><a class=\"wp-block-pages-list__item__link\" href=\"https:\/\/bibliapresente.com\/postagens\/livros-da-biblia\/genesis\/genesis-33\/\">G\u00eanesis 33 &#8211; A Reconcilia\u00e7\u00e3o de Jac\u00f3 e Esa\u00fa<\/a><\/li><li class=\"wp-block-pages-list__item\"><a class=\"wp-block-pages-list__item__link\" href=\"https:\/\/bibliapresente.com\/postagens\/livros-da-biblia\/genesis\/genesis-34\/\">G\u00eanesis 34 &#8211; O Caso de Din\u00e1<\/a><\/li><li class=\"wp-block-pages-list__item\"><a class=\"wp-block-pages-list__item__link\" href=\"https:\/\/bibliapresente.com\/postagens\/livros-da-biblia\/genesis\/genesis-35\/\">G\u00eanesis 35 &#8211; A Consagra\u00e7\u00e3o de Jac\u00f3 em Betel<\/a><\/li><li class=\"wp-block-pages-list__item\"><a class=\"wp-block-pages-list__item__link\" href=\"https:\/\/bibliapresente.com\/postagens\/livros-da-biblia\/genesis\/genesis-36\/\">G\u00eanesis 36 &#8211; Os Descendentes de Esa\u00fa<\/a><\/li><li class=\"wp-block-pages-list__item\"><a class=\"wp-block-pages-list__item__link\" href=\"https:\/\/bibliapresente.com\/postagens\/livros-da-biblia\/genesis\/genesis-37\/\">G\u00eanesis 37 &#8211; Jos\u00e9 Vendido como Escravo<\/a><\/li><li class=\"wp-block-pages-list__item\"><a class=\"wp-block-pages-list__item__link\" href=\"https:\/\/bibliapresente.com\/postagens\/livros-da-biblia\/genesis\/genesis-38\/\">G\u00eanesis 38 &#8211; Jud\u00e1 e Tamar<\/a><\/li><li class=\"wp-block-pages-list__item\"><a class=\"wp-block-pages-list__item__link\" href=\"https:\/\/bibliapresente.com\/postagens\/livros-da-biblia\/genesis\/genesis-39\/\">G\u00eanesis 39 &#8211; Jos\u00e9 na Casa de Potifar<\/a><\/li><li class=\"wp-block-pages-list__item\"><a class=\"wp-block-pages-list__item__link\" href=\"https:\/\/bibliapresente.com\/postagens\/livros-da-biblia\/genesis\/genesis-40\/\">G\u00eanesis 40 &#8211; Jos\u00e9 Interpreta Sonhos<\/a><\/li><li class=\"wp-block-pages-list__item\"><a class=\"wp-block-pages-list__item__link\" href=\"https:\/\/bibliapresente.com\/postagens\/livros-da-biblia\/genesis\/genesis-41\/\">G\u00eanesis 41 &#8211; O Sonho do Fara\u00f3<\/a><\/li><li class=\"wp-block-pages-list__item\"><a class=\"wp-block-pages-list__item__link\" href=\"https:\/\/bibliapresente.com\/postagens\/livros-da-biblia\/genesis\/genesis-42\/\">G\u00eanesis 42 &#8211; Os Irm\u00e3os de Jos\u00e9 no Egito<\/a><\/li><li class=\"wp-block-pages-list__item\"><a class=\"wp-block-pages-list__item__link\" href=\"https:\/\/bibliapresente.com\/postagens\/livros-da-biblia\/genesis\/genesis-43\/\">G\u00eanesis 43 &#8211; Benjamim Vai ao Egito<\/a><\/li><li class=\"wp-block-pages-list__item\"><a class=\"wp-block-pages-list__item__link\" href=\"https:\/\/bibliapresente.com\/postagens\/livros-da-biblia\/genesis\/genesis-44\/\">G\u00eanesis 44 &#8211; O Sacrif\u00edcio de Jud\u00e1<\/a><\/li><li class=\"wp-block-pages-list__item\"><a class=\"wp-block-pages-list__item__link\" href=\"https:\/\/bibliapresente.com\/postagens\/livros-da-biblia\/genesis\/genesis-45\/\">G\u00eanesis 45 &#8211; Jos\u00e9 se Revela a seus Irm\u00e3os<\/a><\/li><li class=\"wp-block-pages-list__item\"><a class=\"wp-block-pages-list__item__link\" href=\"https:\/\/bibliapresente.com\/postagens\/livros-da-biblia\/genesis\/genesis-46\/\">G\u00eanesis 46 &#8211; A Viagem de Jac\u00f3 ao Egito<\/a><\/li><li class=\"wp-block-pages-list__item\"><a class=\"wp-block-pages-list__item__link\" href=\"https:\/\/bibliapresente.com\/postagens\/livros-da-biblia\/genesis\/genesis-47\/\">G\u00eanesis 47 &#8211; Jac\u00f3 Aben\u00e7oa o Fara\u00f3<\/a><\/li><li class=\"wp-block-pages-list__item\"><a class=\"wp-block-pages-list__item__link\" href=\"https:\/\/bibliapresente.com\/postagens\/livros-da-biblia\/genesis\/genesis-48\/\">G\u00eanesis 48 &#8211; Jac\u00f3 Aben\u00e7oa os Filhos de Jos\u00e9<\/a><\/li><li class=\"wp-block-pages-list__item\"><a class=\"wp-block-pages-list__item__link\" href=\"https:\/\/bibliapresente.com\/postagens\/livros-da-biblia\/genesis\/genesis-49\/\">G\u00eanesis 49 &#8211; B\u00ean\u00e7\u00e3os de Jac\u00f3 a Seus Filhos<\/a><\/li><li class=\"wp-block-pages-list__item\"><a class=\"wp-block-pages-list__item__link\" href=\"https:\/\/bibliapresente.com\/postagens\/livros-da-biblia\/genesis\/genesis-50\/\">G\u00eanesis 50 &#8211; A Morte de Jac\u00f3<\/a><\/li><\/ul>","protected":false},"excerpt":{"rendered":"<p>Jac\u00f3 chega ao po\u00e7o de Har\u00e3 1 E seguiu Jac\u00f3 seu caminho, e foi \u00e0 terra dos orientais. 2 E olhou, e viu um po\u00e7o no campo: e eis tr\u00eas rebanhos de ovelhas que jaziam pr\u00f3ximo dele; porque daquele po\u00e7o davam de beber aos gados: e havia uma grande pedra sobre a boca do po\u00e7o. &hellip; <\/p>\n","protected":false},"author":2,"featured_media":263,"parent":233,"menu_order":29,"comment_status":"closed","ping_status":"closed","template":"","meta":{"om_disable_all_campaigns":false,"_monsterinsights_skip_tracking":false,"_monsterinsights_sitenote_active":false,"_monsterinsights_sitenote_note":"","_monsterinsights_sitenote_category":0,"footnotes":""},"class_list":["post-346","page","type-page","status-publish","has-post-thumbnail","hentry"],"aioseo_notices":[],"_links":{"self":[{"href":"https:\/\/bibliapresente.com\/postagens\/wp-json\/wp\/v2\/pages\/346","targetHints":{"allow":["GET"]}}],"collection":[{"href":"https:\/\/bibliapresente.com\/postagens\/wp-json\/wp\/v2\/pages"}],"about":[{"href":"https:\/\/bibliapresente.com\/postagens\/wp-json\/wp\/v2\/types\/page"}],"author":[{"embeddable":true,"href":"https:\/\/bibliapresente.com\/postagens\/wp-json\/wp\/v2\/users\/2"}],"replies":[{"embeddable":true,"href":"https:\/\/bibliapresente.com\/postagens\/wp-json\/wp\/v2\/comments?post=346"}],"version-history":[{"count":3,"href":"https:\/\/bibliapresente.com\/postagens\/wp-json\/wp\/v2\/pages\/346\/revisions"}],"predecessor-version":[{"id":511,"href":"https:\/\/bibliapresente.com\/postagens\/wp-json\/wp\/v2\/pages\/346\/revisions\/511"}],"up":[{"embeddable":true,"href":"https:\/\/bibliapresente.com\/postagens\/wp-json\/wp\/v2\/pages\/233"}],"wp:featuredmedia":[{"embeddable":true,"href":"https:\/\/bibliapresente.com\/postagens\/wp-json\/wp\/v2\/media\/263"}],"wp:attachment":[{"href":"https:\/\/bibliapresente.com\/postagens\/wp-json\/wp\/v2\/media?parent=346"}],"curies":[{"name":"wp","href":"https:\/\/api.w.org\/{rel}","templated":true}]}}