{"id":342,"date":"2025-01-04T13:36:56","date_gmt":"2025-01-04T16:36:56","guid":{"rendered":"https:\/\/bibliapresente.com\/postagens\/?page_id=342"},"modified":"2025-01-04T13:36:57","modified_gmt":"2025-01-04T16:36:57","slug":"genesis-27","status":"publish","type":"page","link":"https:\/\/bibliapresente.com\/postagens\/livros-da-biblia\/genesis\/genesis-27\/","title":{"rendered":"G\u00eanesis 27 &#8211; Jac\u00f3 Engana Isaque"},"content":{"rendered":"\n<h3 class=\"wp-block-heading\">Isaque manda Esa\u00fa fazer-lhe um guisado<\/h3>\n\n\n\n<p class=\"has-medium-font-size\" style=\"letter-spacing:1px\"><span><span><sup><b>1<\/b><\/sup><\/span> E aconteceu que quando havia Isaque envelhecido, e seus olhos se ofuscaram ficando sem vista, chamou a Esa\u00fa, seu filho o maior. E disse-lhe: Meu filho. E ele respondeu: Eis-me aqui. <\/span><br><span><span><sup><b>2<\/b><\/sup><\/span> E ele disse: Eis que j\u00e1 sou velho, n\u00e3o sei o dia de minha morte: <\/span><br><span><span><sup><b>3<\/b><\/sup><\/span> Toma, pois, agora tuas armas, tua aljava e teu arco, e sai ao campo, e pega-me ca\u00e7a; <\/span><br><span><span><sup><b>4<\/b><\/sup><\/span> E faze-me um guisado, como eu gosto, e traze-o a mim, e comerei: para que te aben\u00e7oe minha alma antes que morra. <\/span><br><span><span><sup><b>5<\/b><\/sup><\/span> E Rebeca estava ouvindo, quando falava Isaque a Esa\u00fa seu filho. E foi-se Esa\u00fa ao campo para pegar a ca\u00e7a que havia de trazer. <\/span><\/p>\n\n\n\n<h3 class=\"wp-block-heading\">Rebeca e Jac\u00f3 enganam Isaque<\/h3>\n\n\n\n<p class=\"has-medium-font-size\" style=\"letter-spacing:1px\"><span><span><sup><b>6<\/b><\/sup><\/span> Ent\u00e3o Rebeca falou a Jac\u00f3 seu filho, dizendo: Eis que eu ouvi a teu pai que falava com Esa\u00fa teu irm\u00e3o, dizendo: <\/span><br><span><span><sup><b>7<\/b><\/sup><\/span> Traze-me ca\u00e7a, e faze-me um guisado, para que coma, e te aben\u00e7oe diante do SENHOR antes que eu morra. <\/span><br><span><span><sup><b>8<\/b><\/sup><\/span> Agora, pois, filho meu, obedece \u00e0 minha voz no que te mando; <\/span><br><span><span><sup><b>9<\/b><\/sup><\/span> Vai agora ao gado, e traze-me dali dois bons cabritos das cabras, e farei deles iguarias para teu pai, como ele gosta; <\/span><br><span><span><sup><b>10<\/b><\/sup><\/span> E tu as levar\u00e1s a teu pai, e comer\u00e1, para que te aben\u00e7oe antes de sua morte. <\/span><br><span><span><sup><b>11<\/b><\/sup><\/span> E Jac\u00f3 disse a Rebeca sua m\u00e3e: Eis que Esa\u00fa meu irm\u00e3o \u00e9 homem peludo, e eu liso: <\/span><br><span><span><sup><b>12<\/b><\/sup><\/span> Talvez me apalpe meu pai, e me ter\u00e1 por enganador, e trarei sobre mim maldi\u00e7\u00e3o e n\u00e3o b\u00ean\u00e7\u00e3o. <\/span><br><span><span><sup><b>13<\/b><\/sup><\/span> E sua m\u00e3e respondeu: Filho meu, sobre mim tua maldi\u00e7\u00e3o: somente obedece \u00e0 minha voz, e vai e traze-os a mim. <\/span><br><span><span><sup><b>14<\/b><\/sup><\/span> Ent\u00e3o ele foi, e tomou, e trouxe-os \u00e0 sua m\u00e3e: e sua m\u00e3e fez guisados, como seu pai gostava. <\/span><br><span><span><sup><b>15<\/b><\/sup><\/span> E tomou Rebeca as roupas de Esa\u00fa seu filho maior, os preciosos, que ela tinha em casa, e vestiu a Jac\u00f3 seu filho menor: <\/span><br><span><span><sup><b>16<\/b><\/sup><\/span> E fez-lhe vestir sobre suas m\u00e3os e sobre o pesco\u00e7o onde n\u00e3o tinha pelo, as peles dos cabritos das cabras; <\/span><br><span><span><sup><b>17<\/b><\/sup><\/span> E entregou os guisados e o p\u00e3o que havia preparado, em m\u00e3o de Jac\u00f3 seu filho. <\/span><br><span><span><sup><b>18<\/b><\/sup><\/span> E ele foi a seu pai, e disse: Meu pai: e ele respondeu: Eis-me aqui, quem \u00e9s, filho meu? <\/span><br><span><span><sup><b>19<\/b><\/sup><\/span> E Jac\u00f3 disse a seu pai: Eu sou Esa\u00fa teu primog\u00eanito; fiz como me disseste: levanta-te agora, e senta, e come de minha ca\u00e7a, para que me aben\u00e7oe tua alma. <\/span><br><span><span><sup><b>20<\/b><\/sup><\/span> Ent\u00e3o Isaque disse a seu filho: Como \u00e9 que a achaste t\u00e3o depressa, filho meu? E ele respondeu: Porque o SENHOR teu Deus fez que se encontrasse diante de mim. <\/span><br><span><span><sup><b>21<\/b><\/sup><\/span> E Isaque disse a Jac\u00f3: Aproxima-te agora, e te apalparei, filho meu, par se \u00e9s meu filho Esa\u00fa ou n\u00e3o. <\/span><br><span><span><sup><b>22<\/b><\/sup><\/span> E chegou-se Jac\u00f3 a seu pai Isaque; e ele lhe apalpou, e disse: A voz \u00e9 a voz de Jac\u00f3, mas as m\u00e3os, as m\u00e3os de Esa\u00fa. <\/span><br><span><span><sup><b>23<\/b><\/sup><\/span> E n\u00e3o lhe reconheceu, porque suas m\u00e3os eram peludas como as m\u00e3os de Esa\u00fa: e lhe aben\u00e7oou. <\/span><\/p>\n\n\n\n<h3 class=\"wp-block-heading\">Isaque aben\u00e7oa Jac\u00f3<\/h3>\n\n\n\n<p class=\"has-medium-font-size\" style=\"letter-spacing:1px\"><span><span><sup><b>24<\/b><\/sup><\/span> E disse: \u00c9s tu meu filho Esa\u00fa? E ele respondeu: Eu sou. <\/span><br><span><span><sup><b>25<\/b><\/sup><\/span> E disse: Aproxima-a a mim, e comerei da ca\u00e7a de meu filho, para que te aben\u00e7oe minha alma; e ele a aproximou, e comeu: trouxe-lhe tamb\u00e9m vinho, e bebeu. <\/span><br><span><span><sup><b>26<\/b><\/sup><\/span> E disse-lhe Isaque seu pai: Aproxima-te agora, e beija-me, filho meu. <\/span><br><span><span><sup><b>27<\/b><\/sup><\/span> E ele se chegou, e lhe beijou; e cheirou Isaque o cheiro de suas roupas, e lhe aben\u00e7oou. E disse: Olha, o cheiro de meu filho Como o cheiro do campo que o SENHOR aben\u00e7oou: <\/span><br><span><span><sup><b>28<\/b><\/sup><\/span> Deus, pois, te d\u00ea do orvalho do c\u00e9u, E das gorduras da terra, E abund\u00e2ncia de trigo e de mosto. <\/span><br><span><span><sup><b>29<\/b><\/sup><\/span> Sirvam-te povos, E na\u00e7\u00f5es se inclinem a ti: S\u00ea senhor de teus irm\u00e3os, e inclinem-se a ti os filhos de tua m\u00e3e. Malditos os que te amaldi\u00e7oarem, e benditos os que te aben\u00e7oarem. <\/span><\/p>\n\n\n\n<h3 class=\"wp-block-heading\">Esa\u00fa traz ao seu pai o guisado e descobre que Jac\u00f3 j\u00e1 tomou a ben\u00e7\u00e3o<\/h3>\n\n\n\n<p class=\"has-medium-font-size\" style=\"letter-spacing:1px\"><span><span><sup><b>30<\/b><\/sup><\/span> E aconteceu, logo que havia Isaque de aben\u00e7oar a Jac\u00f3, e apenas havia sa\u00eddo Jac\u00f3 de diante de Isaque seu pai, que Esa\u00fa seu irm\u00e3o veio de sua ca\u00e7a. <\/span><br><span><span><sup><b>31<\/b><\/sup><\/span> E fez ele tamb\u00e9m guisados, e trouxe a seu pai, e disse-lhe: Levante-se meu pai, e coma da ca\u00e7a de seu filho, para que me aben\u00e7oe tua alma. <\/span><br><span><span><sup><b>32<\/b><\/sup><\/span> Ent\u00e3o Isaque seu pai lhe disse: Quem \u00e9s tu? E ele disse: Eu sou teu filho, teu primog\u00eanito, Esa\u00fa. <\/span><br><span><span><sup><b>33<\/b><\/sup><\/span> E Estremeceu-se Isaque com grande estremecimento, e disse: Quem \u00e9 o que veio aqui, que agarrou ca\u00e7a, e me trouxe, e comi de tudo antes que viesses? Eu o aben\u00e7oei, e ser\u00e1 bendito. <\/span><br><span><span><sup><b>34<\/b><\/sup><\/span> Quando Esa\u00fa ouviu as palavras de seu pai clamou com uma muito grande e muito amarga exclama\u00e7\u00e3o, e lhe disse: Aben\u00e7oa tamb\u00e9m a mim, meu pai. <\/span><br><span><span><sup><b>35<\/b><\/sup><\/span> E ele disse: Veio teu irm\u00e3o com engano, e tomou tua b\u00ean\u00e7\u00e3o. <\/span><br><span><span><sup><b>36<\/b><\/sup><\/span> E ele respondeu: Bem chamaram seu nome Jac\u00f3, que j\u00e1 me enganou duas vezes. Tirou minha primogenitura, e eis que agora tomou minha b\u00ean\u00e7\u00e3o. E disse: N\u00e3o guardaste b\u00ean\u00e7\u00e3o para mim? <\/span><br><span><span><sup><b>37<\/b><\/sup><\/span> Isaque respondeu e disse a Esa\u00fa: Eis que eu o pus por senhor teu, e lhe dei por servos a todos os seus irm\u00e3os. De trigo e de vinho lhe provi: que, pois, farei a ti agora, filho meu? <\/span><br><span><span><sup><b>38<\/b><\/sup><\/span> E Esa\u00fa respondeu a seu pai: N\u00e3o tens mais que uma s\u00f3 b\u00ean\u00e7\u00e3o, meu pai? Aben\u00e7oa tamb\u00e9m a mim, meu pai. E levantou Esa\u00fa sua voz, e chorou. <\/span><br><span><span><sup><b>39<\/b><\/sup><\/span> Ent\u00e3o Isaque seu pai falou e disse-lhe: Eis que ser\u00e1 tua habita\u00e7\u00e3o sem gorduras da terra, E sem orvalho dos c\u00e9us de acima; <\/span><br><span><span><sup><b>40<\/b><\/sup><\/span> E por tua espada viver\u00e1s, e a teu irm\u00e3o servir\u00e1s: E suceder\u00e1 quando te dominares, Que descarregar\u00e1s seu jugo de teu pesco\u00e7o. <\/span><\/p>\n\n\n\n<h3 class=\"wp-block-heading\">A f\u00faria de Esa\u00fa<\/h3>\n\n\n\n<p class=\"has-medium-font-size\" style=\"letter-spacing:1px\"><span><span><sup><b>41<\/b><\/sup><\/span> E odiou Esa\u00fa a Jac\u00f3 pela b\u00ean\u00e7\u00e3o com que lhe havia aben\u00e7oado, e disse em seu cora\u00e7\u00e3o: Chegar\u00e3o os dias do luto de meu pai, e eu matarei a Jac\u00f3 meu irm\u00e3o. <\/span><br><span><span><sup><b>42<\/b><\/sup><\/span> E foram ditas a Rebeca as palavras de Esa\u00fa seu filho mais velho. E ela enviou e chamou a Jac\u00f3 seu filho mais novo. E disse-lhe: Eis que, Esa\u00fa teu irm\u00e3o se consola acerca de ti com a ideia de matar-te. <\/span><br><span><span><sup><b>43<\/b><\/sup><\/span> Agora, pois, filho meu, obedece \u00e0 minha voz; levanta-te, e foge-te a Lab\u00e3o meu irm\u00e3o, a Har\u00e3. <\/span><br><span><span><sup><b>44<\/b><\/sup><\/span> E mora com ele alguns dias, at\u00e9 que a ira de teu irm\u00e3o se diminua; <\/span><br><span><span><sup><b>45<\/b><\/sup><\/span> At\u00e9 que se aplaque a ira de teu irm\u00e3o contra ti, e se esque\u00e7a do que lhe fizeste. Eu enviarei ent\u00e3o, e te trarei dali: por que serei privada de v\u00f3s ambos em um dia? <\/span><br><span><span><sup><b>46<\/b><\/sup><\/span> E disse Rebeca a Isaque: Desgosto tenho de minha vida, por causa das filhas de Hete. Se Jac\u00f3 toma mulher das filhas de Hete, como estas, das filhas desta terra, para que quero a vida?<\/span><\/p>\n\n\n\n<div class=\"wp-block-columns is-layout-flex wp-container-core-columns-is-layout-9d6595d7 wp-block-columns-is-layout-flex\">\n<div class=\"wp-block-column is-layout-flow wp-block-column-is-layout-flow\">\n<p><a href=\"https:\/\/bibliapresente.com\/postagens\/livros-da-biblia\/genesis\/genesis-26\/\">G\u00eanesis 26<\/a><\/p>\n<\/div>\n\n\n\n<div class=\"wp-block-column is-layout-flow wp-block-column-is-layout-flow\">\n<p class=\"has-text-align-right\"><a href=\"\/genesis-28\">G\u00eanesis 28<\/a><\/p>\n<\/div>\n<\/div>\n\n\n\n<h2 class=\"wp-block-heading\">Descri\u00e7\u00e3o &#8211; G\u00eanesis 27<\/h2>\n\n\n\n<p class=\"has-medium-font-size\">G\u00eanesis 27 narra a hist\u00f3ria em que Jac\u00f3, com a ajuda de sua m\u00e3e Rebeca, engana seu pai Isaque para receber a b\u00ean\u00e7\u00e3o destinada a Esa\u00fa, o primog\u00eanito. Esse cap\u00edtulo revela temas de engano, b\u00ean\u00e7\u00e3o e as consequ\u00eancias familiares do favoritismo. A b\u00ean\u00e7\u00e3o concedida a Jac\u00f3 reafirma o plano divino. No entanto, gera conflitos entre os irm\u00e3os, levando Jac\u00f3 a fugir para evitar a f\u00faria de Esa\u00fa. O cap\u00edtulo destaca a soberania de Deus ao cumprir Suas promessas, apesar das falhas humanas.<\/p>\n\n\n\n<h3 class=\"wp-block-heading\">Livro do G\u00eanesis:<\/h3>\n\n\n<ul class=\"wp-block-page-list\"><li class=\"wp-block-pages-list__item\"><a class=\"wp-block-pages-list__item__link\" href=\"https:\/\/bibliapresente.com\/postagens\/livros-da-biblia\/genesis\/genesis-1\/\">G\u00eanesis 1 &#8211; A Cria\u00e7\u00e3o do Universo<\/a><\/li><li class=\"wp-block-pages-list__item\"><a class=\"wp-block-pages-list__item__link\" href=\"https:\/\/bibliapresente.com\/postagens\/livros-da-biblia\/genesis\/genesis-2\/\">G\u00eanesis 2 &#8211; O Jardim do \u00c9den<\/a><\/li><li class=\"wp-block-pages-list__item\"><a class=\"wp-block-pages-list__item__link\" href=\"https:\/\/bibliapresente.com\/postagens\/livros-da-biblia\/genesis\/genesis-3\/\">G\u00eanesis 3 &#8211; O Pecado Original<\/a><\/li><li class=\"wp-block-pages-list__item\"><a class=\"wp-block-pages-list__item__link\" href=\"https:\/\/bibliapresente.com\/postagens\/livros-da-biblia\/genesis\/genesis-4\/\">G\u00eanesis 4 &#8211; Caim e Abel<\/a><\/li><li class=\"wp-block-pages-list__item\"><a class=\"wp-block-pages-list__item__link\" href=\"https:\/\/bibliapresente.com\/postagens\/livros-da-biblia\/genesis\/genesis-5\/\">G\u00eanesis 5 &#8211; Genealogia de Ad\u00e3o a No\u00e9<\/a><\/li><li class=\"wp-block-pages-list__item\"><a class=\"wp-block-pages-list__item__link\" href=\"https:\/\/bibliapresente.com\/postagens\/livros-da-biblia\/genesis\/genesis-6-a-corrupcao-e-o-chamado-de-noe\/\">G\u00eanesis 6 &#8211; A Corrup\u00e7\u00e3o e o Chamado de No\u00e9<\/a><\/li><li class=\"wp-block-pages-list__item\"><a class=\"wp-block-pages-list__item__link\" href=\"https:\/\/bibliapresente.com\/postagens\/livros-da-biblia\/genesis\/genesis-7\/\">G\u00eanesis 7 &#8211; O Grande Dil\u00favio<\/a><\/li><li class=\"wp-block-pages-list__item\"><a class=\"wp-block-pages-list__item__link\" href=\"https:\/\/bibliapresente.com\/postagens\/livros-da-biblia\/genesis\/genesis-8\/\">G\u00eanesis 8 &#8211; As \u00c1guas do Dil\u00favio Recuam<\/a><\/li><li class=\"wp-block-pages-list__item\"><a class=\"wp-block-pages-list__item__link\" href=\"https:\/\/bibliapresente.com\/postagens\/livros-da-biblia\/genesis\/genesis-9\/\">G\u00eanesis 9 &#8211; A Grande Alian\u00e7a do Arco-\u00cdris<\/a><\/li><li class=\"wp-block-pages-list__item\"><a class=\"wp-block-pages-list__item__link\" href=\"https:\/\/bibliapresente.com\/postagens\/livros-da-biblia\/genesis\/genesis-10-as-nacoes-descendentes-de-noe\/\">G\u00eanesis 10 &#8211; As Na\u00e7\u00f5es Descendentes de No\u00e9<\/a><\/li><li class=\"wp-block-pages-list__item\"><a class=\"wp-block-pages-list__item__link\" href=\"https:\/\/bibliapresente.com\/postagens\/livros-da-biblia\/genesis\/genesis-11-a-torre-de-babel\/\">G\u00eanesis 11 &#8211; A Torre de Babel<\/a><\/li><li class=\"wp-block-pages-list__item\"><a class=\"wp-block-pages-list__item__link\" href=\"https:\/\/bibliapresente.com\/postagens\/livros-da-biblia\/genesis\/genesis-12-o-chamado-de-abraao\/\">G\u00eanesis 12 &#8211; O Chamado de Abra\u00e3o<\/a><\/li><li class=\"wp-block-pages-list__item\"><a class=\"wp-block-pages-list__item__link\" href=\"https:\/\/bibliapresente.com\/postagens\/livros-da-biblia\/genesis\/genesis-13-a-separacao-de-abrao-e-lo\/\">G\u00eanesis 13 &#8211; A Separa\u00e7\u00e3o de Abr\u00e3o e L\u00f3<\/a><\/li><li class=\"wp-block-pages-list__item\"><a class=\"wp-block-pages-list__item__link\" href=\"https:\/\/bibliapresente.com\/postagens\/livros-da-biblia\/genesis\/genesis-14\/\">G\u00eanesis 14 &#8211; A B\u00ean\u00e7\u00e3o de Melquisedeque<\/a><\/li><li class=\"wp-block-pages-list__item\"><a class=\"wp-block-pages-list__item__link\" href=\"https:\/\/bibliapresente.com\/postagens\/livros-da-biblia\/genesis\/genesis-15\/\">G\u00eanesis 15 &#8211; A Alian\u00e7a de Deus com Abr\u00e3o<\/a><\/li><li class=\"wp-block-pages-list__item\"><a class=\"wp-block-pages-list__item__link\" href=\"https:\/\/bibliapresente.com\/postagens\/livros-da-biblia\/genesis\/genesis-16\/\">G\u00eanesis 16 &#8211; O Nascimento de Ismael<\/a><\/li><li class=\"wp-block-pages-list__item\"><a class=\"wp-block-pages-list__item__link\" href=\"https:\/\/bibliapresente.com\/postagens\/livros-da-biblia\/genesis\/genesis-17\/\">G\u00eanesis 17 &#8211; A Institui\u00e7\u00e3o da Circuncis\u00e3o<\/a><\/li><li class=\"wp-block-pages-list__item\"><a class=\"wp-block-pages-list__item__link\" href=\"https:\/\/bibliapresente.com\/postagens\/livros-da-biblia\/genesis\/genesis-18\/\">G\u00eanesis 18 &#8211; A Visita dos Tr\u00eas Anjos<\/a><\/li><li class=\"wp-block-pages-list__item\"><a class=\"wp-block-pages-list__item__link\" href=\"https:\/\/bibliapresente.com\/postagens\/livros-da-biblia\/genesis\/genesis-19\/\">G\u00eanesis 19 &#8211; Sodoma e Gomorra<\/a><\/li><li class=\"wp-block-pages-list__item\"><a class=\"wp-block-pages-list__item__link\" href=\"https:\/\/bibliapresente.com\/postagens\/livros-da-biblia\/genesis\/genesis-20\/\">G\u00eanesis 20 &#8211; Abra\u00e3o e Abimeleque<\/a><\/li><li class=\"wp-block-pages-list__item\"><a class=\"wp-block-pages-list__item__link\" href=\"https:\/\/bibliapresente.com\/postagens\/livros-da-biblia\/genesis\/genesis-21\/\">G\u00eanesis 21 &#8211; O Nascimento de Isaque<\/a><\/li><li class=\"wp-block-pages-list__item\"><a class=\"wp-block-pages-list__item__link\" href=\"https:\/\/bibliapresente.com\/postagens\/livros-da-biblia\/genesis\/genesis-22\/\">G\u00eanesis 22 &#8211; O Sacrif\u00edcio de Isaque<\/a><\/li><li class=\"wp-block-pages-list__item\"><a class=\"wp-block-pages-list__item__link\" href=\"https:\/\/bibliapresente.com\/postagens\/livros-da-biblia\/genesis\/genesis-23\/\">G\u00eanesis 23 &#8211; A Morte de Sara<\/a><\/li><li class=\"wp-block-pages-list__item\"><a class=\"wp-block-pages-list__item__link\" href=\"https:\/\/bibliapresente.com\/postagens\/livros-da-biblia\/genesis\/genesis-24\/\">G\u00eanesis 24 &#8211; O Casamento de Isaque<\/a><\/li><li class=\"wp-block-pages-list__item\"><a class=\"wp-block-pages-list__item__link\" href=\"https:\/\/bibliapresente.com\/postagens\/livros-da-biblia\/genesis\/genesis-25\/\">G\u00eanesis 25 &#8211; O Nascimento de Esa\u00fa e Jac\u00f3<\/a><\/li><li class=\"wp-block-pages-list__item\"><a class=\"wp-block-pages-list__item__link\" href=\"https:\/\/bibliapresente.com\/postagens\/livros-da-biblia\/genesis\/genesis-26\/\">G\u00eanesis 26 &#8211; As Promessas de Deus a Isaque<\/a><\/li><li class=\"wp-block-pages-list__item\"><a class=\"wp-block-pages-list__item__link\" href=\"https:\/\/bibliapresente.com\/postagens\/livros-da-biblia\/genesis\/genesis-27\/\">G\u00eanesis 27 &#8211; Jac\u00f3 Engana Isaque<\/a><\/li><li class=\"wp-block-pages-list__item\"><a class=\"wp-block-pages-list__item__link\" href=\"https:\/\/bibliapresente.com\/postagens\/livros-da-biblia\/genesis\/genesis-28\/\">G\u00eanesis 28 &#8211; O Sonho de Jac\u00f3 em Betel<\/a><\/li><li class=\"wp-block-pages-list__item\"><a class=\"wp-block-pages-list__item__link\" href=\"https:\/\/bibliapresente.com\/postagens\/livros-da-biblia\/genesis\/genesis-29\/\">G\u00eanesis 29 &#8211; Jac\u00f3 e as Filhas de Lab\u00e3o<\/a><\/li><li class=\"wp-block-pages-list__item\"><a class=\"wp-block-pages-list__item__link\" href=\"https:\/\/bibliapresente.com\/postagens\/livros-da-biblia\/genesis\/genesis-30\/\">G\u00eanesis 30 &#8211; O Acordo de Jac\u00f3 com Lab\u00e3o<\/a><\/li><li class=\"wp-block-pages-list__item\"><a class=\"wp-block-pages-list__item__link\" href=\"https:\/\/bibliapresente.com\/postagens\/livros-da-biblia\/genesis\/genesis-31\/\">G\u00eanesis 31 &#8211; A Fuga de Jac\u00f3<\/a><\/li><li class=\"wp-block-pages-list__item\"><a class=\"wp-block-pages-list__item__link\" href=\"https:\/\/bibliapresente.com\/postagens\/livros-da-biblia\/genesis\/genesis-32\/\">G\u00eanesis 32 &#8211; A Luta de Jac\u00f3 com O Anjo<\/a><\/li><li class=\"wp-block-pages-list__item\"><a class=\"wp-block-pages-list__item__link\" href=\"https:\/\/bibliapresente.com\/postagens\/livros-da-biblia\/genesis\/genesis-33\/\">G\u00eanesis 33 &#8211; A Reconcilia\u00e7\u00e3o de Jac\u00f3 e Esa\u00fa<\/a><\/li><li class=\"wp-block-pages-list__item\"><a class=\"wp-block-pages-list__item__link\" href=\"https:\/\/bibliapresente.com\/postagens\/livros-da-biblia\/genesis\/genesis-34\/\">G\u00eanesis 34 &#8211; O Caso de Din\u00e1<\/a><\/li><li class=\"wp-block-pages-list__item\"><a class=\"wp-block-pages-list__item__link\" href=\"https:\/\/bibliapresente.com\/postagens\/livros-da-biblia\/genesis\/genesis-35\/\">G\u00eanesis 35 &#8211; A Consagra\u00e7\u00e3o de Jac\u00f3 em Betel<\/a><\/li><li class=\"wp-block-pages-list__item\"><a class=\"wp-block-pages-list__item__link\" href=\"https:\/\/bibliapresente.com\/postagens\/livros-da-biblia\/genesis\/genesis-36\/\">G\u00eanesis 36 &#8211; Os Descendentes de Esa\u00fa<\/a><\/li><li class=\"wp-block-pages-list__item\"><a class=\"wp-block-pages-list__item__link\" href=\"https:\/\/bibliapresente.com\/postagens\/livros-da-biblia\/genesis\/genesis-37\/\">G\u00eanesis 37 &#8211; Jos\u00e9 Vendido como Escravo<\/a><\/li><li class=\"wp-block-pages-list__item\"><a class=\"wp-block-pages-list__item__link\" href=\"https:\/\/bibliapresente.com\/postagens\/livros-da-biblia\/genesis\/genesis-38\/\">G\u00eanesis 38 &#8211; Jud\u00e1 e Tamar<\/a><\/li><li class=\"wp-block-pages-list__item\"><a class=\"wp-block-pages-list__item__link\" href=\"https:\/\/bibliapresente.com\/postagens\/livros-da-biblia\/genesis\/genesis-39\/\">G\u00eanesis 39 &#8211; Jos\u00e9 na Casa de Potifar<\/a><\/li><li class=\"wp-block-pages-list__item\"><a class=\"wp-block-pages-list__item__link\" href=\"https:\/\/bibliapresente.com\/postagens\/livros-da-biblia\/genesis\/genesis-40\/\">G\u00eanesis 40 &#8211; Jos\u00e9 Interpreta Sonhos<\/a><\/li><li class=\"wp-block-pages-list__item\"><a class=\"wp-block-pages-list__item__link\" href=\"https:\/\/bibliapresente.com\/postagens\/livros-da-biblia\/genesis\/genesis-41\/\">G\u00eanesis 41 &#8211; O Sonho do Fara\u00f3<\/a><\/li><li class=\"wp-block-pages-list__item\"><a class=\"wp-block-pages-list__item__link\" href=\"https:\/\/bibliapresente.com\/postagens\/livros-da-biblia\/genesis\/genesis-42\/\">G\u00eanesis 42 &#8211; Os Irm\u00e3os de Jos\u00e9 no Egito<\/a><\/li><li class=\"wp-block-pages-list__item\"><a class=\"wp-block-pages-list__item__link\" href=\"https:\/\/bibliapresente.com\/postagens\/livros-da-biblia\/genesis\/genesis-43\/\">G\u00eanesis 43 &#8211; Benjamim Vai ao Egito<\/a><\/li><li class=\"wp-block-pages-list__item\"><a class=\"wp-block-pages-list__item__link\" href=\"https:\/\/bibliapresente.com\/postagens\/livros-da-biblia\/genesis\/genesis-44\/\">G\u00eanesis 44 &#8211; O Sacrif\u00edcio de Jud\u00e1<\/a><\/li><li class=\"wp-block-pages-list__item\"><a class=\"wp-block-pages-list__item__link\" href=\"https:\/\/bibliapresente.com\/postagens\/livros-da-biblia\/genesis\/genesis-45\/\">G\u00eanesis 45 &#8211; Jos\u00e9 se Revela a seus Irm\u00e3os<\/a><\/li><li class=\"wp-block-pages-list__item\"><a class=\"wp-block-pages-list__item__link\" href=\"https:\/\/bibliapresente.com\/postagens\/livros-da-biblia\/genesis\/genesis-46\/\">G\u00eanesis 46 &#8211; A Viagem de Jac\u00f3 ao Egito<\/a><\/li><li class=\"wp-block-pages-list__item\"><a class=\"wp-block-pages-list__item__link\" href=\"https:\/\/bibliapresente.com\/postagens\/livros-da-biblia\/genesis\/genesis-47\/\">G\u00eanesis 47 &#8211; Jac\u00f3 Aben\u00e7oa o Fara\u00f3<\/a><\/li><li class=\"wp-block-pages-list__item\"><a class=\"wp-block-pages-list__item__link\" href=\"https:\/\/bibliapresente.com\/postagens\/livros-da-biblia\/genesis\/genesis-48\/\">G\u00eanesis 48 &#8211; Jac\u00f3 Aben\u00e7oa os Filhos de Jos\u00e9<\/a><\/li><li class=\"wp-block-pages-list__item\"><a class=\"wp-block-pages-list__item__link\" href=\"https:\/\/bibliapresente.com\/postagens\/livros-da-biblia\/genesis\/genesis-49\/\">G\u00eanesis 49 &#8211; B\u00ean\u00e7\u00e3os de Jac\u00f3 a Seus Filhos<\/a><\/li><li class=\"wp-block-pages-list__item\"><a class=\"wp-block-pages-list__item__link\" href=\"https:\/\/bibliapresente.com\/postagens\/livros-da-biblia\/genesis\/genesis-50\/\">G\u00eanesis 50 &#8211; A Morte de Jac\u00f3<\/a><\/li><\/ul>","protected":false},"excerpt":{"rendered":"<p>Isaque manda Esa\u00fa fazer-lhe um guisado 1 E aconteceu que quando havia Isaque envelhecido, e seus olhos se ofuscaram ficando sem vista, chamou a Esa\u00fa, seu filho o maior. E disse-lhe: Meu filho. E ele respondeu: Eis-me aqui. 2 E ele disse: Eis que j\u00e1 sou velho, n\u00e3o sei o dia de minha morte: 3 &hellip; <\/p>\n","protected":false},"author":2,"featured_media":263,"parent":233,"menu_order":27,"comment_status":"closed","ping_status":"closed","template":"","meta":{"om_disable_all_campaigns":false,"_monsterinsights_skip_tracking":false,"_monsterinsights_sitenote_active":false,"_monsterinsights_sitenote_note":"","_monsterinsights_sitenote_category":0,"footnotes":""},"class_list":["post-342","page","type-page","status-publish","has-post-thumbnail","hentry"],"aioseo_notices":[],"_links":{"self":[{"href":"https:\/\/bibliapresente.com\/postagens\/wp-json\/wp\/v2\/pages\/342","targetHints":{"allow":["GET"]}}],"collection":[{"href":"https:\/\/bibliapresente.com\/postagens\/wp-json\/wp\/v2\/pages"}],"about":[{"href":"https:\/\/bibliapresente.com\/postagens\/wp-json\/wp\/v2\/types\/page"}],"author":[{"embeddable":true,"href":"https:\/\/bibliapresente.com\/postagens\/wp-json\/wp\/v2\/users\/2"}],"replies":[{"embeddable":true,"href":"https:\/\/bibliapresente.com\/postagens\/wp-json\/wp\/v2\/comments?post=342"}],"version-history":[{"count":3,"href":"https:\/\/bibliapresente.com\/postagens\/wp-json\/wp\/v2\/pages\/342\/revisions"}],"predecessor-version":[{"id":509,"href":"https:\/\/bibliapresente.com\/postagens\/wp-json\/wp\/v2\/pages\/342\/revisions\/509"}],"up":[{"embeddable":true,"href":"https:\/\/bibliapresente.com\/postagens\/wp-json\/wp\/v2\/pages\/233"}],"wp:featuredmedia":[{"embeddable":true,"href":"https:\/\/bibliapresente.com\/postagens\/wp-json\/wp\/v2\/media\/263"}],"wp:attachment":[{"href":"https:\/\/bibliapresente.com\/postagens\/wp-json\/wp\/v2\/media?parent=342"}],"curies":[{"name":"wp","href":"https:\/\/api.w.org\/{rel}","templated":true}]}}