{"id":338,"date":"2025-01-04T01:56:57","date_gmt":"2025-01-04T04:56:57","guid":{"rendered":"https:\/\/bibliapresente.com\/postagens\/?page_id=338"},"modified":"2025-01-04T01:56:58","modified_gmt":"2025-01-04T04:56:58","slug":"genesis-25","status":"publish","type":"page","link":"https:\/\/bibliapresente.com\/postagens\/livros-da-biblia\/genesis\/genesis-25\/","title":{"rendered":"G\u00eanesis 25 &#8211; O Nascimento de Esa\u00fa e Jac\u00f3"},"content":{"rendered":"\n<h3 class=\"wp-block-heading\">Abra\u00e3o casa com Quetura e tem filhos dela<\/h3>\n\n\n\n<p class=\"has-medium-font-size\" style=\"letter-spacing:1px\"><span><span><sup><b>1<\/b><\/sup><\/span> E Abra\u00e3o tomou outra mulher, cujo nome foi Quetura; <\/span><br><span><span><sup><b>2<\/b><\/sup><\/span> A qual lhe deu \u00e0 luz a Zinr\u00e3, e a Jocs\u00e3, e a Med\u00e3, e a Midi\u00e3, e a Jisbaque, e a Su\u00e1. <\/span><br><span><span><sup><b>3<\/b><\/sup><\/span> E Jocs\u00e3 gerou a Seba, e a Ded\u00e3: e filhos de Ded\u00e3 foram Assurim, e Letusim, e Leummim. <\/span><br><span><span><sup><b>4<\/b><\/sup><\/span> E filhos de Midi\u00e3: Ef\u00e1, e Efer, e Enoque, e Abida, e Elda. Todos estes foram filhos de Quetura. <\/span><br><span><span><sup><b>5<\/b><\/sup><\/span> Mas Abra\u00e3o deu tudo quanto tinha a Isaque. <\/span><br><span><span><sup><b>6<\/b><\/sup><\/span> E aos filhos de suas concubinas deu Abra\u00e3o presentes, e enviou-os de junto Isaque seu filho, enquanto ele vivia, at\u00e9 o oriente, \u00e0 terra oriental. <\/span><br><span><span><sup><b>7<\/b><\/sup><\/span> E estes foram os dias de vida que viveu Abra\u00e3o: cento e setenta e cinco anos.<\/span><\/p>\n\n\n\n<h3 class=\"wp-block-heading\">Abra\u00e3o morre<\/h3>\n\n\n\n<p class=\"has-medium-font-size\" style=\"letter-spacing:1px\"><span><span><sup><b>8<\/b><\/sup><\/span> E expirou, e morreu Abra\u00e3o em boa velhice, anci\u00e3o e cheio de dias e foi unido a seu povo. <\/span><br><span><span><sup><b>9<\/b><\/sup><\/span> E sepultaram-no Isaque e Ismael seus filhos na caverna de Macpela, na propriedade de Efrom, filho de Zoar Heteu, que est\u00e1 em frente de Manre; <\/span><br><span><span><sup><b>10<\/b><\/sup><\/span> Heran\u00e7a que comprou Abra\u00e3o dos filhos de Hete; ali foi Abra\u00e3o sepultado, e Sara sua mulher. <\/span><br><span><span><sup><b>11<\/b><\/sup><\/span> E sucedeu, depois de morto Abra\u00e3o, que Deus aben\u00e7oou a Isaque seu filho: e habitou Isaque junto ao po\u00e7o do Vivente que me v\u00ea.<\/span><\/p>\n\n\n\n<h3 class=\"wp-block-heading\">Os descendentes de Ismael<\/h3>\n\n\n\n<p class=\"has-medium-font-size\" style=\"letter-spacing:1px\"><span><span><sup><b>12<\/b><\/sup><\/span> E estas s\u00e3o as gera\u00e7\u00f5es de Ismael, filho de Abra\u00e3o, que lhe deu \u00e0 luz Agar eg\u00edpcia, serva de Sara: <\/span><br><span><span><sup><b>13<\/b><\/sup><\/span> Estes, pois, s\u00e3o os nomes dos filhos de Ismael, por seus nomes, por suas linhagens: O primog\u00eanito de Ismael, Nebaiote; logo Quedar, e Adbeel, e Mibs\u00e3o, <\/span><br><span><span><sup><b>14<\/b><\/sup><\/span> E Misma, e Dum\u00e1, e Mass\u00e1, <\/span><br><span><span><sup><b>15<\/b><\/sup><\/span> Hadade, e Tema, e Jetur, e Nafis, e Quedem\u00e1. <\/span><br><span><span><sup><b>16<\/b><\/sup><\/span> Estes s\u00e3o os filhos de Ismael, e estes seus nomes por suas vilas e por seus acampamentos; doze pr\u00edncipes por suas fam\u00edlias. <\/span><br><span><span><sup><b>17<\/b><\/sup><\/span> E estes foram os anos da vida de Ismael, cento e trinta e sete anos: e expirou Ismael, e morreu; e foi unido a seu povo. <\/span><br><span><span><sup><b>18<\/b><\/sup><\/span> E habitaram desde Havil\u00e1 at\u00e9 Sur, que est\u00e1 em frente do Egito vindo a Ass\u00edria; e morreu em presen\u00e7a de todos os seus irm\u00e3os.<\/span><\/p>\n\n\n\n<h3 class=\"wp-block-heading\">Os descendentes de Isaque<\/h3>\n\n\n\n<p class=\"has-medium-font-size\" style=\"letter-spacing:1px\"><span><span><sup><b>19<\/b><\/sup><\/span> E estas s\u00e3o as gera\u00e7\u00f5es de Isaque, filho de Abra\u00e3o. Abra\u00e3o gerou a Isaque: <\/span><br><span><span><sup><b>20<\/b><\/sup><\/span> E era Isaque de quarenta anos quando tomou por mulher a Rebeca, filha de Betuel arameu de Pad\u00e3-Ar\u00e3, irm\u00e3 de Lab\u00e3o arameu. <\/span><br><span><span><sup><b>21<\/b><\/sup><\/span> E orou Isaque ao SENHOR por sua mulher, que era est\u00e9ril; e aceitou-o o SENHOR, e concebeu Rebeca sua mulher. <\/span><br><span><span><sup><b>22<\/b><\/sup><\/span> E os filhos se combatiam dentro dela; e disse: Se \u00e9 assim para que vivo eu? E foi a consultar ao SENHOR. <\/span><br><span><span><sup><b>23<\/b><\/sup><\/span> E respondeu-lhe o SENHOR: Duas na\u00e7\u00f5es h\u00e1 em teu ventre, E dois povos ser\u00e3o divididos desde tuas entranhas: E um povo ser\u00e1 mais forte que o outro povo, e o maior servir\u00e1 ao menor.<\/span><\/p>\n\n\n\n<h3 class=\"wp-block-heading\">O nascimento de Esa\u00fa e Jac\u00f3<\/h3>\n\n\n\n<p class=\"has-medium-font-size\" style=\"letter-spacing:1px\"><span><span><sup><b>24<\/b><\/sup><\/span> E quando se cumpriram seus dias para dar \u00e0 luz, eis que havia g\u00eameos em seu ventre. <\/span><br><span><span><sup><b>25<\/b><\/sup><\/span> E saiu o primeiro ruivo, e todo ele peludo como uma veste; e chamaram seu nome Esa\u00fa. <\/span><br><span><span><sup><b>26<\/b><\/sup><\/span> E depois saiu seu irm\u00e3o, pegando com sua m\u00e3o o calcanhar de Esa\u00fa: e foi chamado seu nome Jac\u00f3. E era Isaque de idade de sessenta anos quando ela os deu \u00e0 luz. <\/span><br><span><span><sup><b>27<\/b><\/sup><\/span> E cresceram os meninos, e Esa\u00fa foi h\u00e1bil na ca\u00e7a, homem do campo: Jac\u00f3 por\u00e9m era homem quieto, que habitava em tendas. <\/span><br><span><span><sup><b>28<\/b><\/sup><\/span> E amou Isaque a Esa\u00fa, porque comia de sua ca\u00e7a; mas Rebeca amava a Jac\u00f3. <\/span><br><span><span><sup><b>29<\/b><\/sup><\/span> E cozinhou Jac\u00f3 um guisado; e voltando Esa\u00fa do campo cansado, <\/span><br><span><span><sup><b>30<\/b><\/sup><\/span> Disse a Jac\u00f3: Rogo-te que me d\u00eas a comer disso vermelho, pois estou muito cansado. Portanto foi chamado seu nome Edom. <\/span><br><span><span><sup><b>31<\/b><\/sup><\/span> E Jac\u00f3 respondeu: Vende-me neste dia tua primogenitura. <\/span><br><span><span><sup><b>32<\/b><\/sup><\/span> Ent\u00e3o disse Esa\u00fa: Eis que eu me vou a morrer; para que, pois, me servir\u00e1 a primogenitura? <\/span><br><span><span><sup><b>33<\/b><\/sup><\/span> E disse Jac\u00f3: Jura-me hoje. E ele lhe jurou, e vendeu a Jac\u00f3 sua primogenitura. <\/span><br><span><span><sup><b>34<\/b><\/sup><\/span> Ent\u00e3o Jac\u00f3 deu a Esa\u00fa p\u00e3o e do guisado das lentilhas; e ele comeu e bebeu, e levantou-se, e foi-se. Assim menosprezou Esa\u00fa a primogenitura.<\/span><\/p>\n\n\n\n<div class=\"wp-block-columns is-layout-flex wp-container-core-columns-is-layout-9d6595d7 wp-block-columns-is-layout-flex\">\n<div class=\"wp-block-column is-layout-flow wp-block-column-is-layout-flow\">\n<p><a href=\"\/genesis-24\">G\u00eanesis 24<\/a><\/p>\n<\/div>\n\n\n\n<div class=\"wp-block-column is-layout-flow wp-block-column-is-layout-flow\">\n<p class=\"has-text-align-right\"><a href=\"\/genesis-26\">G\u00eanesis 26<\/a><\/p>\n<\/div>\n<\/div>\n\n\n\n<h2 class=\"wp-block-heading\">Descri\u00e7\u00e3o &#8211; G\u00eanesis 25<\/h2>\n\n\n\n<p class=\"has-medium-font-size\">G\u00eanesis 25 narra a morte de Abra\u00e3o e o nascimento de Esa\u00fa e Jac\u00f3, destacando o cumprimento das promessas divinas. O cap\u00edtulo menciona os descendentes de Ismael e a continuidade da linhagem de Isaque, refor\u00e7ando o plano de Deus para as gera\u00e7\u00f5es futuras. A rivalidade entre Esa\u00fa e Jac\u00f3 come\u00e7a a se formar, preparando o cen\u00e1rio para importantes eventos futuros no livro de G\u00eanesis. Este cap\u00edtulo ressalta temas como heran\u00e7a, promessa e a soberania divina.<\/p>\n\n\n\n<h3 class=\"wp-block-heading\">Livro do G\u00eanesis:<\/h3>\n\n\n<ul class=\"wp-block-page-list\"><li class=\"wp-block-pages-list__item\"><a class=\"wp-block-pages-list__item__link\" href=\"https:\/\/bibliapresente.com\/postagens\/livros-da-biblia\/genesis\/genesis-1\/\">G\u00eanesis 1 &#8211; A Cria\u00e7\u00e3o do Universo<\/a><\/li><li class=\"wp-block-pages-list__item\"><a class=\"wp-block-pages-list__item__link\" href=\"https:\/\/bibliapresente.com\/postagens\/livros-da-biblia\/genesis\/genesis-2\/\">G\u00eanesis 2 &#8211; O Jardim do \u00c9den<\/a><\/li><li class=\"wp-block-pages-list__item\"><a class=\"wp-block-pages-list__item__link\" href=\"https:\/\/bibliapresente.com\/postagens\/livros-da-biblia\/genesis\/genesis-3\/\">G\u00eanesis 3 &#8211; O Pecado Original<\/a><\/li><li class=\"wp-block-pages-list__item\"><a class=\"wp-block-pages-list__item__link\" href=\"https:\/\/bibliapresente.com\/postagens\/livros-da-biblia\/genesis\/genesis-4\/\">G\u00eanesis 4 &#8211; Caim e Abel<\/a><\/li><li class=\"wp-block-pages-list__item\"><a class=\"wp-block-pages-list__item__link\" href=\"https:\/\/bibliapresente.com\/postagens\/livros-da-biblia\/genesis\/genesis-5\/\">G\u00eanesis 5 &#8211; Genealogia de Ad\u00e3o a No\u00e9<\/a><\/li><li class=\"wp-block-pages-list__item\"><a class=\"wp-block-pages-list__item__link\" href=\"https:\/\/bibliapresente.com\/postagens\/livros-da-biblia\/genesis\/genesis-6-a-corrupcao-e-o-chamado-de-noe\/\">G\u00eanesis 6 &#8211; A Corrup\u00e7\u00e3o e o Chamado de No\u00e9<\/a><\/li><li class=\"wp-block-pages-list__item\"><a class=\"wp-block-pages-list__item__link\" href=\"https:\/\/bibliapresente.com\/postagens\/livros-da-biblia\/genesis\/genesis-7\/\">G\u00eanesis 7 &#8211; O Grande Dil\u00favio<\/a><\/li><li class=\"wp-block-pages-list__item\"><a class=\"wp-block-pages-list__item__link\" href=\"https:\/\/bibliapresente.com\/postagens\/livros-da-biblia\/genesis\/genesis-8\/\">G\u00eanesis 8 &#8211; As \u00c1guas do Dil\u00favio Recuam<\/a><\/li><li class=\"wp-block-pages-list__item\"><a class=\"wp-block-pages-list__item__link\" href=\"https:\/\/bibliapresente.com\/postagens\/livros-da-biblia\/genesis\/genesis-9\/\">G\u00eanesis 9 &#8211; A Grande Alian\u00e7a do Arco-\u00cdris<\/a><\/li><li class=\"wp-block-pages-list__item\"><a class=\"wp-block-pages-list__item__link\" href=\"https:\/\/bibliapresente.com\/postagens\/livros-da-biblia\/genesis\/genesis-10-as-nacoes-descendentes-de-noe\/\">G\u00eanesis 10 &#8211; As Na\u00e7\u00f5es Descendentes de No\u00e9<\/a><\/li><li class=\"wp-block-pages-list__item\"><a class=\"wp-block-pages-list__item__link\" href=\"https:\/\/bibliapresente.com\/postagens\/livros-da-biblia\/genesis\/genesis-11-a-torre-de-babel\/\">G\u00eanesis 11 &#8211; A Torre de Babel<\/a><\/li><li class=\"wp-block-pages-list__item\"><a class=\"wp-block-pages-list__item__link\" href=\"https:\/\/bibliapresente.com\/postagens\/livros-da-biblia\/genesis\/genesis-12-o-chamado-de-abraao\/\">G\u00eanesis 12 &#8211; O Chamado de Abra\u00e3o<\/a><\/li><li class=\"wp-block-pages-list__item\"><a class=\"wp-block-pages-list__item__link\" href=\"https:\/\/bibliapresente.com\/postagens\/livros-da-biblia\/genesis\/genesis-13-a-separacao-de-abrao-e-lo\/\">G\u00eanesis 13 &#8211; A Separa\u00e7\u00e3o de Abr\u00e3o e L\u00f3<\/a><\/li><li class=\"wp-block-pages-list__item\"><a class=\"wp-block-pages-list__item__link\" href=\"https:\/\/bibliapresente.com\/postagens\/livros-da-biblia\/genesis\/genesis-14\/\">G\u00eanesis 14 &#8211; A B\u00ean\u00e7\u00e3o de Melquisedeque<\/a><\/li><li class=\"wp-block-pages-list__item\"><a class=\"wp-block-pages-list__item__link\" href=\"https:\/\/bibliapresente.com\/postagens\/livros-da-biblia\/genesis\/genesis-15\/\">G\u00eanesis 15 &#8211; A Alian\u00e7a de Deus com Abr\u00e3o<\/a><\/li><li class=\"wp-block-pages-list__item\"><a class=\"wp-block-pages-list__item__link\" href=\"https:\/\/bibliapresente.com\/postagens\/livros-da-biblia\/genesis\/genesis-16\/\">G\u00eanesis 16 &#8211; O Nascimento de Ismael<\/a><\/li><li class=\"wp-block-pages-list__item\"><a class=\"wp-block-pages-list__item__link\" href=\"https:\/\/bibliapresente.com\/postagens\/livros-da-biblia\/genesis\/genesis-17\/\">G\u00eanesis 17 &#8211; A Institui\u00e7\u00e3o da Circuncis\u00e3o<\/a><\/li><li class=\"wp-block-pages-list__item\"><a class=\"wp-block-pages-list__item__link\" href=\"https:\/\/bibliapresente.com\/postagens\/livros-da-biblia\/genesis\/genesis-18\/\">G\u00eanesis 18 &#8211; A Visita dos Tr\u00eas Anjos<\/a><\/li><li class=\"wp-block-pages-list__item\"><a class=\"wp-block-pages-list__item__link\" href=\"https:\/\/bibliapresente.com\/postagens\/livros-da-biblia\/genesis\/genesis-19\/\">G\u00eanesis 19 &#8211; Sodoma e Gomorra<\/a><\/li><li class=\"wp-block-pages-list__item\"><a class=\"wp-block-pages-list__item__link\" href=\"https:\/\/bibliapresente.com\/postagens\/livros-da-biblia\/genesis\/genesis-20\/\">G\u00eanesis 20 &#8211; Abra\u00e3o e Abimeleque<\/a><\/li><li class=\"wp-block-pages-list__item\"><a class=\"wp-block-pages-list__item__link\" href=\"https:\/\/bibliapresente.com\/postagens\/livros-da-biblia\/genesis\/genesis-21\/\">G\u00eanesis 21 &#8211; O Nascimento de Isaque<\/a><\/li><li class=\"wp-block-pages-list__item\"><a class=\"wp-block-pages-list__item__link\" href=\"https:\/\/bibliapresente.com\/postagens\/livros-da-biblia\/genesis\/genesis-22\/\">G\u00eanesis 22 &#8211; O Sacrif\u00edcio de Isaque<\/a><\/li><li class=\"wp-block-pages-list__item\"><a class=\"wp-block-pages-list__item__link\" href=\"https:\/\/bibliapresente.com\/postagens\/livros-da-biblia\/genesis\/genesis-23\/\">G\u00eanesis 23 &#8211; A Morte de Sara<\/a><\/li><li class=\"wp-block-pages-list__item\"><a class=\"wp-block-pages-list__item__link\" href=\"https:\/\/bibliapresente.com\/postagens\/livros-da-biblia\/genesis\/genesis-24\/\">G\u00eanesis 24 &#8211; O Casamento de Isaque<\/a><\/li><li class=\"wp-block-pages-list__item\"><a class=\"wp-block-pages-list__item__link\" href=\"https:\/\/bibliapresente.com\/postagens\/livros-da-biblia\/genesis\/genesis-25\/\">G\u00eanesis 25 &#8211; O Nascimento de Esa\u00fa e Jac\u00f3<\/a><\/li><li class=\"wp-block-pages-list__item\"><a class=\"wp-block-pages-list__item__link\" href=\"https:\/\/bibliapresente.com\/postagens\/livros-da-biblia\/genesis\/genesis-26\/\">G\u00eanesis 26 &#8211; As Promessas de Deus a Isaque<\/a><\/li><li class=\"wp-block-pages-list__item\"><a class=\"wp-block-pages-list__item__link\" href=\"https:\/\/bibliapresente.com\/postagens\/livros-da-biblia\/genesis\/genesis-27\/\">G\u00eanesis 27 &#8211; Jac\u00f3 Engana Isaque<\/a><\/li><li class=\"wp-block-pages-list__item\"><a class=\"wp-block-pages-list__item__link\" href=\"https:\/\/bibliapresente.com\/postagens\/livros-da-biblia\/genesis\/genesis-28\/\">G\u00eanesis 28 &#8211; O Sonho de Jac\u00f3 em Betel<\/a><\/li><li class=\"wp-block-pages-list__item\"><a class=\"wp-block-pages-list__item__link\" href=\"https:\/\/bibliapresente.com\/postagens\/livros-da-biblia\/genesis\/genesis-29\/\">G\u00eanesis 29 &#8211; Jac\u00f3 e as Filhas de Lab\u00e3o<\/a><\/li><li class=\"wp-block-pages-list__item\"><a class=\"wp-block-pages-list__item__link\" href=\"https:\/\/bibliapresente.com\/postagens\/livros-da-biblia\/genesis\/genesis-30\/\">G\u00eanesis 30 &#8211; O Acordo de Jac\u00f3 com Lab\u00e3o<\/a><\/li><li class=\"wp-block-pages-list__item\"><a class=\"wp-block-pages-list__item__link\" href=\"https:\/\/bibliapresente.com\/postagens\/livros-da-biblia\/genesis\/genesis-31\/\">G\u00eanesis 31 &#8211; A Fuga de Jac\u00f3<\/a><\/li><li class=\"wp-block-pages-list__item\"><a class=\"wp-block-pages-list__item__link\" href=\"https:\/\/bibliapresente.com\/postagens\/livros-da-biblia\/genesis\/genesis-32\/\">G\u00eanesis 32 &#8211; A Luta de Jac\u00f3 com O Anjo<\/a><\/li><li class=\"wp-block-pages-list__item\"><a class=\"wp-block-pages-list__item__link\" href=\"https:\/\/bibliapresente.com\/postagens\/livros-da-biblia\/genesis\/genesis-33\/\">G\u00eanesis 33 &#8211; A Reconcilia\u00e7\u00e3o de Jac\u00f3 e Esa\u00fa<\/a><\/li><li class=\"wp-block-pages-list__item\"><a class=\"wp-block-pages-list__item__link\" href=\"https:\/\/bibliapresente.com\/postagens\/livros-da-biblia\/genesis\/genesis-34\/\">G\u00eanesis 34 &#8211; O Caso de Din\u00e1<\/a><\/li><li class=\"wp-block-pages-list__item\"><a class=\"wp-block-pages-list__item__link\" href=\"https:\/\/bibliapresente.com\/postagens\/livros-da-biblia\/genesis\/genesis-35\/\">G\u00eanesis 35 &#8211; A Consagra\u00e7\u00e3o de Jac\u00f3 em Betel<\/a><\/li><li class=\"wp-block-pages-list__item\"><a class=\"wp-block-pages-list__item__link\" href=\"https:\/\/bibliapresente.com\/postagens\/livros-da-biblia\/genesis\/genesis-36\/\">G\u00eanesis 36 &#8211; Os Descendentes de Esa\u00fa<\/a><\/li><li class=\"wp-block-pages-list__item\"><a class=\"wp-block-pages-list__item__link\" href=\"https:\/\/bibliapresente.com\/postagens\/livros-da-biblia\/genesis\/genesis-37\/\">G\u00eanesis 37 &#8211; Jos\u00e9 Vendido como Escravo<\/a><\/li><li class=\"wp-block-pages-list__item\"><a class=\"wp-block-pages-list__item__link\" href=\"https:\/\/bibliapresente.com\/postagens\/livros-da-biblia\/genesis\/genesis-38\/\">G\u00eanesis 38 &#8211; Jud\u00e1 e Tamar<\/a><\/li><li class=\"wp-block-pages-list__item\"><a class=\"wp-block-pages-list__item__link\" href=\"https:\/\/bibliapresente.com\/postagens\/livros-da-biblia\/genesis\/genesis-39\/\">G\u00eanesis 39 &#8211; Jos\u00e9 na Casa de Potifar<\/a><\/li><li class=\"wp-block-pages-list__item\"><a class=\"wp-block-pages-list__item__link\" href=\"https:\/\/bibliapresente.com\/postagens\/livros-da-biblia\/genesis\/genesis-40\/\">G\u00eanesis 40 &#8211; Jos\u00e9 Interpreta Sonhos<\/a><\/li><li class=\"wp-block-pages-list__item\"><a class=\"wp-block-pages-list__item__link\" href=\"https:\/\/bibliapresente.com\/postagens\/livros-da-biblia\/genesis\/genesis-41\/\">G\u00eanesis 41 &#8211; O Sonho do Fara\u00f3<\/a><\/li><li class=\"wp-block-pages-list__item\"><a class=\"wp-block-pages-list__item__link\" href=\"https:\/\/bibliapresente.com\/postagens\/livros-da-biblia\/genesis\/genesis-42\/\">G\u00eanesis 42 &#8211; Os Irm\u00e3os de Jos\u00e9 no Egito<\/a><\/li><li class=\"wp-block-pages-list__item\"><a class=\"wp-block-pages-list__item__link\" href=\"https:\/\/bibliapresente.com\/postagens\/livros-da-biblia\/genesis\/genesis-43\/\">G\u00eanesis 43 &#8211; Benjamim Vai ao Egito<\/a><\/li><li class=\"wp-block-pages-list__item\"><a class=\"wp-block-pages-list__item__link\" href=\"https:\/\/bibliapresente.com\/postagens\/livros-da-biblia\/genesis\/genesis-44\/\">G\u00eanesis 44 &#8211; O Sacrif\u00edcio de Jud\u00e1<\/a><\/li><li class=\"wp-block-pages-list__item\"><a class=\"wp-block-pages-list__item__link\" href=\"https:\/\/bibliapresente.com\/postagens\/livros-da-biblia\/genesis\/genesis-45\/\">G\u00eanesis 45 &#8211; Jos\u00e9 se Revela a seus Irm\u00e3os<\/a><\/li><li class=\"wp-block-pages-list__item\"><a class=\"wp-block-pages-list__item__link\" href=\"https:\/\/bibliapresente.com\/postagens\/livros-da-biblia\/genesis\/genesis-46\/\">G\u00eanesis 46 &#8211; A Viagem de Jac\u00f3 ao Egito<\/a><\/li><li class=\"wp-block-pages-list__item\"><a class=\"wp-block-pages-list__item__link\" href=\"https:\/\/bibliapresente.com\/postagens\/livros-da-biblia\/genesis\/genesis-47\/\">G\u00eanesis 47 &#8211; Jac\u00f3 Aben\u00e7oa o Fara\u00f3<\/a><\/li><li class=\"wp-block-pages-list__item\"><a class=\"wp-block-pages-list__item__link\" href=\"https:\/\/bibliapresente.com\/postagens\/livros-da-biblia\/genesis\/genesis-48\/\">G\u00eanesis 48 &#8211; Jac\u00f3 Aben\u00e7oa os Filhos de Jos\u00e9<\/a><\/li><li class=\"wp-block-pages-list__item\"><a class=\"wp-block-pages-list__item__link\" href=\"https:\/\/bibliapresente.com\/postagens\/livros-da-biblia\/genesis\/genesis-49\/\">G\u00eanesis 49 &#8211; B\u00ean\u00e7\u00e3os de Jac\u00f3 a Seus Filhos<\/a><\/li><li class=\"wp-block-pages-list__item\"><a class=\"wp-block-pages-list__item__link\" href=\"https:\/\/bibliapresente.com\/postagens\/livros-da-biblia\/genesis\/genesis-50\/\">G\u00eanesis 50 &#8211; A Morte de Jac\u00f3<\/a><\/li><\/ul>","protected":false},"excerpt":{"rendered":"<p>Abra\u00e3o casa com Quetura e tem filhos dela 1 E Abra\u00e3o tomou outra mulher, cujo nome foi Quetura; 2 A qual lhe deu \u00e0 luz a Zinr\u00e3, e a Jocs\u00e3, e a Med\u00e3, e a Midi\u00e3, e a Jisbaque, e a Su\u00e1. 3 E Jocs\u00e3 gerou a Seba, e a Ded\u00e3: e filhos de Ded\u00e3 &hellip; <\/p>\n","protected":false},"author":2,"featured_media":263,"parent":233,"menu_order":25,"comment_status":"closed","ping_status":"closed","template":"","meta":{"om_disable_all_campaigns":false,"_monsterinsights_skip_tracking":false,"_monsterinsights_sitenote_active":false,"_monsterinsights_sitenote_note":"","_monsterinsights_sitenote_category":0,"footnotes":""},"class_list":["post-338","page","type-page","status-publish","has-post-thumbnail","hentry"],"aioseo_notices":[],"_links":{"self":[{"href":"https:\/\/bibliapresente.com\/postagens\/wp-json\/wp\/v2\/pages\/338","targetHints":{"allow":["GET"]}}],"collection":[{"href":"https:\/\/bibliapresente.com\/postagens\/wp-json\/wp\/v2\/pages"}],"about":[{"href":"https:\/\/bibliapresente.com\/postagens\/wp-json\/wp\/v2\/types\/page"}],"author":[{"embeddable":true,"href":"https:\/\/bibliapresente.com\/postagens\/wp-json\/wp\/v2\/users\/2"}],"replies":[{"embeddable":true,"href":"https:\/\/bibliapresente.com\/postagens\/wp-json\/wp\/v2\/comments?post=338"}],"version-history":[{"count":4,"href":"https:\/\/bibliapresente.com\/postagens\/wp-json\/wp\/v2\/pages\/338\/revisions"}],"predecessor-version":[{"id":507,"href":"https:\/\/bibliapresente.com\/postagens\/wp-json\/wp\/v2\/pages\/338\/revisions\/507"}],"up":[{"embeddable":true,"href":"https:\/\/bibliapresente.com\/postagens\/wp-json\/wp\/v2\/pages\/233"}],"wp:featuredmedia":[{"embeddable":true,"href":"https:\/\/bibliapresente.com\/postagens\/wp-json\/wp\/v2\/media\/263"}],"wp:attachment":[{"href":"https:\/\/bibliapresente.com\/postagens\/wp-json\/wp\/v2\/media?parent=338"}],"curies":[{"name":"wp","href":"https:\/\/api.w.org\/{rel}","templated":true}]}}