{"id":330,"date":"2025-01-03T19:45:47","date_gmt":"2025-01-03T22:45:47","guid":{"rendered":"https:\/\/bibliapresente.com\/postagens\/?page_id=330"},"modified":"2025-01-03T21:28:23","modified_gmt":"2025-01-04T00:28:23","slug":"genesis-21","status":"publish","type":"page","link":"https:\/\/bibliapresente.com\/postagens\/livros-da-biblia\/genesis\/genesis-21\/","title":{"rendered":"G\u00eanesis 21 &#8211; O Nascimento de Isaque"},"content":{"rendered":"\n<h3 class=\"wp-block-heading\">O nascimento de Isaque<\/h3>\n\n\n\n<p class=\"has-medium-font-size\" style=\"letter-spacing:1px\"><span><span><sup><b>1<\/b><\/sup><\/span> E visitou o SENHOR a Sara, como disse, e fez o SENHOR com Sara como havia falado. <\/span><br><span><span><sup><b>2<\/b><\/sup><\/span> E concebeu e deu \u00e0 luz Sara a Abra\u00e3o um filho em sua velhice, no tempo que Deus lhe havia dito. <\/span><br><span><span><sup><b>3<\/b><\/sup><\/span> E chamou Abra\u00e3o o nome de seu filho que lhe nasceu, que lhe deu \u00e0 luz Sara, Isaque. <\/span><br><span><span><sup><b>4<\/b><\/sup><\/span> E circuncidou Abra\u00e3o a seu filho Isaque de oito dias, como Deus lhe havia mandado. <\/span><br><span><span><sup><b>5<\/b><\/sup><\/span> E era Abra\u00e3o de cem anos, quando lhe nasceu Isaque seu filho. <\/span><br><span><span><sup><b>6<\/b><\/sup><\/span> Ent\u00e3o disse Sara: Deus me fez rir, e qualquer um que o ouvir, se rir\u00e1 comigo. <\/span><br><span><span><sup><b>7<\/b><\/sup><\/span> E acrescentou: Quem diria a Abra\u00e3o que Sara havia de dar de mamar a filhos? pois que lhe dei um filho em sua velhice. <\/span><br><span><span><sup><b>8<\/b><\/sup><\/span> E cresceu o menino, e foi desmamado; e fez Abra\u00e3o grande banquete no dia que foi desmamado Isaque. <\/span><br><span><span><sup><b>9<\/b><\/sup><\/span> E viu Sara ao filho de Agar a eg\u00edpcia, o qual havia esta dado a Abra\u00e3o, que o ridicularizava. <\/span><br><span><span><sup><b>10<\/b><\/sup><\/span> Portanto disse a Abra\u00e3o: Expulsa a esta serva e a seu filho; que o filho desta serva n\u00e3o herdar\u00e1 com meu filho, com Isaque. <\/span><br><span><span><sup><b>11<\/b><\/sup><\/span> Este dito pareceu grave em grande maneira a Abra\u00e3o por causa de seu filho. <\/span><br><span><span><sup><b>12<\/b><\/sup><\/span> Ent\u00e3o disse Deus a Abra\u00e3o: N\u00e3o te pare\u00e7a grave por causa do jovem e de tua serva; em tudo o que te disser Sara, ouve sua voz, porque em Isaque te ser\u00e1 chamada descend\u00eancia. <\/span><br><span><span><sup><b>13<\/b><\/sup><\/span> E tamb\u00e9m do filho da serva farei na\u00e7\u00e3o, porque \u00e9 tua descend\u00eancia. <\/span><br><span><span><sup><b>14<\/b><\/sup><\/span> Ent\u00e3o Abra\u00e3o se levantou manh\u00e3 muito cedo, e tomou p\u00e3o, e um odre de \u00e1gua, e deu-o a Agar, pondo-o sobre seu ombro, e entregou-lhe o jovem, e despediu-a. E ela partiu, e andava errante pelo deserto de Berseba. <\/span><br><span><span><sup><b>15<\/b><\/sup><\/span> E faltou a \u00e1gua do odre, e deitou ao jovem debaixo de uma \u00e1rvore; <\/span><br><span><span><sup><b>16<\/b><\/sup><\/span> E foi-se e sentou-se em frente, afastando-se como um tiro de arco; porque dizia: N\u00e3o verei quando o jovem morrer: e sentou-se em frente, e levantou sua voz e chorou. <\/span><br><span><span><sup><b>17<\/b><\/sup><\/span> E ouviu Deus a voz do jovem; e o anjo de Deus chamou a Agar desde o c\u00e9u, e lhe disse: Que tens, Agar? N\u00e3o temas; porque Deus ouviu a voz do jovem onde est\u00e1. <\/span><br><span><span><sup><b>18<\/b><\/sup><\/span> Levanta-te, ergue ao jovem, e pegue-o por tua m\u00e3o, porque em grande na\u00e7\u00e3o o tenho de p\u00f4r. <\/span><br><span><span><sup><b>19<\/b><\/sup><\/span> Ent\u00e3o abriu Deus seus olhos, e viu uma fonte de \u00e1gua; e foi, e encheu o odre de \u00e1gua, e deu de beber ao jovem. <\/span><br><span><span><sup><b>20<\/b><\/sup><\/span> E foi Deus com o jovem; e cresceu, e habitou no deserto, e foi atirador de arco. <\/span><br><span><span><sup><b>21<\/b><\/sup><\/span> E habitou no deserto de Par\u00e3; e sua m\u00e3e lhe tomou mulher da terra do Egito.<\/span><\/p>\n\n\n\n<h3 class=\"wp-block-heading\">Abimelech faz um pacto com Abrah\u00e3o<\/h3>\n\n\n\n<p class=\"has-medium-font-size\" style=\"letter-spacing:1px\"><span><span><sup><b>22<\/b><\/sup><\/span> E aconteceu naquele mesmo tempo que falou Abimeleque, e Ficol, pr\u00edncipe de seu ex\u00e9rcito, a Abra\u00e3o dizendo: Deus \u00e9 contigo em tudo quanto fazes. <\/span><br><span><span><sup><b>23<\/b><\/sup><\/span> Agora, pois, jura-me aqui por Deus, que n\u00e3o faltar\u00e1s a mim, nem a meu filho, nem a meu neto; mas sim que conforme a bondade que eu fiz contigo, far\u00e1s tu comigo e com a terra onde peregrinaste. <\/span><br><span><span><sup><b>24<\/b><\/sup><\/span> E respondeu Abra\u00e3o: Eu jurarei. <\/span><br><span><span><sup><b>25<\/b><\/sup><\/span> E Abra\u00e3o reclamou com Abimeleque por causa de um po\u00e7o de \u00e1gua, que os servos de Abimeleque lhe haviam tirado. <\/span><br><span><span><sup><b>26<\/b><\/sup><\/span> E respondeu Abimeleque: N\u00e3o sei quem tenha feito isto, nem tampouco tu me fizeste saber, nem eu o ouvi at\u00e9 hoje. <\/span><br><span><span><sup><b>27<\/b><\/sup><\/span> E tomou Abra\u00e3o ovelhas e vacas, e deu a Abimeleque; e fizeram ambos alian\u00e7a. <\/span><br><span><span><sup><b>28<\/b><\/sup><\/span> E p\u00f4s Abra\u00e3o sete cordeiras do rebanho \u00e0 parte. <\/span><br><span><span><sup><b>29<\/b><\/sup><\/span> E disse Abimeleque a Abra\u00e3o: Que significam essas sete cordeiras que puseste \u00e0 parte? <\/span><br><span><span><sup><b>30<\/b><\/sup><\/span> E ele respondeu: Que estas sete cordeiras tomar\u00e1s de minha m\u00e3o, para que me sejam em testemunho de que eu cavei este po\u00e7o. <\/span><br><span><span><sup><b>31<\/b><\/sup><\/span> Por isto chamou a aquele lugar Berseba; porque ali juraram ambos. <\/span><br><span><span><sup><b>32<\/b><\/sup><\/span> Assim fizeram alian\u00e7a em Berseba: e levantaram-se Abimeleque e Ficol, pr\u00edncipe de seu ex\u00e9rcito, e se voltaram \u00e0 terra dos filisteus. <\/span><br><span><span><sup><b>33<\/b><\/sup><\/span> E plantou Abra\u00e3o um bosque em Berseba, e invocou ali o nome do SENHOR Deus eterno. <\/span><br><span><span><sup><b>34<\/b><\/sup><\/span> E morou Abra\u00e3o na terra dos filisteus muitos dias.<\/span><\/p>\n\n\n\n<div class=\"wp-block-columns is-layout-flex wp-container-core-columns-is-layout-9d6595d7 wp-block-columns-is-layout-flex\">\n<div class=\"wp-block-column is-layout-flow wp-block-column-is-layout-flow\">\n<p><a href=\"\/genesis-20\">G\u00eanesis 20<\/a><\/p>\n<\/div>\n\n\n\n<div class=\"wp-block-column is-layout-flow wp-block-column-is-layout-flow\">\n<p class=\"has-text-align-right\"><a href=\"\/genesis-22\">G\u00eanesis 22<\/a><\/p>\n<\/div>\n<\/div>\n\n\n\n<h2 class=\"wp-block-heading\">Descri\u00e7\u00e3o &#8211; G\u00eanesis 21<\/h2>\n\n\n\n<p class=\"has-medium-font-size\">G\u00eanesis 21 narra o cumprimento da promessa de Deus com o nascimento de Isaque, filho de Abra\u00e3o e Sara, evidenciando a fidelidade divina. O cap\u00edtulo tamb\u00e9m aborda a sa\u00edda de Hagar e Ismael, mostrando o cuidado de Deus ao prover para eles no deserto. Essa passagem destaca temas como promessa, fidelidade e provis\u00e3o divina. Insere-se na narrativa maior de G\u00eanesis, que explora o pacto de Deus com Abra\u00e3o e sua descend\u00eancia. Ideal para estudos sobre confian\u00e7a em Deus e cumprimento de promessas. <\/p>\n\n\n\n<h3 class=\"wp-block-heading\">Livro do G\u00eanesis:<\/h3>\n\n\n<ul class=\"wp-block-page-list\"><li class=\"wp-block-pages-list__item\"><a class=\"wp-block-pages-list__item__link\" href=\"https:\/\/bibliapresente.com\/postagens\/livros-da-biblia\/genesis\/genesis-1\/\">G\u00eanesis 1 &#8211; A Cria\u00e7\u00e3o do Universo<\/a><\/li><li class=\"wp-block-pages-list__item\"><a class=\"wp-block-pages-list__item__link\" href=\"https:\/\/bibliapresente.com\/postagens\/livros-da-biblia\/genesis\/genesis-2\/\">G\u00eanesis 2 &#8211; O Jardim do \u00c9den<\/a><\/li><li class=\"wp-block-pages-list__item\"><a class=\"wp-block-pages-list__item__link\" href=\"https:\/\/bibliapresente.com\/postagens\/livros-da-biblia\/genesis\/genesis-3\/\">G\u00eanesis 3 &#8211; O Pecado Original<\/a><\/li><li class=\"wp-block-pages-list__item\"><a class=\"wp-block-pages-list__item__link\" href=\"https:\/\/bibliapresente.com\/postagens\/livros-da-biblia\/genesis\/genesis-4\/\">G\u00eanesis 4 &#8211; Caim e Abel<\/a><\/li><li class=\"wp-block-pages-list__item\"><a class=\"wp-block-pages-list__item__link\" href=\"https:\/\/bibliapresente.com\/postagens\/livros-da-biblia\/genesis\/genesis-5\/\">G\u00eanesis 5 &#8211; Genealogia de Ad\u00e3o a No\u00e9<\/a><\/li><li class=\"wp-block-pages-list__item\"><a class=\"wp-block-pages-list__item__link\" href=\"https:\/\/bibliapresente.com\/postagens\/livros-da-biblia\/genesis\/genesis-6-a-corrupcao-e-o-chamado-de-noe\/\">G\u00eanesis 6 &#8211; A Corrup\u00e7\u00e3o e o Chamado de No\u00e9<\/a><\/li><li class=\"wp-block-pages-list__item\"><a class=\"wp-block-pages-list__item__link\" href=\"https:\/\/bibliapresente.com\/postagens\/livros-da-biblia\/genesis\/genesis-7\/\">G\u00eanesis 7 &#8211; O Grande Dil\u00favio<\/a><\/li><li class=\"wp-block-pages-list__item\"><a class=\"wp-block-pages-list__item__link\" href=\"https:\/\/bibliapresente.com\/postagens\/livros-da-biblia\/genesis\/genesis-8\/\">G\u00eanesis 8 &#8211; As \u00c1guas do Dil\u00favio Recuam<\/a><\/li><li class=\"wp-block-pages-list__item\"><a class=\"wp-block-pages-list__item__link\" href=\"https:\/\/bibliapresente.com\/postagens\/livros-da-biblia\/genesis\/genesis-9\/\">G\u00eanesis 9 &#8211; A Grande Alian\u00e7a do Arco-\u00cdris<\/a><\/li><li class=\"wp-block-pages-list__item\"><a class=\"wp-block-pages-list__item__link\" href=\"https:\/\/bibliapresente.com\/postagens\/livros-da-biblia\/genesis\/genesis-10-as-nacoes-descendentes-de-noe\/\">G\u00eanesis 10 &#8211; As Na\u00e7\u00f5es Descendentes de No\u00e9<\/a><\/li><li class=\"wp-block-pages-list__item\"><a class=\"wp-block-pages-list__item__link\" href=\"https:\/\/bibliapresente.com\/postagens\/livros-da-biblia\/genesis\/genesis-11-a-torre-de-babel\/\">G\u00eanesis 11 &#8211; A Torre de Babel<\/a><\/li><li class=\"wp-block-pages-list__item\"><a class=\"wp-block-pages-list__item__link\" href=\"https:\/\/bibliapresente.com\/postagens\/livros-da-biblia\/genesis\/genesis-12-o-chamado-de-abraao\/\">G\u00eanesis 12 &#8211; O Chamado de Abra\u00e3o<\/a><\/li><li class=\"wp-block-pages-list__item\"><a class=\"wp-block-pages-list__item__link\" href=\"https:\/\/bibliapresente.com\/postagens\/livros-da-biblia\/genesis\/genesis-13-a-separacao-de-abrao-e-lo\/\">G\u00eanesis 13 &#8211; A Separa\u00e7\u00e3o de Abr\u00e3o e L\u00f3<\/a><\/li><li class=\"wp-block-pages-list__item\"><a class=\"wp-block-pages-list__item__link\" href=\"https:\/\/bibliapresente.com\/postagens\/livros-da-biblia\/genesis\/genesis-14\/\">G\u00eanesis 14 &#8211; A B\u00ean\u00e7\u00e3o de Melquisedeque<\/a><\/li><li class=\"wp-block-pages-list__item\"><a class=\"wp-block-pages-list__item__link\" href=\"https:\/\/bibliapresente.com\/postagens\/livros-da-biblia\/genesis\/genesis-15\/\">G\u00eanesis 15 &#8211; A Alian\u00e7a de Deus com Abr\u00e3o<\/a><\/li><li class=\"wp-block-pages-list__item\"><a class=\"wp-block-pages-list__item__link\" href=\"https:\/\/bibliapresente.com\/postagens\/livros-da-biblia\/genesis\/genesis-16\/\">G\u00eanesis 16 &#8211; O Nascimento de Ismael<\/a><\/li><li class=\"wp-block-pages-list__item\"><a class=\"wp-block-pages-list__item__link\" href=\"https:\/\/bibliapresente.com\/postagens\/livros-da-biblia\/genesis\/genesis-17\/\">G\u00eanesis 17 &#8211; A Institui\u00e7\u00e3o da Circuncis\u00e3o<\/a><\/li><li class=\"wp-block-pages-list__item\"><a class=\"wp-block-pages-list__item__link\" href=\"https:\/\/bibliapresente.com\/postagens\/livros-da-biblia\/genesis\/genesis-18\/\">G\u00eanesis 18 &#8211; A Visita dos Tr\u00eas Anjos<\/a><\/li><li class=\"wp-block-pages-list__item\"><a class=\"wp-block-pages-list__item__link\" href=\"https:\/\/bibliapresente.com\/postagens\/livros-da-biblia\/genesis\/genesis-19\/\">G\u00eanesis 19 &#8211; Sodoma e Gomorra<\/a><\/li><li class=\"wp-block-pages-list__item\"><a class=\"wp-block-pages-list__item__link\" href=\"https:\/\/bibliapresente.com\/postagens\/livros-da-biblia\/genesis\/genesis-20\/\">G\u00eanesis 20 &#8211; Abra\u00e3o e Abimeleque<\/a><\/li><li class=\"wp-block-pages-list__item\"><a class=\"wp-block-pages-list__item__link\" href=\"https:\/\/bibliapresente.com\/postagens\/livros-da-biblia\/genesis\/genesis-21\/\">G\u00eanesis 21 &#8211; O Nascimento de Isaque<\/a><\/li><li class=\"wp-block-pages-list__item\"><a class=\"wp-block-pages-list__item__link\" href=\"https:\/\/bibliapresente.com\/postagens\/livros-da-biblia\/genesis\/genesis-22\/\">G\u00eanesis 22 &#8211; O Sacrif\u00edcio de Isaque<\/a><\/li><li class=\"wp-block-pages-list__item\"><a class=\"wp-block-pages-list__item__link\" href=\"https:\/\/bibliapresente.com\/postagens\/livros-da-biblia\/genesis\/genesis-23\/\">G\u00eanesis 23 &#8211; A Morte de Sara<\/a><\/li><li class=\"wp-block-pages-list__item\"><a class=\"wp-block-pages-list__item__link\" href=\"https:\/\/bibliapresente.com\/postagens\/livros-da-biblia\/genesis\/genesis-24\/\">G\u00eanesis 24 &#8211; O Casamento de Isaque<\/a><\/li><li class=\"wp-block-pages-list__item\"><a class=\"wp-block-pages-list__item__link\" href=\"https:\/\/bibliapresente.com\/postagens\/livros-da-biblia\/genesis\/genesis-25\/\">G\u00eanesis 25 &#8211; O Nascimento de Esa\u00fa e Jac\u00f3<\/a><\/li><li class=\"wp-block-pages-list__item\"><a class=\"wp-block-pages-list__item__link\" href=\"https:\/\/bibliapresente.com\/postagens\/livros-da-biblia\/genesis\/genesis-26\/\">G\u00eanesis 26 &#8211; As Promessas de Deus a Isaque<\/a><\/li><li class=\"wp-block-pages-list__item\"><a class=\"wp-block-pages-list__item__link\" href=\"https:\/\/bibliapresente.com\/postagens\/livros-da-biblia\/genesis\/genesis-27\/\">G\u00eanesis 27 &#8211; Jac\u00f3 Engana Isaque<\/a><\/li><li class=\"wp-block-pages-list__item\"><a class=\"wp-block-pages-list__item__link\" href=\"https:\/\/bibliapresente.com\/postagens\/livros-da-biblia\/genesis\/genesis-28\/\">G\u00eanesis 28 &#8211; O Sonho de Jac\u00f3 em Betel<\/a><\/li><li class=\"wp-block-pages-list__item\"><a class=\"wp-block-pages-list__item__link\" href=\"https:\/\/bibliapresente.com\/postagens\/livros-da-biblia\/genesis\/genesis-29\/\">G\u00eanesis 29 &#8211; Jac\u00f3 e as Filhas de Lab\u00e3o<\/a><\/li><li class=\"wp-block-pages-list__item\"><a class=\"wp-block-pages-list__item__link\" href=\"https:\/\/bibliapresente.com\/postagens\/livros-da-biblia\/genesis\/genesis-30\/\">G\u00eanesis 30 &#8211; O Acordo de Jac\u00f3 com Lab\u00e3o<\/a><\/li><li class=\"wp-block-pages-list__item\"><a class=\"wp-block-pages-list__item__link\" href=\"https:\/\/bibliapresente.com\/postagens\/livros-da-biblia\/genesis\/genesis-31\/\">G\u00eanesis 31 &#8211; A Fuga de Jac\u00f3<\/a><\/li><li class=\"wp-block-pages-list__item\"><a class=\"wp-block-pages-list__item__link\" href=\"https:\/\/bibliapresente.com\/postagens\/livros-da-biblia\/genesis\/genesis-32\/\">G\u00eanesis 32 &#8211; A Luta de Jac\u00f3 com O Anjo<\/a><\/li><li class=\"wp-block-pages-list__item\"><a class=\"wp-block-pages-list__item__link\" href=\"https:\/\/bibliapresente.com\/postagens\/livros-da-biblia\/genesis\/genesis-33\/\">G\u00eanesis 33 &#8211; A Reconcilia\u00e7\u00e3o de Jac\u00f3 e Esa\u00fa<\/a><\/li><li class=\"wp-block-pages-list__item\"><a class=\"wp-block-pages-list__item__link\" href=\"https:\/\/bibliapresente.com\/postagens\/livros-da-biblia\/genesis\/genesis-34\/\">G\u00eanesis 34 &#8211; O Caso de Din\u00e1<\/a><\/li><li class=\"wp-block-pages-list__item\"><a class=\"wp-block-pages-list__item__link\" href=\"https:\/\/bibliapresente.com\/postagens\/livros-da-biblia\/genesis\/genesis-35\/\">G\u00eanesis 35 &#8211; A Consagra\u00e7\u00e3o de Jac\u00f3 em Betel<\/a><\/li><li class=\"wp-block-pages-list__item\"><a class=\"wp-block-pages-list__item__link\" href=\"https:\/\/bibliapresente.com\/postagens\/livros-da-biblia\/genesis\/genesis-36\/\">G\u00eanesis 36 &#8211; Os Descendentes de Esa\u00fa<\/a><\/li><li class=\"wp-block-pages-list__item\"><a class=\"wp-block-pages-list__item__link\" href=\"https:\/\/bibliapresente.com\/postagens\/livros-da-biblia\/genesis\/genesis-37\/\">G\u00eanesis 37 &#8211; Jos\u00e9 Vendido como Escravo<\/a><\/li><li class=\"wp-block-pages-list__item\"><a class=\"wp-block-pages-list__item__link\" href=\"https:\/\/bibliapresente.com\/postagens\/livros-da-biblia\/genesis\/genesis-38\/\">G\u00eanesis 38 &#8211; Jud\u00e1 e Tamar<\/a><\/li><li class=\"wp-block-pages-list__item\"><a class=\"wp-block-pages-list__item__link\" href=\"https:\/\/bibliapresente.com\/postagens\/livros-da-biblia\/genesis\/genesis-39\/\">G\u00eanesis 39 &#8211; Jos\u00e9 na Casa de Potifar<\/a><\/li><li class=\"wp-block-pages-list__item\"><a class=\"wp-block-pages-list__item__link\" href=\"https:\/\/bibliapresente.com\/postagens\/livros-da-biblia\/genesis\/genesis-40\/\">G\u00eanesis 40 &#8211; Jos\u00e9 Interpreta Sonhos<\/a><\/li><li class=\"wp-block-pages-list__item\"><a class=\"wp-block-pages-list__item__link\" href=\"https:\/\/bibliapresente.com\/postagens\/livros-da-biblia\/genesis\/genesis-41\/\">G\u00eanesis 41 &#8211; O Sonho do Fara\u00f3<\/a><\/li><li class=\"wp-block-pages-list__item\"><a class=\"wp-block-pages-list__item__link\" href=\"https:\/\/bibliapresente.com\/postagens\/livros-da-biblia\/genesis\/genesis-42\/\">G\u00eanesis 42 &#8211; Os Irm\u00e3os de Jos\u00e9 no Egito<\/a><\/li><li class=\"wp-block-pages-list__item\"><a class=\"wp-block-pages-list__item__link\" href=\"https:\/\/bibliapresente.com\/postagens\/livros-da-biblia\/genesis\/genesis-43\/\">G\u00eanesis 43 &#8211; Benjamim Vai ao Egito<\/a><\/li><li class=\"wp-block-pages-list__item\"><a class=\"wp-block-pages-list__item__link\" href=\"https:\/\/bibliapresente.com\/postagens\/livros-da-biblia\/genesis\/genesis-44\/\">G\u00eanesis 44 &#8211; O Sacrif\u00edcio de Jud\u00e1<\/a><\/li><li class=\"wp-block-pages-list__item\"><a class=\"wp-block-pages-list__item__link\" href=\"https:\/\/bibliapresente.com\/postagens\/livros-da-biblia\/genesis\/genesis-45\/\">G\u00eanesis 45 &#8211; Jos\u00e9 se Revela a seus Irm\u00e3os<\/a><\/li><li class=\"wp-block-pages-list__item\"><a class=\"wp-block-pages-list__item__link\" href=\"https:\/\/bibliapresente.com\/postagens\/livros-da-biblia\/genesis\/genesis-46\/\">G\u00eanesis 46 &#8211; A Viagem de Jac\u00f3 ao Egito<\/a><\/li><li class=\"wp-block-pages-list__item\"><a class=\"wp-block-pages-list__item__link\" href=\"https:\/\/bibliapresente.com\/postagens\/livros-da-biblia\/genesis\/genesis-47\/\">G\u00eanesis 47 &#8211; Jac\u00f3 Aben\u00e7oa o Fara\u00f3<\/a><\/li><li class=\"wp-block-pages-list__item\"><a class=\"wp-block-pages-list__item__link\" href=\"https:\/\/bibliapresente.com\/postagens\/livros-da-biblia\/genesis\/genesis-48\/\">G\u00eanesis 48 &#8211; Jac\u00f3 Aben\u00e7oa os Filhos de Jos\u00e9<\/a><\/li><li class=\"wp-block-pages-list__item\"><a class=\"wp-block-pages-list__item__link\" href=\"https:\/\/bibliapresente.com\/postagens\/livros-da-biblia\/genesis\/genesis-49\/\">G\u00eanesis 49 &#8211; B\u00ean\u00e7\u00e3os de Jac\u00f3 a Seus Filhos<\/a><\/li><li class=\"wp-block-pages-list__item\"><a class=\"wp-block-pages-list__item__link\" href=\"https:\/\/bibliapresente.com\/postagens\/livros-da-biblia\/genesis\/genesis-50\/\">G\u00eanesis 50 &#8211; A Morte de Jac\u00f3<\/a><\/li><\/ul>","protected":false},"excerpt":{"rendered":"<p>O nascimento de Isaque 1 E visitou o SENHOR a Sara, como disse, e fez o SENHOR com Sara como havia falado. 2 E concebeu e deu \u00e0 luz Sara a Abra\u00e3o um filho em sua velhice, no tempo que Deus lhe havia dito. 3 E chamou Abra\u00e3o o nome de seu filho que lhe &hellip; <\/p>\n","protected":false},"author":2,"featured_media":189,"parent":233,"menu_order":21,"comment_status":"closed","ping_status":"closed","template":"","meta":{"om_disable_all_campaigns":false,"_monsterinsights_skip_tracking":false,"_monsterinsights_sitenote_active":false,"_monsterinsights_sitenote_note":"","_monsterinsights_sitenote_category":0,"footnotes":""},"class_list":["post-330","page","type-page","status-publish","has-post-thumbnail","hentry"],"aioseo_notices":[],"_links":{"self":[{"href":"https:\/\/bibliapresente.com\/postagens\/wp-json\/wp\/v2\/pages\/330","targetHints":{"allow":["GET"]}}],"collection":[{"href":"https:\/\/bibliapresente.com\/postagens\/wp-json\/wp\/v2\/pages"}],"about":[{"href":"https:\/\/bibliapresente.com\/postagens\/wp-json\/wp\/v2\/types\/page"}],"author":[{"embeddable":true,"href":"https:\/\/bibliapresente.com\/postagens\/wp-json\/wp\/v2\/users\/2"}],"replies":[{"embeddable":true,"href":"https:\/\/bibliapresente.com\/postagens\/wp-json\/wp\/v2\/comments?post=330"}],"version-history":[{"count":5,"href":"https:\/\/bibliapresente.com\/postagens\/wp-json\/wp\/v2\/pages\/330\/revisions"}],"predecessor-version":[{"id":495,"href":"https:\/\/bibliapresente.com\/postagens\/wp-json\/wp\/v2\/pages\/330\/revisions\/495"}],"up":[{"embeddable":true,"href":"https:\/\/bibliapresente.com\/postagens\/wp-json\/wp\/v2\/pages\/233"}],"wp:featuredmedia":[{"embeddable":true,"href":"https:\/\/bibliapresente.com\/postagens\/wp-json\/wp\/v2\/media\/189"}],"wp:attachment":[{"href":"https:\/\/bibliapresente.com\/postagens\/wp-json\/wp\/v2\/media?parent=330"}],"curies":[{"name":"wp","href":"https:\/\/api.w.org\/{rel}","templated":true}]}}