{"id":328,"date":"2024-12-31T12:17:37","date_gmt":"2024-12-31T15:17:37","guid":{"rendered":"https:\/\/bibliapresente.com\/postagens\/?page_id=328"},"modified":"2024-12-31T12:17:38","modified_gmt":"2024-12-31T15:17:38","slug":"genesis-20","status":"publish","type":"page","link":"https:\/\/bibliapresente.com\/postagens\/livros-da-biblia\/genesis\/genesis-20\/","title":{"rendered":"G\u00eanesis 20 &#8211; Abra\u00e3o e Abimeleque"},"content":{"rendered":"\n<h3 class=\"wp-block-heading\">Abrah\u00e3o nega que Sara Seja sua mulher<\/h3>\n\n\n\n<p class=\"has-medium-font-size\" style=\"letter-spacing:1px\"><span><span><sup><b>1<\/b><\/sup><\/span> De ali partiu Abra\u00e3o \u00e0 terra do Sul, e assentou entre Cades e Sur, e habitou como peregrino em Gerar. <\/span><br><span><span><sup><b>2<\/b><\/sup><\/span> E disse Abra\u00e3o de Sara sua mulher: Minha irm\u00e3 \u00e9. E Abimeleque, rei de Gerar, enviou e tomou a Sara. <\/span><br><span><span><sup><b>3<\/b><\/sup><\/span> Por\u00e9m Deus veio a Abimeleque em sonhos de noite, e lhe disse: Eis que morto \u00e9s por causa da mulher que tomaste, a qual \u00e9 casada com marido. <\/span><br><span><span><sup><b>4<\/b><\/sup><\/span> Mas Abimeleque n\u00e3o havia chegado a ela, e disse: Senhor, matar\u00e1s tamb\u00e9m a gente justa? <\/span><br><span><span><sup><b>5<\/b><\/sup><\/span> N\u00e3o me disse ele: Minha irm\u00e3 \u00e9; e ela tamb\u00e9m disse: \u00c9 meu irm\u00e3o? Com sinceridade de meu cora\u00e7\u00e3o, e com limpeza de minhas m\u00e3os fiz isto. <\/span><br><span><span><sup><b>6<\/b><\/sup><\/span> E disse-lhe Deus em sonhos: Eu tamb\u00e9m sei que com integridade de teu cora\u00e7\u00e3o fizeste isto; e eu tamb\u00e9m te detive de pecar contra mim, e assim n\u00e3o te permiti que a tocasses. <\/span><br><span><span><sup><b>7<\/b><\/sup><\/span> Agora, pois, volta a mulher a seu marido; porque \u00e9 profeta, e orar\u00e1 por ti, e viver\u00e1s. E se tu n\u00e3o a devolveres, sabe que certamente morrer\u00e1s, com tudo o que for teu. <\/span><br><span><span><sup><b>8<\/b><\/sup><\/span> Ent\u00e3o Abimeleque se levantou de manh\u00e3, e chamou a todos os seus servos, e disse todas estas palavras aos ouvidos deles; e temeram os homens em grande maneira. <\/span><br><span><span><sup><b>9<\/b><\/sup><\/span> Depois chamou Abimeleque a Abra\u00e3o e lhe disse: Que nos fizeste? e em que pequei eu contra ti, que atra\u00edste sobre mim e sobre meu reino t\u00e3o grande pecado? o que n\u00e3o devias fazer fizeste comigo. <\/span><br><span><span><sup><b>10<\/b><\/sup><\/span> E disse mais Abimeleque a Abra\u00e3o: Que viste para que fizesses isto? <\/span><br><span><span><sup><b>11<\/b><\/sup><\/span> E Abra\u00e3o respondeu: Porque disse para mim: Certamente n\u00e3o h\u00e1 temor de Deus neste lugar, e me matar\u00e3o por causa de minha mulher. <\/span><br><span><span><sup><b>12<\/b><\/sup><\/span> E na verdade tamb\u00e9m \u00e9 minha irm\u00e3, filha de meu pai, mas n\u00e3o filha de minha m\u00e3e, e tomei-a por mulher. <\/span><br><span><span><sup><b>13<\/b><\/sup><\/span> E foi que, quando Deus me fez sair sem rumo da casa de meu pai, eu lhe disse: Esta \u00e9 a lealdade que tu me far\u00e1s, que em todos os lugares onde chegarmos, digas de mim: Meu irm\u00e3o \u00e9. <\/span><br><span><span><sup><b>14<\/b><\/sup><\/span> Ent\u00e3o Abimeleque tomou ovelhas e vacas, e servos e servas, e deu-o a Abra\u00e3o, e devolveu-lhe a Sara sua mulher. <\/span><br><span><span><sup><b>15<\/b><\/sup><\/span> E disse Abimeleque: Eis que minha terra est\u00e1 diante de ti, habita onde bem te parecer. <\/span><br><span><span><sup><b>16<\/b><\/sup><\/span> E a Sara disse: Eis que dei mil moedas de prata a teu irm\u00e3o; olha que ele te \u00e9 por v\u00e9u de olhos para todos os que est\u00e3o contigo, e para com todos: assim foi repreendida. <\/span><br><span><span><sup><b>17<\/b><\/sup><\/span> Ent\u00e3o Abra\u00e3o orou a Deus; e Deus sanou a Abimeleque e a sua mulher, e a suas servas, e voltaram a ter filhos. <\/span><br><span><span><sup><b>18<\/b><\/sup><\/span> Porque havia por completo fechado o SENHOR toda madre da casa de Abimeleque, por causa de Sara mulher de Abra\u00e3o.<\/span><\/p>\n\n\n\n<div class=\"wp-block-columns is-layout-flex wp-container-core-columns-is-layout-9d6595d7 wp-block-columns-is-layout-flex\">\n<div class=\"wp-block-column is-layout-flow wp-block-column-is-layout-flow\">\n<p><a href=\"\/genesis\/genesis-19\">G\u00eanesis 19<\/a><\/p>\n<\/div>\n\n\n\n<div class=\"wp-block-column is-layout-flow wp-block-column-is-layout-flow\">\n<p class=\"has-text-align-right\"><a href=\"\/genesis-21\">G\u00eanesis 21<\/a><\/p>\n<\/div>\n<\/div>\n\n\n\n<h2 class=\"wp-block-heading\">Descri\u00e7\u00e3o &#8211; G\u00eanesis 20<\/h2>\n\n\n\n<p class=\"has-medium-font-size\">Em G\u00eanesis 20, Abra\u00e3o, temendo por sua vida, apresenta Sara como sua irm\u00e3 ao rei Abimeleque de Gerar. Deus interv\u00e9m em um sonho, alertando o rei sobre a verdade. Assim, impede que ele peque. Abimeleque devolve Sara a Abra\u00e3o, acompanhado de riquezas e uma b\u00ean\u00e7\u00e3o. Este epis\u00f3dio destaca a fidelidade de Deus em proteger Suas promessas, mesmo diante de falhas humanas. Inserido no contexto de G\u00eanesis, o cap\u00edtulo refor\u00e7a o tema da alian\u00e7a divina com Abra\u00e3o e a preserva\u00e7\u00e3o de sua linhagem, preparando o caminho para o cumprimento do plano de Deus para Israel e a humanidade.<\/p>\n\n\n\n<h3 class=\"wp-block-heading\">Livro do G\u00eanesis:<\/h3>\n\n\n<ul class=\"wp-block-page-list\"><li class=\"wp-block-pages-list__item\"><a class=\"wp-block-pages-list__item__link\" href=\"https:\/\/bibliapresente.com\/postagens\/livros-da-biblia\/genesis\/genesis-1\/\">G\u00eanesis 1 &#8211; A Cria\u00e7\u00e3o do Universo<\/a><\/li><li class=\"wp-block-pages-list__item\"><a class=\"wp-block-pages-list__item__link\" href=\"https:\/\/bibliapresente.com\/postagens\/livros-da-biblia\/genesis\/genesis-2\/\">G\u00eanesis 2 &#8211; O Jardim do \u00c9den<\/a><\/li><li class=\"wp-block-pages-list__item\"><a class=\"wp-block-pages-list__item__link\" href=\"https:\/\/bibliapresente.com\/postagens\/livros-da-biblia\/genesis\/genesis-3\/\">G\u00eanesis 3 &#8211; O Pecado Original<\/a><\/li><li class=\"wp-block-pages-list__item\"><a class=\"wp-block-pages-list__item__link\" href=\"https:\/\/bibliapresente.com\/postagens\/livros-da-biblia\/genesis\/genesis-4\/\">G\u00eanesis 4 &#8211; Caim e Abel<\/a><\/li><li class=\"wp-block-pages-list__item\"><a class=\"wp-block-pages-list__item__link\" href=\"https:\/\/bibliapresente.com\/postagens\/livros-da-biblia\/genesis\/genesis-5\/\">G\u00eanesis 5 &#8211; Genealogia de Ad\u00e3o a No\u00e9<\/a><\/li><li class=\"wp-block-pages-list__item\"><a class=\"wp-block-pages-list__item__link\" href=\"https:\/\/bibliapresente.com\/postagens\/livros-da-biblia\/genesis\/genesis-6-a-corrupcao-e-o-chamado-de-noe\/\">G\u00eanesis 6 &#8211; A Corrup\u00e7\u00e3o e o Chamado de No\u00e9<\/a><\/li><li class=\"wp-block-pages-list__item\"><a class=\"wp-block-pages-list__item__link\" href=\"https:\/\/bibliapresente.com\/postagens\/livros-da-biblia\/genesis\/genesis-7\/\">G\u00eanesis 7 &#8211; O Grande Dil\u00favio<\/a><\/li><li class=\"wp-block-pages-list__item\"><a class=\"wp-block-pages-list__item__link\" href=\"https:\/\/bibliapresente.com\/postagens\/livros-da-biblia\/genesis\/genesis-8\/\">G\u00eanesis 8 &#8211; As \u00c1guas do Dil\u00favio Recuam<\/a><\/li><li class=\"wp-block-pages-list__item\"><a class=\"wp-block-pages-list__item__link\" href=\"https:\/\/bibliapresente.com\/postagens\/livros-da-biblia\/genesis\/genesis-9\/\">G\u00eanesis 9 &#8211; A Grande Alian\u00e7a do Arco-\u00cdris<\/a><\/li><li class=\"wp-block-pages-list__item\"><a class=\"wp-block-pages-list__item__link\" href=\"https:\/\/bibliapresente.com\/postagens\/livros-da-biblia\/genesis\/genesis-10-as-nacoes-descendentes-de-noe\/\">G\u00eanesis 10 &#8211; As Na\u00e7\u00f5es Descendentes de No\u00e9<\/a><\/li><li class=\"wp-block-pages-list__item\"><a class=\"wp-block-pages-list__item__link\" href=\"https:\/\/bibliapresente.com\/postagens\/livros-da-biblia\/genesis\/genesis-11-a-torre-de-babel\/\">G\u00eanesis 11 &#8211; A Torre de Babel<\/a><\/li><li class=\"wp-block-pages-list__item\"><a class=\"wp-block-pages-list__item__link\" href=\"https:\/\/bibliapresente.com\/postagens\/livros-da-biblia\/genesis\/genesis-12-o-chamado-de-abraao\/\">G\u00eanesis 12 &#8211; O Chamado de Abra\u00e3o<\/a><\/li><li class=\"wp-block-pages-list__item\"><a class=\"wp-block-pages-list__item__link\" href=\"https:\/\/bibliapresente.com\/postagens\/livros-da-biblia\/genesis\/genesis-13-a-separacao-de-abrao-e-lo\/\">G\u00eanesis 13 &#8211; A Separa\u00e7\u00e3o de Abr\u00e3o e L\u00f3<\/a><\/li><li class=\"wp-block-pages-list__item\"><a class=\"wp-block-pages-list__item__link\" href=\"https:\/\/bibliapresente.com\/postagens\/livros-da-biblia\/genesis\/genesis-14\/\">G\u00eanesis 14 &#8211; A B\u00ean\u00e7\u00e3o de Melquisedeque<\/a><\/li><li class=\"wp-block-pages-list__item\"><a class=\"wp-block-pages-list__item__link\" href=\"https:\/\/bibliapresente.com\/postagens\/livros-da-biblia\/genesis\/genesis-15\/\">G\u00eanesis 15 &#8211; A Alian\u00e7a de Deus com Abr\u00e3o<\/a><\/li><li class=\"wp-block-pages-list__item\"><a class=\"wp-block-pages-list__item__link\" href=\"https:\/\/bibliapresente.com\/postagens\/livros-da-biblia\/genesis\/genesis-16\/\">G\u00eanesis 16 &#8211; O Nascimento de Ismael<\/a><\/li><li class=\"wp-block-pages-list__item\"><a class=\"wp-block-pages-list__item__link\" href=\"https:\/\/bibliapresente.com\/postagens\/livros-da-biblia\/genesis\/genesis-17\/\">G\u00eanesis 17 &#8211; A Institui\u00e7\u00e3o da Circuncis\u00e3o<\/a><\/li><li class=\"wp-block-pages-list__item\"><a class=\"wp-block-pages-list__item__link\" href=\"https:\/\/bibliapresente.com\/postagens\/livros-da-biblia\/genesis\/genesis-18\/\">G\u00eanesis 18 &#8211; A Visita dos Tr\u00eas Anjos<\/a><\/li><li class=\"wp-block-pages-list__item\"><a class=\"wp-block-pages-list__item__link\" href=\"https:\/\/bibliapresente.com\/postagens\/livros-da-biblia\/genesis\/genesis-19\/\">G\u00eanesis 19 &#8211; Sodoma e Gomorra<\/a><\/li><li class=\"wp-block-pages-list__item\"><a class=\"wp-block-pages-list__item__link\" href=\"https:\/\/bibliapresente.com\/postagens\/livros-da-biblia\/genesis\/genesis-20\/\">G\u00eanesis 20 &#8211; Abra\u00e3o e Abimeleque<\/a><\/li><li class=\"wp-block-pages-list__item\"><a class=\"wp-block-pages-list__item__link\" href=\"https:\/\/bibliapresente.com\/postagens\/livros-da-biblia\/genesis\/genesis-21\/\">G\u00eanesis 21 &#8211; O Nascimento de Isaque<\/a><\/li><li class=\"wp-block-pages-list__item\"><a class=\"wp-block-pages-list__item__link\" href=\"https:\/\/bibliapresente.com\/postagens\/livros-da-biblia\/genesis\/genesis-22\/\">G\u00eanesis 22 &#8211; O Sacrif\u00edcio de Isaque<\/a><\/li><li class=\"wp-block-pages-list__item\"><a class=\"wp-block-pages-list__item__link\" href=\"https:\/\/bibliapresente.com\/postagens\/livros-da-biblia\/genesis\/genesis-23\/\">G\u00eanesis 23 &#8211; A Morte de Sara<\/a><\/li><li class=\"wp-block-pages-list__item\"><a class=\"wp-block-pages-list__item__link\" href=\"https:\/\/bibliapresente.com\/postagens\/livros-da-biblia\/genesis\/genesis-24\/\">G\u00eanesis 24 &#8211; O Casamento de Isaque<\/a><\/li><li class=\"wp-block-pages-list__item\"><a class=\"wp-block-pages-list__item__link\" href=\"https:\/\/bibliapresente.com\/postagens\/livros-da-biblia\/genesis\/genesis-25\/\">G\u00eanesis 25 &#8211; O Nascimento de Esa\u00fa e Jac\u00f3<\/a><\/li><li class=\"wp-block-pages-list__item\"><a class=\"wp-block-pages-list__item__link\" href=\"https:\/\/bibliapresente.com\/postagens\/livros-da-biblia\/genesis\/genesis-26\/\">G\u00eanesis 26 &#8211; As Promessas de Deus a Isaque<\/a><\/li><li class=\"wp-block-pages-list__item\"><a class=\"wp-block-pages-list__item__link\" href=\"https:\/\/bibliapresente.com\/postagens\/livros-da-biblia\/genesis\/genesis-27\/\">G\u00eanesis 27 &#8211; Jac\u00f3 Engana Isaque<\/a><\/li><li class=\"wp-block-pages-list__item\"><a class=\"wp-block-pages-list__item__link\" href=\"https:\/\/bibliapresente.com\/postagens\/livros-da-biblia\/genesis\/genesis-28\/\">G\u00eanesis 28 &#8211; O Sonho de Jac\u00f3 em Betel<\/a><\/li><li class=\"wp-block-pages-list__item\"><a class=\"wp-block-pages-list__item__link\" href=\"https:\/\/bibliapresente.com\/postagens\/livros-da-biblia\/genesis\/genesis-29\/\">G\u00eanesis 29 &#8211; Jac\u00f3 e as Filhas de Lab\u00e3o<\/a><\/li><li class=\"wp-block-pages-list__item\"><a class=\"wp-block-pages-list__item__link\" href=\"https:\/\/bibliapresente.com\/postagens\/livros-da-biblia\/genesis\/genesis-30\/\">G\u00eanesis 30 &#8211; O Acordo de Jac\u00f3 com Lab\u00e3o<\/a><\/li><li class=\"wp-block-pages-list__item\"><a class=\"wp-block-pages-list__item__link\" href=\"https:\/\/bibliapresente.com\/postagens\/livros-da-biblia\/genesis\/genesis-31\/\">G\u00eanesis 31 &#8211; A Fuga de Jac\u00f3<\/a><\/li><li class=\"wp-block-pages-list__item\"><a class=\"wp-block-pages-list__item__link\" href=\"https:\/\/bibliapresente.com\/postagens\/livros-da-biblia\/genesis\/genesis-32\/\">G\u00eanesis 32 &#8211; A Luta de Jac\u00f3 com O Anjo<\/a><\/li><li class=\"wp-block-pages-list__item\"><a class=\"wp-block-pages-list__item__link\" href=\"https:\/\/bibliapresente.com\/postagens\/livros-da-biblia\/genesis\/genesis-33\/\">G\u00eanesis 33 &#8211; A Reconcilia\u00e7\u00e3o de Jac\u00f3 e Esa\u00fa<\/a><\/li><li class=\"wp-block-pages-list__item\"><a class=\"wp-block-pages-list__item__link\" href=\"https:\/\/bibliapresente.com\/postagens\/livros-da-biblia\/genesis\/genesis-34\/\">G\u00eanesis 34 &#8211; O Caso de Din\u00e1<\/a><\/li><li class=\"wp-block-pages-list__item\"><a class=\"wp-block-pages-list__item__link\" href=\"https:\/\/bibliapresente.com\/postagens\/livros-da-biblia\/genesis\/genesis-35\/\">G\u00eanesis 35 &#8211; A Consagra\u00e7\u00e3o de Jac\u00f3 em Betel<\/a><\/li><li class=\"wp-block-pages-list__item\"><a class=\"wp-block-pages-list__item__link\" href=\"https:\/\/bibliapresente.com\/postagens\/livros-da-biblia\/genesis\/genesis-36\/\">G\u00eanesis 36 &#8211; Os Descendentes de Esa\u00fa<\/a><\/li><li class=\"wp-block-pages-list__item\"><a class=\"wp-block-pages-list__item__link\" href=\"https:\/\/bibliapresente.com\/postagens\/livros-da-biblia\/genesis\/genesis-37\/\">G\u00eanesis 37 &#8211; Jos\u00e9 Vendido como Escravo<\/a><\/li><li class=\"wp-block-pages-list__item\"><a class=\"wp-block-pages-list__item__link\" href=\"https:\/\/bibliapresente.com\/postagens\/livros-da-biblia\/genesis\/genesis-38\/\">G\u00eanesis 38 &#8211; Jud\u00e1 e Tamar<\/a><\/li><li class=\"wp-block-pages-list__item\"><a class=\"wp-block-pages-list__item__link\" href=\"https:\/\/bibliapresente.com\/postagens\/livros-da-biblia\/genesis\/genesis-39\/\">G\u00eanesis 39 &#8211; Jos\u00e9 na Casa de Potifar<\/a><\/li><li class=\"wp-block-pages-list__item\"><a class=\"wp-block-pages-list__item__link\" href=\"https:\/\/bibliapresente.com\/postagens\/livros-da-biblia\/genesis\/genesis-40\/\">G\u00eanesis 40 &#8211; Jos\u00e9 Interpreta Sonhos<\/a><\/li><li class=\"wp-block-pages-list__item\"><a class=\"wp-block-pages-list__item__link\" href=\"https:\/\/bibliapresente.com\/postagens\/livros-da-biblia\/genesis\/genesis-41\/\">G\u00eanesis 41 &#8211; O Sonho do Fara\u00f3<\/a><\/li><li class=\"wp-block-pages-list__item\"><a class=\"wp-block-pages-list__item__link\" href=\"https:\/\/bibliapresente.com\/postagens\/livros-da-biblia\/genesis\/genesis-42\/\">G\u00eanesis 42 &#8211; Os Irm\u00e3os de Jos\u00e9 no Egito<\/a><\/li><li class=\"wp-block-pages-list__item\"><a class=\"wp-block-pages-list__item__link\" href=\"https:\/\/bibliapresente.com\/postagens\/livros-da-biblia\/genesis\/genesis-43\/\">G\u00eanesis 43 &#8211; Benjamim Vai ao Egito<\/a><\/li><li class=\"wp-block-pages-list__item\"><a class=\"wp-block-pages-list__item__link\" href=\"https:\/\/bibliapresente.com\/postagens\/livros-da-biblia\/genesis\/genesis-44\/\">G\u00eanesis 44 &#8211; O Sacrif\u00edcio de Jud\u00e1<\/a><\/li><li class=\"wp-block-pages-list__item\"><a class=\"wp-block-pages-list__item__link\" href=\"https:\/\/bibliapresente.com\/postagens\/livros-da-biblia\/genesis\/genesis-45\/\">G\u00eanesis 45 &#8211; Jos\u00e9 se Revela a seus Irm\u00e3os<\/a><\/li><li class=\"wp-block-pages-list__item\"><a class=\"wp-block-pages-list__item__link\" href=\"https:\/\/bibliapresente.com\/postagens\/livros-da-biblia\/genesis\/genesis-46\/\">G\u00eanesis 46 &#8211; A Viagem de Jac\u00f3 ao Egito<\/a><\/li><li class=\"wp-block-pages-list__item\"><a class=\"wp-block-pages-list__item__link\" href=\"https:\/\/bibliapresente.com\/postagens\/livros-da-biblia\/genesis\/genesis-47\/\">G\u00eanesis 47 &#8211; Jac\u00f3 Aben\u00e7oa o Fara\u00f3<\/a><\/li><li class=\"wp-block-pages-list__item\"><a class=\"wp-block-pages-list__item__link\" href=\"https:\/\/bibliapresente.com\/postagens\/livros-da-biblia\/genesis\/genesis-48\/\">G\u00eanesis 48 &#8211; Jac\u00f3 Aben\u00e7oa os Filhos de Jos\u00e9<\/a><\/li><li class=\"wp-block-pages-list__item\"><a class=\"wp-block-pages-list__item__link\" href=\"https:\/\/bibliapresente.com\/postagens\/livros-da-biblia\/genesis\/genesis-49\/\">G\u00eanesis 49 &#8211; B\u00ean\u00e7\u00e3os de Jac\u00f3 a Seus Filhos<\/a><\/li><li class=\"wp-block-pages-list__item\"><a class=\"wp-block-pages-list__item__link\" href=\"https:\/\/bibliapresente.com\/postagens\/livros-da-biblia\/genesis\/genesis-50\/\">G\u00eanesis 50 &#8211; A Morte de Jac\u00f3<\/a><\/li><\/ul>\n\n\n<p><\/p>\n","protected":false},"excerpt":{"rendered":"<p>Abrah\u00e3o nega que Sara Seja sua mulher 1 De ali partiu Abra\u00e3o \u00e0 terra do Sul, e assentou entre Cades e Sur, e habitou como peregrino em Gerar. 2 E disse Abra\u00e3o de Sara sua mulher: Minha irm\u00e3 \u00e9. E Abimeleque, rei de Gerar, enviou e tomou a Sara. 3 Por\u00e9m Deus veio a Abimeleque &hellip; <\/p>\n","protected":false},"author":2,"featured_media":263,"parent":233,"menu_order":20,"comment_status":"closed","ping_status":"closed","template":"","meta":{"om_disable_all_campaigns":false,"_monsterinsights_skip_tracking":false,"_monsterinsights_sitenote_active":false,"_monsterinsights_sitenote_note":"","_monsterinsights_sitenote_category":0,"footnotes":""},"class_list":["post-328","page","type-page","status-publish","has-post-thumbnail","hentry"],"aioseo_notices":[],"_links":{"self":[{"href":"https:\/\/bibliapresente.com\/postagens\/wp-json\/wp\/v2\/pages\/328","targetHints":{"allow":["GET"]}}],"collection":[{"href":"https:\/\/bibliapresente.com\/postagens\/wp-json\/wp\/v2\/pages"}],"about":[{"href":"https:\/\/bibliapresente.com\/postagens\/wp-json\/wp\/v2\/types\/page"}],"author":[{"embeddable":true,"href":"https:\/\/bibliapresente.com\/postagens\/wp-json\/wp\/v2\/users\/2"}],"replies":[{"embeddable":true,"href":"https:\/\/bibliapresente.com\/postagens\/wp-json\/wp\/v2\/comments?post=328"}],"version-history":[{"count":3,"href":"https:\/\/bibliapresente.com\/postagens\/wp-json\/wp\/v2\/pages\/328\/revisions"}],"predecessor-version":[{"id":487,"href":"https:\/\/bibliapresente.com\/postagens\/wp-json\/wp\/v2\/pages\/328\/revisions\/487"}],"up":[{"embeddable":true,"href":"https:\/\/bibliapresente.com\/postagens\/wp-json\/wp\/v2\/pages\/233"}],"wp:featuredmedia":[{"embeddable":true,"href":"https:\/\/bibliapresente.com\/postagens\/wp-json\/wp\/v2\/media\/263"}],"wp:attachment":[{"href":"https:\/\/bibliapresente.com\/postagens\/wp-json\/wp\/v2\/media?parent=328"}],"curies":[{"name":"wp","href":"https:\/\/api.w.org\/{rel}","templated":true}]}}