{"id":326,"date":"2024-12-31T11:54:43","date_gmt":"2024-12-31T14:54:43","guid":{"rendered":"https:\/\/bibliapresente.com\/postagens\/?page_id=326"},"modified":"2024-12-31T11:58:10","modified_gmt":"2024-12-31T14:58:10","slug":"genesis-19","status":"publish","type":"page","link":"https:\/\/bibliapresente.com\/postagens\/livros-da-biblia\/genesis\/genesis-19\/","title":{"rendered":"G\u00eanesis 19 &#8211; Sodoma e Gomorra"},"content":{"rendered":"\n<h3 class=\"wp-block-heading\">L\u00f3 recebe os dois anjos em sua casa<\/h3>\n\n\n\n<p class=\"has-medium-font-size\" style=\"letter-spacing:1px\"><span><span><sup><b>1<\/b><\/sup><\/span> Chegaram, pois, os dois anjos a Sodoma ao cair da tarde: e L\u00f3 estava sentado \u00e0 porta de Sodoma. E vendo-os L\u00f3, levantou-se a receb\u00ea-los, e inclinou-se at\u00e9 o ch\u00e3o; <br><span><sup><b>2<\/b><\/sup><\/span> E disse: Agora, pois, meus senhores, vos rogo que venhais \u00e0 casa de vosso servo e vos hospedeis, e lavareis vossos p\u00e9s: e pela manh\u00e3 vos levantareis, e seguireis vosso caminho. E eles responderam: N\u00e3o, que na pra\u00e7a nos ficaremos esta noite. <br><span><sup><b>3<\/b><\/sup><\/span> Mas ele insistiu com eles muito, e se vieram com ele, e entraram em sua casa; e fez-lhes banquete, e cozeu p\u00e3es sem levedura e comeram. <br><span><sup><b>4<\/b><\/sup><\/span> E antes que se deitassem, cercaram a casa os homens da cidade, os homens de Sodoma, todo o povo junto, desde o mais jovem at\u00e9 o mais velho; <br><span><sup><b>5<\/b><\/sup><\/span> E chamaram a L\u00f3, e lhe disseram: Onde est\u00e3o os homens que vieram a ti esta noite? tira-os a n\u00f3s, para que os conhe\u00e7amos. <br><span><sup><b>6<\/b><\/sup><\/span> Ent\u00e3o L\u00f3 saiu a eles \u00e0 porta, e fechou as portas atr\u00e1s de si, <br><span><sup><b>7<\/b><\/sup><\/span> E disse: Eu vos rogo, meus irm\u00e3os, que n\u00e3o fa\u00e7ais tal maldade. <br><span><sup><b>8<\/b><\/sup><\/span> Eis aqui agora eu tenho duas filhas que n\u00e3o conheceram homem; eu as tirarei fora para v\u00f3, e fazei delas como bem vos parecer: somente a estes homens n\u00e3o fa\u00e7ais nada, pois que vieram \u00e0 sombra de meu telhado. <br><span><sup><b>9<\/b><\/sup><\/span> E eles responderam: Sai da\u00ed: e acrescentaram: Veio este aqui para habitar como um estrangeiro, e haver\u00e1 de levantar-se como juiz? Agora te faremos mais mal que a eles. E faziam grande viol\u00eancia ao homem, a L\u00f3, e se aproximaram para romper as portas. <br><span><sup><b>10<\/b><\/sup><\/span> Ent\u00e3o os homens estenderam a m\u00e3o, e meteram a L\u00f3 em casa com eles, e fecharam as portas. <br><span><sup><b>11<\/b><\/sup><\/span> E aos homens que estavam \u00e0 porta da casa desde o menor at\u00e9 o maior, feriram com cegueira; mas eles se cansavam tentando achar a porta. <\/span><br><span><span><sup><b>12<\/b><\/sup><\/span> E disseram os homens a L\u00f3: Tens aqui algu\u00e9m mais? Genros, e teus filhos e tuas filhas, e tudo o que tens na cidade, tira-o deste lugar: <\/span><br><span><span><sup><b>13<\/b><\/sup><\/span> Porque vamos destruir este lugar, porquanto o clamor deles subiu demais diante do SENHOR; portanto o SENHOR nos enviou para destru\u00ed-lo. <\/span><br><span><span><sup><b>14<\/b><\/sup><\/span> Ent\u00e3o saiu L\u00f3, e falou a seus genros, os que haviam de tomar suas filhas, e lhes disse: Levantai-vos, sa\u00ed deste lugar; porque o SENHOR vai destruir esta cidade. Mas pareceu a seus genros como que se ridicularizava. <\/span><br><span><span><sup><b>15<\/b><\/sup><\/span> E ao raiar a alva, os anjos davam pressa a L\u00f3, dizendo: Levanta-te, toma tua mulher, e teus dois filhas que se acham aqui, para que n\u00e3o pere\u00e7as no castigo da cidade. <\/span><br><span><span><sup><b>16<\/b><\/sup><\/span> E demorando-se ele, os homens pegaram por sua m\u00e3o, e pela m\u00e3o de sua mulher, e pelas m\u00e3os de suas duas filhas segundo a miseric\u00f3rdia do SENHOR para com ele; e o tiraram, e o puseram fora da cidade. <\/span><br><span><span><sup><b>17<\/b><\/sup><\/span> E foi que quando os tirou fora, disse: Escapa por tua vida; n\u00e3o olhes atr\u00e1s de ti, nem pares toda esta plan\u00edcie; escapa ao monte, n\u00e3o seja que pere\u00e7as. <\/span><br><span><span><sup><b>18<\/b><\/sup><\/span> E L\u00f3 lhes disse: N\u00e3o, eu vos rogo, senhores meus; <\/span><br><span><span><sup><b>19<\/b><\/sup><\/span> Eis que agora achou teu servo favor em teus olhos, e engrandeceste tua miseric\u00f3rdia que fizeste comigo dando-me a vida; mas eu n\u00e3o poderei escapar ao monte, n\u00e3o seja caso que me alcance o mal e morra. <\/span><br><span><span><sup><b>20<\/b><\/sup><\/span> Eis que agora esta cidade est\u00e1 pr\u00f3xima para fugir ali, a qual \u00e9 pequena; escaparei agora ali, (n\u00e3o \u00e9 ela pequena?) e viver\u00e1 minha alma. <\/span><br><span><span><sup><b>21<\/b><\/sup><\/span> E lhe respondeu: Eis que recebi tamb\u00e9m tua s\u00faplica sobre isto, e n\u00e3o destruirei a cidade de que falaste. <\/span><br><span><span><sup><b>22<\/b><\/sup><\/span> Apressa-te, escapa-te ali; porque nada poderei fazer at\u00e9 que ali tenhas chegado. Por isto foi chamado o nome da cidade, Zoar. <\/span><br><span><span><sup><b>23<\/b><\/sup><\/span> O sol sa\u00eda sobre a terra, quando L\u00f3 chegou a Zoar. <\/span><\/p>\n\n\n\n<h3 class=\"wp-block-heading\">A destrui\u00e7\u00e3o de Sodoma e Gomorra<\/h3>\n\n\n\n<p class=\"has-medium-font-size\" style=\"letter-spacing:1px\"><span><span><sup><b>24<\/b><\/sup><\/span> Ent\u00e3o choveu o SENHOR sobre Sodoma e sobre Gomorra enxofre e fogo da parte do SENHOR desde os c\u00e9us; <\/span><br><span><span><sup><b>25<\/b><\/sup><\/span> E destruiu as cidades, e toda aquela plan\u00edcie, com todos os moradores daquelas cidades, e o fruto da terra. <\/span><br><span><span><sup><b>26<\/b><\/sup><\/span> Ent\u00e3o a mulher de L\u00f3 olhou atr\u00e1s, \u00e0s costas dele, e se tornou est\u00e1tua de sai. <\/span><br><span><span><sup><b>27<\/b><\/sup><\/span> E subiu Abra\u00e3o pela manh\u00e3 ao lugar onde havia estado diante do SENHOR: <\/span><br><span><span><sup><b>28<\/b><\/sup><\/span> E olhou at\u00e9 Sodoma e Gomorra, e at\u00e9 toda a terra daquela plan\u00edcie olhou; e eis que a fuma\u00e7a subia da terra como a fuma\u00e7a de um forno. <\/span><br><span><span><sup><b>29<\/b><\/sup><\/span> Assim foi que, quando destruiu Deus as cidades da plan\u00edcie, lembrou-se Deus de Abra\u00e3o, e enviou fora a L\u00f3 do meio da destrui\u00e7\u00e3o, ao assolar as cidades onde L\u00f3 estava. <\/span><br><span><span><sup><b>30<\/b><\/sup><\/span> Por\u00e9m L\u00f3 subiu de Zoar, e assentou no monte, e suas duas filhas com ele; porque teve medo de ficar em Zoar, e se abrigou em uma caverna ele e suas duas filhas. <\/span><br><span><span><sup><b>31<\/b><\/sup><\/span> Ent\u00e3o a maior disse \u00e0 menor: Nosso pai \u00e9 velho, e n\u00e3o resta homem na terra que entre a n\u00f3s conforme o costume de toda a terra: <\/span><br><span><span><sup><b>32<\/b><\/sup><\/span> Vem, demos a beber vinho a nosso pai, e durmamos com ele, e conservaremos de nosso pai gera\u00e7\u00e3o. <\/span><br><span><span><sup><b>33<\/b><\/sup><\/span> E deram a beber vinho a seu pai aquela noite: e entrou a maior, e dormiu com seu pai; mas ele n\u00e3o sentiu quando se deitou com ela nem quando se levantou. <\/span><br><span><span><sup><b>34<\/b><\/sup><\/span> O dia seguinte disse a maior \u00e0 menor: Eis que eu dormi a noite passada com meu pai; demos a ele de beber vinho tamb\u00e9m esta noite, e entra e dorme com ele, para que conservemos de nosso pai gera\u00e7\u00e3o. <\/span><br><span><span><sup><b>35<\/b><\/sup><\/span> E deram a beber vinho a seu pai tamb\u00e9m aquela noite: e levantou-se a menor, e dormiu com ele; mas n\u00e3o conseguiu perceber quando se deitou com ela, nem quando se levantou. <\/span><br><span><span><sup><b>36<\/b><\/sup><\/span> E conceberam as duas filhas de L\u00f3, de seu pai. <\/span><br><span><span><sup><b>37<\/b><\/sup><\/span> E deu \u00e0 luz a maior um filho, e chamou seu nome Moabe, o qual \u00e9 pai dos moabitas at\u00e9 hoje. <\/span><br><span><span><sup><b>38<\/b><\/sup><\/span> A menor tamb\u00e9m deu \u00e0 luz um filho, e chamou seu nome Ben-Ami, o qual \u00e9 pai dos amonitas at\u00e9 hoje.<\/span><\/p>\n\n\n\n<div class=\"wp-block-columns is-layout-flex wp-container-core-columns-is-layout-9d6595d7 wp-block-columns-is-layout-flex\">\n<div class=\"wp-block-column is-layout-flow wp-block-column-is-layout-flow\">\n<p><a href=\"\/genesis\/genesis-18\">G\u00eanesis 18<\/a><\/p>\n<\/div>\n\n\n\n<div class=\"wp-block-column is-layout-flow wp-block-column-is-layout-flow\">\n<p class=\"has-text-align-right\"><a href=\"\/genesis-20\">G\u00eanesis 20<\/a><\/p>\n<\/div>\n<\/div>\n\n\n\n<h2 class=\"wp-block-heading\">Descri\u00e7\u00e3o &#8211; G\u00eanesis 19<\/h2>\n\n\n\n<p class=\"has-medium-font-size\">Em G\u00eanesis 19, Deus manifesta Sua justi\u00e7a ao destruir Sodoma e Gomorra devido \u00e0 corrup\u00e7\u00e3o e ao pecado de seus habitantes. Os anjos resgatam L\u00f3 e sua fam\u00edlia, ordenando que fujam sem olhar para tr\u00e1s. Mas a esposa de L\u00f3 se transforma em uma est\u00e1tua de sal por desobedecer. Este cap\u00edtulo refor\u00e7a a santidade de Deus, Sua intoler\u00e2ncia ao pecado e Sua miseric\u00f3rdia em salvar os justos. Parte central do livro de G\u00eanesis, este relato ressalta o contraste entre a justi\u00e7a divina e as escolhas humanas, ecoando os temas de ju\u00edzo e reden\u00e7\u00e3o presentes em toda a Escritura.<\/p>\n\n\n\n<h3 class=\"wp-block-heading\">Livro do G\u00eanesis:<\/h3>\n\n\n<ul class=\"wp-block-page-list\"><li class=\"wp-block-pages-list__item\"><a class=\"wp-block-pages-list__item__link\" href=\"https:\/\/bibliapresente.com\/postagens\/livros-da-biblia\/genesis\/genesis-1\/\">G\u00eanesis 1 &#8211; A Cria\u00e7\u00e3o do Universo<\/a><\/li><li class=\"wp-block-pages-list__item\"><a class=\"wp-block-pages-list__item__link\" href=\"https:\/\/bibliapresente.com\/postagens\/livros-da-biblia\/genesis\/genesis-2\/\">G\u00eanesis 2 &#8211; O Jardim do \u00c9den<\/a><\/li><li class=\"wp-block-pages-list__item\"><a class=\"wp-block-pages-list__item__link\" href=\"https:\/\/bibliapresente.com\/postagens\/livros-da-biblia\/genesis\/genesis-3\/\">G\u00eanesis 3 &#8211; O Pecado Original<\/a><\/li><li class=\"wp-block-pages-list__item\"><a class=\"wp-block-pages-list__item__link\" href=\"https:\/\/bibliapresente.com\/postagens\/livros-da-biblia\/genesis\/genesis-4\/\">G\u00eanesis 4 &#8211; Caim e Abel<\/a><\/li><li class=\"wp-block-pages-list__item\"><a class=\"wp-block-pages-list__item__link\" href=\"https:\/\/bibliapresente.com\/postagens\/livros-da-biblia\/genesis\/genesis-5\/\">G\u00eanesis 5 &#8211; Genealogia de Ad\u00e3o a No\u00e9<\/a><\/li><li class=\"wp-block-pages-list__item\"><a class=\"wp-block-pages-list__item__link\" href=\"https:\/\/bibliapresente.com\/postagens\/livros-da-biblia\/genesis\/genesis-6-a-corrupcao-e-o-chamado-de-noe\/\">G\u00eanesis 6 &#8211; A Corrup\u00e7\u00e3o e o Chamado de No\u00e9<\/a><\/li><li class=\"wp-block-pages-list__item\"><a class=\"wp-block-pages-list__item__link\" href=\"https:\/\/bibliapresente.com\/postagens\/livros-da-biblia\/genesis\/genesis-7\/\">G\u00eanesis 7 &#8211; O Grande Dil\u00favio<\/a><\/li><li class=\"wp-block-pages-list__item\"><a class=\"wp-block-pages-list__item__link\" href=\"https:\/\/bibliapresente.com\/postagens\/livros-da-biblia\/genesis\/genesis-8\/\">G\u00eanesis 8 &#8211; As \u00c1guas do Dil\u00favio Recuam<\/a><\/li><li class=\"wp-block-pages-list__item\"><a class=\"wp-block-pages-list__item__link\" href=\"https:\/\/bibliapresente.com\/postagens\/livros-da-biblia\/genesis\/genesis-9\/\">G\u00eanesis 9 &#8211; A Grande Alian\u00e7a do Arco-\u00cdris<\/a><\/li><li class=\"wp-block-pages-list__item\"><a class=\"wp-block-pages-list__item__link\" href=\"https:\/\/bibliapresente.com\/postagens\/livros-da-biblia\/genesis\/genesis-10-as-nacoes-descendentes-de-noe\/\">G\u00eanesis 10 &#8211; As Na\u00e7\u00f5es Descendentes de No\u00e9<\/a><\/li><li class=\"wp-block-pages-list__item\"><a class=\"wp-block-pages-list__item__link\" href=\"https:\/\/bibliapresente.com\/postagens\/livros-da-biblia\/genesis\/genesis-11-a-torre-de-babel\/\">G\u00eanesis 11 &#8211; A Torre de Babel<\/a><\/li><li class=\"wp-block-pages-list__item\"><a class=\"wp-block-pages-list__item__link\" href=\"https:\/\/bibliapresente.com\/postagens\/livros-da-biblia\/genesis\/genesis-12-o-chamado-de-abraao\/\">G\u00eanesis 12 &#8211; O Chamado de Abra\u00e3o<\/a><\/li><li class=\"wp-block-pages-list__item\"><a class=\"wp-block-pages-list__item__link\" href=\"https:\/\/bibliapresente.com\/postagens\/livros-da-biblia\/genesis\/genesis-13-a-separacao-de-abrao-e-lo\/\">G\u00eanesis 13 &#8211; A Separa\u00e7\u00e3o de Abr\u00e3o e L\u00f3<\/a><\/li><li class=\"wp-block-pages-list__item\"><a class=\"wp-block-pages-list__item__link\" href=\"https:\/\/bibliapresente.com\/postagens\/livros-da-biblia\/genesis\/genesis-14\/\">G\u00eanesis 14 &#8211; A B\u00ean\u00e7\u00e3o de Melquisedeque<\/a><\/li><li class=\"wp-block-pages-list__item\"><a class=\"wp-block-pages-list__item__link\" href=\"https:\/\/bibliapresente.com\/postagens\/livros-da-biblia\/genesis\/genesis-15\/\">G\u00eanesis 15 &#8211; A Alian\u00e7a de Deus com Abr\u00e3o<\/a><\/li><li class=\"wp-block-pages-list__item\"><a class=\"wp-block-pages-list__item__link\" href=\"https:\/\/bibliapresente.com\/postagens\/livros-da-biblia\/genesis\/genesis-16\/\">G\u00eanesis 16 &#8211; O Nascimento de Ismael<\/a><\/li><li class=\"wp-block-pages-list__item\"><a class=\"wp-block-pages-list__item__link\" href=\"https:\/\/bibliapresente.com\/postagens\/livros-da-biblia\/genesis\/genesis-17\/\">G\u00eanesis 17 &#8211; A Institui\u00e7\u00e3o da Circuncis\u00e3o<\/a><\/li><li class=\"wp-block-pages-list__item\"><a class=\"wp-block-pages-list__item__link\" href=\"https:\/\/bibliapresente.com\/postagens\/livros-da-biblia\/genesis\/genesis-18\/\">G\u00eanesis 18 &#8211; A Visita dos Tr\u00eas Anjos<\/a><\/li><li class=\"wp-block-pages-list__item\"><a class=\"wp-block-pages-list__item__link\" href=\"https:\/\/bibliapresente.com\/postagens\/livros-da-biblia\/genesis\/genesis-19\/\">G\u00eanesis 19 &#8211; Sodoma e Gomorra<\/a><\/li><li class=\"wp-block-pages-list__item\"><a class=\"wp-block-pages-list__item__link\" href=\"https:\/\/bibliapresente.com\/postagens\/livros-da-biblia\/genesis\/genesis-20\/\">G\u00eanesis 20 &#8211; Abra\u00e3o e Abimeleque<\/a><\/li><li class=\"wp-block-pages-list__item\"><a class=\"wp-block-pages-list__item__link\" href=\"https:\/\/bibliapresente.com\/postagens\/livros-da-biblia\/genesis\/genesis-21\/\">G\u00eanesis 21 &#8211; O Nascimento de Isaque<\/a><\/li><li class=\"wp-block-pages-list__item\"><a class=\"wp-block-pages-list__item__link\" href=\"https:\/\/bibliapresente.com\/postagens\/livros-da-biblia\/genesis\/genesis-22\/\">G\u00eanesis 22 &#8211; O Sacrif\u00edcio de Isaque<\/a><\/li><li class=\"wp-block-pages-list__item\"><a class=\"wp-block-pages-list__item__link\" href=\"https:\/\/bibliapresente.com\/postagens\/livros-da-biblia\/genesis\/genesis-23\/\">G\u00eanesis 23 &#8211; A Morte de Sara<\/a><\/li><li class=\"wp-block-pages-list__item\"><a class=\"wp-block-pages-list__item__link\" href=\"https:\/\/bibliapresente.com\/postagens\/livros-da-biblia\/genesis\/genesis-24\/\">G\u00eanesis 24 &#8211; O Casamento de Isaque<\/a><\/li><li class=\"wp-block-pages-list__item\"><a class=\"wp-block-pages-list__item__link\" href=\"https:\/\/bibliapresente.com\/postagens\/livros-da-biblia\/genesis\/genesis-25\/\">G\u00eanesis 25 &#8211; O Nascimento de Esa\u00fa e Jac\u00f3<\/a><\/li><li class=\"wp-block-pages-list__item\"><a class=\"wp-block-pages-list__item__link\" href=\"https:\/\/bibliapresente.com\/postagens\/livros-da-biblia\/genesis\/genesis-26\/\">G\u00eanesis 26 &#8211; As Promessas de Deus a Isaque<\/a><\/li><li class=\"wp-block-pages-list__item\"><a class=\"wp-block-pages-list__item__link\" href=\"https:\/\/bibliapresente.com\/postagens\/livros-da-biblia\/genesis\/genesis-27\/\">G\u00eanesis 27 &#8211; Jac\u00f3 Engana Isaque<\/a><\/li><li class=\"wp-block-pages-list__item\"><a class=\"wp-block-pages-list__item__link\" href=\"https:\/\/bibliapresente.com\/postagens\/livros-da-biblia\/genesis\/genesis-28\/\">G\u00eanesis 28 &#8211; O Sonho de Jac\u00f3 em Betel<\/a><\/li><li class=\"wp-block-pages-list__item\"><a class=\"wp-block-pages-list__item__link\" href=\"https:\/\/bibliapresente.com\/postagens\/livros-da-biblia\/genesis\/genesis-29\/\">G\u00eanesis 29 &#8211; Jac\u00f3 e as Filhas de Lab\u00e3o<\/a><\/li><li class=\"wp-block-pages-list__item\"><a class=\"wp-block-pages-list__item__link\" href=\"https:\/\/bibliapresente.com\/postagens\/livros-da-biblia\/genesis\/genesis-30\/\">G\u00eanesis 30 &#8211; O Acordo de Jac\u00f3 com Lab\u00e3o<\/a><\/li><li class=\"wp-block-pages-list__item\"><a class=\"wp-block-pages-list__item__link\" href=\"https:\/\/bibliapresente.com\/postagens\/livros-da-biblia\/genesis\/genesis-31\/\">G\u00eanesis 31 &#8211; A Fuga de Jac\u00f3<\/a><\/li><li class=\"wp-block-pages-list__item\"><a class=\"wp-block-pages-list__item__link\" href=\"https:\/\/bibliapresente.com\/postagens\/livros-da-biblia\/genesis\/genesis-32\/\">G\u00eanesis 32 &#8211; A Luta de Jac\u00f3 com O Anjo<\/a><\/li><li class=\"wp-block-pages-list__item\"><a class=\"wp-block-pages-list__item__link\" href=\"https:\/\/bibliapresente.com\/postagens\/livros-da-biblia\/genesis\/genesis-33\/\">G\u00eanesis 33 &#8211; A Reconcilia\u00e7\u00e3o de Jac\u00f3 e Esa\u00fa<\/a><\/li><li class=\"wp-block-pages-list__item\"><a class=\"wp-block-pages-list__item__link\" href=\"https:\/\/bibliapresente.com\/postagens\/livros-da-biblia\/genesis\/genesis-34\/\">G\u00eanesis 34 &#8211; O Caso de Din\u00e1<\/a><\/li><li class=\"wp-block-pages-list__item\"><a class=\"wp-block-pages-list__item__link\" href=\"https:\/\/bibliapresente.com\/postagens\/livros-da-biblia\/genesis\/genesis-35\/\">G\u00eanesis 35 &#8211; A Consagra\u00e7\u00e3o de Jac\u00f3 em Betel<\/a><\/li><li class=\"wp-block-pages-list__item\"><a class=\"wp-block-pages-list__item__link\" href=\"https:\/\/bibliapresente.com\/postagens\/livros-da-biblia\/genesis\/genesis-36\/\">G\u00eanesis 36 &#8211; Os Descendentes de Esa\u00fa<\/a><\/li><li class=\"wp-block-pages-list__item\"><a class=\"wp-block-pages-list__item__link\" href=\"https:\/\/bibliapresente.com\/postagens\/livros-da-biblia\/genesis\/genesis-37\/\">G\u00eanesis 37 &#8211; Jos\u00e9 Vendido como Escravo<\/a><\/li><li class=\"wp-block-pages-list__item\"><a class=\"wp-block-pages-list__item__link\" href=\"https:\/\/bibliapresente.com\/postagens\/livros-da-biblia\/genesis\/genesis-38\/\">G\u00eanesis 38 &#8211; Jud\u00e1 e Tamar<\/a><\/li><li class=\"wp-block-pages-list__item\"><a class=\"wp-block-pages-list__item__link\" href=\"https:\/\/bibliapresente.com\/postagens\/livros-da-biblia\/genesis\/genesis-39\/\">G\u00eanesis 39 &#8211; Jos\u00e9 na Casa de Potifar<\/a><\/li><li class=\"wp-block-pages-list__item\"><a class=\"wp-block-pages-list__item__link\" href=\"https:\/\/bibliapresente.com\/postagens\/livros-da-biblia\/genesis\/genesis-40\/\">G\u00eanesis 40 &#8211; Jos\u00e9 Interpreta Sonhos<\/a><\/li><li class=\"wp-block-pages-list__item\"><a class=\"wp-block-pages-list__item__link\" href=\"https:\/\/bibliapresente.com\/postagens\/livros-da-biblia\/genesis\/genesis-41\/\">G\u00eanesis 41 &#8211; O Sonho do Fara\u00f3<\/a><\/li><li class=\"wp-block-pages-list__item\"><a class=\"wp-block-pages-list__item__link\" href=\"https:\/\/bibliapresente.com\/postagens\/livros-da-biblia\/genesis\/genesis-42\/\">G\u00eanesis 42 &#8211; Os Irm\u00e3os de Jos\u00e9 no Egito<\/a><\/li><li class=\"wp-block-pages-list__item\"><a class=\"wp-block-pages-list__item__link\" href=\"https:\/\/bibliapresente.com\/postagens\/livros-da-biblia\/genesis\/genesis-43\/\">G\u00eanesis 43 &#8211; Benjamim Vai ao Egito<\/a><\/li><li class=\"wp-block-pages-list__item\"><a class=\"wp-block-pages-list__item__link\" href=\"https:\/\/bibliapresente.com\/postagens\/livros-da-biblia\/genesis\/genesis-44\/\">G\u00eanesis 44 &#8211; O Sacrif\u00edcio de Jud\u00e1<\/a><\/li><li class=\"wp-block-pages-list__item\"><a class=\"wp-block-pages-list__item__link\" href=\"https:\/\/bibliapresente.com\/postagens\/livros-da-biblia\/genesis\/genesis-45\/\">G\u00eanesis 45 &#8211; Jos\u00e9 se Revela a seus Irm\u00e3os<\/a><\/li><li class=\"wp-block-pages-list__item\"><a class=\"wp-block-pages-list__item__link\" href=\"https:\/\/bibliapresente.com\/postagens\/livros-da-biblia\/genesis\/genesis-46\/\">G\u00eanesis 46 &#8211; A Viagem de Jac\u00f3 ao Egito<\/a><\/li><li class=\"wp-block-pages-list__item\"><a class=\"wp-block-pages-list__item__link\" href=\"https:\/\/bibliapresente.com\/postagens\/livros-da-biblia\/genesis\/genesis-47\/\">G\u00eanesis 47 &#8211; Jac\u00f3 Aben\u00e7oa o Fara\u00f3<\/a><\/li><li class=\"wp-block-pages-list__item\"><a class=\"wp-block-pages-list__item__link\" href=\"https:\/\/bibliapresente.com\/postagens\/livros-da-biblia\/genesis\/genesis-48\/\">G\u00eanesis 48 &#8211; Jac\u00f3 Aben\u00e7oa os Filhos de Jos\u00e9<\/a><\/li><li class=\"wp-block-pages-list__item\"><a class=\"wp-block-pages-list__item__link\" href=\"https:\/\/bibliapresente.com\/postagens\/livros-da-biblia\/genesis\/genesis-49\/\">G\u00eanesis 49 &#8211; B\u00ean\u00e7\u00e3os de Jac\u00f3 a Seus Filhos<\/a><\/li><li class=\"wp-block-pages-list__item\"><a class=\"wp-block-pages-list__item__link\" href=\"https:\/\/bibliapresente.com\/postagens\/livros-da-biblia\/genesis\/genesis-50\/\">G\u00eanesis 50 &#8211; A Morte de Jac\u00f3<\/a><\/li><\/ul>\n\n\n<p><\/p>\n","protected":false},"excerpt":{"rendered":"<p>L\u00f3 recebe os dois anjos em sua casa 1 Chegaram, pois, os dois anjos a Sodoma ao cair da tarde: e L\u00f3 estava sentado \u00e0 porta de Sodoma. E vendo-os L\u00f3, levantou-se a receb\u00ea-los, e inclinou-se at\u00e9 o ch\u00e3o; 2 E disse: Agora, pois, meus senhores, vos rogo que venhais \u00e0 casa de vosso servo &hellip; <\/p>\n","protected":false},"author":2,"featured_media":263,"parent":233,"menu_order":19,"comment_status":"closed","ping_status":"closed","template":"","meta":{"om_disable_all_campaigns":false,"_monsterinsights_skip_tracking":false,"_monsterinsights_sitenote_active":false,"_monsterinsights_sitenote_note":"","_monsterinsights_sitenote_category":0,"footnotes":""},"class_list":["post-326","page","type-page","status-publish","has-post-thumbnail","hentry"],"aioseo_notices":[],"_links":{"self":[{"href":"https:\/\/bibliapresente.com\/postagens\/wp-json\/wp\/v2\/pages\/326","targetHints":{"allow":["GET"]}}],"collection":[{"href":"https:\/\/bibliapresente.com\/postagens\/wp-json\/wp\/v2\/pages"}],"about":[{"href":"https:\/\/bibliapresente.com\/postagens\/wp-json\/wp\/v2\/types\/page"}],"author":[{"embeddable":true,"href":"https:\/\/bibliapresente.com\/postagens\/wp-json\/wp\/v2\/users\/2"}],"replies":[{"embeddable":true,"href":"https:\/\/bibliapresente.com\/postagens\/wp-json\/wp\/v2\/comments?post=326"}],"version-history":[{"count":4,"href":"https:\/\/bibliapresente.com\/postagens\/wp-json\/wp\/v2\/pages\/326\/revisions"}],"predecessor-version":[{"id":486,"href":"https:\/\/bibliapresente.com\/postagens\/wp-json\/wp\/v2\/pages\/326\/revisions\/486"}],"up":[{"embeddable":true,"href":"https:\/\/bibliapresente.com\/postagens\/wp-json\/wp\/v2\/pages\/233"}],"wp:featuredmedia":[{"embeddable":true,"href":"https:\/\/bibliapresente.com\/postagens\/wp-json\/wp\/v2\/media\/263"}],"wp:attachment":[{"href":"https:\/\/bibliapresente.com\/postagens\/wp-json\/wp\/v2\/media?parent=326"}],"curies":[{"name":"wp","href":"https:\/\/api.w.org\/{rel}","templated":true}]}}