{"id":322,"date":"2024-12-31T11:37:21","date_gmt":"2024-12-31T14:37:21","guid":{"rendered":"https:\/\/bibliapresente.com\/postagens\/?page_id=322"},"modified":"2024-12-31T11:37:22","modified_gmt":"2024-12-31T14:37:22","slug":"genesis-17","status":"publish","type":"page","link":"https:\/\/bibliapresente.com\/postagens\/livros-da-biblia\/genesis\/genesis-17\/","title":{"rendered":"G\u00eanesis 17 &#8211; A Institui\u00e7\u00e3o da Circuncis\u00e3o"},"content":{"rendered":"\n<h3 class=\"wp-block-heading\">Deus muda o nome de Abr\u00e3o<\/h3>\n\n\n\n<p class=\"has-medium-font-size\" style=\"letter-spacing:1px\"><span><span><sup><b>1<\/b><\/sup><\/span> E sendo Abr\u00e3o de idade de noventa e nove anos, apareceu-lhe o SENHOR, e lhe disse: Eu sou o Deus Todo-Poderoso; anda diante de mim, e s\u00ea perfeito. <br><span><sup><b>2<\/b><\/sup><\/span> E porei meu pacto entre mim e ti, e te multiplicarei muito em grande maneira. <br><span><sup><b>3<\/b><\/sup><\/span> Ent\u00e3o Abr\u00e3o caiu sobre seu rosto, e Deus falou com ele dizendo: <br><span><sup><b>4<\/b><\/sup><\/span> Eu, eis aqui meu pacto contigo: Ser\u00e1s pai de multid\u00e3o de na\u00e7\u00f5es: <br><span><sup><b>5<\/b><\/sup><\/span> E n\u00e3o se chamar\u00e1 mais teu nome Abr\u00e3o, mas sim que ser\u00e1 teu nome Abra\u00e3o, porque te pus por pai de multid\u00e3o de na\u00e7\u00f5es. <br><span><sup><b>6<\/b><\/sup><\/span> E te multiplicarei muito em grande maneira, e te porei em na\u00e7\u00f5es, e reis sair\u00e3o de ti. <br><span><sup><b>7<\/b><\/sup><\/span> E estabelecerei meu pacto entre mim e ti, e tua descend\u00eancia depois de ti em suas gera\u00e7\u00f5es, por alian\u00e7a perp\u00e9tua, para ser para ti por Deus, e \u00e0 tua descend\u00eancia depois de ti. <br><span><sup><b>8<\/b><\/sup><\/span> E darei a ti, e \u00e0 tua descend\u00eancia depois de ti, a terra de tuas peregrina\u00e7\u00f5es, toda a terra de Cana\u00e3 em heran\u00e7a perp\u00e9tua; e serei o Deus deles. <br><span><sup><b>9<\/b><\/sup><\/span> Disse de novo Deus a Abra\u00e3o: Tu, por\u00e9m, guardar\u00e1s meu pacto, tu e tua descend\u00eancia depois de ti por suas gera\u00e7\u00f5es. <br><span><sup><b>10<\/b><\/sup><\/span> Este ser\u00e1 meu pacto, que guardareis entre mim e v\u00f3s e tua descend\u00eancia depois de ti: Ser\u00e1 circuncidado todo macho dentre v\u00f3s. <br><span><sup><b>11<\/b><\/sup><\/span> Circuncidareis, pois, a carne de vosso prep\u00facio, e ser\u00e1 por sinal do pacto entre mim e v\u00f3s. <br><span><sup><b>12<\/b><\/sup><\/span> E de idade de oito dias ser\u00e1 circuncidado todo macho entre v\u00f3s por vossas gera\u00e7\u00f5es: o nascido em casa, e o comprado a dinheiro de qualquer estrangeiro, que n\u00e3o for de tua descend\u00eancia. <br><span><sup><b>13<\/b><\/sup><\/span> Deve ser circuncidado o nascido em tua casa, e o comprado por teu dinheiro: e estar\u00e1 meu pacto em vossa carne para alian\u00e7a perp\u00e9tua. <br><span><sup><b>14<\/b><\/sup><\/span> E o macho incircunciso que n\u00e3o houver circuncidado a carne de seu prep\u00facio, aquela pessoa ser\u00e1 exterminada de seu povo; violou meu pacto. <\/span><\/p>\n\n\n\n<h3 class=\"wp-block-heading\">Deus muda o nome de Sarai<\/h3>\n\n\n\n<p class=\"has-medium-font-size\" style=\"letter-spacing:1px\"><span><span><sup><b>15<\/b><\/sup><\/span> Disse tamb\u00e9m Deus a Abra\u00e3o: A Sarai tua mulher n\u00e3o a chamar\u00e1s Sarai, mas Sara ser\u00e1 seu nome. <br><span><sup><b>16<\/b><\/sup><\/span> E a aben\u00e7oarei, e tamb\u00e9m te darei dela filho; si, a aben\u00e7oarei, e vir\u00e1 a ser m\u00e3e de na\u00e7\u00f5es; reis de povos ser\u00e3o dela. <br><span><sup><b>17<\/b><\/sup><\/span> Ent\u00e3o Abra\u00e3o caiu sobre seu rosto, e riu-se, e disse em seu cora\u00e7\u00e3o: A homem de cem anos h\u00e1 de nascer filho? e Sara, j\u00e1 de noventa anos, h\u00e1 de dar \u00e0 luz? <br><span><sup><b>18<\/b><\/sup><\/span> E disse Abra\u00e3o a Deus: Bom seria se Ismael viva diante de ti. <br><span><sup><b>19<\/b><\/sup><\/span> E respondeu Deus: Certamente Sara tua mulher te dar\u00e1 \u00e0 luz um filho, e chamar\u00e1s seu nome Isaque; e confirmarei meu pacto com ele por alian\u00e7a perp\u00e9tua para sua descend\u00eancia depois dele. <br><span><sup><b>20<\/b><\/sup><\/span> E quanto a Ismael, tamb\u00e9m te ouvi: eis que o aben\u00e7oarei, e lhe farei frutificar e multiplicar muito em grande maneira: doze pr\u00edncipes gerar\u00e1, e o porei por grande na\u00e7\u00e3o. <br><span><sup><b>21<\/b><\/sup><\/span> Mas eu estabelecerei meu pacto com Isaque, ao qual te dar\u00e1 \u00e0 luz Sara por este tempo o ano seguinte. <br><span><sup><b>22<\/b><\/sup><\/span> E acabou de falar com ele, e subiu Deus de com Abra\u00e3o. <\/span><\/p>\n\n\n\n<h3 class=\"wp-block-heading\">A institui\u00e7\u00e3o da circuncis\u00e3o<\/h3>\n\n\n\n<p class=\"has-medium-font-size\" style=\"letter-spacing:1px\"><span><span><sup><b>23<\/b><\/sup><\/span> Ent\u00e3o tomou Abra\u00e3o a Ismael seu filho, e a todos os servos nascidos em sua casa, e a todos os comprados por seu dinheiro, a todo homem entre os dom\u00e9sticos da casa de Abra\u00e3o, e circuncidou a carne do prep\u00facio deles naquele mesmo dia, como Deus lhe havia dito. <br><span><sup><b>24<\/b><\/sup><\/span> Era Abra\u00e3o de idade de noventa e nove anos quando circuncidou a carne de seu prep\u00facio. <br><span><sup><b>25<\/b><\/sup><\/span> E Ismael seu filho era de treze anos quando foi circuncidada a carne de seu prep\u00facio. <br><span><sup><b>26<\/b><\/sup><\/span> No mesmo dia foi circuncidado Abra\u00e3o e Ismael seu filho. <br><span><sup><b>27<\/b><\/sup><\/span> E todos os homens de sua casa, o servo nascido em casa, e o comprado por dinheiro do estrangeiro, foram circuncidados com ele.<\/span><\/p>\n\n\n\n<div class=\"wp-block-columns is-layout-flex wp-container-core-columns-is-layout-9d6595d7 wp-block-columns-is-layout-flex\">\n<div class=\"wp-block-column is-layout-flow wp-block-column-is-layout-flow\">\n<p><a href=\"\/genesis\/genesis-16\">G\u00eanesis 16<\/a><\/p>\n<\/div>\n\n\n\n<div class=\"wp-block-column is-layout-flow wp-block-column-is-layout-flow\">\n<p class=\"has-text-align-right\"><a href=\"\/genesis-18\">G\u00eanesis 18<\/a><\/p>\n<\/div>\n<\/div>\n\n\n\n<h2 class=\"wp-block-heading\">Descri\u00e7\u00e3o &#8211; G\u00eanesis 17<\/h2>\n\n\n\n<p class=\"has-medium-font-size\">G\u00eanesis 17 destaca a renova\u00e7\u00e3o da alian\u00e7a de Deus com Abr\u00e3o. Chamando-lhe agora de Abra\u00e3o, simboliza assim sua promessa de torn\u00e1-lo pai de muitas na\u00e7\u00f5es. Al\u00e9m disso, estabelece a circuncis\u00e3o como sinal dessa alian\u00e7a eterna, prometendo a Abra\u00e3o e Sara um filho, Isaque, mesmo em sua velhice. Este cap\u00edtulo enfatiza a fidelidade de Deus e Sua soberania em cumprir Suas promessas. Parte central do livro de G\u00eanesis, ele reafirma o plano divino de formar um povo escolhido, que aben\u00e7oar\u00e1 todas as na\u00e7\u00f5es, conectando-se \u00e0 hist\u00f3ria da reden\u00e7\u00e3o revelada ao longo das Escrituras.<\/p>\n\n\n\n<h3 class=\"wp-block-heading\">Livro do G\u00eanesis:<\/h3>\n\n\n<ul class=\"wp-block-page-list\"><li class=\"wp-block-pages-list__item\"><a class=\"wp-block-pages-list__item__link\" href=\"https:\/\/bibliapresente.com\/postagens\/livros-da-biblia\/genesis\/genesis-1\/\">G\u00eanesis 1 &#8211; A Cria\u00e7\u00e3o do Universo<\/a><\/li><li class=\"wp-block-pages-list__item\"><a class=\"wp-block-pages-list__item__link\" href=\"https:\/\/bibliapresente.com\/postagens\/livros-da-biblia\/genesis\/genesis-2\/\">G\u00eanesis 2 &#8211; O Jardim do \u00c9den<\/a><\/li><li class=\"wp-block-pages-list__item\"><a class=\"wp-block-pages-list__item__link\" href=\"https:\/\/bibliapresente.com\/postagens\/livros-da-biblia\/genesis\/genesis-3\/\">G\u00eanesis 3 &#8211; O Pecado Original<\/a><\/li><li class=\"wp-block-pages-list__item\"><a class=\"wp-block-pages-list__item__link\" href=\"https:\/\/bibliapresente.com\/postagens\/livros-da-biblia\/genesis\/genesis-4\/\">G\u00eanesis 4 &#8211; Caim e Abel<\/a><\/li><li class=\"wp-block-pages-list__item\"><a class=\"wp-block-pages-list__item__link\" href=\"https:\/\/bibliapresente.com\/postagens\/livros-da-biblia\/genesis\/genesis-5\/\">G\u00eanesis 5 &#8211; Genealogia de Ad\u00e3o a No\u00e9<\/a><\/li><li class=\"wp-block-pages-list__item\"><a class=\"wp-block-pages-list__item__link\" href=\"https:\/\/bibliapresente.com\/postagens\/livros-da-biblia\/genesis\/genesis-6-a-corrupcao-e-o-chamado-de-noe\/\">G\u00eanesis 6 &#8211; A Corrup\u00e7\u00e3o e o Chamado de No\u00e9<\/a><\/li><li class=\"wp-block-pages-list__item\"><a class=\"wp-block-pages-list__item__link\" href=\"https:\/\/bibliapresente.com\/postagens\/livros-da-biblia\/genesis\/genesis-7\/\">G\u00eanesis 7 &#8211; O Grande Dil\u00favio<\/a><\/li><li class=\"wp-block-pages-list__item\"><a class=\"wp-block-pages-list__item__link\" href=\"https:\/\/bibliapresente.com\/postagens\/livros-da-biblia\/genesis\/genesis-8\/\">G\u00eanesis 8 &#8211; As \u00c1guas do Dil\u00favio Recuam<\/a><\/li><li class=\"wp-block-pages-list__item\"><a class=\"wp-block-pages-list__item__link\" href=\"https:\/\/bibliapresente.com\/postagens\/livros-da-biblia\/genesis\/genesis-9\/\">G\u00eanesis 9 &#8211; A Grande Alian\u00e7a do Arco-\u00cdris<\/a><\/li><li class=\"wp-block-pages-list__item\"><a class=\"wp-block-pages-list__item__link\" href=\"https:\/\/bibliapresente.com\/postagens\/livros-da-biblia\/genesis\/genesis-10-as-nacoes-descendentes-de-noe\/\">G\u00eanesis 10 &#8211; As Na\u00e7\u00f5es Descendentes de No\u00e9<\/a><\/li><li class=\"wp-block-pages-list__item\"><a class=\"wp-block-pages-list__item__link\" href=\"https:\/\/bibliapresente.com\/postagens\/livros-da-biblia\/genesis\/genesis-11-a-torre-de-babel\/\">G\u00eanesis 11 &#8211; A Torre de Babel<\/a><\/li><li class=\"wp-block-pages-list__item\"><a class=\"wp-block-pages-list__item__link\" href=\"https:\/\/bibliapresente.com\/postagens\/livros-da-biblia\/genesis\/genesis-12-o-chamado-de-abraao\/\">G\u00eanesis 12 &#8211; O Chamado de Abra\u00e3o<\/a><\/li><li class=\"wp-block-pages-list__item\"><a class=\"wp-block-pages-list__item__link\" href=\"https:\/\/bibliapresente.com\/postagens\/livros-da-biblia\/genesis\/genesis-13-a-separacao-de-abrao-e-lo\/\">G\u00eanesis 13 &#8211; A Separa\u00e7\u00e3o de Abr\u00e3o e L\u00f3<\/a><\/li><li class=\"wp-block-pages-list__item\"><a class=\"wp-block-pages-list__item__link\" href=\"https:\/\/bibliapresente.com\/postagens\/livros-da-biblia\/genesis\/genesis-14\/\">G\u00eanesis 14 &#8211; A B\u00ean\u00e7\u00e3o de Melquisedeque<\/a><\/li><li class=\"wp-block-pages-list__item\"><a class=\"wp-block-pages-list__item__link\" href=\"https:\/\/bibliapresente.com\/postagens\/livros-da-biblia\/genesis\/genesis-15\/\">G\u00eanesis 15 &#8211; A Alian\u00e7a de Deus com Abr\u00e3o<\/a><\/li><li class=\"wp-block-pages-list__item\"><a class=\"wp-block-pages-list__item__link\" href=\"https:\/\/bibliapresente.com\/postagens\/livros-da-biblia\/genesis\/genesis-16\/\">G\u00eanesis 16 &#8211; O Nascimento de Ismael<\/a><\/li><li class=\"wp-block-pages-list__item\"><a class=\"wp-block-pages-list__item__link\" href=\"https:\/\/bibliapresente.com\/postagens\/livros-da-biblia\/genesis\/genesis-17\/\">G\u00eanesis 17 &#8211; A Institui\u00e7\u00e3o da Circuncis\u00e3o<\/a><\/li><li class=\"wp-block-pages-list__item\"><a class=\"wp-block-pages-list__item__link\" href=\"https:\/\/bibliapresente.com\/postagens\/livros-da-biblia\/genesis\/genesis-18\/\">G\u00eanesis 18 &#8211; A Visita dos Tr\u00eas Anjos<\/a><\/li><li class=\"wp-block-pages-list__item\"><a class=\"wp-block-pages-list__item__link\" href=\"https:\/\/bibliapresente.com\/postagens\/livros-da-biblia\/genesis\/genesis-19\/\">G\u00eanesis 19 &#8211; Sodoma e Gomorra<\/a><\/li><li class=\"wp-block-pages-list__item\"><a class=\"wp-block-pages-list__item__link\" href=\"https:\/\/bibliapresente.com\/postagens\/livros-da-biblia\/genesis\/genesis-20\/\">G\u00eanesis 20 &#8211; Abra\u00e3o e Abimeleque<\/a><\/li><li class=\"wp-block-pages-list__item\"><a class=\"wp-block-pages-list__item__link\" href=\"https:\/\/bibliapresente.com\/postagens\/livros-da-biblia\/genesis\/genesis-21\/\">G\u00eanesis 21 &#8211; O Nascimento de Isaque<\/a><\/li><li class=\"wp-block-pages-list__item\"><a class=\"wp-block-pages-list__item__link\" href=\"https:\/\/bibliapresente.com\/postagens\/livros-da-biblia\/genesis\/genesis-22\/\">G\u00eanesis 22 &#8211; O Sacrif\u00edcio de Isaque<\/a><\/li><li class=\"wp-block-pages-list__item\"><a class=\"wp-block-pages-list__item__link\" href=\"https:\/\/bibliapresente.com\/postagens\/livros-da-biblia\/genesis\/genesis-23\/\">G\u00eanesis 23 &#8211; A Morte de Sara<\/a><\/li><li class=\"wp-block-pages-list__item\"><a class=\"wp-block-pages-list__item__link\" href=\"https:\/\/bibliapresente.com\/postagens\/livros-da-biblia\/genesis\/genesis-24\/\">G\u00eanesis 24 &#8211; O Casamento de Isaque<\/a><\/li><li class=\"wp-block-pages-list__item\"><a class=\"wp-block-pages-list__item__link\" href=\"https:\/\/bibliapresente.com\/postagens\/livros-da-biblia\/genesis\/genesis-25\/\">G\u00eanesis 25 &#8211; O Nascimento de Esa\u00fa e Jac\u00f3<\/a><\/li><li class=\"wp-block-pages-list__item\"><a class=\"wp-block-pages-list__item__link\" href=\"https:\/\/bibliapresente.com\/postagens\/livros-da-biblia\/genesis\/genesis-26\/\">G\u00eanesis 26 &#8211; As Promessas de Deus a Isaque<\/a><\/li><li class=\"wp-block-pages-list__item\"><a class=\"wp-block-pages-list__item__link\" href=\"https:\/\/bibliapresente.com\/postagens\/livros-da-biblia\/genesis\/genesis-27\/\">G\u00eanesis 27 &#8211; Jac\u00f3 Engana Isaque<\/a><\/li><li class=\"wp-block-pages-list__item\"><a class=\"wp-block-pages-list__item__link\" href=\"https:\/\/bibliapresente.com\/postagens\/livros-da-biblia\/genesis\/genesis-28\/\">G\u00eanesis 28 &#8211; O Sonho de Jac\u00f3 em Betel<\/a><\/li><li class=\"wp-block-pages-list__item\"><a class=\"wp-block-pages-list__item__link\" href=\"https:\/\/bibliapresente.com\/postagens\/livros-da-biblia\/genesis\/genesis-29\/\">G\u00eanesis 29 &#8211; Jac\u00f3 e as Filhas de Lab\u00e3o<\/a><\/li><li class=\"wp-block-pages-list__item\"><a class=\"wp-block-pages-list__item__link\" href=\"https:\/\/bibliapresente.com\/postagens\/livros-da-biblia\/genesis\/genesis-30\/\">G\u00eanesis 30 &#8211; O Acordo de Jac\u00f3 com Lab\u00e3o<\/a><\/li><li class=\"wp-block-pages-list__item\"><a class=\"wp-block-pages-list__item__link\" href=\"https:\/\/bibliapresente.com\/postagens\/livros-da-biblia\/genesis\/genesis-31\/\">G\u00eanesis 31 &#8211; A Fuga de Jac\u00f3<\/a><\/li><li class=\"wp-block-pages-list__item\"><a class=\"wp-block-pages-list__item__link\" href=\"https:\/\/bibliapresente.com\/postagens\/livros-da-biblia\/genesis\/genesis-32\/\">G\u00eanesis 32 &#8211; A Luta de Jac\u00f3 com O Anjo<\/a><\/li><li class=\"wp-block-pages-list__item\"><a class=\"wp-block-pages-list__item__link\" href=\"https:\/\/bibliapresente.com\/postagens\/livros-da-biblia\/genesis\/genesis-33\/\">G\u00eanesis 33 &#8211; A Reconcilia\u00e7\u00e3o de Jac\u00f3 e Esa\u00fa<\/a><\/li><li class=\"wp-block-pages-list__item\"><a class=\"wp-block-pages-list__item__link\" href=\"https:\/\/bibliapresente.com\/postagens\/livros-da-biblia\/genesis\/genesis-34\/\">G\u00eanesis 34 &#8211; O Caso de Din\u00e1<\/a><\/li><li class=\"wp-block-pages-list__item\"><a class=\"wp-block-pages-list__item__link\" href=\"https:\/\/bibliapresente.com\/postagens\/livros-da-biblia\/genesis\/genesis-35\/\">G\u00eanesis 35 &#8211; A Consagra\u00e7\u00e3o de Jac\u00f3 em Betel<\/a><\/li><li class=\"wp-block-pages-list__item\"><a class=\"wp-block-pages-list__item__link\" href=\"https:\/\/bibliapresente.com\/postagens\/livros-da-biblia\/genesis\/genesis-36\/\">G\u00eanesis 36 &#8211; Os Descendentes de Esa\u00fa<\/a><\/li><li class=\"wp-block-pages-list__item\"><a class=\"wp-block-pages-list__item__link\" href=\"https:\/\/bibliapresente.com\/postagens\/livros-da-biblia\/genesis\/genesis-37\/\">G\u00eanesis 37 &#8211; Jos\u00e9 Vendido como Escravo<\/a><\/li><li class=\"wp-block-pages-list__item\"><a class=\"wp-block-pages-list__item__link\" href=\"https:\/\/bibliapresente.com\/postagens\/livros-da-biblia\/genesis\/genesis-38\/\">G\u00eanesis 38 &#8211; Jud\u00e1 e Tamar<\/a><\/li><li class=\"wp-block-pages-list__item\"><a class=\"wp-block-pages-list__item__link\" href=\"https:\/\/bibliapresente.com\/postagens\/livros-da-biblia\/genesis\/genesis-39\/\">G\u00eanesis 39 &#8211; Jos\u00e9 na Casa de Potifar<\/a><\/li><li class=\"wp-block-pages-list__item\"><a class=\"wp-block-pages-list__item__link\" href=\"https:\/\/bibliapresente.com\/postagens\/livros-da-biblia\/genesis\/genesis-40\/\">G\u00eanesis 40 &#8211; Jos\u00e9 Interpreta Sonhos<\/a><\/li><li class=\"wp-block-pages-list__item\"><a class=\"wp-block-pages-list__item__link\" href=\"https:\/\/bibliapresente.com\/postagens\/livros-da-biblia\/genesis\/genesis-41\/\">G\u00eanesis 41 &#8211; O Sonho do Fara\u00f3<\/a><\/li><li class=\"wp-block-pages-list__item\"><a class=\"wp-block-pages-list__item__link\" href=\"https:\/\/bibliapresente.com\/postagens\/livros-da-biblia\/genesis\/genesis-42\/\">G\u00eanesis 42 &#8211; Os Irm\u00e3os de Jos\u00e9 no Egito<\/a><\/li><li class=\"wp-block-pages-list__item\"><a class=\"wp-block-pages-list__item__link\" href=\"https:\/\/bibliapresente.com\/postagens\/livros-da-biblia\/genesis\/genesis-43\/\">G\u00eanesis 43 &#8211; Benjamim Vai ao Egito<\/a><\/li><li class=\"wp-block-pages-list__item\"><a class=\"wp-block-pages-list__item__link\" href=\"https:\/\/bibliapresente.com\/postagens\/livros-da-biblia\/genesis\/genesis-44\/\">G\u00eanesis 44 &#8211; O Sacrif\u00edcio de Jud\u00e1<\/a><\/li><li class=\"wp-block-pages-list__item\"><a class=\"wp-block-pages-list__item__link\" href=\"https:\/\/bibliapresente.com\/postagens\/livros-da-biblia\/genesis\/genesis-45\/\">G\u00eanesis 45 &#8211; Jos\u00e9 se Revela a seus Irm\u00e3os<\/a><\/li><li class=\"wp-block-pages-list__item\"><a class=\"wp-block-pages-list__item__link\" href=\"https:\/\/bibliapresente.com\/postagens\/livros-da-biblia\/genesis\/genesis-46\/\">G\u00eanesis 46 &#8211; A Viagem de Jac\u00f3 ao Egito<\/a><\/li><li class=\"wp-block-pages-list__item\"><a class=\"wp-block-pages-list__item__link\" href=\"https:\/\/bibliapresente.com\/postagens\/livros-da-biblia\/genesis\/genesis-47\/\">G\u00eanesis 47 &#8211; Jac\u00f3 Aben\u00e7oa o Fara\u00f3<\/a><\/li><li class=\"wp-block-pages-list__item\"><a class=\"wp-block-pages-list__item__link\" href=\"https:\/\/bibliapresente.com\/postagens\/livros-da-biblia\/genesis\/genesis-48\/\">G\u00eanesis 48 &#8211; Jac\u00f3 Aben\u00e7oa os Filhos de Jos\u00e9<\/a><\/li><li class=\"wp-block-pages-list__item\"><a class=\"wp-block-pages-list__item__link\" href=\"https:\/\/bibliapresente.com\/postagens\/livros-da-biblia\/genesis\/genesis-49\/\">G\u00eanesis 49 &#8211; B\u00ean\u00e7\u00e3os de Jac\u00f3 a Seus Filhos<\/a><\/li><li class=\"wp-block-pages-list__item\"><a class=\"wp-block-pages-list__item__link\" href=\"https:\/\/bibliapresente.com\/postagens\/livros-da-biblia\/genesis\/genesis-50\/\">G\u00eanesis 50 &#8211; A Morte de Jac\u00f3<\/a><\/li><\/ul>\n\n\n<p><\/p>\n","protected":false},"excerpt":{"rendered":"<p>Deus muda o nome de Abr\u00e3o 1 E sendo Abr\u00e3o de idade de noventa e nove anos, apareceu-lhe o SENHOR, e lhe disse: Eu sou o Deus Todo-Poderoso; anda diante de mim, e s\u00ea perfeito. 2 E porei meu pacto entre mim e ti, e te multiplicarei muito em grande maneira. 3 Ent\u00e3o Abr\u00e3o caiu &hellip; <\/p>\n","protected":false},"author":2,"featured_media":263,"parent":233,"menu_order":17,"comment_status":"closed","ping_status":"closed","template":"","meta":{"om_disable_all_campaigns":false,"_monsterinsights_skip_tracking":false,"_monsterinsights_sitenote_active":false,"_monsterinsights_sitenote_note":"","_monsterinsights_sitenote_category":0,"footnotes":""},"class_list":["post-322","page","type-page","status-publish","has-post-thumbnail","hentry"],"aioseo_notices":[],"_links":{"self":[{"href":"https:\/\/bibliapresente.com\/postagens\/wp-json\/wp\/v2\/pages\/322","targetHints":{"allow":["GET"]}}],"collection":[{"href":"https:\/\/bibliapresente.com\/postagens\/wp-json\/wp\/v2\/pages"}],"about":[{"href":"https:\/\/bibliapresente.com\/postagens\/wp-json\/wp\/v2\/types\/page"}],"author":[{"embeddable":true,"href":"https:\/\/bibliapresente.com\/postagens\/wp-json\/wp\/v2\/users\/2"}],"replies":[{"embeddable":true,"href":"https:\/\/bibliapresente.com\/postagens\/wp-json\/wp\/v2\/comments?post=322"}],"version-history":[{"count":3,"href":"https:\/\/bibliapresente.com\/postagens\/wp-json\/wp\/v2\/pages\/322\/revisions"}],"predecessor-version":[{"id":482,"href":"https:\/\/bibliapresente.com\/postagens\/wp-json\/wp\/v2\/pages\/322\/revisions\/482"}],"up":[{"embeddable":true,"href":"https:\/\/bibliapresente.com\/postagens\/wp-json\/wp\/v2\/pages\/233"}],"wp:featuredmedia":[{"embeddable":true,"href":"https:\/\/bibliapresente.com\/postagens\/wp-json\/wp\/v2\/media\/263"}],"wp:attachment":[{"href":"https:\/\/bibliapresente.com\/postagens\/wp-json\/wp\/v2\/media?parent=322"}],"curies":[{"name":"wp","href":"https:\/\/api.w.org\/{rel}","templated":true}]}}