{"id":313,"date":"2024-12-31T11:01:32","date_gmt":"2024-12-31T14:01:32","guid":{"rendered":"https:\/\/bibliapresente.com\/postagens\/?page_id=313"},"modified":"2024-12-31T11:01:34","modified_gmt":"2024-12-31T14:01:34","slug":"genesis-14","status":"publish","type":"page","link":"https:\/\/bibliapresente.com\/postagens\/livros-da-biblia\/genesis\/genesis-14\/","title":{"rendered":"G\u00eanesis 14 &#8211; A B\u00ean\u00e7\u00e3o de Melquisedeque"},"content":{"rendered":"\n<h3 class=\"wp-block-heading\">A Guerra de Quatro reis contra Cinco<\/h3>\n\n\n\n<p><span><span><sup><b>1<\/b><\/sup><\/span> E aconteceu nos dias de Anrafel, rei de Sinear, Arioque, rei de Elasar, Quedorlaomer, rei de El\u00e3o, e Tidal, rei de na\u00e7\u00f5es, <\/span><br><span><span><sup><b>2<\/b><\/sup><\/span> Que estes fizeram guerra contra Bera, rei de Sodoma, e contra Birsa, rei de Gomorra, e contra Sinabe, rei de Adm\u00e1, e contra Semeber, rei de Zeboim, e contra o rei de Bel\u00e1, a qual \u00e9 Zoar. <\/span><br><span><span><sup><b>3<\/b><\/sup><\/span> Todos estes se juntaram no vale de Sidim, que \u00e9 o mar salgado. <\/span><br><span><span><sup><b>4<\/b><\/sup><\/span> Doze anos haviam servido a Quedorlaomer, e ao d\u00e9cimo terceiro ano se rebelaram. <\/span><br><span><span><sup><b>5<\/b><\/sup><\/span> E no ano d\u00e9cimo quarto veio Quedorlaomer, e os reis que estavam de sua parte, e derrotaram aos refains em Asterote-Carnaim, aos zuzins em H\u00e3, e aos emins em Sav\u00e9-Quiriataim. <\/span><br><span><span><sup><b>6<\/b><\/sup><\/span> E aos horeus no monte de Seir, at\u00e9 a El-Par\u00e3, que est\u00e1 junto ao deserto. <\/span><br><span><span><sup><b>7<\/b><\/sup><\/span> E voltaram e vieram a En-Mispate, que \u00e9 Cades, e devastaram todas as terras dos amalequitas, e tamb\u00e9m aos amorreus, que habitavam em Hazazom-Tamar. <\/span><br><span><span><sup><b>8<\/b><\/sup><\/span> E saiu o rei de Sodoma, e o rei de Gomorra, e o rei de Adm\u00e1, e o rei de Zeboim, e o rei de Bel\u00e1, que \u00e9 Zoar, e ordenaram contra eles batalha no vale de Sidim; <\/span><br><span><span><sup><b>9<\/b><\/sup><\/span> A saber, contra Quedorlaomer, rei de El\u00e3o, e Tidal, rei de na\u00e7\u00f5es, e Anrafel, rei de Sinear, e Arioque, rei de Elasar; quatro reis contra cinco. <\/span><br><span><span><sup><b>10<\/b><\/sup><\/span> E o vale de Sidim estava cheio de po\u00e7os de betume: e fugiram o rei de Sodoma e o de Gomorra, e ca\u00edram ali; e os demais fugiram ao monte. <\/span><br><span><span><sup><b>11<\/b><\/sup><\/span> E tomaram toda a riqueza de Sodoma e de Gomorra, e todas seus v\u00edveres, e se foram.<\/span><\/p>\n\n\n\n<h3 class=\"wp-block-heading\">L\u00f3 \u00e9 levado cativo<\/h3>\n\n\n\n<p><span><span><sup><b>12<\/b><\/sup><\/span> Tomaram tamb\u00e9m a L\u00f3, filho do irm\u00e3o de Abr\u00e3o, que morava em Sodoma, e sua riqueza, e se foram. <\/span><br><span><span><sup><b>13<\/b><\/sup><\/span> E veio um dos que escaparam, e denunciou-o a Abr\u00e3o o hebreu, que habitava no vale de Manre, amorreu, irm\u00e3o de Escol e irm\u00e3o de Aner, os quais tinham feito pacto com Abr\u00e3o. <\/span><br><span><span><sup><b>14<\/b><\/sup><\/span> E ouviu Abr\u00e3o que seu irm\u00e3o estava prisioneiro, e armou seus criados, os criados de sua casa, trezentos e dezoito, e seguiu-os at\u00e9 D\u00e3. <\/span><br><span><span><sup><b>15<\/b><\/sup><\/span> E derramou-se sobre eles de noite ele e seus servos, e feriu-os, e foi os seguindo at\u00e9 Hob\u00e1, que est\u00e1 \u00e0 esquerda de Damasco. <\/span><br><span><span><sup><b>16<\/b><\/sup><\/span> E recuperou todos os bens, e tamb\u00e9m a L\u00f3 seu irm\u00e3o e sua riqueza, e tamb\u00e9m as mulheres e gente. <\/span><br><span><span><sup><b>17<\/b><\/sup><\/span> E saiu o rei de Sodoma a receb\u00ea-lo, quando voltava da derrota de Quedorlaomer e dos reis que com ele estavam, ao vale de Sav\u00e9, que \u00e9 o vale do Rei.<\/span><\/p>\n\n\n\n<h3 class=\"wp-block-heading\">Melquisedeque aben\u00e7oa Abr\u00e3o<\/h3>\n\n\n\n<p><span><span><sup><b>18<\/b><\/sup><\/span> Ent\u00e3o Melquisedeque, rei de Sal\u00e9m, tirou p\u00e3o e vinho; o qual era sacerdote do Deus alt\u00edssimo; <\/span><br><span><span><sup><b>19<\/b><\/sup><\/span> E aben\u00e7oou-lhe, e disse: Bendito seja Abr\u00e3o do Deus alt\u00edssimo, possuidor dos c\u00e9us e da terra; <\/span><br><span><span><sup><b>20<\/b><\/sup><\/span> E bendito seja o Deus alt\u00edssimo, que entregou teus inimigos em tua m\u00e3o. E deu-lhe Abr\u00e3o os d\u00edzimos de tudo. <\/span><br><span><span><sup><b>21<\/b><\/sup><\/span> Ent\u00e3o o rei de Sodoma disse a Abr\u00e3o: D\u00e1-me as pessoas, e toma para ti a riqueza. <\/span><br><span><span><sup><b>22<\/b><\/sup><\/span> E respondeu Abr\u00e3o ao rei de Sodoma: Levantei minha m\u00e3o ao SENHOR Deus alt\u00edssimo, possuidor dos c\u00e9us e da terra, <\/span><br><span><span><sup><b>23<\/b><\/sup><\/span> Que desde um fio at\u00e9 a correia de um cal\u00e7ado, nada tomarei de tudo o que \u00e9 teu, para que n\u00e3o digas: Eu enriqueci a Abr\u00e3o: <\/span><br><span><span><sup><b>24<\/b><\/sup><\/span> Tirando somente o que comeram os rapazes, e a por\u00e7\u00e3o dos homens que foram comigo, Aner, Escol, e Manre; os quais tomar\u00e3o sua parte.<\/span><\/p>\n\n\n\n<div class=\"wp-block-columns is-layout-flex wp-container-core-columns-is-layout-9d6595d7 wp-block-columns-is-layout-flex\">\n<div class=\"wp-block-column is-layout-flow wp-block-column-is-layout-flow\">\n<p><a href=\"\/genesis\/genesis-13\">G\u00eanesis 13<\/a><\/p>\n\n\n\n<p><\/p>\n<\/div>\n\n\n\n<div class=\"wp-block-column is-layout-flow wp-block-column-is-layout-flow\">\n<p class=\"has-text-align-right\"><a href=\"\/genesis-15\">G\u00eanesis 15<\/a><\/p>\n\n\n\n<p><\/p>\n<\/div>\n<\/div>\n\n\n\n<h2 class=\"wp-block-heading\">Descri\u00e7\u00e3o &#8211; G\u00eanesis 14<\/h2>\n\n\n\n<p class=\"has-medium-font-size\">G\u00eanesis 14 relata a primeira guerra mencionada na B\u00edblia, envolvendo reis locais, e destaca Abr\u00e3o resgatando L\u00f3, que foi capturado na batalha. Demonstrando coragem e lideran\u00e7a, Abr\u00e3o derrota os inimigos com seus aliados e recupera bens e pessoas sequestradas. O cap\u00edtulo tamb\u00e9m introduz Melquisedeque, rei de Sal\u00e9m e sacerdote do Deus Alt\u00edssimo, que aben\u00e7oa Abr\u00e3o e recebe o d\u00edzimo dele. Este evento ressalta a fidelidade de Abr\u00e3o a Deus e prepara o terreno para a alian\u00e7a divina que se concretizar\u00e1 nos cap\u00edtulos seguintes, refor\u00e7ando temas de justi\u00e7a, alian\u00e7a e a soberania de Deus sobre as na\u00e7\u00f5es.<\/p>\n\n\n\n<h3 class=\"wp-block-heading\">Livro do G\u00eanesis:<\/h3>\n\n\n<ul class=\"wp-block-page-list\"><li class=\"wp-block-pages-list__item\"><a class=\"wp-block-pages-list__item__link\" href=\"https:\/\/bibliapresente.com\/postagens\/livros-da-biblia\/genesis\/genesis-1\/\">G\u00eanesis 1 &#8211; A Cria\u00e7\u00e3o do Universo<\/a><\/li><li class=\"wp-block-pages-list__item\"><a class=\"wp-block-pages-list__item__link\" href=\"https:\/\/bibliapresente.com\/postagens\/livros-da-biblia\/genesis\/genesis-2\/\">G\u00eanesis 2 &#8211; O Jardim do \u00c9den<\/a><\/li><li class=\"wp-block-pages-list__item\"><a class=\"wp-block-pages-list__item__link\" href=\"https:\/\/bibliapresente.com\/postagens\/livros-da-biblia\/genesis\/genesis-3\/\">G\u00eanesis 3 &#8211; O Pecado Original<\/a><\/li><li class=\"wp-block-pages-list__item\"><a class=\"wp-block-pages-list__item__link\" href=\"https:\/\/bibliapresente.com\/postagens\/livros-da-biblia\/genesis\/genesis-4\/\">G\u00eanesis 4 &#8211; Caim e Abel<\/a><\/li><li class=\"wp-block-pages-list__item\"><a class=\"wp-block-pages-list__item__link\" href=\"https:\/\/bibliapresente.com\/postagens\/livros-da-biblia\/genesis\/genesis-5\/\">G\u00eanesis 5 &#8211; Genealogia de Ad\u00e3o a No\u00e9<\/a><\/li><li class=\"wp-block-pages-list__item\"><a class=\"wp-block-pages-list__item__link\" href=\"https:\/\/bibliapresente.com\/postagens\/livros-da-biblia\/genesis\/genesis-6-a-corrupcao-e-o-chamado-de-noe\/\">G\u00eanesis 6 &#8211; A Corrup\u00e7\u00e3o e o Chamado de No\u00e9<\/a><\/li><li class=\"wp-block-pages-list__item\"><a class=\"wp-block-pages-list__item__link\" href=\"https:\/\/bibliapresente.com\/postagens\/livros-da-biblia\/genesis\/genesis-7\/\">G\u00eanesis 7 &#8211; O Grande Dil\u00favio<\/a><\/li><li class=\"wp-block-pages-list__item\"><a class=\"wp-block-pages-list__item__link\" href=\"https:\/\/bibliapresente.com\/postagens\/livros-da-biblia\/genesis\/genesis-8\/\">G\u00eanesis 8 &#8211; As \u00c1guas do Dil\u00favio Recuam<\/a><\/li><li class=\"wp-block-pages-list__item\"><a class=\"wp-block-pages-list__item__link\" href=\"https:\/\/bibliapresente.com\/postagens\/livros-da-biblia\/genesis\/genesis-9\/\">G\u00eanesis 9 &#8211; A Grande Alian\u00e7a do Arco-\u00cdris<\/a><\/li><li class=\"wp-block-pages-list__item\"><a class=\"wp-block-pages-list__item__link\" href=\"https:\/\/bibliapresente.com\/postagens\/livros-da-biblia\/genesis\/genesis-10-as-nacoes-descendentes-de-noe\/\">G\u00eanesis 10 &#8211; As Na\u00e7\u00f5es Descendentes de No\u00e9<\/a><\/li><li class=\"wp-block-pages-list__item\"><a class=\"wp-block-pages-list__item__link\" href=\"https:\/\/bibliapresente.com\/postagens\/livros-da-biblia\/genesis\/genesis-11-a-torre-de-babel\/\">G\u00eanesis 11 &#8211; A Torre de Babel<\/a><\/li><li class=\"wp-block-pages-list__item\"><a class=\"wp-block-pages-list__item__link\" href=\"https:\/\/bibliapresente.com\/postagens\/livros-da-biblia\/genesis\/genesis-12-o-chamado-de-abraao\/\">G\u00eanesis 12 &#8211; O Chamado de Abra\u00e3o<\/a><\/li><li class=\"wp-block-pages-list__item\"><a class=\"wp-block-pages-list__item__link\" href=\"https:\/\/bibliapresente.com\/postagens\/livros-da-biblia\/genesis\/genesis-13-a-separacao-de-abrao-e-lo\/\">G\u00eanesis 13 &#8211; A Separa\u00e7\u00e3o de Abr\u00e3o e L\u00f3<\/a><\/li><li class=\"wp-block-pages-list__item\"><a class=\"wp-block-pages-list__item__link\" href=\"https:\/\/bibliapresente.com\/postagens\/livros-da-biblia\/genesis\/genesis-14\/\">G\u00eanesis 14 &#8211; A B\u00ean\u00e7\u00e3o de Melquisedeque<\/a><\/li><li class=\"wp-block-pages-list__item\"><a class=\"wp-block-pages-list__item__link\" href=\"https:\/\/bibliapresente.com\/postagens\/livros-da-biblia\/genesis\/genesis-15\/\">G\u00eanesis 15 &#8211; A Alian\u00e7a de Deus com Abr\u00e3o<\/a><\/li><li class=\"wp-block-pages-list__item\"><a class=\"wp-block-pages-list__item__link\" href=\"https:\/\/bibliapresente.com\/postagens\/livros-da-biblia\/genesis\/genesis-16\/\">G\u00eanesis 16 &#8211; O Nascimento de Ismael<\/a><\/li><li class=\"wp-block-pages-list__item\"><a class=\"wp-block-pages-list__item__link\" href=\"https:\/\/bibliapresente.com\/postagens\/livros-da-biblia\/genesis\/genesis-17\/\">G\u00eanesis 17 &#8211; A Institui\u00e7\u00e3o da Circuncis\u00e3o<\/a><\/li><li class=\"wp-block-pages-list__item\"><a class=\"wp-block-pages-list__item__link\" href=\"https:\/\/bibliapresente.com\/postagens\/livros-da-biblia\/genesis\/genesis-18\/\">G\u00eanesis 18 &#8211; A Visita dos Tr\u00eas Anjos<\/a><\/li><li class=\"wp-block-pages-list__item\"><a class=\"wp-block-pages-list__item__link\" href=\"https:\/\/bibliapresente.com\/postagens\/livros-da-biblia\/genesis\/genesis-19\/\">G\u00eanesis 19 &#8211; Sodoma e Gomorra<\/a><\/li><li class=\"wp-block-pages-list__item\"><a class=\"wp-block-pages-list__item__link\" href=\"https:\/\/bibliapresente.com\/postagens\/livros-da-biblia\/genesis\/genesis-20\/\">G\u00eanesis 20 &#8211; Abra\u00e3o e Abimeleque<\/a><\/li><li class=\"wp-block-pages-list__item\"><a class=\"wp-block-pages-list__item__link\" href=\"https:\/\/bibliapresente.com\/postagens\/livros-da-biblia\/genesis\/genesis-21\/\">G\u00eanesis 21 &#8211; O Nascimento de Isaque<\/a><\/li><li class=\"wp-block-pages-list__item\"><a class=\"wp-block-pages-list__item__link\" href=\"https:\/\/bibliapresente.com\/postagens\/livros-da-biblia\/genesis\/genesis-22\/\">G\u00eanesis 22 &#8211; O Sacrif\u00edcio de Isaque<\/a><\/li><li class=\"wp-block-pages-list__item\"><a class=\"wp-block-pages-list__item__link\" href=\"https:\/\/bibliapresente.com\/postagens\/livros-da-biblia\/genesis\/genesis-23\/\">G\u00eanesis 23 &#8211; A Morte de Sara<\/a><\/li><li class=\"wp-block-pages-list__item\"><a class=\"wp-block-pages-list__item__link\" href=\"https:\/\/bibliapresente.com\/postagens\/livros-da-biblia\/genesis\/genesis-24\/\">G\u00eanesis 24 &#8211; O Casamento de Isaque<\/a><\/li><li class=\"wp-block-pages-list__item\"><a class=\"wp-block-pages-list__item__link\" href=\"https:\/\/bibliapresente.com\/postagens\/livros-da-biblia\/genesis\/genesis-25\/\">G\u00eanesis 25 &#8211; O Nascimento de Esa\u00fa e Jac\u00f3<\/a><\/li><li class=\"wp-block-pages-list__item\"><a class=\"wp-block-pages-list__item__link\" href=\"https:\/\/bibliapresente.com\/postagens\/livros-da-biblia\/genesis\/genesis-26\/\">G\u00eanesis 26 &#8211; As Promessas de Deus a Isaque<\/a><\/li><li class=\"wp-block-pages-list__item\"><a class=\"wp-block-pages-list__item__link\" href=\"https:\/\/bibliapresente.com\/postagens\/livros-da-biblia\/genesis\/genesis-27\/\">G\u00eanesis 27 &#8211; Jac\u00f3 Engana Isaque<\/a><\/li><li class=\"wp-block-pages-list__item\"><a class=\"wp-block-pages-list__item__link\" href=\"https:\/\/bibliapresente.com\/postagens\/livros-da-biblia\/genesis\/genesis-28\/\">G\u00eanesis 28 &#8211; O Sonho de Jac\u00f3 em Betel<\/a><\/li><li class=\"wp-block-pages-list__item\"><a class=\"wp-block-pages-list__item__link\" href=\"https:\/\/bibliapresente.com\/postagens\/livros-da-biblia\/genesis\/genesis-29\/\">G\u00eanesis 29 &#8211; Jac\u00f3 e as Filhas de Lab\u00e3o<\/a><\/li><li class=\"wp-block-pages-list__item\"><a class=\"wp-block-pages-list__item__link\" href=\"https:\/\/bibliapresente.com\/postagens\/livros-da-biblia\/genesis\/genesis-30\/\">G\u00eanesis 30 &#8211; O Acordo de Jac\u00f3 com Lab\u00e3o<\/a><\/li><li class=\"wp-block-pages-list__item\"><a class=\"wp-block-pages-list__item__link\" href=\"https:\/\/bibliapresente.com\/postagens\/livros-da-biblia\/genesis\/genesis-31\/\">G\u00eanesis 31 &#8211; A Fuga de Jac\u00f3<\/a><\/li><li class=\"wp-block-pages-list__item\"><a class=\"wp-block-pages-list__item__link\" href=\"https:\/\/bibliapresente.com\/postagens\/livros-da-biblia\/genesis\/genesis-32\/\">G\u00eanesis 32 &#8211; A Luta de Jac\u00f3 com O Anjo<\/a><\/li><li class=\"wp-block-pages-list__item\"><a class=\"wp-block-pages-list__item__link\" href=\"https:\/\/bibliapresente.com\/postagens\/livros-da-biblia\/genesis\/genesis-33\/\">G\u00eanesis 33 &#8211; A Reconcilia\u00e7\u00e3o de Jac\u00f3 e Esa\u00fa<\/a><\/li><li class=\"wp-block-pages-list__item\"><a class=\"wp-block-pages-list__item__link\" href=\"https:\/\/bibliapresente.com\/postagens\/livros-da-biblia\/genesis\/genesis-34\/\">G\u00eanesis 34 &#8211; O Caso de Din\u00e1<\/a><\/li><li class=\"wp-block-pages-list__item\"><a class=\"wp-block-pages-list__item__link\" href=\"https:\/\/bibliapresente.com\/postagens\/livros-da-biblia\/genesis\/genesis-35\/\">G\u00eanesis 35 &#8211; A Consagra\u00e7\u00e3o de Jac\u00f3 em Betel<\/a><\/li><li class=\"wp-block-pages-list__item\"><a class=\"wp-block-pages-list__item__link\" href=\"https:\/\/bibliapresente.com\/postagens\/livros-da-biblia\/genesis\/genesis-36\/\">G\u00eanesis 36 &#8211; Os Descendentes de Esa\u00fa<\/a><\/li><li class=\"wp-block-pages-list__item\"><a class=\"wp-block-pages-list__item__link\" href=\"https:\/\/bibliapresente.com\/postagens\/livros-da-biblia\/genesis\/genesis-37\/\">G\u00eanesis 37 &#8211; Jos\u00e9 Vendido como Escravo<\/a><\/li><li class=\"wp-block-pages-list__item\"><a class=\"wp-block-pages-list__item__link\" href=\"https:\/\/bibliapresente.com\/postagens\/livros-da-biblia\/genesis\/genesis-38\/\">G\u00eanesis 38 &#8211; Jud\u00e1 e Tamar<\/a><\/li><li class=\"wp-block-pages-list__item\"><a class=\"wp-block-pages-list__item__link\" href=\"https:\/\/bibliapresente.com\/postagens\/livros-da-biblia\/genesis\/genesis-39\/\">G\u00eanesis 39 &#8211; Jos\u00e9 na Casa de Potifar<\/a><\/li><li class=\"wp-block-pages-list__item\"><a class=\"wp-block-pages-list__item__link\" href=\"https:\/\/bibliapresente.com\/postagens\/livros-da-biblia\/genesis\/genesis-40\/\">G\u00eanesis 40 &#8211; Jos\u00e9 Interpreta Sonhos<\/a><\/li><li class=\"wp-block-pages-list__item\"><a class=\"wp-block-pages-list__item__link\" href=\"https:\/\/bibliapresente.com\/postagens\/livros-da-biblia\/genesis\/genesis-41\/\">G\u00eanesis 41 &#8211; O Sonho do Fara\u00f3<\/a><\/li><li class=\"wp-block-pages-list__item\"><a class=\"wp-block-pages-list__item__link\" href=\"https:\/\/bibliapresente.com\/postagens\/livros-da-biblia\/genesis\/genesis-42\/\">G\u00eanesis 42 &#8211; Os Irm\u00e3os de Jos\u00e9 no Egito<\/a><\/li><li class=\"wp-block-pages-list__item\"><a class=\"wp-block-pages-list__item__link\" href=\"https:\/\/bibliapresente.com\/postagens\/livros-da-biblia\/genesis\/genesis-43\/\">G\u00eanesis 43 &#8211; Benjamim Vai ao Egito<\/a><\/li><li class=\"wp-block-pages-list__item\"><a class=\"wp-block-pages-list__item__link\" href=\"https:\/\/bibliapresente.com\/postagens\/livros-da-biblia\/genesis\/genesis-44\/\">G\u00eanesis 44 &#8211; O Sacrif\u00edcio de Jud\u00e1<\/a><\/li><li class=\"wp-block-pages-list__item\"><a class=\"wp-block-pages-list__item__link\" href=\"https:\/\/bibliapresente.com\/postagens\/livros-da-biblia\/genesis\/genesis-45\/\">G\u00eanesis 45 &#8211; Jos\u00e9 se Revela a seus Irm\u00e3os<\/a><\/li><li class=\"wp-block-pages-list__item\"><a class=\"wp-block-pages-list__item__link\" href=\"https:\/\/bibliapresente.com\/postagens\/livros-da-biblia\/genesis\/genesis-46\/\">G\u00eanesis 46 &#8211; A Viagem de Jac\u00f3 ao Egito<\/a><\/li><li class=\"wp-block-pages-list__item\"><a class=\"wp-block-pages-list__item__link\" href=\"https:\/\/bibliapresente.com\/postagens\/livros-da-biblia\/genesis\/genesis-47\/\">G\u00eanesis 47 &#8211; Jac\u00f3 Aben\u00e7oa o Fara\u00f3<\/a><\/li><li class=\"wp-block-pages-list__item\"><a class=\"wp-block-pages-list__item__link\" href=\"https:\/\/bibliapresente.com\/postagens\/livros-da-biblia\/genesis\/genesis-48\/\">G\u00eanesis 48 &#8211; Jac\u00f3 Aben\u00e7oa os Filhos de Jos\u00e9<\/a><\/li><li class=\"wp-block-pages-list__item\"><a class=\"wp-block-pages-list__item__link\" href=\"https:\/\/bibliapresente.com\/postagens\/livros-da-biblia\/genesis\/genesis-49\/\">G\u00eanesis 49 &#8211; B\u00ean\u00e7\u00e3os de Jac\u00f3 a Seus Filhos<\/a><\/li><li class=\"wp-block-pages-list__item\"><a class=\"wp-block-pages-list__item__link\" href=\"https:\/\/bibliapresente.com\/postagens\/livros-da-biblia\/genesis\/genesis-50\/\">G\u00eanesis 50 &#8211; A Morte de Jac\u00f3<\/a><\/li><\/ul>\n\n\n<p><\/p>\n","protected":false},"excerpt":{"rendered":"<p>A Guerra de Quatro reis contra Cinco 1 E aconteceu nos dias de Anrafel, rei de Sinear, Arioque, rei de Elasar, Quedorlaomer, rei de El\u00e3o, e Tidal, rei de na\u00e7\u00f5es, 2 Que estes fizeram guerra contra Bera, rei de Sodoma, e contra Birsa, rei de Gomorra, e contra Sinabe, rei de Adm\u00e1, e contra Semeber, &hellip; <\/p>\n","protected":false},"author":2,"featured_media":263,"parent":233,"menu_order":14,"comment_status":"closed","ping_status":"closed","template":"","meta":{"om_disable_all_campaigns":false,"_monsterinsights_skip_tracking":false,"_monsterinsights_sitenote_active":false,"_monsterinsights_sitenote_note":"","_monsterinsights_sitenote_category":0,"footnotes":""},"class_list":["post-313","page","type-page","status-publish","has-post-thumbnail","hentry"],"aioseo_notices":[],"_links":{"self":[{"href":"https:\/\/bibliapresente.com\/postagens\/wp-json\/wp\/v2\/pages\/313","targetHints":{"allow":["GET"]}}],"collection":[{"href":"https:\/\/bibliapresente.com\/postagens\/wp-json\/wp\/v2\/pages"}],"about":[{"href":"https:\/\/bibliapresente.com\/postagens\/wp-json\/wp\/v2\/types\/page"}],"author":[{"embeddable":true,"href":"https:\/\/bibliapresente.com\/postagens\/wp-json\/wp\/v2\/users\/2"}],"replies":[{"embeddable":true,"href":"https:\/\/bibliapresente.com\/postagens\/wp-json\/wp\/v2\/comments?post=313"}],"version-history":[{"count":4,"href":"https:\/\/bibliapresente.com\/postagens\/wp-json\/wp\/v2\/pages\/313\/revisions"}],"predecessor-version":[{"id":479,"href":"https:\/\/bibliapresente.com\/postagens\/wp-json\/wp\/v2\/pages\/313\/revisions\/479"}],"up":[{"embeddable":true,"href":"https:\/\/bibliapresente.com\/postagens\/wp-json\/wp\/v2\/pages\/233"}],"wp:featuredmedia":[{"embeddable":true,"href":"https:\/\/bibliapresente.com\/postagens\/wp-json\/wp\/v2\/media\/263"}],"wp:attachment":[{"href":"https:\/\/bibliapresente.com\/postagens\/wp-json\/wp\/v2\/media?parent=313"}],"curies":[{"name":"wp","href":"https:\/\/api.w.org\/{rel}","templated":true}]}}