{"id":307,"date":"2024-12-22T12:46:45","date_gmt":"2024-12-22T15:46:45","guid":{"rendered":"https:\/\/bibliapresente.com\/postagens\/?page_id=307"},"modified":"2024-12-22T12:46:45","modified_gmt":"2024-12-22T15:46:45","slug":"genesis-11-a-torre-de-babel","status":"publish","type":"page","link":"https:\/\/bibliapresente.com\/postagens\/livros-da-biblia\/genesis\/genesis-11-a-torre-de-babel\/","title":{"rendered":"G\u00eanesis 11 &#8211; A Torre de Babel"},"content":{"rendered":"\n<p><span><span><sup><b>1<\/b><\/sup><\/span> Era, ent\u00e3o, toda a terra de uma l\u00edngua e umas mesmas palavras. <\/span><br><span><span><sup><b>2<\/b><\/sup><\/span> E aconteceu que, como se partiram do oriente, acharam um vale na terra de Sinear, e assentaram ali. <\/span><br><span><span><sup><b>3<\/b><\/sup><\/span> E disseram uns aos outros: Vinde, fa\u00e7amos tijolos e o cozamos com fogo. E foi-lhes os tijolos em lugar de pedra, e o betume em lugar de argamassa. <\/span><br><span><span><sup><b>4<\/b><\/sup><\/span> E disseram: Vamos, edifiquemo-nos uma cidade e uma torre, cuja ponta chegue ao c\u00e9u; e fa\u00e7amo-nos um nome, para que n\u00e3o sejamos espalhados sobre a face de toda a terra. <\/span><br><span><span><sup><b>5<\/b><\/sup><\/span> E desceu o SENHOR para ver a cidade e a torre que edificavam os filhos dos homens. <\/span><br><span><span><sup><b>6<\/b><\/sup><\/span> E disse o SENHOR: Eis que o povo \u00e9 um, e todos estes t\u00eam uma l\u00edngua: e come\u00e7aram a agir, e nada lhes restringir\u00e1 agora do que pensaram fazer. <\/span><br><span><span><sup><b>7<\/b><\/sup><\/span> Agora, pois, des\u00e7amos, e confundamos ali suas l\u00ednguas, para que ningu\u00e9m entenda a fala de seu companheiro. <\/span><br><span><span><sup><b>8<\/b><\/sup><\/span> Assim os espalhou o SENHOR desde ali sobre a face de toda a terra, e deixaram de edificar a cidade. <\/span><br><span><span><sup><b>9<\/b><\/sup><\/span> Por isto foi chamado o nome dela Babel, porque ali confundiu o SENHOR a l\u00edngua de toda a terra, e desde ali os espalhou sobre a face de toda a terra. <\/span><br><span><span><sup><b>10<\/b><\/sup><\/span> Estas s\u00e3o as gera\u00e7\u00f5es de Sem: Sem, de idade de cem anos, gerou a Arfaxade, dois anos depois do dil\u00favio. <\/span><br><span><span><sup><b>11<\/b><\/sup><\/span> E viveu Sem, depois que gerou a Arfaxade quinhentos anos, e gerou filhos e filhas. <\/span><br><span><span><sup><b>12<\/b><\/sup><\/span> E Arfaxade viveu trinta e cinco anos, e gerou a Sal\u00e1. <\/span><br><span><span><sup><b>13<\/b><\/sup><\/span> E viveu Arfaxade, depois que gerou a Sal\u00e1, quatrocentos e tr\u00eas anos, e gerou filhos e filhas. <\/span><br><span><span><sup><b>14<\/b><\/sup><\/span> E viveu Sal\u00e1 trinta anos, e gerou a H\u00e9ber. <\/span><br><span><span><sup><b>15<\/b><\/sup><\/span> E viveu Sal\u00e1, depois que gerou a H\u00e9ber, quatrocentos e tr\u00eas anos, e gerou filhos e filhas. <\/span><br><span><span><sup><b>16<\/b><\/sup><\/span> E viveu H\u00e9ber trinta e quatro anos, e gerou a Pelegue. <\/span><br><span><span><sup><b>17<\/b><\/sup><\/span> E viveu H\u00e9ber, depois que gerou a Pelegue, quatrocentos e trinta anos, e gerou filhos e filhas. <\/span><br><span><span><sup><b>18<\/b><\/sup><\/span> E viveu Pelegue, trinta anos, e gerou a Re\u00fa. <\/span><br><span><span><sup><b>19<\/b><\/sup><\/span> E viveu Pelegue, depois que gerou a Re\u00fa, duzentos e nove anos, e gerou filhos e filhas. <\/span><br><span><span><sup><b>20<\/b><\/sup><\/span> E Re\u00fa viveu trinta e dois anos, e gerou a Serugue. <\/span><br><span><span><sup><b>21<\/b><\/sup><\/span> E viveu Re\u00fa, depois que gerou a Serugue, duzentos e sete anos, e gerou filhos e filhas. <\/span><br><span><span><sup><b>22<\/b><\/sup><\/span> E viveu Serugue trinta anos, e gerou a Naor. <\/span><br><span><span><sup><b>23<\/b><\/sup><\/span> E viveu Serugue, depois que gerou a Naor, duzentos anos, e gerou filhos e filhas. <\/span><br><span><span><sup><b>24<\/b><\/sup><\/span> E viveu Naor vinte e nove anos, e gerou a Ter\u00e1. <\/span><br><span><span><sup><b>25<\/b><\/sup><\/span> E viveu Naor, depois que gerou a Ter\u00e1, cento e dezenove anos, e gerou filhos e filhas. <\/span><br><span><span><sup><b>26<\/b><\/sup><\/span> E viveu Ter\u00e1 setenta anos, e gerou a Abr\u00e3o, e a Naor, e a Har\u00e3. <\/span><br><span><span><sup><b>27<\/b><\/sup><\/span> Estas s\u00e3o as gera\u00e7\u00f5es de Ter\u00e1: Ter\u00e1 gerou a Abr\u00e3o, e a Naor, e a Har\u00e3; e Har\u00e3 gerou a L\u00f3. <\/span><br><span><span><sup><b>28<\/b><\/sup><\/span> E morreu Har\u00e3 antes que seu pai Ter\u00e1 na terra de seu nascimento, em Ur dos caldeus. <\/span><br><span><span><sup><b>29<\/b><\/sup><\/span> E tomaram Abr\u00e3o e Naor para si mulheres: o nome da mulher de Abr\u00e3o foi Sarai, e o nome da mulher de Naor, Milca, filha de Har\u00e3, pai de Milca e de Isc\u00e1. <\/span><br><span><span><sup><b>30<\/b><\/sup><\/span> Mas Sarai era est\u00e9ril, e n\u00e3o tinha filho. <\/span><br><span><span><sup><b>31<\/b><\/sup><\/span> E tomou Ter\u00e1 a Abr\u00e3o seu filho, e a L\u00f3 filho de Har\u00e3, filho de seu filho, e a Sarai sua nora, mulher de Abr\u00e3o seu filho: e saiu com eles de Ur dos caldeus, para ir \u00e0 terra de Cana\u00e3: e vieram at\u00e9 Har\u00e3, e assentaram ali. <\/span><br><span><span><sup><b>32<\/b><\/sup><\/span> E foram os dias de Ter\u00e1 duzentos e cinco anos; e morreu Ter\u00e1 em Har\u00e3.<\/span><\/p>\n\n\n\n<div class=\"wp-block-columns is-layout-flex wp-container-core-columns-is-layout-9d6595d7 wp-block-columns-is-layout-flex\">\n<div class=\"wp-block-column is-layout-flow wp-block-column-is-layout-flow\">\n<p><a href=\"https:\/\/bibliapresente.com\/postagens\/livros-da-biblia\/genesis\/genesis-10-as-nacoes-descendentes-de-noe\/\" title=\"G\u00eanesis 10\">G\u00eanesis 10<\/a><\/p>\n<\/div>\n\n\n\n<div class=\"wp-block-column is-layout-flow wp-block-column-is-layout-flow\">\n<p class=\"has-text-align-right\"><a href=\"\/genesis-12\" title=\"G\u00eanesis 12\">G\u00eanesis 12<\/a><\/p>\n<\/div>\n<\/div>\n\n\n\n<h2 class=\"wp-block-heading\">Descri\u00e7\u00e3o &#8211; G\u00eanesis 11<\/h2>\n\n\n\n<p class=\"has-medium-font-size\">G\u00eanesis 11 narra dois eventos cruciais: a constru\u00e7\u00e3o da Torre de Babel e a genealogia de Sem at\u00e9 Abra\u00e3o. A Torre de Babel simboliza a tentativa humana de alcan\u00e7ar o c\u00e9u pela pr\u00f3pria for\u00e7a, resultando na confus\u00e3o das l\u00ednguas e dispers\u00e3o das na\u00e7\u00f5es. Este evento explica a origem das diferentes culturas e prepara o caminho para o chamado de Abra\u00e3o no pr\u00f3ximo cap\u00edtulo. A genealogia conecta No\u00e9 a Abra\u00e3o, marcando a transi\u00e7\u00e3o para o plano redentor de Deus atrav\u00e9s de uma na\u00e7\u00e3o escolhida. Este cap\u00edtulo destaca a soberania divina sobre a humanidade e sua gra\u00e7a ao redirecionar o foco para a reden\u00e7\u00e3o.<\/p>\n\n\n\n<h3 class=\"wp-block-heading\">Livro do G\u00eanesis:<\/h3>\n\n\n<ul class=\"wp-block-page-list\"><li class=\"wp-block-pages-list__item\"><a class=\"wp-block-pages-list__item__link\" href=\"https:\/\/bibliapresente.com\/postagens\/livros-da-biblia\/genesis\/genesis-1\/\">G\u00eanesis 1 &#8211; A Cria\u00e7\u00e3o do Universo<\/a><\/li><li class=\"wp-block-pages-list__item\"><a class=\"wp-block-pages-list__item__link\" href=\"https:\/\/bibliapresente.com\/postagens\/livros-da-biblia\/genesis\/genesis-2\/\">G\u00eanesis 2 &#8211; O Jardim do \u00c9den<\/a><\/li><li class=\"wp-block-pages-list__item\"><a class=\"wp-block-pages-list__item__link\" href=\"https:\/\/bibliapresente.com\/postagens\/livros-da-biblia\/genesis\/genesis-3\/\">G\u00eanesis 3 &#8211; O Pecado Original<\/a><\/li><li class=\"wp-block-pages-list__item\"><a class=\"wp-block-pages-list__item__link\" href=\"https:\/\/bibliapresente.com\/postagens\/livros-da-biblia\/genesis\/genesis-4\/\">G\u00eanesis 4 &#8211; Caim e Abel<\/a><\/li><li class=\"wp-block-pages-list__item\"><a class=\"wp-block-pages-list__item__link\" href=\"https:\/\/bibliapresente.com\/postagens\/livros-da-biblia\/genesis\/genesis-5\/\">G\u00eanesis 5 &#8211; Genealogia de Ad\u00e3o a No\u00e9<\/a><\/li><li class=\"wp-block-pages-list__item\"><a class=\"wp-block-pages-list__item__link\" href=\"https:\/\/bibliapresente.com\/postagens\/livros-da-biblia\/genesis\/genesis-6-a-corrupcao-e-o-chamado-de-noe\/\">G\u00eanesis 6 &#8211; A Corrup\u00e7\u00e3o e o Chamado de No\u00e9<\/a><\/li><li class=\"wp-block-pages-list__item\"><a class=\"wp-block-pages-list__item__link\" href=\"https:\/\/bibliapresente.com\/postagens\/livros-da-biblia\/genesis\/genesis-7\/\">G\u00eanesis 7 &#8211; O Grande Dil\u00favio<\/a><\/li><li class=\"wp-block-pages-list__item\"><a class=\"wp-block-pages-list__item__link\" href=\"https:\/\/bibliapresente.com\/postagens\/livros-da-biblia\/genesis\/genesis-8\/\">G\u00eanesis 8 &#8211; As \u00c1guas do Dil\u00favio Recuam<\/a><\/li><li class=\"wp-block-pages-list__item\"><a class=\"wp-block-pages-list__item__link\" href=\"https:\/\/bibliapresente.com\/postagens\/livros-da-biblia\/genesis\/genesis-9\/\">G\u00eanesis 9 &#8211; A Grande Alian\u00e7a do Arco-\u00cdris<\/a><\/li><li class=\"wp-block-pages-list__item\"><a class=\"wp-block-pages-list__item__link\" href=\"https:\/\/bibliapresente.com\/postagens\/livros-da-biblia\/genesis\/genesis-10-as-nacoes-descendentes-de-noe\/\">G\u00eanesis 10 &#8211; As Na\u00e7\u00f5es Descendentes de No\u00e9<\/a><\/li><li class=\"wp-block-pages-list__item\"><a class=\"wp-block-pages-list__item__link\" href=\"https:\/\/bibliapresente.com\/postagens\/livros-da-biblia\/genesis\/genesis-11-a-torre-de-babel\/\">G\u00eanesis 11 &#8211; A Torre de Babel<\/a><\/li><li class=\"wp-block-pages-list__item\"><a class=\"wp-block-pages-list__item__link\" href=\"https:\/\/bibliapresente.com\/postagens\/livros-da-biblia\/genesis\/genesis-12-o-chamado-de-abraao\/\">G\u00eanesis 12 &#8211; O Chamado de Abra\u00e3o<\/a><\/li><li class=\"wp-block-pages-list__item\"><a class=\"wp-block-pages-list__item__link\" href=\"https:\/\/bibliapresente.com\/postagens\/livros-da-biblia\/genesis\/genesis-13-a-separacao-de-abrao-e-lo\/\">G\u00eanesis 13 &#8211; A Separa\u00e7\u00e3o de Abr\u00e3o e L\u00f3<\/a><\/li><li class=\"wp-block-pages-list__item\"><a class=\"wp-block-pages-list__item__link\" href=\"https:\/\/bibliapresente.com\/postagens\/livros-da-biblia\/genesis\/genesis-14\/\">G\u00eanesis 14 &#8211; A B\u00ean\u00e7\u00e3o de Melquisedeque<\/a><\/li><li class=\"wp-block-pages-list__item\"><a class=\"wp-block-pages-list__item__link\" href=\"https:\/\/bibliapresente.com\/postagens\/livros-da-biblia\/genesis\/genesis-15\/\">G\u00eanesis 15 &#8211; A Alian\u00e7a de Deus com Abr\u00e3o<\/a><\/li><li class=\"wp-block-pages-list__item\"><a class=\"wp-block-pages-list__item__link\" href=\"https:\/\/bibliapresente.com\/postagens\/livros-da-biblia\/genesis\/genesis-16\/\">G\u00eanesis 16 &#8211; O Nascimento de Ismael<\/a><\/li><li class=\"wp-block-pages-list__item\"><a class=\"wp-block-pages-list__item__link\" href=\"https:\/\/bibliapresente.com\/postagens\/livros-da-biblia\/genesis\/genesis-17\/\">G\u00eanesis 17 &#8211; A Institui\u00e7\u00e3o da Circuncis\u00e3o<\/a><\/li><li class=\"wp-block-pages-list__item\"><a class=\"wp-block-pages-list__item__link\" href=\"https:\/\/bibliapresente.com\/postagens\/livros-da-biblia\/genesis\/genesis-18\/\">G\u00eanesis 18 &#8211; A Visita dos Tr\u00eas Anjos<\/a><\/li><li class=\"wp-block-pages-list__item\"><a class=\"wp-block-pages-list__item__link\" href=\"https:\/\/bibliapresente.com\/postagens\/livros-da-biblia\/genesis\/genesis-19\/\">G\u00eanesis 19 &#8211; Sodoma e Gomorra<\/a><\/li><li class=\"wp-block-pages-list__item\"><a class=\"wp-block-pages-list__item__link\" href=\"https:\/\/bibliapresente.com\/postagens\/livros-da-biblia\/genesis\/genesis-20\/\">G\u00eanesis 20 &#8211; Abra\u00e3o e Abimeleque<\/a><\/li><li class=\"wp-block-pages-list__item\"><a class=\"wp-block-pages-list__item__link\" href=\"https:\/\/bibliapresente.com\/postagens\/livros-da-biblia\/genesis\/genesis-21\/\">G\u00eanesis 21 &#8211; O Nascimento de Isaque<\/a><\/li><li class=\"wp-block-pages-list__item\"><a class=\"wp-block-pages-list__item__link\" href=\"https:\/\/bibliapresente.com\/postagens\/livros-da-biblia\/genesis\/genesis-22\/\">G\u00eanesis 22 &#8211; O Sacrif\u00edcio de Isaque<\/a><\/li><li class=\"wp-block-pages-list__item\"><a class=\"wp-block-pages-list__item__link\" href=\"https:\/\/bibliapresente.com\/postagens\/livros-da-biblia\/genesis\/genesis-23\/\">G\u00eanesis 23 &#8211; A Morte de Sara<\/a><\/li><li class=\"wp-block-pages-list__item\"><a class=\"wp-block-pages-list__item__link\" href=\"https:\/\/bibliapresente.com\/postagens\/livros-da-biblia\/genesis\/genesis-24\/\">G\u00eanesis 24 &#8211; O Casamento de Isaque<\/a><\/li><li class=\"wp-block-pages-list__item\"><a class=\"wp-block-pages-list__item__link\" href=\"https:\/\/bibliapresente.com\/postagens\/livros-da-biblia\/genesis\/genesis-25\/\">G\u00eanesis 25 &#8211; O Nascimento de Esa\u00fa e Jac\u00f3<\/a><\/li><li class=\"wp-block-pages-list__item\"><a class=\"wp-block-pages-list__item__link\" href=\"https:\/\/bibliapresente.com\/postagens\/livros-da-biblia\/genesis\/genesis-26\/\">G\u00eanesis 26 &#8211; As Promessas de Deus a Isaque<\/a><\/li><li class=\"wp-block-pages-list__item\"><a class=\"wp-block-pages-list__item__link\" href=\"https:\/\/bibliapresente.com\/postagens\/livros-da-biblia\/genesis\/genesis-27\/\">G\u00eanesis 27 &#8211; Jac\u00f3 Engana Isaque<\/a><\/li><li class=\"wp-block-pages-list__item\"><a class=\"wp-block-pages-list__item__link\" href=\"https:\/\/bibliapresente.com\/postagens\/livros-da-biblia\/genesis\/genesis-28\/\">G\u00eanesis 28 &#8211; O Sonho de Jac\u00f3 em Betel<\/a><\/li><li class=\"wp-block-pages-list__item\"><a class=\"wp-block-pages-list__item__link\" href=\"https:\/\/bibliapresente.com\/postagens\/livros-da-biblia\/genesis\/genesis-29\/\">G\u00eanesis 29 &#8211; Jac\u00f3 e as Filhas de Lab\u00e3o<\/a><\/li><li class=\"wp-block-pages-list__item\"><a class=\"wp-block-pages-list__item__link\" href=\"https:\/\/bibliapresente.com\/postagens\/livros-da-biblia\/genesis\/genesis-30\/\">G\u00eanesis 30 &#8211; O Acordo de Jac\u00f3 com Lab\u00e3o<\/a><\/li><li class=\"wp-block-pages-list__item\"><a class=\"wp-block-pages-list__item__link\" href=\"https:\/\/bibliapresente.com\/postagens\/livros-da-biblia\/genesis\/genesis-31\/\">G\u00eanesis 31 &#8211; A Fuga de Jac\u00f3<\/a><\/li><li class=\"wp-block-pages-list__item\"><a class=\"wp-block-pages-list__item__link\" href=\"https:\/\/bibliapresente.com\/postagens\/livros-da-biblia\/genesis\/genesis-32\/\">G\u00eanesis 32 &#8211; A Luta de Jac\u00f3 com O Anjo<\/a><\/li><li class=\"wp-block-pages-list__item\"><a class=\"wp-block-pages-list__item__link\" href=\"https:\/\/bibliapresente.com\/postagens\/livros-da-biblia\/genesis\/genesis-33\/\">G\u00eanesis 33 &#8211; A Reconcilia\u00e7\u00e3o de Jac\u00f3 e Esa\u00fa<\/a><\/li><li class=\"wp-block-pages-list__item\"><a class=\"wp-block-pages-list__item__link\" href=\"https:\/\/bibliapresente.com\/postagens\/livros-da-biblia\/genesis\/genesis-34\/\">G\u00eanesis 34 &#8211; O Caso de Din\u00e1<\/a><\/li><li class=\"wp-block-pages-list__item\"><a class=\"wp-block-pages-list__item__link\" href=\"https:\/\/bibliapresente.com\/postagens\/livros-da-biblia\/genesis\/genesis-35\/\">G\u00eanesis 35 &#8211; A Consagra\u00e7\u00e3o de Jac\u00f3 em Betel<\/a><\/li><li class=\"wp-block-pages-list__item\"><a class=\"wp-block-pages-list__item__link\" href=\"https:\/\/bibliapresente.com\/postagens\/livros-da-biblia\/genesis\/genesis-36\/\">G\u00eanesis 36 &#8211; Os Descendentes de Esa\u00fa<\/a><\/li><li class=\"wp-block-pages-list__item\"><a class=\"wp-block-pages-list__item__link\" href=\"https:\/\/bibliapresente.com\/postagens\/livros-da-biblia\/genesis\/genesis-37\/\">G\u00eanesis 37 &#8211; Jos\u00e9 Vendido como Escravo<\/a><\/li><li class=\"wp-block-pages-list__item\"><a class=\"wp-block-pages-list__item__link\" href=\"https:\/\/bibliapresente.com\/postagens\/livros-da-biblia\/genesis\/genesis-38\/\">G\u00eanesis 38 &#8211; Jud\u00e1 e Tamar<\/a><\/li><li class=\"wp-block-pages-list__item\"><a class=\"wp-block-pages-list__item__link\" href=\"https:\/\/bibliapresente.com\/postagens\/livros-da-biblia\/genesis\/genesis-39\/\">G\u00eanesis 39 &#8211; Jos\u00e9 na Casa de Potifar<\/a><\/li><li class=\"wp-block-pages-list__item\"><a class=\"wp-block-pages-list__item__link\" href=\"https:\/\/bibliapresente.com\/postagens\/livros-da-biblia\/genesis\/genesis-40\/\">G\u00eanesis 40 &#8211; Jos\u00e9 Interpreta Sonhos<\/a><\/li><li class=\"wp-block-pages-list__item\"><a class=\"wp-block-pages-list__item__link\" href=\"https:\/\/bibliapresente.com\/postagens\/livros-da-biblia\/genesis\/genesis-41\/\">G\u00eanesis 41 &#8211; O Sonho do Fara\u00f3<\/a><\/li><li class=\"wp-block-pages-list__item\"><a class=\"wp-block-pages-list__item__link\" href=\"https:\/\/bibliapresente.com\/postagens\/livros-da-biblia\/genesis\/genesis-42\/\">G\u00eanesis 42 &#8211; Os Irm\u00e3os de Jos\u00e9 no Egito<\/a><\/li><li class=\"wp-block-pages-list__item\"><a class=\"wp-block-pages-list__item__link\" href=\"https:\/\/bibliapresente.com\/postagens\/livros-da-biblia\/genesis\/genesis-43\/\">G\u00eanesis 43 &#8211; Benjamim Vai ao Egito<\/a><\/li><li class=\"wp-block-pages-list__item\"><a class=\"wp-block-pages-list__item__link\" href=\"https:\/\/bibliapresente.com\/postagens\/livros-da-biblia\/genesis\/genesis-44\/\">G\u00eanesis 44 &#8211; O Sacrif\u00edcio de Jud\u00e1<\/a><\/li><li class=\"wp-block-pages-list__item\"><a class=\"wp-block-pages-list__item__link\" href=\"https:\/\/bibliapresente.com\/postagens\/livros-da-biblia\/genesis\/genesis-45\/\">G\u00eanesis 45 &#8211; Jos\u00e9 se Revela a seus Irm\u00e3os<\/a><\/li><li class=\"wp-block-pages-list__item\"><a class=\"wp-block-pages-list__item__link\" href=\"https:\/\/bibliapresente.com\/postagens\/livros-da-biblia\/genesis\/genesis-46\/\">G\u00eanesis 46 &#8211; A Viagem de Jac\u00f3 ao Egito<\/a><\/li><li class=\"wp-block-pages-list__item\"><a class=\"wp-block-pages-list__item__link\" href=\"https:\/\/bibliapresente.com\/postagens\/livros-da-biblia\/genesis\/genesis-47\/\">G\u00eanesis 47 &#8211; Jac\u00f3 Aben\u00e7oa o Fara\u00f3<\/a><\/li><li class=\"wp-block-pages-list__item\"><a class=\"wp-block-pages-list__item__link\" href=\"https:\/\/bibliapresente.com\/postagens\/livros-da-biblia\/genesis\/genesis-48\/\">G\u00eanesis 48 &#8211; Jac\u00f3 Aben\u00e7oa os Filhos de Jos\u00e9<\/a><\/li><li class=\"wp-block-pages-list__item\"><a class=\"wp-block-pages-list__item__link\" href=\"https:\/\/bibliapresente.com\/postagens\/livros-da-biblia\/genesis\/genesis-49\/\">G\u00eanesis 49 &#8211; B\u00ean\u00e7\u00e3os de Jac\u00f3 a Seus Filhos<\/a><\/li><li class=\"wp-block-pages-list__item\"><a class=\"wp-block-pages-list__item__link\" href=\"https:\/\/bibliapresente.com\/postagens\/livros-da-biblia\/genesis\/genesis-50\/\">G\u00eanesis 50 &#8211; A Morte de Jac\u00f3<\/a><\/li><\/ul>\n\n\n<p><span><br><\/span><\/p>\n\n\n\n<p><\/p>\n","protected":false},"excerpt":{"rendered":"<p>1 Era, ent\u00e3o, toda a terra de uma l\u00edngua e umas mesmas palavras. 2 E aconteceu que, como se partiram do oriente, acharam um vale na terra de Sinear, e assentaram ali. 3 E disseram uns aos outros: Vinde, fa\u00e7amos tijolos e o cozamos com fogo. E foi-lhes os tijolos em lugar de pedra, e &hellip; <\/p>\n","protected":false},"author":2,"featured_media":263,"parent":233,"menu_order":11,"comment_status":"closed","ping_status":"closed","template":"","meta":{"om_disable_all_campaigns":false,"_monsterinsights_skip_tracking":false,"_monsterinsights_sitenote_active":false,"_monsterinsights_sitenote_note":"","_monsterinsights_sitenote_category":0,"footnotes":""},"class_list":["post-307","page","type-page","status-publish","has-post-thumbnail","hentry"],"aioseo_notices":[],"_links":{"self":[{"href":"https:\/\/bibliapresente.com\/postagens\/wp-json\/wp\/v2\/pages\/307","targetHints":{"allow":["GET"]}}],"collection":[{"href":"https:\/\/bibliapresente.com\/postagens\/wp-json\/wp\/v2\/pages"}],"about":[{"href":"https:\/\/bibliapresente.com\/postagens\/wp-json\/wp\/v2\/types\/page"}],"author":[{"embeddable":true,"href":"https:\/\/bibliapresente.com\/postagens\/wp-json\/wp\/v2\/users\/2"}],"replies":[{"embeddable":true,"href":"https:\/\/bibliapresente.com\/postagens\/wp-json\/wp\/v2\/comments?post=307"}],"version-history":[{"count":4,"href":"https:\/\/bibliapresente.com\/postagens\/wp-json\/wp\/v2\/pages\/307\/revisions"}],"predecessor-version":[{"id":471,"href":"https:\/\/bibliapresente.com\/postagens\/wp-json\/wp\/v2\/pages\/307\/revisions\/471"}],"up":[{"embeddable":true,"href":"https:\/\/bibliapresente.com\/postagens\/wp-json\/wp\/v2\/pages\/233"}],"wp:featuredmedia":[{"embeddable":true,"href":"https:\/\/bibliapresente.com\/postagens\/wp-json\/wp\/v2\/media\/263"}],"wp:attachment":[{"href":"https:\/\/bibliapresente.com\/postagens\/wp-json\/wp\/v2\/media?parent=307"}],"curies":[{"name":"wp","href":"https:\/\/api.w.org\/{rel}","templated":true}]}}