{"id":305,"date":"2024-12-22T12:29:42","date_gmt":"2024-12-22T15:29:42","guid":{"rendered":"https:\/\/bibliapresente.com\/postagens\/?page_id=305"},"modified":"2024-12-22T12:37:03","modified_gmt":"2024-12-22T15:37:03","slug":"genesis-10-as-nacoes-descendentes-de-noe","status":"publish","type":"page","link":"https:\/\/bibliapresente.com\/postagens\/livros-da-biblia\/genesis\/genesis-10-as-nacoes-descendentes-de-noe\/","title":{"rendered":"G\u00eanesis 10 &#8211; As Na\u00e7\u00f5es Descendentes de No\u00e9"},"content":{"rendered":"\n<p><span><span><sup><b>1<\/b><\/sup><\/span> Estas s\u00e3o as gera\u00e7\u00f5es dos filhos de No\u00e9: Sem, Cam e Jaf\u00e9, aos quais nasceram filhos depois do dil\u00favio. <\/span><br><span><span><sup><b>2<\/b><\/sup><\/span> Os filhos de Jaf\u00e9: G\u00f4mer, e Magogue, e Madai, e Jav\u00e3, e Tubal, e Meseque, e Tiras. <\/span><br><span><span><sup><b>3<\/b><\/sup><\/span> E os filhos de G\u00f4mer: Asquenaz, e Rifate, e Togarma. <\/span><br><span><span><sup><b>4<\/b><\/sup><\/span> E os filhos de Jav\u00e3: Elis\u00e1, e T\u00e1rsis, Quitim, e Dodanim. <\/span><br><span><span><sup><b>5<\/b><\/sup><\/span> Por estes foram repartidas as ilhas das na\u00e7\u00f5es em suas terras, cada qual segundo sua l\u00edngua, conforme suas fam\u00edlias em suas na\u00e7\u00f5es. <\/span><br><span><span><sup><b>6<\/b><\/sup><\/span> Os filhos de Cam: Cuxe, e Mizraim, e Pute, e Cana\u00e3. <\/span><br><span><span><sup><b>7<\/b><\/sup><\/span> E os filhos de Cuxe: Seb\u00e1, Havil\u00e1, e Sabt\u00e1, e Raam\u00e1, e Sabtec\u00e1. E os filhos de Raam\u00e1: Sab\u00e1 e Ded\u00e3. <\/span><br><span><span><sup><b>8<\/b><\/sup><\/span> E Cuxe gerou a Ninrode, este come\u00e7ou a ser poderoso na terra. <\/span><br><span><span><sup><b>9<\/b><\/sup><\/span> Este foi vigoroso ca\u00e7ador diante do SENHOR; pelo qual se diz: Assim como Ninrode, vigoroso ca\u00e7ador diante do SENHOR. <\/span><br><span><span><sup><b>10<\/b><\/sup><\/span> E foi a cabeceira de seu reino Babel, e Ereque, e Acade, e Caln\u00e9, na terra de Sinear. <\/span><br><span><span><sup><b>11<\/b><\/sup><\/span> De esta terra saiu Assur, e edificou a N\u00ednive, e a Reobote-Ir, e a Cal\u00e1, <\/span><br><span><span><sup><b>12<\/b><\/sup><\/span> E a Res\u00e9m entre N\u00ednive e Cal\u00e1; a qual \u00e9 cidade grande. <\/span><br><span><span><sup><b>13<\/b><\/sup><\/span> E Mizraim gerou a Ludim, e a Anamim, e a Leabim, e a Naftuim, <\/span><br><span><span><sup><b>14<\/b><\/sup><\/span> E a Patrusim, e a Casluim de onde sa\u00edram os filisteus, e a Caftorim. <\/span><br><span><span><sup><b>15<\/b><\/sup><\/span> E Cana\u00e3 gerou a S\u00eddon, seu primog\u00eanito e a Hete, <\/span><br><span><span><sup><b>16<\/b><\/sup><\/span> E aos jebuseus, e aos amorreus, e aos gergeseus, <\/span><br><span><span><sup><b>17<\/b><\/sup><\/span> E aos heveus, e aos arqueus, e aos sineus, <\/span><br><span><span><sup><b>18<\/b><\/sup><\/span> E aos arvadeus e aos zemareus, e aos hamateus: e depois se derramaram as fam\u00edlias dos cananeus. <\/span><br><span><span><sup><b>19<\/b><\/sup><\/span> E foi o termo dos cananeus desde S\u00eddon, vindo a Gerar at\u00e9 Gaza, at\u00e9 entrar em Sodoma e Gomorra, Adm\u00e1, e Zeboim at\u00e9 Lasa. <\/span><br><span><span><sup><b>20<\/b><\/sup><\/span> Estes s\u00e3o os filhos de Cam por suas fam\u00edlias, por suas l\u00ednguas, em suas terras, em suas na\u00e7\u00f5es. <\/span><br><span><span><sup><b>21<\/b><\/sup><\/span> Tamb\u00e9m lhe nasceram filhos a Sem, pai de todos os filhos de H\u00e9ber, e irm\u00e3o mais velho de Jaf\u00e9. <\/span><br><span><span><sup><b>22<\/b><\/sup><\/span> E os filhos de Sem: El\u00e3o, e Assur, e Arfaxade, e Lude, e Ar\u00e3. <\/span><br><span><span><sup><b>23<\/b><\/sup><\/span> E os filhos de Ar\u00e3: Uz, e Hul, e G\u00e9ter, e Mas. <\/span><br><span><span><sup><b>24<\/b><\/sup><\/span> E Arfaxade gerou a Sal\u00e1, e Sal\u00e1 gerou a H\u00e9ber. <\/span><br><span><span><sup><b>25<\/b><\/sup><\/span> E a H\u00e9ber nasceram dois filhos: o nome de um foi Pelegue, porque em seus dias foi repartida a terra; e o nome de seu irm\u00e3o, Joct\u00e3. <\/span><br><span><span><sup><b>26<\/b><\/sup><\/span> E Joct\u00e3 gerou a Almod\u00e1, e a Salefe, e Hazarmav\u00e9, e a Jer\u00e1, <\/span><br><span><span><sup><b>27<\/b><\/sup><\/span> E a Hador\u00e3o, e a Uzal, e a Dicla, <\/span><br><span><span><sup><b>28<\/b><\/sup><\/span> E a Obal, e a Abimael, e a Sab\u00e1, <\/span><br><span><span><sup><b>29<\/b><\/sup><\/span> E a Ofir, e a Havil\u00e1, e a Jobabe: todos estes foram filhos de Joct\u00e3. <\/span><br><span><span><sup><b>30<\/b><\/sup><\/span> E foi sua habita\u00e7\u00e3o desde Messa vindo de Sefar, monte \u00e0 parte do oriente. <\/span><br><span><span><sup><b>31<\/b><\/sup><\/span> Estes foram os filhos de Sem por suas fam\u00edlias, por suas l\u00ednguas, em suas terras, em suas na\u00e7\u00f5es. <\/span><br><span><span><sup><b>32<\/b><\/sup><\/span> Estas s\u00e3o as fam\u00edlias de No\u00e9 por suas descend\u00eancias, em suas na\u00e7\u00f5es; e destes foram divididas os povos na terra depois do dil\u00favio.<\/span><\/p>\n\n\n\n<div class=\"wp-block-columns is-layout-flex wp-container-core-columns-is-layout-9d6595d7 wp-block-columns-is-layout-flex\">\n<div class=\"wp-block-column is-layout-flow wp-block-column-is-layout-flow\">\n<p><a href=\"\/genesis\/genesis-9\" title=\"G\u00eanesis 9\">G\u00eanesis 9<\/a><\/p>\n<\/div>\n\n\n\n<div class=\"wp-block-column is-layout-flow wp-block-column-is-layout-flow\">\n<p class=\"has-text-align-right\"><a href=\"\/genesis-11\" title=\"G\u00eanesis 11\">G\u00eanesis 11<\/a><\/p>\n<\/div>\n<\/div>\n\n\n\n<h2 class=\"wp-block-heading\">Descri\u00e7\u00e3o &#8211; G\u00eanesis 10<\/h2>\n\n\n\n<p class=\"has-medium-font-size\">G\u00eanesis 10 descreve a descend\u00eancia de No\u00e9 e a forma\u00e7\u00e3o das na\u00e7\u00f5es ap\u00f3s o dil\u00favio, conhecido como a &#8220;Tabela das Na\u00e7\u00f5es&#8221;. Este cap\u00edtulo detalha como os filhos de No\u00e9 \u2014 Sem, Cam e Jaf\u00e9 \u2014 deram origem \u00e0s diversas culturas e l\u00ednguas do mundo. Ele estabelece a base para entender a diversidade da humanidade dentro do plano redentor de Deus. Contextualizado no livro de G\u00eanesis, G\u00eanesis 10 prepara o cen\u00e1rio para a Torre de Babel (cap\u00edtulo 11), onde a separa\u00e7\u00e3o das l\u00ednguas ocorre. Descubra como este cap\u00edtulo revela a soberania divina sobre a hist\u00f3ria e as na\u00e7\u00f5es.<\/p>\n\n\n\n<h3 class=\"wp-block-heading\">Livro do G\u00eanesis:<\/h3>\n\n\n<ul class=\"wp-block-page-list\"><li class=\"wp-block-pages-list__item\"><a class=\"wp-block-pages-list__item__link\" href=\"https:\/\/bibliapresente.com\/postagens\/livros-da-biblia\/genesis\/genesis-1\/\">G\u00eanesis 1 &#8211; A Cria\u00e7\u00e3o do Universo<\/a><\/li><li class=\"wp-block-pages-list__item\"><a class=\"wp-block-pages-list__item__link\" href=\"https:\/\/bibliapresente.com\/postagens\/livros-da-biblia\/genesis\/genesis-2\/\">G\u00eanesis 2 &#8211; O Jardim do \u00c9den<\/a><\/li><li class=\"wp-block-pages-list__item\"><a class=\"wp-block-pages-list__item__link\" href=\"https:\/\/bibliapresente.com\/postagens\/livros-da-biblia\/genesis\/genesis-3\/\">G\u00eanesis 3 &#8211; O Pecado Original<\/a><\/li><li class=\"wp-block-pages-list__item\"><a class=\"wp-block-pages-list__item__link\" href=\"https:\/\/bibliapresente.com\/postagens\/livros-da-biblia\/genesis\/genesis-4\/\">G\u00eanesis 4 &#8211; Caim e Abel<\/a><\/li><li class=\"wp-block-pages-list__item\"><a class=\"wp-block-pages-list__item__link\" href=\"https:\/\/bibliapresente.com\/postagens\/livros-da-biblia\/genesis\/genesis-5\/\">G\u00eanesis 5 &#8211; Genealogia de Ad\u00e3o a No\u00e9<\/a><\/li><li class=\"wp-block-pages-list__item\"><a class=\"wp-block-pages-list__item__link\" href=\"https:\/\/bibliapresente.com\/postagens\/livros-da-biblia\/genesis\/genesis-6-a-corrupcao-e-o-chamado-de-noe\/\">G\u00eanesis 6 &#8211; A Corrup\u00e7\u00e3o e o Chamado de No\u00e9<\/a><\/li><li class=\"wp-block-pages-list__item\"><a class=\"wp-block-pages-list__item__link\" href=\"https:\/\/bibliapresente.com\/postagens\/livros-da-biblia\/genesis\/genesis-7\/\">G\u00eanesis 7 &#8211; O Grande Dil\u00favio<\/a><\/li><li class=\"wp-block-pages-list__item\"><a class=\"wp-block-pages-list__item__link\" href=\"https:\/\/bibliapresente.com\/postagens\/livros-da-biblia\/genesis\/genesis-8\/\">G\u00eanesis 8 &#8211; As \u00c1guas do Dil\u00favio Recuam<\/a><\/li><li class=\"wp-block-pages-list__item\"><a class=\"wp-block-pages-list__item__link\" href=\"https:\/\/bibliapresente.com\/postagens\/livros-da-biblia\/genesis\/genesis-9\/\">G\u00eanesis 9 &#8211; A Grande Alian\u00e7a do Arco-\u00cdris<\/a><\/li><li class=\"wp-block-pages-list__item\"><a class=\"wp-block-pages-list__item__link\" href=\"https:\/\/bibliapresente.com\/postagens\/livros-da-biblia\/genesis\/genesis-10-as-nacoes-descendentes-de-noe\/\">G\u00eanesis 10 &#8211; As Na\u00e7\u00f5es Descendentes de No\u00e9<\/a><\/li><li class=\"wp-block-pages-list__item\"><a class=\"wp-block-pages-list__item__link\" href=\"https:\/\/bibliapresente.com\/postagens\/livros-da-biblia\/genesis\/genesis-11-a-torre-de-babel\/\">G\u00eanesis 11 &#8211; A Torre de Babel<\/a><\/li><li class=\"wp-block-pages-list__item\"><a class=\"wp-block-pages-list__item__link\" href=\"https:\/\/bibliapresente.com\/postagens\/livros-da-biblia\/genesis\/genesis-12-o-chamado-de-abraao\/\">G\u00eanesis 12 &#8211; O Chamado de Abra\u00e3o<\/a><\/li><li class=\"wp-block-pages-list__item\"><a class=\"wp-block-pages-list__item__link\" href=\"https:\/\/bibliapresente.com\/postagens\/livros-da-biblia\/genesis\/genesis-13-a-separacao-de-abrao-e-lo\/\">G\u00eanesis 13 &#8211; A Separa\u00e7\u00e3o de Abr\u00e3o e L\u00f3<\/a><\/li><li class=\"wp-block-pages-list__item\"><a class=\"wp-block-pages-list__item__link\" href=\"https:\/\/bibliapresente.com\/postagens\/livros-da-biblia\/genesis\/genesis-14\/\">G\u00eanesis 14 &#8211; A B\u00ean\u00e7\u00e3o de Melquisedeque<\/a><\/li><li class=\"wp-block-pages-list__item\"><a class=\"wp-block-pages-list__item__link\" href=\"https:\/\/bibliapresente.com\/postagens\/livros-da-biblia\/genesis\/genesis-15\/\">G\u00eanesis 15 &#8211; A Alian\u00e7a de Deus com Abr\u00e3o<\/a><\/li><li class=\"wp-block-pages-list__item\"><a class=\"wp-block-pages-list__item__link\" href=\"https:\/\/bibliapresente.com\/postagens\/livros-da-biblia\/genesis\/genesis-16\/\">G\u00eanesis 16 &#8211; O Nascimento de Ismael<\/a><\/li><li class=\"wp-block-pages-list__item\"><a class=\"wp-block-pages-list__item__link\" href=\"https:\/\/bibliapresente.com\/postagens\/livros-da-biblia\/genesis\/genesis-17\/\">G\u00eanesis 17 &#8211; A Institui\u00e7\u00e3o da Circuncis\u00e3o<\/a><\/li><li class=\"wp-block-pages-list__item\"><a class=\"wp-block-pages-list__item__link\" href=\"https:\/\/bibliapresente.com\/postagens\/livros-da-biblia\/genesis\/genesis-18\/\">G\u00eanesis 18 &#8211; A Visita dos Tr\u00eas Anjos<\/a><\/li><li class=\"wp-block-pages-list__item\"><a class=\"wp-block-pages-list__item__link\" href=\"https:\/\/bibliapresente.com\/postagens\/livros-da-biblia\/genesis\/genesis-19\/\">G\u00eanesis 19 &#8211; Sodoma e Gomorra<\/a><\/li><li class=\"wp-block-pages-list__item\"><a class=\"wp-block-pages-list__item__link\" href=\"https:\/\/bibliapresente.com\/postagens\/livros-da-biblia\/genesis\/genesis-20\/\">G\u00eanesis 20 &#8211; Abra\u00e3o e Abimeleque<\/a><\/li><li class=\"wp-block-pages-list__item\"><a class=\"wp-block-pages-list__item__link\" href=\"https:\/\/bibliapresente.com\/postagens\/livros-da-biblia\/genesis\/genesis-21\/\">G\u00eanesis 21 &#8211; O Nascimento de Isaque<\/a><\/li><li class=\"wp-block-pages-list__item\"><a class=\"wp-block-pages-list__item__link\" href=\"https:\/\/bibliapresente.com\/postagens\/livros-da-biblia\/genesis\/genesis-22\/\">G\u00eanesis 22 &#8211; O Sacrif\u00edcio de Isaque<\/a><\/li><li class=\"wp-block-pages-list__item\"><a class=\"wp-block-pages-list__item__link\" href=\"https:\/\/bibliapresente.com\/postagens\/livros-da-biblia\/genesis\/genesis-23\/\">G\u00eanesis 23 &#8211; A Morte de Sara<\/a><\/li><li class=\"wp-block-pages-list__item\"><a class=\"wp-block-pages-list__item__link\" href=\"https:\/\/bibliapresente.com\/postagens\/livros-da-biblia\/genesis\/genesis-24\/\">G\u00eanesis 24 &#8211; O Casamento de Isaque<\/a><\/li><li class=\"wp-block-pages-list__item\"><a class=\"wp-block-pages-list__item__link\" href=\"https:\/\/bibliapresente.com\/postagens\/livros-da-biblia\/genesis\/genesis-25\/\">G\u00eanesis 25 &#8211; O Nascimento de Esa\u00fa e Jac\u00f3<\/a><\/li><li class=\"wp-block-pages-list__item\"><a class=\"wp-block-pages-list__item__link\" href=\"https:\/\/bibliapresente.com\/postagens\/livros-da-biblia\/genesis\/genesis-26\/\">G\u00eanesis 26 &#8211; As Promessas de Deus a Isaque<\/a><\/li><li class=\"wp-block-pages-list__item\"><a class=\"wp-block-pages-list__item__link\" href=\"https:\/\/bibliapresente.com\/postagens\/livros-da-biblia\/genesis\/genesis-27\/\">G\u00eanesis 27 &#8211; Jac\u00f3 Engana Isaque<\/a><\/li><li class=\"wp-block-pages-list__item\"><a class=\"wp-block-pages-list__item__link\" href=\"https:\/\/bibliapresente.com\/postagens\/livros-da-biblia\/genesis\/genesis-28\/\">G\u00eanesis 28 &#8211; O Sonho de Jac\u00f3 em Betel<\/a><\/li><li class=\"wp-block-pages-list__item\"><a class=\"wp-block-pages-list__item__link\" href=\"https:\/\/bibliapresente.com\/postagens\/livros-da-biblia\/genesis\/genesis-29\/\">G\u00eanesis 29 &#8211; Jac\u00f3 e as Filhas de Lab\u00e3o<\/a><\/li><li class=\"wp-block-pages-list__item\"><a class=\"wp-block-pages-list__item__link\" href=\"https:\/\/bibliapresente.com\/postagens\/livros-da-biblia\/genesis\/genesis-30\/\">G\u00eanesis 30 &#8211; O Acordo de Jac\u00f3 com Lab\u00e3o<\/a><\/li><li class=\"wp-block-pages-list__item\"><a class=\"wp-block-pages-list__item__link\" href=\"https:\/\/bibliapresente.com\/postagens\/livros-da-biblia\/genesis\/genesis-31\/\">G\u00eanesis 31 &#8211; A Fuga de Jac\u00f3<\/a><\/li><li class=\"wp-block-pages-list__item\"><a class=\"wp-block-pages-list__item__link\" href=\"https:\/\/bibliapresente.com\/postagens\/livros-da-biblia\/genesis\/genesis-32\/\">G\u00eanesis 32 &#8211; A Luta de Jac\u00f3 com O Anjo<\/a><\/li><li class=\"wp-block-pages-list__item\"><a class=\"wp-block-pages-list__item__link\" href=\"https:\/\/bibliapresente.com\/postagens\/livros-da-biblia\/genesis\/genesis-33\/\">G\u00eanesis 33 &#8211; A Reconcilia\u00e7\u00e3o de Jac\u00f3 e Esa\u00fa<\/a><\/li><li class=\"wp-block-pages-list__item\"><a class=\"wp-block-pages-list__item__link\" href=\"https:\/\/bibliapresente.com\/postagens\/livros-da-biblia\/genesis\/genesis-34\/\">G\u00eanesis 34 &#8211; O Caso de Din\u00e1<\/a><\/li><li class=\"wp-block-pages-list__item\"><a class=\"wp-block-pages-list__item__link\" href=\"https:\/\/bibliapresente.com\/postagens\/livros-da-biblia\/genesis\/genesis-35\/\">G\u00eanesis 35 &#8211; A Consagra\u00e7\u00e3o de Jac\u00f3 em Betel<\/a><\/li><li class=\"wp-block-pages-list__item\"><a class=\"wp-block-pages-list__item__link\" href=\"https:\/\/bibliapresente.com\/postagens\/livros-da-biblia\/genesis\/genesis-36\/\">G\u00eanesis 36 &#8211; Os Descendentes de Esa\u00fa<\/a><\/li><li class=\"wp-block-pages-list__item\"><a class=\"wp-block-pages-list__item__link\" href=\"https:\/\/bibliapresente.com\/postagens\/livros-da-biblia\/genesis\/genesis-37\/\">G\u00eanesis 37 &#8211; Jos\u00e9 Vendido como Escravo<\/a><\/li><li class=\"wp-block-pages-list__item\"><a class=\"wp-block-pages-list__item__link\" href=\"https:\/\/bibliapresente.com\/postagens\/livros-da-biblia\/genesis\/genesis-38\/\">G\u00eanesis 38 &#8211; Jud\u00e1 e Tamar<\/a><\/li><li class=\"wp-block-pages-list__item\"><a class=\"wp-block-pages-list__item__link\" href=\"https:\/\/bibliapresente.com\/postagens\/livros-da-biblia\/genesis\/genesis-39\/\">G\u00eanesis 39 &#8211; Jos\u00e9 na Casa de Potifar<\/a><\/li><li class=\"wp-block-pages-list__item\"><a class=\"wp-block-pages-list__item__link\" href=\"https:\/\/bibliapresente.com\/postagens\/livros-da-biblia\/genesis\/genesis-40\/\">G\u00eanesis 40 &#8211; Jos\u00e9 Interpreta Sonhos<\/a><\/li><li class=\"wp-block-pages-list__item\"><a class=\"wp-block-pages-list__item__link\" href=\"https:\/\/bibliapresente.com\/postagens\/livros-da-biblia\/genesis\/genesis-41\/\">G\u00eanesis 41 &#8211; O Sonho do Fara\u00f3<\/a><\/li><li class=\"wp-block-pages-list__item\"><a class=\"wp-block-pages-list__item__link\" href=\"https:\/\/bibliapresente.com\/postagens\/livros-da-biblia\/genesis\/genesis-42\/\">G\u00eanesis 42 &#8211; Os Irm\u00e3os de Jos\u00e9 no Egito<\/a><\/li><li class=\"wp-block-pages-list__item\"><a class=\"wp-block-pages-list__item__link\" href=\"https:\/\/bibliapresente.com\/postagens\/livros-da-biblia\/genesis\/genesis-43\/\">G\u00eanesis 43 &#8211; Benjamim Vai ao Egito<\/a><\/li><li class=\"wp-block-pages-list__item\"><a class=\"wp-block-pages-list__item__link\" href=\"https:\/\/bibliapresente.com\/postagens\/livros-da-biblia\/genesis\/genesis-44\/\">G\u00eanesis 44 &#8211; O Sacrif\u00edcio de Jud\u00e1<\/a><\/li><li class=\"wp-block-pages-list__item\"><a class=\"wp-block-pages-list__item__link\" href=\"https:\/\/bibliapresente.com\/postagens\/livros-da-biblia\/genesis\/genesis-45\/\">G\u00eanesis 45 &#8211; Jos\u00e9 se Revela a seus Irm\u00e3os<\/a><\/li><li class=\"wp-block-pages-list__item\"><a class=\"wp-block-pages-list__item__link\" href=\"https:\/\/bibliapresente.com\/postagens\/livros-da-biblia\/genesis\/genesis-46\/\">G\u00eanesis 46 &#8211; A Viagem de Jac\u00f3 ao Egito<\/a><\/li><li class=\"wp-block-pages-list__item\"><a class=\"wp-block-pages-list__item__link\" href=\"https:\/\/bibliapresente.com\/postagens\/livros-da-biblia\/genesis\/genesis-47\/\">G\u00eanesis 47 &#8211; Jac\u00f3 Aben\u00e7oa o Fara\u00f3<\/a><\/li><li class=\"wp-block-pages-list__item\"><a class=\"wp-block-pages-list__item__link\" href=\"https:\/\/bibliapresente.com\/postagens\/livros-da-biblia\/genesis\/genesis-48\/\">G\u00eanesis 48 &#8211; Jac\u00f3 Aben\u00e7oa os Filhos de Jos\u00e9<\/a><\/li><li class=\"wp-block-pages-list__item\"><a class=\"wp-block-pages-list__item__link\" href=\"https:\/\/bibliapresente.com\/postagens\/livros-da-biblia\/genesis\/genesis-49\/\">G\u00eanesis 49 &#8211; B\u00ean\u00e7\u00e3os de Jac\u00f3 a Seus Filhos<\/a><\/li><li class=\"wp-block-pages-list__item\"><a class=\"wp-block-pages-list__item__link\" href=\"https:\/\/bibliapresente.com\/postagens\/livros-da-biblia\/genesis\/genesis-50\/\">G\u00eanesis 50 &#8211; A Morte de Jac\u00f3<\/a><\/li><\/ul>\n\n\n<p><span><br><\/span><\/p>\n","protected":false},"excerpt":{"rendered":"<p>1 Estas s\u00e3o as gera\u00e7\u00f5es dos filhos de No\u00e9: Sem, Cam e Jaf\u00e9, aos quais nasceram filhos depois do dil\u00favio. 2 Os filhos de Jaf\u00e9: G\u00f4mer, e Magogue, e Madai, e Jav\u00e3, e Tubal, e Meseque, e Tiras. 3 E os filhos de G\u00f4mer: Asquenaz, e Rifate, e Togarma. 4 E os filhos de Jav\u00e3: &hellip; <\/p>\n","protected":false},"author":2,"featured_media":263,"parent":233,"menu_order":10,"comment_status":"closed","ping_status":"closed","template":"","meta":{"om_disable_all_campaigns":false,"_monsterinsights_skip_tracking":false,"_monsterinsights_sitenote_active":false,"_monsterinsights_sitenote_note":"","_monsterinsights_sitenote_category":0,"footnotes":""},"class_list":["post-305","page","type-page","status-publish","has-post-thumbnail","hentry"],"aioseo_notices":[],"_links":{"self":[{"href":"https:\/\/bibliapresente.com\/postagens\/wp-json\/wp\/v2\/pages\/305","targetHints":{"allow":["GET"]}}],"collection":[{"href":"https:\/\/bibliapresente.com\/postagens\/wp-json\/wp\/v2\/pages"}],"about":[{"href":"https:\/\/bibliapresente.com\/postagens\/wp-json\/wp\/v2\/types\/page"}],"author":[{"embeddable":true,"href":"https:\/\/bibliapresente.com\/postagens\/wp-json\/wp\/v2\/users\/2"}],"replies":[{"embeddable":true,"href":"https:\/\/bibliapresente.com\/postagens\/wp-json\/wp\/v2\/comments?post=305"}],"version-history":[{"count":3,"href":"https:\/\/bibliapresente.com\/postagens\/wp-json\/wp\/v2\/pages\/305\/revisions"}],"predecessor-version":[{"id":470,"href":"https:\/\/bibliapresente.com\/postagens\/wp-json\/wp\/v2\/pages\/305\/revisions\/470"}],"up":[{"embeddable":true,"href":"https:\/\/bibliapresente.com\/postagens\/wp-json\/wp\/v2\/pages\/233"}],"wp:featuredmedia":[{"embeddable":true,"href":"https:\/\/bibliapresente.com\/postagens\/wp-json\/wp\/v2\/media\/263"}],"wp:attachment":[{"href":"https:\/\/bibliapresente.com\/postagens\/wp-json\/wp\/v2\/media?parent=305"}],"curies":[{"name":"wp","href":"https:\/\/api.w.org\/{rel}","templated":true}]}}