{"id":303,"date":"2024-12-22T12:22:57","date_gmt":"2024-12-22T15:22:57","guid":{"rendered":"https:\/\/bibliapresente.com\/postagens\/?page_id=303"},"modified":"2024-12-22T12:22:58","modified_gmt":"2024-12-22T15:22:58","slug":"genesis-9","status":"publish","type":"page","link":"https:\/\/bibliapresente.com\/postagens\/livros-da-biblia\/genesis\/genesis-9\/","title":{"rendered":"G\u00eanesis 9 &#8211; A Grande Alian\u00e7a do Arco-\u00cdris"},"content":{"rendered":"\n<p class=\"has-medium-font-size\" style=\"letter-spacing:1px\"><span><span><sup><b>1<\/b><\/sup><\/span> E aben\u00e7oou Deus a No\u00e9 e a seus filhos, e disse-lhes: Frutificai, e multiplicai, e enchei a terra: <\/span><br><span><span><sup><b>2<\/b><\/sup><\/span> E vosso temor e vosso pavor ser\u00e1 sobre todo animal da terra, e sobre toda ave dos c\u00e9us, em tudo o que se mover na terra, e em todos os peixes do mar: em vossa m\u00e3o s\u00e3o entregues. <\/span><br><span><span><sup><b>3<\/b><\/sup><\/span> Tudo o que se move e vive vos ser\u00e1 para mantimento: assim como os legumes e ervas, vos dei disso tudo. <\/span><br><span><span><sup><b>4<\/b><\/sup><\/span> Por\u00e9m carne com sua vida, que \u00e9 seu sangue, n\u00e3o comereis. <\/span><br><span><span><sup><b>5<\/b><\/sup><\/span> Porque certamente exigirei o sangue de vossas vidas; da m\u00e3o de todo animal o exigirei, e da m\u00e3o do ser humano; da m\u00e3o do homem seu irm\u00e3o exigirei a vida do ser humano. <\/span><br><span><span><sup><b>6<\/b><\/sup><\/span> O que derramar sangue humano, pelo ser humano seu sangue ser\u00e1 derramado; porque \u00e0 imagem de Deus foi feito o ser humano. <\/span><br><span><span><sup><b>7<\/b><\/sup><\/span> Mas v\u00f3s frutificai, e multiplicai-vos; procriai abundantemente na terra, e multiplicai-vos nela. <\/span><br><span><span><sup><b>8<\/b><\/sup><\/span> E falou Deus a No\u00e9 e a seus filhos com ele, dizendo: <\/span><br><span><span><sup><b>9<\/b><\/sup><\/span> Eu, eis que eu estabele\u00e7o meu pacto convosco, e com vossa descend\u00eancia depois de v\u00f3s; <\/span><br><span><span><sup><b>10<\/b><\/sup><\/span> E com toda alma vivente que est\u00e1 convosco, de aves, de animais, e de toda fera da terra que est\u00e1 convosco; desde todos os que sa\u00edram da arca at\u00e9 todo animal da terra. <\/span><br><span><span><sup><b>11<\/b><\/sup><\/span> Estabelecerei meu pacto convosco, e n\u00e3o ser\u00e1 mais exterminada toda carne com \u00e1guas de dil\u00favio; nem haver\u00e1 mais dil\u00favio para destruir a terra. <\/span><br><span><span><sup><b>12<\/b><\/sup><\/span> E disse Deus: Este ser\u00e1 o sinal do pacto que eu estabele\u00e7o entre mim e v\u00f3s e toda alma vivente que est\u00e1 convosco, por tempos perp\u00e9tuos: <\/span><br><span><span><sup><b>13<\/b><\/sup><\/span> Meu arco porei nas nuvens, o qual ser\u00e1 por sinal de alian\u00e7a entre mim e a terra. <\/span><br><span><span><sup><b>14<\/b><\/sup><\/span> E ser\u00e1 que quando fizer vir nuvens sobre a terra, se deixar\u00e1 ver ent\u00e3o meu arco nas nuvens. <\/span><br><span><span><sup><b>15<\/b><\/sup><\/span> E me lembrarei do meu pacto, que h\u00e1 entre mim e v\u00f3s e toda alma vivente de toda carne; e n\u00e3o ser\u00e3o mais as \u00e1guas por dil\u00favio para destruir toda carne. <\/span><br><span><span><sup><b>16<\/b><\/sup><\/span> E estar\u00e1 o arco nas nuvens, e o verei para me lembrar do pacto perp\u00e9tuo entre Deus e toda alma vivente, com toda carne que h\u00e1 sobre a terra. <\/span><br><span><span><sup><b>17<\/b><\/sup><\/span> Disse, pois, Deus a No\u00e9: Este ser\u00e1 o sinal do pacto que estabeleci entre mim e toda carne que est\u00e1 sobre a terra. <\/span><br><span><span><sup><b>18<\/b><\/sup><\/span> E os filhos de No\u00e9 que sa\u00edram da arca foram Sem, Cam e Jaf\u00e9: e Cam \u00e9 o pai de Cana\u00e3. <\/span><br><span><span><sup><b>19<\/b><\/sup><\/span> Estes tr\u00eas s\u00e3o os filhos de No\u00e9; e deles foi cheia toda a terra. <\/span><br><span><span><sup><b>20<\/b><\/sup><\/span> E come\u00e7ou No\u00e9 a lavrar a terra, e plantou uma vinha: <\/span><br><span><span><sup><b>21<\/b><\/sup><\/span> E bebeu do veio, e se embriagou, e estava descoberto em meio de sua tenda. <\/span><br><span><span><sup><b>22<\/b><\/sup><\/span> E Cam, pai de Cana\u00e3, viu a nudez de seu pai, e disse-o a seus dois irm\u00e3os \u00e0 parte de fora. <\/span><br><span><span><sup><b>23<\/b><\/sup><\/span> Ent\u00e3o Sem e Jaf\u00e9 tomaram a roupa, e a puseram sobre seus pr\u00f3prios ombros, e andando at\u00e9 atr\u00e1s, cobriram a nudez de seu pai tendo seus rostos virados, e assim n\u00e3o viram a nudez de seu pai. <\/span><br><span><span><sup><b>24<\/b><\/sup><\/span> E despertou No\u00e9 de seu vinho, e soube o que havia feito com ele seu filho o mais jovem; <\/span><br><span><span><sup><b>25<\/b><\/sup><\/span> E disse: Maldito seja Cana\u00e3; Servo de servos ser\u00e1 a seus irm\u00e3os. <\/span><br><span><span><sup><b>26<\/b><\/sup><\/span> Disse mais: Bendito o SENHOR o Deus de Sem, E seja-lhe Cana\u00e3 servo. <\/span><br><span><span><sup><b>27<\/b><\/sup><\/span> Engrande\u00e7a Deus a Jaf\u00e9, E habite nas tendas de Sem, E seja-lhe Cana\u00e3 servo. <\/span><br><span><span><sup><b>28<\/b><\/sup><\/span> E viveu No\u00e9 depois do dil\u00favio trezentos e cinquenta anos. <\/span><br><span><span><sup><b>29<\/b><\/sup><\/span> E foram todos os dias de No\u00e9 novecentos e cinquenta anos; e morreu.<br><\/span><\/p>\n\n\n\n<div class=\"wp-block-columns is-layout-flex wp-container-core-columns-is-layout-9d6595d7 wp-block-columns-is-layout-flex\">\n<div class=\"wp-block-column is-layout-flow wp-block-column-is-layout-flow\">\n<p><a href=\"https:\/\/bibliapresente.com\/postagens\/livros-da-biblia\/genesis\/genesis-8\/\" title=\"G\u00eanesis 8\">G\u00eanesis 8<\/a><\/p>\n<\/div>\n\n\n\n<div class=\"wp-block-column is-layout-flow wp-block-column-is-layout-flow\">\n<p class=\"has-text-align-right\"><a href=\"\/genesis-2\" title=\"G\u00eanesis 2\">G\u00eanesis 10<\/a><\/p>\n<\/div>\n<\/div>\n\n\n\n<h2 class=\"wp-block-heading\">Descri\u00e7\u00e3o &#8211; G\u00eanesis 9<\/h2>\n\n\n\n<p class=\"has-medium-font-size\">G\u00eanesis 9 revela a alian\u00e7a de Deus com No\u00e9 ap\u00f3s o dil\u00favio, marcando um recome\u00e7o para a cria\u00e7\u00e3o. Deus aben\u00e7oa No\u00e9 e seus filhos, instruindo-os a repovoar a terra, e estabelece o arco-\u00edris como sinal de Sua promessa de nunca mais destruir o mundo com um dil\u00favio. Este cap\u00edtulo enfatiza temas de renova\u00e7\u00e3o, responsabilidade humana e a fidelidade de Deus, conectando-se ao plano maior de reden\u00e7\u00e3o presente no livro de G\u00eanesis. Tamb\u00e9m aborda as primeiras diretrizes para uma nova era, reafirmando a santidade da vida. Explore a profundidade desse cap\u00edtulo e sua mensagem de esperan\u00e7a e alian\u00e7a eterna.<\/p>\n\n\n\n<h3 class=\"wp-block-heading\">Livro do G\u00eanesis:<\/h3>\n\n\n<ul class=\"wp-block-page-list\"><li class=\"wp-block-pages-list__item\"><a class=\"wp-block-pages-list__item__link\" href=\"https:\/\/bibliapresente.com\/postagens\/livros-da-biblia\/genesis\/genesis-1\/\">G\u00eanesis 1 &#8211; A Cria\u00e7\u00e3o do Universo<\/a><\/li><li class=\"wp-block-pages-list__item\"><a class=\"wp-block-pages-list__item__link\" href=\"https:\/\/bibliapresente.com\/postagens\/livros-da-biblia\/genesis\/genesis-2\/\">G\u00eanesis 2 &#8211; O Jardim do \u00c9den<\/a><\/li><li class=\"wp-block-pages-list__item\"><a class=\"wp-block-pages-list__item__link\" href=\"https:\/\/bibliapresente.com\/postagens\/livros-da-biblia\/genesis\/genesis-3\/\">G\u00eanesis 3 &#8211; O Pecado Original<\/a><\/li><li class=\"wp-block-pages-list__item\"><a class=\"wp-block-pages-list__item__link\" href=\"https:\/\/bibliapresente.com\/postagens\/livros-da-biblia\/genesis\/genesis-4\/\">G\u00eanesis 4 &#8211; Caim e Abel<\/a><\/li><li class=\"wp-block-pages-list__item\"><a class=\"wp-block-pages-list__item__link\" href=\"https:\/\/bibliapresente.com\/postagens\/livros-da-biblia\/genesis\/genesis-5\/\">G\u00eanesis 5 &#8211; Genealogia de Ad\u00e3o a No\u00e9<\/a><\/li><li class=\"wp-block-pages-list__item\"><a class=\"wp-block-pages-list__item__link\" href=\"https:\/\/bibliapresente.com\/postagens\/livros-da-biblia\/genesis\/genesis-6-a-corrupcao-e-o-chamado-de-noe\/\">G\u00eanesis 6 &#8211; A Corrup\u00e7\u00e3o e o Chamado de No\u00e9<\/a><\/li><li class=\"wp-block-pages-list__item\"><a class=\"wp-block-pages-list__item__link\" href=\"https:\/\/bibliapresente.com\/postagens\/livros-da-biblia\/genesis\/genesis-7\/\">G\u00eanesis 7 &#8211; O Grande Dil\u00favio<\/a><\/li><li class=\"wp-block-pages-list__item\"><a class=\"wp-block-pages-list__item__link\" href=\"https:\/\/bibliapresente.com\/postagens\/livros-da-biblia\/genesis\/genesis-8\/\">G\u00eanesis 8 &#8211; As \u00c1guas do Dil\u00favio Recuam<\/a><\/li><li class=\"wp-block-pages-list__item\"><a class=\"wp-block-pages-list__item__link\" href=\"https:\/\/bibliapresente.com\/postagens\/livros-da-biblia\/genesis\/genesis-9\/\">G\u00eanesis 9 &#8211; A Grande Alian\u00e7a do Arco-\u00cdris<\/a><\/li><li class=\"wp-block-pages-list__item\"><a class=\"wp-block-pages-list__item__link\" href=\"https:\/\/bibliapresente.com\/postagens\/livros-da-biblia\/genesis\/genesis-10-as-nacoes-descendentes-de-noe\/\">G\u00eanesis 10 &#8211; As Na\u00e7\u00f5es Descendentes de No\u00e9<\/a><\/li><li class=\"wp-block-pages-list__item\"><a class=\"wp-block-pages-list__item__link\" href=\"https:\/\/bibliapresente.com\/postagens\/livros-da-biblia\/genesis\/genesis-11-a-torre-de-babel\/\">G\u00eanesis 11 &#8211; A Torre de Babel<\/a><\/li><li class=\"wp-block-pages-list__item\"><a class=\"wp-block-pages-list__item__link\" href=\"https:\/\/bibliapresente.com\/postagens\/livros-da-biblia\/genesis\/genesis-12-o-chamado-de-abraao\/\">G\u00eanesis 12 &#8211; O Chamado de Abra\u00e3o<\/a><\/li><li class=\"wp-block-pages-list__item\"><a class=\"wp-block-pages-list__item__link\" href=\"https:\/\/bibliapresente.com\/postagens\/livros-da-biblia\/genesis\/genesis-13-a-separacao-de-abrao-e-lo\/\">G\u00eanesis 13 &#8211; A Separa\u00e7\u00e3o de Abr\u00e3o e L\u00f3<\/a><\/li><li class=\"wp-block-pages-list__item\"><a class=\"wp-block-pages-list__item__link\" href=\"https:\/\/bibliapresente.com\/postagens\/livros-da-biblia\/genesis\/genesis-14\/\">G\u00eanesis 14 &#8211; A B\u00ean\u00e7\u00e3o de Melquisedeque<\/a><\/li><li class=\"wp-block-pages-list__item\"><a class=\"wp-block-pages-list__item__link\" href=\"https:\/\/bibliapresente.com\/postagens\/livros-da-biblia\/genesis\/genesis-15\/\">G\u00eanesis 15 &#8211; A Alian\u00e7a de Deus com Abr\u00e3o<\/a><\/li><li class=\"wp-block-pages-list__item\"><a class=\"wp-block-pages-list__item__link\" href=\"https:\/\/bibliapresente.com\/postagens\/livros-da-biblia\/genesis\/genesis-16\/\">G\u00eanesis 16 &#8211; O Nascimento de Ismael<\/a><\/li><li class=\"wp-block-pages-list__item\"><a class=\"wp-block-pages-list__item__link\" href=\"https:\/\/bibliapresente.com\/postagens\/livros-da-biblia\/genesis\/genesis-17\/\">G\u00eanesis 17 &#8211; A Institui\u00e7\u00e3o da Circuncis\u00e3o<\/a><\/li><li class=\"wp-block-pages-list__item\"><a class=\"wp-block-pages-list__item__link\" href=\"https:\/\/bibliapresente.com\/postagens\/livros-da-biblia\/genesis\/genesis-18\/\">G\u00eanesis 18 &#8211; A Visita dos Tr\u00eas Anjos<\/a><\/li><li class=\"wp-block-pages-list__item\"><a class=\"wp-block-pages-list__item__link\" href=\"https:\/\/bibliapresente.com\/postagens\/livros-da-biblia\/genesis\/genesis-19\/\">G\u00eanesis 19 &#8211; Sodoma e Gomorra<\/a><\/li><li class=\"wp-block-pages-list__item\"><a class=\"wp-block-pages-list__item__link\" href=\"https:\/\/bibliapresente.com\/postagens\/livros-da-biblia\/genesis\/genesis-20\/\">G\u00eanesis 20 &#8211; Abra\u00e3o e Abimeleque<\/a><\/li><li class=\"wp-block-pages-list__item\"><a class=\"wp-block-pages-list__item__link\" href=\"https:\/\/bibliapresente.com\/postagens\/livros-da-biblia\/genesis\/genesis-21\/\">G\u00eanesis 21 &#8211; O Nascimento de Isaque<\/a><\/li><li class=\"wp-block-pages-list__item\"><a class=\"wp-block-pages-list__item__link\" href=\"https:\/\/bibliapresente.com\/postagens\/livros-da-biblia\/genesis\/genesis-22\/\">G\u00eanesis 22 &#8211; O Sacrif\u00edcio de Isaque<\/a><\/li><li class=\"wp-block-pages-list__item\"><a class=\"wp-block-pages-list__item__link\" href=\"https:\/\/bibliapresente.com\/postagens\/livros-da-biblia\/genesis\/genesis-23\/\">G\u00eanesis 23 &#8211; A Morte de Sara<\/a><\/li><li class=\"wp-block-pages-list__item\"><a class=\"wp-block-pages-list__item__link\" href=\"https:\/\/bibliapresente.com\/postagens\/livros-da-biblia\/genesis\/genesis-24\/\">G\u00eanesis 24 &#8211; O Casamento de Isaque<\/a><\/li><li class=\"wp-block-pages-list__item\"><a class=\"wp-block-pages-list__item__link\" href=\"https:\/\/bibliapresente.com\/postagens\/livros-da-biblia\/genesis\/genesis-25\/\">G\u00eanesis 25 &#8211; O Nascimento de Esa\u00fa e Jac\u00f3<\/a><\/li><li class=\"wp-block-pages-list__item\"><a class=\"wp-block-pages-list__item__link\" href=\"https:\/\/bibliapresente.com\/postagens\/livros-da-biblia\/genesis\/genesis-26\/\">G\u00eanesis 26 &#8211; As Promessas de Deus a Isaque<\/a><\/li><li class=\"wp-block-pages-list__item\"><a class=\"wp-block-pages-list__item__link\" href=\"https:\/\/bibliapresente.com\/postagens\/livros-da-biblia\/genesis\/genesis-27\/\">G\u00eanesis 27 &#8211; Jac\u00f3 Engana Isaque<\/a><\/li><li class=\"wp-block-pages-list__item\"><a class=\"wp-block-pages-list__item__link\" href=\"https:\/\/bibliapresente.com\/postagens\/livros-da-biblia\/genesis\/genesis-28\/\">G\u00eanesis 28 &#8211; O Sonho de Jac\u00f3 em Betel<\/a><\/li><li class=\"wp-block-pages-list__item\"><a class=\"wp-block-pages-list__item__link\" href=\"https:\/\/bibliapresente.com\/postagens\/livros-da-biblia\/genesis\/genesis-29\/\">G\u00eanesis 29 &#8211; Jac\u00f3 e as Filhas de Lab\u00e3o<\/a><\/li><li class=\"wp-block-pages-list__item\"><a class=\"wp-block-pages-list__item__link\" href=\"https:\/\/bibliapresente.com\/postagens\/livros-da-biblia\/genesis\/genesis-30\/\">G\u00eanesis 30 &#8211; O Acordo de Jac\u00f3 com Lab\u00e3o<\/a><\/li><li class=\"wp-block-pages-list__item\"><a class=\"wp-block-pages-list__item__link\" href=\"https:\/\/bibliapresente.com\/postagens\/livros-da-biblia\/genesis\/genesis-31\/\">G\u00eanesis 31 &#8211; A Fuga de Jac\u00f3<\/a><\/li><li class=\"wp-block-pages-list__item\"><a class=\"wp-block-pages-list__item__link\" href=\"https:\/\/bibliapresente.com\/postagens\/livros-da-biblia\/genesis\/genesis-32\/\">G\u00eanesis 32 &#8211; A Luta de Jac\u00f3 com O Anjo<\/a><\/li><li class=\"wp-block-pages-list__item\"><a class=\"wp-block-pages-list__item__link\" href=\"https:\/\/bibliapresente.com\/postagens\/livros-da-biblia\/genesis\/genesis-33\/\">G\u00eanesis 33 &#8211; A Reconcilia\u00e7\u00e3o de Jac\u00f3 e Esa\u00fa<\/a><\/li><li class=\"wp-block-pages-list__item\"><a class=\"wp-block-pages-list__item__link\" href=\"https:\/\/bibliapresente.com\/postagens\/livros-da-biblia\/genesis\/genesis-34\/\">G\u00eanesis 34 &#8211; O Caso de Din\u00e1<\/a><\/li><li class=\"wp-block-pages-list__item\"><a class=\"wp-block-pages-list__item__link\" href=\"https:\/\/bibliapresente.com\/postagens\/livros-da-biblia\/genesis\/genesis-35\/\">G\u00eanesis 35 &#8211; A Consagra\u00e7\u00e3o de Jac\u00f3 em Betel<\/a><\/li><li class=\"wp-block-pages-list__item\"><a class=\"wp-block-pages-list__item__link\" href=\"https:\/\/bibliapresente.com\/postagens\/livros-da-biblia\/genesis\/genesis-36\/\">G\u00eanesis 36 &#8211; Os Descendentes de Esa\u00fa<\/a><\/li><li class=\"wp-block-pages-list__item\"><a class=\"wp-block-pages-list__item__link\" href=\"https:\/\/bibliapresente.com\/postagens\/livros-da-biblia\/genesis\/genesis-37\/\">G\u00eanesis 37 &#8211; Jos\u00e9 Vendido como Escravo<\/a><\/li><li class=\"wp-block-pages-list__item\"><a class=\"wp-block-pages-list__item__link\" href=\"https:\/\/bibliapresente.com\/postagens\/livros-da-biblia\/genesis\/genesis-38\/\">G\u00eanesis 38 &#8211; Jud\u00e1 e Tamar<\/a><\/li><li class=\"wp-block-pages-list__item\"><a class=\"wp-block-pages-list__item__link\" href=\"https:\/\/bibliapresente.com\/postagens\/livros-da-biblia\/genesis\/genesis-39\/\">G\u00eanesis 39 &#8211; Jos\u00e9 na Casa de Potifar<\/a><\/li><li class=\"wp-block-pages-list__item\"><a class=\"wp-block-pages-list__item__link\" href=\"https:\/\/bibliapresente.com\/postagens\/livros-da-biblia\/genesis\/genesis-40\/\">G\u00eanesis 40 &#8211; Jos\u00e9 Interpreta Sonhos<\/a><\/li><li class=\"wp-block-pages-list__item\"><a class=\"wp-block-pages-list__item__link\" href=\"https:\/\/bibliapresente.com\/postagens\/livros-da-biblia\/genesis\/genesis-41\/\">G\u00eanesis 41 &#8211; O Sonho do Fara\u00f3<\/a><\/li><li class=\"wp-block-pages-list__item\"><a class=\"wp-block-pages-list__item__link\" href=\"https:\/\/bibliapresente.com\/postagens\/livros-da-biblia\/genesis\/genesis-42\/\">G\u00eanesis 42 &#8211; Os Irm\u00e3os de Jos\u00e9 no Egito<\/a><\/li><li class=\"wp-block-pages-list__item\"><a class=\"wp-block-pages-list__item__link\" href=\"https:\/\/bibliapresente.com\/postagens\/livros-da-biblia\/genesis\/genesis-43\/\">G\u00eanesis 43 &#8211; Benjamim Vai ao Egito<\/a><\/li><li class=\"wp-block-pages-list__item\"><a class=\"wp-block-pages-list__item__link\" href=\"https:\/\/bibliapresente.com\/postagens\/livros-da-biblia\/genesis\/genesis-44\/\">G\u00eanesis 44 &#8211; O Sacrif\u00edcio de Jud\u00e1<\/a><\/li><li class=\"wp-block-pages-list__item\"><a class=\"wp-block-pages-list__item__link\" href=\"https:\/\/bibliapresente.com\/postagens\/livros-da-biblia\/genesis\/genesis-45\/\">G\u00eanesis 45 &#8211; Jos\u00e9 se Revela a seus Irm\u00e3os<\/a><\/li><li class=\"wp-block-pages-list__item\"><a class=\"wp-block-pages-list__item__link\" href=\"https:\/\/bibliapresente.com\/postagens\/livros-da-biblia\/genesis\/genesis-46\/\">G\u00eanesis 46 &#8211; A Viagem de Jac\u00f3 ao Egito<\/a><\/li><li class=\"wp-block-pages-list__item\"><a class=\"wp-block-pages-list__item__link\" href=\"https:\/\/bibliapresente.com\/postagens\/livros-da-biblia\/genesis\/genesis-47\/\">G\u00eanesis 47 &#8211; Jac\u00f3 Aben\u00e7oa o Fara\u00f3<\/a><\/li><li class=\"wp-block-pages-list__item\"><a class=\"wp-block-pages-list__item__link\" href=\"https:\/\/bibliapresente.com\/postagens\/livros-da-biblia\/genesis\/genesis-48\/\">G\u00eanesis 48 &#8211; Jac\u00f3 Aben\u00e7oa os Filhos de Jos\u00e9<\/a><\/li><li class=\"wp-block-pages-list__item\"><a class=\"wp-block-pages-list__item__link\" href=\"https:\/\/bibliapresente.com\/postagens\/livros-da-biblia\/genesis\/genesis-49\/\">G\u00eanesis 49 &#8211; B\u00ean\u00e7\u00e3os de Jac\u00f3 a Seus Filhos<\/a><\/li><li class=\"wp-block-pages-list__item\"><a class=\"wp-block-pages-list__item__link\" href=\"https:\/\/bibliapresente.com\/postagens\/livros-da-biblia\/genesis\/genesis-50\/\">G\u00eanesis 50 &#8211; A Morte de Jac\u00f3<\/a><\/li><\/ul>\n\n\n<p><\/p>\n","protected":false},"excerpt":{"rendered":"<p>1 E aben\u00e7oou Deus a No\u00e9 e a seus filhos, e disse-lhes: Frutificai, e multiplicai, e enchei a terra: 2 E vosso temor e vosso pavor ser\u00e1 sobre todo animal da terra, e sobre toda ave dos c\u00e9us, em tudo o que se mover na terra, e em todos os peixes do mar: em vossa &hellip; <\/p>\n","protected":false},"author":2,"featured_media":263,"parent":233,"menu_order":9,"comment_status":"closed","ping_status":"closed","template":"","meta":{"om_disable_all_campaigns":false,"_monsterinsights_skip_tracking":false,"_monsterinsights_sitenote_active":false,"_monsterinsights_sitenote_note":"","_monsterinsights_sitenote_category":0,"footnotes":""},"class_list":["post-303","page","type-page","status-publish","has-post-thumbnail","hentry"],"aioseo_notices":[],"_links":{"self":[{"href":"https:\/\/bibliapresente.com\/postagens\/wp-json\/wp\/v2\/pages\/303","targetHints":{"allow":["GET"]}}],"collection":[{"href":"https:\/\/bibliapresente.com\/postagens\/wp-json\/wp\/v2\/pages"}],"about":[{"href":"https:\/\/bibliapresente.com\/postagens\/wp-json\/wp\/v2\/types\/page"}],"author":[{"embeddable":true,"href":"https:\/\/bibliapresente.com\/postagens\/wp-json\/wp\/v2\/users\/2"}],"replies":[{"embeddable":true,"href":"https:\/\/bibliapresente.com\/postagens\/wp-json\/wp\/v2\/comments?post=303"}],"version-history":[{"count":3,"href":"https:\/\/bibliapresente.com\/postagens\/wp-json\/wp\/v2\/pages\/303\/revisions"}],"predecessor-version":[{"id":469,"href":"https:\/\/bibliapresente.com\/postagens\/wp-json\/wp\/v2\/pages\/303\/revisions\/469"}],"up":[{"embeddable":true,"href":"https:\/\/bibliapresente.com\/postagens\/wp-json\/wp\/v2\/pages\/233"}],"wp:featuredmedia":[{"embeddable":true,"href":"https:\/\/bibliapresente.com\/postagens\/wp-json\/wp\/v2\/media\/263"}],"wp:attachment":[{"href":"https:\/\/bibliapresente.com\/postagens\/wp-json\/wp\/v2\/media?parent=303"}],"curies":[{"name":"wp","href":"https:\/\/api.w.org\/{rel}","templated":true}]}}