{"id":299,"date":"2024-12-22T11:47:39","date_gmt":"2024-12-22T14:47:39","guid":{"rendered":"https:\/\/bibliapresente.com\/postagens\/?page_id=299"},"modified":"2024-12-22T12:05:27","modified_gmt":"2024-12-22T15:05:27","slug":"genesis-7","status":"publish","type":"page","link":"https:\/\/bibliapresente.com\/postagens\/livros-da-biblia\/genesis\/genesis-7\/","title":{"rendered":"G\u00eanesis 7 &#8211; O Grande Dil\u00favio"},"content":{"rendered":"\n<h3 class=\"wp-block-heading\">No\u00e9 e sua fam\u00edlia entram na Arca<\/h3>\n\n\n\n<p><sup><strong>1<\/strong><\/sup> E o SENHOR disse a No\u00e9: Entra tu e toda tua casa na arca porque a ti vi justo diante de mim nesta gera\u00e7\u00e3o.<br><sup><strong>2<\/strong><\/sup> De todo animal limpo tomar\u00e1s de sete em sete, macho e sua f\u00eamea; mas dos animais que n\u00e3o s\u00e3o limpos, dois, macho e sua f\u00eamea.<br><sup><strong>3<\/strong><\/sup> Tamb\u00e9m das aves dos c\u00e9us de sete em sete, macho e f\u00eamea; para guardar em vida a descend\u00eancia sobre a face de toda a terra.<br><sup><strong>4<\/strong><\/sup> Porque passados ainda sete dias, eu farei chover sobre a terra quarenta dias e quarenta noites; e apagarei toda criatura que fiz de sobre a face da terra.<br><sup><strong>5<\/strong><\/sup> E fez No\u00e9 conforme tudo o que lhe mandou o SENHOR.<br><sup><strong>6<\/strong><\/sup> E sendo No\u00e9 de seiscentos anos, o dil\u00favio das \u00e1guas foi sobre a terra.<br><sup><strong>7<\/strong><\/sup> E veio No\u00e9, e seus filhos, e sua mulher, e as mulheres de seus filhos com ele \u00e0 arca, por causa das \u00e1guas do dil\u00favio.<br><sup><strong>8<\/strong><\/sup> Dos animais limpos, e dos animais que n\u00e3o eram limpos, e das aves, e de todo o que anda arrastando sobre a terra,<br><sup><strong>9<\/strong><\/sup> De dois em dois entraram a No\u00e9 na arca: macho e f\u00eamea, como mandou Deus a No\u00e9.<br><sup><strong>10<\/strong><\/sup> E sucedeu que ao s\u00e9timo dia as \u00e1guas do dil\u00favio foram sobre a terra.<br><sup><strong>11<\/strong><\/sup> No ano seiscentos da vida de No\u00e9, no m\u00eas segundo, no dia dezessete do m\u00eas, naquele dia foram rompidas todas as fontes do grande abismo, e as comportas dos c\u00e9us foram abertas;<br><sup><strong>12<\/strong><\/sup> E houve chuva sobre a terra quarenta dias e quarenta noites.<br><sup><strong>13<\/strong><\/sup> Neste mesmo dia entrou No\u00e9, e Sem, e Cam e Jaf\u00e9, filhos de No\u00e9, a mulher de No\u00e9, e as tr\u00eas mulheres de seus filhos com ele na arca;<br><sup><strong>14<\/strong><\/sup> Eles e todos os animais silvestres segundo suas esp\u00e9cies, e todos os animais mansos segundo suas esp\u00e9cies, e todo r\u00e9ptil que anda arrastando sobre a terra segundo sua esp\u00e9cie, e toda ave segundo sua esp\u00e9cie, todo p\u00e1ssaro, toda esp\u00e9cie de animal voador.<br><sup><strong>15<\/strong><\/sup> E vieram a No\u00e9 \u00e0 arca, de dois em dois de toda carne em que havia esp\u00edrito de vida.<br><sup><strong>16<\/strong><\/sup> E os que vieram, macho e f\u00eamea de toda carne vieram, como lhe havia mandado Deus: e o SENHOR lhe fechou a porta.<\/p>\n\n\n\n<h3 class=\"wp-block-heading\">O dil\u00favio<\/h3>\n\n\n\n<p><sup><strong>17<\/strong><\/sup> E foi o dil\u00favio quarenta dias sobre a terra; e as \u00e1guas cresceram, e levantaram a arca, e se elevou sobre a terra.<br><sup><strong>18<\/strong><\/sup> E prevaleceram as \u00e1guas, e cresceram em grande maneira sobre a terra; e andava a arca sobre a face das \u00e1guas.<br><sup><strong>19<\/strong><\/sup> E as \u00e1guas prevaleceram muito em extremo sobre a terra; e todos os montes altos que havia debaixo de todos os c\u00e9us, foram cobertos.<br><sup><strong>20<\/strong><\/sup> Quinze c\u00f4vados em altura prevaleceram as \u00e1guas; e foram cobertos os montes.<br><sup><strong>21<\/strong><\/sup> E morreu toda carne que se move sobre a terra, tanto de aves como de gados, e de animais, e de todo r\u00e9ptil que anda arrastando sobre a terra, e todo ser humano:<br><sup><strong>22<\/strong><\/sup> Tudo o que tinha f\u00f4lego de esp\u00edrito de vida em suas narinas, de tudo o que havia na terra, morreu.<br><sup><strong>23<\/strong><\/sup> Assim foi destru\u00edda toda criatura que vivia sobre a face da terra, desde o ser humano at\u00e9 o animal, e os r\u00e9pteis, e as aves do c\u00e9u; e foram apagados da terra; e restou somente No\u00e9, e os que com ele estavam na arca.<br><sup><strong>24<\/strong><\/sup> E prevaleceram as \u00e1guas sobre a terra cento e cinquenta dias.<\/p>\n\n\n\n<div class=\"wp-block-columns is-layout-flex wp-container-core-columns-is-layout-9d6595d7 wp-block-columns-is-layout-flex\">\n<div class=\"wp-block-column is-layout-flow wp-block-column-is-layout-flow\">\n<p><a href=\"\/genesis\" title=\"O Livro do G\u00eanesis\">G\u00eanesis 6<\/a><\/p>\n<\/div>\n\n\n\n<div class=\"wp-block-column is-layout-flow wp-block-column-is-layout-flow\">\n<p class=\"has-text-align-right\"><a href=\"\/genesis-2\" title=\"G\u00eanesis 2\">G\u00eanesis 8<\/a><\/p>\n<\/div>\n<\/div>\n\n\n\n<h2 class=\"wp-block-heading\">Descri\u00e7\u00e3o &#8211; G\u00eanesis 7<\/h2>\n\n\n\n<p class=\"has-medium-font-size\">G\u00eanesis 7 narra o cumprimento do julgamento divino com o grande dil\u00favio. Deus ordena a No\u00e9 que entre na arca com sua fam\u00edlia e pares de cada esp\u00e9cie animal. O cap\u00edtulo descreve a destrui\u00e7\u00e3o de toda vida fora da arca. Enquanto isso, as \u00e1guas cobrem a terra por quarenta dias e quarenta noites. Este evento \u00e9 um marco na hist\u00f3ria b\u00edblica. E demonstra tanto a justi\u00e7a de Deus contra o pecado quanto Sua prote\u00e7\u00e3o para os justos. A hist\u00f3ria refor\u00e7a temas de obedi\u00eancia e f\u00e9 em Deus no contexto do plano de reden\u00e7\u00e3o que permeia o livro de G\u00eanesis.<\/p>\n\n\n\n<p><\/p>\n","protected":false},"excerpt":{"rendered":"<p>No\u00e9 e sua fam\u00edlia entram na Arca 1 E o SENHOR disse a No\u00e9: Entra tu e toda tua casa na arca porque a ti vi justo diante de mim nesta gera\u00e7\u00e3o.2 De todo animal limpo tomar\u00e1s de sete em sete, macho e sua f\u00eamea; mas dos animais que n\u00e3o s\u00e3o limpos, dois, macho e &hellip; <\/p>\n","protected":false},"author":2,"featured_media":263,"parent":233,"menu_order":7,"comment_status":"closed","ping_status":"closed","template":"","meta":{"om_disable_all_campaigns":false,"_monsterinsights_skip_tracking":false,"_monsterinsights_sitenote_active":false,"_monsterinsights_sitenote_note":"","_monsterinsights_sitenote_category":0,"footnotes":""},"class_list":["post-299","page","type-page","status-publish","has-post-thumbnail","hentry"],"aioseo_notices":[],"_links":{"self":[{"href":"https:\/\/bibliapresente.com\/postagens\/wp-json\/wp\/v2\/pages\/299","targetHints":{"allow":["GET"]}}],"collection":[{"href":"https:\/\/bibliapresente.com\/postagens\/wp-json\/wp\/v2\/pages"}],"about":[{"href":"https:\/\/bibliapresente.com\/postagens\/wp-json\/wp\/v2\/types\/page"}],"author":[{"embeddable":true,"href":"https:\/\/bibliapresente.com\/postagens\/wp-json\/wp\/v2\/users\/2"}],"replies":[{"embeddable":true,"href":"https:\/\/bibliapresente.com\/postagens\/wp-json\/wp\/v2\/comments?post=299"}],"version-history":[{"count":2,"href":"https:\/\/bibliapresente.com\/postagens\/wp-json\/wp\/v2\/pages\/299\/revisions"}],"predecessor-version":[{"id":416,"href":"https:\/\/bibliapresente.com\/postagens\/wp-json\/wp\/v2\/pages\/299\/revisions\/416"}],"up":[{"embeddable":true,"href":"https:\/\/bibliapresente.com\/postagens\/wp-json\/wp\/v2\/pages\/233"}],"wp:featuredmedia":[{"embeddable":true,"href":"https:\/\/bibliapresente.com\/postagens\/wp-json\/wp\/v2\/media\/263"}],"wp:attachment":[{"href":"https:\/\/bibliapresente.com\/postagens\/wp-json\/wp\/v2\/media?parent=299"}],"curies":[{"name":"wp","href":"https:\/\/api.w.org\/{rel}","templated":true}]}}