{"id":297,"date":"2024-12-22T11:46:20","date_gmt":"2024-12-22T14:46:20","guid":{"rendered":"https:\/\/bibliapresente.com\/postagens\/?page_id=297"},"modified":"2024-12-22T12:05:15","modified_gmt":"2024-12-22T15:05:15","slug":"genesis-6-a-corrupcao-e-o-chamado-de-noe","status":"publish","type":"page","link":"https:\/\/bibliapresente.com\/postagens\/livros-da-biblia\/genesis\/genesis-6-a-corrupcao-e-o-chamado-de-noe\/","title":{"rendered":"G\u00eanesis 6 &#8211; A Corrup\u00e7\u00e3o e o Chamado de No\u00e9"},"content":{"rendered":"\n<h3 class=\"wp-block-heading\">A corrup\u00e7\u00e3o geral do g\u00eanero humano<\/h3>\n\n\n\n<p class=\"has-medium-font-size\" style=\"letter-spacing:1px\"><sup><strong>1<\/strong><\/sup> E aconteceu que, quando come\u00e7aram os homens a multiplicar-se sobre a face da terra, e lhes nasceram filhas,<br><sup><strong>2<\/strong><\/sup> Vendo os filhos de Deus que as filhas dos homens eram belas, tomaram para si mulheres, escolhendo entre todas.<br><sup><strong>3<\/strong><\/sup> E disse o SENHOR: N\u00e3o brigar\u00e1 meu esp\u00edrito com o ser humano para sempre, porque certamente ele \u00e9 carne: mas ser\u00e3o seus dias cento e vinte anos.<br><sup><strong>4<\/strong><\/sup> Havia gigantes na terra naqueles dias, e tamb\u00e9m depois que entraram os filhos de Deus \u00e0s filhas dos homens, e lhes geraram filhos: estes foram os valentes que desde a antiguidade foram homens de renome.<br><sup><strong>5<\/strong><\/sup> E viu o SENHOR que a mal\u00edcia dos seres humanos era muito na terra, e que todo des\u00edgnio dos pensamentos do cora\u00e7\u00e3o deles era continuamente somente o mal.<br><sup><strong>6<\/strong><\/sup> E arrependeu-se o SENHOR de haver feito o ser humano na terra, e pesou-lhe em seu cora\u00e7\u00e3o.<br><sup><strong>7<\/strong><\/sup> E disse o SENHOR: Apagarei os seres humanos que criei de sobre a face da terra, desde o ser humano at\u00e9 o animal, e at\u00e9 o r\u00e9ptil e as aves do c\u00e9u: porque me arrependo de hav\u00ea-los feito.<br><sup><strong>8<\/strong><\/sup> Por\u00e9m No\u00e9 achou favor aos olhos do SENHOR.<br><sup><strong>9<\/strong><\/sup> Estas s\u00e3o as gera\u00e7\u00f5es de No\u00e9: No\u00e9, homem justo, perfeito foi em suas gera\u00e7\u00f5es; com Deus caminhou No\u00e9.<br><sup><strong>10<\/strong><\/sup> E gerou No\u00e9 tr\u00eas filhos: a Sem, a Cam, e a Jaf\u00e9.<br><sup><strong>11<\/strong><\/sup> E corrompeu-se a terra diante de Deus, e estava a terra cheia de viol\u00eancia.<br><sup><strong>12<\/strong><\/sup> E olhou Deus a terra, e eis que estava contaminada; porque toda carne havia corrompido seu caminho sobre a terra.<\/p>\n\n\n\n<h3 class=\"wp-block-heading\">Deus anuncia o dil\u00favio a No\u00e9<\/h3>\n\n\n\n<p class=\"has-medium-font-size\" style=\"letter-spacing:1px\"><sup><strong>13<\/strong><\/sup> E disse Deus a No\u00e9: O fim de toda carne veio diante de mim; porque a terra est\u00e1 cheia de viol\u00eancia por causa deles; e eis que eu os destruirei com a terra.<br><sup><strong>14<\/strong><\/sup> Faze-te uma arca de madeira de g\u00f4fer: far\u00e1s aposentos na arca e a selar\u00e1s com betume por dentro e por fora.<br><sup><strong>15<\/strong><\/sup> E desta maneira a far\u00e1s: de trezentos c\u00f4vados o comprimento da arca, de cinquenta c\u00f4vados sua largura, e de trinta c\u00f4vados sua altura.<br><sup><strong>16<\/strong><\/sup> Uma janela far\u00e1s \u00e0 arca, e a acabar\u00e1s a um c\u00f4vado de eleva\u00e7\u00e3o pela parte de cima: e por\u00e1s a porta da arca a seu lado; e lhe far\u00e1s piso abaixo, segundo e terceiro.<br><sup><strong>17<\/strong><\/sup> E eu, eis que eu trago um dil\u00favio de \u00e1guas sobre a terra, para destruir toda carne em que haja esp\u00edrito de vida debaixo do c\u00e9u; tudo o que h\u00e1 na terra morrer\u00e1.<br><sup><strong>18<\/strong><\/sup> Mas estabelecerei meu pacto contigo, e entrar\u00e1s na arca tu, e teus filhos e tua mulher, e as mulheres de teus filhos contigo.<br><sup><strong>19<\/strong><\/sup> E de tudo o que vive, de toda carne, dois de cada esp\u00e9cie por\u00e1s na arca, para que tenham vida contigo; macho e f\u00eamea ser\u00e3o.<br><sup><strong>20<\/strong><\/sup> Das aves segundo sua esp\u00e9cie, e dos animais segundo sua esp\u00e9cie, de todo r\u00e9ptil da terra segundo sua esp\u00e9cie, dois de cada esp\u00e9cie entrar\u00e3o contigo para que tenham vida.<br><sup><strong>21<\/strong><\/sup> E toma contigo de toda comida que se come, e traga-a a ti; servir\u00e1 de alimento para ti e para eles.<br><sup><strong>22<\/strong><\/sup> E o fez assim No\u00e9; fez conforme tudo o que Deus lhe mandou.<\/p>\n\n\n\n<div class=\"wp-block-columns is-layout-flex wp-container-core-columns-is-layout-9d6595d7 wp-block-columns-is-layout-flex\">\n<div class=\"wp-block-column is-layout-flow wp-block-column-is-layout-flow\">\n<p><a href=\"\/genesis\/genesis-5\" title=\"G\u00eanesis 5\">G\u00eanesis 5<\/a><\/p>\n<\/div>\n\n\n\n<div class=\"wp-block-column is-layout-flow wp-block-column-is-layout-flow\">\n<p class=\"has-text-align-right\"><a href=\"\/genesis-2\" title=\"G\u00eanesis 2\">G\u00eanesis 7<\/a><\/p>\n<\/div>\n<\/div>\n\n\n\n<h2 class=\"wp-block-heading\">Descri\u00e7\u00e3o &#8211; G\u00eanesis 6<\/h2>\n\n\n\n<p class=\"has-medium-font-size\">G\u00eanesis 6 marca o in\u00edcio da hist\u00f3ria do dil\u00favio, quando Deus percebe a corrup\u00e7\u00e3o generalizada e a maldade no cora\u00e7\u00e3o humano. O cap\u00edtulo apresenta No\u00e9, um homem justo escolhido por Deus para preservar a vida na terra. A narrativa inclui a ordem divina para construir a arca e salvar sua fam\u00edlia e os animais. Esse momento de transi\u00e7\u00e3o enfatiza o julgamento divino e a gra\u00e7a para os fi\u00e9is. G\u00eanesis 6 conecta o in\u00edcio da humanidade com o renascimento p\u00f3s-dil\u00favio, refletindo a justi\u00e7a e a miseric\u00f3rdia de Deus.<\/p>\n\n\n\n<p><\/p>\n","protected":false},"excerpt":{"rendered":"<p>A corrup\u00e7\u00e3o geral do g\u00eanero humano 1 E aconteceu que, quando come\u00e7aram os homens a multiplicar-se sobre a face da terra, e lhes nasceram filhas,2 Vendo os filhos de Deus que as filhas dos homens eram belas, tomaram para si mulheres, escolhendo entre todas.3 E disse o SENHOR: N\u00e3o brigar\u00e1 meu esp\u00edrito com o ser &hellip; <\/p>\n","protected":false},"author":2,"featured_media":263,"parent":233,"menu_order":6,"comment_status":"closed","ping_status":"closed","template":"","meta":{"om_disable_all_campaigns":false,"_monsterinsights_skip_tracking":false,"_monsterinsights_sitenote_active":false,"_monsterinsights_sitenote_note":"","_monsterinsights_sitenote_category":0,"footnotes":""},"class_list":["post-297","page","type-page","status-publish","has-post-thumbnail","hentry"],"aioseo_notices":[],"_links":{"self":[{"href":"https:\/\/bibliapresente.com\/postagens\/wp-json\/wp\/v2\/pages\/297","targetHints":{"allow":["GET"]}}],"collection":[{"href":"https:\/\/bibliapresente.com\/postagens\/wp-json\/wp\/v2\/pages"}],"about":[{"href":"https:\/\/bibliapresente.com\/postagens\/wp-json\/wp\/v2\/types\/page"}],"author":[{"embeddable":true,"href":"https:\/\/bibliapresente.com\/postagens\/wp-json\/wp\/v2\/users\/2"}],"replies":[{"embeddable":true,"href":"https:\/\/bibliapresente.com\/postagens\/wp-json\/wp\/v2\/comments?post=297"}],"version-history":[{"count":3,"href":"https:\/\/bibliapresente.com\/postagens\/wp-json\/wp\/v2\/pages\/297\/revisions"}],"predecessor-version":[{"id":415,"href":"https:\/\/bibliapresente.com\/postagens\/wp-json\/wp\/v2\/pages\/297\/revisions\/415"}],"up":[{"embeddable":true,"href":"https:\/\/bibliapresente.com\/postagens\/wp-json\/wp\/v2\/pages\/233"}],"wp:featuredmedia":[{"embeddable":true,"href":"https:\/\/bibliapresente.com\/postagens\/wp-json\/wp\/v2\/media\/263"}],"wp:attachment":[{"href":"https:\/\/bibliapresente.com\/postagens\/wp-json\/wp\/v2\/media?parent=297"}],"curies":[{"name":"wp","href":"https:\/\/api.w.org\/{rel}","templated":true}]}}