{"id":293,"date":"2024-12-22T11:42:28","date_gmt":"2024-12-22T14:42:28","guid":{"rendered":"https:\/\/bibliapresente.com\/postagens\/?page_id=293"},"modified":"2025-05-05T21:00:38","modified_gmt":"2025-05-06T00:00:38","slug":"genesis-4","status":"publish","type":"page","link":"https:\/\/bibliapresente.com\/postagens\/livros-da-biblia\/genesis\/genesis-4\/","title":{"rendered":"G\u00eanesis 4 &#8211; Caim e Abel"},"content":{"rendered":"\n<h3 class=\"wp-block-heading\">O Nascimento de Caim, Abel, e Sete<\/h3>\n\n\n\n<p><span><span><sup>1<\/sup><\/span> E conheceu Ad\u00e3o a sua mulher Eva, a qual concebeu e deu \u00e0 luz a Caim, e disse: Adquiri um homem pelo SENHOR. <\/span><br><span><span><sup>2<\/sup><\/span> E depois deu \u00e0 luz a seu irm\u00e3o Abel. E foi Abel pastor de ovelhas, e Caim foi lavrador da terra. <\/span><br><span><span><sup>3<\/sup><\/span> E aconteceu decorrendo o tempo, que Caim trouxe do fruto da terra uma oferta ao SENHOR. <\/span><br><span><span><sup>4<\/sup><\/span> E Abel trouxe tamb\u00e9m dos primog\u00eanitos de suas ovelhas, e de sua gordura. E olhou o SENHOR com agrado a Abel e \u00e0 sua oferta; <\/span><br><span><span><sup>5<\/sup><\/span> Mas n\u00e3o olhou com bons olhos a Caim e \u00e0 sua oferta. E irritou-se Caim em grande maneira, e decaiu seu semblante. <\/span><br><span><span><sup>6<\/sup><\/span> Ent\u00e3o o SENHOR disse a Caim: Por que te irritaste, e por que se mudou teu rosto? <\/span><br><span><span><sup>7<\/sup><\/span> Se bem fizeres, n\u00e3o ser\u00e1s aceito? E se n\u00e3o fizeres bem, o pecado est\u00e1 \u00e0 porta; contra ti ser\u00e1 o seu desejo, por\u00e9m tu deves domin\u00e1-lo.<\/span><\/p>\n\n\n\n<h3 class=\"wp-block-heading\">O primeiro homic\u00eddio<\/h3>\n\n\n\n<p><span><span><sup>8<\/sup><\/span> E falou Caim a seu irm\u00e3o Abel; e aconteceu que estando eles no campo, Caim se levantou contra seu irm\u00e3o Abel, e o matou. <\/span><br><span><span><sup>9<\/sup><\/span> E o SENHOR disse a Caim: Onde est\u00e1 Abel teu irm\u00e3o? E ele respondeu: N\u00e3o sei; sou eu guarda de meu irm\u00e3o? <\/span><br><span><span><sup>10<\/sup><\/span> E ele lhe disse: Que fizeste? A voz do sangue de teu irm\u00e3o clama a mim desde a terra. <\/span><br><span><span><sup>11<\/sup><\/span> Agora, pois, maldito sejas tu da terra que abriu sua boca para receber o sangue de teu irm\u00e3o de tua m\u00e3o: <\/span><br><span><span><sup>12<\/sup><\/span> Quando lavrares a terra, n\u00e3o te voltar\u00e1 a dar sua for\u00e7a: errante e fugitivo ser\u00e1s na terra. <\/span><br><span><span><sup>13<\/sup><\/span> E disse Caim ao SENHOR: Grande \u00e9 minha iniquidade para ser perdoada. <\/span><br><span><span><sup>14<\/sup><\/span> Eis que me expulsas hoje da face da terra, e de tua presen\u00e7a me esconderei; e serei errante e fugitivo na terra; e suceder\u00e1 que qualquer um que me achar, me matar\u00e1. <\/span><br><span><span><sup>15<\/sup><\/span> E respondeu-lhe o SENHOR: Certo que qualquer um que matar a Caim, sete vezes ser\u00e1 castigado. Ent\u00e3o o SENHOR p\u00f4s sinal em Caim, para que n\u00e3o o ferisse qualquer um que o achasse. <\/span><br><span><span><sup>16<\/sup><\/span> E saiu Caim de diante do SENHOR, e habitou na terra de Node, ao oriente de \u00c9den. <\/span><br><span><span><sup>17<\/sup><\/span> E conheceu Caim a sua mulher, a qual concebeu e deu \u00e0 luz a Enoque: e edificou uma cidade, e chamou o nome da cidade do nome de seu filho, Enoque. <\/span><br><span><span><sup>18<\/sup><\/span> E a Enoque nasceu Irade, e Irade gerou a Meujael, e Meujael gerou a Metusael, e Metusael gerou a Lameque. <\/span><br><span><span><sup>19<\/sup><\/span> E tomou para si Lameque duas mulheres; o nome de uma foi Ada, e o nome da outra Zil\u00e1. <\/span><br><span><span><sup>20<\/sup><\/span> E Ada deu \u00e0 luz a Jabal, o qual foi pai dos que habitam em tendas, e criam gados. <\/span><br><span><span><sup>21<\/sup><\/span> E o nome de seu irm\u00e3o foi Jubal, o qual foi pai de todos os que manejam harpa e flauta. <\/span><br><span><span><sup>22<\/sup><\/span> E Zil\u00e1 tamb\u00e9m deu \u00e0 luz a Tubalcaim, feitor de toda obra de bronze e de ferro: e a irm\u00e3 de Tubalcaim foi Naam\u00e1. <\/span><br><span><span><sup>23<\/sup><\/span> E disse Lameque a suas mulheres: Ada e Zil\u00e1, ouvi minha voz; Mulheres de Lameque, escutai meu dito: Que matei um homem por ter me ferido, E um rapaz por ter me golpeado: <\/span><br><span><span><sup>24<\/sup><\/span> Se sete vezes ser\u00e1 vingado Caim, Lameque em verdade setenta vezes sete o ser\u00e1. <\/span><br><span><span><sup>25<\/sup><\/span> E conheceu de novo Ad\u00e3o \u00e0 sua mulher, a qual deu \u00e0 luz um filho, e chamou seu nome Sete: Porque Deus (disse ela) me substituiu outra descend\u00eancia em lugar de Abel, a quem matou Caim. <\/span><br><span><span><sup>26<\/sup><\/span> E a Sete tamb\u00e9m lhe nasceu um filho, e chamou seu nome Enos. Ent\u00e3o os homens come\u00e7aram a invocar o nome do SENHOR.<\/span><\/p>\n\n\n\n<div class=\"wp-block-columns is-layout-flex wp-container-core-columns-is-layout-9d6595d7 wp-block-columns-is-layout-flex\">\n<div class=\"wp-block-column is-layout-flow wp-block-column-is-layout-flow\">\n<p><a href=\"\/genesis-3\" title=\"G\u00eanesis 3\">G\u00eanesis 3<\/a><\/p>\n<\/div>\n\n\n\n<div class=\"wp-block-column is-layout-flow wp-block-column-is-layout-flow\">\n<p class=\"has-text-align-right\"><a href=\"\/genesis-5\" title=\"G\u00eanesis 5\">G\u00eanesis 5<\/a><\/p>\n<\/div>\n<\/div>\n\n\n\n<h2 class=\"wp-block-heading\">Descri\u00e7\u00e3o &#8211; G\u00eanesis 4<\/h2>\n\n\n\n<p class=\"has-medium-font-size\">G\u00eanesis 4 aborda os primeiros descendentes de Ad\u00e3o e Eva, explorando os temas de pecado, livre-arb\u00edtrio e suas consequ\u00eancias. O cap\u00edtulo narra o conflito entre Caim e Abel, destacando o ci\u00fame e a ira que levam ao primeiro homic\u00eddio registrado na B\u00edblia. Ap\u00f3s matar Abel, Caim \u00e9 confrontado por Deus e amaldi\u00e7oado, mas tamb\u00e9m recebe um sinal de prote\u00e7\u00e3o divina. Este cap\u00edtulo reflete o impacto cont\u00ednuo da queda do homem descrita em G\u00eanesis 3, mostrando como o pecado se manifesta nas rela\u00e7\u00f5es humanas. Ele tamb\u00e9m apresenta a linhagem de Caim e os avan\u00e7os culturais da humanidade, apontando para a complexidade da natureza humana.<\/p>\n\n\n\n<p><\/p>\n","protected":false},"excerpt":{"rendered":"<p>O Nascimento de Caim, Abel, e Sete 1 E conheceu Ad\u00e3o a sua mulher Eva, a qual concebeu e deu \u00e0 luz a Caim, e disse: Adquiri um homem pelo SENHOR. 2 E depois deu \u00e0 luz a seu irm\u00e3o Abel. E foi Abel pastor de ovelhas, e Caim foi lavrador da terra. 3 E &hellip; <\/p>\n","protected":false},"author":2,"featured_media":263,"parent":233,"menu_order":4,"comment_status":"closed","ping_status":"closed","template":"","meta":{"om_disable_all_campaigns":false,"_monsterinsights_skip_tracking":false,"_monsterinsights_sitenote_active":false,"_monsterinsights_sitenote_note":"","_monsterinsights_sitenote_category":0,"footnotes":""},"class_list":["post-293","page","type-page","status-publish","has-post-thumbnail","hentry"],"aioseo_notices":[],"_links":{"self":[{"href":"https:\/\/bibliapresente.com\/postagens\/wp-json\/wp\/v2\/pages\/293","targetHints":{"allow":["GET"]}}],"collection":[{"href":"https:\/\/bibliapresente.com\/postagens\/wp-json\/wp\/v2\/pages"}],"about":[{"href":"https:\/\/bibliapresente.com\/postagens\/wp-json\/wp\/v2\/types\/page"}],"author":[{"embeddable":true,"href":"https:\/\/bibliapresente.com\/postagens\/wp-json\/wp\/v2\/users\/2"}],"replies":[{"embeddable":true,"href":"https:\/\/bibliapresente.com\/postagens\/wp-json\/wp\/v2\/comments?post=293"}],"version-history":[{"count":3,"href":"https:\/\/bibliapresente.com\/postagens\/wp-json\/wp\/v2\/pages\/293\/revisions"}],"predecessor-version":[{"id":2442,"href":"https:\/\/bibliapresente.com\/postagens\/wp-json\/wp\/v2\/pages\/293\/revisions\/2442"}],"up":[{"embeddable":true,"href":"https:\/\/bibliapresente.com\/postagens\/wp-json\/wp\/v2\/pages\/233"}],"wp:featuredmedia":[{"embeddable":true,"href":"https:\/\/bibliapresente.com\/postagens\/wp-json\/wp\/v2\/media\/263"}],"wp:attachment":[{"href":"https:\/\/bibliapresente.com\/postagens\/wp-json\/wp\/v2\/media?parent=293"}],"curies":[{"name":"wp","href":"https:\/\/api.w.org\/{rel}","templated":true}]}}