{"id":291,"date":"2024-12-22T11:41:56","date_gmt":"2024-12-22T14:41:56","guid":{"rendered":"https:\/\/bibliapresente.com\/postagens\/?page_id=291"},"modified":"2025-05-05T21:01:24","modified_gmt":"2025-05-06T00:01:24","slug":"genesis-3","status":"publish","type":"page","link":"https:\/\/bibliapresente.com\/postagens\/livros-da-biblia\/genesis\/genesis-3\/","title":{"rendered":"G\u00eanesis 3 &#8211; O Pecado Original"},"content":{"rendered":"\n<h3 class=\"wp-block-heading\">Tenta\u00e7\u00e3o de Eva e queda do homem<\/h3>\n\n\n\n<p class=\"has-medium-font-size\" style=\"letter-spacing:1px\"><span><span><sup>1<\/sup><\/span> Por\u00e9m a serpente era astuta, mais que todos os animais do campo que o SENHOR Deus havia feito; a qual disse \u00e0 mulher: Deus vos disse: N\u00e3o comais de toda \u00e1rvore do jardim? <\/span><br><span><span><sup>2<\/sup><\/span> E a mulher respondeu \u00e0 serpente: Do fruto das \u00e1rvores do jardim comemos; <\/span><br><span><span><sup>3<\/sup><\/span> Mas do fruto da \u00e1rvore que est\u00e1 em meio do jardim disse Deus: N\u00e3o comereis dele, nem o tocareis, para que n\u00e3o morrais. <\/span><br><span><span><sup>4<\/sup><\/span> Ent\u00e3o a serpente disse \u00e0 mulher: N\u00e3o morrereis; <\/span><br><span><span><sup>5<\/sup><\/span> Mas sabe Deus que no dia que comerdes dele, ser\u00e3o abertos vossos olhos, e sereis como deuses sabendo o bem e o mal. <\/span><br><span><span><sup>6<\/sup><\/span> E viu a mulher que a \u00e1rvore era boa para comer, e que era agrad\u00e1vel aos olhos, e \u00e1rvore cobi\u00e7\u00e1vel para alcan\u00e7ar a sabedoria; e tomou de seu fruto, e comeu; e deu tamb\u00e9m a seu marido, o qual comeu assim como ela. <\/span><br><span><span><sup>7<\/sup><\/span> E foram abertos os olhos de ambos, e conheceram que estavam nus: ent\u00e3o coseram folhas de figueira, e fizeram para si aventais. <\/span><br><span><span><sup>8<\/sup><\/span> E ouviram a voz do SENHOR Deus que se passeava no jardim ao esfriar do dia: e escondeu-se o homem e sua mulher da presen\u00e7a do SENHOR Deus entre as \u00e1rvores do jardim. <\/span><br><span><span><sup>9<\/sup><\/span> E chamou o SENHOR Deus ao homem, e lhe disse: Onde est\u00e1s? <\/span><br><span><span><sup>10<\/sup><\/span> E ele respondeu: Ouvi tua voz no jardim, e tive medo, porque estava nu; e me escondi. <\/span><br><span><span><sup>11<\/sup><\/span> E disse-lhe: Quem te ensinou que estavas nu? Comeste da \u00e1rvore de que eu te mandei n\u00e3o comesses? <\/span><br><span><span><sup>12<\/sup><\/span> E o homem respondeu: A mulher que me deste por companheira me deu da \u00e1rvore, e eu comi. <\/span><br><span><span><sup>13<\/sup><\/span> Ent\u00e3o o SENHOR Deus disse \u00e0 mulher: Que \u00e9 o que fizeste? E disse a mulher: A serpente me enganou, e comi. <\/span><br><span><span><sup>14<\/sup><\/span> E o SENHOR Deus disse \u00e0 serpente: Porquanto isto fizeste, maldita ser\u00e1s entre todos os animais selvagens e entre todos os animais do campo; sobre teu peito andar\u00e1s, e p\u00f3 comer\u00e1s todos os dias de tua vida: <\/span><br><span><span><sup>15<\/sup><\/span> E inimizade porei entre ti e a mulher, e entre tua descend\u00eancia e a descend\u00eancia dela; esta te ferir\u00e1 na cabe\u00e7a, e tu lhe ferir\u00e1s no calcanhar. <\/span><br><span><span><sup>16<\/sup><\/span> \u00c0 mulher disse: Multiplicarei em grande maneira tuas dores e teus sofrimentos de parto; com dor dar\u00e1s \u00e0 luz os filhos; e a teu marido ser\u00e1 teu desejo, e ele exercer\u00e1 dom\u00ednio sobre ti. <\/span><br><span><span><sup>17<\/sup><\/span> E ao homem disse: Porquanto obedeceste \u00e0 voz de tua mulher, e comeste da \u00e1rvore de que te mandei dizendo, N\u00e3o comer\u00e1s dela; maldita ser\u00e1 a terra por causa de ti; com dor comer\u00e1s dela todos os dias de tua vida; <\/span><br><span><span><sup>18<\/sup><\/span> Espinhos e cardos te produzir\u00e1, e comer\u00e1s erva do campo; <\/span><br><span><span><sup>19<\/sup><\/span> No suor de teu rosto comer\u00e1s o p\u00e3o at\u00e9 que voltes \u00e0 terra; porque dela foste tomado: pois p\u00f3 \u00e9s, e ao p\u00f3 voltar\u00e1s. <\/span><br><span><span><sup>20<\/sup><\/span> E chamou o homem o nome de sua mulher, Eva; porquanto ela era m\u00e3e de todos o viventes. <\/span><br><span><span><sup>21<\/sup><\/span> E o SENHOR Deus fez ao homem e \u00e0 sua mulher t\u00fanicas de peles, e vestiu-as. <\/span><br><span><span><sup>22<\/sup><\/span> E disse o SENHOR Deus: Eis que o homem \u00e9 como um de Nos sabendo o bem e o mal: agora, pois, para que n\u00e3o estenda sua m\u00e3o, e tome tamb\u00e9m da \u00e1rvore da vida, e coma, e viva para sempre: <\/span><br><span><span><sup>23<\/sup><\/span> E tirou-o o SENHOR do jardim de \u00c9den, para que lavrasse a terra de que foi tomado. <\/span><br><span><span><sup>24<\/sup><\/span> Lan\u00e7ou, pois, fora ao homem, e p\u00f4s ao oriente do jardim de \u00c9den querubins, e uma espada acesa que se revolvia a todos os lados, para guardar o caminho da \u00e1rvore da vida.<\/span><\/p>\n\n\n\n<div class=\"wp-block-columns is-layout-flex wp-container-core-columns-is-layout-9d6595d7 wp-block-columns-is-layout-flex\">\n<div class=\"wp-block-column is-layout-flow wp-block-column-is-layout-flow\">\n<p><a href=\"\/genesis-2\" title=\"G\u00eanesis 2\">G\u00eanesis 2<\/a><\/p>\n<\/div>\n\n\n\n<div class=\"wp-block-column is-layout-flow wp-block-column-is-layout-flow\">\n<p class=\"has-text-align-right\"><a href=\"\/genesis-4\" title=\"G\u00eanesis 4\">G\u00eanesis 4<\/a><\/p>\n<\/div>\n<\/div>\n\n\n\n<h2 class=\"wp-block-heading\">Descri\u00e7\u00e3o &#8211; G\u00eanesis 3<\/h2>\n\n\n\n<p class=\"has-medium-font-size\">G\u00eanesis 3 narra a queda do ser humano e introduz o pecado no mundo, o pecado original. \u00c9 um momento crucial no livro de G\u00eanesis e em toda a B\u00edblia. Este cap\u00edtulo descreve a tenta\u00e7\u00e3o de Eva pela serpente, a desobedi\u00eancia ao comer o fruto proibido, e as consequ\u00eancias dessa a\u00e7\u00e3o para Ad\u00e3o, Eva, e toda a cria\u00e7\u00e3o. Deus confronta o casal e declara maldi\u00e7\u00f5es sobre a serpente, a mulher e o homem. Mas tamb\u00e9m promete reden\u00e7\u00e3o futura ao anunciar que a descend\u00eancia da mulher esmagar\u00e1 a cabe\u00e7a da serpente (G\u00eanesis 3:15). Este cap\u00edtulo \u00e9 fundamental para compreender o prop\u00f3sito da reden\u00e7\u00e3o divina atrav\u00e9s de Cristo.<\/p>\n","protected":false},"excerpt":{"rendered":"<p>Tenta\u00e7\u00e3o de Eva e queda do homem 1 Por\u00e9m a serpente era astuta, mais que todos os animais do campo que o SENHOR Deus havia feito; a qual disse \u00e0 mulher: Deus vos disse: N\u00e3o comais de toda \u00e1rvore do jardim? 2 E a mulher respondeu \u00e0 serpente: Do fruto das \u00e1rvores do jardim comemos; &hellip; <\/p>\n","protected":false},"author":2,"featured_media":263,"parent":233,"menu_order":3,"comment_status":"closed","ping_status":"closed","template":"","meta":{"om_disable_all_campaigns":false,"_monsterinsights_skip_tracking":false,"_monsterinsights_sitenote_active":false,"_monsterinsights_sitenote_note":"","_monsterinsights_sitenote_category":0,"footnotes":""},"class_list":["post-291","page","type-page","status-publish","has-post-thumbnail","hentry"],"aioseo_notices":[],"_links":{"self":[{"href":"https:\/\/bibliapresente.com\/postagens\/wp-json\/wp\/v2\/pages\/291","targetHints":{"allow":["GET"]}}],"collection":[{"href":"https:\/\/bibliapresente.com\/postagens\/wp-json\/wp\/v2\/pages"}],"about":[{"href":"https:\/\/bibliapresente.com\/postagens\/wp-json\/wp\/v2\/types\/page"}],"author":[{"embeddable":true,"href":"https:\/\/bibliapresente.com\/postagens\/wp-json\/wp\/v2\/users\/2"}],"replies":[{"embeddable":true,"href":"https:\/\/bibliapresente.com\/postagens\/wp-json\/wp\/v2\/comments?post=291"}],"version-history":[{"count":11,"href":"https:\/\/bibliapresente.com\/postagens\/wp-json\/wp\/v2\/pages\/291\/revisions"}],"predecessor-version":[{"id":2443,"href":"https:\/\/bibliapresente.com\/postagens\/wp-json\/wp\/v2\/pages\/291\/revisions\/2443"}],"up":[{"embeddable":true,"href":"https:\/\/bibliapresente.com\/postagens\/wp-json\/wp\/v2\/pages\/233"}],"wp:featuredmedia":[{"embeddable":true,"href":"https:\/\/bibliapresente.com\/postagens\/wp-json\/wp\/v2\/media\/263"}],"wp:attachment":[{"href":"https:\/\/bibliapresente.com\/postagens\/wp-json\/wp\/v2\/media?parent=291"}],"curies":[{"name":"wp","href":"https:\/\/api.w.org\/{rel}","templated":true}]}}