{"id":235,"date":"2024-08-11T20:59:01","date_gmt":"2024-08-11T23:59:01","guid":{"rendered":"https:\/\/bibliapresente.com\/postagens\/?page_id=235"},"modified":"2025-05-05T20:59:11","modified_gmt":"2025-05-05T23:59:11","slug":"genesis-2","status":"publish","type":"page","link":"https:\/\/bibliapresente.com\/postagens\/livros-da-biblia\/genesis\/genesis-2\/","title":{"rendered":"G\u00eanesis 2 &#8211; O Jardim do \u00c9den"},"content":{"rendered":"\n<p class=\"has-medium-font-size\" style=\"letter-spacing:1px\"><span><span><sup><b>1<\/b><\/sup><\/span> E foram acabados os c\u00e9us e a terra, e tudo o que neles h\u00e1. <br><span><sup><b>2<\/b><\/sup><\/span> E acabou Deus no dia s\u00e9timo sua obra que fez, e repousou o dia s\u00e9timo de toda sua obra que havia feito. <\/span><\/p>\n\n\n\n<h3 class=\"wp-block-heading\"><strong>A forma\u00e7\u00e3o do jardim do Eden<\/strong><\/h3>\n\n\n\n<p class=\"has-medium-font-size\" style=\"letter-spacing:1px\"><sup><strong>3<\/strong><\/sup> E aben\u00e7oou Deus ao dia s\u00e9timo, e o santificou, porque nele repousou de toda sua obra que havia Deus criado e feito.<br><sup><strong>4<\/strong><\/sup> Estas s\u00e3o as origens dos c\u00e9us e da terra quando foram criados, no dia que o SENHOR Deus fez a terra e os c\u00e9us,<br><sup><strong>5<\/strong><\/sup> E antes que toda planta do campo existisse na terra, e antes que toda erva do campo nascesse; porque ainda n\u00e3o havia o SENHOR Deus feito chover sobre a terra, nem havia homem para que lavrasse a terra;<br><sup><strong>6<\/strong><\/sup> Mas subia da terra um vapor, que regava toda a face da terra.<br><sup><strong>7<\/strong><\/sup> Formou, pois, o SENHOR Deus ao homem do p\u00f3 da terra, e assoprou em seu nariz sopro de vida; e foi o homem em alma vivente.<br><sup><strong>8<\/strong><\/sup> E havia o SENHOR Deus plantado um jardim em \u00c9den ao oriente, e p\u00f4s ali ao homem que havia formado.<br><sup><strong>9<\/strong><\/sup> E havia o SENHOR Deus feito nascer da terra toda \u00e1rvore agrad\u00e1vel \u00e0 vista, e boa para comer: tamb\u00e9m a \u00e1rvore da vida em meio do jardim, e a \u00e1rvore do conhecimento do bem e do mal.<br><sup><strong>10<\/strong><\/sup> E sa\u00eda de \u00c9den um rio para regar o jardim, e dali se repartia em quatro ramifica\u00e7\u00f5es.<br><sup><strong>11<\/strong><\/sup> O nome de um era Pisom: este \u00e9 o que cerca toda a terra de Havil\u00e1, onde h\u00e1 ouro:<br><sup><strong>12<\/strong><\/sup> E o ouro daquela terra \u00e9 bom; h\u00e1 ali tamb\u00e9m bd\u00e9lio e pedra \u00f4nix.<br><sup><strong>13<\/strong><\/sup> O nome do segundo rio \u00e9 Giom; este \u00e9 o que rodeia toda a terra de Cuxe.<br><sup><strong>14<\/strong><\/sup> E o nome do terceiro rio \u00e9 Tigre; este \u00e9 o que vai diante da Ass\u00edria. E o quarto rio \u00e9 o Eufrates.<br><sup><strong>15<\/strong><\/sup> Tomou, pois, o SENHOR Deus ao homem, e o p\u00f4s no jardim de \u00c9den, para que o lavrasse e o guardasse.<br><sup><strong>16<\/strong><\/sup> E mandou o SENHOR Deus ao homem, dizendo: De toda \u00e1rvore do jardim comer\u00e1s;<br><sup><strong>17<\/strong><\/sup> Mas da \u00e1rvore do conhecimento do bem e do mal n\u00e3o comer\u00e1s dela; porque no dia que dela comeres, morrer\u00e1s.<\/p>\n\n\n\n<h3 class=\"wp-block-heading\">Como Deus criou a mulher<\/h3>\n\n\n\n<p class=\"has-medium-font-size\" style=\"letter-spacing:1px\"><sup><strong>18<\/strong><\/sup> E disse o SENHOR Deus: N\u00e3o \u00e9 bom que o homem esteja s\u00f3; farei para ele ajuda id\u00f4nea para ele.<br><sup><strong>19<\/strong><\/sup> Formou, pois, o SENHOR Deus da terra todo animal do campo, e toda ave dos c\u00e9us, e trouxe-os a Ad\u00e3o, para que visse como lhes havia de chamar; e tudo o que Ad\u00e3o chamou aos animais viventes, esse \u00e9 seu nome.<br><sup><strong>20<\/strong><\/sup> E p\u00f4s Ad\u00e3o nomes a todo animal e ave dos c\u00e9us e a todo animal do campo: mas para Ad\u00e3o n\u00e3o achou ajuda que estivesse id\u00f4nea para ele.<br><sup><strong>21<\/strong><\/sup> E o SENHOR Deus fez cair sonho sobre Ad\u00e3o, e ele adormeceu: ent\u00e3o tomou uma de suas costelas, e fechou a carne em seu lugar;<br><sup><strong>22<\/strong><\/sup> E da costela que o SENHOR Deus tomou do homem, fez uma mulher, e trouxe-a ao homem.<br><sup><strong>23<\/strong><\/sup> E disse Ad\u00e3o: Esta \u00e9 agora osso de meus ossos, e carne de minha carne: esta ser\u00e1 chamada Mulher, porque do homem foi tomada.<br><sup><strong>24<\/strong><\/sup> Portanto, deixar\u00e1 o homem a seu pai e a sua m\u00e3e, e se achegar\u00e1 \u00e0 sua mulher, e ser\u00e3o uma s\u00f3 carne.<br><sup><strong>25<\/strong><\/sup> E estavam ambos nus, Ad\u00e3o e sua mulher, e n\u00e3o se envergonhavam.<\/p>\n\n\n\n<div class=\"wp-block-columns is-layout-flex wp-container-core-columns-is-layout-9d6595d7 wp-block-columns-is-layout-flex\">\n<div class=\"wp-block-column is-layout-flow wp-block-column-is-layout-flow\">\n<p><a href=\"\/genesis\/genesis-1\" title=\"G\u00eanesis 1\">G\u00eanesis 1<\/a><\/p>\n<\/div>\n\n\n\n<div class=\"wp-block-column is-layout-flow wp-block-column-is-layout-flow\">\n<p class=\"has-text-align-right\"><a href=\"\/genesis-3\" title=\"G\u00eanesis 3\">G\u00eanesis 3<\/a><\/p>\n<\/div>\n<\/div>\n\n\n\n<h2 class=\"wp-block-heading\">Descri\u00e7\u00e3o &#8211; G\u00eanesis 2<\/h2>\n\n\n\n<p class=\"has-medium-font-size\">G\u00eanesis 2 descreve os detalhes da cria\u00e7\u00e3o do ser humano e o estabelecimento do Jardim do \u00c9den. Neste cap\u00edtulo, Deus forma o homem do p\u00f3 da terra, insufla nele o f\u00f4lego da vida e o coloca no \u00c9den, um lugar de abund\u00e2ncia e perfei\u00e7\u00e3o. Tamb\u00e9m \u00e9 descrita a cria\u00e7\u00e3o da mulher a partir da costela de Ad\u00e3o, enfatizando a rela\u00e7\u00e3o complementar entre homem e mulher. Este cap\u00edtulo complementa o relato geral de G\u00eanesis 1, aprofundando o cuidado de Deus com a humanidade. O texto destaca temas de comunh\u00e3o divina, prop\u00f3sito humano e a harmonia original da cria\u00e7\u00e3o.<\/p>\n","protected":false},"excerpt":{"rendered":"<p>1 E foram acabados os c\u00e9us e a terra, e tudo o que neles h\u00e1. 2 E acabou Deus no dia s\u00e9timo sua obra que fez, e repousou o dia s\u00e9timo de toda sua obra que havia feito. A forma\u00e7\u00e3o do jardim do Eden 3 E aben\u00e7oou Deus ao dia s\u00e9timo, e o santificou, porque &hellip; <\/p>\n","protected":false},"author":2,"featured_media":263,"parent":233,"menu_order":2,"comment_status":"closed","ping_status":"closed","template":"","meta":{"om_disable_all_campaigns":false,"_monsterinsights_skip_tracking":false,"_monsterinsights_sitenote_active":false,"_monsterinsights_sitenote_note":"","_monsterinsights_sitenote_category":0,"footnotes":""},"class_list":["post-235","page","type-page","status-publish","has-post-thumbnail","hentry"],"aioseo_notices":[],"_links":{"self":[{"href":"https:\/\/bibliapresente.com\/postagens\/wp-json\/wp\/v2\/pages\/235","targetHints":{"allow":["GET"]}}],"collection":[{"href":"https:\/\/bibliapresente.com\/postagens\/wp-json\/wp\/v2\/pages"}],"about":[{"href":"https:\/\/bibliapresente.com\/postagens\/wp-json\/wp\/v2\/types\/page"}],"author":[{"embeddable":true,"href":"https:\/\/bibliapresente.com\/postagens\/wp-json\/wp\/v2\/users\/2"}],"replies":[{"embeddable":true,"href":"https:\/\/bibliapresente.com\/postagens\/wp-json\/wp\/v2\/comments?post=235"}],"version-history":[{"count":5,"href":"https:\/\/bibliapresente.com\/postagens\/wp-json\/wp\/v2\/pages\/235\/revisions"}],"predecessor-version":[{"id":2440,"href":"https:\/\/bibliapresente.com\/postagens\/wp-json\/wp\/v2\/pages\/235\/revisions\/2440"}],"up":[{"embeddable":true,"href":"https:\/\/bibliapresente.com\/postagens\/wp-json\/wp\/v2\/pages\/233"}],"wp:featuredmedia":[{"embeddable":true,"href":"https:\/\/bibliapresente.com\/postagens\/wp-json\/wp\/v2\/media\/263"}],"wp:attachment":[{"href":"https:\/\/bibliapresente.com\/postagens\/wp-json\/wp\/v2\/media?parent=235"}],"curies":[{"name":"wp","href":"https:\/\/api.w.org\/{rel}","templated":true}]}}