{"id":230,"date":"2024-08-11T20:31:34","date_gmt":"2024-08-11T23:31:34","guid":{"rendered":"https:\/\/bibliapresente.com\/postagens\/?page_id=230"},"modified":"2024-12-22T12:02:35","modified_gmt":"2024-12-22T15:02:35","slug":"genesis-1","status":"publish","type":"page","link":"https:\/\/bibliapresente.com\/postagens\/livros-da-biblia\/genesis\/genesis-1\/","title":{"rendered":"G\u00eanesis 1 &#8211; A Cria\u00e7\u00e3o do Universo"},"content":{"rendered":"\n<h3 class=\"wp-block-heading\">A cria\u00e7\u00e3o do c\u00e9u e da terra e de tudo o que neles se cont\u00e9m<\/h3>\n\n\n\n<p class=\"has-medium-font-size\" style=\"letter-spacing:1px\"><span><span><sup><b>1<\/b><\/sup><\/span> No princ\u00edpio criou Deus os c\u00e9us e a terra. <\/span><br><span><span><sup><b>2<\/b><\/sup><\/span> E a terra estava desordenada e vazia, e as trevas estavam sobre a face do abismo, e o Esp\u00edrito de Deus se movia sobre a face das \u00e1guas. <\/span><br><span><span><sup><b>3<\/b><\/sup><\/span> E disse Deus: Haja luz; e houve luz. <\/span><br><span><span><sup><b>4<\/b><\/sup><\/span> E viu Deus que a luz era boa: e separou Deus a luz das trevas. <\/span><br><span><span><sup><b>5<\/b><\/sup><\/span> E chamou Deus \u00e0 luz Dia, e \u00e0s trevas chamou Noite: e foi a tarde e a manh\u00e3 o primeiro dia. <\/span><br><span><span><sup><b>6<\/b><\/sup><\/span> E disse Deus: Haja expans\u00e3o em meio das \u00e1guas, e separe as \u00e1guas das \u00e1guas. <\/span><br><span><span><sup><b>7<\/b><\/sup><\/span> E fez Deus a expans\u00e3o, e separou as \u00e1guas que estavam debaixo da expans\u00e3o, das \u00e1guas que estavam sobre a expans\u00e3o: e foi assim. <\/span><br><span><span><sup><b>8<\/b><\/sup><\/span> E chamou Deus \u00e0 expans\u00e3o C\u00e9us: e foi a tarde e a manh\u00e3 o dia segundo. <\/span><br><span><span><sup><b>9<\/b><\/sup><\/span> E disse Deus: Juntem-se as \u00e1guas que est\u00e3o debaixo dos c\u00e9us em um lugar, e descubra-se a por\u00e7\u00e3o seca: e foi assim. <\/span><br><span><span><sup><b>10<\/b><\/sup><\/span> E chamou Deus \u00e0 por\u00e7\u00e3o seca Terra, e \u00e0 reuni\u00e3o das \u00e1guas chamou Mares; e viu Deus que era bom. <\/span><br><span><span><sup><b>11<\/b><\/sup><\/span> E disse Deus: Produza a terra erva verde, erva que d\u00ea semente; \u00e1rvore de fruto que d\u00ea fruto segundo a sua esp\u00e9cie, que sua semente esteja nela, sobre a terra: e foi assim. <\/span><br><span><span><sup><b>12<\/b><\/sup><\/span> E produziu a terra erva verde, erva que d\u00e1 semente segundo sua natureza, e \u00e1rvore que d\u00e1 fruto, cuja semente est\u00e1 nele, segundo a sua esp\u00e9cie; e viu Deus que era bom. <\/span><br><span><span><sup><b>13<\/b><\/sup><\/span> E foi a tarde e a manh\u00e3 o dia terceiro. <\/span><br><span><span><sup><b>14<\/b><\/sup><\/span> E disse Deus: Haja luminares na expans\u00e3o dos c\u00e9us para separar o dia e a noite: e sejam por sinais, e para as esta\u00e7\u00f5es, e para dias e anos; <\/span><br><span><span><sup><b>15<\/b><\/sup><\/span> E sejam por luminares na expans\u00e3o dos c\u00e9us para iluminar sobre a terra: e foi. <\/span><br><span><span><sup><b>16<\/b><\/sup><\/span> E fez Deus os dois grandes luminares; o luminar maior para que exer\u00e7a dom\u00ednio no dia, e o luminar menor para que exer\u00e7a dom\u00ednio na noite; fez tamb\u00e9m as estrelas. <\/span><br><span><span><sup><b>17<\/b><\/sup><\/span> E as p\u00f4s Deus na expans\u00e3o dos c\u00e9us, para iluminar sobre a terra, <\/span><br><span><span><sup><b>18<\/b><\/sup><\/span> E para exercer dom\u00ednio no dia e na noite, e para separar a luz e as trevas: e viu Deus que era bom. <\/span><br><span><span><sup><b>19<\/b><\/sup><\/span> E foi a tarde e a manh\u00e3 o dia quarto. <\/span><br><span><span><sup><b>20<\/b><\/sup><\/span> E disse Deus: Produzam as \u00e1guas r\u00e9pteis de alma vivente, e aves que voem sobre a terra, na aberta expans\u00e3o dos c\u00e9us. <\/span><br><span><span><sup><b>21<\/b><\/sup><\/span> E criou Deus as grandes criaturas marinhas, e toda coisa viva que anda arrastando, que as \u00e1guas produziram segundo a sua esp\u00e9cie, e toda ave de asas segundo sua esp\u00e9cie: e viu Deus que era bom. <\/span><br><span><span><sup><b>22<\/b><\/sup><\/span> E Deus os aben\u00e7oou dizendo: Frutificai e multiplicai, e enchei as \u00e1guas nos mares, e as aves se multipliquem na terra. <\/span><br><span><span><sup><b>23<\/b><\/sup><\/span> E foi a tarde e a manh\u00e3 o dia quinto. <\/span><\/p>\n\n\n\n<h3 class=\"wp-block-heading\">A cria\u00e7\u00e3o dos seres viventes<\/h3>\n\n\n\n<p class=\"has-medium-font-size\" style=\"letter-spacing:1px\"><span><span><sup><b>24<\/b><\/sup><\/span> E disse Deus: Produza a terra seres viventes segundo a sua esp\u00e9cie, animais e serpentes e animais da terra segundo sua esp\u00e9cie: e foi assim. <\/span><br><span><span><sup><b>25<\/b><\/sup><\/span> E fez Deus animais da terra segundo a sua esp\u00e9cie, e gado segundo a sua esp\u00e9cie, e todo animal que anda arrastando sobre a terra segundo sua esp\u00e9cie: e viu Deus que era bom. <\/span><br><span><span><sup><b>26<\/b><\/sup><\/span> E disse Deus: Fa\u00e7amos ao ser humano \u00e0 nossa imagem, conforme nossa semelhan\u00e7a; e domine os peixes do mar, e as aves dos c\u00e9us, e os animais, e toda a terra, e todo animal que anda arrastando sobre a terra. <\/span><br><span><span><sup><b>27<\/b><\/sup><\/span> E criou Deus o ser humano \u00e0 sua imagem, \u00e0 imagem de Deus o criou; macho e f\u00eamea os criou. <\/span><br><span><span><sup><b>28<\/b><\/sup><\/span> E Deus os aben\u00e7oou; e disse-lhes Deus: Frutificai e multiplicai, e enchei a terra, e subjugai-a, e dominai os peixes do mar, as aves dos c\u00e9us, e todos os animais que se movem sobre a terra. <\/span><br><span><span><sup><b>29<\/b><\/sup><\/span> E disse Deus: Eis que vos dei toda erva que d\u00e1 semente, que est\u00e1 sobre a face de toda a terra; e toda \u00e1rvore em que h\u00e1 fruto de \u00e1rvore que d\u00e1 semente, vos ser\u00e1 para comer. <\/span><br><span><span><sup><b>30<\/b><\/sup><\/span> E a todo animal da terra, e a todas as aves dos c\u00e9us, e a tudo o que se move sobre a terra, em que h\u00e1 vida, toda erva verde lhes ser\u00e1 para comer: e foi assim. <\/span><br><span><span><sup><b>31<\/b><\/sup><\/span> E viu Deus tudo o que havia feito, e eis que era bom em grande maneira. E foi a tarde e a manh\u00e3 o dia sexto.<br><\/span><\/p>\n\n\n\n<div class=\"wp-block-columns is-layout-flex wp-container-core-columns-is-layout-9d6595d7 wp-block-columns-is-layout-flex\">\n<div class=\"wp-block-column is-layout-flow wp-block-column-is-layout-flow\">\n<p><a href=\"\/genesis\" title=\"O Livro do G\u00eanesis\">G\u00eanesis<\/a><\/p>\n<\/div>\n\n\n\n<div class=\"wp-block-column is-layout-flow wp-block-column-is-layout-flow\">\n<p class=\"has-text-align-right\"><a href=\"\/genesis-2\" title=\"G\u00eanesis 2\">G\u00eanesis 2<\/a><\/p>\n<\/div>\n<\/div>\n\n\n\n<h2 class=\"wp-block-heading\">Descri\u00e7\u00e3o &#8211; G\u00eanesis 1<\/h2>\n\n\n\n<p class=\"has-medium-font-size\">G\u00eanesis 1 apresenta o in\u00edcio de tudo, com Deus criando o universo em seis dias e descansando no s\u00e9timo. Esse cap\u00edtulo destaca a ordem e a perfei\u00e7\u00e3o divina na forma\u00e7\u00e3o do mundo: luz, c\u00e9u, terra, mares, animais e, finalmente, o ser humano \u00e0 imagem de Deus. Ele estabelece a base para o relacionamento de Deus com a cria\u00e7\u00e3o, mostrando Sua soberania e prop\u00f3sito. \u00c9 o ponto de partida do plano divino revelado em toda a B\u00edblia.<\/p>\n\n\n\n<h3 class=\"wp-block-heading\">Livro do G\u00eanesis:<\/h3>\n\n\n<ul class=\"wp-block-page-list\"><li class=\"wp-block-pages-list__item\"><a class=\"wp-block-pages-list__item__link\" href=\"https:\/\/bibliapresente.com\/postagens\/livros-da-biblia\/genesis\/genesis-1\/\">G\u00eanesis 1 &#8211; A Cria\u00e7\u00e3o do Universo<\/a><\/li><li class=\"wp-block-pages-list__item\"><a class=\"wp-block-pages-list__item__link\" href=\"https:\/\/bibliapresente.com\/postagens\/livros-da-biblia\/genesis\/genesis-2\/\">G\u00eanesis 2 &#8211; O Jardim do \u00c9den<\/a><\/li><li class=\"wp-block-pages-list__item\"><a class=\"wp-block-pages-list__item__link\" href=\"https:\/\/bibliapresente.com\/postagens\/livros-da-biblia\/genesis\/genesis-3\/\">G\u00eanesis 3 &#8211; O Pecado Original<\/a><\/li><li class=\"wp-block-pages-list__item\"><a class=\"wp-block-pages-list__item__link\" href=\"https:\/\/bibliapresente.com\/postagens\/livros-da-biblia\/genesis\/genesis-4\/\">G\u00eanesis 4 &#8211; Caim e Abel<\/a><\/li><li class=\"wp-block-pages-list__item\"><a class=\"wp-block-pages-list__item__link\" href=\"https:\/\/bibliapresente.com\/postagens\/livros-da-biblia\/genesis\/genesis-5\/\">G\u00eanesis 5 &#8211; Genealogia de Ad\u00e3o a No\u00e9<\/a><\/li><li class=\"wp-block-pages-list__item\"><a class=\"wp-block-pages-list__item__link\" href=\"https:\/\/bibliapresente.com\/postagens\/livros-da-biblia\/genesis\/genesis-6-a-corrupcao-e-o-chamado-de-noe\/\">G\u00eanesis 6 &#8211; A Corrup\u00e7\u00e3o e o Chamado de No\u00e9<\/a><\/li><li class=\"wp-block-pages-list__item\"><a class=\"wp-block-pages-list__item__link\" href=\"https:\/\/bibliapresente.com\/postagens\/livros-da-biblia\/genesis\/genesis-7\/\">G\u00eanesis 7 &#8211; O Grande Dil\u00favio<\/a><\/li><li class=\"wp-block-pages-list__item\"><a class=\"wp-block-pages-list__item__link\" href=\"https:\/\/bibliapresente.com\/postagens\/livros-da-biblia\/genesis\/genesis-8\/\">G\u00eanesis 8 &#8211; As \u00c1guas do Dil\u00favio Recuam<\/a><\/li><li class=\"wp-block-pages-list__item\"><a class=\"wp-block-pages-list__item__link\" href=\"https:\/\/bibliapresente.com\/postagens\/livros-da-biblia\/genesis\/genesis-9\/\">G\u00eanesis 9 &#8211; A Grande Alian\u00e7a do Arco-\u00cdris<\/a><\/li><li class=\"wp-block-pages-list__item\"><a class=\"wp-block-pages-list__item__link\" href=\"https:\/\/bibliapresente.com\/postagens\/livros-da-biblia\/genesis\/genesis-10-as-nacoes-descendentes-de-noe\/\">G\u00eanesis 10 &#8211; As Na\u00e7\u00f5es Descendentes de No\u00e9<\/a><\/li><li class=\"wp-block-pages-list__item\"><a class=\"wp-block-pages-list__item__link\" href=\"https:\/\/bibliapresente.com\/postagens\/livros-da-biblia\/genesis\/genesis-11-a-torre-de-babel\/\">G\u00eanesis 11 &#8211; A Torre de Babel<\/a><\/li><li class=\"wp-block-pages-list__item\"><a class=\"wp-block-pages-list__item__link\" href=\"https:\/\/bibliapresente.com\/postagens\/livros-da-biblia\/genesis\/genesis-12-o-chamado-de-abraao\/\">G\u00eanesis 12 &#8211; O Chamado de Abra\u00e3o<\/a><\/li><li class=\"wp-block-pages-list__item\"><a class=\"wp-block-pages-list__item__link\" href=\"https:\/\/bibliapresente.com\/postagens\/livros-da-biblia\/genesis\/genesis-13-a-separacao-de-abrao-e-lo\/\">G\u00eanesis 13 &#8211; A Separa\u00e7\u00e3o de Abr\u00e3o e L\u00f3<\/a><\/li><li class=\"wp-block-pages-list__item\"><a class=\"wp-block-pages-list__item__link\" href=\"https:\/\/bibliapresente.com\/postagens\/livros-da-biblia\/genesis\/genesis-14\/\">G\u00eanesis 14 &#8211; A B\u00ean\u00e7\u00e3o de Melquisedeque<\/a><\/li><li class=\"wp-block-pages-list__item\"><a class=\"wp-block-pages-list__item__link\" href=\"https:\/\/bibliapresente.com\/postagens\/livros-da-biblia\/genesis\/genesis-15\/\">G\u00eanesis 15 &#8211; A Alian\u00e7a de Deus com Abr\u00e3o<\/a><\/li><li class=\"wp-block-pages-list__item\"><a class=\"wp-block-pages-list__item__link\" href=\"https:\/\/bibliapresente.com\/postagens\/livros-da-biblia\/genesis\/genesis-16\/\">G\u00eanesis 16 &#8211; O Nascimento de Ismael<\/a><\/li><li class=\"wp-block-pages-list__item\"><a class=\"wp-block-pages-list__item__link\" href=\"https:\/\/bibliapresente.com\/postagens\/livros-da-biblia\/genesis\/genesis-17\/\">G\u00eanesis 17 &#8211; A Institui\u00e7\u00e3o da Circuncis\u00e3o<\/a><\/li><li class=\"wp-block-pages-list__item\"><a class=\"wp-block-pages-list__item__link\" href=\"https:\/\/bibliapresente.com\/postagens\/livros-da-biblia\/genesis\/genesis-18\/\">G\u00eanesis 18 &#8211; A Visita dos Tr\u00eas Anjos<\/a><\/li><li class=\"wp-block-pages-list__item\"><a class=\"wp-block-pages-list__item__link\" href=\"https:\/\/bibliapresente.com\/postagens\/livros-da-biblia\/genesis\/genesis-19\/\">G\u00eanesis 19 &#8211; Sodoma e Gomorra<\/a><\/li><li class=\"wp-block-pages-list__item\"><a class=\"wp-block-pages-list__item__link\" href=\"https:\/\/bibliapresente.com\/postagens\/livros-da-biblia\/genesis\/genesis-20\/\">G\u00eanesis 20 &#8211; Abra\u00e3o e Abimeleque<\/a><\/li><li class=\"wp-block-pages-list__item\"><a class=\"wp-block-pages-list__item__link\" href=\"https:\/\/bibliapresente.com\/postagens\/livros-da-biblia\/genesis\/genesis-21\/\">G\u00eanesis 21 &#8211; O Nascimento de Isaque<\/a><\/li><li class=\"wp-block-pages-list__item\"><a class=\"wp-block-pages-list__item__link\" href=\"https:\/\/bibliapresente.com\/postagens\/livros-da-biblia\/genesis\/genesis-22\/\">G\u00eanesis 22 &#8211; O Sacrif\u00edcio de Isaque<\/a><\/li><li class=\"wp-block-pages-list__item\"><a class=\"wp-block-pages-list__item__link\" href=\"https:\/\/bibliapresente.com\/postagens\/livros-da-biblia\/genesis\/genesis-23\/\">G\u00eanesis 23 &#8211; A Morte de Sara<\/a><\/li><li class=\"wp-block-pages-list__item\"><a class=\"wp-block-pages-list__item__link\" href=\"https:\/\/bibliapresente.com\/postagens\/livros-da-biblia\/genesis\/genesis-24\/\">G\u00eanesis 24 &#8211; O Casamento de Isaque<\/a><\/li><li class=\"wp-block-pages-list__item\"><a class=\"wp-block-pages-list__item__link\" href=\"https:\/\/bibliapresente.com\/postagens\/livros-da-biblia\/genesis\/genesis-25\/\">G\u00eanesis 25 &#8211; O Nascimento de Esa\u00fa e Jac\u00f3<\/a><\/li><li class=\"wp-block-pages-list__item\"><a class=\"wp-block-pages-list__item__link\" href=\"https:\/\/bibliapresente.com\/postagens\/livros-da-biblia\/genesis\/genesis-26\/\">G\u00eanesis 26 &#8211; As Promessas de Deus a Isaque<\/a><\/li><li class=\"wp-block-pages-list__item\"><a class=\"wp-block-pages-list__item__link\" href=\"https:\/\/bibliapresente.com\/postagens\/livros-da-biblia\/genesis\/genesis-27\/\">G\u00eanesis 27 &#8211; Jac\u00f3 Engana Isaque<\/a><\/li><li class=\"wp-block-pages-list__item\"><a class=\"wp-block-pages-list__item__link\" href=\"https:\/\/bibliapresente.com\/postagens\/livros-da-biblia\/genesis\/genesis-28\/\">G\u00eanesis 28 &#8211; O Sonho de Jac\u00f3 em Betel<\/a><\/li><li class=\"wp-block-pages-list__item\"><a class=\"wp-block-pages-list__item__link\" href=\"https:\/\/bibliapresente.com\/postagens\/livros-da-biblia\/genesis\/genesis-29\/\">G\u00eanesis 29 &#8211; Jac\u00f3 e as Filhas de Lab\u00e3o<\/a><\/li><li class=\"wp-block-pages-list__item\"><a class=\"wp-block-pages-list__item__link\" href=\"https:\/\/bibliapresente.com\/postagens\/livros-da-biblia\/genesis\/genesis-30\/\">G\u00eanesis 30 &#8211; O Acordo de Jac\u00f3 com Lab\u00e3o<\/a><\/li><li class=\"wp-block-pages-list__item\"><a class=\"wp-block-pages-list__item__link\" href=\"https:\/\/bibliapresente.com\/postagens\/livros-da-biblia\/genesis\/genesis-31\/\">G\u00eanesis 31 &#8211; A Fuga de Jac\u00f3<\/a><\/li><li class=\"wp-block-pages-list__item\"><a class=\"wp-block-pages-list__item__link\" href=\"https:\/\/bibliapresente.com\/postagens\/livros-da-biblia\/genesis\/genesis-32\/\">G\u00eanesis 32 &#8211; A Luta de Jac\u00f3 com O Anjo<\/a><\/li><li class=\"wp-block-pages-list__item\"><a class=\"wp-block-pages-list__item__link\" href=\"https:\/\/bibliapresente.com\/postagens\/livros-da-biblia\/genesis\/genesis-33\/\">G\u00eanesis 33 &#8211; A Reconcilia\u00e7\u00e3o de Jac\u00f3 e Esa\u00fa<\/a><\/li><li class=\"wp-block-pages-list__item\"><a class=\"wp-block-pages-list__item__link\" href=\"https:\/\/bibliapresente.com\/postagens\/livros-da-biblia\/genesis\/genesis-34\/\">G\u00eanesis 34 &#8211; O Caso de Din\u00e1<\/a><\/li><li class=\"wp-block-pages-list__item\"><a class=\"wp-block-pages-list__item__link\" href=\"https:\/\/bibliapresente.com\/postagens\/livros-da-biblia\/genesis\/genesis-35\/\">G\u00eanesis 35 &#8211; A Consagra\u00e7\u00e3o de Jac\u00f3 em Betel<\/a><\/li><li class=\"wp-block-pages-list__item\"><a class=\"wp-block-pages-list__item__link\" href=\"https:\/\/bibliapresente.com\/postagens\/livros-da-biblia\/genesis\/genesis-36\/\">G\u00eanesis 36 &#8211; Os Descendentes de Esa\u00fa<\/a><\/li><li class=\"wp-block-pages-list__item\"><a class=\"wp-block-pages-list__item__link\" href=\"https:\/\/bibliapresente.com\/postagens\/livros-da-biblia\/genesis\/genesis-37\/\">G\u00eanesis 37 &#8211; Jos\u00e9 Vendido como Escravo<\/a><\/li><li class=\"wp-block-pages-list__item\"><a class=\"wp-block-pages-list__item__link\" href=\"https:\/\/bibliapresente.com\/postagens\/livros-da-biblia\/genesis\/genesis-38\/\">G\u00eanesis 38 &#8211; Jud\u00e1 e Tamar<\/a><\/li><li class=\"wp-block-pages-list__item\"><a class=\"wp-block-pages-list__item__link\" href=\"https:\/\/bibliapresente.com\/postagens\/livros-da-biblia\/genesis\/genesis-39\/\">G\u00eanesis 39 &#8211; Jos\u00e9 na Casa de Potifar<\/a><\/li><li class=\"wp-block-pages-list__item\"><a class=\"wp-block-pages-list__item__link\" href=\"https:\/\/bibliapresente.com\/postagens\/livros-da-biblia\/genesis\/genesis-40\/\">G\u00eanesis 40 &#8211; Jos\u00e9 Interpreta Sonhos<\/a><\/li><li class=\"wp-block-pages-list__item\"><a class=\"wp-block-pages-list__item__link\" href=\"https:\/\/bibliapresente.com\/postagens\/livros-da-biblia\/genesis\/genesis-41\/\">G\u00eanesis 41 &#8211; O Sonho do Fara\u00f3<\/a><\/li><li class=\"wp-block-pages-list__item\"><a class=\"wp-block-pages-list__item__link\" href=\"https:\/\/bibliapresente.com\/postagens\/livros-da-biblia\/genesis\/genesis-42\/\">G\u00eanesis 42 &#8211; Os Irm\u00e3os de Jos\u00e9 no Egito<\/a><\/li><li class=\"wp-block-pages-list__item\"><a class=\"wp-block-pages-list__item__link\" href=\"https:\/\/bibliapresente.com\/postagens\/livros-da-biblia\/genesis\/genesis-43\/\">G\u00eanesis 43 &#8211; Benjamim Vai ao Egito<\/a><\/li><li class=\"wp-block-pages-list__item\"><a class=\"wp-block-pages-list__item__link\" href=\"https:\/\/bibliapresente.com\/postagens\/livros-da-biblia\/genesis\/genesis-44\/\">G\u00eanesis 44 &#8211; O Sacrif\u00edcio de Jud\u00e1<\/a><\/li><li class=\"wp-block-pages-list__item\"><a class=\"wp-block-pages-list__item__link\" href=\"https:\/\/bibliapresente.com\/postagens\/livros-da-biblia\/genesis\/genesis-45\/\">G\u00eanesis 45 &#8211; Jos\u00e9 se Revela a seus Irm\u00e3os<\/a><\/li><li class=\"wp-block-pages-list__item\"><a class=\"wp-block-pages-list__item__link\" href=\"https:\/\/bibliapresente.com\/postagens\/livros-da-biblia\/genesis\/genesis-46\/\">G\u00eanesis 46 &#8211; A Viagem de Jac\u00f3 ao Egito<\/a><\/li><li class=\"wp-block-pages-list__item\"><a class=\"wp-block-pages-list__item__link\" href=\"https:\/\/bibliapresente.com\/postagens\/livros-da-biblia\/genesis\/genesis-47\/\">G\u00eanesis 47 &#8211; Jac\u00f3 Aben\u00e7oa o Fara\u00f3<\/a><\/li><li class=\"wp-block-pages-list__item\"><a class=\"wp-block-pages-list__item__link\" href=\"https:\/\/bibliapresente.com\/postagens\/livros-da-biblia\/genesis\/genesis-48\/\">G\u00eanesis 48 &#8211; Jac\u00f3 Aben\u00e7oa os Filhos de Jos\u00e9<\/a><\/li><li class=\"wp-block-pages-list__item\"><a class=\"wp-block-pages-list__item__link\" href=\"https:\/\/bibliapresente.com\/postagens\/livros-da-biblia\/genesis\/genesis-49\/\">G\u00eanesis 49 &#8211; B\u00ean\u00e7\u00e3os de Jac\u00f3 a Seus Filhos<\/a><\/li><li class=\"wp-block-pages-list__item\"><a class=\"wp-block-pages-list__item__link\" href=\"https:\/\/bibliapresente.com\/postagens\/livros-da-biblia\/genesis\/genesis-50\/\">G\u00eanesis 50 &#8211; A Morte de Jac\u00f3<\/a><\/li><\/ul>\n\n\n<p><\/p>\n","protected":false},"excerpt":{"rendered":"<p>A cria\u00e7\u00e3o do c\u00e9u e da terra e de tudo o que neles se cont\u00e9m 1 No princ\u00edpio criou Deus os c\u00e9us e a terra. 2 E a terra estava desordenada e vazia, e as trevas estavam sobre a face do abismo, e o Esp\u00edrito de Deus se movia sobre a face das \u00e1guas. 3 &hellip; <\/p>\n","protected":false},"author":2,"featured_media":263,"parent":233,"menu_order":1,"comment_status":"closed","ping_status":"closed","template":"","meta":{"om_disable_all_campaigns":false,"_monsterinsights_skip_tracking":false,"_monsterinsights_sitenote_active":false,"_monsterinsights_sitenote_note":"","_monsterinsights_sitenote_category":0,"footnotes":""},"class_list":["post-230","page","type-page","status-publish","has-post-thumbnail","hentry"],"aioseo_notices":[],"_links":{"self":[{"href":"https:\/\/bibliapresente.com\/postagens\/wp-json\/wp\/v2\/pages\/230","targetHints":{"allow":["GET"]}}],"collection":[{"href":"https:\/\/bibliapresente.com\/postagens\/wp-json\/wp\/v2\/pages"}],"about":[{"href":"https:\/\/bibliapresente.com\/postagens\/wp-json\/wp\/v2\/types\/page"}],"author":[{"embeddable":true,"href":"https:\/\/bibliapresente.com\/postagens\/wp-json\/wp\/v2\/users\/2"}],"replies":[{"embeddable":true,"href":"https:\/\/bibliapresente.com\/postagens\/wp-json\/wp\/v2\/comments?post=230"}],"version-history":[{"count":16,"href":"https:\/\/bibliapresente.com\/postagens\/wp-json\/wp\/v2\/pages\/230\/revisions"}],"predecessor-version":[{"id":918,"href":"https:\/\/bibliapresente.com\/postagens\/wp-json\/wp\/v2\/pages\/230\/revisions\/918"}],"up":[{"embeddable":true,"href":"https:\/\/bibliapresente.com\/postagens\/wp-json\/wp\/v2\/pages\/233"}],"wp:featuredmedia":[{"embeddable":true,"href":"https:\/\/bibliapresente.com\/postagens\/wp-json\/wp\/v2\/media\/263"}],"wp:attachment":[{"href":"https:\/\/bibliapresente.com\/postagens\/wp-json\/wp\/v2\/media?parent=230"}],"curies":[{"name":"wp","href":"https:\/\/api.w.org\/{rel}","templated":true}]}}