{"id":222,"date":"2024-08-11T14:41:19","date_gmt":"2024-08-11T17:41:19","guid":{"rendered":"https:\/\/bibliapresente.com\/postagens\/?page_id=222"},"modified":"2025-01-04T00:53:11","modified_gmt":"2025-01-04T03:53:11","slug":"livros-profeticos-da-biblia","status":"publish","type":"page","link":"https:\/\/bibliapresente.com\/postagens\/livros-profeticos-da-biblia\/","title":{"rendered":"Livros Prof\u00e9ticos da B\u00edblia"},"content":{"rendered":"\n<figure class=\"wp-block-image size-large\"><img decoding=\"async\" src=\"\/img\/lpr01.jpg\" alt=\"\"\/><\/figure>\n\n\n\n<figure class=\"wp-block-table is-style-stripes\" style=\"font-size:11px;font-style:normal;font-weight:700;text-transform:uppercase\"><table class=\"has-fixed-layout\"><tbody><tr><td class=\"has-text-align-left\" data-align=\"left\"><a href=\"https:\/\/bibliapresente.com\/isaias\">Isa\u00edas<\/a><br><a href=\"https:\/\/bibliapresente.com\/jeremias\">Jeremias<\/a><br><a href=\"https:\/\/bibliapresente.com\/ezequiel\">Ezequiel<\/a><br><a href=\"https:\/\/bibliapresente.com\/daniel\">Daniel<\/a><\/td><td><a href=\"https:\/\/bibliapresente.com\/oseias\">Os\u00e9ias<\/a><br><a href=\"https:\/\/bibliapresente.com\/joel\">Joel<\/a><br><a href=\"https:\/\/bibliapresente.com\/amos\">Am\u00f3s<\/a><br><a href=\"https:\/\/bibliapresente.com\/obadias\">Obadias<\/a><br><a href=\"https:\/\/bibliapresente.com\/jonas\">Jonas<\/a><br><a href=\"https:\/\/bibliapresente.com\/miqueias\">Miqu\u00e9ias<\/a><br><a href=\"https:\/\/bibliapresente.com\/naum\">Naum<\/a><br><a href=\"https:\/\/bibliapresente.com\/habacuque\">Habacuque<\/a><br><a href=\"https:\/\/bibliapresente.com\/sofonias\">Sofonias<\/a><br><a href=\"https:\/\/bibliapresente.com\/ageu\">Ageu<\/a><br><a href=\"https:\/\/bibliapresente.com\/zacarias\">Zacarias<\/a><br><a href=\"https:\/\/bibliapresente.com\/malaquias\">Malaquias<\/a><\/td><td><a href=\"https:\/\/bibliapresente.com\/apocalipse\">A Profecia do Apocalipse<\/a><\/td><\/tr><\/tbody><\/table><figcaption class=\"wp-element-caption\">Livros Prof\u00e9ticos<\/figcaption><\/figure>\n\n\n\n<p>A Profecia implica em uma Revela\u00e7\u00e3o. Os Livros Prof\u00e9ticos da B\u00edblia revelam acontecimentos ainda por vir, na \u00e9poca em que os livros foram escritos. Com exce\u00e7\u00e3o do Livro do Apocalipse, os livro prof\u00e9ticos descrevem as a\u00e7\u00f5es dos profetas e as profecias enviadas a eles por Deus, no per\u00edodo que vai da \u00e9poca dos Reis at\u00e9 o Retorno do Ex\u00edlio.<\/p>\n\n\n\n<p>Sempre alertando o Povo sobre as consequ\u00eancias de se deixar corromperem os costumes e os rituais, os profetas desses livros escreveram ou tiveram suas vidas escritas a partir da degenera\u00e7\u00e3o de Israel, quando os Reis de Jud\u00e1 e Israel faziam e permitiam que fosse feito o que era errado aos olhos do Senhor. As terr\u00edveis puni\u00e7\u00f5es foram anunciadas e a Ira de Deus n\u00e3o perdoaria os que lhe fossem infi\u00e9is. Assim foi prevista a destrui\u00e7\u00e3o de Israel e o Ex\u00edlio de seu Povo.<\/p>\n\n\n\n<p>Mas diante da desgra\u00e7a, sempre mais pr\u00f3xima, o Senhor tamb\u00e9m enviou, por meio de seus profetas, mensagens de esperan\u00e7a, pois jamais abandonaria Seu Povo. Assim, os profetas pregavam a penit\u00eancia e a f\u00e9, pois o futuro veria a gl\u00f3ria de Israel, nas m\u00e3os do Messias que Deus enviaria.<\/p>\n\n\n\n<p>Os Livros Prof\u00e9ticos apresentam algumas dificuldades de interpreta\u00e7\u00e3o, devido \u00e0 sua linguagem muito simb\u00f3lica, em alguns momentos, a ao contexto do lugar e da \u00e9poca de cada profeta. Assim, \u00e9 preciso compreender, por exemplo, que Os\u00e9ias falava sobre a desgra\u00e7a que viriam para Israel, devido \u00e0 sua corrup\u00e7\u00e3o. Por isso, falava da rela\u00e7\u00e3o de Deus com Seu Povo, utilizando como analogia a rela\u00e7\u00e3o de um marido com a esposa ad\u00faltera. J\u00e1 Daniel falava para os judeus no Ex\u00edlio, utilizando a linguagem da corte da Babil\u00f4nia, que tinha seus simbolismos pr\u00f3prios.<\/p>\n\n\n\n<p>Em um contexto diferente, o Apocalipse, o \u00fanico livro prof\u00e9tico do Novo Testamento, anuncia um fim pr\u00f3ximo, por\u00e9m tem um sentido diferente das profecias do Antigo Testamento, ao anunciar a volta de Jesus, no fim dos tempos.<\/p>\n\n\n\n<p>Leia tamb\u00e9m:<\/p>\n\n\n\n<ul class=\"wp-block-list\">\n<li><a href=\"\/livros-historicos-da-biblia\/\" title=\"\">Os Livros Hist\u00f3ricos<\/a><\/li>\n\n\n\n<li><a href=\"\/livros-poeticos-da-biblia\/\" title=\"\">Os Livros Po\u00e9ticos<\/a><\/li>\n<\/ul>\n","protected":false},"excerpt":{"rendered":"<p>Isa\u00edasJeremiasEzequielDaniel Os\u00e9iasJoelAm\u00f3sObadiasJonasMiqu\u00e9iasNaumHabacuqueSofoniasAgeuZacariasMalaquias A Profecia do Apocalipse Livros Prof\u00e9ticos A Profecia implica em uma Revela\u00e7\u00e3o. Os Livros Prof\u00e9ticos da B\u00edblia revelam acontecimentos ainda por vir, na \u00e9poca em que os livros foram escritos. Com exce\u00e7\u00e3o do Livro do Apocalipse, os livro prof\u00e9ticos descrevem as a\u00e7\u00f5es dos profetas e as profecias enviadas a eles por Deus, no &hellip; <\/p>\n","protected":false},"author":2,"featured_media":500,"parent":0,"menu_order":0,"comment_status":"closed","ping_status":"closed","template":"","meta":{"om_disable_all_campaigns":false,"_monsterinsights_skip_tracking":false,"_monsterinsights_sitenote_active":false,"_monsterinsights_sitenote_note":"","_monsterinsights_sitenote_category":0,"footnotes":""},"class_list":["post-222","page","type-page","status-publish","has-post-thumbnail","hentry"],"aioseo_notices":[],"_links":{"self":[{"href":"https:\/\/bibliapresente.com\/postagens\/wp-json\/wp\/v2\/pages\/222","targetHints":{"allow":["GET"]}}],"collection":[{"href":"https:\/\/bibliapresente.com\/postagens\/wp-json\/wp\/v2\/pages"}],"about":[{"href":"https:\/\/bibliapresente.com\/postagens\/wp-json\/wp\/v2\/types\/page"}],"author":[{"embeddable":true,"href":"https:\/\/bibliapresente.com\/postagens\/wp-json\/wp\/v2\/users\/2"}],"replies":[{"embeddable":true,"href":"https:\/\/bibliapresente.com\/postagens\/wp-json\/wp\/v2\/comments?post=222"}],"version-history":[{"count":2,"href":"https:\/\/bibliapresente.com\/postagens\/wp-json\/wp\/v2\/pages\/222\/revisions"}],"predecessor-version":[{"id":229,"href":"https:\/\/bibliapresente.com\/postagens\/wp-json\/wp\/v2\/pages\/222\/revisions\/229"}],"wp:featuredmedia":[{"embeddable":true,"href":"https:\/\/bibliapresente.com\/postagens\/wp-json\/wp\/v2\/media\/500"}],"wp:attachment":[{"href":"https:\/\/bibliapresente.com\/postagens\/wp-json\/wp\/v2\/media?parent=222"}],"curies":[{"name":"wp","href":"https:\/\/api.w.org\/{rel}","templated":true}]}}