{"id":219,"date":"2024-08-11T14:33:19","date_gmt":"2024-08-11T17:33:19","guid":{"rendered":"https:\/\/bibliapresente.com\/postagens\/?page_id=219"},"modified":"2025-01-04T00:49:04","modified_gmt":"2025-01-04T03:49:04","slug":"livros-poeticos-da-biblia","status":"publish","type":"page","link":"https:\/\/bibliapresente.com\/postagens\/livros-poeticos-da-biblia\/","title":{"rendered":"Livros Po\u00e9ticos da B\u00edblia"},"content":{"rendered":"\n<figure class=\"wp-block-image size-large\"><img decoding=\"async\" src=\"\/img\/lpo01.jpg\" alt=\"\"\/><\/figure>\n\n\n\n<figure class=\"wp-block-table is-style-stripes\" style=\"font-size:11px;font-style:normal;font-weight:700;text-transform:uppercase\"><table class=\"has-fixed-layout\"><tbody><tr><td class=\"has-text-align-left\" data-align=\"left\"><a href=\"https:\/\/bibliapresente.com\/jo\">J\u00f3<\/a><br><a href=\"https:\/\/bibliapresente.com\/salmos\">Salmos<\/a><br><a href=\"https:\/\/bibliapresente.com\/proverbios\">Prov\u00e9rbios<\/a><br><a href=\"https:\/\/bibliapresente.com\/eclesiastes\">Eclesiastes<\/a><br><a href=\"https:\/\/bibliapresente.com\/lamentacoes\">Lamenta\u00e7\u00f5es<\/a><br><a href=\"https:\/\/bibliapresente.com\/canticos\">C\u00e2ntico dos C\u00e2nticos<\/a><\/td><\/tr><\/tbody><\/table><figcaption class=\"wp-element-caption\">Livros Po\u00e9ticos<\/figcaption><\/figure>\n\n\n\n<h2 class=\"wp-block-heading\">A Sabedoria do Povo de Deus<\/h2>\n\n\n\n<p>Os Livros Sapienciais, ou Po\u00e9ticos, s\u00e3o aqueles livros do Antigo Testamento da B\u00edblia que cont\u00eam a sabedoria de Deus e de Seu Povo, n\u00e3o se dedicando \u00e0 narrativa da grande hist\u00f3ria da rela\u00e7\u00e3o entre Deus e Seu Povo, nem possuindo conte\u00fado propriamente prof\u00e9tico. Para isso, os livros po\u00e9ticos da B\u00edblia, os Salmos, o Livro de J\u00f3, os Prov\u00e9rbios, o Eclesiastes, as Lamenta\u00e7\u00f5es de Jeremias e o C\u00e2ntico dos C\u00e2nticos, muitas vezes utilizam uma linguagem po\u00e9tica, repleta de simbolismo, dado que n\u00e3o podemos absorver a sabedoria como far\u00edamos com o mero conhecimento.<\/p>\n\n\n\n<p>Somente por meio de nossa pr\u00f3pria reflex\u00e3o e experi\u00eancia \u00e9 que podemos adquirir a sabedoria, a partir daquilo que nos \u00e9 apresentado. Por isso, os livros sapienciais precisam ser lidos com cora\u00e7\u00e3o aberto e muita aten\u00e7\u00e3o, e \u00e9 comum que n\u00e3o se compreenda seu texto imediatamente. Se a B\u00edblia nos ensina sempre mais, n\u00e3o importa o quanto j\u00e1 tenhamos lido, esses s\u00e3o seus livros mais misteriosos e desafiantes, pois nem sempre geram um conhecimento que possamos expressar em palavras, j\u00e1 que falam de amor, gra\u00e7a e f\u00e9, entre outras coisas.<\/p>\n\n\n\n<h2 class=\"wp-block-heading\">Filosofia e Poesia: a Linguagem da Sabedoria<\/h2>\n\n\n\n<p>Ainda assim, o ideal \u00e9 buscar saber algo minimamente sobre cada livro, para ent\u00e3o proceder a sua leitura. \u00c9 importante saber que o Livro do Eclesiastes \u00e9 uma reflex\u00e3o sobre a realidade de Deus, de Sua Cria\u00e7\u00e3o e da condi\u00e7\u00e3o humana. Da mesma forma, os Prov\u00e9rbios trazem a sabedoria do Povo de Deus, falando sobre coisas da vida e da rela\u00e7\u00e3o com o Senhor. J\u00e1 os famosos Salmos s\u00e3o uma cole\u00e7\u00e3o de cantos, louvores e ora\u00e7\u00f5es que s\u00e3o recitados at\u00e9 hoje como pr\u00e1tica de f\u00e9.<\/p>\n\n\n\n<p>O C\u00e2ntico dos C\u00e2nticos talvez seja um dos livros mais simb\u00f3licos da B\u00edblia, pois, ao contr\u00e1rio dos Prov\u00e9rbios e do Eclesiastes, utiliza v\u00e1rias met\u00e1foras para expressar a rela\u00e7\u00e3o de Deus com Seu Povo, e deve ser lido com um pensamento elevado, assim como as Lamenta\u00e7\u00f5es, que falam de uma \u00e9poca de grande tristeza para Israel. Por fim, o Livro de J\u00f3 fala tamb\u00e9m de grande sofrimento e prova\u00e7\u00e3o, para passar uma magn\u00edfica mensagem de perseveran\u00e7a e f\u00e9.<\/p>\n\n\n\n<p>Leia tamb\u00e9m:<\/p>\n\n\n\n<ul class=\"wp-block-list\">\n<li><a href=\"\/livros-historicos-da-biblia\/\" title=\"\">Os Livros Hist\u00f3ricos<\/a><\/li>\n\n\n\n<li><a href=\"\/livros-profeticos-da-biblia\/\" title=\"\">Os Livros Prof\u00e9ticos<\/a><\/li>\n<\/ul>\n","protected":false},"excerpt":{"rendered":"<p>J\u00f3SalmosProv\u00e9rbiosEclesiastesLamenta\u00e7\u00f5esC\u00e2ntico dos C\u00e2nticos Livros Po\u00e9ticos A Sabedoria do Povo de Deus Os Livros Sapienciais, ou Po\u00e9ticos, s\u00e3o aqueles livros do Antigo Testamento da B\u00edblia que cont\u00eam a sabedoria de Deus e de Seu Povo, n\u00e3o se dedicando \u00e0 narrativa da grande hist\u00f3ria da rela\u00e7\u00e3o entre Deus e Seu Povo, nem possuindo conte\u00fado propriamente prof\u00e9tico. Para &hellip; <\/p>\n","protected":false},"author":2,"featured_media":0,"parent":0,"menu_order":0,"comment_status":"closed","ping_status":"closed","template":"","meta":{"om_disable_all_campaigns":false,"_monsterinsights_skip_tracking":false,"_monsterinsights_sitenote_active":false,"_monsterinsights_sitenote_note":"","_monsterinsights_sitenote_category":0,"footnotes":""},"class_list":["post-219","page","type-page","status-publish","hentry"],"aioseo_notices":[],"_links":{"self":[{"href":"https:\/\/bibliapresente.com\/postagens\/wp-json\/wp\/v2\/pages\/219","targetHints":{"allow":["GET"]}}],"collection":[{"href":"https:\/\/bibliapresente.com\/postagens\/wp-json\/wp\/v2\/pages"}],"about":[{"href":"https:\/\/bibliapresente.com\/postagens\/wp-json\/wp\/v2\/types\/page"}],"author":[{"embeddable":true,"href":"https:\/\/bibliapresente.com\/postagens\/wp-json\/wp\/v2\/users\/2"}],"replies":[{"embeddable":true,"href":"https:\/\/bibliapresente.com\/postagens\/wp-json\/wp\/v2\/comments?post=219"}],"version-history":[{"count":4,"href":"https:\/\/bibliapresente.com\/postagens\/wp-json\/wp\/v2\/pages\/219\/revisions"}],"predecessor-version":[{"id":499,"href":"https:\/\/bibliapresente.com\/postagens\/wp-json\/wp\/v2\/pages\/219\/revisions\/499"}],"wp:attachment":[{"href":"https:\/\/bibliapresente.com\/postagens\/wp-json\/wp\/v2\/media?parent=219"}],"curies":[{"name":"wp","href":"https:\/\/api.w.org\/{rel}","templated":true}]}}