{"id":217,"date":"2024-08-11T14:18:24","date_gmt":"2024-08-11T17:18:24","guid":{"rendered":"https:\/\/bibliapresente.com\/postagens\/?page_id=217"},"modified":"2025-01-03T22:27:24","modified_gmt":"2025-01-04T01:27:24","slug":"livros-historicos-da-biblia","status":"publish","type":"page","link":"https:\/\/bibliapresente.com\/postagens\/livros-historicos-da-biblia\/","title":{"rendered":"Livros Hist\u00f3ricos da B\u00edblia"},"content":{"rendered":"\n<figure class=\"wp-block-image size-large is-resized\"><img decoding=\"async\" src=\"\/img\/lh01.jpg\" alt=\"\" style=\"width:840px;height:auto\"\/><\/figure>\n\n\n\n<p>Os Livros Hist\u00f3ricos da B\u00edblia formam uma narrativa que descreve a trajet\u00f3ria do Povo de Israel, desde as origens do mundo at\u00e9 o nascimento da Igreja. Essa narrativa nem sempre \u00e9 cont\u00ednua e, por vezes, h\u00e1 mais de um livro descrevendo os mesmos eventos, como no caso dos Livros dos Reis e das Cr\u00f4nicas.<\/p>\n\n\n\n<div class=\"wp-block-group\"><div class=\"wp-block-group__inner-container is-layout-constrained wp-block-group-is-layout-constrained\">\n<div class=\"wp-block-columns is-layout-flex wp-container-core-columns-is-layout-9d6595d7 wp-block-columns-is-layout-flex\">\n<div class=\"wp-block-column is-layout-flow wp-block-column-is-layout-flow\" style=\"flex-basis:100%\">\n<figure class=\"wp-block-table is-style-stripes\" style=\"font-size:11px;font-style:normal;font-weight:700;text-transform:uppercase\"><table class=\"has-fixed-layout\"><tbody><tr><td class=\"has-text-align-left\" data-align=\"left\"><a href=\"https:\/\/bibliapresente.com\/genesis\">G\u00eanesis<\/a><br><a href=\"https:\/\/bibliapresente.com\/exodo\">\u00caxodo<\/a><br><a href=\"https:\/\/bibliapresente.com\/levitico\">Lev\u00edtico<\/a><br><a href=\"https:\/\/bibliapresente.com\/numeros\">N\u00fameros<\/a><br><a href=\"https:\/\/bibliapresente.com\/deuteronomio\">Deuteron\u00f4mio<\/a><br><a href=\"https:\/\/bibliapresente.com\/josue\">Josu\u00e9<\/a><br><a href=\"https:\/\/bibliapresente.com\/juizes\">Ju\u00edzes<\/a><br><a href=\"https:\/\/bibliapresente.com\/rute\">Rute<\/a><\/td><td class=\"has-text-align-left\" data-align=\"left\"><a href=\"https:\/\/bibliapresente.com\/1samuel\">1 Samuel<\/a><br><a href=\"https:\/\/bibliapresente.com\/2samuel\">2 Samuel<\/a><br><a href=\"https:\/\/bibliapresente.com\/1reis\">1 Reis<\/a><br><a href=\"https:\/\/bibliapresente.com\/2reis\">2 Reis<\/a><br><a href=\"https:\/\/bibliapresente.com\/1cronicas\">1 Cr\u00f4nicas<\/a><br><a href=\"https:\/\/bibliapresente.com\/2cronicas\">2 Cr\u00f4nicas<\/a><br><a href=\"https:\/\/bibliapresente.com\/esdras\">Esdras<\/a><br><a href=\"https:\/\/bibliapresente.com\/neemias\">Neemias<\/a><br><a href=\"https:\/\/bibliapresente.com\/ester\">Ester<\/a><\/td><td class=\"has-text-align-left\" data-align=\"left\"><a href=\"https:\/\/bibliapresente.com\/mateus\">Mateus<\/a><br><a href=\"https:\/\/bibliapresente.com\/marcos\">Marcos<\/a><br><a href=\"https:\/\/bibliapresente.com\/lucas\">Lucas<\/a><br><a href=\"https:\/\/bibliapresente.com\/joao\">Jo\u00e3o<\/a><br><a href=\"https:\/\/bibliapresente.com\/atos\/1\">Atos dos Ap\u00f3stolos<\/a><\/td><\/tr><\/tbody><\/table><figcaption class=\"wp-element-caption\">livros hist\u00f3ricos<\/figcaption><\/figure>\n<\/div>\n<\/div>\n<\/div><\/div>\n\n\n\n<h2 class=\"wp-block-heading\">Uma Hist\u00f3ria em Comum<\/h2>\n\n\n\n<p>Quando se fala em Livros Hist\u00f3ricos, refere-se geralmente aos livros que sucedem ao Pentateuco, no Antigo Testamento. Aqui, para fins de simplifica\u00e7\u00e3o, inclu\u00edmos nessa categoria o Pentateuco e os Evangelhos, por se tratarem tamb\u00e9m de narrativas. Na verdade, os livros hist\u00f3ricos da B\u00edblia registram a hist\u00f3ria do Povo Escolhido. Esta vai desde a Alian\u00e7a de Abra\u00e3o com Deus, passando pelo retorno dos Judeus do Ex\u00edlio na Babil\u00f4nia, at\u00e9 a Boa Nova de Jesus, abra\u00e7ando toda a Humanidade. Essa trajet\u00f3ria d\u00e1 o sentido de origem comum a todos os crist\u00e3os, mas tamb\u00e9m cont\u00e9m a palavra viva do Senhor. S\u00e3o livros repletos de sabedoria e enunciados prof\u00e9ticos. Assim, no Deuteron\u00f4mio, por exemplo, est\u00e3o os discursos prof\u00e9ticos de Mois\u00e9s para o Povo Escolhido; da mesma forma, no Primeiro Livro dos Reis, h\u00e1 exemplos da sabedoria de Salom\u00e3o. No Segundo Livro de Samuel, temos exemplos de conduta do Rei Davi.<\/p>\n\n\n\n<h3 class=\"wp-block-heading\">O Pentateuco<\/h3>\n\n\n\n<p>O Pentateuco, que tamb\u00e9m \u00e9 chamado de Lei, ou Lei de Mois\u00e9s, \u00e9 o conjunto dos cinco primeiros livros da B\u00edblia, chamado pelos judeus de Tor\u00e1 (A Lei). Eles narram o que acontece entre a Cria\u00e7\u00e3o do Universo e a Ida dos hebreus para a Terra Prometida. <\/p>\n\n\n\n<p>O Livro do G\u00eanesis descreve a Cria\u00e7\u00e3o, a expuls\u00e3o do Homem do Para\u00edso. Em um segundo momento, narra-se o Grande Dil\u00favio e a forma\u00e7\u00e3o do Povo de Israel, com os Grandes Patriarcas e a ida para o Egito. O \u00caxodo conta como o Povo Escolhido foi libertado do Egito por Mois\u00e9s; e depois celebrou a Grande Alian\u00e7a com o Senhor, no Monte Sinai. O Livro do Lev\u00edtico cont\u00e9m a Lei e os rituais dos Hebreus. E o Livro dos N\u00fameros mostra a caminhada da Na\u00e7\u00e3o do Senhor pelo deserto, com as Leis necess\u00e1rias para esse per\u00edodo. Terminando o Pentateuco, o Deuteron\u00f4mio cont\u00e9m os Discursos de Mois\u00e9s, ao fim da jornada.<\/p>\n\n\n\n<p>Seguindo-se ao Pentateuco, o Livro de Josu\u00e9 narra a entrada dos hebreus na Terra Prometida e sua ocupa\u00e7\u00e3o, com a divis\u00e3o do territ\u00f3rio entre as Doze Tribos de Israel. Com o territ\u00f3rio dividido, iniciou-se uma era de conflitos entre as tribos e os povos que habitavam Cana\u00e3, a Era dos Ju\u00edzes, em que Deus escolhia l\u00edderes para guiar as Tribos.<\/p>\n\n\n\n<h3 class=\"wp-block-heading\">Os Reis de Israel<\/h3>\n\n\n\n<p>Ap\u00f3s uma hist\u00f3ria de acolhimento, no Livro de Rute, nos Livros de Samuel, contam-se os reinados de Saul e Davi sobre as Doze Tribos. Foi o tempo em que o territ\u00f3rio de Israel foi consolidado. A seguir, os Livros dos Reis e as Cr\u00f4nicas narram a hist\u00f3ria do Reino de Israel.  Vemos ali a constru\u00e7\u00e3o do Templo de Jerusal\u00e9m, a separa\u00e7\u00e3o dos Reinos de Israel e Jud\u00e1, e a destrui\u00e7\u00e3o dos mesmos, quando os judeus foram para a Babil\u00f4nia em Ex\u00edlio. Os Livros de Esdras e Neemias contam como se deu o retorno dos Judeus para Israel e a reconstru\u00e7\u00e3o do Templo. \u00c9 nesse per\u00edodo que se passa o Livros de Ester, que fala como uma judia casou com o Rei da P\u00e9rsia e salvou seu Povo.<\/p>\n\n\n\n<h2 class=\"wp-block-heading\">O Evangelho e o Nascimento da Igreja<\/h2>\n\n\n\n<p>Nos Evangelhos, s\u00e3o contados a vida de Jesus Cristo, seus feitos e seus ensinamentos, desde sua anuncia\u00e7\u00e3o at\u00e9 seu mart\u00edrio e ressurrei\u00e7\u00e3o. Depois, seguindo o Novo Testamento,  os Atos dos Ap\u00f3stolos, narram as hist\u00f3rias de seus disc\u00edpulos e o nascimento da Igreja. A consolida\u00e7\u00e3o da Igreja de Cristo \u00e9 detalhada nas Cartas deixadas pelos Ap\u00f3stolos, que moldam o desenvolvimento do Cristianismo.<\/p>\n\n\n\n<p>Leia tamb\u00e9m:<\/p>\n\n\n\n<ul class=\"wp-block-list\">\n<li><a href=\"\/livros-profeticos-da-biblia\/\" title=\"\">Os Livros Prof\u00e9ticos<\/a><\/li>\n\n\n\n<li><a href=\"\/livros-poeticos-da-biblia\/\" title=\"\">Os Livros Po\u00e9ticos<\/a><\/li>\n<\/ul>\n","protected":false},"excerpt":{"rendered":"<p>Os Livros Hist\u00f3ricos da B\u00edblia formam uma narrativa que descreve a trajet\u00f3ria do Povo de Israel, desde as origens do mundo at\u00e9 o nascimento da Igreja. Essa narrativa nem sempre \u00e9 cont\u00ednua e, por vezes, h\u00e1 mais de um livro descrevendo os mesmos eventos, como no caso dos Livros dos Reis e das Cr\u00f4nicas. G\u00eanesis\u00caxodoLev\u00edticoN\u00famerosDeuteron\u00f4mioJosu\u00e9Ju\u00edzesRute &hellip; <\/p>\n","protected":false},"author":2,"featured_media":61,"parent":0,"menu_order":0,"comment_status":"closed","ping_status":"closed","template":"","meta":{"om_disable_all_campaigns":false,"_monsterinsights_skip_tracking":false,"_monsterinsights_sitenote_active":false,"_monsterinsights_sitenote_note":"","_monsterinsights_sitenote_category":0,"footnotes":""},"class_list":["post-217","page","type-page","status-publish","has-post-thumbnail","hentry"],"aioseo_notices":[],"_links":{"self":[{"href":"https:\/\/bibliapresente.com\/postagens\/wp-json\/wp\/v2\/pages\/217","targetHints":{"allow":["GET"]}}],"collection":[{"href":"https:\/\/bibliapresente.com\/postagens\/wp-json\/wp\/v2\/pages"}],"about":[{"href":"https:\/\/bibliapresente.com\/postagens\/wp-json\/wp\/v2\/types\/page"}],"author":[{"embeddable":true,"href":"https:\/\/bibliapresente.com\/postagens\/wp-json\/wp\/v2\/users\/2"}],"replies":[{"embeddable":true,"href":"https:\/\/bibliapresente.com\/postagens\/wp-json\/wp\/v2\/comments?post=217"}],"version-history":[{"count":3,"href":"https:\/\/bibliapresente.com\/postagens\/wp-json\/wp\/v2\/pages\/217\/revisions"}],"predecessor-version":[{"id":497,"href":"https:\/\/bibliapresente.com\/postagens\/wp-json\/wp\/v2\/pages\/217\/revisions\/497"}],"wp:featuredmedia":[{"embeddable":true,"href":"https:\/\/bibliapresente.com\/postagens\/wp-json\/wp\/v2\/media\/61"}],"wp:attachment":[{"href":"https:\/\/bibliapresente.com\/postagens\/wp-json\/wp\/v2\/media?parent=217"}],"curies":[{"name":"wp","href":"https:\/\/api.w.org\/{rel}","templated":true}]}}