{"id":194,"date":"2024-08-02T20:50:48","date_gmt":"2024-08-02T23:50:48","guid":{"rendered":"https:\/\/bibliapresente.com\/postagens\/?page_id=194"},"modified":"2025-02-24T23:36:26","modified_gmt":"2025-02-25T02:36:26","slug":"livros-da-biblia","status":"publish","type":"page","link":"https:\/\/bibliapresente.com\/postagens\/livros-da-biblia\/","title":{"rendered":"Livros da B\u00edblia"},"content":{"rendered":"\n<figure class=\"wp-block-image size-large is-resized\"><img decoding=\"async\" src=\"\/img\/LivroHome01.jpg\" alt=\"\" style=\"width:840px;height:auto\"\/><\/figure>\n\n\n\n<p>Descubra a lista completa dos livros da B\u00edblia, organizados entre Antigo e Novo Testamento. Explore os 66 livros, incluindo G\u00eanesis, Salmos, Mateus, e Apocalipse, com resumos de seus temas principais. Entenda como cada livro contribui para a mensagem central das Escrituras: a reden\u00e7\u00e3o da humanidade por meio de Jesus Cristo. Esta p\u00e1gina \u00e9 ideal para estudos b\u00edblicos, pesquisas teol\u00f3gicas e curiosidades sobre a estrutura da B\u00edblia. Navegue por hist\u00f3rias, profecias, salmos e ep\u00edstolas que moldaram a f\u00e9 crist\u00e3. Acesse informa\u00e7\u00f5es claras e detalhadas para aprofundar sua compreens\u00e3o da Palavra de Deus.<\/p>\n\n\n\n<div class=\"wp-block-columns is-layout-flex wp-container-core-columns-is-layout-9d6595d7 wp-block-columns-is-layout-flex\">\n<div class=\"wp-block-column is-layout-flow wp-block-column-is-layout-flow\">\n<h2 class=\"wp-block-heading\">Antigo Testamento<\/h2>\n\n\n\n<h3 class=\"wp-block-heading\">Pentateuco<\/h3>\n\n\n\n<ul class=\"wp-block-list\">\n<li><a href=\"\/genesis\/genesis-1\" title=\"G\u00eanesis\">G\u00eanesis<\/a><\/li>\n\n\n\n<li><a href=\"\/exodo\/exodo-1\">\u00caxodo<\/a><\/li>\n\n\n\n<li><a href=\"\/levitico\/levitico-1\" title=\"\">Lev\u00edtico<\/a><\/li>\n\n\n\n<li><a href=\"\/numeros\/numeros-1\" title=\"\">N\u00fameros<\/a><\/li>\n\n\n\n<li><a href=\"\/deuteronomio\/deuteronomio-1\" title=\"\">Deuteron\u00f4mio<\/a><\/li>\n<\/ul>\n\n\n\n<h3 class=\"wp-block-heading\">Livros Hist\u00f3ricos<\/h3>\n\n\n\n<ul class=\"wp-block-list\">\n<li><a href=\"https:\/\/bibliapresente.com\/josue\/1\">Josu\u00e9<\/a><\/li>\n\n\n\n<li><a href=\"https:\/\/bibliapresente.com\/juizes\/1\">Ju\u00edzes<\/a><\/li>\n\n\n\n<li><a href=\"https:\/\/bibliapresente.com\/rute\/1\">Rute<\/a><\/li>\n\n\n\n<li><a href=\"https:\/\/bibliapresente.com\/1samuel\/1\">1 Samuel<\/a><\/li>\n\n\n\n<li><a href=\"https:\/\/bibliapresente.com\/2samuel\/1\">2 Samuel<\/a><\/li>\n\n\n\n<li><a href=\"https:\/\/bibliapresente.com\/1reis\/1\">1 Reis<\/a><\/li>\n\n\n\n<li><a href=\"https:\/\/bibliapresente.com\/2reis\/1\">2 Reis<\/a><\/li>\n\n\n\n<li><a href=\"https:\/\/bibliapresente.com\/1cronicas\/1\">1 Cr\u00f4nicas<\/a><\/li>\n\n\n\n<li><a href=\"https:\/\/bibliapresente.com\/2cronicas\/1\">2 Cr\u00f4nicas<\/a><\/li>\n\n\n\n<li><a href=\"https:\/\/bibliapresente.com\/esdras\/1\">Esdras<\/a><\/li>\n\n\n\n<li><a href=\"https:\/\/bibliapresente.com\/neemias\/1\">Neemias<\/a><\/li>\n\n\n\n<li><a href=\"https:\/\/bibliapresente.com\/ester\/1\">Ester<\/a><\/li>\n<\/ul>\n\n\n\n<h3 class=\"wp-block-heading\">Livros Po\u00e9ticos<\/h3>\n\n\n\n<ul class=\"wp-block-list\">\n<li><a href=\"https:\/\/bibliapresente.com\/jo\/1\">J\u00f3<\/a><\/li>\n\n\n\n<li><a href=\"https:\/\/bibliapresente.com\/salmos\/salmo-1\" title=\"\">Salmos<\/a><\/li>\n\n\n\n<li><a href=\"https:\/\/bibliapresente.com\/proverbios\/1\">Prov\u00e9rbios<\/a><\/li>\n\n\n\n<li><a href=\"https:\/\/bibliapresente.com\/eclesiastes\/1\">Eclesiastes<\/a><\/li>\n\n\n\n<li><a href=\"https:\/\/bibliapresente.com\/lamentacoes\/1\">Lamenta\u00e7\u00f5es<\/a><\/li>\n\n\n\n<li><a href=\"https:\/\/bibliapresente.com\/canticos\/1\">C\u00e2nticos<\/a><\/li>\n<\/ul>\n\n\n\n<h3 class=\"wp-block-heading\">Livros Prof\u00e9ticos<\/h3>\n\n\n\n<ul class=\"wp-block-list\">\n<li><a href=\"https:\/\/bibliapresente.com\/isaias\/1\">Isa\u00edas<\/a><\/li>\n\n\n\n<li><a href=\"https:\/\/bibliapresente.com\/jeremias\/1\">Jeremias<\/a><\/li>\n\n\n\n<li><a href=\"https:\/\/bibliapresente.com\/ezequiel\/1\">Ezequiel<\/a><\/li>\n\n\n\n<li><a href=\"https:\/\/bibliapresente.com\/daniel\/1\">Daniel<\/a><\/li>\n\n\n\n<li><a href=\"https:\/\/bibliapresente.com\/oseias\/1\">Os\u00e9ias<\/a><\/li>\n\n\n\n<li><a href=\"https:\/\/bibliapresente.com\/joel\/1\">Joel<\/a><\/li>\n\n\n\n<li><a href=\"https:\/\/bibliapresente.com\/amos\/1\">Am\u00f3s<\/a><\/li>\n\n\n\n<li><a href=\"https:\/\/bibliapresente.com\/obadias\/1\">Obadias<\/a><\/li>\n\n\n\n<li><a href=\"https:\/\/bibliapresente.com\/jonas\/1\">Jonas<\/a><\/li>\n\n\n\n<li><a href=\"https:\/\/bibliapresente.com\/miqueias\/1\">Miqu\u00e9ias<\/a><\/li>\n\n\n\n<li><a href=\"https:\/\/bibliapresente.com\/naum\/1\">Naum<\/a><\/li>\n\n\n\n<li><a href=\"https:\/\/bibliapresente.com\/habacuque\/1\">Habacuque<\/a><\/li>\n\n\n\n<li><a href=\"https:\/\/bibliapresente.com\/sofonias\/1\">Sofonias<\/a><\/li>\n\n\n\n<li><a href=\"https:\/\/bibliapresente.com\/ageu\/1\">Ageu<\/a><\/li>\n\n\n\n<li><a href=\"https:\/\/bibliapresente.com\/zacarias\/1\">Zacarias<\/a><\/li>\n\n\n\n<li><a href=\"https:\/\/bibliapresente.com\/malaquias\/1\">Malaquias<\/a><\/li>\n<\/ul>\n<\/div>\n\n\n\n<div class=\"wp-block-column is-layout-flow wp-block-column-is-layout-flow\">\n<h2 class=\"wp-block-heading\">Novo Testamento<\/h2>\n\n\n\n<h3 class=\"wp-block-heading\">Evangelho<\/h3>\n\n\n\n<ul class=\"wp-block-list\">\n<li><a href=\"https:\/\/bibliapresente.com\/mateus\/1\">Mateus<\/a><\/li>\n\n\n\n<li><a href=\"https:\/\/bibliapresente.com\/marcos\/1\">Marcos<\/a><\/li>\n\n\n\n<li><a href=\"https:\/\/bibliapresente.com\/lucas\/1\">Lucas<\/a><\/li>\n\n\n\n<li><a href=\"https:\/\/bibliapresente.com\/joao\/1\">Jo\u00e3o<\/a><\/li>\n<\/ul>\n\n\n\n<h3 class=\"wp-block-heading\">Livro Hist\u00f3rico<\/h3>\n\n\n\n<ul class=\"wp-block-list\">\n<li><a href=\"https:\/\/bibliapresente.com\/atos\/1\">Atos dos Ap\u00f3stolos<\/a><\/li>\n<\/ul>\n\n\n\n<h3 class=\"wp-block-heading\">Cartas<\/h3>\n\n\n\n<ul class=\"wp-block-list\">\n<li><a href=\"https:\/\/bibliapresente.com\/romanos\/1\">Romanos<\/a><\/li>\n\n\n\n<li><a href=\"https:\/\/bibliapresente.com\/1corintios\/1\">1 Cor\u00edntios<\/a><\/li>\n\n\n\n<li><a href=\"https:\/\/bibliapresente.com\/2corintios\/1\">2 Cor\u00edntios<\/a><\/li>\n\n\n\n<li><a href=\"https:\/\/bibliapresente.com\/galatas\/1\">G\u00e1latas<\/a><\/li>\n\n\n\n<li><a href=\"https:\/\/bibliapresente.com\/efesios\/1\">Ef\u00e9sios<\/a><\/li>\n\n\n\n<li><a href=\"https:\/\/bibliapresente.com\/filipenses\/1\">Filipenses<\/a><\/li>\n\n\n\n<li><a href=\"https:\/\/bibliapresente.com\/colossenses\/1\">Colossenses<\/a><\/li>\n\n\n\n<li><a href=\"https:\/\/bibliapresente.com\/1tessalonicenses\/1\">1 Tessalonicenses<\/a><\/li>\n\n\n\n<li><a href=\"https:\/\/bibliapresente.com\/2tessalonicenses\/1\">2 Tessalonicenses<\/a><\/li>\n\n\n\n<li><a href=\"https:\/\/bibliapresente.com\/1timoteo\/1\">1 Tim\u00f3teo<\/a><\/li>\n\n\n\n<li><a href=\"https:\/\/bibliapresente.com\/2timoteo\/1\">2 Tim\u00f3teo<\/a><\/li>\n\n\n\n<li><a href=\"https:\/\/bibliapresente.com\/tito\/1\">Tito<\/a><\/li>\n\n\n\n<li><a href=\"https:\/\/bibliapresente.com\/filemom\/1\">Filemom<\/a><\/li>\n\n\n\n<li><a href=\"https:\/\/bibliapresente.com\/hebreus\/1\">Hebreus<\/a><\/li>\n\n\n\n<li><a href=\"https:\/\/bibliapresente.com\/tiago\/1\">Tiago<\/a><\/li>\n\n\n\n<li><a href=\"https:\/\/bibliapresente.com\/1pedro\/1\">1 Pedro<\/a><\/li>\n\n\n\n<li><a href=\"https:\/\/bibliapresente.com\/2pedro\/1\">2 Pedro<\/a><\/li>\n\n\n\n<li><a href=\"https:\/\/bibliapresente.com\/1joao\/1\">1 Jo\u00e3o<\/a><\/li>\n\n\n\n<li><a href=\"https:\/\/bibliapresente.com\/2joao\/1\">2 Jo\u00e3o<\/a><\/li>\n\n\n\n<li><a href=\"https:\/\/bibliapresente.com\/3joao\/1\">3 Jo\u00e3o<\/a><\/li>\n\n\n\n<li><a href=\"https:\/\/bibliapresente.com\/judas\/1\">Judas<\/a><\/li>\n<\/ul>\n\n\n\n<h3 class=\"wp-block-heading\">Livro Prof\u00e9tico<\/h3>\n\n\n\n<ul class=\"wp-block-list\">\n<li><a href=\"https:\/\/bibliapresente.com\/apocalipse\/1\">Apocalipse<\/a><\/li>\n<\/ul>\n<\/div>\n<\/div>\n","protected":false},"excerpt":{"rendered":"<p>Descubra a lista completa dos livros da B\u00edblia, organizados entre Antigo e Novo Testamento. Explore os 66 livros, incluindo G\u00eanesis, Salmos, Mateus, e Apocalipse, com resumos de seus temas principais. Entenda como cada livro contribui para a mensagem central das Escrituras: a reden\u00e7\u00e3o da humanidade por meio de Jesus Cristo. Esta p\u00e1gina \u00e9 ideal para &hellip; <\/p>\n","protected":false},"author":2,"featured_media":263,"parent":0,"menu_order":0,"comment_status":"closed","ping_status":"closed","template":"","meta":{"om_disable_all_campaigns":false,"_monsterinsights_skip_tracking":false,"_monsterinsights_sitenote_active":false,"_monsterinsights_sitenote_note":"","_monsterinsights_sitenote_category":0,"footnotes":""},"class_list":["post-194","page","type-page","status-publish","has-post-thumbnail","hentry"],"aioseo_notices":[],"_links":{"self":[{"href":"https:\/\/bibliapresente.com\/postagens\/wp-json\/wp\/v2\/pages\/194","targetHints":{"allow":["GET"]}}],"collection":[{"href":"https:\/\/bibliapresente.com\/postagens\/wp-json\/wp\/v2\/pages"}],"about":[{"href":"https:\/\/bibliapresente.com\/postagens\/wp-json\/wp\/v2\/types\/page"}],"author":[{"embeddable":true,"href":"https:\/\/bibliapresente.com\/postagens\/wp-json\/wp\/v2\/users\/2"}],"replies":[{"embeddable":true,"href":"https:\/\/bibliapresente.com\/postagens\/wp-json\/wp\/v2\/comments?post=194"}],"version-history":[{"count":12,"href":"https:\/\/bibliapresente.com\/postagens\/wp-json\/wp\/v2\/pages\/194\/revisions"}],"predecessor-version":[{"id":2439,"href":"https:\/\/bibliapresente.com\/postagens\/wp-json\/wp\/v2\/pages\/194\/revisions\/2439"}],"wp:featuredmedia":[{"embeddable":true,"href":"https:\/\/bibliapresente.com\/postagens\/wp-json\/wp\/v2\/media\/263"}],"wp:attachment":[{"href":"https:\/\/bibliapresente.com\/postagens\/wp-json\/wp\/v2\/media?parent=194"}],"curies":[{"name":"wp","href":"https:\/\/api.w.org\/{rel}","templated":true}]}}