{"id":1869,"date":"2025-02-03T17:23:55","date_gmt":"2025-02-03T20:23:55","guid":{"rendered":"https:\/\/bibliapresente.com\/postagens\/?page_id=1032"},"modified":"2025-02-10T16:22:17","modified_gmt":"2025-02-10T19:22:17","slug":"josue-1","status":"publish","type":"page","link":"https:\/\/bibliapresente.com\/postagens\/livros-da-biblia\/josue\/josue-1\/","title":{"rendered":"Josu\u00e9 1 &#8211; Gratid\u00e3o e s\u00faplica ao Deus fiel"},"content":{"rendered":"\n<p class=\"has-medium-font-size\" style=\"letter-spacing:1px\"><span><span><sup><b>1<\/b><\/sup><\/span> Esperei com esperan\u00e7a no SENHOR, e ele se inclinou a mim, e ouviu o meu clamor. \n<\/span><span><span><sup><b>2<\/b><\/sup><\/span> Ele me tirou de uma cova de tormento, de um lamaceiro de barro; e p\u00f4s os meus p\u00e9s sobre uma rocha; ele firmou meus passos. \n<\/span><span><span><sup><b>3<\/b><\/sup><\/span> E p\u00f4s em minha boca uma can\u00e7\u00e3o nova, um louvor para nosso Deus: muitos [o] ver\u00e3o, e temer\u00e3o, e confiar\u00e3o no SENHOR. \n<\/span><span><span><sup><b>4<\/b><\/sup><\/span> Bem-aventurado [\u00e9] o homem que p\u00f5e no SENHOR sua confian\u00e7a; e n\u00e3o d\u00e1 aten\u00e7\u00e3o aos arrogantes e aos que caminham em dire\u00e7\u00e3o \u00e0 mentira. \n<\/span><span><span><sup><b>5<\/b><\/sup><\/span> Tu, SENHOR meu Deus, multiplicaste para conosco tuas maravilhas e teus planos; eles n\u00e3o podem ser contados em ordem diante de ti; se eu [tentasse] cont\u00e1-los e fal\u00e1-los, eles s\u00e3o muito mais do que incont\u00e1veis. \n<\/span><span><span><sup><b>6<\/b><\/sup><\/span> Tu n\u00e3o te agradaste de sacrif\u00edcio e oferta; [por\u00e9m] tu me furaste as orelhas; tu n\u00e3o pediste nem oferta de queima nem oferta para expia\u00e7\u00e3o de pecado. \n<\/span><span><span><sup><b>7<\/b><\/sup><\/span> Ent\u00e3o eu disse: Eis que venho; no rolo do livro est\u00e1 escrito sobre mim. \n<\/span><span><span><sup><b>8<\/b><\/sup><\/span> Meu Deus, eu desejo fazer a tua vontade; e tua Lei est\u00e1 no meio dos meus sentimentos. \n<\/span><span><span><sup><b>9<\/b><\/sup><\/span> Eu anuncio a justi\u00e7a na grande congrega\u00e7\u00e3o; eis que n\u00e3o retenho meus l\u00e1bios; tu, SENHOR sabes [disso] . \n<\/span><span><span><sup><b>10<\/b><\/sup><\/span> Eu n\u00e3o escondo tua justi\u00e7a no meio de meu cora\u00e7\u00e3o; eu declaro tua fidelidade e tua salva\u00e7\u00e3o; n\u00e3o escondo tua bondade e tua verdade na grande congrega\u00e7\u00e3o. \n<\/span><span><span><sup><b>11<\/b><\/sup><\/span> Tu, SENHOR, n\u00e3o detenhas para comigo tuas miseric\u00f3rdias; tua bondade e tua fidelidade me guardem continuamente. \n<\/span><span><span><sup><b>12<\/b><\/sup><\/span> Porque in\u00fameros males me cercaram; minhas maldades me prenderam, e eu n\u00e3o pude as ver; elas s\u00e3o muito mais do que os cabelos de minha cabe\u00e7a, e meu cora\u00e7\u00e3o me desamparou. \n<\/span><span><span><sup><b>13<\/b><\/sup><\/span> Seja agrad\u00e1vel para ti, SENHOR, tu me livrares; SENHOR, apressa-te ao meu socorro. \n<\/span><span><span><sup><b>14<\/b><\/sup><\/span> Envergonhem-se, e sejam juntamente humilhados os que buscam a minha alma para a destru\u00edrem; tornem-se para tr\u00e1s e sejam envergonhados os que querem o meu mal. \n<\/span><span><span><sup><b>15<\/b><\/sup><\/span> Sejam eles assolados como pagamento de sua humilha\u00e7\u00e3o, os que dizem de mim: \u201cHa-ha!\u201d \n<\/span><span><span><sup><b>16<\/b><\/sup><\/span> Fiquem contentes e se alegrem-se em ti todos aqueles que te buscam; digam continuamente os que amam tua salva\u00e7\u00e3o: Engrandecido seja o SENHOR! \n<\/span><span><span><sup><b>17<\/b><\/sup><\/span> E eu [estou] miser\u00e1vel e necessitado; [mas] o SENHOR cuida de mim; tu [\u00e9s] meu socorro e meu libertador; Deus meu, n\u00e3o demores.\n<\/span><\/p>\n\n\n\n<div class=\"wp-block-columns is-layout-flex wp-container-core-columns-is-layout-9d6595d7 wp-block-columns-is-layout-flex\">\n<div class=\"wp-block-column is-layout-flow wp-block-column-is-layout-flow\">\n<p><a href=\"\/salmo-39\">Salmo 39<\/a><\/p>\n<\/div>\n\n\n\n<div class=\"wp-block-column is-layout-flow wp-block-column-is-layout-flow\">\n<p class=\"has-text-align-right\"><a href=\"\/salmo-41\">Salmo 41<\/a><\/p>\n<\/div>\n<\/div>\n\n\n\n<h2 class=\"wp-block-heading\">Descri\u00e7\u00e3o &#8211; Josu\u00e9 1<\/h2>\n\n\n\n<p class=\"has-medium-font-size\">Josu\u00e9 1 marca o in\u00edcio da lideran\u00e7a de Josu\u00e9 ap\u00f3s a morte de Mois\u00e9s. Deus o encoraja a assumir a miss\u00e3o de conduzir Israel \u00e0 Terra Prometida, garantindo Sua presen\u00e7a e fidelidade. O cap\u00edtulo enfatiza a import\u00e2ncia da coragem e da obedi\u00eancia \u00e0 Lei, destacando que o sucesso vem da medita\u00e7\u00e3o constante na Palavra de Deus. Josu\u00e9 transmite as ordens ao povo, preparando-os para atravessar o Jord\u00e3o. As tribos de R\u00faben, Gade e metade de Manass\u00e9s reafirmam sua lealdade. Esse cap\u00edtulo estabelece o tom do livro, enfatizando f\u00e9, lideran\u00e7a e o cumprimento das promessas divinas.<\/p>\n\n\n\n<h3 class=\"wp-block-heading\">Livro de Josu\u00e9:<\/h3>\n\n\n<ul class=\"wp-block-page-list\"><li class=\"wp-block-pages-list__item\"><a class=\"wp-block-pages-list__item__link\" href=\"https:\/\/bibliapresente.com\/postagens\/livros-da-biblia\/josue\/josue-1\/\">Josu\u00e9 1 &#8211; Gratid\u00e3o e s\u00faplica ao Deus fiel<\/a><\/li><\/ul>\n\n\n<p><\/p>\n","protected":false},"excerpt":{"rendered":"<p>1 Esperei com esperan\u00e7a no SENHOR, e ele se inclinou a mim, e ouviu o meu clamor. 2 Ele me tirou de uma cova de tormento, de um lamaceiro de barro; e p\u00f4s os meus p\u00e9s sobre uma rocha; ele firmou meus passos. 3 E p\u00f4s em minha boca uma can\u00e7\u00e3o nova, um louvor para &hellip; <\/p>\n","protected":false},"author":2,"featured_media":713,"parent":1865,"menu_order":1,"comment_status":"closed","ping_status":"closed","template":"","meta":{"om_disable_all_campaigns":false,"_monsterinsights_skip_tracking":false,"_monsterinsights_sitenote_active":false,"_monsterinsights_sitenote_note":"","_monsterinsights_sitenote_category":0,"footnotes":""},"class_list":["post-1869","page","type-page","status-publish","has-post-thumbnail","hentry"],"aioseo_notices":[],"_links":{"self":[{"href":"https:\/\/bibliapresente.com\/postagens\/wp-json\/wp\/v2\/pages\/1869","targetHints":{"allow":["GET"]}}],"collection":[{"href":"https:\/\/bibliapresente.com\/postagens\/wp-json\/wp\/v2\/pages"}],"about":[{"href":"https:\/\/bibliapresente.com\/postagens\/wp-json\/wp\/v2\/types\/page"}],"author":[{"embeddable":true,"href":"https:\/\/bibliapresente.com\/postagens\/wp-json\/wp\/v2\/users\/2"}],"replies":[{"embeddable":true,"href":"https:\/\/bibliapresente.com\/postagens\/wp-json\/wp\/v2\/comments?post=1869"}],"version-history":[{"count":1,"href":"https:\/\/bibliapresente.com\/postagens\/wp-json\/wp\/v2\/pages\/1869\/revisions"}],"predecessor-version":[{"id":1870,"href":"https:\/\/bibliapresente.com\/postagens\/wp-json\/wp\/v2\/pages\/1869\/revisions\/1870"}],"up":[{"embeddable":true,"href":"https:\/\/bibliapresente.com\/postagens\/wp-json\/wp\/v2\/pages\/1865"}],"wp:featuredmedia":[{"embeddable":true,"href":"https:\/\/bibliapresente.com\/postagens\/wp-json\/wp\/v2\/media\/713"}],"wp:attachment":[{"href":"https:\/\/bibliapresente.com\/postagens\/wp-json\/wp\/v2\/media?parent=1869"}],"curies":[{"name":"wp","href":"https:\/\/api.w.org\/{rel}","templated":true}]}}